{"id":1217,"date":"2024-05-24T15:00:00","date_gmt":"2024-05-24T13:00:00","guid":{"rendered":"https:\/\/www.foretadrenaline.com\/carnac\/?page_id=1217"},"modified":"2024-07-04T14:28:18","modified_gmt":"2024-07-04T12:28:18","slug":"a-family-activity","status":"publish","type":"page","link":"https:\/\/www.foretadrenaline.com\/carnac\/en\/a-family-activity\/","title":{"rendered":"Let&#8217;s celebrate 20 years of adventure together !"},"content":{"rendered":"\n<p>Come and spend an unforgettable moment with family or friends.<\/p>\n\n\n\n<h3 class=\"wp-block-heading has-text-align-center\">Already 20 years&#8230;<\/h3>\n\n\n\n<p>Twenty years ago, we opened the doors of Carnac Park with the ambition of offering our guests a sensational and memorable experience in the heart of nature. Since its inauguration in 2004, Forest Adrenaline has welcomed numerous adventurers for unforgettable moments. Our tree-climbing parks have become must-visit destinations for adrenaline enthusiasts of all ages.<\/p>\n\n\n\n<figure class=\"wp-block-gallery has-nested-images columns-default is-cropped wp-block-gallery-1 is-layout-flex wp-block-gallery-is-layout-flex\">\n<figure class=\"wp-block-image size-large\"><img loading=\"lazy\" decoding=\"async\" width=\"1024\" height=\"683\" data-id=\"6930\" src=\"https:\/\/www.foretadrenaline.com\/carnac\/wp-content\/uploads\/sites\/2\/2024\/02\/studio4k-67-1024x683.jpg\" alt=\"l'accrobranche pour les petits\" class=\"wp-image-6930\" srcset=\"https:\/\/www.foretadrenaline.com\/carnac\/wp-content\/uploads\/sites\/2\/2024\/02\/studio4k-67-1024x683.jpg 1024w, https:\/\/www.foretadrenaline.com\/carnac\/wp-content\/uploads\/sites\/2\/2024\/02\/studio4k-67-300x200.jpg 300w, https:\/\/www.foretadrenaline.com\/carnac\/wp-content\/uploads\/sites\/2\/2024\/02\/studio4k-67-768x512.jpg 768w, https:\/\/www.foretadrenaline.com\/carnac\/wp-content\/uploads\/sites\/2\/2024\/02\/studio4k-67-1536x1024.jpg 1536w, https:\/\/www.foretadrenaline.com\/carnac\/wp-content\/uploads\/sites\/2\/2024\/02\/studio4k-67-scaled.jpg 2048w, https:\/\/www.foretadrenaline.com\/carnac\/wp-content\/uploads\/sites\/2\/2024\/02\/studio4k-67-1200x800.jpg 1200w\" sizes=\"auto, (max-width: 1024px) 100vw, 1024px\" \/><\/figure>\n\n\n\n<figure class=\"wp-block-image size-large\"><img loading=\"lazy\" decoding=\"async\" width=\"1024\" height=\"683\" data-id=\"6940\" src=\"https:\/\/www.foretadrenaline.com\/carnac\/wp-content\/uploads\/sites\/2\/2024\/02\/studio4k-107-1-1024x683.jpg\" alt=\"adr\u00e9naline\" class=\"wp-image-6940\" srcset=\"https:\/\/www.foretadrenaline.com\/carnac\/wp-content\/uploads\/sites\/2\/2024\/02\/studio4k-107-1-1024x683.jpg 1024w, https:\/\/www.foretadrenaline.com\/carnac\/wp-content\/uploads\/sites\/2\/2024\/02\/studio4k-107-1-300x200.jpg 300w, https:\/\/www.foretadrenaline.com\/carnac\/wp-content\/uploads\/sites\/2\/2024\/02\/studio4k-107-1-768x512.jpg 768w, https:\/\/www.foretadrenaline.com\/carnac\/wp-content\/uploads\/sites\/2\/2024\/02\/studio4k-107-1-1536x1024.jpg 1536w, https:\/\/www.foretadrenaline.com\/carnac\/wp-content\/uploads\/sites\/2\/2024\/02\/studio4k-107-1-scaled.jpg 2048w, https:\/\/www.foretadrenaline.com\/carnac\/wp-content\/uploads\/sites\/2\/2024\/02\/studio4k-107-1-1200x800.jpg 1200w\" sizes=\"auto, (max-width: 1024px) 100vw, 1024px\" \/><\/figure>\n\n\n\n<figure class=\"wp-block-image size-large\"><img loading=\"lazy\" decoding=\"async\" width=\"683\" height=\"1024\" data-id=\"7332\" src=\"https:\/\/www.foretadrenaline.com\/carnac\/wp-content\/uploads\/sites\/2\/2024\/05\/Castor-1-683x1024.jpg\" alt=\"\" class=\"wp-image-7332\" srcset=\"https:\/\/www.foretadrenaline.com\/carnac\/wp-content\/uploads\/sites\/2\/2024\/05\/Castor-1-683x1024.jpg 683w, https:\/\/www.foretadrenaline.com\/carnac\/wp-content\/uploads\/sites\/2\/2024\/05\/Castor-1-200x300.jpg 200w, https:\/\/www.foretadrenaline.com\/carnac\/wp-content\/uploads\/sites\/2\/2024\/05\/Castor-1-768x1152.jpg 768w, https:\/\/www.foretadrenaline.com\/carnac\/wp-content\/uploads\/sites\/2\/2024\/05\/Castor-1-1024x1536.jpg 1024w, https:\/\/www.foretadrenaline.com\/carnac\/wp-content\/uploads\/sites\/2\/2024\/05\/Castor-1-scaled.jpg 1365w, https:\/\/www.foretadrenaline.com\/carnac\/wp-content\/uploads\/sites\/2\/2024\/05\/Castor-1-1200x1800.jpg 1200w\" sizes=\"auto, (max-width: 683px) 100vw, 683px\" \/><\/figure>\n<\/figure>\n\n\n\n<h3 class=\"wp-block-heading has-text-align-center\">20 years, it&#8217;s time to celebrate! A birthday filled with surprises<\/h3>\n\n\n\n<p>Today, we celebrate two decades of laughter and shared memories in the trees across our 3 adventure parks, and for our 20th anniversary, we have planned to celebrate this birthday properly ! On the agenda, exceptional events that will delight both young and old.<\/p>\n\n\n\n<p>Here&#8217;s a glimpse of what we will offer :<\/p>\n\n\n\n<ul class=\"wp-block-list\">\n<li>Open days for businesses and schools in April<\/li>\n\n\n\n<li>Opening the park in the evening (summer and Halloween) for an unforgettable nighttime activity in the heart of the forest !<\/li>\n\n\n\n<li>This summer, we will offer an on-site food truck meal deal <a href=\"https:\/\/www.instagram.com\/siblings.crepes\/\" target=\"_blank\" rel=\"noreferrer noopener\">@siblings.crepes<\/a> : delicious crepes and galettes to enjoy after a well-deserved tree-climbing session.<\/li>\n<\/ul>\n\n\n\n<figure class=\"wp-block-gallery has-nested-images columns-default is-cropped wp-block-gallery-2 is-layout-flex wp-block-gallery-is-layout-flex\">\n<figure class=\"wp-block-image size-large\"><img loading=\"lazy\" decoding=\"async\" width=\"768\" height=\"1024\" data-id=\"7350\" src=\"https:\/\/www.foretadrenaline.com\/carnac\/wp-content\/uploads\/sites\/2\/2024\/05\/Siblingscrepes-1-768x1024.jpg\" alt=\"\" class=\"wp-image-7350\" srcset=\"https:\/\/www.foretadrenaline.com\/carnac\/wp-content\/uploads\/sites\/2\/2024\/05\/Siblingscrepes-1-768x1024.jpg 768w, https:\/\/www.foretadrenaline.com\/carnac\/wp-content\/uploads\/sites\/2\/2024\/05\/Siblingscrepes-1-225x300.jpg 225w, https:\/\/www.foretadrenaline.com\/carnac\/wp-content\/uploads\/sites\/2\/2024\/05\/Siblingscrepes-1-1152x1536.jpg 1152w, https:\/\/www.foretadrenaline.com\/carnac\/wp-content\/uploads\/sites\/2\/2024\/05\/Siblingscrepes-1-1200x1600.jpg 1200w, https:\/\/www.foretadrenaline.com\/carnac\/wp-content\/uploads\/sites\/2\/2024\/05\/Siblingscrepes-1.jpg 1512w\" sizes=\"auto, (max-width: 768px) 100vw, 768px\" \/><\/figure>\n\n\n\n<figure class=\"wp-block-image size-large\"><img loading=\"lazy\" decoding=\"async\" width=\"768\" height=\"1024\" data-id=\"7348\" src=\"https:\/\/www.foretadrenaline.com\/carnac\/wp-content\/uploads\/sites\/2\/2024\/05\/Siblingscrepes-2-768x1024.jpg\" alt=\"\" class=\"wp-image-7348\" srcset=\"https:\/\/www.foretadrenaline.com\/carnac\/wp-content\/uploads\/sites\/2\/2024\/05\/Siblingscrepes-2-768x1024.jpg 768w, https:\/\/www.foretadrenaline.com\/carnac\/wp-content\/uploads\/sites\/2\/2024\/05\/Siblingscrepes-2-225x300.jpg 225w, https:\/\/www.foretadrenaline.com\/carnac\/wp-content\/uploads\/sites\/2\/2024\/05\/Siblingscrepes-2-1152x1536.jpg 1152w, https:\/\/www.foretadrenaline.com\/carnac\/wp-content\/uploads\/sites\/2\/2024\/05\/Siblingscrepes-2-scaled.jpg 1536w, https:\/\/www.foretadrenaline.com\/carnac\/wp-content\/uploads\/sites\/2\/2024\/05\/Siblingscrepes-2-1200x1600.jpg 1200w\" sizes=\"auto, (max-width: 768px) 100vw, 768px\" \/><\/figure>\n\n\n\n<figure class=\"wp-block-image size-large\"><img loading=\"lazy\" decoding=\"async\" width=\"768\" height=\"1024\" data-id=\"7346\" src=\"https:\/\/www.foretadrenaline.com\/carnac\/wp-content\/uploads\/sites\/2\/2024\/05\/Siblingscrepes-768x1024.jpg\" alt=\"\" class=\"wp-image-7346\" srcset=\"https:\/\/www.foretadrenaline.com\/carnac\/wp-content\/uploads\/sites\/2\/2024\/05\/Siblingscrepes-768x1024.jpg 768w, https:\/\/www.foretadrenaline.com\/carnac\/wp-content\/uploads\/sites\/2\/2024\/05\/Siblingscrepes-225x300.jpg 225w, https:\/\/www.foretadrenaline.com\/carnac\/wp-content\/uploads\/sites\/2\/2024\/05\/Siblingscrepes-1152x1536.jpg 1152w, https:\/\/www.foretadrenaline.com\/carnac\/wp-content\/uploads\/sites\/2\/2024\/05\/Siblingscrepes-1200x1600.jpg 1200w, https:\/\/www.foretadrenaline.com\/carnac\/wp-content\/uploads\/sites\/2\/2024\/05\/Siblingscrepes.jpg 1512w\" sizes=\"auto, (max-width: 768px) 100vw, 768px\" \/><\/figure>\n<\/figure>\n\n\n\n<hr class=\"wp-block-separator has-alpha-channel-opacity\" \/>\n\n\n\n<p>Furthermore, as thrill-seekers immersed in the great outdoors, we are always on the lookout for new ideas to push the boundaries of adventure. This year, we are proud to present our two new activities (reserved for groups) :<\/p>\n\n\n\n<ul class=\"wp-block-list\">\n<li><strong>ESCAPE GAME \/ Forbidden Archaeology<\/strong><\/li>\n<\/ul>\n\n\n\n<p>Dive into the heart of an exhilarating adventure where you&#8217;ll need to solve puzzles and search for clues to uncover mysteries. Starting from 4 people, you have 1 hour to explore, decipher codes, and thwart the traps that lie in your path.<\/p>\n\n\n\n<ul class=\"wp-block-list\">\n<li><strong>ESCAPE GAME &amp; ARCHERY \/ The Mystery of the Vikings<\/strong><\/li>\n<\/ul>\n\n\n\n<p>Embark on an immersive and thrilling experience for 2 people or more, where you&#8217;ll be transported for 1.5 hours into the world of Vikings. Every minute counts to unravel traps and find the solution. In addition to your problem-solving skills, you can also test your archery skills during archery sessions that will spice up your adventure.<\/p>\n\n\n\n<figure class=\"wp-block-gallery has-nested-images columns-default is-cropped wp-block-gallery-3 is-layout-flex wp-block-gallery-is-layout-flex\">\n<figure class=\"wp-block-image size-large\"><img loading=\"lazy\" decoding=\"async\" width=\"1024\" height=\"683\" data-id=\"7295\" src=\"https:\/\/www.foretadrenaline.com\/carnac\/wp-content\/uploads\/sites\/2\/2024\/05\/IMG_9633-1024x683.jpg\" alt=\"\" class=\"wp-image-7295\" srcset=\"https:\/\/www.foretadrenaline.com\/carnac\/wp-content\/uploads\/sites\/2\/2024\/05\/IMG_9633-1024x683.jpg 1024w, https:\/\/www.foretadrenaline.com\/carnac\/wp-content\/uploads\/sites\/2\/2024\/05\/IMG_9633-300x200.jpg 300w, https:\/\/www.foretadrenaline.com\/carnac\/wp-content\/uploads\/sites\/2\/2024\/05\/IMG_9633-768x512.jpg 768w, https:\/\/www.foretadrenaline.com\/carnac\/wp-content\/uploads\/sites\/2\/2024\/05\/IMG_9633-1536x1024.jpg 1536w, https:\/\/www.foretadrenaline.com\/carnac\/wp-content\/uploads\/sites\/2\/2024\/05\/IMG_9633-scaled.jpg 2048w, https:\/\/www.foretadrenaline.com\/carnac\/wp-content\/uploads\/sites\/2\/2024\/05\/IMG_9633-1200x800.jpg 1200w\" sizes=\"auto, (max-width: 1024px) 100vw, 1024px\" \/><\/figure>\n\n\n\n<figure class=\"wp-block-image size-large\"><img loading=\"lazy\" decoding=\"async\" width=\"1024\" height=\"683\" data-id=\"7297\" src=\"https:\/\/www.foretadrenaline.com\/carnac\/wp-content\/uploads\/sites\/2\/2024\/05\/IMG_9592-1024x683.jpg\" alt=\"\" class=\"wp-image-7297\" srcset=\"https:\/\/www.foretadrenaline.com\/carnac\/wp-content\/uploads\/sites\/2\/2024\/05\/IMG_9592-1024x683.jpg 1024w, https:\/\/www.foretadrenaline.com\/carnac\/wp-content\/uploads\/sites\/2\/2024\/05\/IMG_9592-300x200.jpg 300w, https:\/\/www.foretadrenaline.com\/carnac\/wp-content\/uploads\/sites\/2\/2024\/05\/IMG_9592-768x512.jpg 768w, https:\/\/www.foretadrenaline.com\/carnac\/wp-content\/uploads\/sites\/2\/2024\/05\/IMG_9592-1536x1025.jpg 1536w, https:\/\/www.foretadrenaline.com\/carnac\/wp-content\/uploads\/sites\/2\/2024\/05\/IMG_9592-scaled.jpg 2048w, https:\/\/www.foretadrenaline.com\/carnac\/wp-content\/uploads\/sites\/2\/2024\/05\/IMG_9592-1200x800.jpg 1200w\" sizes=\"auto, (max-width: 1024px) 100vw, 1024px\" \/><\/figure>\n<\/figure>\n\n\n\n<hr class=\"wp-block-separator has-alpha-channel-opacity\" \/>\n\n\n\n<h3 class=\"wp-block-heading has-text-align-center\">Come join us to celebrate our 20 years of adventures, emotions, and laughter.<\/h3>\n\n\n\n<p>his year promises to be exceptional, and we are delighted to share it with you. Thank you for your support and loyalty, and here&#8217;s to 20 years of our treetop adventure park!<\/p>\n\n\n\n<p>But that&#8217;s not all, because we have plenty more surprises in store&#8230; We&#8217;ll tell you more in a few weeks&#8230; Stay tuned to our social media channels.<\/p>\n\n\n\n<figure class=\"wp-block-image size-large\"><img loading=\"lazy\" decoding=\"async\" width=\"1024\" height=\"683\" src=\"https:\/\/www.foretadrenaline.com\/carnac\/wp-content\/uploads\/sites\/2\/2024\/02\/Piscine-a-balle-1024x683.jpg\" alt=\"\" class=\"wp-image-6839\" srcset=\"https:\/\/www.foretadrenaline.com\/carnac\/wp-content\/uploads\/sites\/2\/2024\/02\/Piscine-a-balle-1024x683.jpg 1024w, https:\/\/www.foretadrenaline.com\/carnac\/wp-content\/uploads\/sites\/2\/2024\/02\/Piscine-a-balle-300x200.jpg 300w, https:\/\/www.foretadrenaline.com\/carnac\/wp-content\/uploads\/sites\/2\/2024\/02\/Piscine-a-balle-768x512.jpg 768w, https:\/\/www.foretadrenaline.com\/carnac\/wp-content\/uploads\/sites\/2\/2024\/02\/Piscine-a-balle-1536x1024.jpg 1536w, https:\/\/www.foretadrenaline.com\/carnac\/wp-content\/uploads\/sites\/2\/2024\/02\/Piscine-a-balle-scaled.jpg 2048w, https:\/\/www.foretadrenaline.com\/carnac\/wp-content\/uploads\/sites\/2\/2024\/02\/Piscine-a-balle-1200x800.jpg 1200w\" sizes=\"auto, (max-width: 1024px) 100vw, 1024px\" \/><\/figure>\n","protected":false},"excerpt":{"rendered":"<p>Come and spend an unforgettable moment with family or friends. Already 20 years&#8230; Twenty years ago, we opened the doors of Carnac Park with the ambition of offering our guests a sensational and memorable experience in the heart of nature. Since its inauguration in 2004, Forest Adrenaline has welcomed numerous adventurers for unforgettable moments. Our&hellip;<\/p>\n","protected":false},"author":2,"featured_media":7952,"parent":0,"menu_order":0,"comment_status":"closed","ping_status":"closed","template":"","meta":{"_acf_changed":false,"footnotes":""},"class_list":["post-1217","page","type-page","status-publish","has-post-thumbnail","hentry"],"acf":[],"yoast_head":"<!-- This site is optimized with the Yoast SEO plugin v27.5 - https:\/\/yoast.com\/product\/yoast-seo-wordpress\/ -->\n<title>Forest Adrenaline celebrates 20 years of adventure<\/title>\n<meta name=\"description\" content=\"Twenty years ago, we opened the doors of Carnac Park with the ambition of providing our customers with a sensational experience.\" \/>\n<meta name=\"robots\" content=\"index, follow, max-snippet:-1, max-image-preview:large, max-video-preview:-1\" \/>\n<link rel=\"canonical\" href=\"https:\/\/www.foretadrenaline.com\/carnac\/en\/a-family-activity\/\" \/>\n<meta property=\"og:locale\" content=\"en_US\" \/>\n<meta property=\"og:type\" content=\"article\" \/>\n<meta property=\"og:title\" content=\"Forest Adrenaline celebrates 20 years of adventure\" \/>\n<meta property=\"og:description\" content=\"Twenty years ago, we opened the doors of Carnac Park with the ambition of providing our customers with a sensational experience.\" \/>\n<meta property=\"og:url\" content=\"https:\/\/www.foretadrenaline.com\/carnac\/en\/a-family-activity\/\" \/>\n<meta property=\"og:site_name\" content=\"For\u00eat Adr\u00e9naline - Carnac\" \/>\n<meta property=\"article:publisher\" content=\"https:\/\/www.facebook.com\/foretadrenaline.carnac\/\" \/>\n<meta property=\"article:modified_time\" content=\"2024-07-04T12:28:18+00:00\" \/>\n<meta property=\"og:image\" content=\"https:\/\/www.foretadrenaline.com\/carnac\/wp-content\/uploads\/sites\/2\/2024\/02\/Corsaire-Aventure-Tyro-Corsaire-Tyro-Mat-@Ronan-Poder-scaled.jpg\" \/>\n\t<meta property=\"og:image:width\" content=\"2048\" \/>\n\t<meta property=\"og:image:height\" content=\"1365\" \/>\n\t<meta property=\"og:image:type\" content=\"image\/jpeg\" \/>\n<meta name=\"twitter:card\" content=\"summary_large_image\" \/>\n<meta name=\"twitter:label1\" content=\"Est. reading time\" \/>\n\t<meta name=\"twitter:data1\" content=\"5 minutes\" \/>\n<script type=\"application\/ld+json\" class=\"yoast-schema-graph\">{\"@context\":\"https:\\\/\\\/schema.org\",\"@graph\":[{\"@type\":\"WebPage\",\"@id\":\"https:\\\/\\\/www.foretadrenaline.com\\\/carnac\\\/en\\\/a-family-activity\\\/\",\"url\":\"https:\\\/\\\/www.foretadrenaline.com\\\/carnac\\\/en\\\/a-family-activity\\\/\",\"name\":\"Forest Adrenaline celebrates 20 years of adventure\",\"isPartOf\":{\"@id\":\"https:\\\/\\\/www.foretadrenaline.com\\\/carnac\\\/en\\\/#website\"},\"primaryImageOfPage\":{\"@id\":\"https:\\\/\\\/www.foretadrenaline.com\\\/carnac\\\/en\\\/a-family-activity\\\/#primaryimage\"},\"image\":{\"@id\":\"https:\\\/\\\/www.foretadrenaline.com\\\/carnac\\\/en\\\/a-family-activity\\\/#primaryimage\"},\"thumbnailUrl\":\"https:\\\/\\\/www.foretadrenaline.com\\\/carnac\\\/wp-content\\\/uploads\\\/sites\\\/2\\\/2025\\\/01\\\/Foret-Adrenaline_tyrolienne-impressionnante_@IMADGIN-scaled.jpg\",\"datePublished\":\"2024-05-24T13:00:00+00:00\",\"dateModified\":\"2024-07-04T12:28:18+00:00\",\"description\":\"Twenty years ago, we opened the doors of Carnac Park with the ambition of providing our customers with a sensational experience.\",\"breadcrumb\":{\"@id\":\"https:\\\/\\\/www.foretadrenaline.com\\\/carnac\\\/en\\\/a-family-activity\\\/#breadcrumb\"},\"inLanguage\":\"en-US\",\"potentialAction\":[{\"@type\":\"ReadAction\",\"target\":[\"https:\\\/\\\/www.foretadrenaline.com\\\/carnac\\\/en\\\/a-family-activity\\\/\"]}]},{\"@type\":\"ImageObject\",\"inLanguage\":\"en-US\",\"@id\":\"https:\\\/\\\/www.foretadrenaline.com\\\/carnac\\\/en\\\/a-family-activity\\\/#primaryimage\",\"url\":\"https:\\\/\\\/www.foretadrenaline.com\\\/carnac\\\/wp-content\\\/uploads\\\/sites\\\/2\\\/2025\\\/01\\\/Foret-Adrenaline_tyrolienne-impressionnante_@IMADGIN-scaled.jpg\",\"contentUrl\":\"https:\\\/\\\/www.foretadrenaline.com\\\/carnac\\\/wp-content\\\/uploads\\\/sites\\\/2\\\/2025\\\/01\\\/Foret-Adrenaline_tyrolienne-impressionnante_@IMADGIN-scaled.jpg\",\"width\":2048,\"height\":1365},{\"@type\":\"BreadcrumbList\",\"@id\":\"https:\\\/\\\/www.foretadrenaline.com\\\/carnac\\\/en\\\/a-family-activity\\\/#breadcrumb\",\"itemListElement\":[{\"@type\":\"ListItem\",\"position\":1,\"name\":\"Accueil\",\"item\":\"https:\\\/\\\/www.foretadrenaline.com\\\/carnac\\\/en\\\/\"},{\"@type\":\"ListItem\",\"position\":2,\"name\":\"Let&rsquo;s celebrate 20 years of adventure together !\"}]},{\"@type\":\"WebSite\",\"@id\":\"https:\\\/\\\/www.foretadrenaline.com\\\/carnac\\\/en\\\/#website\",\"url\":\"https:\\\/\\\/www.foretadrenaline.com\\\/carnac\\\/en\\\/\",\"name\":\"For\u00eat Adr\u00e9naline - Carnac\",\"description\":\"Un site utilisant For\u00eat Adr\u00e9naline\",\"publisher\":{\"@id\":\"https:\\\/\\\/www.foretadrenaline.com\\\/carnac\\\/en\\\/#organization\"},\"potentialAction\":[{\"@type\":\"SearchAction\",\"target\":{\"@type\":\"EntryPoint\",\"urlTemplate\":\"https:\\\/\\\/www.foretadrenaline.com\\\/carnac\\\/en\\\/?s={search_term_string}\"},\"query-input\":{\"@type\":\"PropertyValueSpecification\",\"valueRequired\":true,\"valueName\":\"search_term_string\"}}],\"inLanguage\":\"en-US\"},{\"@type\":\"Organization\",\"@id\":\"https:\\\/\\\/www.foretadrenaline.com\\\/carnac\\\/en\\\/#organization\",\"name\":\"For\u00eat Adr\u00e9naline Carnac\",\"url\":\"https:\\\/\\\/www.foretadrenaline.com\\\/carnac\\\/en\\\/\",\"logo\":{\"@type\":\"ImageObject\",\"inLanguage\":\"en-US\",\"@id\":\"https:\\\/\\\/www.foretadrenaline.com\\\/carnac\\\/en\\\/#\\\/schema\\\/logo\\\/image\\\/\",\"url\":\"https:\\\/\\\/www.foretadrenaline.com\\\/carnac\\\/wp-content\\\/uploads\\\/sites\\\/2\\\/2019\\\/04\\\/ForetAdrenalineCarnac.png\",\"contentUrl\":\"https:\\\/\\\/www.foretadrenaline.com\\\/carnac\\\/wp-content\\\/uploads\\\/sites\\\/2\\\/2019\\\/04\\\/ForetAdrenalineCarnac.png\",\"width\":191,\"height\":173,\"caption\":\"For\u00eat Adr\u00e9naline Carnac\"},\"image\":{\"@id\":\"https:\\\/\\\/www.foretadrenaline.com\\\/carnac\\\/en\\\/#\\\/schema\\\/logo\\\/image\\\/\"},\"sameAs\":[\"https:\\\/\\\/www.facebook.com\\\/foretadrenaline.carnac\\\/\",\"https:\\\/\\\/www.instagram.com\\\/foretadrenaline\\\/\"]}]}<\/script>\n<!-- \/ Yoast SEO plugin. -->","yoast_head_json":{"title":"Forest Adrenaline celebrates 20 years of adventure","description":"Twenty years ago, we opened the doors of Carnac Park with the ambition of providing our customers with a sensational experience.","robots":{"index":"index","follow":"follow","max-snippet":"max-snippet:-1","max-image-preview":"max-image-preview:large","max-video-preview":"max-video-preview:-1"},"canonical":"https:\/\/www.foretadrenaline.com\/carnac\/en\/a-family-activity\/","og_locale":"en_US","og_type":"article","og_title":"Forest Adrenaline celebrates 20 years of adventure","og_description":"Twenty years ago, we opened the doors of Carnac Park with the ambition of providing our customers with a sensational experience.","og_url":"https:\/\/www.foretadrenaline.com\/carnac\/en\/a-family-activity\/","og_site_name":"For\u00eat Adr\u00e9naline - Carnac","article_publisher":"https:\/\/www.facebook.com\/foretadrenaline.carnac\/","article_modified_time":"2024-07-04T12:28:18+00:00","og_image":[{"width":2048,"height":1365,"url":"https:\/\/www.foretadrenaline.com\/carnac\/wp-content\/uploads\/sites\/2\/2024\/02\/Corsaire-Aventure-Tyro-Corsaire-Tyro-Mat-@Ronan-Poder-scaled.jpg","type":"image\/jpeg"}],"twitter_card":"summary_large_image","twitter_misc":{"Est. reading time":"5 minutes"},"schema":{"@context":"https:\/\/schema.org","@graph":[{"@type":"WebPage","@id":"https:\/\/www.foretadrenaline.com\/carnac\/en\/a-family-activity\/","url":"https:\/\/www.foretadrenaline.com\/carnac\/en\/a-family-activity\/","name":"Forest Adrenaline celebrates 20 years of adventure","isPartOf":{"@id":"https:\/\/www.foretadrenaline.com\/carnac\/en\/#website"},"primaryImageOfPage":{"@id":"https:\/\/www.foretadrenaline.com\/carnac\/en\/a-family-activity\/#primaryimage"},"image":{"@id":"https:\/\/www.foretadrenaline.com\/carnac\/en\/a-family-activity\/#primaryimage"},"thumbnailUrl":"https:\/\/www.foretadrenaline.com\/carnac\/wp-content\/uploads\/sites\/2\/2025\/01\/Foret-Adrenaline_tyrolienne-impressionnante_@IMADGIN-scaled.jpg","datePublished":"2024-05-24T13:00:00+00:00","dateModified":"2024-07-04T12:28:18+00:00","description":"Twenty years ago, we opened the doors of Carnac Park with the ambition of providing our customers with a sensational experience.","breadcrumb":{"@id":"https:\/\/www.foretadrenaline.com\/carnac\/en\/a-family-activity\/#breadcrumb"},"inLanguage":"en-US","potentialAction":[{"@type":"ReadAction","target":["https:\/\/www.foretadrenaline.com\/carnac\/en\/a-family-activity\/"]}]},{"@type":"ImageObject","inLanguage":"en-US","@id":"https:\/\/www.foretadrenaline.com\/carnac\/en\/a-family-activity\/#primaryimage","url":"https:\/\/www.foretadrenaline.com\/carnac\/wp-content\/uploads\/sites\/2\/2025\/01\/Foret-Adrenaline_tyrolienne-impressionnante_@IMADGIN-scaled.jpg","contentUrl":"https:\/\/www.foretadrenaline.com\/carnac\/wp-content\/uploads\/sites\/2\/2025\/01\/Foret-Adrenaline_tyrolienne-impressionnante_@IMADGIN-scaled.jpg","width":2048,"height":1365},{"@type":"BreadcrumbList","@id":"https:\/\/www.foretadrenaline.com\/carnac\/en\/a-family-activity\/#breadcrumb","itemListElement":[{"@type":"ListItem","position":1,"name":"Accueil","item":"https:\/\/www.foretadrenaline.com\/carnac\/en\/"},{"@type":"ListItem","position":2,"name":"Let&rsquo;s celebrate 20 years of adventure together !"}]},{"@type":"WebSite","@id":"https:\/\/www.foretadrenaline.com\/carnac\/en\/#website","url":"https:\/\/www.foretadrenaline.com\/carnac\/en\/","name":"For\u00eat Adr\u00e9naline - Carnac","description":"Un site utilisant For\u00eat Adr\u00e9naline","publisher":{"@id":"https:\/\/www.foretadrenaline.com\/carnac\/en\/#organization"},"potentialAction":[{"@type":"SearchAction","target":{"@type":"EntryPoint","urlTemplate":"https:\/\/www.foretadrenaline.com\/carnac\/en\/?s={search_term_string}"},"query-input":{"@type":"PropertyValueSpecification","valueRequired":true,"valueName":"search_term_string"}}],"inLanguage":"en-US"},{"@type":"Organization","@id":"https:\/\/www.foretadrenaline.com\/carnac\/en\/#organization","name":"For\u00eat Adr\u00e9naline Carnac","url":"https:\/\/www.foretadrenaline.com\/carnac\/en\/","logo":{"@type":"ImageObject","inLanguage":"en-US","@id":"https:\/\/www.foretadrenaline.com\/carnac\/en\/#\/schema\/logo\/image\/","url":"https:\/\/www.foretadrenaline.com\/carnac\/wp-content\/uploads\/sites\/2\/2019\/04\/ForetAdrenalineCarnac.png","contentUrl":"https:\/\/www.foretadrenaline.com\/carnac\/wp-content\/uploads\/sites\/2\/2019\/04\/ForetAdrenalineCarnac.png","width":191,"height":173,"caption":"For\u00eat Adr\u00e9naline Carnac"},"image":{"@id":"https:\/\/www.foretadrenaline.com\/carnac\/en\/#\/schema\/logo\/image\/"},"sameAs":["https:\/\/www.facebook.com\/foretadrenaline.carnac\/","https:\/\/www.instagram.com\/foretadrenaline\/"]}]}},"_links":{"self":[{"href":"https:\/\/www.foretadrenaline.com\/carnac\/en\/wp-json\/wp\/v2\/pages\/1217","targetHints":{"allow":["GET"]}}],"collection":[{"href":"https:\/\/www.foretadrenaline.com\/carnac\/en\/wp-json\/wp\/v2\/pages"}],"about":[{"href":"https:\/\/www.foretadrenaline.com\/carnac\/en\/wp-json\/wp\/v2\/types\/page"}],"author":[{"embeddable":true,"href":"https:\/\/www.foretadrenaline.com\/carnac\/en\/wp-json\/wp\/v2\/users\/2"}],"replies":[{"embeddable":true,"href":"https:\/\/www.foretadrenaline.com\/carnac\/en\/wp-json\/wp\/v2\/comments?post=1217"}],"version-history":[{"count":34,"href":"https:\/\/www.foretadrenaline.com\/carnac\/en\/wp-json\/wp\/v2\/pages\/1217\/revisions"}],"predecessor-version":[{"id":7597,"href":"https:\/\/www.foretadrenaline.com\/carnac\/en\/wp-json\/wp\/v2\/pages\/1217\/revisions\/7597"}],"wp:featuredmedia":[{"embeddable":true,"href":"https:\/\/www.foretadrenaline.com\/carnac\/en\/wp-json\/wp\/v2\/media\/7952"}],"wp:attachment":[{"href":"https:\/\/www.foretadrenaline.com\/carnac\/en\/wp-json\/wp\/v2\/media?parent=1217"}],"curies":[{"name":"wp","href":"https:\/\/api.w.org\/{rel}","templated":true}]}}