{"id":1274,"date":"2019-06-05T12:32:28","date_gmt":"2019-06-05T10:32:28","guid":{"rendered":"https:\/\/www.foretadrenaline.com\/carnac\/?page_id=1274"},"modified":"2026-04-01T14:02:45","modified_gmt":"2026-04-01T12:02:45","slug":"trampoforest","status":"publish","type":"page","link":"https:\/\/www.foretadrenaline.com\/carnac\/en\/trampoforest\/","title":{"rendered":"Tramp\u00d4forest\u00ae &amp; Tramp\u00d4ninja\u00ae"},"content":{"rendered":"\n<h2 class=\"wp-block-heading has-text-align-left\">Leisure park in Morbihan \u2013 discover the Tramp\u00d4forest\u00ae net adventure (from 4 years old)!<\/h2>\n\n\n\n<h3 class=\"wp-block-heading\"><strong>A fun-filled adventure full of surprises!<\/strong><\/h3>\n\n\n\n<p class=\"has-text-align-left\">Discover our <strong>Tramp\u00d4forest\u00ae net adventure course<\/strong> located at <strong><a href=\"https:\/\/www.foretadrenaline.com\/carnac\/en\/\" target=\"_blank\" rel=\"noreferrer noopener\">For\u00eat Adr\u00e9naline adventure park in Morbihan<\/a><\/strong>.<\/p>\n\n\n\n<p>With <strong>2,500 m\u00b2 of suspended nets<\/strong> and <strong>three play areas<\/strong>, enjoy a fun activity right in the heart of the forest.<\/p>\n\n\n\n<p class=\"has-text-align-left\">Accessible <strong>without a harness and from 4 years old<\/strong>, it\u2019s the perfect activity to enjoy <strong>with family or friends<\/strong>.<\/p>\n\n\n\n<figure class=\"wp-block-embed is-type-video is-provider-youtube wp-block-embed-youtube wp-embed-aspect-16-9 wp-has-aspect-ratio\"><div class=\"wp-block-embed__wrapper\">\n<div class=\"video-container youtube\" style=\"padding-bottom: 56.2%;\"><iframe loading=\"lazy\" title=\"TRAMPO FOREST V2\" width=\"500\" height=\"281\" src=\"https:\/\/www.youtube.com\/embed\/5L2SQfvNShI?feature=oembed&#038;enablejsapi=1&#038;origin=https:\/\/www.foretadrenaline.com\" frameborder=\"0\" allow=\"accelerometer; autoplay; clipboard-write; encrypted-media; gyroscope; picture-in-picture; web-share\" referrerpolicy=\"strict-origin-when-cross-origin\" allowfullscreen><\/iframe><\/div>\n<\/div><\/figure>\n\n\n\n<p>3 play areas in Tramp\u00d4forest\u00ae :<\/p>\n\n\n\n<ul class=\"wp-block-list\">\n<li><strong>The Spider (ages 4\u20136)<\/strong><br>A space specially designed for younger children with a <strong>ball pit, maze and net cage<\/strong> for safe and fun play.<\/li>\n<\/ul>\n\n\n\n<ul class=\"wp-block-list\">\n<li><strong>The Mygale (from 7 years old)<\/strong><br>At <strong>more than 8 meters high<\/strong>, explore over <strong>1,000 m\u00b2 of suspended nets<\/strong> with <strong>26 balance and agility challenges<\/strong>: suspended bridge, climbing wall and arch, tightrope, zip line\u2026<\/li>\n<\/ul>\n\n\n\n<ul class=\"wp-block-list\">\n<li><strong>The Kangaroo (from 7 years old)<\/strong><br>Four large rooms set <strong>more than 12 meters above the ground<\/strong> where you can jump, play and explore. Activities include <strong>slides, Kangooball and suspended labyrinths<\/strong>.<\/li>\n<\/ul>\n\n\n\n<p class=\"has-red-color has-text-color has-link-color wp-elements-8eafe364cff36cb3ea626d9590c1e255\"><em>\u26a0\ufe0f <strong>An adult accompanying the child at height is required for children aged 7 to 9.<\/strong><\/em><\/p>\n\n\n\n<div class=\"wp-block-columns is-layout-flex wp-container-core-columns-is-layout-9d6595d7 wp-block-columns-is-layout-flex\">\n<div class=\"wp-block-column is-layout-flow wp-block-column-is-layout-flow\" style=\"flex-basis:100%\">\n<figure class=\"wp-block-gallery has-nested-images columns-default is-cropped wp-block-gallery-1 is-layout-flex wp-block-gallery-is-layout-flex\">\n<figure class=\"wp-block-image size-large\"><img loading=\"lazy\" decoding=\"async\" width=\"1024\" height=\"683\" data-id=\"6837\" src=\"https:\/\/www.foretadrenaline.com\/carnac\/wp-content\/uploads\/sites\/2\/2024\/02\/Salle-TrampOforest-1024x683.jpg\" alt=\"\" class=\"wp-image-6837\" srcset=\"https:\/\/www.foretadrenaline.com\/carnac\/wp-content\/uploads\/sites\/2\/2024\/02\/Salle-TrampOforest-1024x683.jpg 1024w, https:\/\/www.foretadrenaline.com\/carnac\/wp-content\/uploads\/sites\/2\/2024\/02\/Salle-TrampOforest-300x200.jpg 300w, https:\/\/www.foretadrenaline.com\/carnac\/wp-content\/uploads\/sites\/2\/2024\/02\/Salle-TrampOforest-768x512.jpg 768w, https:\/\/www.foretadrenaline.com\/carnac\/wp-content\/uploads\/sites\/2\/2024\/02\/Salle-TrampOforest-1536x1024.jpg 1536w, https:\/\/www.foretadrenaline.com\/carnac\/wp-content\/uploads\/sites\/2\/2024\/02\/Salle-TrampOforest-scaled.jpg 2048w, https:\/\/www.foretadrenaline.com\/carnac\/wp-content\/uploads\/sites\/2\/2024\/02\/Salle-TrampOforest-1200x800.jpg 1200w\" sizes=\"auto, (max-width: 1024px) 100vw, 1024px\" \/><\/figure>\n\n\n\n<figure class=\"wp-block-image size-large\"><img loading=\"lazy\" decoding=\"async\" width=\"1024\" height=\"683\" data-id=\"6849\" src=\"https:\/\/www.foretadrenaline.com\/carnac\/wp-content\/uploads\/sites\/2\/2024\/02\/studio4k-213-1024x683.jpg\" alt=\"\" class=\"wp-image-6849\" srcset=\"https:\/\/www.foretadrenaline.com\/carnac\/wp-content\/uploads\/sites\/2\/2024\/02\/studio4k-213-1024x683.jpg 1024w, https:\/\/www.foretadrenaline.com\/carnac\/wp-content\/uploads\/sites\/2\/2024\/02\/studio4k-213-300x200.jpg 300w, https:\/\/www.foretadrenaline.com\/carnac\/wp-content\/uploads\/sites\/2\/2024\/02\/studio4k-213-768x512.jpg 768w, https:\/\/www.foretadrenaline.com\/carnac\/wp-content\/uploads\/sites\/2\/2024\/02\/studio4k-213-1536x1024.jpg 1536w, https:\/\/www.foretadrenaline.com\/carnac\/wp-content\/uploads\/sites\/2\/2024\/02\/studio4k-213-scaled.jpg 2048w, https:\/\/www.foretadrenaline.com\/carnac\/wp-content\/uploads\/sites\/2\/2024\/02\/studio4k-213-1200x800.jpg 1200w\" sizes=\"auto, (max-width: 1024px) 100vw, 1024px\" \/><\/figure>\n\n\n\n<figure class=\"wp-block-image size-large\"><img loading=\"lazy\" decoding=\"async\" width=\"1024\" height=\"683\" data-id=\"6839\" src=\"https:\/\/www.foretadrenaline.com\/carnac\/wp-content\/uploads\/sites\/2\/2024\/02\/Piscine-a-balle-1024x683.jpg\" alt=\"\" class=\"wp-image-6839\" srcset=\"https:\/\/www.foretadrenaline.com\/carnac\/wp-content\/uploads\/sites\/2\/2024\/02\/Piscine-a-balle-1024x683.jpg 1024w, https:\/\/www.foretadrenaline.com\/carnac\/wp-content\/uploads\/sites\/2\/2024\/02\/Piscine-a-balle-300x200.jpg 300w, https:\/\/www.foretadrenaline.com\/carnac\/wp-content\/uploads\/sites\/2\/2024\/02\/Piscine-a-balle-768x512.jpg 768w, https:\/\/www.foretadrenaline.com\/carnac\/wp-content\/uploads\/sites\/2\/2024\/02\/Piscine-a-balle-1536x1024.jpg 1536w, https:\/\/www.foretadrenaline.com\/carnac\/wp-content\/uploads\/sites\/2\/2024\/02\/Piscine-a-balle-scaled.jpg 2048w, https:\/\/www.foretadrenaline.com\/carnac\/wp-content\/uploads\/sites\/2\/2024\/02\/Piscine-a-balle-1200x800.jpg 1200w\" sizes=\"auto, (max-width: 1024px) 100vw, 1024px\" \/><\/figure>\n<\/figure>\n<\/div>\n<\/div>\n\n\n\n<h3 class=\"wp-block-heading\">Tramp\u00d4Ninja\u00ae is here !<\/h3>\n\n\n\n<p>Inspired by the famous <strong>Ninja Warrior<\/strong> challenge, <strong>Tramp\u00d4Ninja\u00ae<\/strong> puts you to the test on a fun and sporty course combining <strong>agility, balance and speed<\/strong>.<\/p>\n\n\n\n<p>Overcome obstacles, test your endurance and <strong>take on the challenge like a real ninja !<\/strong><\/p>\n\n\n\n<figure class=\"wp-block-embed is-type-video is-provider-youtube wp-block-embed-youtube wp-embed-aspect-16-9 wp-has-aspect-ratio\"><div class=\"wp-block-embed__wrapper\">\n<div class=\"video-container youtube\" style=\"padding-bottom: 56.2%;\"><iframe loading=\"lazy\" title=\"Nouveaut\u00e9 : Le Ninja !\" width=\"500\" height=\"281\" src=\"https:\/\/www.youtube.com\/embed\/BovZaJf8BVk?feature=oembed&#038;enablejsapi=1&#038;origin=https:\/\/www.foretadrenaline.com\" frameborder=\"0\" allow=\"accelerometer; autoplay; clipboard-write; encrypted-media; gyroscope; picture-in-picture; web-share\" referrerpolicy=\"strict-origin-when-cross-origin\" allowfullscreen><\/iframe><\/div>\n<\/div><\/figure>\n\n\n\n<figure class=\"wp-block-gallery has-nested-images columns-default is-cropped wp-block-gallery-2 is-layout-flex wp-block-gallery-is-layout-flex\">\n<figure class=\"wp-block-image size-large\"><img loading=\"lazy\" decoding=\"async\" width=\"1024\" height=\"683\" data-id=\"8835\" src=\"https:\/\/www.foretadrenaline.com\/carnac\/wp-content\/uploads\/sites\/2\/2025\/12\/IMG_2657-1024x683.jpg\" alt=\"\" class=\"wp-image-8835\" srcset=\"https:\/\/www.foretadrenaline.com\/carnac\/wp-content\/uploads\/sites\/2\/2025\/12\/IMG_2657-1024x683.jpg 1024w, https:\/\/www.foretadrenaline.com\/carnac\/wp-content\/uploads\/sites\/2\/2025\/12\/IMG_2657-300x200.jpg 300w, https:\/\/www.foretadrenaline.com\/carnac\/wp-content\/uploads\/sites\/2\/2025\/12\/IMG_2657-768x512.jpg 768w, https:\/\/www.foretadrenaline.com\/carnac\/wp-content\/uploads\/sites\/2\/2025\/12\/IMG_2657-1536x1024.jpg 1536w, https:\/\/www.foretadrenaline.com\/carnac\/wp-content\/uploads\/sites\/2\/2025\/12\/IMG_2657-scaled.jpg 2048w, https:\/\/www.foretadrenaline.com\/carnac\/wp-content\/uploads\/sites\/2\/2025\/12\/IMG_2657-1200x800.jpg 1200w\" sizes=\"auto, (max-width: 1024px) 100vw, 1024px\" \/><\/figure>\n\n\n\n<figure class=\"wp-block-image size-large\"><img loading=\"lazy\" decoding=\"async\" width=\"1024\" height=\"576\" data-id=\"8833\" src=\"https:\/\/www.foretadrenaline.com\/carnac\/wp-content\/uploads\/sites\/2\/2025\/12\/DJI_0007-1024x576.jpg\" alt=\"\" class=\"wp-image-8833\" srcset=\"https:\/\/www.foretadrenaline.com\/carnac\/wp-content\/uploads\/sites\/2\/2025\/12\/DJI_0007-1024x576.jpg 1024w, https:\/\/www.foretadrenaline.com\/carnac\/wp-content\/uploads\/sites\/2\/2025\/12\/DJI_0007-300x169.jpg 300w, https:\/\/www.foretadrenaline.com\/carnac\/wp-content\/uploads\/sites\/2\/2025\/12\/DJI_0007-768x432.jpg 768w, https:\/\/www.foretadrenaline.com\/carnac\/wp-content\/uploads\/sites\/2\/2025\/12\/DJI_0007-1536x864.jpg 1536w, https:\/\/www.foretadrenaline.com\/carnac\/wp-content\/uploads\/sites\/2\/2025\/12\/DJI_0007-scaled.jpg 2048w, https:\/\/www.foretadrenaline.com\/carnac\/wp-content\/uploads\/sites\/2\/2025\/12\/DJI_0007-1200x675.jpg 1200w\" sizes=\"auto, (max-width: 1024px) 100vw, 1024px\" \/><\/figure>\n\n\n\n<figure class=\"wp-block-image size-large\"><img loading=\"lazy\" decoding=\"async\" width=\"1024\" height=\"768\" data-id=\"9012\" src=\"https:\/\/www.foretadrenaline.com\/carnac\/wp-content\/uploads\/sites\/2\/2026\/03\/WhatsApp-Image-2025-07-25-a-10.22.59_6bbcda03-2-1024x768.jpg\" alt=\"\" class=\"wp-image-9012\" srcset=\"https:\/\/www.foretadrenaline.com\/carnac\/wp-content\/uploads\/sites\/2\/2026\/03\/WhatsApp-Image-2025-07-25-a-10.22.59_6bbcda03-2-1024x768.jpg 1024w, https:\/\/www.foretadrenaline.com\/carnac\/wp-content\/uploads\/sites\/2\/2026\/03\/WhatsApp-Image-2025-07-25-a-10.22.59_6bbcda03-2-300x225.jpg 300w, https:\/\/www.foretadrenaline.com\/carnac\/wp-content\/uploads\/sites\/2\/2026\/03\/WhatsApp-Image-2025-07-25-a-10.22.59_6bbcda03-2-768x576.jpg 768w, https:\/\/www.foretadrenaline.com\/carnac\/wp-content\/uploads\/sites\/2\/2026\/03\/WhatsApp-Image-2025-07-25-a-10.22.59_6bbcda03-2-1536x1152.jpg 1536w, https:\/\/www.foretadrenaline.com\/carnac\/wp-content\/uploads\/sites\/2\/2026\/03\/WhatsApp-Image-2025-07-25-a-10.22.59_6bbcda03-2-1200x900.jpg 1200w, https:\/\/www.foretadrenaline.com\/carnac\/wp-content\/uploads\/sites\/2\/2026\/03\/WhatsApp-Image-2025-07-25-a-10.22.59_6bbcda03-2.jpg 1600w\" sizes=\"auto, (max-width: 1024px) 100vw, 1024px\" \/><\/figure>\n<\/figure>\n","protected":false},"excerpt":{"rendered":"<p>Leisure park in Morbihan \u2013 discover the Tramp\u00d4forest\u00ae net adventure (from 4 years old)! A fun-filled adventure full of surprises! Discover our Tramp\u00d4forest\u00ae net adventure course located at For\u00eat Adr\u00e9naline adventure park in Morbihan. With 2,500 m\u00b2 of suspended nets and three play areas, enjoy a fun activity right in the heart of the forest.&hellip;<\/p>\n","protected":false},"author":2,"featured_media":8835,"parent":0,"menu_order":0,"comment_status":"closed","ping_status":"closed","template":"template-produit.php","meta":{"_acf_changed":false,"footnotes":""},"class_list":["post-1274","page","type-page","status-publish","has-post-thumbnail","hentry"],"acf":[],"yoast_head":"<!-- This site is optimized with the Yoast SEO plugin v27.4 - https:\/\/yoast.com\/product\/yoast-seo-wordpress\/ -->\n<title>Adventure Park In Carnac - Tramp\u00d4forest\u00ae - For\u00eat Adr\u00e9naline<\/title>\n<meta name=\"description\" content=\"Come and discover our 2500m\u00b2 Tramp\u00d4forest\u00ae net courses located at For\u00eat Adr\u00e9naline, an adventure park in Carnac, in Morbihan.\" \/>\n<meta name=\"robots\" content=\"index, follow, max-snippet:-1, max-image-preview:large, max-video-preview:-1\" \/>\n<link rel=\"canonical\" href=\"https:\/\/www.foretadrenaline.com\/carnac\/en\/trampoforest\/\" \/>\n<meta property=\"og:locale\" content=\"en_US\" \/>\n<meta property=\"og:type\" content=\"article\" \/>\n<meta property=\"og:title\" content=\"Adventure Park In Carnac - Tramp\u00d4forest\u00ae - For\u00eat Adr\u00e9naline\" \/>\n<meta property=\"og:description\" content=\"Come and discover our 2500m\u00b2 Tramp\u00d4forest\u00ae net courses located at For\u00eat Adr\u00e9naline, an adventure park in Carnac, in Morbihan.\" \/>\n<meta property=\"og:url\" content=\"https:\/\/www.foretadrenaline.com\/carnac\/en\/trampoforest\/\" \/>\n<meta property=\"og:site_name\" content=\"For\u00eat Adr\u00e9naline - Carnac\" \/>\n<meta property=\"article:publisher\" content=\"https:\/\/www.facebook.com\/foretadrenaline.carnac\/\" \/>\n<meta property=\"article:modified_time\" content=\"2026-04-01T12:02:45+00:00\" \/>\n<meta property=\"og:image\" content=\"https:\/\/www.foretadrenaline.com\/carnac\/wp-content\/uploads\/sites\/2\/2025\/12\/IMG_2657-scaled.jpg\" \/>\n\t<meta property=\"og:image:width\" content=\"2048\" \/>\n\t<meta property=\"og:image:height\" content=\"1365\" \/>\n\t<meta property=\"og:image:type\" content=\"image\/jpeg\" \/>\n<meta name=\"twitter:card\" content=\"summary_large_image\" \/>\n<meta name=\"twitter:label1\" content=\"Est. reading time\" \/>\n\t<meta name=\"twitter:data1\" content=\"3 minutes\" \/>\n<script type=\"application\/ld+json\" class=\"yoast-schema-graph\">{\"@context\":\"https:\\\/\\\/schema.org\",\"@graph\":[{\"@type\":\"WebPage\",\"@id\":\"https:\\\/\\\/www.foretadrenaline.com\\\/carnac\\\/en\\\/trampoforest\\\/\",\"url\":\"https:\\\/\\\/www.foretadrenaline.com\\\/carnac\\\/en\\\/trampoforest\\\/\",\"name\":\"Adventure Park In Carnac - Tramp\u00d4forest\u00ae - For\u00eat Adr\u00e9naline\",\"isPartOf\":{\"@id\":\"https:\\\/\\\/www.foretadrenaline.com\\\/carnac\\\/en\\\/#website\"},\"primaryImageOfPage\":{\"@id\":\"https:\\\/\\\/www.foretadrenaline.com\\\/carnac\\\/en\\\/trampoforest\\\/#primaryimage\"},\"image\":{\"@id\":\"https:\\\/\\\/www.foretadrenaline.com\\\/carnac\\\/en\\\/trampoforest\\\/#primaryimage\"},\"thumbnailUrl\":\"https:\\\/\\\/www.foretadrenaline.com\\\/carnac\\\/wp-content\\\/uploads\\\/sites\\\/2\\\/2025\\\/12\\\/IMG_2657-scaled.jpg\",\"datePublished\":\"2019-06-05T10:32:28+00:00\",\"dateModified\":\"2026-04-01T12:02:45+00:00\",\"description\":\"Come and discover our 2500m\u00b2 Tramp\u00d4forest\u00ae net courses located at For\u00eat Adr\u00e9naline, an adventure park in Carnac, in Morbihan.\",\"breadcrumb\":{\"@id\":\"https:\\\/\\\/www.foretadrenaline.com\\\/carnac\\\/en\\\/trampoforest\\\/#breadcrumb\"},\"inLanguage\":\"en-US\",\"potentialAction\":[{\"@type\":\"ReadAction\",\"target\":[\"https:\\\/\\\/www.foretadrenaline.com\\\/carnac\\\/en\\\/trampoforest\\\/\"]}]},{\"@type\":\"ImageObject\",\"inLanguage\":\"en-US\",\"@id\":\"https:\\\/\\\/www.foretadrenaline.com\\\/carnac\\\/en\\\/trampoforest\\\/#primaryimage\",\"url\":\"https:\\\/\\\/www.foretadrenaline.com\\\/carnac\\\/wp-content\\\/uploads\\\/sites\\\/2\\\/2025\\\/12\\\/IMG_2657-scaled.jpg\",\"contentUrl\":\"https:\\\/\\\/www.foretadrenaline.com\\\/carnac\\\/wp-content\\\/uploads\\\/sites\\\/2\\\/2025\\\/12\\\/IMG_2657-scaled.jpg\",\"width\":2048,\"height\":1365},{\"@type\":\"BreadcrumbList\",\"@id\":\"https:\\\/\\\/www.foretadrenaline.com\\\/carnac\\\/en\\\/trampoforest\\\/#breadcrumb\",\"itemListElement\":[{\"@type\":\"ListItem\",\"position\":1,\"name\":\"Accueil\",\"item\":\"https:\\\/\\\/www.foretadrenaline.com\\\/carnac\\\/en\\\/\"},{\"@type\":\"ListItem\",\"position\":2,\"name\":\"Tramp\u00d4forest\u00ae &amp; Tramp\u00d4ninja\u00ae\"}]},{\"@type\":\"WebSite\",\"@id\":\"https:\\\/\\\/www.foretadrenaline.com\\\/carnac\\\/en\\\/#website\",\"url\":\"https:\\\/\\\/www.foretadrenaline.com\\\/carnac\\\/en\\\/\",\"name\":\"For\u00eat Adr\u00e9naline - Carnac\",\"description\":\"Un site utilisant For\u00eat Adr\u00e9naline\",\"publisher\":{\"@id\":\"https:\\\/\\\/www.foretadrenaline.com\\\/carnac\\\/en\\\/#organization\"},\"potentialAction\":[{\"@type\":\"SearchAction\",\"target\":{\"@type\":\"EntryPoint\",\"urlTemplate\":\"https:\\\/\\\/www.foretadrenaline.com\\\/carnac\\\/en\\\/?s={search_term_string}\"},\"query-input\":{\"@type\":\"PropertyValueSpecification\",\"valueRequired\":true,\"valueName\":\"search_term_string\"}}],\"inLanguage\":\"en-US\"},{\"@type\":\"Organization\",\"@id\":\"https:\\\/\\\/www.foretadrenaline.com\\\/carnac\\\/en\\\/#organization\",\"name\":\"For\u00eat Adr\u00e9naline Carnac\",\"url\":\"https:\\\/\\\/www.foretadrenaline.com\\\/carnac\\\/en\\\/\",\"logo\":{\"@type\":\"ImageObject\",\"inLanguage\":\"en-US\",\"@id\":\"https:\\\/\\\/www.foretadrenaline.com\\\/carnac\\\/en\\\/#\\\/schema\\\/logo\\\/image\\\/\",\"url\":\"https:\\\/\\\/www.foretadrenaline.com\\\/carnac\\\/wp-content\\\/uploads\\\/sites\\\/2\\\/2019\\\/04\\\/ForetAdrenalineCarnac.png\",\"contentUrl\":\"https:\\\/\\\/www.foretadrenaline.com\\\/carnac\\\/wp-content\\\/uploads\\\/sites\\\/2\\\/2019\\\/04\\\/ForetAdrenalineCarnac.png\",\"width\":191,\"height\":173,\"caption\":\"For\u00eat Adr\u00e9naline Carnac\"},\"image\":{\"@id\":\"https:\\\/\\\/www.foretadrenaline.com\\\/carnac\\\/en\\\/#\\\/schema\\\/logo\\\/image\\\/\"},\"sameAs\":[\"https:\\\/\\\/www.facebook.com\\\/foretadrenaline.carnac\\\/\",\"https:\\\/\\\/www.instagram.com\\\/foretadrenaline\\\/\"]}]}<\/script>\n<!-- \/ Yoast SEO plugin. -->","yoast_head_json":{"title":"Adventure Park In Carnac - Tramp\u00d4forest\u00ae - For\u00eat Adr\u00e9naline","description":"Come and discover our 2500m\u00b2 Tramp\u00d4forest\u00ae net courses located at For\u00eat Adr\u00e9naline, an adventure park in Carnac, in Morbihan.","robots":{"index":"index","follow":"follow","max-snippet":"max-snippet:-1","max-image-preview":"max-image-preview:large","max-video-preview":"max-video-preview:-1"},"canonical":"https:\/\/www.foretadrenaline.com\/carnac\/en\/trampoforest\/","og_locale":"en_US","og_type":"article","og_title":"Adventure Park In Carnac - Tramp\u00d4forest\u00ae - For\u00eat Adr\u00e9naline","og_description":"Come and discover our 2500m\u00b2 Tramp\u00d4forest\u00ae net courses located at For\u00eat Adr\u00e9naline, an adventure park in Carnac, in Morbihan.","og_url":"https:\/\/www.foretadrenaline.com\/carnac\/en\/trampoforest\/","og_site_name":"For\u00eat Adr\u00e9naline - Carnac","article_publisher":"https:\/\/www.facebook.com\/foretadrenaline.carnac\/","article_modified_time":"2026-04-01T12:02:45+00:00","og_image":[{"width":2048,"height":1365,"url":"https:\/\/www.foretadrenaline.com\/carnac\/wp-content\/uploads\/sites\/2\/2025\/12\/IMG_2657-scaled.jpg","type":"image\/jpeg"}],"twitter_card":"summary_large_image","twitter_misc":{"Est. reading time":"3 minutes"},"schema":{"@context":"https:\/\/schema.org","@graph":[{"@type":"WebPage","@id":"https:\/\/www.foretadrenaline.com\/carnac\/en\/trampoforest\/","url":"https:\/\/www.foretadrenaline.com\/carnac\/en\/trampoforest\/","name":"Adventure Park In Carnac - Tramp\u00d4forest\u00ae - For\u00eat Adr\u00e9naline","isPartOf":{"@id":"https:\/\/www.foretadrenaline.com\/carnac\/en\/#website"},"primaryImageOfPage":{"@id":"https:\/\/www.foretadrenaline.com\/carnac\/en\/trampoforest\/#primaryimage"},"image":{"@id":"https:\/\/www.foretadrenaline.com\/carnac\/en\/trampoforest\/#primaryimage"},"thumbnailUrl":"https:\/\/www.foretadrenaline.com\/carnac\/wp-content\/uploads\/sites\/2\/2025\/12\/IMG_2657-scaled.jpg","datePublished":"2019-06-05T10:32:28+00:00","dateModified":"2026-04-01T12:02:45+00:00","description":"Come and discover our 2500m\u00b2 Tramp\u00d4forest\u00ae net courses located at For\u00eat Adr\u00e9naline, an adventure park in Carnac, in Morbihan.","breadcrumb":{"@id":"https:\/\/www.foretadrenaline.com\/carnac\/en\/trampoforest\/#breadcrumb"},"inLanguage":"en-US","potentialAction":[{"@type":"ReadAction","target":["https:\/\/www.foretadrenaline.com\/carnac\/en\/trampoforest\/"]}]},{"@type":"ImageObject","inLanguage":"en-US","@id":"https:\/\/www.foretadrenaline.com\/carnac\/en\/trampoforest\/#primaryimage","url":"https:\/\/www.foretadrenaline.com\/carnac\/wp-content\/uploads\/sites\/2\/2025\/12\/IMG_2657-scaled.jpg","contentUrl":"https:\/\/www.foretadrenaline.com\/carnac\/wp-content\/uploads\/sites\/2\/2025\/12\/IMG_2657-scaled.jpg","width":2048,"height":1365},{"@type":"BreadcrumbList","@id":"https:\/\/www.foretadrenaline.com\/carnac\/en\/trampoforest\/#breadcrumb","itemListElement":[{"@type":"ListItem","position":1,"name":"Accueil","item":"https:\/\/www.foretadrenaline.com\/carnac\/en\/"},{"@type":"ListItem","position":2,"name":"Tramp\u00d4forest\u00ae &amp; Tramp\u00d4ninja\u00ae"}]},{"@type":"WebSite","@id":"https:\/\/www.foretadrenaline.com\/carnac\/en\/#website","url":"https:\/\/www.foretadrenaline.com\/carnac\/en\/","name":"For\u00eat Adr\u00e9naline - Carnac","description":"Un site utilisant For\u00eat Adr\u00e9naline","publisher":{"@id":"https:\/\/www.foretadrenaline.com\/carnac\/en\/#organization"},"potentialAction":[{"@type":"SearchAction","target":{"@type":"EntryPoint","urlTemplate":"https:\/\/www.foretadrenaline.com\/carnac\/en\/?s={search_term_string}"},"query-input":{"@type":"PropertyValueSpecification","valueRequired":true,"valueName":"search_term_string"}}],"inLanguage":"en-US"},{"@type":"Organization","@id":"https:\/\/www.foretadrenaline.com\/carnac\/en\/#organization","name":"For\u00eat Adr\u00e9naline Carnac","url":"https:\/\/www.foretadrenaline.com\/carnac\/en\/","logo":{"@type":"ImageObject","inLanguage":"en-US","@id":"https:\/\/www.foretadrenaline.com\/carnac\/en\/#\/schema\/logo\/image\/","url":"https:\/\/www.foretadrenaline.com\/carnac\/wp-content\/uploads\/sites\/2\/2019\/04\/ForetAdrenalineCarnac.png","contentUrl":"https:\/\/www.foretadrenaline.com\/carnac\/wp-content\/uploads\/sites\/2\/2019\/04\/ForetAdrenalineCarnac.png","width":191,"height":173,"caption":"For\u00eat Adr\u00e9naline Carnac"},"image":{"@id":"https:\/\/www.foretadrenaline.com\/carnac\/en\/#\/schema\/logo\/image\/"},"sameAs":["https:\/\/www.facebook.com\/foretadrenaline.carnac\/","https:\/\/www.instagram.com\/foretadrenaline\/"]}]}},"_links":{"self":[{"href":"https:\/\/www.foretadrenaline.com\/carnac\/en\/wp-json\/wp\/v2\/pages\/1274","targetHints":{"allow":["GET"]}}],"collection":[{"href":"https:\/\/www.foretadrenaline.com\/carnac\/en\/wp-json\/wp\/v2\/pages"}],"about":[{"href":"https:\/\/www.foretadrenaline.com\/carnac\/en\/wp-json\/wp\/v2\/types\/page"}],"author":[{"embeddable":true,"href":"https:\/\/www.foretadrenaline.com\/carnac\/en\/wp-json\/wp\/v2\/users\/2"}],"replies":[{"embeddable":true,"href":"https:\/\/www.foretadrenaline.com\/carnac\/en\/wp-json\/wp\/v2\/comments?post=1274"}],"version-history":[{"count":34,"href":"https:\/\/www.foretadrenaline.com\/carnac\/en\/wp-json\/wp\/v2\/pages\/1274\/revisions"}],"predecessor-version":[{"id":9646,"href":"https:\/\/www.foretadrenaline.com\/carnac\/en\/wp-json\/wp\/v2\/pages\/1274\/revisions\/9646"}],"wp:featuredmedia":[{"embeddable":true,"href":"https:\/\/www.foretadrenaline.com\/carnac\/en\/wp-json\/wp\/v2\/media\/8835"}],"wp:attachment":[{"href":"https:\/\/www.foretadrenaline.com\/carnac\/en\/wp-json\/wp\/v2\/media?parent=1274"}],"curies":[{"name":"wp","href":"https:\/\/api.w.org\/{rel}","templated":true}]}}