{"id":1456,"date":"2019-06-12T11:00:56","date_gmt":"2019-06-12T09:00:56","guid":{"rendered":"https:\/\/www.foretadrenaline.com\/carnac\/?page_id=1456"},"modified":"2024-07-04T14:30:21","modified_gmt":"2024-07-04T12:30:21","slug":"politique-de-confidentialite","status":"publish","type":"page","link":"https:\/\/www.foretadrenaline.com\/carnac\/en\/politique-de-confidentialite\/","title":{"rendered":"Privacy Policy"},"content":{"rendered":"\n<p><strong>Bienvenue sur la page de la politique de confidentialit\u00e9 de  For\u00eat Adr\u00e9naline qui respecte votre vie priv\u00e9e et s\u2019engage \u00e0 prot\u00e9ger vos  donn\u00e9es personnelles.<\/strong><\/p>\n\n\n\n<h4 class=\"wp-block-heading\" id=\"mce_20\">1. Introduction<\/h4>\n\n\n\n<p>Cette politique de confidentialit\u00e9 vous explique comment l\u2019entreprise  For\u00eat Adr\u00e9naline utilise vos donn\u00e9es personnelles lorsque vous visitez  notre site et interagissez avec nous.<br> <strong>Il est important que vous lisiez la pr\u00e9sente politique de  confidentialit\u00e9 afin que vous soyez conscient des raisons pour  lesquelles nous utilisons vos donn\u00e9es et comment nous le faisons.<br> <\/strong>La pr\u00e9sente politique de confidentialit\u00e9 a \u00e9t\u00e9 r\u00e9alis\u00e9e le 10 juin 2019.<br> Si vous avez des questions ou si vous souhaitez exercer votre droit \u00e0 la  protection de la vie priv\u00e9e, veuillez suivre les instructions de la  pr\u00e9sente politique de confidentialit\u00e9.<\/p>\n\n\n\n<h4 class=\"wp-block-heading\">2. Les donn\u00e9es personnelles que nous recueillons<\/h4>\n\n\n\n<p>Les donn\u00e9es personnelles, ou les informations personnelles, \nsignifient toute information \u00e0 propos d\u2019un individu pouvant servir \u00e0 \nl\u2019identifier :<\/p>\n\n\n\n<ul class=\"wp-block-list\">\n<li>les <strong>donn\u00e9es d\u2019identit\u00e9<\/strong> comprennent le titre, le  pr\u00e9nom, le nom, le nom d\u2019utilisateur ou identifiant similaire, ainsi  qu\u2019une version crypt\u00e9e d\u2019un identifiant\/mot de passe.<\/li>\n\n\n\n<li>les <strong>donn\u00e9es de contact<\/strong> comprennent les adresses (e-mail et postale) et les num\u00e9ros de t\u00e9l\u00e9phone.<\/li>\n\n\n\n<li>les <strong>donn\u00e9es techniques<\/strong> comprennent votre adresse  IP, vos donn\u00e9es de connexion, le type et la version de votre navigateur,  votre fuseau horaire et votre localisation, les types et versions de  plug-in de votre navigateur, votre syst\u00e8me et votre plateforme  d\u2019exploitation, et d\u2019autres technologies sur les appareils que vous  utilisez pour acc\u00e9der \u00e0 ce site Internet. Elles sont utilis\u00e9es pour  mesurer l\u2019audience du site Lamour du Web.<\/li>\n\n\n\n<li>les <strong>donn\u00e9es de marketing<\/strong> et de communication  comprennent vos pr\u00e9f\u00e9rences et votre profil concernant la r\u00e9ception ou  non des publicit\u00e9s des sites tiers (Google), concernant la visualisation  de vid\u00e9o Youtube,  ou encore la  r\u00e9servation en ligne.<br> <strong>N\u2019oubliez  pas que si vous choisissez de ne pas partager de donn\u00e9es personnelles  avec nous ou refusez certaines autorisations de contact, nous ne  pourrons peut-\u00eatre pas vous fournir les services demand\u00e9s.<\/strong><\/li>\n<\/ul>\n\n\n\n<h4 class=\"wp-block-heading\">3. Comment vos donn\u00e9es personnelles sont-elles recueillies ?<\/h4>\n\n\n\n<p>Nous utilisons diverses fonctionnalit\u00e9s et technologies en mesure de collecter des donn\u00e9es vous concernant :<\/p>\n\n\n\n<ul class=\"wp-block-list\">\n<li>lorsque vous utilisez le formulaire de contact sur notre site (Donn\u00e9es d\u2019identit\u00e9 et de contact)<\/li>\n\n\n\n<li>lorsque nous utilisons des solutions techniques tierces pour les  mesures d\u2019audience (Google Analytics), ou l\u2019affichage de vid\u00e9os  (Youtube).&nbsp;(Donn\u00e9es techniques)<\/li>\n\n\n\n<li>lorsque nous utilisons des solutions marketing tierces, publicit\u00e9s  cibl\u00e9es (Facebook, Google, digitaleo) <\/li>\n\n\n\n<li>lorsque vous r\u00e9servez en ligne<\/li>\n<\/ul>\n\n\n\n<h4 class=\"wp-block-heading\">4. Utilisation de vos donn\u00e9es personnelles.<\/h4>\n\n\n\n<p>Nous utiliserons uniquement vos donn\u00e9es personnelles conform\u00e9ment \u00e0 \nla loi. G\u00e9n\u00e9ralement, vos donn\u00e9es personnelles seront utilis\u00e9es dans les\n cas suivants :<\/p>\n\n\n\n<ul class=\"wp-block-list\">\n<li>afin de r\u00e9pondre \u00e0 votre demande  de devis via notre formulaire de contact,<\/li>\n\n\n\n<li>afin de vous permettre de vous abonner \u00e0 notre newsletter,<\/li>\n\n\n\n<li>afin de vous permettre de r\u00e9server une date de sortie,<\/li>\n\n\n\n<li><\/li>\n\n\n\n<li>afin de nous permettre d\u2019effectuer des mesures d\u2019audience sur notre site,<\/li>\n\n\n\n<li>afin de vous faire profiter des fonctionnalit\u00e9s et du ciblage  publicitaire de certains grands acteurs du web (Google, Youtube,  Facebook).<\/li>\n<\/ul>\n\n\n\n<h4 class=\"wp-block-heading\">5. Utilisation des cookies.<\/h4>\n\n\n\n<p>Un \u00ab&nbsp;cookie&nbsp;\u00bb est un fichier d\u00e9pos\u00e9 par un site web sur votre  terminal (ordinateur, tablette, smartphone). Les cookies stockent des  informations de navigation, telles que des pr\u00e9f\u00e9rences de navigation ou  des informations de profil.<br> <strong>Ils sont omnipr\u00e9sents et largement utilis\u00e9s sur tous les sites web.<br> <\/strong>Sur le site For\u00eat Adr\u00e9naline certains cookies sont  indispensables au bon fonctionnement de notre plate-forme web et au  confort des utilisateurs.<br> D\u2019autres sont d\u00e9pos\u00e9s par des services tiers, pour le visionnage de  vid\u00e9o (Youtube), pour les mesures d\u2019audience (Analytics), et pour des  publicit\u00e9s cibl\u00e9es (Google DoubleClick), pour les interactions avec les  r\u00e9seaux sociaux, ou pour des fonctionnalit\u00e9s diverses telles que  la r\u00e9servation en ligne. Nous ne contr\u00f4lons pas les  cookies install\u00e9s par ces services tiers et nous vous invitons \u00e0  consulter leur politique de confidentialit\u00e9.<\/p>\n\n\n\n<h4 class=\"wp-block-heading\"><strong>6. Acceptation ou r\u00e9futation des cookies.<\/strong><\/h4>\n\n\n\n<p>Si vous ne souhaitez pas que le site  For\u00eat Adr\u00e9naline d\u00e9pose de cookies sur votre terminal, vous pouvez  param\u00e9trer votre navigateur afin qu\u2019il refuse tout ou partie des  cookies. Pour le site For\u00eat Adr\u00e9naline sp\u00e9cifiquement, pour les sites que  vous d\u00e9signerez, ou encore pour l\u2019ensemble des sites que vous  visiterez. Le param\u00e9trage des  navigateurs est sp\u00e9cifique pour chacun d\u2019entre-eux. Nous vous proposons  ici les liens vers la documentation des navigateurs les plus courants :<\/p>\n\n\n\n<p><a href=\"https:\/\/support.google.com\/chrome\/answer\/95647?hl=fr\">Chrome<\/a><br> <a href=\"https:\/\/support.mozilla.org\/fr\/kb\/activer-desactiver-cookies-preferences?redirectlocale=fr&amp;redirectslug=activer-desactiver-cookies\">Firefox <br> <\/a><a href=\"https:\/\/support.microsoft.com\/en-us\/help\/17442\/windows-internet-explorer-delete-manage-cookies\">Internet Explorer<br> <\/a><a href=\"http:\/\/windows.microsoft.com\/fr-xf\/windows-10\/edge-privacy-faq\">Microsoft Edge<\/a><br> <a href=\"https:\/\/help.opera.com\/en\/latest\/web-preferences\/#cookies\">Op\u00e9ra<\/a> (mac)<br> <a href=\"https:\/\/help.opera.com\/en\/latest\/web-preferences\/#cookies\">Op\u00e9ra<\/a> (windows)<br> <a href=\"https:\/\/support.apple.com\/kb\/PH17191?viewlocale=fr_FR&amp;locale=fr_FR\">Safari 7<\/a><br> <a href=\"https:\/\/support.apple.com\/fr-fr\/HT201265\">Safari IOS<\/a><br> <br> Pour les cookies de mesures d\u2019audience, il est \u00e9galement possible d\u2019<a href=\"https:\/\/tools.google.com\/dlpage\/gaoptout?hl=fr\" target=\"_blank\" rel=\"noreferrer noopener\">installer une extension<\/a> sur vos navigateurs.<br> Pour les cookies publicitaires de Google, vous pouvez param\u00e9trer vos pr\u00e9f\u00e9rences directement <a href=\"https:\/\/adssettings.google.com\/authenticated?hl=fr\" target=\"_blank\" rel=\"noreferrer noopener\">ici<\/a>.<a href=\"https:\/\/adssettings.google.com\/authenticated?hl=fr\"><br> <br> <\/a><strong>Nous attirons cependant votre attention sur le fait que  certains cookies sont parfois indispensables au bon fonctionnement des  sites web. C\u2019est notamment le cas pour celui de For\u00eat Adr\u00e9naline. En les  refusant vous pourrez ne pas pouvoir profiter de certaines de nos  fonctionnalit\u00e9s.<\/strong><\/p>\n\n\n\n<h4 class=\"wp-block-heading\">7. Divulgation de vos donn\u00e9es personnelles.<\/h4>\n\n\n\n<p>La soci\u00e9t\u00e9 For\u00eat Adr\u00e9naline s\u2019engage \u00e0 ne pas divulguer vos donn\u00e9es  d\u2019identit\u00e9 et de contact et de les utiliser strictement dans le cadre de  notre relation commerciale. Les donn\u00e9es techniques et marketing  pourront \u00eatre partag\u00e9s avec des services tiers dans le cadre de  l\u2019analyse de l\u2019audience du site de For\u00eat Adr\u00e9naline (Google Analytics), du  visionnage de vid\u00e9o (Youtube), de fonctionnalit\u00e9s telles que  la r\u00e9servation en ligne, de publicit\u00e9s cibl\u00e9es (DoubleClick \u2013  Google). Nous vous invitons \u00e0 consulter les politiques de  confidentialit\u00e9 de ces services tiers.<\/p>\n\n\n\n<h4 class=\"wp-block-heading\">8. S\u00e9curit\u00e9 des donn\u00e9es.<\/h4>\n\n\n\n<p>Nous avons mis en place des mesures de s\u00e9curit\u00e9 pour prot\u00e9ger \nl\u2019int\u00e9grit\u00e9 de notre plate-forme web et par cons\u00e9quence de vos donn\u00e9es \npersonnelles. Le protocole https assure le chiffrage et l\u2019int\u00e9grit\u00e9 des \ntransferts de donn\u00e9es. Nous profitons \u00e9galement des mesures de s\u00e9curit\u00e9 \nmises en place par notre h\u00e9bergeur.<\/p>\n\n\n\n<h4 class=\"wp-block-heading\">9. Votre contr\u00f4le de vos donn\u00e9es personnelles.<\/h4>\n\n\n\n<p>Conform\u00e9ment au r\u00e8glement g\u00e9n\u00e9ral sur la protection des donn\u00e9es personnelles nous nous engageons \u00e0 :<\/p>\n\n\n\n<ul class=\"wp-block-list\">\n<li>&nbsp;vous permettre d\u2019effectuer une demande d\u2019acc\u00e8s aux donn\u00e9es vous concernant,<\/li>\n\n\n\n<li>&nbsp;Vous permettre d\u2019obtenir une copie de vos donn\u00e9es personnelles dans un format courant (par exemple un fichier .csv) ;<\/li>\n\n\n\n<li>&nbsp;vous permettre de nous demander de rectifier des donn\u00e9es personnelles vous concernant qui seraient incompl\u00e8tes ou inexactes,<\/li>\n\n\n\n<li>&nbsp;vous permettre de nous demander de supprimer les donn\u00e9es personnelles que nous poss\u00e9dons et vous concernant,<\/li>\n<\/ul>\n\n\n\n<p><strong>Pour cela, nous vous invitons \u00e0 nous envoyer un courrier  en recommand\u00e9 \u00e0 For\u00eat Adr\u00e9naluine, route du hahon 56340 CARNAC, en pr\u00e9cisant : votre adresse IP, adresse  email, Nom et Pr\u00e9nom afin de bien supprimer l\u2019int\u00e9gralit\u00e9 de ces  donn\u00e9es.<\/strong><\/p>\n\n\n\n<p>Nous essayons de r\u00e9pondre \u00e0 toutes les demandes l\u00e9gitimes dans un  d\u00e9lai d\u2019un mois. Ce d\u00e9lai d\u2019un mois peut \u00eatre d\u00e9pass\u00e9 dans le cas o\u00f9  votre demande est particuli\u00e8rement complexe ou si vous en avez fait  plusieurs. Dans ce cas, nous vous pr\u00e9viendrons et vous tiendrons  inform\u00e9. Les donn\u00e9es personnelles collect\u00e9es par For\u00eat Adr\u00e9naline sont sous  la responsabilit\u00e9 du d\u00e9l\u00e9gu\u00e9 \u00e0 la protection des donn\u00e9es (DPO) de  For\u00eat Adr\u00e9naline, David Gibert. En cas de difficult\u00e9 en lien avec la  gestion de vos donn\u00e9es personnelles, vous pouvez adresser une  r\u00e9clamation aupr\u00e8s du d\u00e9l\u00e9gu\u00e9 \u00e0 la protection des donn\u00e9es personnelles  ou aupr\u00e8s de la CNIL ou de toute autre autorit\u00e9 comp\u00e9tente.<\/p>\n\n\n<p><!--EndFragment--><\/p>","protected":false},"excerpt":{"rendered":"<p>Bienvenue sur la page de la politique de confidentialit\u00e9 de For\u00eat Adr\u00e9naline qui respecte votre vie priv\u00e9e et s\u2019engage \u00e0 prot\u00e9ger vos donn\u00e9es personnelles. 1. Introduction Cette politique de confidentialit\u00e9 vous explique comment l\u2019entreprise For\u00eat Adr\u00e9naline utilise vos donn\u00e9es personnelles lorsque vous visitez notre site et interagissez avec nous. Il est important que vous lisiez&hellip;<\/p>\n","protected":false},"author":2,"featured_media":0,"parent":0,"menu_order":0,"comment_status":"closed","ping_status":"closed","template":"","meta":{"_acf_changed":false,"footnotes":""},"class_list":["post-1456","page","type-page","status-publish","hentry"],"acf":[],"yoast_head":"<!-- This site is optimized with the Yoast SEO plugin v27.3 - https:\/\/yoast.com\/product\/yoast-seo-wordpress\/ -->\n<title>Privacy Policy - For\u00eat Adr\u00e9naline - Carnac<\/title>\n<meta name=\"robots\" content=\"index, follow, max-snippet:-1, max-image-preview:large, max-video-preview:-1\" \/>\n<link rel=\"canonical\" href=\"https:\/\/www.foretadrenaline.com\/carnac\/en\/politique-de-confidentialite\/\" \/>\n<meta property=\"og:locale\" content=\"en_US\" \/>\n<meta property=\"og:type\" content=\"article\" \/>\n<meta property=\"og:title\" content=\"Privacy Policy - For\u00eat Adr\u00e9naline - Carnac\" \/>\n<meta property=\"og:description\" content=\"Bienvenue sur la page de la politique de confidentialit\u00e9 de For\u00eat Adr\u00e9naline qui respecte votre vie priv\u00e9e et s\u2019engage \u00e0 prot\u00e9ger vos donn\u00e9es personnelles. 1. Introduction Cette politique de confidentialit\u00e9 vous explique comment l\u2019entreprise For\u00eat Adr\u00e9naline utilise vos donn\u00e9es personnelles lorsque vous visitez notre site et interagissez avec nous. Il est important que vous lisiez&hellip;\" \/>\n<meta property=\"og:url\" content=\"https:\/\/www.foretadrenaline.com\/carnac\/en\/politique-de-confidentialite\/\" \/>\n<meta property=\"og:site_name\" content=\"For\u00eat Adr\u00e9naline - Carnac\" \/>\n<meta property=\"article:publisher\" content=\"https:\/\/www.facebook.com\/foretadrenaline.carnac\/\" \/>\n<meta property=\"article:modified_time\" content=\"2024-07-04T12:30:21+00:00\" \/>\n<meta property=\"og:image\" content=\"https:\/\/www.foretadrenaline.com\/carnac\/wp-content\/uploads\/sites\/2\/2019\/04\/ForetAdrenalineCarnac.png\" \/>\n\t<meta property=\"og:image:width\" content=\"191\" \/>\n\t<meta property=\"og:image:height\" content=\"173\" \/>\n\t<meta property=\"og:image:type\" content=\"image\/png\" \/>\n<meta name=\"twitter:card\" content=\"summary_large_image\" \/>\n<meta name=\"twitter:label1\" content=\"Est. reading time\" \/>\n\t<meta name=\"twitter:data1\" content=\"6 minutes\" \/>\n<script type=\"application\/ld+json\" class=\"yoast-schema-graph\">{\"@context\":\"https:\\\/\\\/schema.org\",\"@graph\":[{\"@type\":\"WebPage\",\"@id\":\"https:\\\/\\\/www.foretadrenaline.com\\\/carnac\\\/en\\\/politique-de-confidentialite\\\/\",\"url\":\"https:\\\/\\\/www.foretadrenaline.com\\\/carnac\\\/en\\\/politique-de-confidentialite\\\/\",\"name\":\"Privacy Policy - For\u00eat Adr\u00e9naline - Carnac\",\"isPartOf\":{\"@id\":\"https:\\\/\\\/www.foretadrenaline.com\\\/carnac\\\/en\\\/#website\"},\"datePublished\":\"2019-06-12T09:00:56+00:00\",\"dateModified\":\"2024-07-04T12:30:21+00:00\",\"breadcrumb\":{\"@id\":\"https:\\\/\\\/www.foretadrenaline.com\\\/carnac\\\/en\\\/politique-de-confidentialite\\\/#breadcrumb\"},\"inLanguage\":\"en-US\",\"potentialAction\":[{\"@type\":\"ReadAction\",\"target\":[\"https:\\\/\\\/www.foretadrenaline.com\\\/carnac\\\/en\\\/politique-de-confidentialite\\\/\"]}]},{\"@type\":\"BreadcrumbList\",\"@id\":\"https:\\\/\\\/www.foretadrenaline.com\\\/carnac\\\/en\\\/politique-de-confidentialite\\\/#breadcrumb\",\"itemListElement\":[{\"@type\":\"ListItem\",\"position\":1,\"name\":\"Accueil\",\"item\":\"https:\\\/\\\/www.foretadrenaline.com\\\/carnac\\\/en\\\/\"},{\"@type\":\"ListItem\",\"position\":2,\"name\":\"Privacy Policy\"}]},{\"@type\":\"WebSite\",\"@id\":\"https:\\\/\\\/www.foretadrenaline.com\\\/carnac\\\/en\\\/#website\",\"url\":\"https:\\\/\\\/www.foretadrenaline.com\\\/carnac\\\/en\\\/\",\"name\":\"For\u00eat Adr\u00e9naline - Carnac\",\"description\":\"Un site utilisant For\u00eat Adr\u00e9naline\",\"publisher\":{\"@id\":\"https:\\\/\\\/www.foretadrenaline.com\\\/carnac\\\/en\\\/#organization\"},\"potentialAction\":[{\"@type\":\"SearchAction\",\"target\":{\"@type\":\"EntryPoint\",\"urlTemplate\":\"https:\\\/\\\/www.foretadrenaline.com\\\/carnac\\\/en\\\/?s={search_term_string}\"},\"query-input\":{\"@type\":\"PropertyValueSpecification\",\"valueRequired\":true,\"valueName\":\"search_term_string\"}}],\"inLanguage\":\"en-US\"},{\"@type\":\"Organization\",\"@id\":\"https:\\\/\\\/www.foretadrenaline.com\\\/carnac\\\/en\\\/#organization\",\"name\":\"For\u00eat Adr\u00e9naline Carnac\",\"url\":\"https:\\\/\\\/www.foretadrenaline.com\\\/carnac\\\/en\\\/\",\"logo\":{\"@type\":\"ImageObject\",\"inLanguage\":\"en-US\",\"@id\":\"https:\\\/\\\/www.foretadrenaline.com\\\/carnac\\\/en\\\/#\\\/schema\\\/logo\\\/image\\\/\",\"url\":\"https:\\\/\\\/www.foretadrenaline.com\\\/carnac\\\/wp-content\\\/uploads\\\/sites\\\/2\\\/2019\\\/04\\\/ForetAdrenalineCarnac.png\",\"contentUrl\":\"https:\\\/\\\/www.foretadrenaline.com\\\/carnac\\\/wp-content\\\/uploads\\\/sites\\\/2\\\/2019\\\/04\\\/ForetAdrenalineCarnac.png\",\"width\":191,\"height\":173,\"caption\":\"For\u00eat Adr\u00e9naline Carnac\"},\"image\":{\"@id\":\"https:\\\/\\\/www.foretadrenaline.com\\\/carnac\\\/en\\\/#\\\/schema\\\/logo\\\/image\\\/\"},\"sameAs\":[\"https:\\\/\\\/www.facebook.com\\\/foretadrenaline.carnac\\\/\",\"https:\\\/\\\/www.instagram.com\\\/foretadrenaline\\\/\"]}]}<\/script>\n<!-- \/ Yoast SEO plugin. -->","yoast_head_json":{"title":"Privacy Policy - For\u00eat Adr\u00e9naline - Carnac","robots":{"index":"index","follow":"follow","max-snippet":"max-snippet:-1","max-image-preview":"max-image-preview:large","max-video-preview":"max-video-preview:-1"},"canonical":"https:\/\/www.foretadrenaline.com\/carnac\/en\/politique-de-confidentialite\/","og_locale":"en_US","og_type":"article","og_title":"Privacy Policy - For\u00eat Adr\u00e9naline - Carnac","og_description":"Bienvenue sur la page de la politique de confidentialit\u00e9 de For\u00eat Adr\u00e9naline qui respecte votre vie priv\u00e9e et s\u2019engage \u00e0 prot\u00e9ger vos donn\u00e9es personnelles. 1. Introduction Cette politique de confidentialit\u00e9 vous explique comment l\u2019entreprise For\u00eat Adr\u00e9naline utilise vos donn\u00e9es personnelles lorsque vous visitez notre site et interagissez avec nous. Il est important que vous lisiez&hellip;","og_url":"https:\/\/www.foretadrenaline.com\/carnac\/en\/politique-de-confidentialite\/","og_site_name":"For\u00eat Adr\u00e9naline - Carnac","article_publisher":"https:\/\/www.facebook.com\/foretadrenaline.carnac\/","article_modified_time":"2024-07-04T12:30:21+00:00","og_image":[{"width":191,"height":173,"url":"https:\/\/www.foretadrenaline.com\/carnac\/wp-content\/uploads\/sites\/2\/2019\/04\/ForetAdrenalineCarnac.png","type":"image\/png"}],"twitter_card":"summary_large_image","twitter_misc":{"Est. reading time":"6 minutes"},"schema":{"@context":"https:\/\/schema.org","@graph":[{"@type":"WebPage","@id":"https:\/\/www.foretadrenaline.com\/carnac\/en\/politique-de-confidentialite\/","url":"https:\/\/www.foretadrenaline.com\/carnac\/en\/politique-de-confidentialite\/","name":"Privacy Policy - For\u00eat Adr\u00e9naline - Carnac","isPartOf":{"@id":"https:\/\/www.foretadrenaline.com\/carnac\/en\/#website"},"datePublished":"2019-06-12T09:00:56+00:00","dateModified":"2024-07-04T12:30:21+00:00","breadcrumb":{"@id":"https:\/\/www.foretadrenaline.com\/carnac\/en\/politique-de-confidentialite\/#breadcrumb"},"inLanguage":"en-US","potentialAction":[{"@type":"ReadAction","target":["https:\/\/www.foretadrenaline.com\/carnac\/en\/politique-de-confidentialite\/"]}]},{"@type":"BreadcrumbList","@id":"https:\/\/www.foretadrenaline.com\/carnac\/en\/politique-de-confidentialite\/#breadcrumb","itemListElement":[{"@type":"ListItem","position":1,"name":"Accueil","item":"https:\/\/www.foretadrenaline.com\/carnac\/en\/"},{"@type":"ListItem","position":2,"name":"Privacy Policy"}]},{"@type":"WebSite","@id":"https:\/\/www.foretadrenaline.com\/carnac\/en\/#website","url":"https:\/\/www.foretadrenaline.com\/carnac\/en\/","name":"For\u00eat Adr\u00e9naline - Carnac","description":"Un site utilisant For\u00eat Adr\u00e9naline","publisher":{"@id":"https:\/\/www.foretadrenaline.com\/carnac\/en\/#organization"},"potentialAction":[{"@type":"SearchAction","target":{"@type":"EntryPoint","urlTemplate":"https:\/\/www.foretadrenaline.com\/carnac\/en\/?s={search_term_string}"},"query-input":{"@type":"PropertyValueSpecification","valueRequired":true,"valueName":"search_term_string"}}],"inLanguage":"en-US"},{"@type":"Organization","@id":"https:\/\/www.foretadrenaline.com\/carnac\/en\/#organization","name":"For\u00eat Adr\u00e9naline Carnac","url":"https:\/\/www.foretadrenaline.com\/carnac\/en\/","logo":{"@type":"ImageObject","inLanguage":"en-US","@id":"https:\/\/www.foretadrenaline.com\/carnac\/en\/#\/schema\/logo\/image\/","url":"https:\/\/www.foretadrenaline.com\/carnac\/wp-content\/uploads\/sites\/2\/2019\/04\/ForetAdrenalineCarnac.png","contentUrl":"https:\/\/www.foretadrenaline.com\/carnac\/wp-content\/uploads\/sites\/2\/2019\/04\/ForetAdrenalineCarnac.png","width":191,"height":173,"caption":"For\u00eat Adr\u00e9naline Carnac"},"image":{"@id":"https:\/\/www.foretadrenaline.com\/carnac\/en\/#\/schema\/logo\/image\/"},"sameAs":["https:\/\/www.facebook.com\/foretadrenaline.carnac\/","https:\/\/www.instagram.com\/foretadrenaline\/"]}]}},"_links":{"self":[{"href":"https:\/\/www.foretadrenaline.com\/carnac\/en\/wp-json\/wp\/v2\/pages\/1456","targetHints":{"allow":["GET"]}}],"collection":[{"href":"https:\/\/www.foretadrenaline.com\/carnac\/en\/wp-json\/wp\/v2\/pages"}],"about":[{"href":"https:\/\/www.foretadrenaline.com\/carnac\/en\/wp-json\/wp\/v2\/types\/page"}],"author":[{"embeddable":true,"href":"https:\/\/www.foretadrenaline.com\/carnac\/en\/wp-json\/wp\/v2\/users\/2"}],"replies":[{"embeddable":true,"href":"https:\/\/www.foretadrenaline.com\/carnac\/en\/wp-json\/wp\/v2\/comments?post=1456"}],"version-history":[{"count":3,"href":"https:\/\/www.foretadrenaline.com\/carnac\/en\/wp-json\/wp\/v2\/pages\/1456\/revisions"}],"predecessor-version":[{"id":7600,"href":"https:\/\/www.foretadrenaline.com\/carnac\/en\/wp-json\/wp\/v2\/pages\/1456\/revisions\/7600"}],"wp:attachment":[{"href":"https:\/\/www.foretadrenaline.com\/carnac\/en\/wp-json\/wp\/v2\/media?parent=1456"}],"curies":[{"name":"wp","href":"https:\/\/api.w.org\/{rel}","templated":true}]}}