{"id":9032,"date":"2026-03-23T11:27:49","date_gmt":"2026-03-23T10:27:49","guid":{"rendered":"https:\/\/www.foretadrenaline.com\/carnac\/?page_id=9032"},"modified":"2026-04-01T13:55:50","modified_gmt":"2026-04-01T11:55:50","slug":"archery-battle-gel-ball","status":"publish","type":"page","link":"https:\/\/www.foretadrenaline.com\/carnac\/en\/archery-battle-gel-ball\/","title":{"rendered":"Archery Battle and Gel Ball in Carnac: fun adrenaline activities in Brittany"},"content":{"rendered":"\n<h2 class=\"wp-block-heading\">A unique activity in Carnac to enjoy with friends or family<\/h2>\n\n\n\n<figure class=\"wp-block-image size-large\"><img loading=\"lazy\" decoding=\"async\" width=\"1024\" height=\"651\" src=\"https:\/\/www.foretadrenaline.com\/carnac\/wp-content\/uploads\/sites\/2\/2025\/12\/Archery-1_compressed-1024x651.jpg\" alt=\"\" class=\"wp-image-8821\" srcset=\"https:\/\/www.foretadrenaline.com\/carnac\/wp-content\/uploads\/sites\/2\/2025\/12\/Archery-1_compressed-1024x651.jpg 1024w, https:\/\/www.foretadrenaline.com\/carnac\/wp-content\/uploads\/sites\/2\/2025\/12\/Archery-1_compressed-300x191.jpg 300w, https:\/\/www.foretadrenaline.com\/carnac\/wp-content\/uploads\/sites\/2\/2025\/12\/Archery-1_compressed-768x489.jpg 768w, https:\/\/www.foretadrenaline.com\/carnac\/wp-content\/uploads\/sites\/2\/2025\/12\/Archery-1_compressed-1536x977.jpg 1536w, https:\/\/www.foretadrenaline.com\/carnac\/wp-content\/uploads\/sites\/2\/2025\/12\/Archery-1_compressed-scaled.jpg 2048w, https:\/\/www.foretadrenaline.com\/carnac\/wp-content\/uploads\/sites\/2\/2025\/12\/Archery-1_compressed-1200x763.jpg 1200w\" sizes=\"auto, (max-width: 1024px) 100vw, 1024px\" \/><\/figure>\n\n\n\n<p>At <strong>For\u00eat Adr\u00e9naline Carnac adventure park<\/strong>, discover two exciting activities perfect for sharing a fun and active moment: <strong>Archery Battle<\/strong> and <strong>Gel Ball<\/strong>. Located in Carnac in the Morbihan region, in the heart of Brittany, the park offers <strong>original outdoor activities<\/strong> ideal for <strong>friends, families, groups, birthdays, bachelor and bachelorette parties, and team building events<\/strong>.<\/p>\n\n\n\n<p>These action games combine <strong>skill, strategy and teamwork<\/strong> in an exceptional natural setting. Easy to learn and accessible to everyone, they offer an immersive and friendly experience.<\/p>\n\n\n\n<h2 class=\"wp-block-heading\">Archery Battle: archery meets action<\/h2>\n\n\n\n<p><strong>Archery Battle <\/strong> is a fun activity inspired by archery and dodgeball. Players compete in teams using bows and <strong>safe foam-tipped arrows<\/strong>.<\/p>\n\n\n\n<p>The goal is simple: hit your opponents or targets to eliminate the opposing team. This exciting and strategic activity is perfect for <strong>groups of friends, team building events, bachelor parties or birthdays in Morbihan<\/strong>.<\/p>\n\n\n\n<p>Accessible for beginners and experienced players alike, Archery Battle guarantees <strong>fun, adrenaline and lots of laughter<\/strong> in a friendly atmosphere.<\/p>\n\n\n\n<figure class=\"wp-block-embed is-type-video is-provider-youtube wp-block-embed-youtube wp-embed-aspect-16-9 wp-has-aspect-ratio\"><div class=\"wp-block-embed__wrapper\">\n<div class=\"video-container youtube\" style=\"padding-bottom: 56.2%;\"><iframe loading=\"lazy\" title=\"ARCHERY TAG ET BATTLE\" width=\"500\" height=\"281\" src=\"https:\/\/www.youtube.com\/embed\/UUYFwz1oB-A?feature=oembed&#038;enablejsapi=1&#038;origin=https:\/\/www.foretadrenaline.com\" frameborder=\"0\" allow=\"accelerometer; autoplay; clipboard-write; encrypted-media; gyroscope; picture-in-picture; web-share\" referrerpolicy=\"strict-origin-when-cross-origin\" allowfullscreen><\/iframe><\/div>\n<\/div><\/figure>\n\n\n\n<h2 class=\"wp-block-heading\">Gel Ball : an immersive and accessible battle game <\/h2>\n\n\n\n<h3 class=\"wp-block-heading has-orange-color has-text-color has-link-color wp-elements-eb415bc63d6141aa7f6cd56eea5a0ca3\">! 2026 new activity!<\/h3>\n\n\n\n<p><strong>Gel Ball <\/strong> is a shooting game using blasters that fire <strong>biodegradable gel balls<\/strong>. Fun, painless and dynamic, this activity lets players experience a <strong>tactical battle in a natural outdoor environment<\/strong>.<\/p>\n\n\n\n<p>Compared to paintball, Gel Ball is <strong>lighter and more accessible<\/strong>, making it suitable for a wide range of participants including <strong>children<\/strong>, <strong>teenagers, families and groups of friends<\/strong>.<\/p>\n\n\n\n<p>It\u2019s the perfect activity for <strong>fun things to do in Carnac or a group activity<\/strong>.<\/p>\n\n\n\n<figure class=\"wp-block-image size-large\"><img loading=\"lazy\" decoding=\"async\" width=\"768\" height=\"1024\" src=\"https:\/\/www.foretadrenaline.com\/carnac\/wp-content\/uploads\/sites\/2\/2026\/03\/WhatsApp-Image-2026-03-23-at-16.03.35-768x1024.jpeg\" alt=\"gel ball\" class=\"wp-image-9533\" srcset=\"https:\/\/www.foretadrenaline.com\/carnac\/wp-content\/uploads\/sites\/2\/2026\/03\/WhatsApp-Image-2026-03-23-at-16.03.35-768x1024.jpeg 768w, https:\/\/www.foretadrenaline.com\/carnac\/wp-content\/uploads\/sites\/2\/2026\/03\/WhatsApp-Image-2026-03-23-at-16.03.35-225x300.jpeg 225w, https:\/\/www.foretadrenaline.com\/carnac\/wp-content\/uploads\/sites\/2\/2026\/03\/WhatsApp-Image-2026-03-23-at-16.03.35-1152x1536.jpeg 1152w, https:\/\/www.foretadrenaline.com\/carnac\/wp-content\/uploads\/sites\/2\/2026\/03\/WhatsApp-Image-2026-03-23-at-16.03.35-1200x1600.jpeg 1200w, https:\/\/www.foretadrenaline.com\/carnac\/wp-content\/uploads\/sites\/2\/2026\/03\/WhatsApp-Image-2026-03-23-at-16.03.35.jpeg 1536w\" sizes=\"auto, (max-width: 768px) 100vw, 768px\" \/><\/figure>\n\n\n\n<div class=\"wp-block-buttons is-content-justification-center is-layout-flex wp-container-core-buttons-is-layout-16018d1d wp-block-buttons-is-layout-flex\">\n<div class=\"wp-block-button\"><a class=\"wp-block-button__link has-main-color has-second-background-color has-text-color has-background has-link-color wp-element-button\"><strong>More informations about Prices &amp; Activities<\/strong><\/a><\/div>\n<\/div>\n\n\n\n<p><\/p>\n","protected":false},"excerpt":{"rendered":"<p>A unique activity in Carnac to enjoy with friends or family At For\u00eat Adr\u00e9naline Carnac adventure park, discover two exciting activities perfect for sharing a fun and active moment: Archery Battle and Gel Ball. Located in Carnac in the Morbihan region, in the heart of Brittany, the park offers original outdoor activities ideal for friends,&hellip;<\/p>\n","protected":false},"author":2,"featured_media":9533,"parent":0,"menu_order":0,"comment_status":"closed","ping_status":"closed","template":"","meta":{"_acf_changed":false,"footnotes":""},"class_list":["post-9032","page","type-page","status-publish","has-post-thumbnail","hentry"],"acf":[],"yoast_head":"<!-- This site is optimized with the Yoast SEO plugin v27.6 - https:\/\/yoast.com\/product\/yoast-seo-wordpress\/ -->\n<title>Archery Battle &amp; Gel Ball in Carnac | Fun Activity in Brittany<\/title>\n<meta name=\"description\" content=\"Discover Archery Battle and Gel Ball in Carnac at For\u00eat Adr\u00e9naline park. Fun group activity in Brittany for families, friends.\" \/>\n<meta name=\"robots\" content=\"index, follow, max-snippet:-1, max-image-preview:large, max-video-preview:-1\" \/>\n<link rel=\"canonical\" href=\"https:\/\/www.foretadrenaline.com\/carnac\/en\/archery-battle-gel-ball\/\" \/>\n<meta property=\"og:locale\" content=\"en_US\" \/>\n<meta property=\"og:type\" content=\"article\" \/>\n<meta property=\"og:title\" content=\"Archery Battle &amp; Gel Ball in Carnac | Fun Activity in Brittany\" \/>\n<meta property=\"og:description\" content=\"Discover Archery Battle and Gel Ball in Carnac at For\u00eat Adr\u00e9naline park. Fun group activity in Brittany for families, friends.\" \/>\n<meta property=\"og:url\" content=\"https:\/\/www.foretadrenaline.com\/carnac\/en\/archery-battle-gel-ball\/\" \/>\n<meta property=\"og:site_name\" content=\"For\u00eat Adr\u00e9naline - Carnac\" \/>\n<meta property=\"article:publisher\" content=\"https:\/\/www.facebook.com\/foretadrenaline.carnac\/\" \/>\n<meta property=\"article:modified_time\" content=\"2026-04-01T11:55:50+00:00\" \/>\n<meta property=\"og:image\" content=\"https:\/\/www.foretadrenaline.com\/carnac\/wp-content\/uploads\/sites\/2\/2026\/03\/WhatsApp-Image-2026-03-23-at-16.03.35.jpeg\" \/>\n\t<meta property=\"og:image:width\" content=\"1536\" \/>\n\t<meta property=\"og:image:height\" content=\"2048\" \/>\n\t<meta property=\"og:image:type\" content=\"image\/jpeg\" \/>\n<meta name=\"twitter:card\" content=\"summary_large_image\" \/>\n<meta name=\"twitter:label1\" content=\"Est. reading time\" \/>\n\t<meta name=\"twitter:data1\" content=\"2 minutes\" \/>\n<script type=\"application\/ld+json\" class=\"yoast-schema-graph\">{\"@context\":\"https:\\\/\\\/schema.org\",\"@graph\":[{\"@type\":\"WebPage\",\"@id\":\"https:\\\/\\\/www.foretadrenaline.com\\\/carnac\\\/en\\\/archery-battle-gel-ball\\\/\",\"url\":\"https:\\\/\\\/www.foretadrenaline.com\\\/carnac\\\/en\\\/archery-battle-gel-ball\\\/\",\"name\":\"Archery Battle & Gel Ball in Carnac | Fun Activity in Brittany\",\"isPartOf\":{\"@id\":\"https:\\\/\\\/www.foretadrenaline.com\\\/carnac\\\/en\\\/#website\"},\"primaryImageOfPage\":{\"@id\":\"https:\\\/\\\/www.foretadrenaline.com\\\/carnac\\\/en\\\/archery-battle-gel-ball\\\/#primaryimage\"},\"image\":{\"@id\":\"https:\\\/\\\/www.foretadrenaline.com\\\/carnac\\\/en\\\/archery-battle-gel-ball\\\/#primaryimage\"},\"thumbnailUrl\":\"https:\\\/\\\/www.foretadrenaline.com\\\/carnac\\\/wp-content\\\/uploads\\\/sites\\\/2\\\/2026\\\/03\\\/WhatsApp-Image-2026-03-23-at-16.03.35.jpeg\",\"datePublished\":\"2026-03-23T10:27:49+00:00\",\"dateModified\":\"2026-04-01T11:55:50+00:00\",\"description\":\"Discover Archery Battle and Gel Ball in Carnac at For\u00eat Adr\u00e9naline park. Fun group activity in Brittany for families, friends.\",\"breadcrumb\":{\"@id\":\"https:\\\/\\\/www.foretadrenaline.com\\\/carnac\\\/en\\\/archery-battle-gel-ball\\\/#breadcrumb\"},\"inLanguage\":\"en-US\",\"potentialAction\":[{\"@type\":\"ReadAction\",\"target\":[\"https:\\\/\\\/www.foretadrenaline.com\\\/carnac\\\/en\\\/archery-battle-gel-ball\\\/\"]}]},{\"@type\":\"ImageObject\",\"inLanguage\":\"en-US\",\"@id\":\"https:\\\/\\\/www.foretadrenaline.com\\\/carnac\\\/en\\\/archery-battle-gel-ball\\\/#primaryimage\",\"url\":\"https:\\\/\\\/www.foretadrenaline.com\\\/carnac\\\/wp-content\\\/uploads\\\/sites\\\/2\\\/2026\\\/03\\\/WhatsApp-Image-2026-03-23-at-16.03.35.jpeg\",\"contentUrl\":\"https:\\\/\\\/www.foretadrenaline.com\\\/carnac\\\/wp-content\\\/uploads\\\/sites\\\/2\\\/2026\\\/03\\\/WhatsApp-Image-2026-03-23-at-16.03.35.jpeg\",\"width\":1536,\"height\":2048,\"caption\":\"gel ball\"},{\"@type\":\"BreadcrumbList\",\"@id\":\"https:\\\/\\\/www.foretadrenaline.com\\\/carnac\\\/en\\\/archery-battle-gel-ball\\\/#breadcrumb\",\"itemListElement\":[{\"@type\":\"ListItem\",\"position\":1,\"name\":\"Accueil\",\"item\":\"https:\\\/\\\/www.foretadrenaline.com\\\/carnac\\\/en\\\/\"},{\"@type\":\"ListItem\",\"position\":2,\"name\":\"Archery Battle and Gel Ball in Carnac: fun adrenaline activities in Brittany\"}]},{\"@type\":\"WebSite\",\"@id\":\"https:\\\/\\\/www.foretadrenaline.com\\\/carnac\\\/en\\\/#website\",\"url\":\"https:\\\/\\\/www.foretadrenaline.com\\\/carnac\\\/en\\\/\",\"name\":\"For\u00eat Adr\u00e9naline - Carnac\",\"description\":\"Un site utilisant For\u00eat Adr\u00e9naline\",\"publisher\":{\"@id\":\"https:\\\/\\\/www.foretadrenaline.com\\\/carnac\\\/en\\\/#organization\"},\"potentialAction\":[{\"@type\":\"SearchAction\",\"target\":{\"@type\":\"EntryPoint\",\"urlTemplate\":\"https:\\\/\\\/www.foretadrenaline.com\\\/carnac\\\/en\\\/?s={search_term_string}\"},\"query-input\":{\"@type\":\"PropertyValueSpecification\",\"valueRequired\":true,\"valueName\":\"search_term_string\"}}],\"inLanguage\":\"en-US\"},{\"@type\":\"Organization\",\"@id\":\"https:\\\/\\\/www.foretadrenaline.com\\\/carnac\\\/en\\\/#organization\",\"name\":\"For\u00eat Adr\u00e9naline Carnac\",\"url\":\"https:\\\/\\\/www.foretadrenaline.com\\\/carnac\\\/en\\\/\",\"logo\":{\"@type\":\"ImageObject\",\"inLanguage\":\"en-US\",\"@id\":\"https:\\\/\\\/www.foretadrenaline.com\\\/carnac\\\/en\\\/#\\\/schema\\\/logo\\\/image\\\/\",\"url\":\"https:\\\/\\\/www.foretadrenaline.com\\\/carnac\\\/wp-content\\\/uploads\\\/sites\\\/2\\\/2019\\\/04\\\/ForetAdrenalineCarnac.png\",\"contentUrl\":\"https:\\\/\\\/www.foretadrenaline.com\\\/carnac\\\/wp-content\\\/uploads\\\/sites\\\/2\\\/2019\\\/04\\\/ForetAdrenalineCarnac.png\",\"width\":191,\"height\":173,\"caption\":\"For\u00eat Adr\u00e9naline Carnac\"},\"image\":{\"@id\":\"https:\\\/\\\/www.foretadrenaline.com\\\/carnac\\\/en\\\/#\\\/schema\\\/logo\\\/image\\\/\"},\"sameAs\":[\"https:\\\/\\\/www.facebook.com\\\/foretadrenaline.carnac\\\/\",\"https:\\\/\\\/www.instagram.com\\\/foretadrenaline\\\/\"]}]}<\/script>\n<!-- \/ Yoast SEO plugin. -->","yoast_head_json":{"title":"Archery Battle & Gel Ball in Carnac | Fun Activity in Brittany","description":"Discover Archery Battle and Gel Ball in Carnac at For\u00eat Adr\u00e9naline park. Fun group activity in Brittany for families, friends.","robots":{"index":"index","follow":"follow","max-snippet":"max-snippet:-1","max-image-preview":"max-image-preview:large","max-video-preview":"max-video-preview:-1"},"canonical":"https:\/\/www.foretadrenaline.com\/carnac\/en\/archery-battle-gel-ball\/","og_locale":"en_US","og_type":"article","og_title":"Archery Battle & Gel Ball in Carnac | Fun Activity in Brittany","og_description":"Discover Archery Battle and Gel Ball in Carnac at For\u00eat Adr\u00e9naline park. Fun group activity in Brittany for families, friends.","og_url":"https:\/\/www.foretadrenaline.com\/carnac\/en\/archery-battle-gel-ball\/","og_site_name":"For\u00eat Adr\u00e9naline - Carnac","article_publisher":"https:\/\/www.facebook.com\/foretadrenaline.carnac\/","article_modified_time":"2026-04-01T11:55:50+00:00","og_image":[{"width":1536,"height":2048,"url":"https:\/\/www.foretadrenaline.com\/carnac\/wp-content\/uploads\/sites\/2\/2026\/03\/WhatsApp-Image-2026-03-23-at-16.03.35.jpeg","type":"image\/jpeg"}],"twitter_card":"summary_large_image","twitter_misc":{"Est. reading time":"2 minutes"},"schema":{"@context":"https:\/\/schema.org","@graph":[{"@type":"WebPage","@id":"https:\/\/www.foretadrenaline.com\/carnac\/en\/archery-battle-gel-ball\/","url":"https:\/\/www.foretadrenaline.com\/carnac\/en\/archery-battle-gel-ball\/","name":"Archery Battle & Gel Ball in Carnac | Fun Activity in Brittany","isPartOf":{"@id":"https:\/\/www.foretadrenaline.com\/carnac\/en\/#website"},"primaryImageOfPage":{"@id":"https:\/\/www.foretadrenaline.com\/carnac\/en\/archery-battle-gel-ball\/#primaryimage"},"image":{"@id":"https:\/\/www.foretadrenaline.com\/carnac\/en\/archery-battle-gel-ball\/#primaryimage"},"thumbnailUrl":"https:\/\/www.foretadrenaline.com\/carnac\/wp-content\/uploads\/sites\/2\/2026\/03\/WhatsApp-Image-2026-03-23-at-16.03.35.jpeg","datePublished":"2026-03-23T10:27:49+00:00","dateModified":"2026-04-01T11:55:50+00:00","description":"Discover Archery Battle and Gel Ball in Carnac at For\u00eat Adr\u00e9naline park. Fun group activity in Brittany for families, friends.","breadcrumb":{"@id":"https:\/\/www.foretadrenaline.com\/carnac\/en\/archery-battle-gel-ball\/#breadcrumb"},"inLanguage":"en-US","potentialAction":[{"@type":"ReadAction","target":["https:\/\/www.foretadrenaline.com\/carnac\/en\/archery-battle-gel-ball\/"]}]},{"@type":"ImageObject","inLanguage":"en-US","@id":"https:\/\/www.foretadrenaline.com\/carnac\/en\/archery-battle-gel-ball\/#primaryimage","url":"https:\/\/www.foretadrenaline.com\/carnac\/wp-content\/uploads\/sites\/2\/2026\/03\/WhatsApp-Image-2026-03-23-at-16.03.35.jpeg","contentUrl":"https:\/\/www.foretadrenaline.com\/carnac\/wp-content\/uploads\/sites\/2\/2026\/03\/WhatsApp-Image-2026-03-23-at-16.03.35.jpeg","width":1536,"height":2048,"caption":"gel ball"},{"@type":"BreadcrumbList","@id":"https:\/\/www.foretadrenaline.com\/carnac\/en\/archery-battle-gel-ball\/#breadcrumb","itemListElement":[{"@type":"ListItem","position":1,"name":"Accueil","item":"https:\/\/www.foretadrenaline.com\/carnac\/en\/"},{"@type":"ListItem","position":2,"name":"Archery Battle and Gel Ball in Carnac: fun adrenaline activities in Brittany"}]},{"@type":"WebSite","@id":"https:\/\/www.foretadrenaline.com\/carnac\/en\/#website","url":"https:\/\/www.foretadrenaline.com\/carnac\/en\/","name":"For\u00eat Adr\u00e9naline - Carnac","description":"Un site utilisant For\u00eat Adr\u00e9naline","publisher":{"@id":"https:\/\/www.foretadrenaline.com\/carnac\/en\/#organization"},"potentialAction":[{"@type":"SearchAction","target":{"@type":"EntryPoint","urlTemplate":"https:\/\/www.foretadrenaline.com\/carnac\/en\/?s={search_term_string}"},"query-input":{"@type":"PropertyValueSpecification","valueRequired":true,"valueName":"search_term_string"}}],"inLanguage":"en-US"},{"@type":"Organization","@id":"https:\/\/www.foretadrenaline.com\/carnac\/en\/#organization","name":"For\u00eat Adr\u00e9naline Carnac","url":"https:\/\/www.foretadrenaline.com\/carnac\/en\/","logo":{"@type":"ImageObject","inLanguage":"en-US","@id":"https:\/\/www.foretadrenaline.com\/carnac\/en\/#\/schema\/logo\/image\/","url":"https:\/\/www.foretadrenaline.com\/carnac\/wp-content\/uploads\/sites\/2\/2019\/04\/ForetAdrenalineCarnac.png","contentUrl":"https:\/\/www.foretadrenaline.com\/carnac\/wp-content\/uploads\/sites\/2\/2019\/04\/ForetAdrenalineCarnac.png","width":191,"height":173,"caption":"For\u00eat Adr\u00e9naline Carnac"},"image":{"@id":"https:\/\/www.foretadrenaline.com\/carnac\/en\/#\/schema\/logo\/image\/"},"sameAs":["https:\/\/www.facebook.com\/foretadrenaline.carnac\/","https:\/\/www.instagram.com\/foretadrenaline\/"]}]}},"_links":{"self":[{"href":"https:\/\/www.foretadrenaline.com\/carnac\/en\/wp-json\/wp\/v2\/pages\/9032","targetHints":{"allow":["GET"]}}],"collection":[{"href":"https:\/\/www.foretadrenaline.com\/carnac\/en\/wp-json\/wp\/v2\/pages"}],"about":[{"href":"https:\/\/www.foretadrenaline.com\/carnac\/en\/wp-json\/wp\/v2\/types\/page"}],"author":[{"embeddable":true,"href":"https:\/\/www.foretadrenaline.com\/carnac\/en\/wp-json\/wp\/v2\/users\/2"}],"replies":[{"embeddable":true,"href":"https:\/\/www.foretadrenaline.com\/carnac\/en\/wp-json\/wp\/v2\/comments?post=9032"}],"version-history":[{"count":4,"href":"https:\/\/www.foretadrenaline.com\/carnac\/en\/wp-json\/wp\/v2\/pages\/9032\/revisions"}],"predecessor-version":[{"id":9644,"href":"https:\/\/www.foretadrenaline.com\/carnac\/en\/wp-json\/wp\/v2\/pages\/9032\/revisions\/9644"}],"wp:featuredmedia":[{"embeddable":true,"href":"https:\/\/www.foretadrenaline.com\/carnac\/en\/wp-json\/wp\/v2\/media\/9533"}],"wp:attachment":[{"href":"https:\/\/www.foretadrenaline.com\/carnac\/en\/wp-json\/wp\/v2\/media?parent=9032"}],"curies":[{"name":"wp","href":"https:\/\/api.w.org\/{rel}","templated":true}]}}