{"id":9051,"date":"2026-03-23T11:31:22","date_gmt":"2026-03-23T10:31:22","guid":{"rendered":"https:\/\/www.foretadrenaline.com\/carnac\/?page_id=9051"},"modified":"2026-03-23T11:31:23","modified_gmt":"2026-03-23T10:31:23","slug":"thrilling-activity-morbihan-quick-flight","status":"publish","type":"page","link":"https:\/\/www.foretadrenaline.com\/carnac\/en\/thrilling-activity-morbihan-quick-flight\/","title":{"rendered":"Quick flight  : The Big Jump"},"content":{"rendered":"\n<p>Looking for a <strong>thrilling activity in Morbihan<\/strong>? The <strong>Quick Flight at For\u00eat Adr\u00e9naline<\/strong> is made for you.<\/p>\n\n\n\n<p>It all begins with a <strong>climb up the tree<\/strong>, using climbing holds. As you make your way up, the ground slowly moves farther away\u2026 Once you reach the top, the moment has come.<\/p>\n\n\n\n<p>One step forward, take a deep breath\u2026 and <strong>15 meters of open air beneath your feet<\/strong>.<\/p>\n\n\n\n<p>The jump is quick and intense. In just a few seconds, you\u2019ll experience a real <strong>rush of adrenaline in the heart of the forest<\/strong>.<\/p>\n\n\n<div class=\"wp-block-image\">\n<figure class=\"aligncenter size-large\"><img loading=\"lazy\" decoding=\"async\" width=\"683\" height=\"1024\" src=\"https:\/\/www.foretadrenaline.com\/carnac\/wp-content\/uploads\/sites\/2\/2026\/03\/ChatGPT-Image-16-mars-2026-11_41_33-683x1024.png\" alt=\"quick flight\" class=\"wp-image-9042\" style=\"aspect-ratio:1;object-fit:cover\" srcset=\"https:\/\/www.foretadrenaline.com\/carnac\/wp-content\/uploads\/sites\/2\/2026\/03\/ChatGPT-Image-16-mars-2026-11_41_33-683x1024.png 683w, https:\/\/www.foretadrenaline.com\/carnac\/wp-content\/uploads\/sites\/2\/2026\/03\/ChatGPT-Image-16-mars-2026-11_41_33-200x300.png 200w, https:\/\/www.foretadrenaline.com\/carnac\/wp-content\/uploads\/sites\/2\/2026\/03\/ChatGPT-Image-16-mars-2026-11_41_33-768x1152.png 768w, https:\/\/www.foretadrenaline.com\/carnac\/wp-content\/uploads\/sites\/2\/2026\/03\/ChatGPT-Image-16-mars-2026-11_41_33.png 1024w\" sizes=\"auto, (max-width: 683px) 100vw, 683px\" \/><\/figure>\n<\/div>\n\n\n<h3 class=\"wp-block-heading\">Before attempting the Quick Flight<\/h3>\n\n\n\n<p>Ready for the jump? Before taking the leap, here are a few tips to help you make the most of the experience.<\/p>\n\n\n\n<ul class=\"wp-block-list\">\n<li><strong>Wear suitable clothing<\/strong><br>Choose <strong>closed shoes and comfortable clothing<\/strong> so you can climb the tree easily.<\/li>\n<\/ul>\n\n\n\n<ul class=\"wp-block-list\">\n<li><strong>Listen to the instructions<\/strong><br>Our operators will explain how the <strong>Quick Flight<\/strong> works and go through the safety rules before you start the climb.<\/li>\n<\/ul>\n\n\n\n<ul class=\"wp-block-list\">\n<li><strong>The moment of the jump<\/strong><br>Once you reach the top, take a second to enjoy the view of the forest\u2026 then <strong>take the leap ! <\/strong><\/li>\n<\/ul>\n\n\n\n<p class=\"has-text-align-center has-orange-color has-text-color has-link-color wp-elements-d0b0e1aba96572912a1d9763235d6a6f\"><em>The <strong>Quick Flight<\/strong> is a unique moment.<\/em><\/p>\n\n\n\n<p class=\"has-text-align-center has-orange-color has-text-color has-link-color wp-elements-530a83ef3a8b0a97526216b59f3e077e\"><em>Don\u2019t forget to <strong>capture the experience<\/strong> with photos or videos to remember your time at <strong>For\u00eat Adr\u00e9naline<\/strong>.<\/em><\/p>\n\n\n\n<blockquote class=\"wp-block-quote is-layout-flow wp-block-quote-is-layout-flow\">\n<p class=\"has-text-align-center\">Also discover <strong><a href=\"http:\/\/Experience a thrilling activity in Morbihan with the Quick Flight: climb up the tree and take the leap with a 15-meter jump into the air!\" target=\"_blank\" rel=\"noreferrer noopener\">tree climbing courses<\/a>, <a href=\"https:\/\/www.foretadrenaline.com\/carnac\/en\/trampoforest\/\" target=\"_blank\" rel=\"noreferrer noopener\">Tramp\u00d4forest\u00ae<\/a>, the escape game and many other activities<\/strong> at <strong>For\u00eat Adr\u00e9naline adventure park<\/strong> !<\/p>\n<\/blockquote>\n","protected":false},"excerpt":{"rendered":"<p>Looking for a thrilling activity in Morbihan? The Quick Flight at For\u00eat Adr\u00e9naline is made for you. It all begins with a climb up the tree, using climbing holds. As you make your way up, the ground slowly moves farther away\u2026 Once you reach the top, the moment has come. One step forward, take a&hellip;<\/p>\n","protected":false},"author":2,"featured_media":9042,"parent":0,"menu_order":0,"comment_status":"closed","ping_status":"closed","template":"","meta":{"_acf_changed":false,"footnotes":""},"class_list":["post-9051","page","type-page","status-publish","has-post-thumbnail","hentry"],"acf":[],"yoast_head":"<!-- This site is optimized with the Yoast SEO plugin v27.6 - https:\/\/yoast.com\/product\/yoast-seo-wordpress\/ -->\n<title>Quick flight : The Big Jump - For\u00eat Adr\u00e9naline - Carnac<\/title>\n<meta name=\"description\" content=\"Experience a thrilling activity in Morbihan with the Quick Flight: climb up the tree and take the leap with a 15-meter jump into the air !\" \/>\n<meta name=\"robots\" content=\"index, follow, max-snippet:-1, max-image-preview:large, max-video-preview:-1\" \/>\n<link rel=\"canonical\" href=\"https:\/\/www.foretadrenaline.com\/carnac\/en\/thrilling-activity-morbihan-quick-flight\/\" \/>\n<meta property=\"og:locale\" content=\"en_US\" \/>\n<meta property=\"og:type\" content=\"article\" \/>\n<meta property=\"og:title\" content=\"Quick flight : The Big Jump - For\u00eat Adr\u00e9naline - Carnac\" \/>\n<meta property=\"og:description\" content=\"Experience a thrilling activity in Morbihan with the Quick Flight: climb up the tree and take the leap with a 15-meter jump into the air !\" \/>\n<meta property=\"og:url\" content=\"https:\/\/www.foretadrenaline.com\/carnac\/en\/thrilling-activity-morbihan-quick-flight\/\" \/>\n<meta property=\"og:site_name\" content=\"For\u00eat Adr\u00e9naline - Carnac\" \/>\n<meta property=\"article:publisher\" content=\"https:\/\/www.facebook.com\/foretadrenaline.carnac\/\" \/>\n<meta property=\"article:modified_time\" content=\"2026-03-23T10:31:23+00:00\" \/>\n<meta property=\"og:image\" content=\"https:\/\/www.foretadrenaline.com\/carnac\/wp-content\/uploads\/sites\/2\/2026\/03\/ChatGPT-Image-16-mars-2026-11_41_33-683x1024.png\" \/>\n\t<meta property=\"og:image:width\" content=\"683\" \/>\n\t<meta property=\"og:image:height\" content=\"1024\" \/>\n\t<meta property=\"og:image:type\" content=\"image\/png\" \/>\n<meta name=\"twitter:card\" content=\"summary_large_image\" \/>\n<meta name=\"twitter:label1\" content=\"Est. reading time\" \/>\n\t<meta name=\"twitter:data1\" content=\"2 minutes\" \/>\n<script type=\"application\/ld+json\" class=\"yoast-schema-graph\">{\"@context\":\"https:\\\/\\\/schema.org\",\"@graph\":[{\"@type\":\"WebPage\",\"@id\":\"https:\\\/\\\/www.foretadrenaline.com\\\/carnac\\\/en\\\/thrilling-activity-morbihan-quick-flight\\\/\",\"url\":\"https:\\\/\\\/www.foretadrenaline.com\\\/carnac\\\/en\\\/thrilling-activity-morbihan-quick-flight\\\/\",\"name\":\"Quick flight : The Big Jump - For\u00eat Adr\u00e9naline - Carnac\",\"isPartOf\":{\"@id\":\"https:\\\/\\\/www.foretadrenaline.com\\\/carnac\\\/en\\\/#website\"},\"primaryImageOfPage\":{\"@id\":\"https:\\\/\\\/www.foretadrenaline.com\\\/carnac\\\/en\\\/thrilling-activity-morbihan-quick-flight\\\/#primaryimage\"},\"image\":{\"@id\":\"https:\\\/\\\/www.foretadrenaline.com\\\/carnac\\\/en\\\/thrilling-activity-morbihan-quick-flight\\\/#primaryimage\"},\"thumbnailUrl\":\"https:\\\/\\\/www.foretadrenaline.com\\\/carnac\\\/wp-content\\\/uploads\\\/sites\\\/2\\\/2026\\\/03\\\/ChatGPT-Image-16-mars-2026-11_41_33.png\",\"datePublished\":\"2026-03-23T10:31:22+00:00\",\"dateModified\":\"2026-03-23T10:31:23+00:00\",\"description\":\"Experience a thrilling activity in Morbihan with the Quick Flight: climb up the tree and take the leap with a 15-meter jump into the air !\",\"breadcrumb\":{\"@id\":\"https:\\\/\\\/www.foretadrenaline.com\\\/carnac\\\/en\\\/thrilling-activity-morbihan-quick-flight\\\/#breadcrumb\"},\"inLanguage\":\"en-US\",\"potentialAction\":[{\"@type\":\"ReadAction\",\"target\":[\"https:\\\/\\\/www.foretadrenaline.com\\\/carnac\\\/en\\\/thrilling-activity-morbihan-quick-flight\\\/\"]}]},{\"@type\":\"ImageObject\",\"inLanguage\":\"en-US\",\"@id\":\"https:\\\/\\\/www.foretadrenaline.com\\\/carnac\\\/en\\\/thrilling-activity-morbihan-quick-flight\\\/#primaryimage\",\"url\":\"https:\\\/\\\/www.foretadrenaline.com\\\/carnac\\\/wp-content\\\/uploads\\\/sites\\\/2\\\/2026\\\/03\\\/ChatGPT-Image-16-mars-2026-11_41_33.png\",\"contentUrl\":\"https:\\\/\\\/www.foretadrenaline.com\\\/carnac\\\/wp-content\\\/uploads\\\/sites\\\/2\\\/2026\\\/03\\\/ChatGPT-Image-16-mars-2026-11_41_33.png\",\"width\":1024,\"height\":1536,\"caption\":\"quick flight\"},{\"@type\":\"BreadcrumbList\",\"@id\":\"https:\\\/\\\/www.foretadrenaline.com\\\/carnac\\\/en\\\/thrilling-activity-morbihan-quick-flight\\\/#breadcrumb\",\"itemListElement\":[{\"@type\":\"ListItem\",\"position\":1,\"name\":\"Accueil\",\"item\":\"https:\\\/\\\/www.foretadrenaline.com\\\/carnac\\\/en\\\/\"},{\"@type\":\"ListItem\",\"position\":2,\"name\":\"Quick flight : The Big Jump\"}]},{\"@type\":\"WebSite\",\"@id\":\"https:\\\/\\\/www.foretadrenaline.com\\\/carnac\\\/en\\\/#website\",\"url\":\"https:\\\/\\\/www.foretadrenaline.com\\\/carnac\\\/en\\\/\",\"name\":\"For\u00eat Adr\u00e9naline - Carnac\",\"description\":\"Un site utilisant For\u00eat Adr\u00e9naline\",\"publisher\":{\"@id\":\"https:\\\/\\\/www.foretadrenaline.com\\\/carnac\\\/en\\\/#organization\"},\"potentialAction\":[{\"@type\":\"SearchAction\",\"target\":{\"@type\":\"EntryPoint\",\"urlTemplate\":\"https:\\\/\\\/www.foretadrenaline.com\\\/carnac\\\/en\\\/?s={search_term_string}\"},\"query-input\":{\"@type\":\"PropertyValueSpecification\",\"valueRequired\":true,\"valueName\":\"search_term_string\"}}],\"inLanguage\":\"en-US\"},{\"@type\":\"Organization\",\"@id\":\"https:\\\/\\\/www.foretadrenaline.com\\\/carnac\\\/en\\\/#organization\",\"name\":\"For\u00eat Adr\u00e9naline Carnac\",\"url\":\"https:\\\/\\\/www.foretadrenaline.com\\\/carnac\\\/en\\\/\",\"logo\":{\"@type\":\"ImageObject\",\"inLanguage\":\"en-US\",\"@id\":\"https:\\\/\\\/www.foretadrenaline.com\\\/carnac\\\/en\\\/#\\\/schema\\\/logo\\\/image\\\/\",\"url\":\"https:\\\/\\\/www.foretadrenaline.com\\\/carnac\\\/wp-content\\\/uploads\\\/sites\\\/2\\\/2019\\\/04\\\/ForetAdrenalineCarnac.png\",\"contentUrl\":\"https:\\\/\\\/www.foretadrenaline.com\\\/carnac\\\/wp-content\\\/uploads\\\/sites\\\/2\\\/2019\\\/04\\\/ForetAdrenalineCarnac.png\",\"width\":191,\"height\":173,\"caption\":\"For\u00eat Adr\u00e9naline Carnac\"},\"image\":{\"@id\":\"https:\\\/\\\/www.foretadrenaline.com\\\/carnac\\\/en\\\/#\\\/schema\\\/logo\\\/image\\\/\"},\"sameAs\":[\"https:\\\/\\\/www.facebook.com\\\/foretadrenaline.carnac\\\/\",\"https:\\\/\\\/www.instagram.com\\\/foretadrenaline\\\/\"]}]}<\/script>\n<!-- \/ Yoast SEO plugin. -->","yoast_head_json":{"title":"Quick flight : The Big Jump - For\u00eat Adr\u00e9naline - Carnac","description":"Experience a thrilling activity in Morbihan with the Quick Flight: climb up the tree and take the leap with a 15-meter jump into the air !","robots":{"index":"index","follow":"follow","max-snippet":"max-snippet:-1","max-image-preview":"max-image-preview:large","max-video-preview":"max-video-preview:-1"},"canonical":"https:\/\/www.foretadrenaline.com\/carnac\/en\/thrilling-activity-morbihan-quick-flight\/","og_locale":"en_US","og_type":"article","og_title":"Quick flight : The Big Jump - For\u00eat Adr\u00e9naline - Carnac","og_description":"Experience a thrilling activity in Morbihan with the Quick Flight: climb up the tree and take the leap with a 15-meter jump into the air !","og_url":"https:\/\/www.foretadrenaline.com\/carnac\/en\/thrilling-activity-morbihan-quick-flight\/","og_site_name":"For\u00eat Adr\u00e9naline - Carnac","article_publisher":"https:\/\/www.facebook.com\/foretadrenaline.carnac\/","article_modified_time":"2026-03-23T10:31:23+00:00","og_image":[{"width":683,"height":1024,"url":"https:\/\/www.foretadrenaline.com\/carnac\/wp-content\/uploads\/sites\/2\/2026\/03\/ChatGPT-Image-16-mars-2026-11_41_33-683x1024.png","type":"image\/png"}],"twitter_card":"summary_large_image","twitter_misc":{"Est. reading time":"2 minutes"},"schema":{"@context":"https:\/\/schema.org","@graph":[{"@type":"WebPage","@id":"https:\/\/www.foretadrenaline.com\/carnac\/en\/thrilling-activity-morbihan-quick-flight\/","url":"https:\/\/www.foretadrenaline.com\/carnac\/en\/thrilling-activity-morbihan-quick-flight\/","name":"Quick flight : The Big Jump - For\u00eat Adr\u00e9naline - Carnac","isPartOf":{"@id":"https:\/\/www.foretadrenaline.com\/carnac\/en\/#website"},"primaryImageOfPage":{"@id":"https:\/\/www.foretadrenaline.com\/carnac\/en\/thrilling-activity-morbihan-quick-flight\/#primaryimage"},"image":{"@id":"https:\/\/www.foretadrenaline.com\/carnac\/en\/thrilling-activity-morbihan-quick-flight\/#primaryimage"},"thumbnailUrl":"https:\/\/www.foretadrenaline.com\/carnac\/wp-content\/uploads\/sites\/2\/2026\/03\/ChatGPT-Image-16-mars-2026-11_41_33.png","datePublished":"2026-03-23T10:31:22+00:00","dateModified":"2026-03-23T10:31:23+00:00","description":"Experience a thrilling activity in Morbihan with the Quick Flight: climb up the tree and take the leap with a 15-meter jump into the air !","breadcrumb":{"@id":"https:\/\/www.foretadrenaline.com\/carnac\/en\/thrilling-activity-morbihan-quick-flight\/#breadcrumb"},"inLanguage":"en-US","potentialAction":[{"@type":"ReadAction","target":["https:\/\/www.foretadrenaline.com\/carnac\/en\/thrilling-activity-morbihan-quick-flight\/"]}]},{"@type":"ImageObject","inLanguage":"en-US","@id":"https:\/\/www.foretadrenaline.com\/carnac\/en\/thrilling-activity-morbihan-quick-flight\/#primaryimage","url":"https:\/\/www.foretadrenaline.com\/carnac\/wp-content\/uploads\/sites\/2\/2026\/03\/ChatGPT-Image-16-mars-2026-11_41_33.png","contentUrl":"https:\/\/www.foretadrenaline.com\/carnac\/wp-content\/uploads\/sites\/2\/2026\/03\/ChatGPT-Image-16-mars-2026-11_41_33.png","width":1024,"height":1536,"caption":"quick flight"},{"@type":"BreadcrumbList","@id":"https:\/\/www.foretadrenaline.com\/carnac\/en\/thrilling-activity-morbihan-quick-flight\/#breadcrumb","itemListElement":[{"@type":"ListItem","position":1,"name":"Accueil","item":"https:\/\/www.foretadrenaline.com\/carnac\/en\/"},{"@type":"ListItem","position":2,"name":"Quick flight : The Big Jump"}]},{"@type":"WebSite","@id":"https:\/\/www.foretadrenaline.com\/carnac\/en\/#website","url":"https:\/\/www.foretadrenaline.com\/carnac\/en\/","name":"For\u00eat Adr\u00e9naline - Carnac","description":"Un site utilisant For\u00eat Adr\u00e9naline","publisher":{"@id":"https:\/\/www.foretadrenaline.com\/carnac\/en\/#organization"},"potentialAction":[{"@type":"SearchAction","target":{"@type":"EntryPoint","urlTemplate":"https:\/\/www.foretadrenaline.com\/carnac\/en\/?s={search_term_string}"},"query-input":{"@type":"PropertyValueSpecification","valueRequired":true,"valueName":"search_term_string"}}],"inLanguage":"en-US"},{"@type":"Organization","@id":"https:\/\/www.foretadrenaline.com\/carnac\/en\/#organization","name":"For\u00eat Adr\u00e9naline Carnac","url":"https:\/\/www.foretadrenaline.com\/carnac\/en\/","logo":{"@type":"ImageObject","inLanguage":"en-US","@id":"https:\/\/www.foretadrenaline.com\/carnac\/en\/#\/schema\/logo\/image\/","url":"https:\/\/www.foretadrenaline.com\/carnac\/wp-content\/uploads\/sites\/2\/2019\/04\/ForetAdrenalineCarnac.png","contentUrl":"https:\/\/www.foretadrenaline.com\/carnac\/wp-content\/uploads\/sites\/2\/2019\/04\/ForetAdrenalineCarnac.png","width":191,"height":173,"caption":"For\u00eat Adr\u00e9naline Carnac"},"image":{"@id":"https:\/\/www.foretadrenaline.com\/carnac\/en\/#\/schema\/logo\/image\/"},"sameAs":["https:\/\/www.facebook.com\/foretadrenaline.carnac\/","https:\/\/www.instagram.com\/foretadrenaline\/"]}]}},"_links":{"self":[{"href":"https:\/\/www.foretadrenaline.com\/carnac\/en\/wp-json\/wp\/v2\/pages\/9051","targetHints":{"allow":["GET"]}}],"collection":[{"href":"https:\/\/www.foretadrenaline.com\/carnac\/en\/wp-json\/wp\/v2\/pages"}],"about":[{"href":"https:\/\/www.foretadrenaline.com\/carnac\/en\/wp-json\/wp\/v2\/types\/page"}],"author":[{"embeddable":true,"href":"https:\/\/www.foretadrenaline.com\/carnac\/en\/wp-json\/wp\/v2\/users\/2"}],"replies":[{"embeddable":true,"href":"https:\/\/www.foretadrenaline.com\/carnac\/en\/wp-json\/wp\/v2\/comments?post=9051"}],"version-history":[{"count":1,"href":"https:\/\/www.foretadrenaline.com\/carnac\/en\/wp-json\/wp\/v2\/pages\/9051\/revisions"}],"predecessor-version":[{"id":9052,"href":"https:\/\/www.foretadrenaline.com\/carnac\/en\/wp-json\/wp\/v2\/pages\/9051\/revisions\/9052"}],"wp:featuredmedia":[{"embeddable":true,"href":"https:\/\/www.foretadrenaline.com\/carnac\/en\/wp-json\/wp\/v2\/media\/9042"}],"wp:attachment":[{"href":"https:\/\/www.foretadrenaline.com\/carnac\/en\/wp-json\/wp\/v2\/media?parent=9051"}],"curies":[{"name":"wp","href":"https:\/\/api.w.org\/{rel}","templated":true}]}}