{"id":110,"date":"2019-04-17T15:41:24","date_gmt":"2019-04-17T13:41:24","guid":{"rendered":"https:\/\/www.foretadrenaline.com\/carnac\/?page_id=110"},"modified":"2026-03-16T10:28:22","modified_gmt":"2026-03-16T09:28:22","slug":"parc-de-loisirs-en-morbihan-le-trampoforest","status":"publish","type":"page","link":"https:\/\/www.foretadrenaline.com\/carnac\/parc-de-loisirs-en-morbihan-le-trampoforest\/","title":{"rendered":"Tramp\u00d4forest\u00ae"},"content":{"rendered":"\n<h2 class=\"wp-block-heading\">Parc de loisirs en Morbihan, d\u00e9couvrez les parcours filets Tramp\u00d4forest\u00ae (d\u00e8s 4 ans) !<\/h2>\n\n\n\n<h3 class=\"wp-block-heading\">Une aventure pleine de rebondissements !<\/h3>\n\n\n\n<p>D\u00e9couvrez notre <strong>parcours filets Tramp\u00d4forest\u00ae<\/strong> situ\u00e9 au parc <a href=\"https:\/\/www.foretadrenaline.com\/carnac\/\" target=\"_blank\" rel=\"noreferrer noopener\"><strong>For\u00eat Adr\u00e9naline en Morbihan<\/strong>.<\/a><\/p>\n\n\n\n<p>Avec <strong>2500 m\u00b2 de filets suspendus<\/strong> et <strong>3 zones de jeux<\/strong>, profitez d\u2019une activit\u00e9 ludique en pleine for\u00eat.<\/p>\n\n\n\n<p>Accessible <strong>sans baudrier et d\u00e8s 4 ans<\/strong>, c\u2019est l\u2019activit\u00e9 id\u00e9ale \u00e0 partager en famille ou entre amis.<\/p>\n\n\n\n<figure class=\"wp-block-embed is-type-video is-provider-youtube wp-block-embed-youtube wp-embed-aspect-16-9 wp-has-aspect-ratio\"><div class=\"wp-block-embed__wrapper\">\n<div class=\"video-container youtube\" style=\"padding-bottom: 56.2%;\"><iframe loading=\"lazy\" title=\"TRAMPO FOREST V2\" width=\"500\" height=\"281\" src=\"https:\/\/www.youtube.com\/embed\/5L2SQfvNShI?feature=oembed&#038;enablejsapi=1&#038;origin=https:\/\/www.foretadrenaline.com\" frameborder=\"0\" allow=\"accelerometer; autoplay; clipboard-write; encrypted-media; gyroscope; picture-in-picture; web-share\" referrerpolicy=\"strict-origin-when-cross-origin\" allowfullscreen><\/iframe><\/div>\n<\/div><\/figure>\n\n\n\n<h3 class=\"wp-block-heading\">3 zones de jeux dans le Tramp\u00d4forest\u00ae :<\/h3>\n\n\n\n<ul class=\"wp-block-list\">\n<li><strong>Le Spider (4\u20136 ans)<\/strong><br>Un espace sp\u00e9cialement con\u00e7u pour les plus jeunes avec <strong>piscine \u00e0 boules, labyrinthe et cage en filets<\/strong> pour s\u2019amuser en toute s\u00e9curit\u00e9.<\/li>\n<\/ul>\n\n\n\n<ul class=\"wp-block-list\">\n<li><strong>La Mygale (\u00e0 partir de 7 ans)<\/strong><br>\u00c0 <strong>plus de 8 m\u00e8tres de hauteur<\/strong>, \u00e9voluez sur <strong>plus de 1000 m\u00b2 de filets<\/strong> avec <strong>26 ateliers d\u2019\u00e9quilibre et de dext\u00e9rit\u00e9<\/strong> : pont suspendu, mur et arche d\u2019escalade, funambule, tyrolienne\u2026<\/li>\n<\/ul>\n\n\n\n<ul class=\"wp-block-list\">\n<li><strong>Le Kangourou (\u00e0 partir de 7 ans)<\/strong><br>4 grandes salles perch\u00e9es \u00e0 <strong>plus de 12 m\u00e8tres de haut<\/strong> o\u00f9 vous pourrez <strong>sauter, jouer et explorer<\/strong>. Au programme : toboggan, Kangooball et labyrinthes suspendus.<\/li>\n<\/ul>\n\n\n\n<p class=\"has-red-color has-text-color has-link-color wp-elements-289665c9182a56ad6ceefdd5fa47a776\"><em>\u26a0\ufe0f <strong>Accompagnateur en hauteur obligatoire pour les enfants de 7 \u00e0 9 ans<\/strong><\/em> !<\/p>\n\n\n\n<div class=\"wp-block-columns is-layout-flex wp-container-core-columns-is-layout-9d6595d7 wp-block-columns-is-layout-flex\">\n<div class=\"wp-block-column is-layout-flow wp-block-column-is-layout-flow\" style=\"flex-basis:100%\">\n<div class=\"wp-block-group\"><div class=\"wp-block-group__inner-container is-layout-flow wp-block-group-is-layout-flow\">\n<div class=\"wp-block-columns is-layout-flex wp-container-core-columns-is-layout-9d6595d7 wp-block-columns-is-layout-flex\">\n<div class=\"wp-block-column is-layout-flow wp-block-column-is-layout-flow\" style=\"flex-basis:100%\">\n<figure class=\"wp-block-gallery has-nested-images columns-default is-cropped wp-block-gallery-1 is-layout-flex wp-block-gallery-is-layout-flex\">\n<figure class=\"wp-block-image size-large\"><img loading=\"lazy\" decoding=\"async\" width=\"1024\" height=\"683\" data-id=\"6836\" src=\"https:\/\/www.foretadrenaline.com\/carnac\/wp-content\/uploads\/sites\/2\/2024\/02\/Salle-TrampOforest-1024x683.jpg\" alt=\"\" class=\"wp-image-6836\" srcset=\"https:\/\/www.foretadrenaline.com\/carnac\/wp-content\/uploads\/sites\/2\/2024\/02\/Salle-TrampOforest-1024x683.jpg 1024w, https:\/\/www.foretadrenaline.com\/carnac\/wp-content\/uploads\/sites\/2\/2024\/02\/Salle-TrampOforest-300x200.jpg 300w, https:\/\/www.foretadrenaline.com\/carnac\/wp-content\/uploads\/sites\/2\/2024\/02\/Salle-TrampOforest-768x512.jpg 768w, https:\/\/www.foretadrenaline.com\/carnac\/wp-content\/uploads\/sites\/2\/2024\/02\/Salle-TrampOforest-1536x1024.jpg 1536w, https:\/\/www.foretadrenaline.com\/carnac\/wp-content\/uploads\/sites\/2\/2024\/02\/Salle-TrampOforest-scaled.jpg 2048w, https:\/\/www.foretadrenaline.com\/carnac\/wp-content\/uploads\/sites\/2\/2024\/02\/Salle-TrampOforest-1200x800.jpg 1200w\" sizes=\"auto, (max-width: 1024px) 100vw, 1024px\" \/><\/figure>\n\n\n\n<figure class=\"wp-block-image size-large\"><img loading=\"lazy\" decoding=\"async\" width=\"1024\" height=\"683\" data-id=\"6848\" src=\"https:\/\/www.foretadrenaline.com\/carnac\/wp-content\/uploads\/sites\/2\/2024\/02\/studio4k-213-1024x683.jpg\" alt=\"\" class=\"wp-image-6848\" srcset=\"https:\/\/www.foretadrenaline.com\/carnac\/wp-content\/uploads\/sites\/2\/2024\/02\/studio4k-213-1024x683.jpg 1024w, https:\/\/www.foretadrenaline.com\/carnac\/wp-content\/uploads\/sites\/2\/2024\/02\/studio4k-213-300x200.jpg 300w, https:\/\/www.foretadrenaline.com\/carnac\/wp-content\/uploads\/sites\/2\/2024\/02\/studio4k-213-768x512.jpg 768w, https:\/\/www.foretadrenaline.com\/carnac\/wp-content\/uploads\/sites\/2\/2024\/02\/studio4k-213-1536x1024.jpg 1536w, https:\/\/www.foretadrenaline.com\/carnac\/wp-content\/uploads\/sites\/2\/2024\/02\/studio4k-213-scaled.jpg 2048w, https:\/\/www.foretadrenaline.com\/carnac\/wp-content\/uploads\/sites\/2\/2024\/02\/studio4k-213-1200x800.jpg 1200w\" sizes=\"auto, (max-width: 1024px) 100vw, 1024px\" \/><\/figure>\n\n\n\n<figure class=\"wp-block-image size-large\"><img loading=\"lazy\" decoding=\"async\" width=\"1024\" height=\"683\" data-id=\"6838\" src=\"https:\/\/www.foretadrenaline.com\/carnac\/wp-content\/uploads\/sites\/2\/2024\/02\/Piscine-a-balle-1024x683.jpg\" alt=\"\" class=\"wp-image-6838\" srcset=\"https:\/\/www.foretadrenaline.com\/carnac\/wp-content\/uploads\/sites\/2\/2024\/02\/Piscine-a-balle-1024x683.jpg 1024w, https:\/\/www.foretadrenaline.com\/carnac\/wp-content\/uploads\/sites\/2\/2024\/02\/Piscine-a-balle-300x200.jpg 300w, https:\/\/www.foretadrenaline.com\/carnac\/wp-content\/uploads\/sites\/2\/2024\/02\/Piscine-a-balle-768x512.jpg 768w, https:\/\/www.foretadrenaline.com\/carnac\/wp-content\/uploads\/sites\/2\/2024\/02\/Piscine-a-balle-1536x1024.jpg 1536w, https:\/\/www.foretadrenaline.com\/carnac\/wp-content\/uploads\/sites\/2\/2024\/02\/Piscine-a-balle-scaled.jpg 2048w, https:\/\/www.foretadrenaline.com\/carnac\/wp-content\/uploads\/sites\/2\/2024\/02\/Piscine-a-balle-1200x800.jpg 1200w\" sizes=\"auto, (max-width: 1024px) 100vw, 1024px\" \/><\/figure>\n<\/figure>\n<\/div>\n<\/div>\n<\/div><\/div>\n<\/div>\n\n\n\n<div class=\"wp-block-column is-layout-flow wp-block-column-is-layout-flow\"><\/div>\n<\/div>\n\n\n\n<h2 class=\"wp-block-heading\">Le Tramp\u00d4ninja\u00ae d\u00e9barque !<\/h2>\n\n\n\n<p>Inspir\u00e9 du c\u00e9l\u00e8bre jeu <strong>Ninja Warrior<\/strong>, le <strong>Tramp\u00d4Ninja<\/strong>\u00ae vous met au d\u00e9fi sur un parcours fun et sportif m\u00ealant <strong>agilit\u00e9, \u00e9quilibre et rapidit\u00e9<\/strong>.<\/p>\n\n\n\n<p>Franchissez les obstacles, testez votre endurance et relevez le d\u00e9fi comme un v\u00e9ritable ninja !<\/p>\n\n\n\n<figure class=\"wp-block-embed is-type-video is-provider-youtube wp-block-embed-youtube wp-embed-aspect-16-9 wp-has-aspect-ratio\"><div class=\"wp-block-embed__wrapper\">\n<div class=\"video-container youtube\" style=\"padding-bottom: 56.2%;\"><iframe loading=\"lazy\" title=\"Nouveaut\u00e9 : Le Ninja !\" width=\"500\" height=\"281\" src=\"https:\/\/www.youtube.com\/embed\/BovZaJf8BVk?feature=oembed&#038;enablejsapi=1&#038;origin=https:\/\/www.foretadrenaline.com\" frameborder=\"0\" allow=\"accelerometer; autoplay; clipboard-write; encrypted-media; gyroscope; picture-in-picture; web-share\" referrerpolicy=\"strict-origin-when-cross-origin\" allowfullscreen><\/iframe><\/div>\n<\/div><\/figure>\n\n\n\n<figure class=\"wp-block-gallery has-nested-images columns-default is-cropped wp-block-gallery-2 is-layout-flex wp-block-gallery-is-layout-flex\">\n<figure class=\"wp-block-image size-large\"><img loading=\"lazy\" decoding=\"async\" width=\"1024\" height=\"683\" data-id=\"8834\" src=\"https:\/\/www.foretadrenaline.com\/carnac\/wp-content\/uploads\/sites\/2\/2025\/12\/IMG_2657-1024x683.jpg\" alt=\"\" class=\"wp-image-8834\" srcset=\"https:\/\/www.foretadrenaline.com\/carnac\/wp-content\/uploads\/sites\/2\/2025\/12\/IMG_2657-1024x683.jpg 1024w, https:\/\/www.foretadrenaline.com\/carnac\/wp-content\/uploads\/sites\/2\/2025\/12\/IMG_2657-300x200.jpg 300w, https:\/\/www.foretadrenaline.com\/carnac\/wp-content\/uploads\/sites\/2\/2025\/12\/IMG_2657-768x512.jpg 768w, https:\/\/www.foretadrenaline.com\/carnac\/wp-content\/uploads\/sites\/2\/2025\/12\/IMG_2657-1536x1024.jpg 1536w, https:\/\/www.foretadrenaline.com\/carnac\/wp-content\/uploads\/sites\/2\/2025\/12\/IMG_2657-scaled.jpg 2048w, https:\/\/www.foretadrenaline.com\/carnac\/wp-content\/uploads\/sites\/2\/2025\/12\/IMG_2657-1200x800.jpg 1200w\" sizes=\"auto, (max-width: 1024px) 100vw, 1024px\" \/><\/figure>\n\n\n\n<figure class=\"wp-block-image size-large\"><img loading=\"lazy\" decoding=\"async\" width=\"1024\" height=\"576\" data-id=\"8832\" src=\"https:\/\/www.foretadrenaline.com\/carnac\/wp-content\/uploads\/sites\/2\/2025\/12\/DJI_0007-1024x576.jpg\" alt=\"\" class=\"wp-image-8832\" srcset=\"https:\/\/www.foretadrenaline.com\/carnac\/wp-content\/uploads\/sites\/2\/2025\/12\/DJI_0007-1024x576.jpg 1024w, https:\/\/www.foretadrenaline.com\/carnac\/wp-content\/uploads\/sites\/2\/2025\/12\/DJI_0007-300x169.jpg 300w, https:\/\/www.foretadrenaline.com\/carnac\/wp-content\/uploads\/sites\/2\/2025\/12\/DJI_0007-768x432.jpg 768w, https:\/\/www.foretadrenaline.com\/carnac\/wp-content\/uploads\/sites\/2\/2025\/12\/DJI_0007-1536x864.jpg 1536w, https:\/\/www.foretadrenaline.com\/carnac\/wp-content\/uploads\/sites\/2\/2025\/12\/DJI_0007-scaled.jpg 2048w, https:\/\/www.foretadrenaline.com\/carnac\/wp-content\/uploads\/sites\/2\/2025\/12\/DJI_0007-1200x675.jpg 1200w\" sizes=\"auto, (max-width: 1024px) 100vw, 1024px\" \/><\/figure>\n\n\n\n<figure class=\"wp-block-image size-large\"><img loading=\"lazy\" decoding=\"async\" width=\"1024\" height=\"768\" data-id=\"9011\" src=\"https:\/\/www.foretadrenaline.com\/carnac\/wp-content\/uploads\/sites\/2\/2026\/03\/WhatsApp-Image-2025-07-25-a-10.22.59_6bbcda03-2-1024x768.jpg\" alt=\"\" class=\"wp-image-9011\" srcset=\"https:\/\/www.foretadrenaline.com\/carnac\/wp-content\/uploads\/sites\/2\/2026\/03\/WhatsApp-Image-2025-07-25-a-10.22.59_6bbcda03-2-1024x768.jpg 1024w, https:\/\/www.foretadrenaline.com\/carnac\/wp-content\/uploads\/sites\/2\/2026\/03\/WhatsApp-Image-2025-07-25-a-10.22.59_6bbcda03-2-300x225.jpg 300w, https:\/\/www.foretadrenaline.com\/carnac\/wp-content\/uploads\/sites\/2\/2026\/03\/WhatsApp-Image-2025-07-25-a-10.22.59_6bbcda03-2-768x576.jpg 768w, https:\/\/www.foretadrenaline.com\/carnac\/wp-content\/uploads\/sites\/2\/2026\/03\/WhatsApp-Image-2025-07-25-a-10.22.59_6bbcda03-2-1536x1152.jpg 1536w, https:\/\/www.foretadrenaline.com\/carnac\/wp-content\/uploads\/sites\/2\/2026\/03\/WhatsApp-Image-2025-07-25-a-10.22.59_6bbcda03-2-1200x900.jpg 1200w, https:\/\/www.foretadrenaline.com\/carnac\/wp-content\/uploads\/sites\/2\/2026\/03\/WhatsApp-Image-2025-07-25-a-10.22.59_6bbcda03-2.jpg 1600w\" sizes=\"auto, (max-width: 1024px) 100vw, 1024px\" \/><\/figure>\n<\/figure>\n","protected":false},"excerpt":{"rendered":"<p>Parc de loisirs en Morbihan, d\u00e9couvrez les parcours filets Tramp\u00d4forest\u00ae (d\u00e8s 4 ans) ! Une aventure pleine de rebondissements ! D\u00e9couvrez notre parcours filets Tramp\u00d4forest\u00ae situ\u00e9 au parc For\u00eat Adr\u00e9naline en Morbihan. Avec 2500 m\u00b2 de filets suspendus et 3 zones de jeux, profitez d\u2019une activit\u00e9 ludique en pleine for\u00eat. Accessible sans baudrier et d\u00e8s&hellip;<\/p>\n","protected":false},"author":1,"featured_media":6848,"parent":0,"menu_order":0,"comment_status":"closed","ping_status":"closed","template":"template-produit.php","meta":{"_acf_changed":false,"footnotes":""},"class_list":["post-110","page","type-page","status-publish","has-post-thumbnail","hentry"],"acf":[],"yoast_head":"<!-- This site is optimized with the Yoast SEO plugin v27.4 - https:\/\/yoast.com\/product\/yoast-seo-wordpress\/ -->\n<title>Parc de loisirs en Morbihan - parcours filets Tramp\u00d4forest\u00ae<\/title>\n<meta name=\"description\" content=\"Au sein du parc de loisirs (Morbihan) For\u00eat Adr\u00e9naline, venez d\u00e9couvrir notre parcours filets Tramp\u00d4forest\u00ae accessible sans baudriers.\" \/>\n<meta name=\"robots\" content=\"index, follow, max-snippet:-1, max-image-preview:large, max-video-preview:-1\" \/>\n<link rel=\"canonical\" href=\"https:\/\/www.foretadrenaline.com\/carnac\/parc-de-loisirs-en-morbihan-le-trampoforest\/\" \/>\n<meta property=\"og:locale\" content=\"fr_FR\" \/>\n<meta property=\"og:type\" content=\"article\" \/>\n<meta property=\"og:title\" content=\"Parc de loisirs en Morbihan - parcours filets Tramp\u00d4forest\u00ae\" \/>\n<meta property=\"og:description\" content=\"Au sein du parc de loisirs (Morbihan) For\u00eat Adr\u00e9naline, venez d\u00e9couvrir notre parcours filets Tramp\u00d4forest\u00ae accessible sans baudriers.\" \/>\n<meta property=\"og:url\" content=\"https:\/\/www.foretadrenaline.com\/carnac\/parc-de-loisirs-en-morbihan-le-trampoforest\/\" \/>\n<meta property=\"og:site_name\" content=\"For\u00eat Adr\u00e9naline - Carnac\" \/>\n<meta property=\"article:publisher\" content=\"https:\/\/www.facebook.com\/foretadrenaline.carnac\/\" \/>\n<meta property=\"article:modified_time\" content=\"2026-03-16T09:28:22+00:00\" \/>\n<meta property=\"og:image\" content=\"https:\/\/www.foretadrenaline.com\/carnac\/wp-content\/uploads\/sites\/2\/2024\/02\/studio4k-213-scaled.jpg\" \/>\n\t<meta property=\"og:image:width\" content=\"2048\" \/>\n\t<meta property=\"og:image:height\" content=\"1365\" \/>\n\t<meta property=\"og:image:type\" content=\"image\/jpeg\" \/>\n<meta name=\"twitter:card\" content=\"summary_large_image\" \/>\n<meta name=\"twitter:label1\" content=\"Dur\u00e9e de lecture estim\u00e9e\" \/>\n\t<meta name=\"twitter:data1\" content=\"3 minutes\" \/>\n<script type=\"application\/ld+json\" class=\"yoast-schema-graph\">{\"@context\":\"https:\\\/\\\/schema.org\",\"@graph\":[{\"@type\":\"WebPage\",\"@id\":\"https:\\\/\\\/www.foretadrenaline.com\\\/carnac\\\/parc-de-loisirs-en-morbihan-le-trampoforest\\\/\",\"url\":\"https:\\\/\\\/www.foretadrenaline.com\\\/carnac\\\/parc-de-loisirs-en-morbihan-le-trampoforest\\\/\",\"name\":\"Parc de loisirs en Morbihan - parcours filets Tramp\u00d4forest\u00ae\",\"isPartOf\":{\"@id\":\"https:\\\/\\\/www.foretadrenaline.com\\\/carnac\\\/#website\"},\"primaryImageOfPage\":{\"@id\":\"https:\\\/\\\/www.foretadrenaline.com\\\/carnac\\\/parc-de-loisirs-en-morbihan-le-trampoforest\\\/#primaryimage\"},\"image\":{\"@id\":\"https:\\\/\\\/www.foretadrenaline.com\\\/carnac\\\/parc-de-loisirs-en-morbihan-le-trampoforest\\\/#primaryimage\"},\"thumbnailUrl\":\"https:\\\/\\\/www.foretadrenaline.com\\\/carnac\\\/wp-content\\\/uploads\\\/sites\\\/2\\\/2024\\\/02\\\/studio4k-213-scaled.jpg\",\"datePublished\":\"2019-04-17T13:41:24+00:00\",\"dateModified\":\"2026-03-16T09:28:22+00:00\",\"description\":\"Au sein du parc de loisirs (Morbihan) For\u00eat Adr\u00e9naline, venez d\u00e9couvrir notre parcours filets Tramp\u00d4forest\u00ae accessible sans baudriers.\",\"breadcrumb\":{\"@id\":\"https:\\\/\\\/www.foretadrenaline.com\\\/carnac\\\/parc-de-loisirs-en-morbihan-le-trampoforest\\\/#breadcrumb\"},\"inLanguage\":\"fr-FR\",\"potentialAction\":[{\"@type\":\"ReadAction\",\"target\":[\"https:\\\/\\\/www.foretadrenaline.com\\\/carnac\\\/parc-de-loisirs-en-morbihan-le-trampoforest\\\/\"]}]},{\"@type\":\"ImageObject\",\"inLanguage\":\"fr-FR\",\"@id\":\"https:\\\/\\\/www.foretadrenaline.com\\\/carnac\\\/parc-de-loisirs-en-morbihan-le-trampoforest\\\/#primaryimage\",\"url\":\"https:\\\/\\\/www.foretadrenaline.com\\\/carnac\\\/wp-content\\\/uploads\\\/sites\\\/2\\\/2024\\\/02\\\/studio4k-213-scaled.jpg\",\"contentUrl\":\"https:\\\/\\\/www.foretadrenaline.com\\\/carnac\\\/wp-content\\\/uploads\\\/sites\\\/2\\\/2024\\\/02\\\/studio4k-213-scaled.jpg\",\"width\":2048,\"height\":1365},{\"@type\":\"BreadcrumbList\",\"@id\":\"https:\\\/\\\/www.foretadrenaline.com\\\/carnac\\\/parc-de-loisirs-en-morbihan-le-trampoforest\\\/#breadcrumb\",\"itemListElement\":[{\"@type\":\"ListItem\",\"position\":1,\"name\":\"Accueil\",\"item\":\"https:\\\/\\\/www.foretadrenaline.com\\\/carnac\\\/\"},{\"@type\":\"ListItem\",\"position\":2,\"name\":\"Tramp\u00d4forest\u00ae\"}]},{\"@type\":\"WebSite\",\"@id\":\"https:\\\/\\\/www.foretadrenaline.com\\\/carnac\\\/#website\",\"url\":\"https:\\\/\\\/www.foretadrenaline.com\\\/carnac\\\/\",\"name\":\"For\u00eat Adr\u00e9naline - Carnac\",\"description\":\"Un site utilisant For\u00eat Adr\u00e9naline\",\"publisher\":{\"@id\":\"https:\\\/\\\/www.foretadrenaline.com\\\/carnac\\\/#organization\"},\"potentialAction\":[{\"@type\":\"SearchAction\",\"target\":{\"@type\":\"EntryPoint\",\"urlTemplate\":\"https:\\\/\\\/www.foretadrenaline.com\\\/carnac\\\/?s={search_term_string}\"},\"query-input\":{\"@type\":\"PropertyValueSpecification\",\"valueRequired\":true,\"valueName\":\"search_term_string\"}}],\"inLanguage\":\"fr-FR\"},{\"@type\":\"Organization\",\"@id\":\"https:\\\/\\\/www.foretadrenaline.com\\\/carnac\\\/#organization\",\"name\":\"For\u00eat Adr\u00e9naline Carnac\",\"url\":\"https:\\\/\\\/www.foretadrenaline.com\\\/carnac\\\/\",\"logo\":{\"@type\":\"ImageObject\",\"inLanguage\":\"fr-FR\",\"@id\":\"https:\\\/\\\/www.foretadrenaline.com\\\/carnac\\\/#\\\/schema\\\/logo\\\/image\\\/\",\"url\":\"https:\\\/\\\/www.foretadrenaline.com\\\/carnac\\\/wp-content\\\/uploads\\\/sites\\\/2\\\/2019\\\/04\\\/ForetAdrenalineCarnac.png\",\"contentUrl\":\"https:\\\/\\\/www.foretadrenaline.com\\\/carnac\\\/wp-content\\\/uploads\\\/sites\\\/2\\\/2019\\\/04\\\/ForetAdrenalineCarnac.png\",\"width\":191,\"height\":173,\"caption\":\"For\u00eat Adr\u00e9naline Carnac\"},\"image\":{\"@id\":\"https:\\\/\\\/www.foretadrenaline.com\\\/carnac\\\/#\\\/schema\\\/logo\\\/image\\\/\"},\"sameAs\":[\"https:\\\/\\\/www.facebook.com\\\/foretadrenaline.carnac\\\/\",\"https:\\\/\\\/www.instagram.com\\\/foretadrenaline\\\/\"]}]}<\/script>\n<!-- \/ Yoast SEO plugin. -->","yoast_head_json":{"title":"Parc de loisirs en Morbihan - parcours filets Tramp\u00d4forest\u00ae","description":"Au sein du parc de loisirs (Morbihan) For\u00eat Adr\u00e9naline, venez d\u00e9couvrir notre parcours filets Tramp\u00d4forest\u00ae accessible sans baudriers.","robots":{"index":"index","follow":"follow","max-snippet":"max-snippet:-1","max-image-preview":"max-image-preview:large","max-video-preview":"max-video-preview:-1"},"canonical":"https:\/\/www.foretadrenaline.com\/carnac\/parc-de-loisirs-en-morbihan-le-trampoforest\/","og_locale":"fr_FR","og_type":"article","og_title":"Parc de loisirs en Morbihan - parcours filets Tramp\u00d4forest\u00ae","og_description":"Au sein du parc de loisirs (Morbihan) For\u00eat Adr\u00e9naline, venez d\u00e9couvrir notre parcours filets Tramp\u00d4forest\u00ae accessible sans baudriers.","og_url":"https:\/\/www.foretadrenaline.com\/carnac\/parc-de-loisirs-en-morbihan-le-trampoforest\/","og_site_name":"For\u00eat Adr\u00e9naline - Carnac","article_publisher":"https:\/\/www.facebook.com\/foretadrenaline.carnac\/","article_modified_time":"2026-03-16T09:28:22+00:00","og_image":[{"width":2048,"height":1365,"url":"https:\/\/www.foretadrenaline.com\/carnac\/wp-content\/uploads\/sites\/2\/2024\/02\/studio4k-213-scaled.jpg","type":"image\/jpeg"}],"twitter_card":"summary_large_image","twitter_misc":{"Dur\u00e9e de lecture estim\u00e9e":"3 minutes"},"schema":{"@context":"https:\/\/schema.org","@graph":[{"@type":"WebPage","@id":"https:\/\/www.foretadrenaline.com\/carnac\/parc-de-loisirs-en-morbihan-le-trampoforest\/","url":"https:\/\/www.foretadrenaline.com\/carnac\/parc-de-loisirs-en-morbihan-le-trampoforest\/","name":"Parc de loisirs en Morbihan - parcours filets Tramp\u00d4forest\u00ae","isPartOf":{"@id":"https:\/\/www.foretadrenaline.com\/carnac\/#website"},"primaryImageOfPage":{"@id":"https:\/\/www.foretadrenaline.com\/carnac\/parc-de-loisirs-en-morbihan-le-trampoforest\/#primaryimage"},"image":{"@id":"https:\/\/www.foretadrenaline.com\/carnac\/parc-de-loisirs-en-morbihan-le-trampoforest\/#primaryimage"},"thumbnailUrl":"https:\/\/www.foretadrenaline.com\/carnac\/wp-content\/uploads\/sites\/2\/2024\/02\/studio4k-213-scaled.jpg","datePublished":"2019-04-17T13:41:24+00:00","dateModified":"2026-03-16T09:28:22+00:00","description":"Au sein du parc de loisirs (Morbihan) For\u00eat Adr\u00e9naline, venez d\u00e9couvrir notre parcours filets Tramp\u00d4forest\u00ae accessible sans baudriers.","breadcrumb":{"@id":"https:\/\/www.foretadrenaline.com\/carnac\/parc-de-loisirs-en-morbihan-le-trampoforest\/#breadcrumb"},"inLanguage":"fr-FR","potentialAction":[{"@type":"ReadAction","target":["https:\/\/www.foretadrenaline.com\/carnac\/parc-de-loisirs-en-morbihan-le-trampoforest\/"]}]},{"@type":"ImageObject","inLanguage":"fr-FR","@id":"https:\/\/www.foretadrenaline.com\/carnac\/parc-de-loisirs-en-morbihan-le-trampoforest\/#primaryimage","url":"https:\/\/www.foretadrenaline.com\/carnac\/wp-content\/uploads\/sites\/2\/2024\/02\/studio4k-213-scaled.jpg","contentUrl":"https:\/\/www.foretadrenaline.com\/carnac\/wp-content\/uploads\/sites\/2\/2024\/02\/studio4k-213-scaled.jpg","width":2048,"height":1365},{"@type":"BreadcrumbList","@id":"https:\/\/www.foretadrenaline.com\/carnac\/parc-de-loisirs-en-morbihan-le-trampoforest\/#breadcrumb","itemListElement":[{"@type":"ListItem","position":1,"name":"Accueil","item":"https:\/\/www.foretadrenaline.com\/carnac\/"},{"@type":"ListItem","position":2,"name":"Tramp\u00d4forest\u00ae"}]},{"@type":"WebSite","@id":"https:\/\/www.foretadrenaline.com\/carnac\/#website","url":"https:\/\/www.foretadrenaline.com\/carnac\/","name":"For\u00eat Adr\u00e9naline - Carnac","description":"Un site utilisant For\u00eat Adr\u00e9naline","publisher":{"@id":"https:\/\/www.foretadrenaline.com\/carnac\/#organization"},"potentialAction":[{"@type":"SearchAction","target":{"@type":"EntryPoint","urlTemplate":"https:\/\/www.foretadrenaline.com\/carnac\/?s={search_term_string}"},"query-input":{"@type":"PropertyValueSpecification","valueRequired":true,"valueName":"search_term_string"}}],"inLanguage":"fr-FR"},{"@type":"Organization","@id":"https:\/\/www.foretadrenaline.com\/carnac\/#organization","name":"For\u00eat Adr\u00e9naline Carnac","url":"https:\/\/www.foretadrenaline.com\/carnac\/","logo":{"@type":"ImageObject","inLanguage":"fr-FR","@id":"https:\/\/www.foretadrenaline.com\/carnac\/#\/schema\/logo\/image\/","url":"https:\/\/www.foretadrenaline.com\/carnac\/wp-content\/uploads\/sites\/2\/2019\/04\/ForetAdrenalineCarnac.png","contentUrl":"https:\/\/www.foretadrenaline.com\/carnac\/wp-content\/uploads\/sites\/2\/2019\/04\/ForetAdrenalineCarnac.png","width":191,"height":173,"caption":"For\u00eat Adr\u00e9naline Carnac"},"image":{"@id":"https:\/\/www.foretadrenaline.com\/carnac\/#\/schema\/logo\/image\/"},"sameAs":["https:\/\/www.facebook.com\/foretadrenaline.carnac\/","https:\/\/www.instagram.com\/foretadrenaline\/"]}]}},"_links":{"self":[{"href":"https:\/\/www.foretadrenaline.com\/carnac\/wp-json\/wp\/v2\/pages\/110","targetHints":{"allow":["GET"]}}],"collection":[{"href":"https:\/\/www.foretadrenaline.com\/carnac\/wp-json\/wp\/v2\/pages"}],"about":[{"href":"https:\/\/www.foretadrenaline.com\/carnac\/wp-json\/wp\/v2\/types\/page"}],"author":[{"embeddable":true,"href":"https:\/\/www.foretadrenaline.com\/carnac\/wp-json\/wp\/v2\/users\/1"}],"replies":[{"embeddable":true,"href":"https:\/\/www.foretadrenaline.com\/carnac\/wp-json\/wp\/v2\/comments?post=110"}],"version-history":[{"count":47,"href":"https:\/\/www.foretadrenaline.com\/carnac\/wp-json\/wp\/v2\/pages\/110\/revisions"}],"predecessor-version":[{"id":9013,"href":"https:\/\/www.foretadrenaline.com\/carnac\/wp-json\/wp\/v2\/pages\/110\/revisions\/9013"}],"wp:featuredmedia":[{"embeddable":true,"href":"https:\/\/www.foretadrenaline.com\/carnac\/wp-json\/wp\/v2\/media\/6848"}],"wp:attachment":[{"href":"https:\/\/www.foretadrenaline.com\/carnac\/wp-json\/wp\/v2\/media?parent=110"}],"curies":[{"name":"wp","href":"https:\/\/api.w.org\/{rel}","templated":true}]}}