{"id":113,"date":"2019-04-17T15:42:07","date_gmt":"2019-04-17T13:42:07","guid":{"rendered":"https:\/\/www.foretadrenaline.com\/carnac\/?page_id=113"},"modified":"2024-12-18T14:04:16","modified_gmt":"2024-12-18T13:04:16","slug":"foret-adrenaline-carnac-ou-nous-trouver","status":"publish","type":"page","link":"https:\/\/www.foretadrenaline.com\/carnac\/foret-adrenaline-carnac-ou-nous-trouver\/","title":{"rendered":"O\u00f9 nous trouver ?"},"content":{"rendered":"\n<h2 class=\"wp-block-heading\">Le parc accrobranche Foret Adrenaline Carnac, un lieu id\u00e9al entre terre et mer&nbsp;! <\/h2>\n\n\n\n<p>Vous pouvez nous trouver \u00e0 quelques minutes des plages de Carnac (Golfe du Morbihan) et de sentiers c\u00f4tiers. Foret adrenaline Carnac se trouve sur la route du Hahon, entre Ploemel et Erdeven, et \u00e0 quelques kilom\u00e8tres du centre ville de Carnac.  <\/p>\n\n\n<div class=\"wp-block-image\">\n<figure class=\"aligncenter\"><img loading=\"lazy\" decoding=\"async\" width=\"1024\" height=\"641\" src=\"https:\/\/www.foretadrenaline.com\/carnac\/wp-content\/uploads\/sites\/2\/2019\/05\/Capture-d\u2019\u00e9cran-2018-05-23-\u00e0-10.53.12-1024x641.png\" alt=\"plan du parc foret adrenaline carnac\" class=\"wp-image-244\" srcset=\"https:\/\/www.foretadrenaline.com\/carnac\/wp-content\/uploads\/sites\/2\/2019\/05\/Capture-d\u2019\u00e9cran-2018-05-23-\u00e0-10.53.12-1024x641.png 1024w, https:\/\/www.foretadrenaline.com\/carnac\/wp-content\/uploads\/sites\/2\/2019\/05\/Capture-d\u2019\u00e9cran-2018-05-23-\u00e0-10.53.12-300x188.png 300w, https:\/\/www.foretadrenaline.com\/carnac\/wp-content\/uploads\/sites\/2\/2019\/05\/Capture-d\u2019\u00e9cran-2018-05-23-\u00e0-10.53.12-768x481.png 768w, https:\/\/www.foretadrenaline.com\/carnac\/wp-content\/uploads\/sites\/2\/2019\/05\/Capture-d\u2019\u00e9cran-2018-05-23-\u00e0-10.53.12-1200x751.png 1200w, https:\/\/www.foretadrenaline.com\/carnac\/wp-content\/uploads\/sites\/2\/2019\/05\/Capture-d\u2019\u00e9cran-2018-05-23-\u00e0-10.53.12.png 1674w\" sizes=\"auto, (max-width: 1024px) 100vw, 1024px\" \/><figcaption class=\"wp-element-caption\">Plan d&rsquo;acc\u00e8s au parc<\/figcaption><\/figure>\n<\/div>\n\n\n<p>Adresse : For\u00eat Adr\u00e9naline,  Route du Hahon, 56340 CARNAC<br><strong>Coordonn\u00e9es GPS: Lat. : 47.64, Long. : -3.09<\/strong><\/p>\n\n\n\n<div class=\"wp-block-buttons is-content-justification-center is-layout-flex wp-container-core-buttons-is-layout-16018d1d wp-block-buttons-is-layout-flex\">\n<div class=\"wp-block-button\"><a class=\"wp-block-button__link wp-element-button\" href=\"https:\/\/www.google.com\/maps\/place\/For%C3%AAt+Adr%C3%A9naline+Carnac+-+Parc+accrobranche\/@47.6361148,-3.0907564,14.51z\/data=!4m5!3m4!1s0x48106c5a3ceac6f7:0x179a8a8e9692475e!8m2!3d47.6407819!4d-3.0948652\" target=\"_blank\" rel=\"noreferrer noopener\">Nous situer sur Google Map<\/a><\/div>\n<\/div>\n\n\n<h2>Nous situer !<\/h2>\n<p>Le parc se situe en plein milieu d\u2019une for\u00eat de 5 hectares. Un sentier vous oriente jusqu\u2019\u00e0 l\u2019accueil, accessible en poussettes, \u00e0 v\u00e9lo,&#8230;. Si vous \u00eates accompagnateur, vous pouvez profiter de vous balader sur nos sentiers et d\u00e9couvrir le parc ou bien vous pr\u00e9lasser sur la terrasse.<\/p>\n<p><strong>Plusieurs possibilit\u00e9 s\u2019offrent \u00e0 vous pour venir jusqu\u2019au parc :\u00a0<br \/><\/strong>A v\u00e9lo, en voiture, en transport en commun ou en train s\u2019arr\u00eatant \u00e0 Ploemel. Un grand parking \u00e0 l\u2019entr\u00e9e du parc vous permettra de vous garer tranquillement le temps de l\u2019activit\u00e9.<\/p>\n<p>Villes les plus proches : Ploemel : 1mn, Erdeven : 2mn, Auray : 10mn, Bourg de Carnac : 10 min<\/p>\n<p><strong>En provenance de :<\/strong><\/p>\n<p><strong>\u2013\u00a0 Lorient (30 min) ou Vannes (20 min)<\/strong> : Prendre la sortie Carnac \/ Quiberon sur la RN 165, suivre la direction de Ploemel puis Erdeven<\/p>\n<p><strong>\u2013 Carnac centre (10 min)<\/strong> : prendre la direction de Ploemel puis, au rond-point tout droit, (garage le Bodic visible sur votre gauche)<\/p>\n<p><strong>Pensez \u00e0 partir quelques minutes en avance afin de ne pas rater le d\u00e9part !<\/strong><\/p>\n<p><div class=\"video-container youtube\" style=\"padding-bottom: 56.2%;\"><iframe loading=\"lazy\" title=\"D\u00e9couvrez le parc For\u00eat Adr\u00e9naline\" width=\"500\" height=\"281\" src=\"https:\/\/www.youtube.com\/embed\/G_AezKxZlNI?feature=oembed&#038;enablejsapi=1&#038;origin=https:\/\/www.foretadrenaline.com\" frameborder=\"0\" allow=\"accelerometer; autoplay; clipboard-write; encrypted-media; gyroscope; picture-in-picture; web-share\" referrerpolicy=\"strict-origin-when-cross-origin\" allowfullscreen><\/iframe><\/div><\/p>\n<h2><!--EndFragment-->Les tr\u00e9sors du Morbihan<\/h2>\n<p>Des vacances en perspective ? Un besoin de pause lors d\u2019un week-end ? ou bien m\u00eame une journ\u00e9e pour d\u00e9compresser ? Venez d\u00e9couvrir les horizons et les tr\u00e9sors du Morbihan !<\/p>\n<p>Faites vous plaisir et joignez l\u2019utile \u00e0 l\u2019agr\u00e9able, en vous accordant un temps de d\u00e9tente au Parc Foret Adr\u00e9naline Carnac, apr\u00e8s avoir visit\u00e9 nos magnifiques c\u00f4tes sauvages \u00e0 Quiberon, ou apr\u00e8s avoir vals\u00e9 autours des menhirs et dolmens, visit\u00e9 les sites m\u00e9galithiques qui vous plongent dans l\u2019histoire de la Bretagne.<\/p>\n<p>La Bretagne, riche culturellement par sa langue, ses villages pittoresques, ses chapelles et ch\u00e2teaux mais aussi ses myst\u00e9rieuses for\u00eats et multiples Iles du Golfe du Morbihan.<\/p>\n\n\n<figure class=\"wp-block-gallery has-nested-images columns-default is-cropped wp-block-gallery-1 is-layout-flex wp-block-gallery-is-layout-flex\">\n<figure class=\"wp-block-image size-large\"><img loading=\"lazy\" decoding=\"async\" width=\"960\" height=\"960\" data-id=\"248\" src=\"https:\/\/www.foretadrenaline.com\/carnac\/wp-content\/uploads\/sites\/2\/2019\/05\/@otcarnac2.jpg\" alt=\"Plage de Carnac\" class=\"wp-image-248\" srcset=\"https:\/\/www.foretadrenaline.com\/carnac\/wp-content\/uploads\/sites\/2\/2019\/05\/@otcarnac2.jpg 960w, https:\/\/www.foretadrenaline.com\/carnac\/wp-content\/uploads\/sites\/2\/2019\/05\/@otcarnac2-150x150.jpg 150w, https:\/\/www.foretadrenaline.com\/carnac\/wp-content\/uploads\/sites\/2\/2019\/05\/@otcarnac2-300x300.jpg 300w, https:\/\/www.foretadrenaline.com\/carnac\/wp-content\/uploads\/sites\/2\/2019\/05\/@otcarnac2-768x768.jpg 768w, https:\/\/www.foretadrenaline.com\/carnac\/wp-content\/uploads\/sites\/2\/2019\/05\/@otcarnac2-263x263.jpg 263w, https:\/\/www.foretadrenaline.com\/carnac\/wp-content\/uploads\/sites\/2\/2019\/05\/@otcarnac2-570x570.jpg 570w\" sizes=\"auto, (max-width: 960px) 100vw, 960px\" \/><figcaption class=\"wp-element-caption\">plages de carnac<\/figcaption><\/figure>\n\n\n\n<figure class=\"wp-block-image size-large\"><img loading=\"lazy\" decoding=\"async\" width=\"960\" height=\"959\" data-id=\"246\" src=\"https:\/\/www.foretadrenaline.com\/carnac\/wp-content\/uploads\/sites\/2\/2019\/05\/@otcarnac1.jpg\" alt=\"Site M\u00e9galithiques\" class=\"wp-image-246\" srcset=\"https:\/\/www.foretadrenaline.com\/carnac\/wp-content\/uploads\/sites\/2\/2019\/05\/@otcarnac1.jpg 960w, https:\/\/www.foretadrenaline.com\/carnac\/wp-content\/uploads\/sites\/2\/2019\/05\/@otcarnac1-150x150.jpg 150w, https:\/\/www.foretadrenaline.com\/carnac\/wp-content\/uploads\/sites\/2\/2019\/05\/@otcarnac1-300x300.jpg 300w, https:\/\/www.foretadrenaline.com\/carnac\/wp-content\/uploads\/sites\/2\/2019\/05\/@otcarnac1-768x767.jpg 768w, https:\/\/www.foretadrenaline.com\/carnac\/wp-content\/uploads\/sites\/2\/2019\/05\/@otcarnac1-263x263.jpg 263w, https:\/\/www.foretadrenaline.com\/carnac\/wp-content\/uploads\/sites\/2\/2019\/05\/@otcarnac1-570x570.jpg 570w\" sizes=\"auto, (max-width: 960px) 100vw, 960px\" \/><figcaption class=\"wp-element-caption\">sites m\u00e9galithiques<\/figcaption><\/figure>\n<\/figure>\n\n\n\n<hr class=\"wp-block-separator has-alpha-channel-opacity\" \/>\n\n\n\n<div class=\"wp-block-buttons is-content-justification-center is-layout-flex wp-container-core-buttons-is-layout-16018d1d wp-block-buttons-is-layout-flex\">\n<div class=\"wp-block-button\"><a class=\"wp-block-button__link wp-element-button\" href=\"https:\/\/www.ot-carnac.fr\/\" target=\"_blank\" rel=\"noreferrer noopener\">Office de Tourisme de Carnac<\/a><\/div>\n<\/div>\n\n\n\n<div class=\"wp-block-buttons is-content-justification-center is-layout-flex wp-container-core-buttons-is-layout-16018d1d wp-block-buttons-is-layout-flex\">\n<div class=\"wp-block-button\"><a class=\"wp-block-button__link wp-element-button\" href=\"https:\/\/www.morbihan.com\/\" target=\"_blank\" rel=\"noreferrer noopener\">Morbihan Tourisme<\/a><\/div>\n<\/div>\n\n\n\n<hr class=\"wp-block-separator has-alpha-channel-opacity\" \/>\n","protected":false},"excerpt":{"rendered":"<p>Le parc accrobranche Foret Adrenaline Carnac, un lieu id\u00e9al entre terre et mer&nbsp;! Vous pouvez nous trouver \u00e0 quelques minutes des plages de Carnac (Golfe du Morbihan) et de sentiers c\u00f4tiers. Foret adrenaline Carnac se trouve sur la route du Hahon, entre Ploemel et Erdeven, et \u00e0 quelques kilom\u00e8tres du centre ville de Carnac. Adresse&hellip;<\/p>\n","protected":false},"author":1,"featured_media":6860,"parent":0,"menu_order":0,"comment_status":"closed","ping_status":"closed","template":"","meta":{"_acf_changed":false,"footnotes":""},"class_list":["post-113","page","type-page","status-publish","has-post-thumbnail","hentry"],"acf":[],"yoast_head":"<!-- This site is optimized with the Yoast SEO plugin v27.4 - https:\/\/yoast.com\/product\/yoast-seo-wordpress\/ -->\n<title>Parc accrobranche Foret Adrenaline Carnac - O\u00f9 nous trouver?<\/title>\n<meta name=\"description\" content=\"Le parc foret adrenaline carnac se situe \u00e0 15 min des plages et menhirs de Carnac dans le Morbihan, sur la route du Hahon, en pleine for\u00eat.\" \/>\n<meta name=\"robots\" content=\"index, follow, max-snippet:-1, max-image-preview:large, max-video-preview:-1\" \/>\n<link rel=\"canonical\" href=\"https:\/\/www.foretadrenaline.com\/carnac\/foret-adrenaline-carnac-ou-nous-trouver\/\" \/>\n<meta property=\"og:locale\" content=\"fr_FR\" \/>\n<meta property=\"og:type\" content=\"article\" \/>\n<meta property=\"og:title\" content=\"Parc accrobranche Foret Adrenaline Carnac - O\u00f9 nous trouver?\" \/>\n<meta property=\"og:description\" content=\"Le parc foret adrenaline carnac se situe \u00e0 15 min des plages et menhirs de Carnac dans le Morbihan, sur la route du Hahon, en pleine for\u00eat.\" \/>\n<meta property=\"og:url\" content=\"https:\/\/www.foretadrenaline.com\/carnac\/foret-adrenaline-carnac-ou-nous-trouver\/\" \/>\n<meta property=\"og:site_name\" content=\"For\u00eat Adr\u00e9naline - Carnac\" \/>\n<meta property=\"article:publisher\" content=\"https:\/\/www.facebook.com\/foretadrenaline.carnac\/\" \/>\n<meta property=\"article:modified_time\" content=\"2024-12-18T13:04:16+00:00\" \/>\n<meta property=\"og:image\" content=\"https:\/\/www.foretadrenaline.com\/carnac\/wp-content\/uploads\/sites\/2\/2024\/02\/menhir-6588925_1280-1.jpg\" \/>\n\t<meta property=\"og:image:width\" content=\"1280\" \/>\n\t<meta property=\"og:image:height\" content=\"853\" \/>\n\t<meta property=\"og:image:type\" content=\"image\/jpeg\" \/>\n<meta name=\"twitter:card\" content=\"summary_large_image\" \/>\n<meta name=\"twitter:label1\" content=\"Dur\u00e9e de lecture estim\u00e9e\" \/>\n\t<meta name=\"twitter:data1\" content=\"3 minutes\" \/>\n<script type=\"application\/ld+json\" class=\"yoast-schema-graph\">{\"@context\":\"https:\\\/\\\/schema.org\",\"@graph\":[{\"@type\":\"WebPage\",\"@id\":\"https:\\\/\\\/www.foretadrenaline.com\\\/carnac\\\/foret-adrenaline-carnac-ou-nous-trouver\\\/\",\"url\":\"https:\\\/\\\/www.foretadrenaline.com\\\/carnac\\\/foret-adrenaline-carnac-ou-nous-trouver\\\/\",\"name\":\"Parc accrobranche Foret Adrenaline Carnac - O\u00f9 nous trouver?\",\"isPartOf\":{\"@id\":\"https:\\\/\\\/www.foretadrenaline.com\\\/carnac\\\/#website\"},\"primaryImageOfPage\":{\"@id\":\"https:\\\/\\\/www.foretadrenaline.com\\\/carnac\\\/foret-adrenaline-carnac-ou-nous-trouver\\\/#primaryimage\"},\"image\":{\"@id\":\"https:\\\/\\\/www.foretadrenaline.com\\\/carnac\\\/foret-adrenaline-carnac-ou-nous-trouver\\\/#primaryimage\"},\"thumbnailUrl\":\"https:\\\/\\\/www.foretadrenaline.com\\\/carnac\\\/wp-content\\\/uploads\\\/sites\\\/2\\\/2024\\\/02\\\/menhir-6588925_1280-1.jpg\",\"datePublished\":\"2019-04-17T13:42:07+00:00\",\"dateModified\":\"2024-12-18T13:04:16+00:00\",\"description\":\"Le parc foret adrenaline carnac se situe \u00e0 15 min des plages et menhirs de Carnac dans le Morbihan, sur la route du Hahon, en pleine for\u00eat.\",\"breadcrumb\":{\"@id\":\"https:\\\/\\\/www.foretadrenaline.com\\\/carnac\\\/foret-adrenaline-carnac-ou-nous-trouver\\\/#breadcrumb\"},\"inLanguage\":\"fr-FR\",\"potentialAction\":[{\"@type\":\"ReadAction\",\"target\":[\"https:\\\/\\\/www.foretadrenaline.com\\\/carnac\\\/foret-adrenaline-carnac-ou-nous-trouver\\\/\"]}]},{\"@type\":\"ImageObject\",\"inLanguage\":\"fr-FR\",\"@id\":\"https:\\\/\\\/www.foretadrenaline.com\\\/carnac\\\/foret-adrenaline-carnac-ou-nous-trouver\\\/#primaryimage\",\"url\":\"https:\\\/\\\/www.foretadrenaline.com\\\/carnac\\\/wp-content\\\/uploads\\\/sites\\\/2\\\/2024\\\/02\\\/menhir-6588925_1280-1.jpg\",\"contentUrl\":\"https:\\\/\\\/www.foretadrenaline.com\\\/carnac\\\/wp-content\\\/uploads\\\/sites\\\/2\\\/2024\\\/02\\\/menhir-6588925_1280-1.jpg\",\"width\":1280,\"height\":853,\"caption\":\"alignements carnac\"},{\"@type\":\"BreadcrumbList\",\"@id\":\"https:\\\/\\\/www.foretadrenaline.com\\\/carnac\\\/foret-adrenaline-carnac-ou-nous-trouver\\\/#breadcrumb\",\"itemListElement\":[{\"@type\":\"ListItem\",\"position\":1,\"name\":\"Accueil\",\"item\":\"https:\\\/\\\/www.foretadrenaline.com\\\/carnac\\\/\"},{\"@type\":\"ListItem\",\"position\":2,\"name\":\"O\u00f9 nous trouver ?\"}]},{\"@type\":\"WebSite\",\"@id\":\"https:\\\/\\\/www.foretadrenaline.com\\\/carnac\\\/#website\",\"url\":\"https:\\\/\\\/www.foretadrenaline.com\\\/carnac\\\/\",\"name\":\"For\u00eat Adr\u00e9naline - Carnac\",\"description\":\"Un site utilisant For\u00eat Adr\u00e9naline\",\"publisher\":{\"@id\":\"https:\\\/\\\/www.foretadrenaline.com\\\/carnac\\\/#organization\"},\"potentialAction\":[{\"@type\":\"SearchAction\",\"target\":{\"@type\":\"EntryPoint\",\"urlTemplate\":\"https:\\\/\\\/www.foretadrenaline.com\\\/carnac\\\/?s={search_term_string}\"},\"query-input\":{\"@type\":\"PropertyValueSpecification\",\"valueRequired\":true,\"valueName\":\"search_term_string\"}}],\"inLanguage\":\"fr-FR\"},{\"@type\":\"Organization\",\"@id\":\"https:\\\/\\\/www.foretadrenaline.com\\\/carnac\\\/#organization\",\"name\":\"For\u00eat Adr\u00e9naline Carnac\",\"url\":\"https:\\\/\\\/www.foretadrenaline.com\\\/carnac\\\/\",\"logo\":{\"@type\":\"ImageObject\",\"inLanguage\":\"fr-FR\",\"@id\":\"https:\\\/\\\/www.foretadrenaline.com\\\/carnac\\\/#\\\/schema\\\/logo\\\/image\\\/\",\"url\":\"https:\\\/\\\/www.foretadrenaline.com\\\/carnac\\\/wp-content\\\/uploads\\\/sites\\\/2\\\/2019\\\/04\\\/ForetAdrenalineCarnac.png\",\"contentUrl\":\"https:\\\/\\\/www.foretadrenaline.com\\\/carnac\\\/wp-content\\\/uploads\\\/sites\\\/2\\\/2019\\\/04\\\/ForetAdrenalineCarnac.png\",\"width\":191,\"height\":173,\"caption\":\"For\u00eat Adr\u00e9naline Carnac\"},\"image\":{\"@id\":\"https:\\\/\\\/www.foretadrenaline.com\\\/carnac\\\/#\\\/schema\\\/logo\\\/image\\\/\"},\"sameAs\":[\"https:\\\/\\\/www.facebook.com\\\/foretadrenaline.carnac\\\/\",\"https:\\\/\\\/www.instagram.com\\\/foretadrenaline\\\/\"]}]}<\/script>\n<!-- \/ Yoast SEO plugin. -->","yoast_head_json":{"title":"Parc accrobranche Foret Adrenaline Carnac - O\u00f9 nous trouver?","description":"Le parc foret adrenaline carnac se situe \u00e0 15 min des plages et menhirs de Carnac dans le Morbihan, sur la route du Hahon, en pleine for\u00eat.","robots":{"index":"index","follow":"follow","max-snippet":"max-snippet:-1","max-image-preview":"max-image-preview:large","max-video-preview":"max-video-preview:-1"},"canonical":"https:\/\/www.foretadrenaline.com\/carnac\/foret-adrenaline-carnac-ou-nous-trouver\/","og_locale":"fr_FR","og_type":"article","og_title":"Parc accrobranche Foret Adrenaline Carnac - O\u00f9 nous trouver?","og_description":"Le parc foret adrenaline carnac se situe \u00e0 15 min des plages et menhirs de Carnac dans le Morbihan, sur la route du Hahon, en pleine for\u00eat.","og_url":"https:\/\/www.foretadrenaline.com\/carnac\/foret-adrenaline-carnac-ou-nous-trouver\/","og_site_name":"For\u00eat Adr\u00e9naline - Carnac","article_publisher":"https:\/\/www.facebook.com\/foretadrenaline.carnac\/","article_modified_time":"2024-12-18T13:04:16+00:00","og_image":[{"width":1280,"height":853,"url":"https:\/\/www.foretadrenaline.com\/carnac\/wp-content\/uploads\/sites\/2\/2024\/02\/menhir-6588925_1280-1.jpg","type":"image\/jpeg"}],"twitter_card":"summary_large_image","twitter_misc":{"Dur\u00e9e de lecture estim\u00e9e":"3 minutes"},"schema":{"@context":"https:\/\/schema.org","@graph":[{"@type":"WebPage","@id":"https:\/\/www.foretadrenaline.com\/carnac\/foret-adrenaline-carnac-ou-nous-trouver\/","url":"https:\/\/www.foretadrenaline.com\/carnac\/foret-adrenaline-carnac-ou-nous-trouver\/","name":"Parc accrobranche Foret Adrenaline Carnac - O\u00f9 nous trouver?","isPartOf":{"@id":"https:\/\/www.foretadrenaline.com\/carnac\/#website"},"primaryImageOfPage":{"@id":"https:\/\/www.foretadrenaline.com\/carnac\/foret-adrenaline-carnac-ou-nous-trouver\/#primaryimage"},"image":{"@id":"https:\/\/www.foretadrenaline.com\/carnac\/foret-adrenaline-carnac-ou-nous-trouver\/#primaryimage"},"thumbnailUrl":"https:\/\/www.foretadrenaline.com\/carnac\/wp-content\/uploads\/sites\/2\/2024\/02\/menhir-6588925_1280-1.jpg","datePublished":"2019-04-17T13:42:07+00:00","dateModified":"2024-12-18T13:04:16+00:00","description":"Le parc foret adrenaline carnac se situe \u00e0 15 min des plages et menhirs de Carnac dans le Morbihan, sur la route du Hahon, en pleine for\u00eat.","breadcrumb":{"@id":"https:\/\/www.foretadrenaline.com\/carnac\/foret-adrenaline-carnac-ou-nous-trouver\/#breadcrumb"},"inLanguage":"fr-FR","potentialAction":[{"@type":"ReadAction","target":["https:\/\/www.foretadrenaline.com\/carnac\/foret-adrenaline-carnac-ou-nous-trouver\/"]}]},{"@type":"ImageObject","inLanguage":"fr-FR","@id":"https:\/\/www.foretadrenaline.com\/carnac\/foret-adrenaline-carnac-ou-nous-trouver\/#primaryimage","url":"https:\/\/www.foretadrenaline.com\/carnac\/wp-content\/uploads\/sites\/2\/2024\/02\/menhir-6588925_1280-1.jpg","contentUrl":"https:\/\/www.foretadrenaline.com\/carnac\/wp-content\/uploads\/sites\/2\/2024\/02\/menhir-6588925_1280-1.jpg","width":1280,"height":853,"caption":"alignements carnac"},{"@type":"BreadcrumbList","@id":"https:\/\/www.foretadrenaline.com\/carnac\/foret-adrenaline-carnac-ou-nous-trouver\/#breadcrumb","itemListElement":[{"@type":"ListItem","position":1,"name":"Accueil","item":"https:\/\/www.foretadrenaline.com\/carnac\/"},{"@type":"ListItem","position":2,"name":"O\u00f9 nous trouver ?"}]},{"@type":"WebSite","@id":"https:\/\/www.foretadrenaline.com\/carnac\/#website","url":"https:\/\/www.foretadrenaline.com\/carnac\/","name":"For\u00eat Adr\u00e9naline - Carnac","description":"Un site utilisant For\u00eat Adr\u00e9naline","publisher":{"@id":"https:\/\/www.foretadrenaline.com\/carnac\/#organization"},"potentialAction":[{"@type":"SearchAction","target":{"@type":"EntryPoint","urlTemplate":"https:\/\/www.foretadrenaline.com\/carnac\/?s={search_term_string}"},"query-input":{"@type":"PropertyValueSpecification","valueRequired":true,"valueName":"search_term_string"}}],"inLanguage":"fr-FR"},{"@type":"Organization","@id":"https:\/\/www.foretadrenaline.com\/carnac\/#organization","name":"For\u00eat Adr\u00e9naline Carnac","url":"https:\/\/www.foretadrenaline.com\/carnac\/","logo":{"@type":"ImageObject","inLanguage":"fr-FR","@id":"https:\/\/www.foretadrenaline.com\/carnac\/#\/schema\/logo\/image\/","url":"https:\/\/www.foretadrenaline.com\/carnac\/wp-content\/uploads\/sites\/2\/2019\/04\/ForetAdrenalineCarnac.png","contentUrl":"https:\/\/www.foretadrenaline.com\/carnac\/wp-content\/uploads\/sites\/2\/2019\/04\/ForetAdrenalineCarnac.png","width":191,"height":173,"caption":"For\u00eat Adr\u00e9naline Carnac"},"image":{"@id":"https:\/\/www.foretadrenaline.com\/carnac\/#\/schema\/logo\/image\/"},"sameAs":["https:\/\/www.facebook.com\/foretadrenaline.carnac\/","https:\/\/www.instagram.com\/foretadrenaline\/"]}]}},"_links":{"self":[{"href":"https:\/\/www.foretadrenaline.com\/carnac\/wp-json\/wp\/v2\/pages\/113","targetHints":{"allow":["GET"]}}],"collection":[{"href":"https:\/\/www.foretadrenaline.com\/carnac\/wp-json\/wp\/v2\/pages"}],"about":[{"href":"https:\/\/www.foretadrenaline.com\/carnac\/wp-json\/wp\/v2\/types\/page"}],"author":[{"embeddable":true,"href":"https:\/\/www.foretadrenaline.com\/carnac\/wp-json\/wp\/v2\/users\/1"}],"replies":[{"embeddable":true,"href":"https:\/\/www.foretadrenaline.com\/carnac\/wp-json\/wp\/v2\/comments?post=113"}],"version-history":[{"count":30,"href":"https:\/\/www.foretadrenaline.com\/carnac\/wp-json\/wp\/v2\/pages\/113\/revisions"}],"predecessor-version":[{"id":7898,"href":"https:\/\/www.foretadrenaline.com\/carnac\/wp-json\/wp\/v2\/pages\/113\/revisions\/7898"}],"wp:featuredmedia":[{"embeddable":true,"href":"https:\/\/www.foretadrenaline.com\/carnac\/wp-json\/wp\/v2\/media\/6860"}],"wp:attachment":[{"href":"https:\/\/www.foretadrenaline.com\/carnac\/wp-json\/wp\/v2\/media?parent=113"}],"curies":[{"name":"wp","href":"https:\/\/api.w.org\/{rel}","templated":true}]}}