{"id":2443,"date":"2019-10-11T16:05:45","date_gmt":"2019-10-11T14:05:45","guid":{"rendered":"https:\/\/www.foretadrenaline.com\/carnac\/?page_id=2443"},"modified":"2024-07-04T12:47:11","modified_gmt":"2024-07-04T10:47:11","slug":"accessibilite-aux-personnes-en-situation-de-handicap","status":"publish","type":"page","link":"https:\/\/www.foretadrenaline.com\/carnac\/accessibilite-aux-personnes-en-situation-de-handicap\/","title":{"rendered":"Accessibilit\u00e9 aux personnes en situation de handicap"},"content":{"rendered":"\n<h4 class=\"wp-block-heading has-text-align-center\"><strong>Le parc for\u00eat Adr\u00e9naline est accessible \u00e0 tous&nbsp;! <\/strong><\/h4>\n\n\n\n<p>Pour vous garantir une activit\u00e9 sans stress et avec une \u00e9quipe plus disponible, nous vous conseillons:  <\/p>\n\n\n\n<ul class=\"wp-block-list\">\n<li> De privil\u00e9gier une activit\u00e9 aux cr\u00e9neaux horaires les moins fr\u00e9quent\u00e9s: le matin, ou en d\u00e9but\/fin d\u2019apr\u00e8s-midi. Le jour le moins fr\u00e9quent\u00e9 : le dimanche<\/li>\n\n\n\n<li>De nous contacter au pr\u00e9alable afin d\u2019organiser au mieux votre venue <a href=\"https:\/\/www.foretadrenaline.com\/rennes\/contact\/\" target=\"_blank\" rel=\"noreferrer noopener\">via l&rsquo;onglet contact<\/a><\/li>\n\n\n\n<li> De nous pr\u00e9venir en caisse lors de votre arriv\u00e9e, afin que nous puissions communiquer entre nous pour vous accompagner au mieux selon  votre situation. <\/li>\n<\/ul>\n\n\n\n<p><strong>Des places de parking vous sont r\u00e9serv\u00e9es \u00e0 proximit\u00e9 de l\u2019entr\u00e9e du parc. <\/strong><\/p>\n\n\n\n<p><strong>Nous disposons de toilettes adapt\u00e9es, et de rampes d&rsquo;acc\u00e8s pour l&rsquo;accueil, la terrasse (espace d\u00e9tente) et les toilettes. <\/strong><\/p>\n\n\n\n<p class=\"has-text-align-center\">Afin de pr\u00e9parer au mieux votre visite sur notre site, vous trouverez quelques informations utiles<\/p>\n\n\n\n<figure class=\"wp-block-gallery has-nested-images columns-default is-cropped wp-block-gallery-1 is-layout-flex wp-block-gallery-is-layout-flex\">\n<figure class=\"wp-block-image size-large\"><img loading=\"lazy\" decoding=\"async\" width=\"1024\" height=\"683\" data-id=\"6827\" src=\"https:\/\/www.foretadrenaline.com\/carnac\/wp-content\/uploads\/sites\/2\/2024\/02\/studio4k-155-1024x683.jpg\" alt=\"\" class=\"wp-image-6827\" srcset=\"https:\/\/www.foretadrenaline.com\/carnac\/wp-content\/uploads\/sites\/2\/2024\/02\/studio4k-155-1024x683.jpg 1024w, https:\/\/www.foretadrenaline.com\/carnac\/wp-content\/uploads\/sites\/2\/2024\/02\/studio4k-155-300x200.jpg 300w, https:\/\/www.foretadrenaline.com\/carnac\/wp-content\/uploads\/sites\/2\/2024\/02\/studio4k-155-768x512.jpg 768w, https:\/\/www.foretadrenaline.com\/carnac\/wp-content\/uploads\/sites\/2\/2024\/02\/studio4k-155-1536x1024.jpg 1536w, https:\/\/www.foretadrenaline.com\/carnac\/wp-content\/uploads\/sites\/2\/2024\/02\/studio4k-155-scaled.jpg 2048w, https:\/\/www.foretadrenaline.com\/carnac\/wp-content\/uploads\/sites\/2\/2024\/02\/studio4k-155-1200x800.jpg 1200w\" sizes=\"auto, (max-width: 1024px) 100vw, 1024px\" \/><\/figure>\n\n\n\n<figure class=\"wp-block-image size-large\"><img loading=\"lazy\" decoding=\"async\" width=\"683\" height=\"1024\" data-id=\"6776\" src=\"https:\/\/www.foretadrenaline.com\/carnac\/wp-content\/uploads\/sites\/2\/2024\/02\/Pitchoun-1-683x1024.jpg\" alt=\"\" class=\"wp-image-6776\" srcset=\"https:\/\/www.foretadrenaline.com\/carnac\/wp-content\/uploads\/sites\/2\/2024\/02\/Pitchoun-1-683x1024.jpg 683w, https:\/\/www.foretadrenaline.com\/carnac\/wp-content\/uploads\/sites\/2\/2024\/02\/Pitchoun-1-200x300.jpg 200w, https:\/\/www.foretadrenaline.com\/carnac\/wp-content\/uploads\/sites\/2\/2024\/02\/Pitchoun-1-768x1152.jpg 768w, https:\/\/www.foretadrenaline.com\/carnac\/wp-content\/uploads\/sites\/2\/2024\/02\/Pitchoun-1-1024x1536.jpg 1024w, https:\/\/www.foretadrenaline.com\/carnac\/wp-content\/uploads\/sites\/2\/2024\/02\/Pitchoun-1-scaled.jpg 1365w, https:\/\/www.foretadrenaline.com\/carnac\/wp-content\/uploads\/sites\/2\/2024\/02\/Pitchoun-1-1200x1800.jpg 1200w\" sizes=\"auto, (max-width: 683px) 100vw, 683px\" \/><\/figure>\n\n\n\n<figure class=\"wp-block-image size-large\"><img loading=\"lazy\" decoding=\"async\" width=\"1024\" height=\"683\" data-id=\"6901\" src=\"https:\/\/www.foretadrenaline.com\/carnac\/wp-content\/uploads\/sites\/2\/2024\/02\/studio4k-224-1024x683.jpg\" alt=\"une aventure au coeur de la canop\u00e9\" class=\"wp-image-6901\" srcset=\"https:\/\/www.foretadrenaline.com\/carnac\/wp-content\/uploads\/sites\/2\/2024\/02\/studio4k-224-1024x683.jpg 1024w, https:\/\/www.foretadrenaline.com\/carnac\/wp-content\/uploads\/sites\/2\/2024\/02\/studio4k-224-300x200.jpg 300w, https:\/\/www.foretadrenaline.com\/carnac\/wp-content\/uploads\/sites\/2\/2024\/02\/studio4k-224-768x512.jpg 768w, https:\/\/www.foretadrenaline.com\/carnac\/wp-content\/uploads\/sites\/2\/2024\/02\/studio4k-224-1536x1024.jpg 1536w, https:\/\/www.foretadrenaline.com\/carnac\/wp-content\/uploads\/sites\/2\/2024\/02\/studio4k-224-scaled.jpg 2048w, https:\/\/www.foretadrenaline.com\/carnac\/wp-content\/uploads\/sites\/2\/2024\/02\/studio4k-224-1200x800.jpg 1200w\" sizes=\"auto, (max-width: 1024px) 100vw, 1024px\" \/><\/figure>\n<\/figure>\n\n\n\n<h4 class=\"wp-block-heading has-text-align-center\"><strong>Personnes \u00e0 mobilit\u00e9 r\u00e9duit<\/strong>e<\/h4>\n\n\n\n<p>Notre parc est accessible aux personnes \u00e0 mobilit\u00e9 r\u00e9duite. Cependant, se situant en for\u00eat l\u2019acc\u00e8s en fauteuil roulant, ou tout autre mat\u00e9riel d\u2019aide aux d\u00e9placements (cannes, d\u00e9ambulateur, \u2026) peut \u00eatre plus  compliqu\u00e9.  <\/p>\n\n\n\n<p>En effet, malgr\u00e9 tous les efforts que nous mettons en \u0153uvre pour vous garantir un accueil de qualit\u00e9, racines, cosses de ch\u00e2taignes, feuilles et pierres peuvent parfois ralentir la progression sur les sentiers, ou  les rendre glissant par temps pluvieux. <\/p>\n\n\n\n<p>C\u2019est pourquoi nous vous recommandons d\u2019\u00eatre accompagn\u00e9s et prudents sur les sentiers, et de ne pas h\u00e9siter \u00e0 venir vers nous pour que nous puissions vous accompagner et vous guider sur les sentiers praticables et les moins accident\u00e9s.  <\/p>\n\n\n\n<h4 class=\"wp-block-heading has-text-align-center\"><strong>Personnes sourdes ou malentendantes <\/strong> <\/h4>\n\n\n\n<p>Nous vous accueillons avec plaisir afin de vous faire d\u00e9couvrir ou red\u00e9couvrir les joies de l\u2019accrobranche. <br>La vid\u00e9o d\u2019explication est sous-titr\u00e9e en fran\u00e7ais et anglais, vous pouvez donc tout \u00e0 fait suivre les explications. Notre \u00e9quipe est \u00e0 votre disposition afin de vous accueillir et vous guider tout au long de  l\u2019activit\u00e9.  <\/p>\n\n\n\n<figure class=\"wp-block-image size-large\"><img loading=\"lazy\" decoding=\"async\" width=\"1024\" height=\"683\" src=\"https:\/\/www.foretadrenaline.com\/carnac\/wp-content\/uploads\/sites\/2\/2024\/02\/studio4k-3-1024x683.jpg\" alt=\"plateforme d'\u00e9quipement et briefing\" class=\"wp-image-6917\" srcset=\"https:\/\/www.foretadrenaline.com\/carnac\/wp-content\/uploads\/sites\/2\/2024\/02\/studio4k-3-1024x683.jpg 1024w, https:\/\/www.foretadrenaline.com\/carnac\/wp-content\/uploads\/sites\/2\/2024\/02\/studio4k-3-300x200.jpg 300w, https:\/\/www.foretadrenaline.com\/carnac\/wp-content\/uploads\/sites\/2\/2024\/02\/studio4k-3-768x512.jpg 768w, https:\/\/www.foretadrenaline.com\/carnac\/wp-content\/uploads\/sites\/2\/2024\/02\/studio4k-3-1536x1024.jpg 1536w, https:\/\/www.foretadrenaline.com\/carnac\/wp-content\/uploads\/sites\/2\/2024\/02\/studio4k-3-scaled.jpg 2048w, https:\/\/www.foretadrenaline.com\/carnac\/wp-content\/uploads\/sites\/2\/2024\/02\/studio4k-3-1200x800.jpg 1200w\" sizes=\"auto, (max-width: 1024px) 100vw, 1024px\" \/><\/figure>\n\n\n\n<h4 class=\"wp-block-heading has-text-align-center\"> <strong>Personnes en situation de handicap physique ou mental<\/strong><\/h4>\n\n\n\n<p>Chaque personne \u00e9tant juge de ses capacit\u00e9s physiques, il n\u2019y a aucune interdiction de pratique pour les parcours aventure sur notre parc.<br>Les parcours \u00e9voluent de fa\u00e7on croissante en termes de difficult\u00e9.  <\/p>\n\n\n\n<p>Nos animateurs vous guideront sur votre premier parcours qu\u2019ils jugeront ad\u00e9quat \u00e0 votre niveau et vos envies \u00e0 la suite du parcours  d\u2019entrainement&nbsp;; puis nous resterons disponibles pour vous conseiller tout au long de la s\u00e9ance afin de vous pr\u00e9senter les diff\u00e9rents parcours et leurs difficult\u00e9s. Le but \u00e9tant que tous nos clients prennent  plaisir \u00e0 la pratique de notre activit\u00e9, et ne terminent pas l\u2019activit\u00e9 sur un \u00e9chec \u00e0 la suite d\u2019un mauvais choix de parcours. <\/p>\n\n\n\n<p>Nous vous conseillons d\u2019\u00eatre accompagn\u00e9s sur les parcours afin de b\u00e9n\u00e9ficier d\u2019un soutien si besoin, nos animateurs pouvant \u00eatre amen\u00e9s \u00e0 accompagner et aider d\u2019autres clients.  <\/p>\n\n\n\n<figure class=\"wp-block-gallery has-nested-images columns-default is-cropped wp-block-gallery-2 is-layout-flex wp-block-gallery-is-layout-flex\">\n<figure class=\"wp-block-image size-large\"><img loading=\"lazy\" decoding=\"async\" width=\"1024\" height=\"683\" data-id=\"6909\" src=\"https:\/\/www.foretadrenaline.com\/carnac\/wp-content\/uploads\/sites\/2\/2024\/02\/studio4k-257-1024x683.jpg\" alt=\"zone pique nique libre\" class=\"wp-image-6909\" srcset=\"https:\/\/www.foretadrenaline.com\/carnac\/wp-content\/uploads\/sites\/2\/2024\/02\/studio4k-257-1024x683.jpg 1024w, https:\/\/www.foretadrenaline.com\/carnac\/wp-content\/uploads\/sites\/2\/2024\/02\/studio4k-257-300x200.jpg 300w, https:\/\/www.foretadrenaline.com\/carnac\/wp-content\/uploads\/sites\/2\/2024\/02\/studio4k-257-768x512.jpg 768w, https:\/\/www.foretadrenaline.com\/carnac\/wp-content\/uploads\/sites\/2\/2024\/02\/studio4k-257-1536x1024.jpg 1536w, https:\/\/www.foretadrenaline.com\/carnac\/wp-content\/uploads\/sites\/2\/2024\/02\/studio4k-257-scaled.jpg 2048w, https:\/\/www.foretadrenaline.com\/carnac\/wp-content\/uploads\/sites\/2\/2024\/02\/studio4k-257-1200x800.jpg 1200w\" sizes=\"auto, (max-width: 1024px) 100vw, 1024px\" \/><\/figure>\n\n\n\n<figure class=\"wp-block-image size-large\"><img loading=\"lazy\" decoding=\"async\" width=\"1024\" height=\"683\" data-id=\"6838\" src=\"https:\/\/www.foretadrenaline.com\/carnac\/wp-content\/uploads\/sites\/2\/2024\/02\/Piscine-a-balle-1024x683.jpg\" alt=\"\" class=\"wp-image-6838\" srcset=\"https:\/\/www.foretadrenaline.com\/carnac\/wp-content\/uploads\/sites\/2\/2024\/02\/Piscine-a-balle-1024x683.jpg 1024w, https:\/\/www.foretadrenaline.com\/carnac\/wp-content\/uploads\/sites\/2\/2024\/02\/Piscine-a-balle-300x200.jpg 300w, https:\/\/www.foretadrenaline.com\/carnac\/wp-content\/uploads\/sites\/2\/2024\/02\/Piscine-a-balle-768x512.jpg 768w, https:\/\/www.foretadrenaline.com\/carnac\/wp-content\/uploads\/sites\/2\/2024\/02\/Piscine-a-balle-1536x1024.jpg 1536w, https:\/\/www.foretadrenaline.com\/carnac\/wp-content\/uploads\/sites\/2\/2024\/02\/Piscine-a-balle-scaled.jpg 2048w, https:\/\/www.foretadrenaline.com\/carnac\/wp-content\/uploads\/sites\/2\/2024\/02\/Piscine-a-balle-1200x800.jpg 1200w\" sizes=\"auto, (max-width: 1024px) 100vw, 1024px\" \/><\/figure>\n\n\n\n<figure class=\"wp-block-image\"><img loading=\"lazy\" decoding=\"async\" width=\"1024\" height=\"1024\" data-id=\"280\" src=\"https:\/\/www.foretadrenaline.com\/carnac\/wp-content\/uploads\/sites\/2\/2019\/05\/Cylindre-Pitchoun-e1560428492644-1024x1024.jpg\" alt=\"\" class=\"wp-image-280\" srcset=\"https:\/\/www.foretadrenaline.com\/carnac\/wp-content\/uploads\/sites\/2\/2019\/05\/Cylindre-Pitchoun-e1560428492644-1024x1024.jpg 1024w, https:\/\/www.foretadrenaline.com\/carnac\/wp-content\/uploads\/sites\/2\/2019\/05\/Cylindre-Pitchoun-e1560428492644-150x150.jpg 150w, https:\/\/www.foretadrenaline.com\/carnac\/wp-content\/uploads\/sites\/2\/2019\/05\/Cylindre-Pitchoun-e1560428492644-300x300.jpg 300w, https:\/\/www.foretadrenaline.com\/carnac\/wp-content\/uploads\/sites\/2\/2019\/05\/Cylindre-Pitchoun-e1560428492644-768x767.jpg 768w, https:\/\/www.foretadrenaline.com\/carnac\/wp-content\/uploads\/sites\/2\/2019\/05\/Cylindre-Pitchoun-e1560428492644-263x263.jpg 263w, https:\/\/www.foretadrenaline.com\/carnac\/wp-content\/uploads\/sites\/2\/2019\/05\/Cylindre-Pitchoun-e1560428492644-570x570.jpg 570w, https:\/\/www.foretadrenaline.com\/carnac\/wp-content\/uploads\/sites\/2\/2019\/05\/Cylindre-Pitchoun-e1560428492644-1200x1199.jpg 1200w, https:\/\/www.foretadrenaline.com\/carnac\/wp-content\/uploads\/sites\/2\/2019\/05\/Cylindre-Pitchoun-e1560428492644.jpg 1634w\" sizes=\"auto, (max-width: 1024px) 100vw, 1024px\" \/><figcaption class=\"wp-element-caption\">Cylindre Pitchoun<\/figcaption><\/figure>\n<\/figure>\n","protected":false},"excerpt":{"rendered":"<p>Le parc for\u00eat Adr\u00e9naline est accessible \u00e0 tous&nbsp;! Pour vous garantir une activit\u00e9 sans stress et avec une \u00e9quipe plus disponible, nous vous conseillons: Des places de parking vous sont r\u00e9serv\u00e9es \u00e0 proximit\u00e9 de l\u2019entr\u00e9e du parc. Nous disposons de toilettes adapt\u00e9es, et de rampes d&rsquo;acc\u00e8s pour l&rsquo;accueil, la terrasse (espace d\u00e9tente) et les toilettes.&hellip;<\/p>\n","protected":false},"author":2,"featured_media":6840,"parent":0,"menu_order":0,"comment_status":"closed","ping_status":"closed","template":"","meta":{"_acf_changed":false,"footnotes":""},"class_list":["post-2443","page","type-page","status-publish","has-post-thumbnail","hentry"],"acf":[],"yoast_head":"<!-- This site is optimized with the Yoast SEO plugin v27.5 - https:\/\/yoast.com\/product\/yoast-seo-wordpress\/ -->\n<title>Accessibilit\u00e9 aux personnes en situation de handicap -<\/title>\n<meta name=\"description\" content=\"Le parc For\u00eat Adr\u00e9naline Carnac est accessible aux personnes \u00e0 mobilit\u00e9 r\u00e9duite. Des installations sp\u00e9ciales sont pr\u00e9vues\" \/>\n<meta name=\"robots\" content=\"index, follow, max-snippet:-1, max-image-preview:large, max-video-preview:-1\" \/>\n<link rel=\"canonical\" href=\"https:\/\/www.foretadrenaline.com\/carnac\/accessibilite-aux-personnes-en-situation-de-handicap\/\" \/>\n<meta property=\"og:locale\" content=\"fr_FR\" \/>\n<meta property=\"og:type\" content=\"article\" \/>\n<meta property=\"og:title\" content=\"Accessibilit\u00e9 aux personnes en situation de handicap -\" \/>\n<meta property=\"og:description\" content=\"Le parc For\u00eat Adr\u00e9naline Carnac est accessible aux personnes \u00e0 mobilit\u00e9 r\u00e9duite. Des installations sp\u00e9ciales sont pr\u00e9vues\" \/>\n<meta property=\"og:url\" content=\"https:\/\/www.foretadrenaline.com\/carnac\/accessibilite-aux-personnes-en-situation-de-handicap\/\" \/>\n<meta property=\"og:site_name\" content=\"For\u00eat Adr\u00e9naline - Carnac\" \/>\n<meta property=\"article:publisher\" content=\"https:\/\/www.facebook.com\/foretadrenaline.carnac\/\" \/>\n<meta property=\"article:modified_time\" content=\"2024-07-04T10:47:11+00:00\" \/>\n<meta property=\"og:image\" content=\"https:\/\/www.foretadrenaline.com\/carnac\/wp-content\/uploads\/sites\/2\/2024\/02\/studio4k-38-1-scaled.jpg\" \/>\n\t<meta property=\"og:image:width\" content=\"2048\" \/>\n\t<meta property=\"og:image:height\" content=\"1365\" \/>\n\t<meta property=\"og:image:type\" content=\"image\/jpeg\" \/>\n<meta name=\"twitter:card\" content=\"summary_large_image\" \/>\n<meta name=\"twitter:label1\" content=\"Dur\u00e9e de lecture estim\u00e9e\" \/>\n\t<meta name=\"twitter:data1\" content=\"4 minutes\" \/>\n<script type=\"application\/ld+json\" class=\"yoast-schema-graph\">{\"@context\":\"https:\\\/\\\/schema.org\",\"@graph\":[{\"@type\":\"WebPage\",\"@id\":\"https:\\\/\\\/www.foretadrenaline.com\\\/carnac\\\/accessibilite-aux-personnes-en-situation-de-handicap\\\/\",\"url\":\"https:\\\/\\\/www.foretadrenaline.com\\\/carnac\\\/accessibilite-aux-personnes-en-situation-de-handicap\\\/\",\"name\":\"Accessibilit\u00e9 aux personnes en situation de handicap -\",\"isPartOf\":{\"@id\":\"https:\\\/\\\/www.foretadrenaline.com\\\/carnac\\\/#website\"},\"primaryImageOfPage\":{\"@id\":\"https:\\\/\\\/www.foretadrenaline.com\\\/carnac\\\/accessibilite-aux-personnes-en-situation-de-handicap\\\/#primaryimage\"},\"image\":{\"@id\":\"https:\\\/\\\/www.foretadrenaline.com\\\/carnac\\\/accessibilite-aux-personnes-en-situation-de-handicap\\\/#primaryimage\"},\"thumbnailUrl\":\"https:\\\/\\\/www.foretadrenaline.com\\\/carnac\\\/wp-content\\\/uploads\\\/sites\\\/2\\\/2024\\\/02\\\/studio4k-38-1-scaled.jpg\",\"datePublished\":\"2019-10-11T14:05:45+00:00\",\"dateModified\":\"2024-07-04T10:47:11+00:00\",\"description\":\"Le parc For\u00eat Adr\u00e9naline Carnac est accessible aux personnes \u00e0 mobilit\u00e9 r\u00e9duite. Des installations sp\u00e9ciales sont pr\u00e9vues\",\"breadcrumb\":{\"@id\":\"https:\\\/\\\/www.foretadrenaline.com\\\/carnac\\\/accessibilite-aux-personnes-en-situation-de-handicap\\\/#breadcrumb\"},\"inLanguage\":\"fr-FR\",\"potentialAction\":[{\"@type\":\"ReadAction\",\"target\":[\"https:\\\/\\\/www.foretadrenaline.com\\\/carnac\\\/accessibilite-aux-personnes-en-situation-de-handicap\\\/\"]}]},{\"@type\":\"ImageObject\",\"inLanguage\":\"fr-FR\",\"@id\":\"https:\\\/\\\/www.foretadrenaline.com\\\/carnac\\\/accessibilite-aux-personnes-en-situation-de-handicap\\\/#primaryimage\",\"url\":\"https:\\\/\\\/www.foretadrenaline.com\\\/carnac\\\/wp-content\\\/uploads\\\/sites\\\/2\\\/2024\\\/02\\\/studio4k-38-1-scaled.jpg\",\"contentUrl\":\"https:\\\/\\\/www.foretadrenaline.com\\\/carnac\\\/wp-content\\\/uploads\\\/sites\\\/2\\\/2024\\\/02\\\/studio4k-38-1-scaled.jpg\",\"width\":2048,\"height\":1365},{\"@type\":\"BreadcrumbList\",\"@id\":\"https:\\\/\\\/www.foretadrenaline.com\\\/carnac\\\/accessibilite-aux-personnes-en-situation-de-handicap\\\/#breadcrumb\",\"itemListElement\":[{\"@type\":\"ListItem\",\"position\":1,\"name\":\"Accueil\",\"item\":\"https:\\\/\\\/www.foretadrenaline.com\\\/carnac\\\/\"},{\"@type\":\"ListItem\",\"position\":2,\"name\":\"Accessibilit\u00e9 aux personnes en situation de handicap\"}]},{\"@type\":\"WebSite\",\"@id\":\"https:\\\/\\\/www.foretadrenaline.com\\\/carnac\\\/#website\",\"url\":\"https:\\\/\\\/www.foretadrenaline.com\\\/carnac\\\/\",\"name\":\"For\u00eat Adr\u00e9naline - Carnac\",\"description\":\"Un site utilisant For\u00eat Adr\u00e9naline\",\"publisher\":{\"@id\":\"https:\\\/\\\/www.foretadrenaline.com\\\/carnac\\\/#organization\"},\"potentialAction\":[{\"@type\":\"SearchAction\",\"target\":{\"@type\":\"EntryPoint\",\"urlTemplate\":\"https:\\\/\\\/www.foretadrenaline.com\\\/carnac\\\/?s={search_term_string}\"},\"query-input\":{\"@type\":\"PropertyValueSpecification\",\"valueRequired\":true,\"valueName\":\"search_term_string\"}}],\"inLanguage\":\"fr-FR\"},{\"@type\":\"Organization\",\"@id\":\"https:\\\/\\\/www.foretadrenaline.com\\\/carnac\\\/#organization\",\"name\":\"For\u00eat Adr\u00e9naline Carnac\",\"url\":\"https:\\\/\\\/www.foretadrenaline.com\\\/carnac\\\/\",\"logo\":{\"@type\":\"ImageObject\",\"inLanguage\":\"fr-FR\",\"@id\":\"https:\\\/\\\/www.foretadrenaline.com\\\/carnac\\\/#\\\/schema\\\/logo\\\/image\\\/\",\"url\":\"https:\\\/\\\/www.foretadrenaline.com\\\/carnac\\\/wp-content\\\/uploads\\\/sites\\\/2\\\/2019\\\/04\\\/ForetAdrenalineCarnac.png\",\"contentUrl\":\"https:\\\/\\\/www.foretadrenaline.com\\\/carnac\\\/wp-content\\\/uploads\\\/sites\\\/2\\\/2019\\\/04\\\/ForetAdrenalineCarnac.png\",\"width\":191,\"height\":173,\"caption\":\"For\u00eat Adr\u00e9naline Carnac\"},\"image\":{\"@id\":\"https:\\\/\\\/www.foretadrenaline.com\\\/carnac\\\/#\\\/schema\\\/logo\\\/image\\\/\"},\"sameAs\":[\"https:\\\/\\\/www.facebook.com\\\/foretadrenaline.carnac\\\/\",\"https:\\\/\\\/www.instagram.com\\\/foretadrenaline\\\/\"]}]}<\/script>\n<!-- \/ Yoast SEO plugin. -->","yoast_head_json":{"title":"Accessibilit\u00e9 aux personnes en situation de handicap -","description":"Le parc For\u00eat Adr\u00e9naline Carnac est accessible aux personnes \u00e0 mobilit\u00e9 r\u00e9duite. Des installations sp\u00e9ciales sont pr\u00e9vues","robots":{"index":"index","follow":"follow","max-snippet":"max-snippet:-1","max-image-preview":"max-image-preview:large","max-video-preview":"max-video-preview:-1"},"canonical":"https:\/\/www.foretadrenaline.com\/carnac\/accessibilite-aux-personnes-en-situation-de-handicap\/","og_locale":"fr_FR","og_type":"article","og_title":"Accessibilit\u00e9 aux personnes en situation de handicap -","og_description":"Le parc For\u00eat Adr\u00e9naline Carnac est accessible aux personnes \u00e0 mobilit\u00e9 r\u00e9duite. Des installations sp\u00e9ciales sont pr\u00e9vues","og_url":"https:\/\/www.foretadrenaline.com\/carnac\/accessibilite-aux-personnes-en-situation-de-handicap\/","og_site_name":"For\u00eat Adr\u00e9naline - Carnac","article_publisher":"https:\/\/www.facebook.com\/foretadrenaline.carnac\/","article_modified_time":"2024-07-04T10:47:11+00:00","og_image":[{"width":2048,"height":1365,"url":"https:\/\/www.foretadrenaline.com\/carnac\/wp-content\/uploads\/sites\/2\/2024\/02\/studio4k-38-1-scaled.jpg","type":"image\/jpeg"}],"twitter_card":"summary_large_image","twitter_misc":{"Dur\u00e9e de lecture estim\u00e9e":"4 minutes"},"schema":{"@context":"https:\/\/schema.org","@graph":[{"@type":"WebPage","@id":"https:\/\/www.foretadrenaline.com\/carnac\/accessibilite-aux-personnes-en-situation-de-handicap\/","url":"https:\/\/www.foretadrenaline.com\/carnac\/accessibilite-aux-personnes-en-situation-de-handicap\/","name":"Accessibilit\u00e9 aux personnes en situation de handicap -","isPartOf":{"@id":"https:\/\/www.foretadrenaline.com\/carnac\/#website"},"primaryImageOfPage":{"@id":"https:\/\/www.foretadrenaline.com\/carnac\/accessibilite-aux-personnes-en-situation-de-handicap\/#primaryimage"},"image":{"@id":"https:\/\/www.foretadrenaline.com\/carnac\/accessibilite-aux-personnes-en-situation-de-handicap\/#primaryimage"},"thumbnailUrl":"https:\/\/www.foretadrenaline.com\/carnac\/wp-content\/uploads\/sites\/2\/2024\/02\/studio4k-38-1-scaled.jpg","datePublished":"2019-10-11T14:05:45+00:00","dateModified":"2024-07-04T10:47:11+00:00","description":"Le parc For\u00eat Adr\u00e9naline Carnac est accessible aux personnes \u00e0 mobilit\u00e9 r\u00e9duite. Des installations sp\u00e9ciales sont pr\u00e9vues","breadcrumb":{"@id":"https:\/\/www.foretadrenaline.com\/carnac\/accessibilite-aux-personnes-en-situation-de-handicap\/#breadcrumb"},"inLanguage":"fr-FR","potentialAction":[{"@type":"ReadAction","target":["https:\/\/www.foretadrenaline.com\/carnac\/accessibilite-aux-personnes-en-situation-de-handicap\/"]}]},{"@type":"ImageObject","inLanguage":"fr-FR","@id":"https:\/\/www.foretadrenaline.com\/carnac\/accessibilite-aux-personnes-en-situation-de-handicap\/#primaryimage","url":"https:\/\/www.foretadrenaline.com\/carnac\/wp-content\/uploads\/sites\/2\/2024\/02\/studio4k-38-1-scaled.jpg","contentUrl":"https:\/\/www.foretadrenaline.com\/carnac\/wp-content\/uploads\/sites\/2\/2024\/02\/studio4k-38-1-scaled.jpg","width":2048,"height":1365},{"@type":"BreadcrumbList","@id":"https:\/\/www.foretadrenaline.com\/carnac\/accessibilite-aux-personnes-en-situation-de-handicap\/#breadcrumb","itemListElement":[{"@type":"ListItem","position":1,"name":"Accueil","item":"https:\/\/www.foretadrenaline.com\/carnac\/"},{"@type":"ListItem","position":2,"name":"Accessibilit\u00e9 aux personnes en situation de handicap"}]},{"@type":"WebSite","@id":"https:\/\/www.foretadrenaline.com\/carnac\/#website","url":"https:\/\/www.foretadrenaline.com\/carnac\/","name":"For\u00eat Adr\u00e9naline - Carnac","description":"Un site utilisant For\u00eat Adr\u00e9naline","publisher":{"@id":"https:\/\/www.foretadrenaline.com\/carnac\/#organization"},"potentialAction":[{"@type":"SearchAction","target":{"@type":"EntryPoint","urlTemplate":"https:\/\/www.foretadrenaline.com\/carnac\/?s={search_term_string}"},"query-input":{"@type":"PropertyValueSpecification","valueRequired":true,"valueName":"search_term_string"}}],"inLanguage":"fr-FR"},{"@type":"Organization","@id":"https:\/\/www.foretadrenaline.com\/carnac\/#organization","name":"For\u00eat Adr\u00e9naline Carnac","url":"https:\/\/www.foretadrenaline.com\/carnac\/","logo":{"@type":"ImageObject","inLanguage":"fr-FR","@id":"https:\/\/www.foretadrenaline.com\/carnac\/#\/schema\/logo\/image\/","url":"https:\/\/www.foretadrenaline.com\/carnac\/wp-content\/uploads\/sites\/2\/2019\/04\/ForetAdrenalineCarnac.png","contentUrl":"https:\/\/www.foretadrenaline.com\/carnac\/wp-content\/uploads\/sites\/2\/2019\/04\/ForetAdrenalineCarnac.png","width":191,"height":173,"caption":"For\u00eat Adr\u00e9naline Carnac"},"image":{"@id":"https:\/\/www.foretadrenaline.com\/carnac\/#\/schema\/logo\/image\/"},"sameAs":["https:\/\/www.facebook.com\/foretadrenaline.carnac\/","https:\/\/www.instagram.com\/foretadrenaline\/"]}]}},"_links":{"self":[{"href":"https:\/\/www.foretadrenaline.com\/carnac\/wp-json\/wp\/v2\/pages\/2443","targetHints":{"allow":["GET"]}}],"collection":[{"href":"https:\/\/www.foretadrenaline.com\/carnac\/wp-json\/wp\/v2\/pages"}],"about":[{"href":"https:\/\/www.foretadrenaline.com\/carnac\/wp-json\/wp\/v2\/types\/page"}],"author":[{"embeddable":true,"href":"https:\/\/www.foretadrenaline.com\/carnac\/wp-json\/wp\/v2\/users\/2"}],"replies":[{"embeddable":true,"href":"https:\/\/www.foretadrenaline.com\/carnac\/wp-json\/wp\/v2\/comments?post=2443"}],"version-history":[{"count":10,"href":"https:\/\/www.foretadrenaline.com\/carnac\/wp-json\/wp\/v2\/pages\/2443\/revisions"}],"predecessor-version":[{"id":7552,"href":"https:\/\/www.foretadrenaline.com\/carnac\/wp-json\/wp\/v2\/pages\/2443\/revisions\/7552"}],"wp:featuredmedia":[{"embeddable":true,"href":"https:\/\/www.foretadrenaline.com\/carnac\/wp-json\/wp\/v2\/media\/6840"}],"wp:attachment":[{"href":"https:\/\/www.foretadrenaline.com\/carnac\/wp-json\/wp\/v2\/media?parent=2443"}],"curies":[{"name":"wp","href":"https:\/\/api.w.org\/{rel}","templated":true}]}}