{"id":2446,"date":"2019-10-11T16:23:44","date_gmt":"2019-10-11T14:23:44","guid":{"rendered":"https:\/\/www.foretadrenaline.com\/carnac\/?page_id=2446"},"modified":"2024-07-04T12:48:00","modified_gmt":"2024-07-04T10:48:00","slug":"bonnes-adresses-autour-de-nous","status":"publish","type":"page","link":"https:\/\/www.foretadrenaline.com\/carnac\/bonnes-adresses-autour-de-nous\/","title":{"rendered":"Bonnes adresses autour de nous"},"content":{"rendered":"\n<h2 class=\"has-text-align-center wp-block-heading\">O\u00f9 se restaurer ?<\/h2>\n\n\n\n<figure class=\"wp-block-gallery has-nested-images columns-default is-cropped wp-block-gallery-1 is-layout-flex wp-block-gallery-is-layout-flex\">\n<figure class=\"wp-block-image size-large\"><img loading=\"lazy\" decoding=\"async\" width=\"724\" height=\"1024\" data-id=\"2447\" src=\"https:\/\/www.foretadrenaline.com\/carnac\/wp-content\/uploads\/sites\/2\/2019\/10\/1-724x1024.jpg\" alt=\"\" class=\"wp-image-2447\" srcset=\"https:\/\/www.foretadrenaline.com\/carnac\/wp-content\/uploads\/sites\/2\/2019\/10\/1-724x1024.jpg 724w, https:\/\/www.foretadrenaline.com\/carnac\/wp-content\/uploads\/sites\/2\/2019\/10\/1-212x300.jpg 212w, https:\/\/www.foretadrenaline.com\/carnac\/wp-content\/uploads\/sites\/2\/2019\/10\/1-768x1086.jpg 768w, https:\/\/www.foretadrenaline.com\/carnac\/wp-content\/uploads\/sites\/2\/2019\/10\/1.jpg 794w\" sizes=\"auto, (max-width: 724px) 100vw, 724px\" \/><\/figure>\n\n\n\n<figure class=\"wp-block-image size-large\"><img loading=\"lazy\" decoding=\"async\" width=\"960\" height=\"960\" data-id=\"2074\" src=\"https:\/\/www.foretadrenaline.com\/carnac\/wp-content\/uploads\/sites\/2\/2019\/07\/@otcarnac2.jpg\" alt=\"\" class=\"wp-image-2074\" srcset=\"https:\/\/www.foretadrenaline.com\/carnac\/wp-content\/uploads\/sites\/2\/2019\/07\/@otcarnac2.jpg 960w, https:\/\/www.foretadrenaline.com\/carnac\/wp-content\/uploads\/sites\/2\/2019\/07\/@otcarnac2-150x150.jpg 150w, https:\/\/www.foretadrenaline.com\/carnac\/wp-content\/uploads\/sites\/2\/2019\/07\/@otcarnac2-300x300.jpg 300w, https:\/\/www.foretadrenaline.com\/carnac\/wp-content\/uploads\/sites\/2\/2019\/07\/@otcarnac2-768x768.jpg 768w, https:\/\/www.foretadrenaline.com\/carnac\/wp-content\/uploads\/sites\/2\/2019\/07\/@otcarnac2-263x263.jpg 263w, https:\/\/www.foretadrenaline.com\/carnac\/wp-content\/uploads\/sites\/2\/2019\/07\/@otcarnac2-570x570.jpg 570w\" sizes=\"auto, (max-width: 960px) 100vw, 960px\" \/><\/figure>\n<\/figure>\n\n\n\n<h2 class=\"has-text-align-center wp-block-heading\">D\u00e9guster les produits r\u00e9gionaux<\/h2>\n\n\n\n<figure class=\"wp-block-gallery has-nested-images columns-default is-cropped wp-block-gallery-2 is-layout-flex wp-block-gallery-is-layout-flex\">\n<figure class=\"wp-block-image size-large\"><img loading=\"lazy\" decoding=\"async\" width=\"724\" height=\"1024\" data-id=\"2449\" src=\"https:\/\/www.foretadrenaline.com\/carnac\/wp-content\/uploads\/sites\/2\/2019\/10\/2-724x1024.jpg\" alt=\"\" class=\"wp-image-2449\" srcset=\"https:\/\/www.foretadrenaline.com\/carnac\/wp-content\/uploads\/sites\/2\/2019\/10\/2-724x1024.jpg 724w, https:\/\/www.foretadrenaline.com\/carnac\/wp-content\/uploads\/sites\/2\/2019\/10\/2-212x300.jpg 212w, https:\/\/www.foretadrenaline.com\/carnac\/wp-content\/uploads\/sites\/2\/2019\/10\/2-768x1086.jpg 768w, https:\/\/www.foretadrenaline.com\/carnac\/wp-content\/uploads\/sites\/2\/2019\/10\/2.jpg 794w\" sizes=\"auto, (max-width: 724px) 100vw, 724px\" \/><\/figure>\n\n\n\n<figure class=\"wp-block-image size-large\"><img loading=\"lazy\" decoding=\"async\" width=\"640\" height=\"800\" data-id=\"250\" src=\"https:\/\/www.foretadrenaline.com\/carnac\/wp-content\/uploads\/sites\/2\/2019\/05\/@otcarnac3.jpg\" alt=\"\" class=\"wp-image-250\" srcset=\"https:\/\/www.foretadrenaline.com\/carnac\/wp-content\/uploads\/sites\/2\/2019\/05\/@otcarnac3.jpg 640w, https:\/\/www.foretadrenaline.com\/carnac\/wp-content\/uploads\/sites\/2\/2019\/05\/@otcarnac3-240x300.jpg 240w\" sizes=\"auto, (max-width: 640px) 100vw, 640px\" \/><figcaption>gastronomie bretonne<\/figcaption><\/figure>\n<\/figure>\n\n\n\n<h2 class=\"has-text-align-center wp-block-heading\">D\u00e9couvrir le golfe du Morbihan <\/h2>\n\n\n\n<figure class=\"wp-block-gallery has-nested-images columns-default is-cropped wp-block-gallery-3 is-layout-flex wp-block-gallery-is-layout-flex\">\n<figure class=\"wp-block-image size-large\"><img loading=\"lazy\" decoding=\"async\" width=\"724\" height=\"1024\" data-id=\"2451\" src=\"https:\/\/www.foretadrenaline.com\/carnac\/wp-content\/uploads\/sites\/2\/2019\/10\/3-724x1024.jpg\" alt=\"\" class=\"wp-image-2451\" srcset=\"https:\/\/www.foretadrenaline.com\/carnac\/wp-content\/uploads\/sites\/2\/2019\/10\/3-724x1024.jpg 724w, https:\/\/www.foretadrenaline.com\/carnac\/wp-content\/uploads\/sites\/2\/2019\/10\/3-212x300.jpg 212w, https:\/\/www.foretadrenaline.com\/carnac\/wp-content\/uploads\/sites\/2\/2019\/10\/3-768x1086.jpg 768w, https:\/\/www.foretadrenaline.com\/carnac\/wp-content\/uploads\/sites\/2\/2019\/10\/3.jpg 794w\" sizes=\"auto, (max-width: 724px) 100vw, 724px\" \/><\/figure>\n\n\n\n<figure class=\"wp-block-image size-large\"><img loading=\"lazy\" decoding=\"async\" width=\"724\" height=\"1024\" data-id=\"2463\" src=\"https:\/\/www.foretadrenaline.com\/carnac\/wp-content\/uploads\/sites\/2\/2019\/10\/4-1-724x1024.jpg\" alt=\"\" class=\"wp-image-2463\" srcset=\"https:\/\/www.foretadrenaline.com\/carnac\/wp-content\/uploads\/sites\/2\/2019\/10\/4-1-724x1024.jpg 724w, https:\/\/www.foretadrenaline.com\/carnac\/wp-content\/uploads\/sites\/2\/2019\/10\/4-1-212x300.jpg 212w, https:\/\/www.foretadrenaline.com\/carnac\/wp-content\/uploads\/sites\/2\/2019\/10\/4-1-768x1086.jpg 768w, https:\/\/www.foretadrenaline.com\/carnac\/wp-content\/uploads\/sites\/2\/2019\/10\/4-1.jpg 794w\" sizes=\"auto, (max-width: 724px) 100vw, 724px\" \/><\/figure>\n<\/figure>\n\n\n\n<figure class=\"wp-block-gallery has-nested-images columns-default is-cropped wp-block-gallery-4 is-layout-flex wp-block-gallery-is-layout-flex\">\n<figure class=\"wp-block-image size-large\"><img loading=\"lazy\" decoding=\"async\" width=\"724\" height=\"1024\" data-id=\"2480\" src=\"https:\/\/www.foretadrenaline.com\/carnac\/wp-content\/uploads\/sites\/2\/2019\/10\/5-1-724x1024.jpg\" alt=\"\" class=\"wp-image-2480\" srcset=\"https:\/\/www.foretadrenaline.com\/carnac\/wp-content\/uploads\/sites\/2\/2019\/10\/5-1-724x1024.jpg 724w, https:\/\/www.foretadrenaline.com\/carnac\/wp-content\/uploads\/sites\/2\/2019\/10\/5-1-212x300.jpg 212w, https:\/\/www.foretadrenaline.com\/carnac\/wp-content\/uploads\/sites\/2\/2019\/10\/5-1-768x1086.jpg 768w, https:\/\/www.foretadrenaline.com\/carnac\/wp-content\/uploads\/sites\/2\/2019\/10\/5-1.jpg 794w\" sizes=\"auto, (max-width: 724px) 100vw, 724px\" \/><\/figure>\n\n\n\n<figure class=\"wp-block-image size-large\"><img loading=\"lazy\" decoding=\"async\" width=\"960\" height=\"959\" data-id=\"246\" src=\"https:\/\/www.foretadrenaline.com\/carnac\/wp-content\/uploads\/sites\/2\/2019\/05\/@otcarnac1.jpg\" alt=\"\" class=\"wp-image-246\" srcset=\"https:\/\/www.foretadrenaline.com\/carnac\/wp-content\/uploads\/sites\/2\/2019\/05\/@otcarnac1.jpg 960w, https:\/\/www.foretadrenaline.com\/carnac\/wp-content\/uploads\/sites\/2\/2019\/05\/@otcarnac1-150x150.jpg 150w, https:\/\/www.foretadrenaline.com\/carnac\/wp-content\/uploads\/sites\/2\/2019\/05\/@otcarnac1-300x300.jpg 300w, https:\/\/www.foretadrenaline.com\/carnac\/wp-content\/uploads\/sites\/2\/2019\/05\/@otcarnac1-768x767.jpg 768w, https:\/\/www.foretadrenaline.com\/carnac\/wp-content\/uploads\/sites\/2\/2019\/05\/@otcarnac1-263x263.jpg 263w, https:\/\/www.foretadrenaline.com\/carnac\/wp-content\/uploads\/sites\/2\/2019\/05\/@otcarnac1-570x570.jpg 570w\" sizes=\"auto, (max-width: 960px) 100vw, 960px\" \/><figcaption>sites m\u00e9galithiques<\/figcaption><\/figure>\n<\/figure>\n\n\n\n<h3 class=\"wp-block-heading\">Contactez les Offices de tourisme<\/h3>\n\n\n\n<div class=\"wp-block-image\"><figure class=\"aligncenter is-resized\"><img loading=\"lazy\" decoding=\"async\" src=\"https:\/\/www.foretadrenaline.com\/carnac\/wp-content\/uploads\/sites\/2\/2020\/02\/ot.jpg\" alt=\"\" class=\"wp-image-2859\" width=\"432\" height=\"269\" \/><figcaption> <a rel=\"noreferrer noopener\" href=\"https:\/\/www.golfedumorbihan.bzh\/\" target=\"_blank\">Golfe du Morbihan Vannes Tourisme<\/a> &nbsp; <a rel=\"noreferrer noopener\" href=\"https:\/\/www.baiedequiberon.bzh\/\" target=\"_blank\">Baie de Quiberon la sublime<\/a> &nbsp;&nbsp; <br><a rel=\"noreferrer noopener\" href=\"https:\/\/www.ot-carnac.fr\/\" target=\"_blank\">Office de Tourisme de Carnac<\/a> <a rel=\"noreferrer noopener\" href=\"https:\/\/acteurs.tourismebretagne.bzh\/\" target=\"_blank\">CRT Bretagne<\/a> <\/figcaption><\/figure><\/div>\n","protected":false},"excerpt":{"rendered":"<p>O\u00f9 se restaurer ? D\u00e9guster les produits r\u00e9gionaux D\u00e9couvrir le golfe du Morbihan Contactez les Offices de tourisme<\/p>\n","protected":false},"author":2,"featured_media":248,"parent":0,"menu_order":0,"comment_status":"closed","ping_status":"closed","template":"","meta":{"_acf_changed":false,"footnotes":""},"class_list":["post-2446","page","type-page","status-publish","has-post-thumbnail","hentry"],"acf":[],"yoast_head":"<!-- This site is optimized with the Yoast SEO plugin v27.4 - https:\/\/yoast.com\/product\/yoast-seo-wordpress\/ -->\n<title>Bonnes adresses autour de nous - For\u00eat Adr\u00e9naline - Carnac<\/title>\n<meta name=\"description\" content=\"Les bonnes adresses autour de notre parc sont \u00e0 votre dispositions dans cette rubrique. Vannes, Auray, Carnac, Quiberon... Il y a du choix !\" \/>\n<meta name=\"robots\" content=\"index, follow, max-snippet:-1, max-image-preview:large, max-video-preview:-1\" \/>\n<link rel=\"canonical\" href=\"https:\/\/www.foretadrenaline.com\/carnac\/bonnes-adresses-autour-de-nous\/\" \/>\n<meta property=\"og:locale\" content=\"fr_FR\" \/>\n<meta property=\"og:type\" content=\"article\" \/>\n<meta property=\"og:title\" content=\"Bonnes adresses autour de nous - For\u00eat Adr\u00e9naline - Carnac\" \/>\n<meta property=\"og:description\" content=\"Les bonnes adresses autour de notre parc sont \u00e0 votre dispositions dans cette rubrique. Vannes, Auray, Carnac, Quiberon... Il y a du choix !\" \/>\n<meta property=\"og:url\" content=\"https:\/\/www.foretadrenaline.com\/carnac\/bonnes-adresses-autour-de-nous\/\" \/>\n<meta property=\"og:site_name\" content=\"For\u00eat Adr\u00e9naline - Carnac\" \/>\n<meta property=\"article:publisher\" content=\"https:\/\/www.facebook.com\/foretadrenaline.carnac\/\" \/>\n<meta property=\"article:modified_time\" content=\"2024-07-04T10:48:00+00:00\" \/>\n<meta property=\"og:image\" content=\"https:\/\/www.foretadrenaline.com\/carnac\/wp-content\/uploads\/sites\/2\/2019\/05\/@otcarnac2.jpg\" \/>\n\t<meta property=\"og:image:width\" content=\"960\" \/>\n\t<meta property=\"og:image:height\" content=\"960\" \/>\n\t<meta property=\"og:image:type\" content=\"image\/jpeg\" \/>\n<meta name=\"twitter:card\" content=\"summary_large_image\" \/>\n<meta name=\"twitter:label1\" content=\"Dur\u00e9e de lecture estim\u00e9e\" \/>\n\t<meta name=\"twitter:data1\" content=\"3 minutes\" \/>\n<script type=\"application\/ld+json\" class=\"yoast-schema-graph\">{\"@context\":\"https:\\\/\\\/schema.org\",\"@graph\":[{\"@type\":\"WebPage\",\"@id\":\"https:\\\/\\\/www.foretadrenaline.com\\\/carnac\\\/bonnes-adresses-autour-de-nous\\\/\",\"url\":\"https:\\\/\\\/www.foretadrenaline.com\\\/carnac\\\/bonnes-adresses-autour-de-nous\\\/\",\"name\":\"Bonnes adresses autour de nous - For\u00eat Adr\u00e9naline - Carnac\",\"isPartOf\":{\"@id\":\"https:\\\/\\\/www.foretadrenaline.com\\\/carnac\\\/#website\"},\"primaryImageOfPage\":{\"@id\":\"https:\\\/\\\/www.foretadrenaline.com\\\/carnac\\\/bonnes-adresses-autour-de-nous\\\/#primaryimage\"},\"image\":{\"@id\":\"https:\\\/\\\/www.foretadrenaline.com\\\/carnac\\\/bonnes-adresses-autour-de-nous\\\/#primaryimage\"},\"thumbnailUrl\":\"https:\\\/\\\/www.foretadrenaline.com\\\/carnac\\\/wp-content\\\/uploads\\\/sites\\\/2\\\/2019\\\/05\\\/@otcarnac2.jpg\",\"datePublished\":\"2019-10-11T14:23:44+00:00\",\"dateModified\":\"2024-07-04T10:48:00+00:00\",\"description\":\"Les bonnes adresses autour de notre parc sont \u00e0 votre dispositions dans cette rubrique. Vannes, Auray, Carnac, Quiberon... Il y a du choix !\",\"breadcrumb\":{\"@id\":\"https:\\\/\\\/www.foretadrenaline.com\\\/carnac\\\/bonnes-adresses-autour-de-nous\\\/#breadcrumb\"},\"inLanguage\":\"fr-FR\",\"potentialAction\":[{\"@type\":\"ReadAction\",\"target\":[\"https:\\\/\\\/www.foretadrenaline.com\\\/carnac\\\/bonnes-adresses-autour-de-nous\\\/\"]}]},{\"@type\":\"ImageObject\",\"inLanguage\":\"fr-FR\",\"@id\":\"https:\\\/\\\/www.foretadrenaline.com\\\/carnac\\\/bonnes-adresses-autour-de-nous\\\/#primaryimage\",\"url\":\"https:\\\/\\\/www.foretadrenaline.com\\\/carnac\\\/wp-content\\\/uploads\\\/sites\\\/2\\\/2019\\\/05\\\/@otcarnac2.jpg\",\"contentUrl\":\"https:\\\/\\\/www.foretadrenaline.com\\\/carnac\\\/wp-content\\\/uploads\\\/sites\\\/2\\\/2019\\\/05\\\/@otcarnac2.jpg\",\"width\":960,\"height\":960,\"caption\":\"plages de carnac\"},{\"@type\":\"BreadcrumbList\",\"@id\":\"https:\\\/\\\/www.foretadrenaline.com\\\/carnac\\\/bonnes-adresses-autour-de-nous\\\/#breadcrumb\",\"itemListElement\":[{\"@type\":\"ListItem\",\"position\":1,\"name\":\"Accueil\",\"item\":\"https:\\\/\\\/www.foretadrenaline.com\\\/carnac\\\/\"},{\"@type\":\"ListItem\",\"position\":2,\"name\":\"Bonnes adresses autour de nous\"}]},{\"@type\":\"WebSite\",\"@id\":\"https:\\\/\\\/www.foretadrenaline.com\\\/carnac\\\/#website\",\"url\":\"https:\\\/\\\/www.foretadrenaline.com\\\/carnac\\\/\",\"name\":\"For\u00eat Adr\u00e9naline - Carnac\",\"description\":\"Un site utilisant For\u00eat Adr\u00e9naline\",\"publisher\":{\"@id\":\"https:\\\/\\\/www.foretadrenaline.com\\\/carnac\\\/#organization\"},\"potentialAction\":[{\"@type\":\"SearchAction\",\"target\":{\"@type\":\"EntryPoint\",\"urlTemplate\":\"https:\\\/\\\/www.foretadrenaline.com\\\/carnac\\\/?s={search_term_string}\"},\"query-input\":{\"@type\":\"PropertyValueSpecification\",\"valueRequired\":true,\"valueName\":\"search_term_string\"}}],\"inLanguage\":\"fr-FR\"},{\"@type\":\"Organization\",\"@id\":\"https:\\\/\\\/www.foretadrenaline.com\\\/carnac\\\/#organization\",\"name\":\"For\u00eat Adr\u00e9naline Carnac\",\"url\":\"https:\\\/\\\/www.foretadrenaline.com\\\/carnac\\\/\",\"logo\":{\"@type\":\"ImageObject\",\"inLanguage\":\"fr-FR\",\"@id\":\"https:\\\/\\\/www.foretadrenaline.com\\\/carnac\\\/#\\\/schema\\\/logo\\\/image\\\/\",\"url\":\"https:\\\/\\\/www.foretadrenaline.com\\\/carnac\\\/wp-content\\\/uploads\\\/sites\\\/2\\\/2019\\\/04\\\/ForetAdrenalineCarnac.png\",\"contentUrl\":\"https:\\\/\\\/www.foretadrenaline.com\\\/carnac\\\/wp-content\\\/uploads\\\/sites\\\/2\\\/2019\\\/04\\\/ForetAdrenalineCarnac.png\",\"width\":191,\"height\":173,\"caption\":\"For\u00eat Adr\u00e9naline Carnac\"},\"image\":{\"@id\":\"https:\\\/\\\/www.foretadrenaline.com\\\/carnac\\\/#\\\/schema\\\/logo\\\/image\\\/\"},\"sameAs\":[\"https:\\\/\\\/www.facebook.com\\\/foretadrenaline.carnac\\\/\",\"https:\\\/\\\/www.instagram.com\\\/foretadrenaline\\\/\"]}]}<\/script>\n<!-- \/ Yoast SEO plugin. -->","yoast_head_json":{"title":"Bonnes adresses autour de nous - For\u00eat Adr\u00e9naline - Carnac","description":"Les bonnes adresses autour de notre parc sont \u00e0 votre dispositions dans cette rubrique. Vannes, Auray, Carnac, Quiberon... Il y a du choix !","robots":{"index":"index","follow":"follow","max-snippet":"max-snippet:-1","max-image-preview":"max-image-preview:large","max-video-preview":"max-video-preview:-1"},"canonical":"https:\/\/www.foretadrenaline.com\/carnac\/bonnes-adresses-autour-de-nous\/","og_locale":"fr_FR","og_type":"article","og_title":"Bonnes adresses autour de nous - For\u00eat Adr\u00e9naline - Carnac","og_description":"Les bonnes adresses autour de notre parc sont \u00e0 votre dispositions dans cette rubrique. Vannes, Auray, Carnac, Quiberon... Il y a du choix !","og_url":"https:\/\/www.foretadrenaline.com\/carnac\/bonnes-adresses-autour-de-nous\/","og_site_name":"For\u00eat Adr\u00e9naline - Carnac","article_publisher":"https:\/\/www.facebook.com\/foretadrenaline.carnac\/","article_modified_time":"2024-07-04T10:48:00+00:00","og_image":[{"width":960,"height":960,"url":"https:\/\/www.foretadrenaline.com\/carnac\/wp-content\/uploads\/sites\/2\/2019\/05\/@otcarnac2.jpg","type":"image\/jpeg"}],"twitter_card":"summary_large_image","twitter_misc":{"Dur\u00e9e de lecture estim\u00e9e":"3 minutes"},"schema":{"@context":"https:\/\/schema.org","@graph":[{"@type":"WebPage","@id":"https:\/\/www.foretadrenaline.com\/carnac\/bonnes-adresses-autour-de-nous\/","url":"https:\/\/www.foretadrenaline.com\/carnac\/bonnes-adresses-autour-de-nous\/","name":"Bonnes adresses autour de nous - For\u00eat Adr\u00e9naline - Carnac","isPartOf":{"@id":"https:\/\/www.foretadrenaline.com\/carnac\/#website"},"primaryImageOfPage":{"@id":"https:\/\/www.foretadrenaline.com\/carnac\/bonnes-adresses-autour-de-nous\/#primaryimage"},"image":{"@id":"https:\/\/www.foretadrenaline.com\/carnac\/bonnes-adresses-autour-de-nous\/#primaryimage"},"thumbnailUrl":"https:\/\/www.foretadrenaline.com\/carnac\/wp-content\/uploads\/sites\/2\/2019\/05\/@otcarnac2.jpg","datePublished":"2019-10-11T14:23:44+00:00","dateModified":"2024-07-04T10:48:00+00:00","description":"Les bonnes adresses autour de notre parc sont \u00e0 votre dispositions dans cette rubrique. Vannes, Auray, Carnac, Quiberon... Il y a du choix !","breadcrumb":{"@id":"https:\/\/www.foretadrenaline.com\/carnac\/bonnes-adresses-autour-de-nous\/#breadcrumb"},"inLanguage":"fr-FR","potentialAction":[{"@type":"ReadAction","target":["https:\/\/www.foretadrenaline.com\/carnac\/bonnes-adresses-autour-de-nous\/"]}]},{"@type":"ImageObject","inLanguage":"fr-FR","@id":"https:\/\/www.foretadrenaline.com\/carnac\/bonnes-adresses-autour-de-nous\/#primaryimage","url":"https:\/\/www.foretadrenaline.com\/carnac\/wp-content\/uploads\/sites\/2\/2019\/05\/@otcarnac2.jpg","contentUrl":"https:\/\/www.foretadrenaline.com\/carnac\/wp-content\/uploads\/sites\/2\/2019\/05\/@otcarnac2.jpg","width":960,"height":960,"caption":"plages de carnac"},{"@type":"BreadcrumbList","@id":"https:\/\/www.foretadrenaline.com\/carnac\/bonnes-adresses-autour-de-nous\/#breadcrumb","itemListElement":[{"@type":"ListItem","position":1,"name":"Accueil","item":"https:\/\/www.foretadrenaline.com\/carnac\/"},{"@type":"ListItem","position":2,"name":"Bonnes adresses autour de nous"}]},{"@type":"WebSite","@id":"https:\/\/www.foretadrenaline.com\/carnac\/#website","url":"https:\/\/www.foretadrenaline.com\/carnac\/","name":"For\u00eat Adr\u00e9naline - Carnac","description":"Un site utilisant For\u00eat Adr\u00e9naline","publisher":{"@id":"https:\/\/www.foretadrenaline.com\/carnac\/#organization"},"potentialAction":[{"@type":"SearchAction","target":{"@type":"EntryPoint","urlTemplate":"https:\/\/www.foretadrenaline.com\/carnac\/?s={search_term_string}"},"query-input":{"@type":"PropertyValueSpecification","valueRequired":true,"valueName":"search_term_string"}}],"inLanguage":"fr-FR"},{"@type":"Organization","@id":"https:\/\/www.foretadrenaline.com\/carnac\/#organization","name":"For\u00eat Adr\u00e9naline Carnac","url":"https:\/\/www.foretadrenaline.com\/carnac\/","logo":{"@type":"ImageObject","inLanguage":"fr-FR","@id":"https:\/\/www.foretadrenaline.com\/carnac\/#\/schema\/logo\/image\/","url":"https:\/\/www.foretadrenaline.com\/carnac\/wp-content\/uploads\/sites\/2\/2019\/04\/ForetAdrenalineCarnac.png","contentUrl":"https:\/\/www.foretadrenaline.com\/carnac\/wp-content\/uploads\/sites\/2\/2019\/04\/ForetAdrenalineCarnac.png","width":191,"height":173,"caption":"For\u00eat Adr\u00e9naline Carnac"},"image":{"@id":"https:\/\/www.foretadrenaline.com\/carnac\/#\/schema\/logo\/image\/"},"sameAs":["https:\/\/www.facebook.com\/foretadrenaline.carnac\/","https:\/\/www.instagram.com\/foretadrenaline\/"]}]}},"_links":{"self":[{"href":"https:\/\/www.foretadrenaline.com\/carnac\/wp-json\/wp\/v2\/pages\/2446","targetHints":{"allow":["GET"]}}],"collection":[{"href":"https:\/\/www.foretadrenaline.com\/carnac\/wp-json\/wp\/v2\/pages"}],"about":[{"href":"https:\/\/www.foretadrenaline.com\/carnac\/wp-json\/wp\/v2\/types\/page"}],"author":[{"embeddable":true,"href":"https:\/\/www.foretadrenaline.com\/carnac\/wp-json\/wp\/v2\/users\/2"}],"replies":[{"embeddable":true,"href":"https:\/\/www.foretadrenaline.com\/carnac\/wp-json\/wp\/v2\/comments?post=2446"}],"version-history":[{"count":11,"href":"https:\/\/www.foretadrenaline.com\/carnac\/wp-json\/wp\/v2\/pages\/2446\/revisions"}],"predecessor-version":[{"id":4809,"href":"https:\/\/www.foretadrenaline.com\/carnac\/wp-json\/wp\/v2\/pages\/2446\/revisions\/4809"}],"wp:featuredmedia":[{"embeddable":true,"href":"https:\/\/www.foretadrenaline.com\/carnac\/wp-json\/wp\/v2\/media\/248"}],"wp:attachment":[{"href":"https:\/\/www.foretadrenaline.com\/carnac\/wp-json\/wp\/v2\/media?parent=2446"}],"curies":[{"name":"wp","href":"https:\/\/api.w.org\/{rel}","templated":true}]}}