{"id":43,"date":"2019-04-16T15:46:46","date_gmt":"2019-04-16T13:46:46","guid":{"rendered":"https:\/\/www.foretadrenaline.com\/carnac\/?page_id=43"},"modified":"2026-02-17T13:49:09","modified_gmt":"2026-02-17T12:49:09","slug":"offres-comite-dentreprise","status":"publish","type":"page","link":"https:\/\/www.foretadrenaline.com\/carnac\/offres-entreprises\/offres-comite-dentreprise\/","title":{"rendered":"Offres Comit\u00e9 d&rsquo;entreprise"},"content":{"rendered":"\n<div class=\"wp-block-buttons is-content-justification-center is-layout-flex wp-container-core-buttons-is-layout-16018d1d wp-block-buttons-is-layout-flex\"><\/div>\n\n\n\n<h2 class=\"wp-block-heading\">Les diff\u00e9rentes offres et r\u00e9ductions pour les Comit\u00e9s d&rsquo;entreprise<\/h2>\n\n\n\n<h3 class=\"wp-block-heading\">10% de r\u00e9duction ou 20% en billetterie<\/h3>\n\n\n\n<p>Cher Comit\u00e9 d&rsquo;Entreprise, nous vous proposons des offres sp\u00e9ciales pour que vos employ\u00e9s b\u00e9n\u00e9ficient de tarifs pr\u00e9f\u00e9rentiels: -10% ou -20% de r\u00e9ductions sur toutes vos entr\u00e9es.  <\/p>\n\n\n\n<p>Vous choisissez l&rsquo;offre et la formule qui vous convient: <\/p>\n\n\n\n<ul class=\"wp-block-list\">\n<li>-10% sur pr\u00e9sentation d&rsquo;une carte de membre sur toutes nos formules<\/li>\n\n\n\n<li>ou -20% sur la billetterie sur les formules aventure<br><br>Refacturation \u00e0 la commande et possibilit\u00e9 de faire des commandes au compte goutte ou en d\u00e9p\u00f4t vente (refacturation en fin d&rsquo;ann\u00e9e ou fin de p\u00e9riode sur les billets re\u00e7us en caisse). <br>Vous \u00e9ditez vos propres billets sur une plateforme d\u00e9di\u00e9e (weezevent). <br>Les billets sont valables dans nos 3 parcs aventure sur 1 saison.<\/li>\n<\/ul>\n\n\n\n<figure class=\"wp-block-gallery has-nested-images columns-default is-cropped wp-block-gallery-1 is-layout-flex wp-block-gallery-is-layout-flex\">\n<figure class=\"wp-block-image size-large\"><img loading=\"lazy\" decoding=\"async\" width=\"768\" height=\"1024\" data-id=\"4437\" src=\"https:\/\/www.foretadrenaline.com\/carnac\/wp-content\/uploads\/sites\/2\/2022\/03\/Foret-Adrenaline_accrobranche-pour-les-petits-768x1024.jpg\" alt=\"offres comit\u00e9 d'entreprise - tarif enfant\" class=\"wp-image-4437\" srcset=\"https:\/\/www.foretadrenaline.com\/carnac\/wp-content\/uploads\/sites\/2\/2022\/03\/Foret-Adrenaline_accrobranche-pour-les-petits-768x1024.jpg 768w, https:\/\/www.foretadrenaline.com\/carnac\/wp-content\/uploads\/sites\/2\/2022\/03\/Foret-Adrenaline_accrobranche-pour-les-petits-225x300.jpg 225w, https:\/\/www.foretadrenaline.com\/carnac\/wp-content\/uploads\/sites\/2\/2022\/03\/Foret-Adrenaline_accrobranche-pour-les-petits-1152x1536.jpg 1152w, https:\/\/www.foretadrenaline.com\/carnac\/wp-content\/uploads\/sites\/2\/2022\/03\/Foret-Adrenaline_accrobranche-pour-les-petits-scaled.jpg 1536w, https:\/\/www.foretadrenaline.com\/carnac\/wp-content\/uploads\/sites\/2\/2022\/03\/Foret-Adrenaline_accrobranche-pour-les-petits-1200x1600.jpg 1200w\" sizes=\"auto, (max-width: 768px) 100vw, 768px\" \/><\/figure>\n\n\n\n<figure class=\"wp-block-image size-large\"><img loading=\"lazy\" decoding=\"async\" width=\"1024\" height=\"683\" data-id=\"4476\" src=\"https:\/\/www.foretadrenaline.com\/carnac\/wp-content\/uploads\/sites\/2\/2022\/03\/Foret-Adrenaline_parcours-adulte_@Imadgin-1024x683.jpg\" alt=\"offres comit\u00e9 d'entreprise - tarif adulte\" class=\"wp-image-4476\" srcset=\"https:\/\/www.foretadrenaline.com\/carnac\/wp-content\/uploads\/sites\/2\/2022\/03\/Foret-Adrenaline_parcours-adulte_@Imadgin-1024x683.jpg 1024w, https:\/\/www.foretadrenaline.com\/carnac\/wp-content\/uploads\/sites\/2\/2022\/03\/Foret-Adrenaline_parcours-adulte_@Imadgin-300x200.jpg 300w, https:\/\/www.foretadrenaline.com\/carnac\/wp-content\/uploads\/sites\/2\/2022\/03\/Foret-Adrenaline_parcours-adulte_@Imadgin-768x512.jpg 768w, https:\/\/www.foretadrenaline.com\/carnac\/wp-content\/uploads\/sites\/2\/2022\/03\/Foret-Adrenaline_parcours-adulte_@Imadgin-1536x1024.jpg 1536w, https:\/\/www.foretadrenaline.com\/carnac\/wp-content\/uploads\/sites\/2\/2022\/03\/Foret-Adrenaline_parcours-adulte_@Imadgin-scaled.jpg 2048w, https:\/\/www.foretadrenaline.com\/carnac\/wp-content\/uploads\/sites\/2\/2022\/03\/Foret-Adrenaline_parcours-adulte_@Imadgin-1200x800.jpg 1200w\" sizes=\"auto, (max-width: 1024px) 100vw, 1024px\" \/><\/figure>\n\n\n\n<figure class=\"wp-block-image size-large\"><img loading=\"lazy\" decoding=\"async\" width=\"683\" height=\"1024\" data-id=\"4526\" src=\"https:\/\/www.foretadrenaline.com\/carnac\/wp-content\/uploads\/sites\/2\/2022\/03\/Foret-Adrenaline_TrampOforest\u00ae_@Lemon-Prod-683x1024.jpg\" alt=\"offres comit\u00e9 d'entreprise\" class=\"wp-image-4526\" srcset=\"https:\/\/www.foretadrenaline.com\/carnac\/wp-content\/uploads\/sites\/2\/2022\/03\/Foret-Adrenaline_TrampOforest\u00ae_@Lemon-Prod-683x1024.jpg 683w, https:\/\/www.foretadrenaline.com\/carnac\/wp-content\/uploads\/sites\/2\/2022\/03\/Foret-Adrenaline_TrampOforest\u00ae_@Lemon-Prod-200x300.jpg 200w, https:\/\/www.foretadrenaline.com\/carnac\/wp-content\/uploads\/sites\/2\/2022\/03\/Foret-Adrenaline_TrampOforest\u00ae_@Lemon-Prod-768x1152.jpg 768w, https:\/\/www.foretadrenaline.com\/carnac\/wp-content\/uploads\/sites\/2\/2022\/03\/Foret-Adrenaline_TrampOforest\u00ae_@Lemon-Prod-1024x1536.jpg 1024w, https:\/\/www.foretadrenaline.com\/carnac\/wp-content\/uploads\/sites\/2\/2022\/03\/Foret-Adrenaline_TrampOforest\u00ae_@Lemon-Prod.jpg 1182w\" sizes=\"auto, (max-width: 683px) 100vw, 683px\" \/><\/figure>\n<\/figure>\n\n\n\n<h3 class=\"wp-block-heading\">Pour \u00eatre partenaire c&rsquo;est simple<\/h3>\n\n\n\n<div class=\"wp-block-buttons is-content-justification-center is-layout-flex wp-container-core-buttons-is-layout-16018d1d wp-block-buttons-is-layout-flex\">\n<div class=\"wp-block-button\"><a class=\"wp-block-button__link wp-element-button\" href=\"mailto:rennes@foretadrenaline.com\" target=\"_blank\" rel=\"noreferrer noopener\">Contacter Marie<\/a><\/div>\n<\/div>\n\n\n\n<p><br>Un contrat vous sera envoy\u00e9. Il vous suffira de le remplir et de nous le renvoyer sign\u00e9. <br>Si vous choisissez la billetterie, nous vous enverrons un lien pour que vous puissiez \u00e9diter vos propres billets. <br>Vous devrez les imprimer ou les envoyer par email \u00e0 l&rsquo;acheteur. Ce dernier devra r\u00e9server en ligne (aucun paiement) son jour et cr\u00e9neau souhait\u00e9.<\/p>\n\n\n\n<div class=\"wp-block-media-text alignwide is-stacked-on-mobile\" style=\"grid-template-columns:43% auto\"><figure class=\"wp-block-media-text__media\"><img loading=\"lazy\" decoding=\"async\" width=\"1024\" height=\"682\" src=\"https:\/\/www.foretadrenaline.com\/carnac\/wp-content\/uploads\/sites\/2\/2019\/05\/IMG_0467-1024x682.jpg\" alt=\"Offres Comit\u00e9 d'entreprise - tarifs r\u00e9duits\" class=\"wp-image-478 size-full\" srcset=\"https:\/\/www.foretadrenaline.com\/carnac\/wp-content\/uploads\/sites\/2\/2019\/05\/IMG_0467-1024x682.jpg 1024w, https:\/\/www.foretadrenaline.com\/carnac\/wp-content\/uploads\/sites\/2\/2019\/05\/IMG_0467-300x200.jpg 300w, https:\/\/www.foretadrenaline.com\/carnac\/wp-content\/uploads\/sites\/2\/2019\/05\/IMG_0467-768x512.jpg 768w, https:\/\/www.foretadrenaline.com\/carnac\/wp-content\/uploads\/sites\/2\/2019\/05\/IMG_0467-1200x800.jpg 1200w\" sizes=\"auto, (max-width: 1024px) 100vw, 1024px\" \/><\/figure><div class=\"wp-block-media-text__content\">\n<p class=\"has-text-align-center\"><\/p>\n\n\n\n<div class=\"wp-block-button aligncenter\"><a class=\"wp-block-button__link wp-element-button\" href=\"https:\/\/www.foretadrenaline.com\/carnac\/wp-content\/uploads\/sites\/2\/2026\/02\/Plaquette-CSE-2026.pdf\" target=\"_blank\" rel=\"noreferrer noopener\">T\u00e9l\u00e9charger notre plaquette CE<\/a><\/div>\n\n\n\n<p class=\"has-text-align-center\"><strong>Pour \u00eatre partenaire, contacter Marie sur rennes@foretadrenaline.com <\/strong><\/p>\n<\/div><\/div>\n\n\n\n<p><\/p>\n","protected":false},"excerpt":{"rendered":"<p>Les diff\u00e9rentes offres et r\u00e9ductions pour les Comit\u00e9s d&rsquo;entreprise 10% de r\u00e9duction ou 20% en billetterie Cher Comit\u00e9 d&rsquo;Entreprise, nous vous proposons des offres sp\u00e9ciales pour que vos employ\u00e9s b\u00e9n\u00e9ficient de tarifs pr\u00e9f\u00e9rentiels: -10% ou -20% de r\u00e9ductions sur toutes vos entr\u00e9es. Vous choisissez l&rsquo;offre et la formule qui vous convient: Pour \u00eatre partenaire c&rsquo;est&hellip;<\/p>\n","protected":false},"author":1,"featured_media":3651,"parent":37,"menu_order":0,"comment_status":"closed","ping_status":"closed","template":"","meta":{"_acf_changed":false,"footnotes":""},"class_list":["post-43","page","type-page","status-publish","has-post-thumbnail","hentry"],"acf":[],"yoast_head":"<!-- This site is optimized with the Yoast SEO plugin v27.5 - https:\/\/yoast.com\/product\/yoast-seo-wordpress\/ -->\n<title>Les Offres Comit\u00e9 d&#039;entreprise _ For\u00eat Adr\u00e9naline Carnac<\/title>\n<meta name=\"description\" content=\"Les diff\u00e9rentes offres Comit\u00e9 d&#039;entreprise: Nous proposons des tarifs r\u00e9duits de -10% \u00e0 -20% pour vos employ\u00e9s\" \/>\n<meta name=\"robots\" content=\"index, follow, max-snippet:-1, max-image-preview:large, max-video-preview:-1\" \/>\n<link rel=\"canonical\" href=\"https:\/\/www.foretadrenaline.com\/carnac\/offres-entreprises\/offres-comite-dentreprise\/\" \/>\n<meta property=\"og:locale\" content=\"fr_FR\" \/>\n<meta property=\"og:type\" content=\"article\" \/>\n<meta property=\"og:title\" content=\"Les Offres Comit\u00e9 d&#039;entreprise _ For\u00eat Adr\u00e9naline Carnac\" \/>\n<meta property=\"og:description\" content=\"Les diff\u00e9rentes offres Comit\u00e9 d&#039;entreprise: Nous proposons des tarifs r\u00e9duits de -10% \u00e0 -20% pour vos employ\u00e9s\" \/>\n<meta property=\"og:url\" content=\"https:\/\/www.foretadrenaline.com\/carnac\/offres-entreprises\/offres-comite-dentreprise\/\" \/>\n<meta property=\"og:site_name\" content=\"For\u00eat Adr\u00e9naline - Carnac\" \/>\n<meta property=\"article:publisher\" content=\"https:\/\/www.facebook.com\/foretadrenaline.carnac\/\" \/>\n<meta property=\"article:modified_time\" content=\"2026-02-17T12:49:09+00:00\" \/>\n<meta property=\"og:image\" content=\"https:\/\/www.foretadrenaline.com\/carnac\/wp-content\/uploads\/sites\/2\/2021\/03\/Corsaire-Aventure-tyrolienne-@ForetAdrenaline-scaled.jpg\" \/>\n\t<meta property=\"og:image:width\" content=\"2048\" \/>\n\t<meta property=\"og:image:height\" content=\"1365\" \/>\n\t<meta property=\"og:image:type\" content=\"image\/jpeg\" \/>\n<meta name=\"twitter:card\" content=\"summary_large_image\" \/>\n<meta name=\"twitter:label1\" content=\"Dur\u00e9e de lecture estim\u00e9e\" \/>\n\t<meta name=\"twitter:data1\" content=\"3 minutes\" \/>\n<script type=\"application\/ld+json\" class=\"yoast-schema-graph\">{\"@context\":\"https:\\\/\\\/schema.org\",\"@graph\":[{\"@type\":\"WebPage\",\"@id\":\"https:\\\/\\\/www.foretadrenaline.com\\\/carnac\\\/offres-entreprises\\\/offres-comite-dentreprise\\\/\",\"url\":\"https:\\\/\\\/www.foretadrenaline.com\\\/carnac\\\/offres-entreprises\\\/offres-comite-dentreprise\\\/\",\"name\":\"Les Offres Comit\u00e9 d'entreprise _ For\u00eat Adr\u00e9naline Carnac\",\"isPartOf\":{\"@id\":\"https:\\\/\\\/www.foretadrenaline.com\\\/carnac\\\/#website\"},\"primaryImageOfPage\":{\"@id\":\"https:\\\/\\\/www.foretadrenaline.com\\\/carnac\\\/offres-entreprises\\\/offres-comite-dentreprise\\\/#primaryimage\"},\"image\":{\"@id\":\"https:\\\/\\\/www.foretadrenaline.com\\\/carnac\\\/offres-entreprises\\\/offres-comite-dentreprise\\\/#primaryimage\"},\"thumbnailUrl\":\"https:\\\/\\\/www.foretadrenaline.com\\\/carnac\\\/wp-content\\\/uploads\\\/sites\\\/2\\\/2021\\\/03\\\/Corsaire-Aventure-tyrolienne-@ForetAdrenaline-scaled.jpg\",\"datePublished\":\"2019-04-16T13:46:46+00:00\",\"dateModified\":\"2026-02-17T12:49:09+00:00\",\"description\":\"Les diff\u00e9rentes offres Comit\u00e9 d'entreprise: Nous proposons des tarifs r\u00e9duits de -10% \u00e0 -20% pour vos employ\u00e9s\",\"breadcrumb\":{\"@id\":\"https:\\\/\\\/www.foretadrenaline.com\\\/carnac\\\/offres-entreprises\\\/offres-comite-dentreprise\\\/#breadcrumb\"},\"inLanguage\":\"fr-FR\",\"potentialAction\":[{\"@type\":\"ReadAction\",\"target\":[\"https:\\\/\\\/www.foretadrenaline.com\\\/carnac\\\/offres-entreprises\\\/offres-comite-dentreprise\\\/\"]}]},{\"@type\":\"ImageObject\",\"inLanguage\":\"fr-FR\",\"@id\":\"https:\\\/\\\/www.foretadrenaline.com\\\/carnac\\\/offres-entreprises\\\/offres-comite-dentreprise\\\/#primaryimage\",\"url\":\"https:\\\/\\\/www.foretadrenaline.com\\\/carnac\\\/wp-content\\\/uploads\\\/sites\\\/2\\\/2021\\\/03\\\/Corsaire-Aventure-tyrolienne-@ForetAdrenaline-scaled.jpg\",\"contentUrl\":\"https:\\\/\\\/www.foretadrenaline.com\\\/carnac\\\/wp-content\\\/uploads\\\/sites\\\/2\\\/2021\\\/03\\\/Corsaire-Aventure-tyrolienne-@ForetAdrenaline-scaled.jpg\",\"width\":2048,\"height\":1365,\"caption\":\"Journ\u00e9e d'int\u00e9gration lyc\u00e9ens\"},{\"@type\":\"BreadcrumbList\",\"@id\":\"https:\\\/\\\/www.foretadrenaline.com\\\/carnac\\\/offres-entreprises\\\/offres-comite-dentreprise\\\/#breadcrumb\",\"itemListElement\":[{\"@type\":\"ListItem\",\"position\":1,\"name\":\"Accueil\",\"item\":\"https:\\\/\\\/www.foretadrenaline.com\\\/carnac\\\/\"},{\"@type\":\"ListItem\",\"position\":2,\"name\":\"Offres entreprises\",\"item\":\"https:\\\/\\\/www.foretadrenaline.com\\\/carnac\\\/offres-entreprises\\\/\"},{\"@type\":\"ListItem\",\"position\":3,\"name\":\"Offres Comit\u00e9 d&rsquo;entreprise\"}]},{\"@type\":\"WebSite\",\"@id\":\"https:\\\/\\\/www.foretadrenaline.com\\\/carnac\\\/#website\",\"url\":\"https:\\\/\\\/www.foretadrenaline.com\\\/carnac\\\/\",\"name\":\"For\u00eat Adr\u00e9naline - Carnac\",\"description\":\"Un site utilisant For\u00eat Adr\u00e9naline\",\"publisher\":{\"@id\":\"https:\\\/\\\/www.foretadrenaline.com\\\/carnac\\\/#organization\"},\"potentialAction\":[{\"@type\":\"SearchAction\",\"target\":{\"@type\":\"EntryPoint\",\"urlTemplate\":\"https:\\\/\\\/www.foretadrenaline.com\\\/carnac\\\/?s={search_term_string}\"},\"query-input\":{\"@type\":\"PropertyValueSpecification\",\"valueRequired\":true,\"valueName\":\"search_term_string\"}}],\"inLanguage\":\"fr-FR\"},{\"@type\":\"Organization\",\"@id\":\"https:\\\/\\\/www.foretadrenaline.com\\\/carnac\\\/#organization\",\"name\":\"For\u00eat Adr\u00e9naline Carnac\",\"url\":\"https:\\\/\\\/www.foretadrenaline.com\\\/carnac\\\/\",\"logo\":{\"@type\":\"ImageObject\",\"inLanguage\":\"fr-FR\",\"@id\":\"https:\\\/\\\/www.foretadrenaline.com\\\/carnac\\\/#\\\/schema\\\/logo\\\/image\\\/\",\"url\":\"https:\\\/\\\/www.foretadrenaline.com\\\/carnac\\\/wp-content\\\/uploads\\\/sites\\\/2\\\/2019\\\/04\\\/ForetAdrenalineCarnac.png\",\"contentUrl\":\"https:\\\/\\\/www.foretadrenaline.com\\\/carnac\\\/wp-content\\\/uploads\\\/sites\\\/2\\\/2019\\\/04\\\/ForetAdrenalineCarnac.png\",\"width\":191,\"height\":173,\"caption\":\"For\u00eat Adr\u00e9naline Carnac\"},\"image\":{\"@id\":\"https:\\\/\\\/www.foretadrenaline.com\\\/carnac\\\/#\\\/schema\\\/logo\\\/image\\\/\"},\"sameAs\":[\"https:\\\/\\\/www.facebook.com\\\/foretadrenaline.carnac\\\/\",\"https:\\\/\\\/www.instagram.com\\\/foretadrenaline\\\/\"]}]}<\/script>\n<!-- \/ Yoast SEO plugin. -->","yoast_head_json":{"title":"Les Offres Comit\u00e9 d'entreprise _ For\u00eat Adr\u00e9naline Carnac","description":"Les diff\u00e9rentes offres Comit\u00e9 d'entreprise: Nous proposons des tarifs r\u00e9duits de -10% \u00e0 -20% pour vos employ\u00e9s","robots":{"index":"index","follow":"follow","max-snippet":"max-snippet:-1","max-image-preview":"max-image-preview:large","max-video-preview":"max-video-preview:-1"},"canonical":"https:\/\/www.foretadrenaline.com\/carnac\/offres-entreprises\/offres-comite-dentreprise\/","og_locale":"fr_FR","og_type":"article","og_title":"Les Offres Comit\u00e9 d'entreprise _ For\u00eat Adr\u00e9naline Carnac","og_description":"Les diff\u00e9rentes offres Comit\u00e9 d'entreprise: Nous proposons des tarifs r\u00e9duits de -10% \u00e0 -20% pour vos employ\u00e9s","og_url":"https:\/\/www.foretadrenaline.com\/carnac\/offres-entreprises\/offres-comite-dentreprise\/","og_site_name":"For\u00eat Adr\u00e9naline - Carnac","article_publisher":"https:\/\/www.facebook.com\/foretadrenaline.carnac\/","article_modified_time":"2026-02-17T12:49:09+00:00","og_image":[{"width":2048,"height":1365,"url":"https:\/\/www.foretadrenaline.com\/carnac\/wp-content\/uploads\/sites\/2\/2021\/03\/Corsaire-Aventure-tyrolienne-@ForetAdrenaline-scaled.jpg","type":"image\/jpeg"}],"twitter_card":"summary_large_image","twitter_misc":{"Dur\u00e9e de lecture estim\u00e9e":"3 minutes"},"schema":{"@context":"https:\/\/schema.org","@graph":[{"@type":"WebPage","@id":"https:\/\/www.foretadrenaline.com\/carnac\/offres-entreprises\/offres-comite-dentreprise\/","url":"https:\/\/www.foretadrenaline.com\/carnac\/offres-entreprises\/offres-comite-dentreprise\/","name":"Les Offres Comit\u00e9 d'entreprise _ For\u00eat Adr\u00e9naline Carnac","isPartOf":{"@id":"https:\/\/www.foretadrenaline.com\/carnac\/#website"},"primaryImageOfPage":{"@id":"https:\/\/www.foretadrenaline.com\/carnac\/offres-entreprises\/offres-comite-dentreprise\/#primaryimage"},"image":{"@id":"https:\/\/www.foretadrenaline.com\/carnac\/offres-entreprises\/offres-comite-dentreprise\/#primaryimage"},"thumbnailUrl":"https:\/\/www.foretadrenaline.com\/carnac\/wp-content\/uploads\/sites\/2\/2021\/03\/Corsaire-Aventure-tyrolienne-@ForetAdrenaline-scaled.jpg","datePublished":"2019-04-16T13:46:46+00:00","dateModified":"2026-02-17T12:49:09+00:00","description":"Les diff\u00e9rentes offres Comit\u00e9 d'entreprise: Nous proposons des tarifs r\u00e9duits de -10% \u00e0 -20% pour vos employ\u00e9s","breadcrumb":{"@id":"https:\/\/www.foretadrenaline.com\/carnac\/offres-entreprises\/offres-comite-dentreprise\/#breadcrumb"},"inLanguage":"fr-FR","potentialAction":[{"@type":"ReadAction","target":["https:\/\/www.foretadrenaline.com\/carnac\/offres-entreprises\/offres-comite-dentreprise\/"]}]},{"@type":"ImageObject","inLanguage":"fr-FR","@id":"https:\/\/www.foretadrenaline.com\/carnac\/offres-entreprises\/offres-comite-dentreprise\/#primaryimage","url":"https:\/\/www.foretadrenaline.com\/carnac\/wp-content\/uploads\/sites\/2\/2021\/03\/Corsaire-Aventure-tyrolienne-@ForetAdrenaline-scaled.jpg","contentUrl":"https:\/\/www.foretadrenaline.com\/carnac\/wp-content\/uploads\/sites\/2\/2021\/03\/Corsaire-Aventure-tyrolienne-@ForetAdrenaline-scaled.jpg","width":2048,"height":1365,"caption":"Journ\u00e9e d'int\u00e9gration lyc\u00e9ens"},{"@type":"BreadcrumbList","@id":"https:\/\/www.foretadrenaline.com\/carnac\/offres-entreprises\/offres-comite-dentreprise\/#breadcrumb","itemListElement":[{"@type":"ListItem","position":1,"name":"Accueil","item":"https:\/\/www.foretadrenaline.com\/carnac\/"},{"@type":"ListItem","position":2,"name":"Offres entreprises","item":"https:\/\/www.foretadrenaline.com\/carnac\/offres-entreprises\/"},{"@type":"ListItem","position":3,"name":"Offres Comit\u00e9 d&rsquo;entreprise"}]},{"@type":"WebSite","@id":"https:\/\/www.foretadrenaline.com\/carnac\/#website","url":"https:\/\/www.foretadrenaline.com\/carnac\/","name":"For\u00eat Adr\u00e9naline - Carnac","description":"Un site utilisant For\u00eat Adr\u00e9naline","publisher":{"@id":"https:\/\/www.foretadrenaline.com\/carnac\/#organization"},"potentialAction":[{"@type":"SearchAction","target":{"@type":"EntryPoint","urlTemplate":"https:\/\/www.foretadrenaline.com\/carnac\/?s={search_term_string}"},"query-input":{"@type":"PropertyValueSpecification","valueRequired":true,"valueName":"search_term_string"}}],"inLanguage":"fr-FR"},{"@type":"Organization","@id":"https:\/\/www.foretadrenaline.com\/carnac\/#organization","name":"For\u00eat Adr\u00e9naline Carnac","url":"https:\/\/www.foretadrenaline.com\/carnac\/","logo":{"@type":"ImageObject","inLanguage":"fr-FR","@id":"https:\/\/www.foretadrenaline.com\/carnac\/#\/schema\/logo\/image\/","url":"https:\/\/www.foretadrenaline.com\/carnac\/wp-content\/uploads\/sites\/2\/2019\/04\/ForetAdrenalineCarnac.png","contentUrl":"https:\/\/www.foretadrenaline.com\/carnac\/wp-content\/uploads\/sites\/2\/2019\/04\/ForetAdrenalineCarnac.png","width":191,"height":173,"caption":"For\u00eat Adr\u00e9naline Carnac"},"image":{"@id":"https:\/\/www.foretadrenaline.com\/carnac\/#\/schema\/logo\/image\/"},"sameAs":["https:\/\/www.facebook.com\/foretadrenaline.carnac\/","https:\/\/www.instagram.com\/foretadrenaline\/"]}]}},"_links":{"self":[{"href":"https:\/\/www.foretadrenaline.com\/carnac\/wp-json\/wp\/v2\/pages\/43","targetHints":{"allow":["GET"]}}],"collection":[{"href":"https:\/\/www.foretadrenaline.com\/carnac\/wp-json\/wp\/v2\/pages"}],"about":[{"href":"https:\/\/www.foretadrenaline.com\/carnac\/wp-json\/wp\/v2\/types\/page"}],"author":[{"embeddable":true,"href":"https:\/\/www.foretadrenaline.com\/carnac\/wp-json\/wp\/v2\/users\/1"}],"replies":[{"embeddable":true,"href":"https:\/\/www.foretadrenaline.com\/carnac\/wp-json\/wp\/v2\/comments?post=43"}],"version-history":[{"count":36,"href":"https:\/\/www.foretadrenaline.com\/carnac\/wp-json\/wp\/v2\/pages\/43\/revisions"}],"predecessor-version":[{"id":8963,"href":"https:\/\/www.foretadrenaline.com\/carnac\/wp-json\/wp\/v2\/pages\/43\/revisions\/8963"}],"up":[{"embeddable":true,"href":"https:\/\/www.foretadrenaline.com\/carnac\/wp-json\/wp\/v2\/pages\/37"}],"wp:featuredmedia":[{"embeddable":true,"href":"https:\/\/www.foretadrenaline.com\/carnac\/wp-json\/wp\/v2\/media\/3651"}],"wp:attachment":[{"href":"https:\/\/www.foretadrenaline.com\/carnac\/wp-json\/wp\/v2\/media?parent=43"}],"curies":[{"name":"wp","href":"https:\/\/api.w.org\/{rel}","templated":true}]}}