{"id":576,"date":"2019-05-13T14:39:48","date_gmt":"2019-05-13T12:39:48","guid":{"rendered":"https:\/\/www.foretadrenaline.com\/carnac\/?page_id=576"},"modified":"2024-03-12T10:07:10","modified_gmt":"2024-03-12T09:07:10","slug":"accrobranche-securite","status":"publish","type":"page","link":"https:\/\/www.foretadrenaline.com\/carnac\/accrobranche-securite\/","title":{"rendered":"Pratiquez l&rsquo;accrobranche en toute s\u00e9curit\u00e9"},"content":{"rendered":"\n<h2 class=\"wp-block-heading has-text-align-center\">VOTRE S\u00c9CURIT\u00c9 AVANT TOUT !<\/h2>\n\n\n\n<h4 class=\"wp-block-heading has-text-align-center\">Accrobranche = 100% Adr\u00e9naline, 100% s\u00e9curit\u00e9<\/h4>\n\n\n\n<p>Notre priorit\u00e9 c\u2019est votre s\u00e9curit\u00e9 ! Le parc accrobranche est un jeu mais la s\u00e9curit\u00e9 n\u2019en est pas un. Le parc For\u00eat Adr\u00e9naline de Carnac, c\u2019est 20 parcours \u00e9quip\u00e9s d\u2019une ligne de vie continue: Sans jamais vous d\u00e9crocher, grimpez en haut des m\u00e2ts, glissez sur les cordes, sautez, enjambez, et surtout amusez-vous!<\/p>\n\n\n\n<p>Ainsi, profitez de 2h30 d\u2019une exp\u00e9rience inoubliable !<\/p>\n\n\n\n<h3 class=\"wp-block-heading has-text-align-center\">Mat\u00e9riel<\/h3>\n\n\n\n<p>Nous vous \u00e9quipons en baudrier, choisi avec soin parmi les fabricants renomm\u00e9s et reconnus de la profession. <strong>Les casques et gants<\/strong> ne sont <strong>plus obligatoires<\/strong> dans notre parc et donc <strong>non fournis<\/strong>. Vous pouvez ramener votre propre mat\u00e9riel (casque et gants) si vous le souhaitez. Sinon <strong>nous vendons des gants \u00e0 l&rsquo;accueil au tarif de 3\u20ac la paire.<\/strong><\/p>\n\n\n\n<figure class=\"wp-block-gallery has-nested-images columns-default is-cropped wp-block-gallery-1 is-layout-flex wp-block-gallery-is-layout-flex\">\n<figure class=\"wp-block-image size-large\"><img loading=\"lazy\" decoding=\"async\" width=\"1024\" height=\"683\" data-id=\"6917\" src=\"https:\/\/www.foretadrenaline.com\/carnac\/wp-content\/uploads\/sites\/2\/2024\/02\/studio4k-3-1024x683.jpg\" alt=\"plateforme d'\u00e9quipement et briefing\" class=\"wp-image-6917\" srcset=\"https:\/\/www.foretadrenaline.com\/carnac\/wp-content\/uploads\/sites\/2\/2024\/02\/studio4k-3-1024x683.jpg 1024w, https:\/\/www.foretadrenaline.com\/carnac\/wp-content\/uploads\/sites\/2\/2024\/02\/studio4k-3-300x200.jpg 300w, https:\/\/www.foretadrenaline.com\/carnac\/wp-content\/uploads\/sites\/2\/2024\/02\/studio4k-3-768x512.jpg 768w, https:\/\/www.foretadrenaline.com\/carnac\/wp-content\/uploads\/sites\/2\/2024\/02\/studio4k-3-1536x1024.jpg 1536w, https:\/\/www.foretadrenaline.com\/carnac\/wp-content\/uploads\/sites\/2\/2024\/02\/studio4k-3-scaled.jpg 2048w, https:\/\/www.foretadrenaline.com\/carnac\/wp-content\/uploads\/sites\/2\/2024\/02\/studio4k-3-1200x800.jpg 1200w\" sizes=\"auto, (max-width: 1024px) 100vw, 1024px\" \/><\/figure>\n<\/figure>\n\n\n\n<h3 class=\"wp-block-heading has-text-align-center\">Encadrement<\/h3>\n\n\n\n<p>Nous vous garantissons un encadrement de qualit\u00e9: le personnel est dipl\u00f4m\u00e9 du Certificat de Qualification Professionnelle d\u2019Op\u00e9rateur de Parcours Acrobatiques en Hauteur (CQP OPAH). Il est \u00e0 votre disposition pour vous fournir les consignes de s\u00e9curit\u00e9, vous conseiller et est pr\u00eat \u00e0 intervenir n\u2019importe o\u00f9, \u00e0 tout moment.<\/p>\n\n\n\n<p>Les op\u00e9rateurs ont \u00e9galement le certificat Pr\u00e9vention et Secours Civiques de niveau 1 (anciennement AFPS). Enfin, certains d\u2019entre eux poss\u00e8dent des dipl\u00f4mes suppl\u00e9mentaires : brevet d\u2019\u00e9tat, dipl\u00f4me d\u2019escalade reconnu par le minist\u00e8re jeunesse et sport, BAFA\u2026<\/p>\n\n\n<div class=\"wp-block-image\">\n<figure class=\"aligncenter size-large\"><img loading=\"lazy\" decoding=\"async\" width=\"1024\" height=\"683\" src=\"https:\/\/www.foretadrenaline.com\/carnac\/wp-content\/uploads\/sites\/2\/2024\/02\/studio4k-1-1024x683.jpg\" alt=\"habillage, baudriers\" class=\"wp-image-6915\" srcset=\"https:\/\/www.foretadrenaline.com\/carnac\/wp-content\/uploads\/sites\/2\/2024\/02\/studio4k-1-1024x683.jpg 1024w, https:\/\/www.foretadrenaline.com\/carnac\/wp-content\/uploads\/sites\/2\/2024\/02\/studio4k-1-300x200.jpg 300w, https:\/\/www.foretadrenaline.com\/carnac\/wp-content\/uploads\/sites\/2\/2024\/02\/studio4k-1-768x512.jpg 768w, https:\/\/www.foretadrenaline.com\/carnac\/wp-content\/uploads\/sites\/2\/2024\/02\/studio4k-1-1536x1024.jpg 1536w, https:\/\/www.foretadrenaline.com\/carnac\/wp-content\/uploads\/sites\/2\/2024\/02\/studio4k-1-scaled.jpg 2048w, https:\/\/www.foretadrenaline.com\/carnac\/wp-content\/uploads\/sites\/2\/2024\/02\/studio4k-1-1200x800.jpg 1200w\" sizes=\"auto, (max-width: 1024px) 100vw, 1024px\" \/><\/figure>\n<\/div>\n\n\n<h3 class=\"wp-block-heading has-text-align-center\">Ligne de vie continue<\/h3>\n\n\n\n<p>Depuis 2016, nous vous \u00e9quipons de baudriers utilisant le syst\u00e8me de la ligne de vie continue. Une fois le parcours commenc\u00e9, il vous est impossible de vous d\u00e9tacher. Seule l\u2019intervention de l\u2019un de nos op\u00e9rateurs peut vous permette de descendre en milieu de parcours.<\/p>\n\n\n<div class=\"wp-block-image\">\n<figure class=\"aligncenter\"><img loading=\"lazy\" decoding=\"async\" width=\"300\" height=\"214\" src=\"https:\/\/www.foretadrenaline.com\/carnac\/wp-content\/uploads\/sites\/2\/2019\/05\/Crochet-ACB4-10-2-770x550-300x214.jpg\" alt=\"crochet accrobranche s\u00e9curit\u00e9\" class=\"wp-image-760\" srcset=\"https:\/\/www.foretadrenaline.com\/carnac\/wp-content\/uploads\/sites\/2\/2019\/05\/Crochet-ACB4-10-2-770x550-300x214.jpg 300w, https:\/\/www.foretadrenaline.com\/carnac\/wp-content\/uploads\/sites\/2\/2019\/05\/Crochet-ACB4-10-2-770x550-768x549.jpg 768w, https:\/\/www.foretadrenaline.com\/carnac\/wp-content\/uploads\/sites\/2\/2019\/05\/Crochet-ACB4-10-2-770x550.jpg 770w\" sizes=\"auto, (max-width: 300px) 100vw, 300px\" \/><\/figure>\n<\/div>\n\n\n<h3 class=\"wp-block-heading has-text-align-center\">Contr\u00f4le s\u00e9curit\u00e9<\/h3>\n\n\n\n<p class=\"has-text-align-center\">Notre site est contr\u00f4l\u00e9 tous les ans par un expert forestier, un expert en contr\u00f4le des jeux et nous sommes audit\u00e9s r\u00e9guli\u00e8rement par la DDCS. De plus, nous disposons chaque ann\u00e9e d\u2019un agr\u00e9ment de l\u2019inspection acad\u00e9mique. Tous les travaux sont r\u00e9alis\u00e9s en interne par notre \u00e9quipe d&rsquo;experts de la soci\u00e9t\u00e9 For\u00eat Adr\u00e9naline Constructeur, sp\u00e9cialis\u00e9e dans la construction de parcours accrobranche et parcours filets en France et \u00e0 l&rsquo;\u00e9tranger.<\/p>\n\n\n\n<h3 class=\"wp-block-heading has-text-align-center\">Autres informations<\/h3>\n\n\n\n<ul class=\"wp-block-list\">\n<li>Le parc est dot\u00e9 de sorties d\u2019\u00e9vacuations fl\u00e9ch\u00e9es.<\/li>\n\n\n\n<li>En cas de pluie, l\u2019activit\u00e9 est toujours praticable en toute s\u00e9curit\u00e9<\/li>\n\n\n\n<li>Lorsqu\u2019il y a des risques d\u2019orages, rares dans notre r\u00e9gion, nous suivons les conditions m\u00e9t\u00e9o en temps r\u00e9el et nous \u00e9vacuons si n\u00e9cessaire<\/li>\n<\/ul>\n\n\n\n<div class=\"wp-block-button aligncenter\"><a class=\"wp-block-button__link wp-element-button\" href=\"https:\/\/www.foretadrenaline.com\/carnac\/wp-content\/uploads\/sites\/2\/2019\/06\/Reglement-interieur-2017-CARNAC.pdf\" target=\"_blank\" rel=\"noopener noreferrer\">R\u00e8glement int\u00e9rieur<\/a><\/div>\n","protected":false},"excerpt":{"rendered":"<p>VOTRE S\u00c9CURIT\u00c9 AVANT TOUT ! Accrobranche = 100% Adr\u00e9naline, 100% s\u00e9curit\u00e9 Notre priorit\u00e9 c\u2019est votre s\u00e9curit\u00e9 ! Le parc accrobranche est un jeu mais la s\u00e9curit\u00e9 n\u2019en est pas un. Le parc For\u00eat Adr\u00e9naline de Carnac, c\u2019est 20 parcours \u00e9quip\u00e9s d\u2019une ligne de vie continue: Sans jamais vous d\u00e9crocher, grimpez en haut des m\u00e2ts, glissez&hellip;<\/p>\n","protected":false},"author":2,"featured_media":6915,"parent":0,"menu_order":0,"comment_status":"closed","ping_status":"closed","template":"","meta":{"_acf_changed":false,"footnotes":""},"class_list":["post-576","page","type-page","status-publish","has-post-thumbnail","hentry"],"acf":[],"yoast_head":"<!-- This site is optimized with the Yoast SEO plugin v27.4 - https:\/\/yoast.com\/product\/yoast-seo-wordpress\/ -->\n<title>L&#039;accrobranche en toute s\u00e9curit\u00e9 - For\u00eat Adr\u00e9naline Carnac<\/title>\n<meta name=\"description\" content=\"Pratiquez l&#039;accrobranche en toute s\u00e9curit\u00e9 ! Le parc est un jeu mais la s\u00e9curit\u00e9 n\u2019en est pas un. Ligne de vie continue pour tous.\" \/>\n<meta name=\"robots\" content=\"index, follow, max-snippet:-1, max-image-preview:large, max-video-preview:-1\" \/>\n<link rel=\"canonical\" href=\"https:\/\/www.foretadrenaline.com\/carnac\/accrobranche-securite\/\" \/>\n<meta property=\"og:locale\" content=\"fr_FR\" \/>\n<meta property=\"og:type\" content=\"article\" \/>\n<meta property=\"og:title\" content=\"L&#039;accrobranche en toute s\u00e9curit\u00e9 - For\u00eat Adr\u00e9naline Carnac\" \/>\n<meta property=\"og:description\" content=\"Pratiquez l&#039;accrobranche en toute s\u00e9curit\u00e9 ! Le parc est un jeu mais la s\u00e9curit\u00e9 n\u2019en est pas un. Ligne de vie continue pour tous.\" \/>\n<meta property=\"og:url\" content=\"https:\/\/www.foretadrenaline.com\/carnac\/accrobranche-securite\/\" \/>\n<meta property=\"og:site_name\" content=\"For\u00eat Adr\u00e9naline - Carnac\" \/>\n<meta property=\"article:publisher\" content=\"https:\/\/www.facebook.com\/foretadrenaline.carnac\/\" \/>\n<meta property=\"article:modified_time\" content=\"2024-03-12T09:07:10+00:00\" \/>\n<meta property=\"og:image\" content=\"https:\/\/www.foretadrenaline.com\/carnac\/wp-content\/uploads\/sites\/2\/2024\/02\/studio4k-1-scaled.jpg\" \/>\n\t<meta property=\"og:image:width\" content=\"2048\" \/>\n\t<meta property=\"og:image:height\" content=\"1365\" \/>\n\t<meta property=\"og:image:type\" content=\"image\/jpeg\" \/>\n<meta name=\"twitter:card\" content=\"summary_large_image\" \/>\n<meta name=\"twitter:label1\" content=\"Dur\u00e9e de lecture estim\u00e9e\" \/>\n\t<meta name=\"twitter:data1\" content=\"3 minutes\" \/>\n<script type=\"application\/ld+json\" class=\"yoast-schema-graph\">{\"@context\":\"https:\\\/\\\/schema.org\",\"@graph\":[{\"@type\":\"WebPage\",\"@id\":\"https:\\\/\\\/www.foretadrenaline.com\\\/carnac\\\/accrobranche-securite\\\/\",\"url\":\"https:\\\/\\\/www.foretadrenaline.com\\\/carnac\\\/accrobranche-securite\\\/\",\"name\":\"L'accrobranche en toute s\u00e9curit\u00e9 - For\u00eat Adr\u00e9naline Carnac\",\"isPartOf\":{\"@id\":\"https:\\\/\\\/www.foretadrenaline.com\\\/carnac\\\/#website\"},\"primaryImageOfPage\":{\"@id\":\"https:\\\/\\\/www.foretadrenaline.com\\\/carnac\\\/accrobranche-securite\\\/#primaryimage\"},\"image\":{\"@id\":\"https:\\\/\\\/www.foretadrenaline.com\\\/carnac\\\/accrobranche-securite\\\/#primaryimage\"},\"thumbnailUrl\":\"https:\\\/\\\/www.foretadrenaline.com\\\/carnac\\\/wp-content\\\/uploads\\\/sites\\\/2\\\/2024\\\/02\\\/studio4k-1-scaled.jpg\",\"datePublished\":\"2019-05-13T12:39:48+00:00\",\"dateModified\":\"2024-03-12T09:07:10+00:00\",\"description\":\"Pratiquez l'accrobranche en toute s\u00e9curit\u00e9 ! Le parc est un jeu mais la s\u00e9curit\u00e9 n\u2019en est pas un. Ligne de vie continue pour tous.\",\"breadcrumb\":{\"@id\":\"https:\\\/\\\/www.foretadrenaline.com\\\/carnac\\\/accrobranche-securite\\\/#breadcrumb\"},\"inLanguage\":\"fr-FR\",\"potentialAction\":[{\"@type\":\"ReadAction\",\"target\":[\"https:\\\/\\\/www.foretadrenaline.com\\\/carnac\\\/accrobranche-securite\\\/\"]}]},{\"@type\":\"ImageObject\",\"inLanguage\":\"fr-FR\",\"@id\":\"https:\\\/\\\/www.foretadrenaline.com\\\/carnac\\\/accrobranche-securite\\\/#primaryimage\",\"url\":\"https:\\\/\\\/www.foretadrenaline.com\\\/carnac\\\/wp-content\\\/uploads\\\/sites\\\/2\\\/2024\\\/02\\\/studio4k-1-scaled.jpg\",\"contentUrl\":\"https:\\\/\\\/www.foretadrenaline.com\\\/carnac\\\/wp-content\\\/uploads\\\/sites\\\/2\\\/2024\\\/02\\\/studio4k-1-scaled.jpg\",\"width\":2048,\"height\":1365,\"caption\":\"habillage, baudriers\"},{\"@type\":\"BreadcrumbList\",\"@id\":\"https:\\\/\\\/www.foretadrenaline.com\\\/carnac\\\/accrobranche-securite\\\/#breadcrumb\",\"itemListElement\":[{\"@type\":\"ListItem\",\"position\":1,\"name\":\"Accueil\",\"item\":\"https:\\\/\\\/www.foretadrenaline.com\\\/carnac\\\/\"},{\"@type\":\"ListItem\",\"position\":2,\"name\":\"Pratiquez l&rsquo;accrobranche en toute s\u00e9curit\u00e9\"}]},{\"@type\":\"WebSite\",\"@id\":\"https:\\\/\\\/www.foretadrenaline.com\\\/carnac\\\/#website\",\"url\":\"https:\\\/\\\/www.foretadrenaline.com\\\/carnac\\\/\",\"name\":\"For\u00eat Adr\u00e9naline - Carnac\",\"description\":\"Un site utilisant For\u00eat Adr\u00e9naline\",\"publisher\":{\"@id\":\"https:\\\/\\\/www.foretadrenaline.com\\\/carnac\\\/#organization\"},\"potentialAction\":[{\"@type\":\"SearchAction\",\"target\":{\"@type\":\"EntryPoint\",\"urlTemplate\":\"https:\\\/\\\/www.foretadrenaline.com\\\/carnac\\\/?s={search_term_string}\"},\"query-input\":{\"@type\":\"PropertyValueSpecification\",\"valueRequired\":true,\"valueName\":\"search_term_string\"}}],\"inLanguage\":\"fr-FR\"},{\"@type\":\"Organization\",\"@id\":\"https:\\\/\\\/www.foretadrenaline.com\\\/carnac\\\/#organization\",\"name\":\"For\u00eat Adr\u00e9naline Carnac\",\"url\":\"https:\\\/\\\/www.foretadrenaline.com\\\/carnac\\\/\",\"logo\":{\"@type\":\"ImageObject\",\"inLanguage\":\"fr-FR\",\"@id\":\"https:\\\/\\\/www.foretadrenaline.com\\\/carnac\\\/#\\\/schema\\\/logo\\\/image\\\/\",\"url\":\"https:\\\/\\\/www.foretadrenaline.com\\\/carnac\\\/wp-content\\\/uploads\\\/sites\\\/2\\\/2019\\\/04\\\/ForetAdrenalineCarnac.png\",\"contentUrl\":\"https:\\\/\\\/www.foretadrenaline.com\\\/carnac\\\/wp-content\\\/uploads\\\/sites\\\/2\\\/2019\\\/04\\\/ForetAdrenalineCarnac.png\",\"width\":191,\"height\":173,\"caption\":\"For\u00eat Adr\u00e9naline Carnac\"},\"image\":{\"@id\":\"https:\\\/\\\/www.foretadrenaline.com\\\/carnac\\\/#\\\/schema\\\/logo\\\/image\\\/\"},\"sameAs\":[\"https:\\\/\\\/www.facebook.com\\\/foretadrenaline.carnac\\\/\",\"https:\\\/\\\/www.instagram.com\\\/foretadrenaline\\\/\"]}]}<\/script>\n<!-- \/ Yoast SEO plugin. -->","yoast_head_json":{"title":"L'accrobranche en toute s\u00e9curit\u00e9 - For\u00eat Adr\u00e9naline Carnac","description":"Pratiquez l'accrobranche en toute s\u00e9curit\u00e9 ! Le parc est un jeu mais la s\u00e9curit\u00e9 n\u2019en est pas un. Ligne de vie continue pour tous.","robots":{"index":"index","follow":"follow","max-snippet":"max-snippet:-1","max-image-preview":"max-image-preview:large","max-video-preview":"max-video-preview:-1"},"canonical":"https:\/\/www.foretadrenaline.com\/carnac\/accrobranche-securite\/","og_locale":"fr_FR","og_type":"article","og_title":"L'accrobranche en toute s\u00e9curit\u00e9 - For\u00eat Adr\u00e9naline Carnac","og_description":"Pratiquez l'accrobranche en toute s\u00e9curit\u00e9 ! Le parc est un jeu mais la s\u00e9curit\u00e9 n\u2019en est pas un. Ligne de vie continue pour tous.","og_url":"https:\/\/www.foretadrenaline.com\/carnac\/accrobranche-securite\/","og_site_name":"For\u00eat Adr\u00e9naline - Carnac","article_publisher":"https:\/\/www.facebook.com\/foretadrenaline.carnac\/","article_modified_time":"2024-03-12T09:07:10+00:00","og_image":[{"width":2048,"height":1365,"url":"https:\/\/www.foretadrenaline.com\/carnac\/wp-content\/uploads\/sites\/2\/2024\/02\/studio4k-1-scaled.jpg","type":"image\/jpeg"}],"twitter_card":"summary_large_image","twitter_misc":{"Dur\u00e9e de lecture estim\u00e9e":"3 minutes"},"schema":{"@context":"https:\/\/schema.org","@graph":[{"@type":"WebPage","@id":"https:\/\/www.foretadrenaline.com\/carnac\/accrobranche-securite\/","url":"https:\/\/www.foretadrenaline.com\/carnac\/accrobranche-securite\/","name":"L'accrobranche en toute s\u00e9curit\u00e9 - For\u00eat Adr\u00e9naline Carnac","isPartOf":{"@id":"https:\/\/www.foretadrenaline.com\/carnac\/#website"},"primaryImageOfPage":{"@id":"https:\/\/www.foretadrenaline.com\/carnac\/accrobranche-securite\/#primaryimage"},"image":{"@id":"https:\/\/www.foretadrenaline.com\/carnac\/accrobranche-securite\/#primaryimage"},"thumbnailUrl":"https:\/\/www.foretadrenaline.com\/carnac\/wp-content\/uploads\/sites\/2\/2024\/02\/studio4k-1-scaled.jpg","datePublished":"2019-05-13T12:39:48+00:00","dateModified":"2024-03-12T09:07:10+00:00","description":"Pratiquez l'accrobranche en toute s\u00e9curit\u00e9 ! Le parc est un jeu mais la s\u00e9curit\u00e9 n\u2019en est pas un. Ligne de vie continue pour tous.","breadcrumb":{"@id":"https:\/\/www.foretadrenaline.com\/carnac\/accrobranche-securite\/#breadcrumb"},"inLanguage":"fr-FR","potentialAction":[{"@type":"ReadAction","target":["https:\/\/www.foretadrenaline.com\/carnac\/accrobranche-securite\/"]}]},{"@type":"ImageObject","inLanguage":"fr-FR","@id":"https:\/\/www.foretadrenaline.com\/carnac\/accrobranche-securite\/#primaryimage","url":"https:\/\/www.foretadrenaline.com\/carnac\/wp-content\/uploads\/sites\/2\/2024\/02\/studio4k-1-scaled.jpg","contentUrl":"https:\/\/www.foretadrenaline.com\/carnac\/wp-content\/uploads\/sites\/2\/2024\/02\/studio4k-1-scaled.jpg","width":2048,"height":1365,"caption":"habillage, baudriers"},{"@type":"BreadcrumbList","@id":"https:\/\/www.foretadrenaline.com\/carnac\/accrobranche-securite\/#breadcrumb","itemListElement":[{"@type":"ListItem","position":1,"name":"Accueil","item":"https:\/\/www.foretadrenaline.com\/carnac\/"},{"@type":"ListItem","position":2,"name":"Pratiquez l&rsquo;accrobranche en toute s\u00e9curit\u00e9"}]},{"@type":"WebSite","@id":"https:\/\/www.foretadrenaline.com\/carnac\/#website","url":"https:\/\/www.foretadrenaline.com\/carnac\/","name":"For\u00eat Adr\u00e9naline - Carnac","description":"Un site utilisant For\u00eat Adr\u00e9naline","publisher":{"@id":"https:\/\/www.foretadrenaline.com\/carnac\/#organization"},"potentialAction":[{"@type":"SearchAction","target":{"@type":"EntryPoint","urlTemplate":"https:\/\/www.foretadrenaline.com\/carnac\/?s={search_term_string}"},"query-input":{"@type":"PropertyValueSpecification","valueRequired":true,"valueName":"search_term_string"}}],"inLanguage":"fr-FR"},{"@type":"Organization","@id":"https:\/\/www.foretadrenaline.com\/carnac\/#organization","name":"For\u00eat Adr\u00e9naline Carnac","url":"https:\/\/www.foretadrenaline.com\/carnac\/","logo":{"@type":"ImageObject","inLanguage":"fr-FR","@id":"https:\/\/www.foretadrenaline.com\/carnac\/#\/schema\/logo\/image\/","url":"https:\/\/www.foretadrenaline.com\/carnac\/wp-content\/uploads\/sites\/2\/2019\/04\/ForetAdrenalineCarnac.png","contentUrl":"https:\/\/www.foretadrenaline.com\/carnac\/wp-content\/uploads\/sites\/2\/2019\/04\/ForetAdrenalineCarnac.png","width":191,"height":173,"caption":"For\u00eat Adr\u00e9naline Carnac"},"image":{"@id":"https:\/\/www.foretadrenaline.com\/carnac\/#\/schema\/logo\/image\/"},"sameAs":["https:\/\/www.facebook.com\/foretadrenaline.carnac\/","https:\/\/www.instagram.com\/foretadrenaline\/"]}]}},"_links":{"self":[{"href":"https:\/\/www.foretadrenaline.com\/carnac\/wp-json\/wp\/v2\/pages\/576","targetHints":{"allow":["GET"]}}],"collection":[{"href":"https:\/\/www.foretadrenaline.com\/carnac\/wp-json\/wp\/v2\/pages"}],"about":[{"href":"https:\/\/www.foretadrenaline.com\/carnac\/wp-json\/wp\/v2\/types\/page"}],"author":[{"embeddable":true,"href":"https:\/\/www.foretadrenaline.com\/carnac\/wp-json\/wp\/v2\/users\/2"}],"replies":[{"embeddable":true,"href":"https:\/\/www.foretadrenaline.com\/carnac\/wp-json\/wp\/v2\/comments?post=576"}],"version-history":[{"count":21,"href":"https:\/\/www.foretadrenaline.com\/carnac\/wp-json\/wp\/v2\/pages\/576\/revisions"}],"predecessor-version":[{"id":7177,"href":"https:\/\/www.foretadrenaline.com\/carnac\/wp-json\/wp\/v2\/pages\/576\/revisions\/7177"}],"wp:featuredmedia":[{"embeddable":true,"href":"https:\/\/www.foretadrenaline.com\/carnac\/wp-json\/wp\/v2\/media\/6915"}],"wp:attachment":[{"href":"https:\/\/www.foretadrenaline.com\/carnac\/wp-json\/wp\/v2\/media?parent=576"}],"curies":[{"name":"wp","href":"https:\/\/api.w.org\/{rel}","templated":true}]}}