{"id":7496,"date":"2024-07-03T15:11:14","date_gmt":"2024-07-03T13:11:14","guid":{"rendered":"https:\/\/www.foretadrenaline.com\/carnac\/?page_id=7496"},"modified":"2026-03-17T11:29:33","modified_gmt":"2026-03-17T10:29:33","slug":"reservation-en-ligne","status":"publish","type":"page","link":"https:\/\/www.foretadrenaline.com\/carnac\/reservation-en-ligne\/","title":{"rendered":"R\u00e9servation"},"content":{"rendered":"\n<h2 class=\"wp-block-heading has-text-align-center has-main-color has-text-color\">R\u00e9servez en ligne sans r\u00e8glement<\/h2>\n\n\n\n<p class=\"has-text-align-center\">Le <strong>paiement se fait sur place<\/strong>, le jour de votre visite, et non en ligne !<\/p>\n\n\n<div class=\"wp-block-image\">\n<figure class=\"aligncenter size-full is-resized\"><img loading=\"lazy\" decoding=\"async\" width=\"2002\" height=\"277\" src=\"https:\/\/www.foretadrenaline.com\/carnac\/wp-content\/uploads\/sites\/2\/2024\/07\/mode-paiement.png\" alt=\"\" class=\"wp-image-7487\" style=\"width:700px\" srcset=\"https:\/\/www.foretadrenaline.com\/carnac\/wp-content\/uploads\/sites\/2\/2024\/07\/mode-paiement.png 2002w, https:\/\/www.foretadrenaline.com\/carnac\/wp-content\/uploads\/sites\/2\/2024\/07\/mode-paiement-300x42.png 300w, https:\/\/www.foretadrenaline.com\/carnac\/wp-content\/uploads\/sites\/2\/2024\/07\/mode-paiement-1024x142.png 1024w, https:\/\/www.foretadrenaline.com\/carnac\/wp-content\/uploads\/sites\/2\/2024\/07\/mode-paiement-768x106.png 768w, https:\/\/www.foretadrenaline.com\/carnac\/wp-content\/uploads\/sites\/2\/2024\/07\/mode-paiement-1536x213.png 1536w, https:\/\/www.foretadrenaline.com\/carnac\/wp-content\/uploads\/sites\/2\/2024\/07\/mode-paiement-1200x166.png 1200w\" sizes=\"auto, (max-width: 2002px) 100vw, 2002px\" \/><\/figure>\n<\/div>\n\n\n<p class=\"has-text-align-center\"><br><strong>Aucune confirmation de r\u00e9servation par e-mail ni t\u00e9l\u00e9phone<\/strong>, il vous suffit de vous pr\u00e9senter \u00e0 l&rsquo;accueil en donnant votre nom.<\/p>\n\n\n\n<p class=\"has-text-align-center\">Vous avez un billet d\u00e9j\u00e0 r\u00e9gl\u00e9, une r\u00e9duction, une box  (Wonderbox), un ch\u00e8que cadeau, etc&#8230;., merci d\u2019effectuer votre r\u00e9servation normalement sur la base du plein tarif. Le jour de votre visite, pensez \u00e0 <strong>apporter votre box<\/strong>, coupon promo, billet, etc&#8230; afin que nous puissions appliquer la remise.<\/p>\n\n\n\n<p class=\"has-text-align-center\">Prenez de l\u2019eau, car il n\u2019y a pas d\u2019eau potable sur le site. Pensez \u00e0 consulter notre page \u00ab\u00a0pr\u00e9parer sa visite\u00a0\u00bb (en cours de construction)<\/p>\n\n\n\n<p class=\"has-text-align-center has-red-color has-text-color has-link-color wp-elements-56a97674e248d588c1add005c37fe02a\"><\/p>\n\n\n\n<!-- iframe plugin v.6.0 wordpress.org\/plugins\/iframe\/ -->\n<iframe loading=\"lazy\" src=\"https:\/\/gestion-foretadrenaline.com\/CARNAC\/internet1.php\" width=\"100%\" height=\"900\" scrolling=\"yes\" class=\"iframe-class\" frameborder=\"0\"><\/iframe>\n\n\n\n\n<div style=\"height:30px\" aria-hidden=\"true\" class=\"wp-block-spacer\"><\/div>\n","protected":false},"excerpt":{"rendered":"<p>R\u00e9servez en ligne sans r\u00e8glement Le paiement se fait sur place, le jour de votre visite, et non en ligne ! Aucune confirmation de r\u00e9servation par e-mail ni t\u00e9l\u00e9phone, il vous suffit de vous pr\u00e9senter \u00e0 l&rsquo;accueil en donnant votre nom. Vous avez un billet d\u00e9j\u00e0 r\u00e9gl\u00e9, une r\u00e9duction, une box (Wonderbox), un ch\u00e8que cadeau,&hellip;<\/p>\n","protected":false},"author":1,"featured_media":0,"parent":0,"menu_order":0,"comment_status":"closed","ping_status":"closed","template":"template-reservation-contact-tabs.php","meta":{"_acf_changed":false,"footnotes":""},"class_list":["post-7496","page","type-page","status-publish","hentry"],"acf":[],"yoast_head":"<!-- This site is optimized with the Yoast SEO plugin v27.5 - https:\/\/yoast.com\/product\/yoast-seo-wordpress\/ -->\n<title>R\u00e9servation - For\u00eat Adr\u00e9naline - Carnac<\/title>\n<meta name=\"robots\" content=\"index, follow, max-snippet:-1, max-image-preview:large, max-video-preview:-1\" \/>\n<link rel=\"canonical\" href=\"https:\/\/www.foretadrenaline.com\/carnac\/reservation-en-ligne\/\" \/>\n<meta property=\"og:locale\" content=\"fr_FR\" \/>\n<meta property=\"og:type\" content=\"article\" \/>\n<meta property=\"og:title\" content=\"R\u00e9servation - For\u00eat Adr\u00e9naline - Carnac\" \/>\n<meta property=\"og:description\" content=\"R\u00e9servez en ligne sans r\u00e8glement Le paiement se fait sur place, le jour de votre visite, et non en ligne ! Aucune confirmation de r\u00e9servation par e-mail ni t\u00e9l\u00e9phone, il vous suffit de vous pr\u00e9senter \u00e0 l&rsquo;accueil en donnant votre nom. Vous avez un billet d\u00e9j\u00e0 r\u00e9gl\u00e9, une r\u00e9duction, une box (Wonderbox), un ch\u00e8que cadeau,&hellip;\" \/>\n<meta property=\"og:url\" content=\"https:\/\/www.foretadrenaline.com\/carnac\/reservation-en-ligne\/\" \/>\n<meta property=\"og:site_name\" content=\"For\u00eat Adr\u00e9naline - Carnac\" \/>\n<meta property=\"article:publisher\" content=\"https:\/\/www.facebook.com\/foretadrenaline.carnac\/\" \/>\n<meta property=\"article:modified_time\" content=\"2026-03-17T10:29:33+00:00\" \/>\n<meta property=\"og:image\" content=\"https:\/\/www.foretadrenaline.com\/carnac\/wp-content\/uploads\/sites\/2\/2024\/07\/mode-paiement.png\" \/>\n\t<meta property=\"og:image:width\" content=\"2002\" \/>\n\t<meta property=\"og:image:height\" content=\"277\" \/>\n\t<meta property=\"og:image:type\" content=\"image\/png\" \/>\n<meta name=\"twitter:card\" content=\"summary_large_image\" \/>\n<meta name=\"twitter:label1\" content=\"Dur\u00e9e de lecture estim\u00e9e\" \/>\n\t<meta name=\"twitter:data1\" content=\"1 minute\" \/>\n<script type=\"application\/ld+json\" class=\"yoast-schema-graph\">{\"@context\":\"https:\\\/\\\/schema.org\",\"@graph\":[{\"@type\":\"WebPage\",\"@id\":\"https:\\\/\\\/www.foretadrenaline.com\\\/carnac\\\/reservation-en-ligne\\\/\",\"url\":\"https:\\\/\\\/www.foretadrenaline.com\\\/carnac\\\/reservation-en-ligne\\\/\",\"name\":\"R\u00e9servation - For\u00eat Adr\u00e9naline - Carnac\",\"isPartOf\":{\"@id\":\"https:\\\/\\\/www.foretadrenaline.com\\\/carnac\\\/#website\"},\"primaryImageOfPage\":{\"@id\":\"https:\\\/\\\/www.foretadrenaline.com\\\/carnac\\\/reservation-en-ligne\\\/#primaryimage\"},\"image\":{\"@id\":\"https:\\\/\\\/www.foretadrenaline.com\\\/carnac\\\/reservation-en-ligne\\\/#primaryimage\"},\"thumbnailUrl\":\"https:\\\/\\\/www.foretadrenaline.com\\\/carnac\\\/wp-content\\\/uploads\\\/sites\\\/2\\\/2024\\\/07\\\/mode-paiement.png\",\"datePublished\":\"2024-07-03T13:11:14+00:00\",\"dateModified\":\"2026-03-17T10:29:33+00:00\",\"breadcrumb\":{\"@id\":\"https:\\\/\\\/www.foretadrenaline.com\\\/carnac\\\/reservation-en-ligne\\\/#breadcrumb\"},\"inLanguage\":\"fr-FR\",\"potentialAction\":[{\"@type\":\"ReadAction\",\"target\":[\"https:\\\/\\\/www.foretadrenaline.com\\\/carnac\\\/reservation-en-ligne\\\/\"]}]},{\"@type\":\"ImageObject\",\"inLanguage\":\"fr-FR\",\"@id\":\"https:\\\/\\\/www.foretadrenaline.com\\\/carnac\\\/reservation-en-ligne\\\/#primaryimage\",\"url\":\"https:\\\/\\\/www.foretadrenaline.com\\\/carnac\\\/wp-content\\\/uploads\\\/sites\\\/2\\\/2024\\\/07\\\/mode-paiement.png\",\"contentUrl\":\"https:\\\/\\\/www.foretadrenaline.com\\\/carnac\\\/wp-content\\\/uploads\\\/sites\\\/2\\\/2024\\\/07\\\/mode-paiement.png\",\"width\":2002,\"height\":277},{\"@type\":\"BreadcrumbList\",\"@id\":\"https:\\\/\\\/www.foretadrenaline.com\\\/carnac\\\/reservation-en-ligne\\\/#breadcrumb\",\"itemListElement\":[{\"@type\":\"ListItem\",\"position\":1,\"name\":\"Accueil\",\"item\":\"https:\\\/\\\/www.foretadrenaline.com\\\/carnac\\\/\"},{\"@type\":\"ListItem\",\"position\":2,\"name\":\"R\u00e9servation\"}]},{\"@type\":\"WebSite\",\"@id\":\"https:\\\/\\\/www.foretadrenaline.com\\\/carnac\\\/#website\",\"url\":\"https:\\\/\\\/www.foretadrenaline.com\\\/carnac\\\/\",\"name\":\"For\u00eat Adr\u00e9naline - Carnac\",\"description\":\"Un site utilisant For\u00eat Adr\u00e9naline\",\"publisher\":{\"@id\":\"https:\\\/\\\/www.foretadrenaline.com\\\/carnac\\\/#organization\"},\"potentialAction\":[{\"@type\":\"SearchAction\",\"target\":{\"@type\":\"EntryPoint\",\"urlTemplate\":\"https:\\\/\\\/www.foretadrenaline.com\\\/carnac\\\/?s={search_term_string}\"},\"query-input\":{\"@type\":\"PropertyValueSpecification\",\"valueRequired\":true,\"valueName\":\"search_term_string\"}}],\"inLanguage\":\"fr-FR\"},{\"@type\":\"Organization\",\"@id\":\"https:\\\/\\\/www.foretadrenaline.com\\\/carnac\\\/#organization\",\"name\":\"For\u00eat Adr\u00e9naline Carnac\",\"url\":\"https:\\\/\\\/www.foretadrenaline.com\\\/carnac\\\/\",\"logo\":{\"@type\":\"ImageObject\",\"inLanguage\":\"fr-FR\",\"@id\":\"https:\\\/\\\/www.foretadrenaline.com\\\/carnac\\\/#\\\/schema\\\/logo\\\/image\\\/\",\"url\":\"https:\\\/\\\/www.foretadrenaline.com\\\/carnac\\\/wp-content\\\/uploads\\\/sites\\\/2\\\/2019\\\/04\\\/ForetAdrenalineCarnac.png\",\"contentUrl\":\"https:\\\/\\\/www.foretadrenaline.com\\\/carnac\\\/wp-content\\\/uploads\\\/sites\\\/2\\\/2019\\\/04\\\/ForetAdrenalineCarnac.png\",\"width\":191,\"height\":173,\"caption\":\"For\u00eat Adr\u00e9naline Carnac\"},\"image\":{\"@id\":\"https:\\\/\\\/www.foretadrenaline.com\\\/carnac\\\/#\\\/schema\\\/logo\\\/image\\\/\"},\"sameAs\":[\"https:\\\/\\\/www.facebook.com\\\/foretadrenaline.carnac\\\/\",\"https:\\\/\\\/www.instagram.com\\\/foretadrenaline\\\/\"]}]}<\/script>\n<!-- \/ Yoast SEO plugin. -->","yoast_head_json":{"title":"R\u00e9servation - For\u00eat Adr\u00e9naline - Carnac","robots":{"index":"index","follow":"follow","max-snippet":"max-snippet:-1","max-image-preview":"max-image-preview:large","max-video-preview":"max-video-preview:-1"},"canonical":"https:\/\/www.foretadrenaline.com\/carnac\/reservation-en-ligne\/","og_locale":"fr_FR","og_type":"article","og_title":"R\u00e9servation - For\u00eat Adr\u00e9naline - Carnac","og_description":"R\u00e9servez en ligne sans r\u00e8glement Le paiement se fait sur place, le jour de votre visite, et non en ligne ! Aucune confirmation de r\u00e9servation par e-mail ni t\u00e9l\u00e9phone, il vous suffit de vous pr\u00e9senter \u00e0 l&rsquo;accueil en donnant votre nom. Vous avez un billet d\u00e9j\u00e0 r\u00e9gl\u00e9, une r\u00e9duction, une box (Wonderbox), un ch\u00e8que cadeau,&hellip;","og_url":"https:\/\/www.foretadrenaline.com\/carnac\/reservation-en-ligne\/","og_site_name":"For\u00eat Adr\u00e9naline - Carnac","article_publisher":"https:\/\/www.facebook.com\/foretadrenaline.carnac\/","article_modified_time":"2026-03-17T10:29:33+00:00","og_image":[{"width":2002,"height":277,"url":"https:\/\/www.foretadrenaline.com\/carnac\/wp-content\/uploads\/sites\/2\/2024\/07\/mode-paiement.png","type":"image\/png"}],"twitter_card":"summary_large_image","twitter_misc":{"Dur\u00e9e de lecture estim\u00e9e":"1 minute"},"schema":{"@context":"https:\/\/schema.org","@graph":[{"@type":"WebPage","@id":"https:\/\/www.foretadrenaline.com\/carnac\/reservation-en-ligne\/","url":"https:\/\/www.foretadrenaline.com\/carnac\/reservation-en-ligne\/","name":"R\u00e9servation - For\u00eat Adr\u00e9naline - Carnac","isPartOf":{"@id":"https:\/\/www.foretadrenaline.com\/carnac\/#website"},"primaryImageOfPage":{"@id":"https:\/\/www.foretadrenaline.com\/carnac\/reservation-en-ligne\/#primaryimage"},"image":{"@id":"https:\/\/www.foretadrenaline.com\/carnac\/reservation-en-ligne\/#primaryimage"},"thumbnailUrl":"https:\/\/www.foretadrenaline.com\/carnac\/wp-content\/uploads\/sites\/2\/2024\/07\/mode-paiement.png","datePublished":"2024-07-03T13:11:14+00:00","dateModified":"2026-03-17T10:29:33+00:00","breadcrumb":{"@id":"https:\/\/www.foretadrenaline.com\/carnac\/reservation-en-ligne\/#breadcrumb"},"inLanguage":"fr-FR","potentialAction":[{"@type":"ReadAction","target":["https:\/\/www.foretadrenaline.com\/carnac\/reservation-en-ligne\/"]}]},{"@type":"ImageObject","inLanguage":"fr-FR","@id":"https:\/\/www.foretadrenaline.com\/carnac\/reservation-en-ligne\/#primaryimage","url":"https:\/\/www.foretadrenaline.com\/carnac\/wp-content\/uploads\/sites\/2\/2024\/07\/mode-paiement.png","contentUrl":"https:\/\/www.foretadrenaline.com\/carnac\/wp-content\/uploads\/sites\/2\/2024\/07\/mode-paiement.png","width":2002,"height":277},{"@type":"BreadcrumbList","@id":"https:\/\/www.foretadrenaline.com\/carnac\/reservation-en-ligne\/#breadcrumb","itemListElement":[{"@type":"ListItem","position":1,"name":"Accueil","item":"https:\/\/www.foretadrenaline.com\/carnac\/"},{"@type":"ListItem","position":2,"name":"R\u00e9servation"}]},{"@type":"WebSite","@id":"https:\/\/www.foretadrenaline.com\/carnac\/#website","url":"https:\/\/www.foretadrenaline.com\/carnac\/","name":"For\u00eat Adr\u00e9naline - Carnac","description":"Un site utilisant For\u00eat Adr\u00e9naline","publisher":{"@id":"https:\/\/www.foretadrenaline.com\/carnac\/#organization"},"potentialAction":[{"@type":"SearchAction","target":{"@type":"EntryPoint","urlTemplate":"https:\/\/www.foretadrenaline.com\/carnac\/?s={search_term_string}"},"query-input":{"@type":"PropertyValueSpecification","valueRequired":true,"valueName":"search_term_string"}}],"inLanguage":"fr-FR"},{"@type":"Organization","@id":"https:\/\/www.foretadrenaline.com\/carnac\/#organization","name":"For\u00eat Adr\u00e9naline Carnac","url":"https:\/\/www.foretadrenaline.com\/carnac\/","logo":{"@type":"ImageObject","inLanguage":"fr-FR","@id":"https:\/\/www.foretadrenaline.com\/carnac\/#\/schema\/logo\/image\/","url":"https:\/\/www.foretadrenaline.com\/carnac\/wp-content\/uploads\/sites\/2\/2019\/04\/ForetAdrenalineCarnac.png","contentUrl":"https:\/\/www.foretadrenaline.com\/carnac\/wp-content\/uploads\/sites\/2\/2019\/04\/ForetAdrenalineCarnac.png","width":191,"height":173,"caption":"For\u00eat Adr\u00e9naline Carnac"},"image":{"@id":"https:\/\/www.foretadrenaline.com\/carnac\/#\/schema\/logo\/image\/"},"sameAs":["https:\/\/www.facebook.com\/foretadrenaline.carnac\/","https:\/\/www.instagram.com\/foretadrenaline\/"]}]}},"_links":{"self":[{"href":"https:\/\/www.foretadrenaline.com\/carnac\/wp-json\/wp\/v2\/pages\/7496","targetHints":{"allow":["GET"]}}],"collection":[{"href":"https:\/\/www.foretadrenaline.com\/carnac\/wp-json\/wp\/v2\/pages"}],"about":[{"href":"https:\/\/www.foretadrenaline.com\/carnac\/wp-json\/wp\/v2\/types\/page"}],"author":[{"embeddable":true,"href":"https:\/\/www.foretadrenaline.com\/carnac\/wp-json\/wp\/v2\/users\/1"}],"replies":[{"embeddable":true,"href":"https:\/\/www.foretadrenaline.com\/carnac\/wp-json\/wp\/v2\/comments?post=7496"}],"version-history":[{"count":21,"href":"https:\/\/www.foretadrenaline.com\/carnac\/wp-json\/wp\/v2\/pages\/7496\/revisions"}],"predecessor-version":[{"id":9121,"href":"https:\/\/www.foretadrenaline.com\/carnac\/wp-json\/wp\/v2\/pages\/7496\/revisions\/9121"}],"wp:attachment":[{"href":"https:\/\/www.foretadrenaline.com\/carnac\/wp-json\/wp\/v2\/media?parent=7496"}],"curies":[{"name":"wp","href":"https:\/\/api.w.org\/{rel}","templated":true}]}}