{"id":3312,"date":"2025-09-19T08:34:14","date_gmt":"2025-09-19T08:34:14","guid":{"rendered":"https:\/\/www.foretadrenaline.com\/constructeur\/?page_id=3312"},"modified":"2025-09-19T08:35:58","modified_gmt":"2025-09-19T08:35:58","slug":"tree-climbing-adventure","status":"publish","type":"page","link":"https:\/\/www.foretadrenaline.com\/constructeur\/en\/tree-climbing-adventure\/","title":{"rendered":"Tree climbing adventure"},"content":{"rendered":"\n<h2 class=\"wp-block-heading\">Supplier and builder of thrills<\/h2>\n\n\n\n<p>Since 2004, For\u00eat Adr\u00e9naline has been designing and operating tailor-made adventure courses, adapted to your site and your needs: complete creation, course extensions, continuous lifelines, platform renovation and equipment sales (mats, PPE, etc.).<\/p>\n\n\n\n<p>Our dual expertise as both operator and builder enables us to deliver innovative and safe solutions. We build in compliance with the EN 15567-1 standard and work closely with a specialized inspection office.<\/p>\n\n\n\n<p>As the leading adventure course provider in Western France, we support you from concept to completion, ensuring follow-up and maintenance of your site.<\/p>\n\n\n\n<p class=\"has-text-align-center\">Want to discover a high ropes park ? <a href=\"https:\/\/www.youtube.com\/watch?v=V0y0bRRTspQ\" target=\"_blank\" rel=\"noreferrer noopener\">Check it out here<\/a> !<\/p>\n\n\n\n<div class=\"wp-block-buttons is-content-justification-center is-layout-flex wp-container-core-buttons-is-layout-16018d1d wp-block-buttons-is-layout-flex\">\n<div class=\"wp-block-button\"><a class=\"wp-block-button__link has-main-color has-second-background-color has-text-color has-background has-link-color wp-element-button\" href=\"https:\/\/www.foretadrenaline.com\/constructeur\/wp-content\/uploads\/sites\/5\/2025\/02\/Parcours-aventure-a-moins-de-1m-Un-concept-securise-et-ludique-pour-tous-les-publics-3.pdf\" target=\"_blank\" rel=\"noreferrer noopener\"><strong>Check out the brochure<\/strong> (only french)<\/a><\/div>\n<\/div>\n\n\n\n<h2 class=\"wp-block-heading has-text-align-center\"><strong>Our expertise<\/strong><\/h2>\n\n\n\n<ul class=\"wp-block-list\">\n<li><strong>Course design and layout:<\/strong> adapted to the target audience and site constraints<\/li>\n\n\n\n<li><strong>Supply and installation:<\/strong> \u201cpetal\u201d platforms, obstacles, nets, walkways, continuous lifelines (new or renovation), signage<\/li>\n\n\n\n<li><strong>Operations:<\/strong> flow management, course progression, visitor paths, waiting lines<\/li>\n\n\n\n<li><strong>PPE supply:<\/strong> for operators and customers<\/li>\n<\/ul>\n\n\n\n<h2 class=\"wp-block-heading has-text-align-center\"><strong>Our process<\/strong><\/h2>\n\n\n\n<ul class=\"wp-block-list\">\n<li><strong>Specifications:<\/strong> feasibility study and quotation<\/li>\n\n\n\n<li><strong>Survey and pre-layout:<\/strong> measurements and site assessment<\/li>\n\n\n\n<li><strong>Design:<\/strong> determination of the number of workshops and courses<\/li>\n\n\n\n<li><strong>Tree health assessment<\/strong><\/li>\n\n\n\n<li><strong>Action plan and work schedule<\/strong><\/li>\n\n\n\n<li><strong>Materials ordering<\/strong><\/li>\n\n\n\n<li><strong>Installation of workshops<\/strong><\/li>\n\n\n\n<li><strong>PPE supply:<\/strong> for clients and operators<\/li>\n\n\n\n<li><strong>Safety inspection:<\/strong> carried out by a certified control office<\/li>\n\n\n\n<li><strong>Operator training:<\/strong> support for training and operations<\/li>\n\n\n\n<li><strong>Follow-up and maintenance<\/strong><\/li>\n<\/ul>\n\n\n\n<figure class=\"wp-block-gallery has-nested-images columns-default is-cropped wp-block-gallery-1 is-layout-flex wp-block-gallery-is-layout-flex\">\n<figure class=\"wp-block-image size-large\"><img loading=\"lazy\" decoding=\"async\" width=\"683\" height=\"1024\" data-id=\"2980\" src=\"https:\/\/www.foretadrenaline.com\/constructeur\/wp-content\/uploads\/sites\/5\/2025\/02\/studio4k-97-683x1024.jpg\" alt=\"\" class=\"wp-image-2980\" srcset=\"https:\/\/www.foretadrenaline.com\/constructeur\/wp-content\/uploads\/sites\/5\/2025\/02\/studio4k-97-683x1024.jpg 683w, https:\/\/www.foretadrenaline.com\/constructeur\/wp-content\/uploads\/sites\/5\/2025\/02\/studio4k-97-200x300.jpg 200w, https:\/\/www.foretadrenaline.com\/constructeur\/wp-content\/uploads\/sites\/5\/2025\/02\/studio4k-97-768x1152.jpg 768w, https:\/\/www.foretadrenaline.com\/constructeur\/wp-content\/uploads\/sites\/5\/2025\/02\/studio4k-97-1024x1536.jpg 1024w, https:\/\/www.foretadrenaline.com\/constructeur\/wp-content\/uploads\/sites\/5\/2025\/02\/studio4k-97-scaled.jpg 1365w, https:\/\/www.foretadrenaline.com\/constructeur\/wp-content\/uploads\/sites\/5\/2025\/02\/studio4k-97-1200x1800.jpg 1200w\" sizes=\"auto, (max-width: 683px) 100vw, 683px\" \/><\/figure>\n\n\n\n<figure class=\"wp-block-image size-large\"><img loading=\"lazy\" decoding=\"async\" width=\"918\" height=\"1024\" data-id=\"2984\" src=\"https:\/\/www.foretadrenaline.com\/constructeur\/wp-content\/uploads\/sites\/5\/2025\/02\/Foret-Adrenaline_tyrolienne-918x1024.jpg\" alt=\"\" class=\"wp-image-2984\" srcset=\"https:\/\/www.foretadrenaline.com\/constructeur\/wp-content\/uploads\/sites\/5\/2025\/02\/Foret-Adrenaline_tyrolienne-918x1024.jpg 918w, https:\/\/www.foretadrenaline.com\/constructeur\/wp-content\/uploads\/sites\/5\/2025\/02\/Foret-Adrenaline_tyrolienne-269x300.jpg 269w, https:\/\/www.foretadrenaline.com\/constructeur\/wp-content\/uploads\/sites\/5\/2025\/02\/Foret-Adrenaline_tyrolienne-768x857.jpg 768w, https:\/\/www.foretadrenaline.com\/constructeur\/wp-content\/uploads\/sites\/5\/2025\/02\/Foret-Adrenaline_tyrolienne-1376x1536.jpg 1376w, https:\/\/www.foretadrenaline.com\/constructeur\/wp-content\/uploads\/sites\/5\/2025\/02\/Foret-Adrenaline_tyrolienne-1200x1339.jpg 1200w, https:\/\/www.foretadrenaline.com\/constructeur\/wp-content\/uploads\/sites\/5\/2025\/02\/Foret-Adrenaline_tyrolienne.jpg 1792w\" sizes=\"auto, (max-width: 918px) 100vw, 918px\" \/><\/figure>\n\n\n\n<figure class=\"wp-block-image size-large\"><img loading=\"lazy\" decoding=\"async\" width=\"683\" height=\"1024\" data-id=\"2982\" src=\"https:\/\/www.foretadrenaline.com\/constructeur\/wp-content\/uploads\/sites\/5\/2025\/02\/studio4k-121-683x1024.jpg\" alt=\"\" class=\"wp-image-2982\" srcset=\"https:\/\/www.foretadrenaline.com\/constructeur\/wp-content\/uploads\/sites\/5\/2025\/02\/studio4k-121-683x1024.jpg 683w, https:\/\/www.foretadrenaline.com\/constructeur\/wp-content\/uploads\/sites\/5\/2025\/02\/studio4k-121-200x300.jpg 200w, https:\/\/www.foretadrenaline.com\/constructeur\/wp-content\/uploads\/sites\/5\/2025\/02\/studio4k-121-768x1152.jpg 768w, https:\/\/www.foretadrenaline.com\/constructeur\/wp-content\/uploads\/sites\/5\/2025\/02\/studio4k-121-1024x1536.jpg 1024w, https:\/\/www.foretadrenaline.com\/constructeur\/wp-content\/uploads\/sites\/5\/2025\/02\/studio4k-121-scaled.jpg 1365w, https:\/\/www.foretadrenaline.com\/constructeur\/wp-content\/uploads\/sites\/5\/2025\/02\/studio4k-121-1200x1800.jpg 1200w\" sizes=\"auto, (max-width: 683px) 100vw, 683px\" \/><\/figure>\n<\/figure>\n\n\n\n<h2 class=\"wp-block-heading has-text-align-center\"><strong>Our strengths<\/strong><\/h2>\n\n\n\n<ul class=\"wp-block-list\">\n<li><strong>Eco-responsibility:<\/strong> untreated natural wood, optimized travel, local suppliers, recycling, etc.<\/li>\n\n\n\n<li><strong>Gentle slopes:<\/strong> reduce fall risks, customer waiting times and complex system maintenance<\/li>\n\n\n\n<li><strong>Petal platforms:<\/strong> For\u00eat Adr\u00e9naline design, optimized water drainage, durable assembly, quick installation, tree-friendly<\/li>\n\n\n\n<li><strong>Continuous lifelines:<\/strong> For\u00eat Adr\u00e9naline specialty with trusted partners such as Vert Voltige\u00ae and Coudoupro\u00ae<\/li>\n\n\n\n<li><strong>Platform fastening:<\/strong> ratchet straps around trees, plates secured with steel or textile slings<\/li>\n\n\n\n<li><strong>Varied workshops:<\/strong> suitable for all ages with different heights and difficulty levels<\/li>\n\n\n\n<li><strong>Nets and ropes:<\/strong> wide range with multiple colors available<\/li>\n\n\n\n<li><strong>Mats:<\/strong> designed by For\u00eat Adr\u00e9naline, adapted to specific needs<\/li>\n\n\n\n<li><strong>PPE:<\/strong> trusted brands such as B\u00e9al, Petzl, Cilao, CE certified<\/li>\n\n\n\n<li><strong>High-quality finishes:<\/strong> durable, local and environmentally friendly products<\/li>\n<\/ul>\n\n\n\n<h2 class=\"wp-block-heading has-text-align-center\"><strong>A few tips<\/strong><\/h2>\n\n\n\n<p>To set up an adventure park, you need to :<\/p>\n\n\n\n<ul class=\"wp-block-list\">\n<li>A welcome area<\/li>\n\n\n\n<li>A strategic location: tourist or residential area, close to a main road<\/li>\n\n\n\n<li>A minimum surface of 1.5 hectares<\/li>\n\n\n\n<li>At least 60 workshops<\/li>\n\n\n\n<li>A parking area<\/li>\n<\/ul>\n\n\n\n<p>Parks generally offer 4 to 5 courses with increasing levels of difficulty :<\/p>\n\n\n\n<ul class=\"wp-block-list\">\n<li>Pitchoun: (ages 2\u20133)<\/li>\n\n\n\n<li>Green and Blue: Children and families<\/li>\n\n\n\n<li>Red and Black: For the most daring<\/li>\n<\/ul>\n\n\n\n<figure class=\"wp-block-gallery has-nested-images columns-default is-cropped wp-block-gallery-2 is-layout-flex wp-block-gallery-is-layout-flex\">\n<figure class=\"wp-block-image size-large\"><img loading=\"lazy\" decoding=\"async\" width=\"1024\" height=\"683\" data-id=\"2990\" src=\"https:\/\/www.foretadrenaline.com\/constructeur\/wp-content\/uploads\/sites\/5\/2025\/02\/studio4k-135-1024x683.jpg\" alt=\"\" class=\"wp-image-2990\" srcset=\"https:\/\/www.foretadrenaline.com\/constructeur\/wp-content\/uploads\/sites\/5\/2025\/02\/studio4k-135-1024x683.jpg 1024w, https:\/\/www.foretadrenaline.com\/constructeur\/wp-content\/uploads\/sites\/5\/2025\/02\/studio4k-135-300x200.jpg 300w, https:\/\/www.foretadrenaline.com\/constructeur\/wp-content\/uploads\/sites\/5\/2025\/02\/studio4k-135-768x512.jpg 768w, https:\/\/www.foretadrenaline.com\/constructeur\/wp-content\/uploads\/sites\/5\/2025\/02\/studio4k-135-1536x1024.jpg 1536w, https:\/\/www.foretadrenaline.com\/constructeur\/wp-content\/uploads\/sites\/5\/2025\/02\/studio4k-135-scaled.jpg 2048w, https:\/\/www.foretadrenaline.com\/constructeur\/wp-content\/uploads\/sites\/5\/2025\/02\/studio4k-135-1200x800.jpg 1200w\" sizes=\"auto, (max-width: 1024px) 100vw, 1024px\" \/><\/figure>\n\n\n\n<figure class=\"wp-block-image size-large\"><img loading=\"lazy\" decoding=\"async\" width=\"1024\" height=\"683\" data-id=\"2992\" src=\"https:\/\/www.foretadrenaline.com\/constructeur\/wp-content\/uploads\/sites\/5\/2025\/02\/studio4k-140-1024x683.jpg\" alt=\"\" class=\"wp-image-2992\" srcset=\"https:\/\/www.foretadrenaline.com\/constructeur\/wp-content\/uploads\/sites\/5\/2025\/02\/studio4k-140-1024x683.jpg 1024w, https:\/\/www.foretadrenaline.com\/constructeur\/wp-content\/uploads\/sites\/5\/2025\/02\/studio4k-140-300x200.jpg 300w, https:\/\/www.foretadrenaline.com\/constructeur\/wp-content\/uploads\/sites\/5\/2025\/02\/studio4k-140-768x512.jpg 768w, https:\/\/www.foretadrenaline.com\/constructeur\/wp-content\/uploads\/sites\/5\/2025\/02\/studio4k-140-1536x1024.jpg 1536w, https:\/\/www.foretadrenaline.com\/constructeur\/wp-content\/uploads\/sites\/5\/2025\/02\/studio4k-140-scaled.jpg 2048w, https:\/\/www.foretadrenaline.com\/constructeur\/wp-content\/uploads\/sites\/5\/2025\/02\/studio4k-140-1200x800.jpg 1200w\" sizes=\"auto, (max-width: 1024px) 100vw, 1024px\" \/><\/figure>\n\n\n\n<figure class=\"wp-block-image size-large\"><img loading=\"lazy\" decoding=\"async\" width=\"1024\" height=\"683\" data-id=\"2988\" src=\"https:\/\/www.foretadrenaline.com\/constructeur\/wp-content\/uploads\/sites\/5\/2025\/02\/studio4k-147-1024x683.jpg\" alt=\"\" class=\"wp-image-2988\" srcset=\"https:\/\/www.foretadrenaline.com\/constructeur\/wp-content\/uploads\/sites\/5\/2025\/02\/studio4k-147-1024x683.jpg 1024w, https:\/\/www.foretadrenaline.com\/constructeur\/wp-content\/uploads\/sites\/5\/2025\/02\/studio4k-147-300x200.jpg 300w, https:\/\/www.foretadrenaline.com\/constructeur\/wp-content\/uploads\/sites\/5\/2025\/02\/studio4k-147-768x512.jpg 768w, https:\/\/www.foretadrenaline.com\/constructeur\/wp-content\/uploads\/sites\/5\/2025\/02\/studio4k-147-1536x1024.jpg 1536w, https:\/\/www.foretadrenaline.com\/constructeur\/wp-content\/uploads\/sites\/5\/2025\/02\/studio4k-147-scaled.jpg 2048w, https:\/\/www.foretadrenaline.com\/constructeur\/wp-content\/uploads\/sites\/5\/2025\/02\/studio4k-147-1200x800.jpg 1200w\" sizes=\"auto, (max-width: 1024px) 100vw, 1024px\" \/><\/figure>\n<\/figure>\n\n\n\n<p><\/p>\n","protected":false},"excerpt":{"rendered":"<p>Supplier and builder of thrills Since 2004, For\u00eat Adr\u00e9naline has been designing and operating tailor-made adventure courses, adapted to your site and your needs: complete creation, course extensions, continuous lifelines, platform renovation and equipment sales (mats, PPE, etc.). Our dual expertise as both operator and builder enables us to deliver innovative and safe solutions. We&hellip;<\/p>\n","protected":false},"author":2,"featured_media":3009,"parent":0,"menu_order":0,"comment_status":"closed","ping_status":"closed","template":"","meta":{"_acf_changed":false,"footnotes":""},"class_list":["post-3312","page","type-page","status-publish","has-post-thumbnail","hentry"],"acf":[],"yoast_head":"<!-- This site is optimized with the Yoast SEO plugin v27.3 - https:\/\/yoast.com\/product\/yoast-seo-wordpress\/ -->\n<title>Tree climbing adventure - For\u00eat Adr\u00e9naline - Constructeur<\/title>\n<meta name=\"description\" content=\"Supplier and builder of thrills, For\u00eat Adr\u00e9naline designs and operates adventure parks with safe, innovative and unforgettable experiences.\" \/>\n<meta name=\"robots\" content=\"index, follow, max-snippet:-1, max-image-preview:large, max-video-preview:-1\" \/>\n<link rel=\"canonical\" href=\"https:\/\/www.foretadrenaline.com\/constructeur\/en\/tree-climbing-adventure\/\" \/>\n<meta property=\"og:locale\" content=\"en_US\" \/>\n<meta property=\"og:type\" content=\"article\" \/>\n<meta property=\"og:title\" content=\"Tree climbing adventure - For\u00eat Adr\u00e9naline - Constructeur\" \/>\n<meta property=\"og:description\" content=\"Supplier and builder of thrills, For\u00eat Adr\u00e9naline designs and operates adventure parks with safe, innovative and unforgettable experiences.\" \/>\n<meta property=\"og:url\" content=\"https:\/\/www.foretadrenaline.com\/constructeur\/en\/tree-climbing-adventure\/\" \/>\n<meta property=\"og:site_name\" content=\"For\u00eat Adr\u00e9naline - Constructeur\" \/>\n<meta property=\"article:modified_time\" content=\"2025-09-19T08:35:58+00:00\" \/>\n<meta property=\"og:image\" content=\"https:\/\/www.foretadrenaline.com\/constructeur\/wp-content\/uploads\/sites\/5\/2025\/02\/ECP_0233-scaled.jpg\" \/>\n\t<meta property=\"og:image:width\" content=\"2048\" \/>\n\t<meta property=\"og:image:height\" content=\"1375\" \/>\n\t<meta property=\"og:image:type\" content=\"image\/jpeg\" \/>\n<meta name=\"twitter:card\" content=\"summary_large_image\" \/>\n<meta name=\"twitter:label1\" content=\"Est. reading time\" \/>\n\t<meta name=\"twitter:data1\" content=\"4 minutes\" \/>\n<script type=\"application\/ld+json\" class=\"yoast-schema-graph\">{\"@context\":\"https:\\\/\\\/schema.org\",\"@graph\":[{\"@type\":\"WebPage\",\"@id\":\"https:\\\/\\\/www.foretadrenaline.com\\\/constructeur\\\/en\\\/tree-climbing-adventure\\\/\",\"url\":\"https:\\\/\\\/www.foretadrenaline.com\\\/constructeur\\\/en\\\/tree-climbing-adventure\\\/\",\"name\":\"Tree climbing adventure - For\u00eat Adr\u00e9naline - Constructeur\",\"isPartOf\":{\"@id\":\"https:\\\/\\\/www.foretadrenaline.com\\\/constructeur\\\/en\\\/#website\"},\"primaryImageOfPage\":{\"@id\":\"https:\\\/\\\/www.foretadrenaline.com\\\/constructeur\\\/en\\\/tree-climbing-adventure\\\/#primaryimage\"},\"image\":{\"@id\":\"https:\\\/\\\/www.foretadrenaline.com\\\/constructeur\\\/en\\\/tree-climbing-adventure\\\/#primaryimage\"},\"thumbnailUrl\":\"https:\\\/\\\/www.foretadrenaline.com\\\/constructeur\\\/wp-content\\\/uploads\\\/sites\\\/5\\\/2025\\\/02\\\/ECP_0233-scaled.jpg\",\"datePublished\":\"2025-09-19T08:34:14+00:00\",\"dateModified\":\"2025-09-19T08:35:58+00:00\",\"description\":\"Supplier and builder of thrills, For\u00eat Adr\u00e9naline designs and operates adventure parks with safe, innovative and unforgettable experiences.\",\"breadcrumb\":{\"@id\":\"https:\\\/\\\/www.foretadrenaline.com\\\/constructeur\\\/en\\\/tree-climbing-adventure\\\/#breadcrumb\"},\"inLanguage\":\"en-US\",\"potentialAction\":[{\"@type\":\"ReadAction\",\"target\":[\"https:\\\/\\\/www.foretadrenaline.com\\\/constructeur\\\/en\\\/tree-climbing-adventure\\\/\"]}]},{\"@type\":\"ImageObject\",\"inLanguage\":\"en-US\",\"@id\":\"https:\\\/\\\/www.foretadrenaline.com\\\/constructeur\\\/en\\\/tree-climbing-adventure\\\/#primaryimage\",\"url\":\"https:\\\/\\\/www.foretadrenaline.com\\\/constructeur\\\/wp-content\\\/uploads\\\/sites\\\/5\\\/2025\\\/02\\\/ECP_0233-scaled.jpg\",\"contentUrl\":\"https:\\\/\\\/www.foretadrenaline.com\\\/constructeur\\\/wp-content\\\/uploads\\\/sites\\\/5\\\/2025\\\/02\\\/ECP_0233-scaled.jpg\",\"width\":2048,\"height\":1375,\"caption\":\"Rondin\"},{\"@type\":\"BreadcrumbList\",\"@id\":\"https:\\\/\\\/www.foretadrenaline.com\\\/constructeur\\\/en\\\/tree-climbing-adventure\\\/#breadcrumb\",\"itemListElement\":[{\"@type\":\"ListItem\",\"position\":1,\"name\":\"Accueil\",\"item\":\"https:\\\/\\\/www.foretadrenaline.com\\\/constructeur\\\/en\\\/\"},{\"@type\":\"ListItem\",\"position\":2,\"name\":\"Tree climbing adventure\"}]},{\"@type\":\"WebSite\",\"@id\":\"https:\\\/\\\/www.foretadrenaline.com\\\/constructeur\\\/en\\\/#website\",\"url\":\"https:\\\/\\\/www.foretadrenaline.com\\\/constructeur\\\/en\\\/\",\"name\":\"For\u00eat Adr\u00e9naline - Constructeur\",\"description\":\"Just another For\u00eat Adr\u00e9naline site\",\"potentialAction\":[{\"@type\":\"SearchAction\",\"target\":{\"@type\":\"EntryPoint\",\"urlTemplate\":\"https:\\\/\\\/www.foretadrenaline.com\\\/constructeur\\\/en\\\/?s={search_term_string}\"},\"query-input\":{\"@type\":\"PropertyValueSpecification\",\"valueRequired\":true,\"valueName\":\"search_term_string\"}}],\"inLanguage\":\"en-US\"}]}<\/script>\n<!-- \/ Yoast SEO plugin. -->","yoast_head_json":{"title":"Tree climbing adventure - For\u00eat Adr\u00e9naline - Constructeur","description":"Supplier and builder of thrills, For\u00eat Adr\u00e9naline designs and operates adventure parks with safe, innovative and unforgettable experiences.","robots":{"index":"index","follow":"follow","max-snippet":"max-snippet:-1","max-image-preview":"max-image-preview:large","max-video-preview":"max-video-preview:-1"},"canonical":"https:\/\/www.foretadrenaline.com\/constructeur\/en\/tree-climbing-adventure\/","og_locale":"en_US","og_type":"article","og_title":"Tree climbing adventure - For\u00eat Adr\u00e9naline - Constructeur","og_description":"Supplier and builder of thrills, For\u00eat Adr\u00e9naline designs and operates adventure parks with safe, innovative and unforgettable experiences.","og_url":"https:\/\/www.foretadrenaline.com\/constructeur\/en\/tree-climbing-adventure\/","og_site_name":"For\u00eat Adr\u00e9naline - Constructeur","article_modified_time":"2025-09-19T08:35:58+00:00","og_image":[{"width":2048,"height":1375,"url":"https:\/\/www.foretadrenaline.com\/constructeur\/wp-content\/uploads\/sites\/5\/2025\/02\/ECP_0233-scaled.jpg","type":"image\/jpeg"}],"twitter_card":"summary_large_image","twitter_misc":{"Est. reading time":"4 minutes"},"schema":{"@context":"https:\/\/schema.org","@graph":[{"@type":"WebPage","@id":"https:\/\/www.foretadrenaline.com\/constructeur\/en\/tree-climbing-adventure\/","url":"https:\/\/www.foretadrenaline.com\/constructeur\/en\/tree-climbing-adventure\/","name":"Tree climbing adventure - For\u00eat Adr\u00e9naline - Constructeur","isPartOf":{"@id":"https:\/\/www.foretadrenaline.com\/constructeur\/en\/#website"},"primaryImageOfPage":{"@id":"https:\/\/www.foretadrenaline.com\/constructeur\/en\/tree-climbing-adventure\/#primaryimage"},"image":{"@id":"https:\/\/www.foretadrenaline.com\/constructeur\/en\/tree-climbing-adventure\/#primaryimage"},"thumbnailUrl":"https:\/\/www.foretadrenaline.com\/constructeur\/wp-content\/uploads\/sites\/5\/2025\/02\/ECP_0233-scaled.jpg","datePublished":"2025-09-19T08:34:14+00:00","dateModified":"2025-09-19T08:35:58+00:00","description":"Supplier and builder of thrills, For\u00eat Adr\u00e9naline designs and operates adventure parks with safe, innovative and unforgettable experiences.","breadcrumb":{"@id":"https:\/\/www.foretadrenaline.com\/constructeur\/en\/tree-climbing-adventure\/#breadcrumb"},"inLanguage":"en-US","potentialAction":[{"@type":"ReadAction","target":["https:\/\/www.foretadrenaline.com\/constructeur\/en\/tree-climbing-adventure\/"]}]},{"@type":"ImageObject","inLanguage":"en-US","@id":"https:\/\/www.foretadrenaline.com\/constructeur\/en\/tree-climbing-adventure\/#primaryimage","url":"https:\/\/www.foretadrenaline.com\/constructeur\/wp-content\/uploads\/sites\/5\/2025\/02\/ECP_0233-scaled.jpg","contentUrl":"https:\/\/www.foretadrenaline.com\/constructeur\/wp-content\/uploads\/sites\/5\/2025\/02\/ECP_0233-scaled.jpg","width":2048,"height":1375,"caption":"Rondin"},{"@type":"BreadcrumbList","@id":"https:\/\/www.foretadrenaline.com\/constructeur\/en\/tree-climbing-adventure\/#breadcrumb","itemListElement":[{"@type":"ListItem","position":1,"name":"Accueil","item":"https:\/\/www.foretadrenaline.com\/constructeur\/en\/"},{"@type":"ListItem","position":2,"name":"Tree climbing adventure"}]},{"@type":"WebSite","@id":"https:\/\/www.foretadrenaline.com\/constructeur\/en\/#website","url":"https:\/\/www.foretadrenaline.com\/constructeur\/en\/","name":"For\u00eat Adr\u00e9naline - Constructeur","description":"Just another For\u00eat Adr\u00e9naline site","potentialAction":[{"@type":"SearchAction","target":{"@type":"EntryPoint","urlTemplate":"https:\/\/www.foretadrenaline.com\/constructeur\/en\/?s={search_term_string}"},"query-input":{"@type":"PropertyValueSpecification","valueRequired":true,"valueName":"search_term_string"}}],"inLanguage":"en-US"}]}},"_links":{"self":[{"href":"https:\/\/www.foretadrenaline.com\/constructeur\/en\/wp-json\/wp\/v2\/pages\/3312","targetHints":{"allow":["GET"]}}],"collection":[{"href":"https:\/\/www.foretadrenaline.com\/constructeur\/en\/wp-json\/wp\/v2\/pages"}],"about":[{"href":"https:\/\/www.foretadrenaline.com\/constructeur\/en\/wp-json\/wp\/v2\/types\/page"}],"author":[{"embeddable":true,"href":"https:\/\/www.foretadrenaline.com\/constructeur\/en\/wp-json\/wp\/v2\/users\/2"}],"replies":[{"embeddable":true,"href":"https:\/\/www.foretadrenaline.com\/constructeur\/en\/wp-json\/wp\/v2\/comments?post=3312"}],"version-history":[{"count":2,"href":"https:\/\/www.foretadrenaline.com\/constructeur\/en\/wp-json\/wp\/v2\/pages\/3312\/revisions"}],"predecessor-version":[{"id":3315,"href":"https:\/\/www.foretadrenaline.com\/constructeur\/en\/wp-json\/wp\/v2\/pages\/3312\/revisions\/3315"}],"wp:featuredmedia":[{"embeddable":true,"href":"https:\/\/www.foretadrenaline.com\/constructeur\/en\/wp-json\/wp\/v2\/media\/3009"}],"wp:attachment":[{"href":"https:\/\/www.foretadrenaline.com\/constructeur\/en\/wp-json\/wp\/v2\/media?parent=3312"}],"curies":[{"name":"wp","href":"https:\/\/api.w.org\/{rel}","templated":true}]}}