{"id":3316,"date":"2025-09-19T08:50:34","date_gmt":"2025-09-19T08:50:34","guid":{"rendered":"https:\/\/www.foretadrenaline.com\/constructeur\/?page_id=3316"},"modified":"2025-09-19T08:50:35","modified_gmt":"2025-09-19T08:50:35","slug":"cabins-and-ground-activities","status":"publish","type":"page","link":"https:\/\/www.foretadrenaline.com\/constructeur\/en\/cabins-and-ground-activities\/","title":{"rendered":"Cabins and ground activities"},"content":{"rendered":"\n<h2 class=\"wp-block-heading has-text-align-center\"><strong>Activities and play areas with original challenges<\/strong><\/h2>\n\n\n\n<p class=\"has-text-align-left\">As designers, builders and operators of high ropes courses, we create play areas and activities suitable for all ages, both on the ground and in the air.<\/p>\n\n\n\n<p class=\"has-text-align-left\">Looking to diversify your offer and attract corporate or family clients beyond traditional courses? We design custom challenge courses to boost your site and provide a unique experience for your visitors.<\/p>\n\n\n\n<h2 class=\"wp-block-heading has-text-align-center\"><strong>A variety of activities for all audiences<\/strong><\/h2>\n\n\n\n<ul class=\"wp-block-list\">\n<li><strong>Duel course:<\/strong> two identical courses in parallel for relay races<\/li>\n\n\n\n<li><strong>Sports activities:<\/strong> football, basketball, boules in Tramp\u00d4forest\u00ae parks<\/li>\n\n\n\n<li><strong>Pitchoun course:<\/strong> for ages 2\u20133 on an artificial structure<\/li>\n\n\n\n<li><strong>Challenge games:<\/strong> knot box, balance beam, blind course, climbing block, surprise path<\/li>\n\n\n\n<li><strong>Nature walk:<\/strong> adapted for the youngest<\/li>\n\n\n\n<li><strong>Treasure hunt:<\/strong> for children<\/li>\n<\/ul>\n\n\n\n<figure class=\"wp-block-gallery has-nested-images columns-default is-cropped wp-block-gallery-1 is-layout-flex wp-block-gallery-is-layout-flex\">\n<figure class=\"wp-block-image size-large\"><img loading=\"lazy\" decoding=\"async\" width=\"1024\" height=\"682\" data-id=\"339\" src=\"https:\/\/www.foretadrenaline.com\/constructeur\/wp-content\/uploads\/sites\/5\/2019\/05\/parcours-duel-les-filets-1024x682.jpg\" alt=\"\" class=\"wp-image-339\" srcset=\"https:\/\/www.foretadrenaline.com\/constructeur\/wp-content\/uploads\/sites\/5\/2019\/05\/parcours-duel-les-filets-1024x682.jpg 1024w, https:\/\/www.foretadrenaline.com\/constructeur\/wp-content\/uploads\/sites\/5\/2019\/05\/parcours-duel-les-filets-300x200.jpg 300w, https:\/\/www.foretadrenaline.com\/constructeur\/wp-content\/uploads\/sites\/5\/2019\/05\/parcours-duel-les-filets-768x512.jpg 768w, https:\/\/www.foretadrenaline.com\/constructeur\/wp-content\/uploads\/sites\/5\/2019\/05\/parcours-duel-les-filets-1200x800.jpg 1200w\" sizes=\"auto, (max-width: 1024px) 100vw, 1024px\" \/><figcaption class=\"wp-element-caption\">Duel course<\/figcaption><\/figure>\n\n\n\n<figure class=\"wp-block-image size-large\"><img loading=\"lazy\" decoding=\"async\" width=\"1024\" height=\"683\" data-id=\"297\" src=\"https:\/\/www.foretadrenaline.com\/constructeur\/wp-content\/uploads\/sites\/5\/2019\/05\/piscine-\u00e0-balle-2-1024x683-1024x683.jpg\" alt=\"\" class=\"wp-image-297\" srcset=\"https:\/\/www.foretadrenaline.com\/constructeur\/wp-content\/uploads\/sites\/5\/2019\/05\/piscine-\u00e0-balle-2-1024x683.jpg 1024w, https:\/\/www.foretadrenaline.com\/constructeur\/wp-content\/uploads\/sites\/5\/2019\/05\/piscine-\u00e0-balle-2-1024x683-300x200.jpg 300w, https:\/\/www.foretadrenaline.com\/constructeur\/wp-content\/uploads\/sites\/5\/2019\/05\/piscine-\u00e0-balle-2-1024x683-768x512.jpg 768w\" sizes=\"auto, (max-width: 1024px) 100vw, 1024px\" \/><figcaption class=\"wp-element-caption\">Balls<\/figcaption><\/figure>\n\n\n\n<figure class=\"wp-block-image size-large\"><img loading=\"lazy\" decoding=\"async\" width=\"1024\" height=\"768\" data-id=\"483\" src=\"https:\/\/www.foretadrenaline.com\/constructeur\/wp-content\/uploads\/sites\/5\/2019\/05\/challenge-entreprise-bo\u00eete-\u00e0-noeuds-2-1024x768.jpg\" alt=\"\" class=\"wp-image-483\" srcset=\"https:\/\/www.foretadrenaline.com\/constructeur\/wp-content\/uploads\/sites\/5\/2019\/05\/challenge-entreprise-bo\u00eete-\u00e0-noeuds-2-1024x768.jpg 1024w, https:\/\/www.foretadrenaline.com\/constructeur\/wp-content\/uploads\/sites\/5\/2019\/05\/challenge-entreprise-bo\u00eete-\u00e0-noeuds-2-300x225.jpg 300w, https:\/\/www.foretadrenaline.com\/constructeur\/wp-content\/uploads\/sites\/5\/2019\/05\/challenge-entreprise-bo\u00eete-\u00e0-noeuds-2-768x576.jpg 768w, https:\/\/www.foretadrenaline.com\/constructeur\/wp-content\/uploads\/sites\/5\/2019\/05\/challenge-entreprise-bo\u00eete-\u00e0-noeuds-2-1200x900.jpg 1200w, https:\/\/www.foretadrenaline.com\/constructeur\/wp-content\/uploads\/sites\/5\/2019\/05\/challenge-entreprise-bo\u00eete-\u00e0-noeuds-2.jpg 1632w\" sizes=\"auto, (max-width: 1024px) 100vw, 1024px\" \/><figcaption class=\"wp-element-caption\">Knot box<\/figcaption><\/figure>\n<\/figure>\n\n\n\n<h2 class=\"wp-block-heading has-text-align-center\"><strong>Custom cabins for both kids and adults<\/strong><\/h2>\n\n\n\n<p class=\"has-text-align-left\">Whether for a play area, a relaxation space or a unique accommodation, our custom cabins are designed for all ages and all projects.<\/p>\n\n\n\n<p>Perched in the trees or built on the ground, they offer children a safe adventure playground and adults a true nature retreat. From design to production, we handle the entire project, creating unique, secure structures perfectly integrated into their environment.<\/p>\n\n\n\n<p>Give your visitors an immersive and unforgettable experience, whether to play, explore or recharge.<\/p>\n\n\n\n<figure class=\"wp-block-gallery has-nested-images columns-default is-cropped wp-block-gallery-2 is-layout-flex wp-block-gallery-is-layout-flex\">\n<figure class=\"wp-block-image size-large\"><img loading=\"lazy\" decoding=\"async\" width=\"1024\" height=\"498\" data-id=\"2333\" src=\"https:\/\/www.foretadrenaline.com\/constructeur\/wp-content\/uploads\/sites\/5\/2023\/06\/20230608_090455-1024x498.jpg\" alt=\"\" class=\"wp-image-2333\" srcset=\"https:\/\/www.foretadrenaline.com\/constructeur\/wp-content\/uploads\/sites\/5\/2023\/06\/20230608_090455-1024x498.jpg 1024w, https:\/\/www.foretadrenaline.com\/constructeur\/wp-content\/uploads\/sites\/5\/2023\/06\/20230608_090455-300x146.jpg 300w, https:\/\/www.foretadrenaline.com\/constructeur\/wp-content\/uploads\/sites\/5\/2023\/06\/20230608_090455-768x373.jpg 768w, https:\/\/www.foretadrenaline.com\/constructeur\/wp-content\/uploads\/sites\/5\/2023\/06\/20230608_090455-1536x747.jpg 1536w, https:\/\/www.foretadrenaline.com\/constructeur\/wp-content\/uploads\/sites\/5\/2023\/06\/20230608_090455-scaled.jpg 2048w, https:\/\/www.foretadrenaline.com\/constructeur\/wp-content\/uploads\/sites\/5\/2023\/06\/20230608_090455-1200x583.jpg 1200w\" sizes=\"auto, (max-width: 1024px) 100vw, 1024px\" \/><figcaption class=\"wp-element-caption\">Colorful cabin<\/figcaption><\/figure>\n\n\n\n<figure class=\"wp-block-image size-large\"><img loading=\"lazy\" decoding=\"async\" width=\"1024\" height=\"769\" data-id=\"470\" src=\"https:\/\/www.foretadrenaline.com\/constructeur\/wp-content\/uploads\/sites\/5\/2019\/05\/cabane6-1-1024x769.jpg\" alt=\"\" class=\"wp-image-470\" srcset=\"https:\/\/www.foretadrenaline.com\/constructeur\/wp-content\/uploads\/sites\/5\/2019\/05\/cabane6-1.jpg 1024w, https:\/\/www.foretadrenaline.com\/constructeur\/wp-content\/uploads\/sites\/5\/2019\/05\/cabane6-1-300x225.jpg 300w, https:\/\/www.foretadrenaline.com\/constructeur\/wp-content\/uploads\/sites\/5\/2019\/05\/cabane6-1-768x577.jpg 768w\" sizes=\"auto, (max-width: 1024px) 100vw, 1024px\" \/><figcaption class=\"wp-element-caption\">Relaxation up high<\/figcaption><\/figure>\n\n\n\n<figure class=\"wp-block-image size-large\"><img loading=\"lazy\" decoding=\"async\" width=\"1024\" height=\"614\" data-id=\"2283\" src=\"https:\/\/www.foretadrenaline.com\/constructeur\/wp-content\/uploads\/sites\/5\/2023\/05\/20230503_140623-1024x614.jpg\" alt=\"\" class=\"wp-image-2283\" srcset=\"https:\/\/www.foretadrenaline.com\/constructeur\/wp-content\/uploads\/sites\/5\/2023\/05\/20230503_140623-1024x614.jpg 1024w, https:\/\/www.foretadrenaline.com\/constructeur\/wp-content\/uploads\/sites\/5\/2023\/05\/20230503_140623-300x180.jpg 300w, https:\/\/www.foretadrenaline.com\/constructeur\/wp-content\/uploads\/sites\/5\/2023\/05\/20230503_140623-768x461.jpg 768w, https:\/\/www.foretadrenaline.com\/constructeur\/wp-content\/uploads\/sites\/5\/2023\/05\/20230503_140623-1536x921.jpg 1536w, https:\/\/www.foretadrenaline.com\/constructeur\/wp-content\/uploads\/sites\/5\/2023\/05\/20230503_140623-scaled.jpg 2048w, https:\/\/www.foretadrenaline.com\/constructeur\/wp-content\/uploads\/sites\/5\/2023\/05\/20230503_140623-1200x720.jpg 1200w\" sizes=\"auto, (max-width: 1024px) 100vw, 1024px\" \/><figcaption class=\"wp-element-caption\">The world of elves<\/figcaption><\/figure>\n<\/figure>\n\n\n\n<h2 class=\"wp-block-heading has-text-align-center\"><strong>Add a touch of originality to your park<\/strong><\/h2>\n\n\n\n<p class=\"has-text-align-center\">Contact us today to create unique attractions tailored to your site ! <\/p>\n\n\n\n<div class=\"wp-block-buttons is-content-justification-center is-layout-flex wp-container-core-buttons-is-layout-16018d1d wp-block-buttons-is-layout-flex\">\n<div class=\"wp-block-button\"><a class=\"wp-block-button__link has-main-color has-second-background-color has-text-color has-background has-link-color wp-element-button\" href=\"https:\/\/www.foretadrenaline.com\/constructeur\/contact\/\" target=\"_blank\" rel=\"noreferrer noopener\"><strong>Shall we give you a call ?<\/strong><\/a><\/div>\n<\/div>\n","protected":false},"excerpt":{"rendered":"<p>Activities and play areas with original challenges As designers, builders and operators of high ropes courses, we create play areas and activities suitable for all ages, both on the ground and in the air. Looking to diversify your offer and attract corporate or family clients beyond traditional courses? We design custom challenge courses to boost&hellip;<\/p>\n","protected":false},"author":2,"featured_media":147,"parent":0,"menu_order":0,"comment_status":"closed","ping_status":"closed","template":"","meta":{"_acf_changed":false,"footnotes":""},"class_list":["post-3316","page","type-page","status-publish","has-post-thumbnail","hentry"],"acf":[],"yoast_head":"<!-- This site is optimized with the Yoast SEO plugin v27.3 - https:\/\/yoast.com\/product\/yoast-seo-wordpress\/ -->\n<title>Cabins and ground activities - For\u00eat Adr\u00e9naline - Constructeur<\/title>\n<meta name=\"description\" content=\"Cabins and ground activities for all ages, offering fun, safe and customizable experiences to enrich your park and attract more visitors.\" \/>\n<meta name=\"robots\" content=\"index, follow, max-snippet:-1, max-image-preview:large, max-video-preview:-1\" \/>\n<link rel=\"canonical\" href=\"https:\/\/www.foretadrenaline.com\/constructeur\/en\/cabins-and-ground-activities\/\" \/>\n<meta property=\"og:locale\" content=\"en_US\" \/>\n<meta property=\"og:type\" content=\"article\" \/>\n<meta property=\"og:title\" content=\"Cabins and ground activities - For\u00eat Adr\u00e9naline - Constructeur\" \/>\n<meta property=\"og:description\" content=\"Cabins and ground activities for all ages, offering fun, safe and customizable experiences to enrich your park and attract more visitors.\" \/>\n<meta property=\"og:url\" content=\"https:\/\/www.foretadrenaline.com\/constructeur\/en\/cabins-and-ground-activities\/\" \/>\n<meta property=\"og:site_name\" content=\"For\u00eat Adr\u00e9naline - Constructeur\" \/>\n<meta property=\"article:modified_time\" content=\"2025-09-19T08:50:35+00:00\" \/>\n<meta property=\"og:image\" content=\"https:\/\/www.foretadrenaline.com\/constructeur\/wp-content\/uploads\/sites\/5\/2019\/05\/cabane3.jpg\" \/>\n\t<meta property=\"og:image:width\" content=\"1024\" \/>\n\t<meta property=\"og:image:height\" content=\"769\" \/>\n\t<meta property=\"og:image:type\" content=\"image\/jpeg\" \/>\n<meta name=\"twitter:card\" content=\"summary_large_image\" \/>\n<meta name=\"twitter:label1\" content=\"Est. reading time\" \/>\n\t<meta name=\"twitter:data1\" content=\"3 minutes\" \/>\n<script type=\"application\/ld+json\" class=\"yoast-schema-graph\">{\"@context\":\"https:\\\/\\\/schema.org\",\"@graph\":[{\"@type\":\"WebPage\",\"@id\":\"https:\\\/\\\/www.foretadrenaline.com\\\/constructeur\\\/en\\\/cabins-and-ground-activities\\\/\",\"url\":\"https:\\\/\\\/www.foretadrenaline.com\\\/constructeur\\\/en\\\/cabins-and-ground-activities\\\/\",\"name\":\"Cabins and ground activities - For\u00eat Adr\u00e9naline - Constructeur\",\"isPartOf\":{\"@id\":\"https:\\\/\\\/www.foretadrenaline.com\\\/constructeur\\\/en\\\/#website\"},\"primaryImageOfPage\":{\"@id\":\"https:\\\/\\\/www.foretadrenaline.com\\\/constructeur\\\/en\\\/cabins-and-ground-activities\\\/#primaryimage\"},\"image\":{\"@id\":\"https:\\\/\\\/www.foretadrenaline.com\\\/constructeur\\\/en\\\/cabins-and-ground-activities\\\/#primaryimage\"},\"thumbnailUrl\":\"https:\\\/\\\/www.foretadrenaline.com\\\/constructeur\\\/wp-content\\\/uploads\\\/sites\\\/5\\\/2019\\\/05\\\/cabane3.jpg\",\"datePublished\":\"2025-09-19T08:50:34+00:00\",\"dateModified\":\"2025-09-19T08:50:35+00:00\",\"description\":\"Cabins and ground activities for all ages, offering fun, safe and customizable experiences to enrich your park and attract more visitors.\",\"breadcrumb\":{\"@id\":\"https:\\\/\\\/www.foretadrenaline.com\\\/constructeur\\\/en\\\/cabins-and-ground-activities\\\/#breadcrumb\"},\"inLanguage\":\"en-US\",\"potentialAction\":[{\"@type\":\"ReadAction\",\"target\":[\"https:\\\/\\\/www.foretadrenaline.com\\\/constructeur\\\/en\\\/cabins-and-ground-activities\\\/\"]}]},{\"@type\":\"ImageObject\",\"inLanguage\":\"en-US\",\"@id\":\"https:\\\/\\\/www.foretadrenaline.com\\\/constructeur\\\/en\\\/cabins-and-ground-activities\\\/#primaryimage\",\"url\":\"https:\\\/\\\/www.foretadrenaline.com\\\/constructeur\\\/wp-content\\\/uploads\\\/sites\\\/5\\\/2019\\\/05\\\/cabane3.jpg\",\"contentUrl\":\"https:\\\/\\\/www.foretadrenaline.com\\\/constructeur\\\/wp-content\\\/uploads\\\/sites\\\/5\\\/2019\\\/05\\\/cabane3.jpg\",\"width\":1024,\"height\":769},{\"@type\":\"BreadcrumbList\",\"@id\":\"https:\\\/\\\/www.foretadrenaline.com\\\/constructeur\\\/en\\\/cabins-and-ground-activities\\\/#breadcrumb\",\"itemListElement\":[{\"@type\":\"ListItem\",\"position\":1,\"name\":\"Accueil\",\"item\":\"https:\\\/\\\/www.foretadrenaline.com\\\/constructeur\\\/en\\\/\"},{\"@type\":\"ListItem\",\"position\":2,\"name\":\"Cabins and ground activities\"}]},{\"@type\":\"WebSite\",\"@id\":\"https:\\\/\\\/www.foretadrenaline.com\\\/constructeur\\\/en\\\/#website\",\"url\":\"https:\\\/\\\/www.foretadrenaline.com\\\/constructeur\\\/en\\\/\",\"name\":\"For\u00eat Adr\u00e9naline - Constructeur\",\"description\":\"Just another For\u00eat Adr\u00e9naline site\",\"potentialAction\":[{\"@type\":\"SearchAction\",\"target\":{\"@type\":\"EntryPoint\",\"urlTemplate\":\"https:\\\/\\\/www.foretadrenaline.com\\\/constructeur\\\/en\\\/?s={search_term_string}\"},\"query-input\":{\"@type\":\"PropertyValueSpecification\",\"valueRequired\":true,\"valueName\":\"search_term_string\"}}],\"inLanguage\":\"en-US\"}]}<\/script>\n<!-- \/ Yoast SEO plugin. -->","yoast_head_json":{"title":"Cabins and ground activities - For\u00eat Adr\u00e9naline - Constructeur","description":"Cabins and ground activities for all ages, offering fun, safe and customizable experiences to enrich your park and attract more visitors.","robots":{"index":"index","follow":"follow","max-snippet":"max-snippet:-1","max-image-preview":"max-image-preview:large","max-video-preview":"max-video-preview:-1"},"canonical":"https:\/\/www.foretadrenaline.com\/constructeur\/en\/cabins-and-ground-activities\/","og_locale":"en_US","og_type":"article","og_title":"Cabins and ground activities - For\u00eat Adr\u00e9naline - Constructeur","og_description":"Cabins and ground activities for all ages, offering fun, safe and customizable experiences to enrich your park and attract more visitors.","og_url":"https:\/\/www.foretadrenaline.com\/constructeur\/en\/cabins-and-ground-activities\/","og_site_name":"For\u00eat Adr\u00e9naline - Constructeur","article_modified_time":"2025-09-19T08:50:35+00:00","og_image":[{"width":1024,"height":769,"url":"https:\/\/www.foretadrenaline.com\/constructeur\/wp-content\/uploads\/sites\/5\/2019\/05\/cabane3.jpg","type":"image\/jpeg"}],"twitter_card":"summary_large_image","twitter_misc":{"Est. reading time":"3 minutes"},"schema":{"@context":"https:\/\/schema.org","@graph":[{"@type":"WebPage","@id":"https:\/\/www.foretadrenaline.com\/constructeur\/en\/cabins-and-ground-activities\/","url":"https:\/\/www.foretadrenaline.com\/constructeur\/en\/cabins-and-ground-activities\/","name":"Cabins and ground activities - For\u00eat Adr\u00e9naline - Constructeur","isPartOf":{"@id":"https:\/\/www.foretadrenaline.com\/constructeur\/en\/#website"},"primaryImageOfPage":{"@id":"https:\/\/www.foretadrenaline.com\/constructeur\/en\/cabins-and-ground-activities\/#primaryimage"},"image":{"@id":"https:\/\/www.foretadrenaline.com\/constructeur\/en\/cabins-and-ground-activities\/#primaryimage"},"thumbnailUrl":"https:\/\/www.foretadrenaline.com\/constructeur\/wp-content\/uploads\/sites\/5\/2019\/05\/cabane3.jpg","datePublished":"2025-09-19T08:50:34+00:00","dateModified":"2025-09-19T08:50:35+00:00","description":"Cabins and ground activities for all ages, offering fun, safe and customizable experiences to enrich your park and attract more visitors.","breadcrumb":{"@id":"https:\/\/www.foretadrenaline.com\/constructeur\/en\/cabins-and-ground-activities\/#breadcrumb"},"inLanguage":"en-US","potentialAction":[{"@type":"ReadAction","target":["https:\/\/www.foretadrenaline.com\/constructeur\/en\/cabins-and-ground-activities\/"]}]},{"@type":"ImageObject","inLanguage":"en-US","@id":"https:\/\/www.foretadrenaline.com\/constructeur\/en\/cabins-and-ground-activities\/#primaryimage","url":"https:\/\/www.foretadrenaline.com\/constructeur\/wp-content\/uploads\/sites\/5\/2019\/05\/cabane3.jpg","contentUrl":"https:\/\/www.foretadrenaline.com\/constructeur\/wp-content\/uploads\/sites\/5\/2019\/05\/cabane3.jpg","width":1024,"height":769},{"@type":"BreadcrumbList","@id":"https:\/\/www.foretadrenaline.com\/constructeur\/en\/cabins-and-ground-activities\/#breadcrumb","itemListElement":[{"@type":"ListItem","position":1,"name":"Accueil","item":"https:\/\/www.foretadrenaline.com\/constructeur\/en\/"},{"@type":"ListItem","position":2,"name":"Cabins and ground activities"}]},{"@type":"WebSite","@id":"https:\/\/www.foretadrenaline.com\/constructeur\/en\/#website","url":"https:\/\/www.foretadrenaline.com\/constructeur\/en\/","name":"For\u00eat Adr\u00e9naline - Constructeur","description":"Just another For\u00eat Adr\u00e9naline site","potentialAction":[{"@type":"SearchAction","target":{"@type":"EntryPoint","urlTemplate":"https:\/\/www.foretadrenaline.com\/constructeur\/en\/?s={search_term_string}"},"query-input":{"@type":"PropertyValueSpecification","valueRequired":true,"valueName":"search_term_string"}}],"inLanguage":"en-US"}]}},"_links":{"self":[{"href":"https:\/\/www.foretadrenaline.com\/constructeur\/en\/wp-json\/wp\/v2\/pages\/3316","targetHints":{"allow":["GET"]}}],"collection":[{"href":"https:\/\/www.foretadrenaline.com\/constructeur\/en\/wp-json\/wp\/v2\/pages"}],"about":[{"href":"https:\/\/www.foretadrenaline.com\/constructeur\/en\/wp-json\/wp\/v2\/types\/page"}],"author":[{"embeddable":true,"href":"https:\/\/www.foretadrenaline.com\/constructeur\/en\/wp-json\/wp\/v2\/users\/2"}],"replies":[{"embeddable":true,"href":"https:\/\/www.foretadrenaline.com\/constructeur\/en\/wp-json\/wp\/v2\/comments?post=3316"}],"version-history":[{"count":1,"href":"https:\/\/www.foretadrenaline.com\/constructeur\/en\/wp-json\/wp\/v2\/pages\/3316\/revisions"}],"predecessor-version":[{"id":3317,"href":"https:\/\/www.foretadrenaline.com\/constructeur\/en\/wp-json\/wp\/v2\/pages\/3316\/revisions\/3317"}],"wp:featuredmedia":[{"embeddable":true,"href":"https:\/\/www.foretadrenaline.com\/constructeur\/en\/wp-json\/wp\/v2\/media\/147"}],"wp:attachment":[{"href":"https:\/\/www.foretadrenaline.com\/constructeur\/en\/wp-json\/wp\/v2\/media?parent=3316"}],"curies":[{"name":"wp","href":"https:\/\/api.w.org\/{rel}","templated":true}]}}