{"id":3333,"date":"2025-09-19T11:36:04","date_gmt":"2025-09-19T11:36:04","guid":{"rendered":"https:\/\/www.foretadrenaline.com\/constructeur\/?page_id=3333"},"modified":"2025-09-19T11:36:05","modified_gmt":"2025-09-19T11:36:05","slug":"why-choose-us-2","status":"publish","type":"page","link":"https:\/\/www.foretadrenaline.com\/constructeur\/en\/why-choose-us-2\/","title":{"rendered":"Why choose us ?"},"content":{"rendered":"\n<h2 class=\"wp-block-heading has-text-align-center\">Builder and operator for over 20 years<\/h2>\n\n\n\n<p class=\"has-text-align-center\">Based in Brittany for more than 20 years, we operate several adventure parks in Carnac, Rennes and Saint-P\u00e8re near Saint-Malo. We are also builders specialized in Tramp\u00d4forest\u00ae net courses, first developed in our own parks and now installed in campsites, zoos and leisure parks. This dual expertise allows us to support you from the very first idea through to completion, ensuring follow-up and maintenance of your site.<\/p>\n\n\n\n<p class=\"has-text-align-center\"><em><strong>Innovation, customer satisfaction, environmental respect and safety are our core values.<\/strong><\/em><\/p>\n\n\n\n<figure class=\"wp-block-gallery has-nested-images columns-default is-cropped wp-block-gallery-1 is-layout-flex wp-block-gallery-is-layout-flex\">\n<figure class=\"wp-block-image size-large\"><img loading=\"lazy\" decoding=\"async\" width=\"1024\" height=\"768\" data-id=\"223\" src=\"https:\/\/www.foretadrenaline.com\/constructeur\/wp-content\/uploads\/sites\/5\/2019\/05\/civaux12-1024x768.jpg\" alt=\"\" class=\"wp-image-223\" srcset=\"https:\/\/www.foretadrenaline.com\/constructeur\/wp-content\/uploads\/sites\/5\/2019\/05\/civaux12.jpg 1024w, https:\/\/www.foretadrenaline.com\/constructeur\/wp-content\/uploads\/sites\/5\/2019\/05\/civaux12-300x225.jpg 300w, https:\/\/www.foretadrenaline.com\/constructeur\/wp-content\/uploads\/sites\/5\/2019\/05\/civaux12-768x576.jpg 768w\" sizes=\"auto, (max-width: 1024px) 100vw, 1024px\" \/><figcaption class=\"wp-element-caption\">Tramp\u00d4forest\u00ae Planet Crocodile<\/figcaption><\/figure>\n\n\n\n<figure class=\"wp-block-image size-large\"><img loading=\"lazy\" decoding=\"async\" width=\"640\" height=\"800\" data-id=\"231\" src=\"https:\/\/www.foretadrenaline.com\/constructeur\/wp-content\/uploads\/sites\/5\/2019\/05\/corsaire3.jpg\" alt=\"\" class=\"wp-image-231\" srcset=\"https:\/\/www.foretadrenaline.com\/constructeur\/wp-content\/uploads\/sites\/5\/2019\/05\/corsaire3.jpg 640w, https:\/\/www.foretadrenaline.com\/constructeur\/wp-content\/uploads\/sites\/5\/2019\/05\/corsaire3-240x300.jpg 240w\" sizes=\"auto, (max-width: 640px) 100vw, 640px\" \/><figcaption class=\"wp-element-caption\">Structure artificielle<\/figcaption><\/figure>\n\n\n\n<figure class=\"wp-block-image size-large\"><img loading=\"lazy\" decoding=\"async\" width=\"1024\" height=\"613\" data-id=\"261\" src=\"https:\/\/www.foretadrenaline.com\/constructeur\/wp-content\/uploads\/sites\/5\/2019\/05\/parc-aventure-australie2-1024x613.jpg\" alt=\"\" class=\"wp-image-261\" srcset=\"https:\/\/www.foretadrenaline.com\/constructeur\/wp-content\/uploads\/sites\/5\/2019\/05\/parc-aventure-australie2.jpg 1024w, https:\/\/www.foretadrenaline.com\/constructeur\/wp-content\/uploads\/sites\/5\/2019\/05\/parc-aventure-australie2-300x180.jpg 300w, https:\/\/www.foretadrenaline.com\/constructeur\/wp-content\/uploads\/sites\/5\/2019\/05\/parc-aventure-australie2-768x460.jpg 768w\" sizes=\"auto, (max-width: 1024px) 100vw, 1024px\" \/><figcaption class=\"wp-element-caption\">Sydney Zoo<\/figcaption><\/figure>\n\n\n\n<figure class=\"wp-block-image size-large\"><img loading=\"lazy\" decoding=\"async\" width=\"1024\" height=\"769\" data-id=\"478\" src=\"https:\/\/www.foretadrenaline.com\/constructeur\/wp-content\/uploads\/sites\/5\/2019\/05\/cabane6-2-1024x769.jpg\" alt=\"\" class=\"wp-image-478\" srcset=\"https:\/\/www.foretadrenaline.com\/constructeur\/wp-content\/uploads\/sites\/5\/2019\/05\/cabane6-2.jpg 1024w, https:\/\/www.foretadrenaline.com\/constructeur\/wp-content\/uploads\/sites\/5\/2019\/05\/cabane6-2-300x225.jpg 300w, https:\/\/www.foretadrenaline.com\/constructeur\/wp-content\/uploads\/sites\/5\/2019\/05\/cabane6-2-768x577.jpg 768w\" sizes=\"auto, (max-width: 1024px) 100vw, 1024px\" \/><figcaption class=\"wp-element-caption\">Treehouse<\/figcaption><\/figure>\n\n\n\n<figure class=\"wp-block-image size-large\"><img loading=\"lazy\" decoding=\"async\" width=\"1024\" height=\"685\" data-id=\"421\" src=\"https:\/\/www.foretadrenaline.com\/constructeur\/wp-content\/uploads\/sites\/5\/2019\/05\/ECP_0049-1-1024x685.jpg\" alt=\"\" class=\"wp-image-421\" srcset=\"https:\/\/www.foretadrenaline.com\/constructeur\/wp-content\/uploads\/sites\/5\/2019\/05\/ECP_0049-1-1024x685.jpg 1024w, https:\/\/www.foretadrenaline.com\/constructeur\/wp-content\/uploads\/sites\/5\/2019\/05\/ECP_0049-1-300x201.jpg 300w, https:\/\/www.foretadrenaline.com\/constructeur\/wp-content\/uploads\/sites\/5\/2019\/05\/ECP_0049-1-768x514.jpg 768w, https:\/\/www.foretadrenaline.com\/constructeur\/wp-content\/uploads\/sites\/5\/2019\/05\/ECP_0049-1.jpg 1200w\" sizes=\"auto, (max-width: 1024px) 100vw, 1024px\" \/><figcaption class=\"wp-element-caption\">Tramp\u00d4forest\u00ae<\/figcaption><\/figure>\n<\/figure>\n\n\n\n<h2 class=\"wp-block-heading\">Our strengths<\/h2>\n\n\n\n<ul class=\"wp-block-list\">\n<li>Innovation<\/li>\n\n\n\n<li>Wide range of products and materials<\/li>\n\n\n\n<li>Customer satisfaction at the heart of our priorities<\/li>\n\n\n\n<li>Enhanced safety<\/li>\n\n\n\n<li>Quality\/price ratio \u2013 profitability<\/li>\n\n\n\n<li>Support \/ Guidance \/ Advice \/ Listening<\/li>\n\n\n\n<li>Environmental respect<\/li>\n\n\n\n<li>Durable materials \/ low maintenance<\/li>\n\n\n\n<li>Optimal project management and on-time construction delivery<\/li>\n<\/ul>\n\n\n\n<h2 class=\"wp-block-heading\">Your project \/ future attraction :<\/h2>\n\n\n\n<ul class=\"wp-block-list\">\n<li>Innovative<\/li>\n\n\n\n<li>Profitable<\/li>\n\n\n\n<li>Unique<\/li>\n\n\n\n<li>Fun<\/li>\n\n\n\n<li>Attractive<\/li>\n\n\n\n<li>Family-friendly<\/li>\n\n\n\n<li>Safe<\/li>\n<\/ul>\n\n\n\n<div class=\"wp-block-buttons is-content-justification-center is-layout-flex wp-container-core-buttons-is-layout-16018d1d wp-block-buttons-is-layout-flex\">\n<div class=\"wp-block-button\"><a class=\"wp-block-button__link has-main-color has-second-background-color has-text-color has-background has-link-color wp-element-button\" href=\"https:\/\/www.foretadrenaline.com\/constructeur\/wp-content\/uploads\/sites\/5\/2025\/02\/Plaquette-TrampOforest%C2%AE-2025.pdf\" target=\"_blank\" rel=\"noreferrer noopener\">Presentation of our Tramp\u00d4forest\u00ae nets<\/a><\/div>\n\n\n\n<div class=\"wp-block-button\"><a class=\"wp-block-button__link has-main-color has-second-background-color has-text-color has-background has-link-color wp-element-button\" href=\"https:\/\/www.foretadrenaline.com\/constructeur\/wp-content\/uploads\/sites\/5\/2025\/01\/Book.pdf\" target=\"_blank\" rel=\"noreferrer noopener\">Explore our creations<\/a><\/div>\n\n\n\n<div class=\"wp-block-button\"><a class=\"wp-block-button__link has-main-color has-second-background-color has-text-color has-background has-link-color wp-element-button\" href=\"https:\/\/www.foretadrenaline.com\/constructeur\/wp-content\/uploads\/sites\/5\/2025\/01\/Catalogue.pdf\" target=\"_blank\" rel=\"noreferrer noopener\">Discover our installations, signage, games and more<\/a><\/div>\n<\/div>\n","protected":false},"excerpt":{"rendered":"<p>Builder and operator for over 20 years Based in Brittany for more than 20 years, we operate several adventure parks in Carnac, Rennes and Saint-P\u00e8re near Saint-Malo. We are also builders specialized in Tramp\u00d4forest\u00ae net courses, first developed in our own parks and now installed in campsites, zoos and leisure parks. This dual expertise allows&hellip;<\/p>\n","protected":false},"author":2,"featured_media":1437,"parent":0,"menu_order":0,"comment_status":"closed","ping_status":"closed","template":"","meta":{"_acf_changed":false,"footnotes":""},"class_list":["post-3333","page","type-page","status-publish","has-post-thumbnail","hentry"],"acf":[],"yoast_head":"<!-- This site is optimized with the Yoast SEO plugin v27.3 - https:\/\/yoast.com\/product\/yoast-seo-wordpress\/ -->\n<title>Why choose us ? - For\u00eat Adr\u00e9naline - Constructeur<\/title>\n<meta name=\"description\" content=\"Why choose us? With 20 years of expertise, For\u00eat Adr\u00e9naline builds and operates adventure parks with innovation, safety and client focus.\" \/>\n<meta name=\"robots\" content=\"index, follow, max-snippet:-1, max-image-preview:large, max-video-preview:-1\" \/>\n<link rel=\"canonical\" href=\"https:\/\/www.foretadrenaline.com\/constructeur\/en\/why-choose-us-2\/\" \/>\n<meta property=\"og:locale\" content=\"en_US\" \/>\n<meta property=\"og:type\" content=\"article\" \/>\n<meta property=\"og:title\" content=\"Why choose us ? - For\u00eat Adr\u00e9naline - Constructeur\" \/>\n<meta property=\"og:description\" content=\"Why choose us? With 20 years of expertise, For\u00eat Adr\u00e9naline builds and operates adventure parks with innovation, safety and client focus.\" \/>\n<meta property=\"og:url\" content=\"https:\/\/www.foretadrenaline.com\/constructeur\/en\/why-choose-us-2\/\" \/>\n<meta property=\"og:site_name\" content=\"For\u00eat Adr\u00e9naline - Constructeur\" \/>\n<meta property=\"article:modified_time\" content=\"2025-09-19T11:36:05+00:00\" \/>\n<meta property=\"og:image\" content=\"https:\/\/www.foretadrenaline.com\/constructeur\/wp-content\/uploads\/sites\/5\/2021\/03\/Corsaire-Aventure-piscine-a-boules-@Sparaw--scaled.jpg\" \/>\n\t<meta property=\"og:image:width\" content=\"2048\" \/>\n\t<meta property=\"og:image:height\" content=\"1365\" \/>\n\t<meta property=\"og:image:type\" content=\"image\/jpeg\" \/>\n<meta name=\"twitter:card\" content=\"summary_large_image\" \/>\n<meta name=\"twitter:label1\" content=\"Est. reading time\" \/>\n\t<meta name=\"twitter:data1\" content=\"3 minutes\" \/>\n<script type=\"application\/ld+json\" class=\"yoast-schema-graph\">{\"@context\":\"https:\\\/\\\/schema.org\",\"@graph\":[{\"@type\":\"WebPage\",\"@id\":\"https:\\\/\\\/www.foretadrenaline.com\\\/constructeur\\\/en\\\/why-choose-us-2\\\/\",\"url\":\"https:\\\/\\\/www.foretadrenaline.com\\\/constructeur\\\/en\\\/why-choose-us-2\\\/\",\"name\":\"Why choose us ? - For\u00eat Adr\u00e9naline - Constructeur\",\"isPartOf\":{\"@id\":\"https:\\\/\\\/www.foretadrenaline.com\\\/constructeur\\\/en\\\/#website\"},\"primaryImageOfPage\":{\"@id\":\"https:\\\/\\\/www.foretadrenaline.com\\\/constructeur\\\/en\\\/why-choose-us-2\\\/#primaryimage\"},\"image\":{\"@id\":\"https:\\\/\\\/www.foretadrenaline.com\\\/constructeur\\\/en\\\/why-choose-us-2\\\/#primaryimage\"},\"thumbnailUrl\":\"https:\\\/\\\/www.foretadrenaline.com\\\/constructeur\\\/wp-content\\\/uploads\\\/sites\\\/5\\\/2021\\\/03\\\/Corsaire-Aventure-piscine-a-boules-@Sparaw--scaled.jpg\",\"datePublished\":\"2025-09-19T11:36:04+00:00\",\"dateModified\":\"2025-09-19T11:36:05+00:00\",\"description\":\"Why choose us? With 20 years of expertise, For\u00eat Adr\u00e9naline builds and operates adventure parks with innovation, safety and client focus.\",\"breadcrumb\":{\"@id\":\"https:\\\/\\\/www.foretadrenaline.com\\\/constructeur\\\/en\\\/why-choose-us-2\\\/#breadcrumb\"},\"inLanguage\":\"en-US\",\"potentialAction\":[{\"@type\":\"ReadAction\",\"target\":[\"https:\\\/\\\/www.foretadrenaline.com\\\/constructeur\\\/en\\\/why-choose-us-2\\\/\"]}]},{\"@type\":\"ImageObject\",\"inLanguage\":\"en-US\",\"@id\":\"https:\\\/\\\/www.foretadrenaline.com\\\/constructeur\\\/en\\\/why-choose-us-2\\\/#primaryimage\",\"url\":\"https:\\\/\\\/www.foretadrenaline.com\\\/constructeur\\\/wp-content\\\/uploads\\\/sites\\\/5\\\/2021\\\/03\\\/Corsaire-Aventure-piscine-a-boules-@Sparaw--scaled.jpg\",\"contentUrl\":\"https:\\\/\\\/www.foretadrenaline.com\\\/constructeur\\\/wp-content\\\/uploads\\\/sites\\\/5\\\/2021\\\/03\\\/Corsaire-Aventure-piscine-a-boules-@Sparaw--scaled.jpg\",\"width\":2048,\"height\":1365},{\"@type\":\"BreadcrumbList\",\"@id\":\"https:\\\/\\\/www.foretadrenaline.com\\\/constructeur\\\/en\\\/why-choose-us-2\\\/#breadcrumb\",\"itemListElement\":[{\"@type\":\"ListItem\",\"position\":1,\"name\":\"Accueil\",\"item\":\"https:\\\/\\\/www.foretadrenaline.com\\\/constructeur\\\/en\\\/\"},{\"@type\":\"ListItem\",\"position\":2,\"name\":\"Why choose us ?\"}]},{\"@type\":\"WebSite\",\"@id\":\"https:\\\/\\\/www.foretadrenaline.com\\\/constructeur\\\/en\\\/#website\",\"url\":\"https:\\\/\\\/www.foretadrenaline.com\\\/constructeur\\\/en\\\/\",\"name\":\"For\u00eat Adr\u00e9naline - Constructeur\",\"description\":\"Just another For\u00eat Adr\u00e9naline site\",\"potentialAction\":[{\"@type\":\"SearchAction\",\"target\":{\"@type\":\"EntryPoint\",\"urlTemplate\":\"https:\\\/\\\/www.foretadrenaline.com\\\/constructeur\\\/en\\\/?s={search_term_string}\"},\"query-input\":{\"@type\":\"PropertyValueSpecification\",\"valueRequired\":true,\"valueName\":\"search_term_string\"}}],\"inLanguage\":\"en-US\"}]}<\/script>\n<!-- \/ Yoast SEO plugin. -->","yoast_head_json":{"title":"Why choose us ? - For\u00eat Adr\u00e9naline - Constructeur","description":"Why choose us? With 20 years of expertise, For\u00eat Adr\u00e9naline builds and operates adventure parks with innovation, safety and client focus.","robots":{"index":"index","follow":"follow","max-snippet":"max-snippet:-1","max-image-preview":"max-image-preview:large","max-video-preview":"max-video-preview:-1"},"canonical":"https:\/\/www.foretadrenaline.com\/constructeur\/en\/why-choose-us-2\/","og_locale":"en_US","og_type":"article","og_title":"Why choose us ? - For\u00eat Adr\u00e9naline - Constructeur","og_description":"Why choose us? With 20 years of expertise, For\u00eat Adr\u00e9naline builds and operates adventure parks with innovation, safety and client focus.","og_url":"https:\/\/www.foretadrenaline.com\/constructeur\/en\/why-choose-us-2\/","og_site_name":"For\u00eat Adr\u00e9naline - Constructeur","article_modified_time":"2025-09-19T11:36:05+00:00","og_image":[{"width":2048,"height":1365,"url":"https:\/\/www.foretadrenaline.com\/constructeur\/wp-content\/uploads\/sites\/5\/2021\/03\/Corsaire-Aventure-piscine-a-boules-@Sparaw--scaled.jpg","type":"image\/jpeg"}],"twitter_card":"summary_large_image","twitter_misc":{"Est. reading time":"3 minutes"},"schema":{"@context":"https:\/\/schema.org","@graph":[{"@type":"WebPage","@id":"https:\/\/www.foretadrenaline.com\/constructeur\/en\/why-choose-us-2\/","url":"https:\/\/www.foretadrenaline.com\/constructeur\/en\/why-choose-us-2\/","name":"Why choose us ? - For\u00eat Adr\u00e9naline - Constructeur","isPartOf":{"@id":"https:\/\/www.foretadrenaline.com\/constructeur\/en\/#website"},"primaryImageOfPage":{"@id":"https:\/\/www.foretadrenaline.com\/constructeur\/en\/why-choose-us-2\/#primaryimage"},"image":{"@id":"https:\/\/www.foretadrenaline.com\/constructeur\/en\/why-choose-us-2\/#primaryimage"},"thumbnailUrl":"https:\/\/www.foretadrenaline.com\/constructeur\/wp-content\/uploads\/sites\/5\/2021\/03\/Corsaire-Aventure-piscine-a-boules-@Sparaw--scaled.jpg","datePublished":"2025-09-19T11:36:04+00:00","dateModified":"2025-09-19T11:36:05+00:00","description":"Why choose us? With 20 years of expertise, For\u00eat Adr\u00e9naline builds and operates adventure parks with innovation, safety and client focus.","breadcrumb":{"@id":"https:\/\/www.foretadrenaline.com\/constructeur\/en\/why-choose-us-2\/#breadcrumb"},"inLanguage":"en-US","potentialAction":[{"@type":"ReadAction","target":["https:\/\/www.foretadrenaline.com\/constructeur\/en\/why-choose-us-2\/"]}]},{"@type":"ImageObject","inLanguage":"en-US","@id":"https:\/\/www.foretadrenaline.com\/constructeur\/en\/why-choose-us-2\/#primaryimage","url":"https:\/\/www.foretadrenaline.com\/constructeur\/wp-content\/uploads\/sites\/5\/2021\/03\/Corsaire-Aventure-piscine-a-boules-@Sparaw--scaled.jpg","contentUrl":"https:\/\/www.foretadrenaline.com\/constructeur\/wp-content\/uploads\/sites\/5\/2021\/03\/Corsaire-Aventure-piscine-a-boules-@Sparaw--scaled.jpg","width":2048,"height":1365},{"@type":"BreadcrumbList","@id":"https:\/\/www.foretadrenaline.com\/constructeur\/en\/why-choose-us-2\/#breadcrumb","itemListElement":[{"@type":"ListItem","position":1,"name":"Accueil","item":"https:\/\/www.foretadrenaline.com\/constructeur\/en\/"},{"@type":"ListItem","position":2,"name":"Why choose us ?"}]},{"@type":"WebSite","@id":"https:\/\/www.foretadrenaline.com\/constructeur\/en\/#website","url":"https:\/\/www.foretadrenaline.com\/constructeur\/en\/","name":"For\u00eat Adr\u00e9naline - Constructeur","description":"Just another For\u00eat Adr\u00e9naline site","potentialAction":[{"@type":"SearchAction","target":{"@type":"EntryPoint","urlTemplate":"https:\/\/www.foretadrenaline.com\/constructeur\/en\/?s={search_term_string}"},"query-input":{"@type":"PropertyValueSpecification","valueRequired":true,"valueName":"search_term_string"}}],"inLanguage":"en-US"}]}},"_links":{"self":[{"href":"https:\/\/www.foretadrenaline.com\/constructeur\/en\/wp-json\/wp\/v2\/pages\/3333","targetHints":{"allow":["GET"]}}],"collection":[{"href":"https:\/\/www.foretadrenaline.com\/constructeur\/en\/wp-json\/wp\/v2\/pages"}],"about":[{"href":"https:\/\/www.foretadrenaline.com\/constructeur\/en\/wp-json\/wp\/v2\/types\/page"}],"author":[{"embeddable":true,"href":"https:\/\/www.foretadrenaline.com\/constructeur\/en\/wp-json\/wp\/v2\/users\/2"}],"replies":[{"embeddable":true,"href":"https:\/\/www.foretadrenaline.com\/constructeur\/en\/wp-json\/wp\/v2\/comments?post=3333"}],"version-history":[{"count":1,"href":"https:\/\/www.foretadrenaline.com\/constructeur\/en\/wp-json\/wp\/v2\/pages\/3333\/revisions"}],"predecessor-version":[{"id":3335,"href":"https:\/\/www.foretadrenaline.com\/constructeur\/en\/wp-json\/wp\/v2\/pages\/3333\/revisions\/3335"}],"wp:featuredmedia":[{"embeddable":true,"href":"https:\/\/www.foretadrenaline.com\/constructeur\/en\/wp-json\/wp\/v2\/media\/1437"}],"wp:attachment":[{"href":"https:\/\/www.foretadrenaline.com\/constructeur\/en\/wp-json\/wp\/v2\/media?parent=3333"}],"curies":[{"name":"wp","href":"https:\/\/api.w.org\/{rel}","templated":true}]}}