{"id":3336,"date":"2025-09-19T11:43:58","date_gmt":"2025-09-19T11:43:58","guid":{"rendered":"https:\/\/www.foretadrenaline.com\/constructeur\/?page_id=3336"},"modified":"2025-09-19T11:43:59","modified_gmt":"2025-09-19T11:43:59","slug":"our-environmental-approach","status":"publish","type":"page","link":"https:\/\/www.foretadrenaline.com\/constructeur\/en\/our-environmental-approach\/","title":{"rendered":"Our environmental approach"},"content":{"rendered":"\n<h2 class=\"wp-block-heading has-text-align-center\">Our commitment<\/h2>\n\n\n\n<p>As an adventure park themed around biodiversity and sustainable development, For\u00eat Adr\u00e9naline is committed to protecting the environment. In 2005, we created the Aventure M.E.N.E.C association (House of Energy, Nature and Environment of Carnac) with the aim of :<\/p>\n\n\n\n<ul class=\"wp-block-list\">\n<li>Minimizing the environmental impact of park activities while maintaining high-quality services<\/li>\n\n\n\n<li>Promoting eco-citizenship among visitors through awareness initiatives<\/li>\n<\/ul>\n\n\n\n<h2 class=\"wp-block-heading has-text-align-center\">Our facilities: offices, workshops and reception building<\/h2>\n\n\n\n<ul class=\"wp-block-list\">\n<li>High environmental quality wooden-frame building, fully dismantlable<\/li>\n\n\n\n<li>Eco-friendly materials widely used: wood wool, cellulose wadding, untreated wood \u2014 all recyclable, reusable and natural<\/li>\n\n\n\n<li>Dry toilets and composting of solid by-products<\/li>\n\n\n\n<li>Rainwater harvesting<\/li>\n\n\n\n<li>Recycling bins<\/li>\n\n\n\n<li>Low-energy light bulbs<\/li>\n\n\n\n<li>Wood heating<\/li>\n\n\n\n<li>Local and short supply chain purchasing policy<\/li>\n\n\n\n<li>Composting center for our green waste<\/li>\n<\/ul>\n\n\n\n<h2 class=\"wp-block-heading has-text-align-center\">Our consumption practices<\/h2>\n\n\n\n<ul class=\"wp-block-list\">\n<li>We reuse paper (scrap use) and prioritize recycled paper.<\/li>\n\n\n\n<li>We limit paper printing and favor sending documents electronically.<\/li>\n<\/ul>\n\n\n\n<h2 class=\"wp-block-heading has-text-align-center\">Our travel<\/h2>\n\n\n\n<ul class=\"wp-block-list\">\n<li>We encourage carpooling and phone meetings instead of in-person meetings.<\/li>\n\n\n\n<li>We use electric vehicles for certain trips.<\/li>\n<\/ul>\n\n\n\n<h2 class=\"wp-block-heading has-text-align-center\">Our construction methods<\/h2>\n\n\n\n<ul class=\"wp-block-list\">\n<li>Use of untreated natural wood<\/li>\n\n\n\n<li>Optimization of travel<\/li>\n\n\n\n<li>Local suppliers close to construction sites<\/li>\n\n\n\n<li>Material recycling<\/li>\n\n\n\n<li>Wooden petal platforms (designed and developed by For\u00eat Adr\u00e9naline) that respect trees. They are strapped around trunks with ratchet straps, avoiding tightening and allowing the tree to grow freely<\/li>\n<\/ul>\n\n\n\n<h2 class=\"wp-block-heading has-text-align-center\">Awareness within the parks<\/h2>\n\n\n\n<ul class=\"wp-block-list\">\n<li>Yann Arthus Bertrand\u201d exhibition by Goodplanet, covering a wide range of forest-related themes<\/li>\n\n\n\n<li>Vol\u00e9e de Piafs\u201d exhibition on wildlife and flora<\/li>\n\n\n\n<li>Awareness on waste management through recycling bins with clear logos and compactors<\/li>\n\n\n\n<li>Educational trails on the theme of sustainable development<\/li>\n\n\n\n<li>Discounts for visitors coming to the park by bike<\/li>\n<\/ul>\n\n\n\n<p class=\"has-text-align-center\"><em><strong>A small gesture can change everything !<\/strong><\/em><\/p>\n\n\n\n<figure class=\"wp-block-gallery has-nested-images columns-default is-cropped wp-block-gallery-1 is-layout-flex wp-block-gallery-is-layout-flex\">\n<figure class=\"wp-block-image size-large\"><img loading=\"lazy\" decoding=\"async\" width=\"1024\" height=\"768\" data-id=\"289\" src=\"https:\/\/www.foretadrenaline.com\/constructeur\/wp-content\/uploads\/sites\/5\/2019\/05\/accueil-1024x768.jpg\" alt=\"\" class=\"wp-image-289\" srcset=\"https:\/\/www.foretadrenaline.com\/constructeur\/wp-content\/uploads\/sites\/5\/2019\/05\/accueil.jpg 1024w, https:\/\/www.foretadrenaline.com\/constructeur\/wp-content\/uploads\/sites\/5\/2019\/05\/accueil-300x225.jpg 300w, https:\/\/www.foretadrenaline.com\/constructeur\/wp-content\/uploads\/sites\/5\/2019\/05\/accueil-768x576.jpg 768w\" sizes=\"auto, (max-width: 1024px) 100vw, 1024px\" \/><\/figure>\n<\/figure>\n\n\n\n<p><\/p>\n","protected":false},"excerpt":{"rendered":"<p>Our commitment As an adventure park themed around biodiversity and sustainable development, For\u00eat Adr\u00e9naline is committed to protecting the environment. In 2005, we created the Aventure M.E.N.E.C association (House of Energy, Nature and Environment of Carnac) with the aim of : Our facilities: offices, workshops and reception building Our consumption practices Our travel Our construction&hellip;<\/p>\n","protected":false},"author":2,"featured_media":3065,"parent":0,"menu_order":0,"comment_status":"closed","ping_status":"closed","template":"","meta":{"_acf_changed":false,"footnotes":""},"class_list":["post-3336","page","type-page","status-publish","has-post-thumbnail","hentry"],"acf":[],"yoast_head":"<!-- This site is optimized with the Yoast SEO plugin v27.3 - https:\/\/yoast.com\/product\/yoast-seo-wordpress\/ -->\n<title>Our environmental approach - For\u00eat Adr\u00e9naline - Constructeur<\/title>\n<meta name=\"description\" content=\"Our environmental approach promotes sustainability with eco-friendly materials, waste reduction, renewable energy and visitor awareness.\" \/>\n<meta name=\"robots\" content=\"index, follow, max-snippet:-1, max-image-preview:large, max-video-preview:-1\" \/>\n<link rel=\"canonical\" href=\"https:\/\/www.foretadrenaline.com\/constructeur\/en\/our-environmental-approach\/\" \/>\n<meta property=\"og:locale\" content=\"en_US\" \/>\n<meta property=\"og:type\" content=\"article\" \/>\n<meta property=\"og:title\" content=\"Our environmental approach - For\u00eat Adr\u00e9naline - Constructeur\" \/>\n<meta property=\"og:description\" content=\"Our environmental approach promotes sustainability with eco-friendly materials, waste reduction, renewable energy and visitor awareness.\" \/>\n<meta property=\"og:url\" content=\"https:\/\/www.foretadrenaline.com\/constructeur\/en\/our-environmental-approach\/\" \/>\n<meta property=\"og:site_name\" content=\"For\u00eat Adr\u00e9naline - Constructeur\" \/>\n<meta property=\"article:modified_time\" content=\"2025-09-19T11:43:59+00:00\" \/>\n<meta property=\"og:image\" content=\"https:\/\/www.foretadrenaline.com\/constructeur\/wp-content\/uploads\/sites\/5\/2025\/02\/Foret-Adrenaline_terrase-du-bas_@Lemon-Prod.jpg\" \/>\n\t<meta property=\"og:image:width\" content=\"1200\" \/>\n\t<meta property=\"og:image:height\" content=\"801\" \/>\n\t<meta property=\"og:image:type\" content=\"image\/jpeg\" \/>\n<meta name=\"twitter:card\" content=\"summary_large_image\" \/>\n<meta name=\"twitter:label1\" content=\"Est. reading time\" \/>\n\t<meta name=\"twitter:data1\" content=\"2 minutes\" \/>\n<script type=\"application\/ld+json\" class=\"yoast-schema-graph\">{\"@context\":\"https:\\\/\\\/schema.org\",\"@graph\":[{\"@type\":\"WebPage\",\"@id\":\"https:\\\/\\\/www.foretadrenaline.com\\\/constructeur\\\/en\\\/our-environmental-approach\\\/\",\"url\":\"https:\\\/\\\/www.foretadrenaline.com\\\/constructeur\\\/en\\\/our-environmental-approach\\\/\",\"name\":\"Our environmental approach - For\u00eat Adr\u00e9naline - Constructeur\",\"isPartOf\":{\"@id\":\"https:\\\/\\\/www.foretadrenaline.com\\\/constructeur\\\/en\\\/#website\"},\"primaryImageOfPage\":{\"@id\":\"https:\\\/\\\/www.foretadrenaline.com\\\/constructeur\\\/en\\\/our-environmental-approach\\\/#primaryimage\"},\"image\":{\"@id\":\"https:\\\/\\\/www.foretadrenaline.com\\\/constructeur\\\/en\\\/our-environmental-approach\\\/#primaryimage\"},\"thumbnailUrl\":\"https:\\\/\\\/www.foretadrenaline.com\\\/constructeur\\\/wp-content\\\/uploads\\\/sites\\\/5\\\/2025\\\/02\\\/Foret-Adrenaline_terrase-du-bas_@Lemon-Prod.jpg\",\"datePublished\":\"2025-09-19T11:43:58+00:00\",\"dateModified\":\"2025-09-19T11:43:59+00:00\",\"description\":\"Our environmental approach promotes sustainability with eco-friendly materials, waste reduction, renewable energy and visitor awareness.\",\"breadcrumb\":{\"@id\":\"https:\\\/\\\/www.foretadrenaline.com\\\/constructeur\\\/en\\\/our-environmental-approach\\\/#breadcrumb\"},\"inLanguage\":\"en-US\",\"potentialAction\":[{\"@type\":\"ReadAction\",\"target\":[\"https:\\\/\\\/www.foretadrenaline.com\\\/constructeur\\\/en\\\/our-environmental-approach\\\/\"]}]},{\"@type\":\"ImageObject\",\"inLanguage\":\"en-US\",\"@id\":\"https:\\\/\\\/www.foretadrenaline.com\\\/constructeur\\\/en\\\/our-environmental-approach\\\/#primaryimage\",\"url\":\"https:\\\/\\\/www.foretadrenaline.com\\\/constructeur\\\/wp-content\\\/uploads\\\/sites\\\/5\\\/2025\\\/02\\\/Foret-Adrenaline_terrase-du-bas_@Lemon-Prod.jpg\",\"contentUrl\":\"https:\\\/\\\/www.foretadrenaline.com\\\/constructeur\\\/wp-content\\\/uploads\\\/sites\\\/5\\\/2025\\\/02\\\/Foret-Adrenaline_terrase-du-bas_@Lemon-Prod.jpg\",\"width\":1200,\"height\":801},{\"@type\":\"BreadcrumbList\",\"@id\":\"https:\\\/\\\/www.foretadrenaline.com\\\/constructeur\\\/en\\\/our-environmental-approach\\\/#breadcrumb\",\"itemListElement\":[{\"@type\":\"ListItem\",\"position\":1,\"name\":\"Accueil\",\"item\":\"https:\\\/\\\/www.foretadrenaline.com\\\/constructeur\\\/en\\\/\"},{\"@type\":\"ListItem\",\"position\":2,\"name\":\"Our environmental approach\"}]},{\"@type\":\"WebSite\",\"@id\":\"https:\\\/\\\/www.foretadrenaline.com\\\/constructeur\\\/en\\\/#website\",\"url\":\"https:\\\/\\\/www.foretadrenaline.com\\\/constructeur\\\/en\\\/\",\"name\":\"For\u00eat Adr\u00e9naline - Constructeur\",\"description\":\"Just another For\u00eat Adr\u00e9naline site\",\"potentialAction\":[{\"@type\":\"SearchAction\",\"target\":{\"@type\":\"EntryPoint\",\"urlTemplate\":\"https:\\\/\\\/www.foretadrenaline.com\\\/constructeur\\\/en\\\/?s={search_term_string}\"},\"query-input\":{\"@type\":\"PropertyValueSpecification\",\"valueRequired\":true,\"valueName\":\"search_term_string\"}}],\"inLanguage\":\"en-US\"}]}<\/script>\n<!-- \/ Yoast SEO plugin. -->","yoast_head_json":{"title":"Our environmental approach - For\u00eat Adr\u00e9naline - Constructeur","description":"Our environmental approach promotes sustainability with eco-friendly materials, waste reduction, renewable energy and visitor awareness.","robots":{"index":"index","follow":"follow","max-snippet":"max-snippet:-1","max-image-preview":"max-image-preview:large","max-video-preview":"max-video-preview:-1"},"canonical":"https:\/\/www.foretadrenaline.com\/constructeur\/en\/our-environmental-approach\/","og_locale":"en_US","og_type":"article","og_title":"Our environmental approach - For\u00eat Adr\u00e9naline - Constructeur","og_description":"Our environmental approach promotes sustainability with eco-friendly materials, waste reduction, renewable energy and visitor awareness.","og_url":"https:\/\/www.foretadrenaline.com\/constructeur\/en\/our-environmental-approach\/","og_site_name":"For\u00eat Adr\u00e9naline - Constructeur","article_modified_time":"2025-09-19T11:43:59+00:00","og_image":[{"width":1200,"height":801,"url":"https:\/\/www.foretadrenaline.com\/constructeur\/wp-content\/uploads\/sites\/5\/2025\/02\/Foret-Adrenaline_terrase-du-bas_@Lemon-Prod.jpg","type":"image\/jpeg"}],"twitter_card":"summary_large_image","twitter_misc":{"Est. reading time":"2 minutes"},"schema":{"@context":"https:\/\/schema.org","@graph":[{"@type":"WebPage","@id":"https:\/\/www.foretadrenaline.com\/constructeur\/en\/our-environmental-approach\/","url":"https:\/\/www.foretadrenaline.com\/constructeur\/en\/our-environmental-approach\/","name":"Our environmental approach - For\u00eat Adr\u00e9naline - Constructeur","isPartOf":{"@id":"https:\/\/www.foretadrenaline.com\/constructeur\/en\/#website"},"primaryImageOfPage":{"@id":"https:\/\/www.foretadrenaline.com\/constructeur\/en\/our-environmental-approach\/#primaryimage"},"image":{"@id":"https:\/\/www.foretadrenaline.com\/constructeur\/en\/our-environmental-approach\/#primaryimage"},"thumbnailUrl":"https:\/\/www.foretadrenaline.com\/constructeur\/wp-content\/uploads\/sites\/5\/2025\/02\/Foret-Adrenaline_terrase-du-bas_@Lemon-Prod.jpg","datePublished":"2025-09-19T11:43:58+00:00","dateModified":"2025-09-19T11:43:59+00:00","description":"Our environmental approach promotes sustainability with eco-friendly materials, waste reduction, renewable energy and visitor awareness.","breadcrumb":{"@id":"https:\/\/www.foretadrenaline.com\/constructeur\/en\/our-environmental-approach\/#breadcrumb"},"inLanguage":"en-US","potentialAction":[{"@type":"ReadAction","target":["https:\/\/www.foretadrenaline.com\/constructeur\/en\/our-environmental-approach\/"]}]},{"@type":"ImageObject","inLanguage":"en-US","@id":"https:\/\/www.foretadrenaline.com\/constructeur\/en\/our-environmental-approach\/#primaryimage","url":"https:\/\/www.foretadrenaline.com\/constructeur\/wp-content\/uploads\/sites\/5\/2025\/02\/Foret-Adrenaline_terrase-du-bas_@Lemon-Prod.jpg","contentUrl":"https:\/\/www.foretadrenaline.com\/constructeur\/wp-content\/uploads\/sites\/5\/2025\/02\/Foret-Adrenaline_terrase-du-bas_@Lemon-Prod.jpg","width":1200,"height":801},{"@type":"BreadcrumbList","@id":"https:\/\/www.foretadrenaline.com\/constructeur\/en\/our-environmental-approach\/#breadcrumb","itemListElement":[{"@type":"ListItem","position":1,"name":"Accueil","item":"https:\/\/www.foretadrenaline.com\/constructeur\/en\/"},{"@type":"ListItem","position":2,"name":"Our environmental approach"}]},{"@type":"WebSite","@id":"https:\/\/www.foretadrenaline.com\/constructeur\/en\/#website","url":"https:\/\/www.foretadrenaline.com\/constructeur\/en\/","name":"For\u00eat Adr\u00e9naline - Constructeur","description":"Just another For\u00eat Adr\u00e9naline site","potentialAction":[{"@type":"SearchAction","target":{"@type":"EntryPoint","urlTemplate":"https:\/\/www.foretadrenaline.com\/constructeur\/en\/?s={search_term_string}"},"query-input":{"@type":"PropertyValueSpecification","valueRequired":true,"valueName":"search_term_string"}}],"inLanguage":"en-US"}]}},"_links":{"self":[{"href":"https:\/\/www.foretadrenaline.com\/constructeur\/en\/wp-json\/wp\/v2\/pages\/3336","targetHints":{"allow":["GET"]}}],"collection":[{"href":"https:\/\/www.foretadrenaline.com\/constructeur\/en\/wp-json\/wp\/v2\/pages"}],"about":[{"href":"https:\/\/www.foretadrenaline.com\/constructeur\/en\/wp-json\/wp\/v2\/types\/page"}],"author":[{"embeddable":true,"href":"https:\/\/www.foretadrenaline.com\/constructeur\/en\/wp-json\/wp\/v2\/users\/2"}],"replies":[{"embeddable":true,"href":"https:\/\/www.foretadrenaline.com\/constructeur\/en\/wp-json\/wp\/v2\/comments?post=3336"}],"version-history":[{"count":1,"href":"https:\/\/www.foretadrenaline.com\/constructeur\/en\/wp-json\/wp\/v2\/pages\/3336\/revisions"}],"predecessor-version":[{"id":3337,"href":"https:\/\/www.foretadrenaline.com\/constructeur\/en\/wp-json\/wp\/v2\/pages\/3336\/revisions\/3337"}],"wp:featuredmedia":[{"embeddable":true,"href":"https:\/\/www.foretadrenaline.com\/constructeur\/en\/wp-json\/wp\/v2\/media\/3065"}],"wp:attachment":[{"href":"https:\/\/www.foretadrenaline.com\/constructeur\/en\/wp-json\/wp\/v2\/media?parent=3336"}],"curies":[{"name":"wp","href":"https:\/\/api.w.org\/{rel}","templated":true}]}}