{"id":878,"date":"2019-09-05T13:46:17","date_gmt":"2019-09-05T13:46:17","guid":{"rendered":"https:\/\/www.foretadrenaline.com\/constructeur\/corsaire-aventure\/"},"modified":"2023-07-04T08:35:59","modified_gmt":"2023-07-04T08:35:59","slug":"corsaire-aventure","status":"publish","type":"page","link":"https:\/\/www.foretadrenaline.com\/constructeur\/en\/corsaire-aventure\/","title":{"rendered":"Corsaire Aventure"},"content":{"rendered":"\n<h2 class=\"wp-block-heading\">Discover Corsaire Aventure<\/h2>\n\n\n\n<p>For\u00eat Adr\u00e9naline offers the Corsaire Aventure park, opened in 2018 just minutes from the historic Saint-Malo. Along with enjoying the sights such as the walled city of Saint-Malo with one of the most beautiful beaches in Brittany, your family can come explore our new aerial adventure park at Fort Saint-P\u00e8re, situated only 5 minutes from Saint Malo and 15 minutes from Dinan and Dinard.<\/p>\n\n\n\n<p>The new pirate themed park has 11 climbing courses ranging in height from 1-15 meters, accessible from 4 years old! This park includes the\u00a0Tramp\u00d4forest\u00ae,\u00a0a net course that can be climbed without using a harness.<\/p>\n\n\n\n<p>So have a pirate themed adventure in the spirit of the famous pirates \u201cRakham the Red\u201d and \u201cJack Sparrow\u201d at\u00a0Fort Saint P\u00e8re.<\/p>\n\n\n\n<figure class=\"wp-block-embed is-type-video is-provider-youtube wp-block-embed-youtube wp-embed-aspect-16-9 wp-has-aspect-ratio\"><div class=\"wp-block-embed__wrapper\">\n<div class=\"video-container youtube\" style=\"padding-bottom: 56.2%;\"><iframe loading=\"lazy\" title=\"Les activit\u00e9s Corsaire Aventure - Fort de Saint-P\u00e8re\" width=\"500\" height=\"281\" src=\"https:\/\/www.youtube.com\/embed\/_QhqAzUnqLw?feature=oembed\" frameborder=\"0\" allow=\"accelerometer; autoplay; clipboard-write; encrypted-media; gyroscope; picture-in-picture; web-share\" referrerpolicy=\"strict-origin-when-cross-origin\" allowfullscreen><\/iframe><\/div>\n<\/div><\/figure>\n\n\n\n<h4 class=\"wp-block-heading\">The Corsaire Adventure Park has opened its doors in May 2018!<\/h4>\n\n\n\n<p>Corsair Adventure, a brand new adventure park at Fort Saint-P\u00e8re, located 5 minutes from Saint-Malo and 15 minutes from Dinan and Dinard.<\/p>\n\n\n\n<p>The park has 11 adventure courses from 1 to 15m high, accessible from 4 years old. And also a net course, the Tramp\u00d4forest\u00ae, a new concept of course without harness.<\/p>\n\n\n\n<p>Very close to the town of Saint-Malo, we have chosen to theme the park. The staging is there for all to see: names of courses, reception building, courses on boat masts&#8230; We offer from 90 minutes to 3 hours of activity in company of the Captain and his crew!<\/p>\n\n\n\n<figure class=\"wp-block-embed is-type-video is-provider-youtube wp-block-embed-youtube wp-embed-aspect-16-9 wp-has-aspect-ratio\"><div class=\"wp-block-embed__wrapper\">\n<div class=\"video-container youtube\" style=\"padding-bottom: 56.2%;\"><iframe loading=\"lazy\" title=\"TranpO\u0302forest Corsaire 2019\" width=\"500\" height=\"281\" src=\"https:\/\/www.youtube.com\/embed\/CM6BDVc6X0o?feature=oembed\" frameborder=\"0\" allow=\"accelerometer; autoplay; clipboard-write; encrypted-media; gyroscope; picture-in-picture; web-share\" referrerpolicy=\"strict-origin-when-cross-origin\" allowfullscreen><\/iframe><\/div>\n<\/div><\/figure>\n\n\n\n<div class=\"wp-block-button aligncenter\"><a class=\"wp-block-button__link has-text-color wp-element-button\" href=\"https:\/\/www.foretadrenaline.com\/saint-pere\/en\/\" style=\"color:#312f4d\" target=\"_blank\" rel=\"noreferrer noopener\">Discover Corsaire Aventure<\/a><\/div>\n\n\n\n<p><\/p>\n\n\n\n<figure class=\"wp-block-gallery has-nested-images columns-default is-cropped wp-block-gallery-1 is-layout-flex wp-block-gallery-is-layout-flex\">\n<figure class=\"wp-block-image size-large\"><img loading=\"lazy\" decoding=\"async\" width=\"938\" height=\"930\" data-id=\"2036\" src=\"https:\/\/www.foretadrenaline.com\/constructeur\/wp-content\/uploads\/sites\/5\/2023\/03\/Corsaire7-1.png\" alt=\"corsaire aventure\" class=\"wp-image-2036\" srcset=\"https:\/\/www.foretadrenaline.com\/constructeur\/wp-content\/uploads\/sites\/5\/2023\/03\/Corsaire7-1.png 938w, https:\/\/www.foretadrenaline.com\/constructeur\/wp-content\/uploads\/sites\/5\/2023\/03\/Corsaire7-1-300x297.png 300w, https:\/\/www.foretadrenaline.com\/constructeur\/wp-content\/uploads\/sites\/5\/2023\/03\/Corsaire7-1-150x150.png 150w, https:\/\/www.foretadrenaline.com\/constructeur\/wp-content\/uploads\/sites\/5\/2023\/03\/Corsaire7-1-768x761.png 768w\" sizes=\"auto, (max-width: 938px) 100vw, 938px\" \/><\/figure>\n\n\n\n<figure class=\"wp-block-image size-large\"><img loading=\"lazy\" decoding=\"async\" width=\"682\" height=\"1024\" data-id=\"1429\" src=\"https:\/\/www.foretadrenaline.com\/constructeur\/wp-content\/uploads\/sites\/5\/2021\/03\/4T6A3717-682x1024.jpg\" alt=\"corsaire aventure\" class=\"wp-image-1429\" srcset=\"https:\/\/www.foretadrenaline.com\/constructeur\/wp-content\/uploads\/sites\/5\/2021\/03\/4T6A3717-682x1024.jpg 682w, https:\/\/www.foretadrenaline.com\/constructeur\/wp-content\/uploads\/sites\/5\/2021\/03\/4T6A3717-200x300.jpg 200w, https:\/\/www.foretadrenaline.com\/constructeur\/wp-content\/uploads\/sites\/5\/2021\/03\/4T6A3717-768x1152.jpg 768w, https:\/\/www.foretadrenaline.com\/constructeur\/wp-content\/uploads\/sites\/5\/2021\/03\/4T6A3717-1024x1536.jpg 1024w, https:\/\/www.foretadrenaline.com\/constructeur\/wp-content\/uploads\/sites\/5\/2021\/03\/4T6A3717-scaled.jpg 1365w, https:\/\/www.foretadrenaline.com\/constructeur\/wp-content\/uploads\/sites\/5\/2021\/03\/4T6A3717-1200x1801.jpg 1200w\" sizes=\"auto, (max-width: 682px) 100vw, 682px\" \/><\/figure>\n\n\n\n<figure class=\"wp-block-image size-large\"><img loading=\"lazy\" decoding=\"async\" width=\"1024\" height=\"576\" data-id=\"660\" src=\"https:\/\/www.foretadrenaline.com\/constructeur\/wp-content\/uploads\/sites\/5\/2019\/06\/IMG-37-sur-90-1024x576.jpg\" alt=\"corsaire aventure\" class=\"wp-image-660\" srcset=\"https:\/\/www.foretadrenaline.com\/constructeur\/wp-content\/uploads\/sites\/5\/2019\/06\/IMG-37-sur-90-1024x576.jpg 1024w, https:\/\/www.foretadrenaline.com\/constructeur\/wp-content\/uploads\/sites\/5\/2019\/06\/IMG-37-sur-90-300x169.jpg 300w, https:\/\/www.foretadrenaline.com\/constructeur\/wp-content\/uploads\/sites\/5\/2019\/06\/IMG-37-sur-90-768x432.jpg 768w, https:\/\/www.foretadrenaline.com\/constructeur\/wp-content\/uploads\/sites\/5\/2019\/06\/IMG-37-sur-90-1200x675.jpg 1200w\" sizes=\"auto, (max-width: 1024px) 100vw, 1024px\" \/><\/figure>\n\n\n\n<figure class=\"wp-block-image size-large\"><img loading=\"lazy\" decoding=\"async\" width=\"1024\" height=\"682\" data-id=\"1433\" src=\"https:\/\/www.foretadrenaline.com\/constructeur\/wp-content\/uploads\/sites\/5\/2021\/03\/Accrobranche-43-1024x682.jpg\" alt=\"\" class=\"wp-image-1433\" srcset=\"https:\/\/www.foretadrenaline.com\/constructeur\/wp-content\/uploads\/sites\/5\/2021\/03\/Accrobranche-43-1024x682.jpg 1024w, https:\/\/www.foretadrenaline.com\/constructeur\/wp-content\/uploads\/sites\/5\/2021\/03\/Accrobranche-43-300x200.jpg 300w, https:\/\/www.foretadrenaline.com\/constructeur\/wp-content\/uploads\/sites\/5\/2021\/03\/Accrobranche-43-768x512.jpg 768w, https:\/\/www.foretadrenaline.com\/constructeur\/wp-content\/uploads\/sites\/5\/2021\/03\/Accrobranche-43-1536x1024.jpg 1536w, https:\/\/www.foretadrenaline.com\/constructeur\/wp-content\/uploads\/sites\/5\/2021\/03\/Accrobranche-43-scaled.jpg 2048w, https:\/\/www.foretadrenaline.com\/constructeur\/wp-content\/uploads\/sites\/5\/2021\/03\/Accrobranche-43-1200x800.jpg 1200w\" sizes=\"auto, (max-width: 1024px) 100vw, 1024px\" \/><\/figure>\n\n\n\n<figure class=\"wp-block-image size-large\"><img loading=\"lazy\" decoding=\"async\" width=\"682\" height=\"1024\" data-id=\"1453\" src=\"https:\/\/www.foretadrenaline.com\/constructeur\/wp-content\/uploads\/sites\/5\/2021\/03\/PB6A2301-682x1024.jpg\" alt=\"corsaire aventure\" class=\"wp-image-1453\" srcset=\"https:\/\/www.foretadrenaline.com\/constructeur\/wp-content\/uploads\/sites\/5\/2021\/03\/PB6A2301-682x1024.jpg 682w, https:\/\/www.foretadrenaline.com\/constructeur\/wp-content\/uploads\/sites\/5\/2021\/03\/PB6A2301-200x300.jpg 200w, https:\/\/www.foretadrenaline.com\/constructeur\/wp-content\/uploads\/sites\/5\/2021\/03\/PB6A2301-768x1152.jpg 768w, https:\/\/www.foretadrenaline.com\/constructeur\/wp-content\/uploads\/sites\/5\/2021\/03\/PB6A2301-1024x1536.jpg 1024w, https:\/\/www.foretadrenaline.com\/constructeur\/wp-content\/uploads\/sites\/5\/2021\/03\/PB6A2301-scaled.jpg 1365w, https:\/\/www.foretadrenaline.com\/constructeur\/wp-content\/uploads\/sites\/5\/2021\/03\/PB6A2301-1200x1801.jpg 1200w\" sizes=\"auto, (max-width: 682px) 100vw, 682px\" \/><\/figure>\n\n\n\n<figure class=\"wp-block-image size-large\"><img loading=\"lazy\" decoding=\"async\" width=\"1024\" height=\"685\" data-id=\"399\" src=\"https:\/\/www.foretadrenaline.com\/constructeur\/wp-content\/uploads\/sites\/5\/2019\/05\/CST_0209-1024x685.jpg\" alt=\"\" class=\"wp-image-399\" srcset=\"https:\/\/www.foretadrenaline.com\/constructeur\/wp-content\/uploads\/sites\/5\/2019\/05\/CST_0209-1024x685.jpg 1024w, https:\/\/www.foretadrenaline.com\/constructeur\/wp-content\/uploads\/sites\/5\/2019\/05\/CST_0209-300x201.jpg 300w, https:\/\/www.foretadrenaline.com\/constructeur\/wp-content\/uploads\/sites\/5\/2019\/05\/CST_0209-768x514.jpg 768w, https:\/\/www.foretadrenaline.com\/constructeur\/wp-content\/uploads\/sites\/5\/2019\/05\/CST_0209-1200x803.jpg 1200w, https:\/\/www.foretadrenaline.com\/constructeur\/wp-content\/uploads\/sites\/5\/2019\/05\/CST_0209.jpg 1936w\" sizes=\"auto, (max-width: 1024px) 100vw, 1024px\" \/><\/figure>\n<\/figure>\n","protected":false},"excerpt":{"rendered":"<p>Discover Corsaire Aventure For\u00eat Adr\u00e9naline offers the Corsaire Aventure park, opened in 2018 just minutes from the historic Saint-Malo. Along with enjoying the sights such as the walled city of Saint-Malo with one of the most beautiful beaches in Brittany, your family can come explore our new aerial adventure park at Fort Saint-P\u00e8re, situated only&hellip;<\/p>\n","protected":false},"author":1,"featured_media":1451,"parent":0,"menu_order":0,"comment_status":"closed","ping_status":"closed","template":"","meta":{"_acf_changed":false,"footnotes":""},"class_list":["post-878","page","type-page","status-publish","has-post-thumbnail","hentry"],"acf":[],"yoast_head":"<!-- This site is optimized with the Yoast SEO plugin v27.3 - https:\/\/yoast.com\/product\/yoast-seo-wordpress\/ -->\n<title>Corsaire Aventure - For\u00eat Adr\u00e9naline Constructeur<\/title>\n<meta name=\"description\" content=\"Corsaire Aventure: The new pirate themed park has 11 climbing courses ranging in height from 1-15 meters, accessible from 4 years old!\" \/>\n<meta name=\"robots\" content=\"index, follow, max-snippet:-1, max-image-preview:large, max-video-preview:-1\" \/>\n<link rel=\"canonical\" href=\"https:\/\/www.foretadrenaline.com\/constructeur\/en\/corsaire-aventure\/\" \/>\n<meta property=\"og:locale\" content=\"en_US\" \/>\n<meta property=\"og:type\" content=\"article\" \/>\n<meta property=\"og:title\" content=\"Corsaire Aventure - For\u00eat Adr\u00e9naline Constructeur\" \/>\n<meta property=\"og:description\" content=\"Corsaire Aventure: The new pirate themed park has 11 climbing courses ranging in height from 1-15 meters, accessible from 4 years old!\" \/>\n<meta property=\"og:url\" content=\"https:\/\/www.foretadrenaline.com\/constructeur\/en\/corsaire-aventure\/\" \/>\n<meta property=\"og:site_name\" content=\"For\u00eat Adr\u00e9naline - Constructeur\" \/>\n<meta property=\"article:modified_time\" content=\"2023-07-04T08:35:59+00:00\" \/>\n<meta property=\"og:image\" content=\"https:\/\/www.foretadrenaline.com\/constructeur\/wp-content\/uploads\/sites\/5\/2021\/03\/PB6A2362-scaled.jpg\" \/>\n\t<meta property=\"og:image:width\" content=\"2048\" \/>\n\t<meta property=\"og:image:height\" content=\"1366\" \/>\n\t<meta property=\"og:image:type\" content=\"image\/jpeg\" \/>\n<meta name=\"twitter:card\" content=\"summary_large_image\" \/>\n<meta name=\"twitter:label1\" content=\"Est. reading time\" \/>\n\t<meta name=\"twitter:data1\" content=\"3 minutes\" \/>\n<script type=\"application\/ld+json\" class=\"yoast-schema-graph\">{\"@context\":\"https:\\\/\\\/schema.org\",\"@graph\":[{\"@type\":\"WebPage\",\"@id\":\"https:\\\/\\\/www.foretadrenaline.com\\\/constructeur\\\/en\\\/corsaire-aventure\\\/\",\"url\":\"https:\\\/\\\/www.foretadrenaline.com\\\/constructeur\\\/en\\\/corsaire-aventure\\\/\",\"name\":\"Corsaire Aventure - For\u00eat Adr\u00e9naline Constructeur\",\"isPartOf\":{\"@id\":\"https:\\\/\\\/www.foretadrenaline.com\\\/constructeur\\\/en\\\/#website\"},\"primaryImageOfPage\":{\"@id\":\"https:\\\/\\\/www.foretadrenaline.com\\\/constructeur\\\/en\\\/corsaire-aventure\\\/#primaryimage\"},\"image\":{\"@id\":\"https:\\\/\\\/www.foretadrenaline.com\\\/constructeur\\\/en\\\/corsaire-aventure\\\/#primaryimage\"},\"thumbnailUrl\":\"https:\\\/\\\/www.foretadrenaline.com\\\/constructeur\\\/wp-content\\\/uploads\\\/sites\\\/5\\\/2021\\\/03\\\/PB6A2362-scaled.jpg\",\"datePublished\":\"2019-09-05T13:46:17+00:00\",\"dateModified\":\"2023-07-04T08:35:59+00:00\",\"description\":\"Corsaire Aventure: The new pirate themed park has 11 climbing courses ranging in height from 1-15 meters, accessible from 4 years old!\",\"breadcrumb\":{\"@id\":\"https:\\\/\\\/www.foretadrenaline.com\\\/constructeur\\\/en\\\/corsaire-aventure\\\/#breadcrumb\"},\"inLanguage\":\"en-US\",\"potentialAction\":[{\"@type\":\"ReadAction\",\"target\":[\"https:\\\/\\\/www.foretadrenaline.com\\\/constructeur\\\/en\\\/corsaire-aventure\\\/\"]}]},{\"@type\":\"ImageObject\",\"inLanguage\":\"en-US\",\"@id\":\"https:\\\/\\\/www.foretadrenaline.com\\\/constructeur\\\/en\\\/corsaire-aventure\\\/#primaryimage\",\"url\":\"https:\\\/\\\/www.foretadrenaline.com\\\/constructeur\\\/wp-content\\\/uploads\\\/sites\\\/5\\\/2021\\\/03\\\/PB6A2362-scaled.jpg\",\"contentUrl\":\"https:\\\/\\\/www.foretadrenaline.com\\\/constructeur\\\/wp-content\\\/uploads\\\/sites\\\/5\\\/2021\\\/03\\\/PB6A2362-scaled.jpg\",\"width\":2048,\"height\":1366},{\"@type\":\"BreadcrumbList\",\"@id\":\"https:\\\/\\\/www.foretadrenaline.com\\\/constructeur\\\/en\\\/corsaire-aventure\\\/#breadcrumb\",\"itemListElement\":[{\"@type\":\"ListItem\",\"position\":1,\"name\":\"Accueil\",\"item\":\"https:\\\/\\\/www.foretadrenaline.com\\\/constructeur\\\/en\\\/\"},{\"@type\":\"ListItem\",\"position\":2,\"name\":\"Corsaire Aventure\"}]},{\"@type\":\"WebSite\",\"@id\":\"https:\\\/\\\/www.foretadrenaline.com\\\/constructeur\\\/en\\\/#website\",\"url\":\"https:\\\/\\\/www.foretadrenaline.com\\\/constructeur\\\/en\\\/\",\"name\":\"For\u00eat Adr\u00e9naline - Constructeur\",\"description\":\"Just another For\u00eat Adr\u00e9naline site\",\"potentialAction\":[{\"@type\":\"SearchAction\",\"target\":{\"@type\":\"EntryPoint\",\"urlTemplate\":\"https:\\\/\\\/www.foretadrenaline.com\\\/constructeur\\\/en\\\/?s={search_term_string}\"},\"query-input\":{\"@type\":\"PropertyValueSpecification\",\"valueRequired\":true,\"valueName\":\"search_term_string\"}}],\"inLanguage\":\"en-US\"}]}<\/script>\n<!-- \/ Yoast SEO plugin. -->","yoast_head_json":{"title":"Corsaire Aventure - For\u00eat Adr\u00e9naline Constructeur","description":"Corsaire Aventure: The new pirate themed park has 11 climbing courses ranging in height from 1-15 meters, accessible from 4 years old!","robots":{"index":"index","follow":"follow","max-snippet":"max-snippet:-1","max-image-preview":"max-image-preview:large","max-video-preview":"max-video-preview:-1"},"canonical":"https:\/\/www.foretadrenaline.com\/constructeur\/en\/corsaire-aventure\/","og_locale":"en_US","og_type":"article","og_title":"Corsaire Aventure - For\u00eat Adr\u00e9naline Constructeur","og_description":"Corsaire Aventure: The new pirate themed park has 11 climbing courses ranging in height from 1-15 meters, accessible from 4 years old!","og_url":"https:\/\/www.foretadrenaline.com\/constructeur\/en\/corsaire-aventure\/","og_site_name":"For\u00eat Adr\u00e9naline - Constructeur","article_modified_time":"2023-07-04T08:35:59+00:00","og_image":[{"width":2048,"height":1366,"url":"https:\/\/www.foretadrenaline.com\/constructeur\/wp-content\/uploads\/sites\/5\/2021\/03\/PB6A2362-scaled.jpg","type":"image\/jpeg"}],"twitter_card":"summary_large_image","twitter_misc":{"Est. reading time":"3 minutes"},"schema":{"@context":"https:\/\/schema.org","@graph":[{"@type":"WebPage","@id":"https:\/\/www.foretadrenaline.com\/constructeur\/en\/corsaire-aventure\/","url":"https:\/\/www.foretadrenaline.com\/constructeur\/en\/corsaire-aventure\/","name":"Corsaire Aventure - For\u00eat Adr\u00e9naline Constructeur","isPartOf":{"@id":"https:\/\/www.foretadrenaline.com\/constructeur\/en\/#website"},"primaryImageOfPage":{"@id":"https:\/\/www.foretadrenaline.com\/constructeur\/en\/corsaire-aventure\/#primaryimage"},"image":{"@id":"https:\/\/www.foretadrenaline.com\/constructeur\/en\/corsaire-aventure\/#primaryimage"},"thumbnailUrl":"https:\/\/www.foretadrenaline.com\/constructeur\/wp-content\/uploads\/sites\/5\/2021\/03\/PB6A2362-scaled.jpg","datePublished":"2019-09-05T13:46:17+00:00","dateModified":"2023-07-04T08:35:59+00:00","description":"Corsaire Aventure: The new pirate themed park has 11 climbing courses ranging in height from 1-15 meters, accessible from 4 years old!","breadcrumb":{"@id":"https:\/\/www.foretadrenaline.com\/constructeur\/en\/corsaire-aventure\/#breadcrumb"},"inLanguage":"en-US","potentialAction":[{"@type":"ReadAction","target":["https:\/\/www.foretadrenaline.com\/constructeur\/en\/corsaire-aventure\/"]}]},{"@type":"ImageObject","inLanguage":"en-US","@id":"https:\/\/www.foretadrenaline.com\/constructeur\/en\/corsaire-aventure\/#primaryimage","url":"https:\/\/www.foretadrenaline.com\/constructeur\/wp-content\/uploads\/sites\/5\/2021\/03\/PB6A2362-scaled.jpg","contentUrl":"https:\/\/www.foretadrenaline.com\/constructeur\/wp-content\/uploads\/sites\/5\/2021\/03\/PB6A2362-scaled.jpg","width":2048,"height":1366},{"@type":"BreadcrumbList","@id":"https:\/\/www.foretadrenaline.com\/constructeur\/en\/corsaire-aventure\/#breadcrumb","itemListElement":[{"@type":"ListItem","position":1,"name":"Accueil","item":"https:\/\/www.foretadrenaline.com\/constructeur\/en\/"},{"@type":"ListItem","position":2,"name":"Corsaire Aventure"}]},{"@type":"WebSite","@id":"https:\/\/www.foretadrenaline.com\/constructeur\/en\/#website","url":"https:\/\/www.foretadrenaline.com\/constructeur\/en\/","name":"For\u00eat Adr\u00e9naline - Constructeur","description":"Just another For\u00eat Adr\u00e9naline site","potentialAction":[{"@type":"SearchAction","target":{"@type":"EntryPoint","urlTemplate":"https:\/\/www.foretadrenaline.com\/constructeur\/en\/?s={search_term_string}"},"query-input":{"@type":"PropertyValueSpecification","valueRequired":true,"valueName":"search_term_string"}}],"inLanguage":"en-US"}]}},"_links":{"self":[{"href":"https:\/\/www.foretadrenaline.com\/constructeur\/en\/wp-json\/wp\/v2\/pages\/878","targetHints":{"allow":["GET"]}}],"collection":[{"href":"https:\/\/www.foretadrenaline.com\/constructeur\/en\/wp-json\/wp\/v2\/pages"}],"about":[{"href":"https:\/\/www.foretadrenaline.com\/constructeur\/en\/wp-json\/wp\/v2\/types\/page"}],"author":[{"embeddable":true,"href":"https:\/\/www.foretadrenaline.com\/constructeur\/en\/wp-json\/wp\/v2\/users\/1"}],"replies":[{"embeddable":true,"href":"https:\/\/www.foretadrenaline.com\/constructeur\/en\/wp-json\/wp\/v2\/comments?post=878"}],"version-history":[{"count":11,"href":"https:\/\/www.foretadrenaline.com\/constructeur\/en\/wp-json\/wp\/v2\/pages\/878\/revisions"}],"predecessor-version":[{"id":2500,"href":"https:\/\/www.foretadrenaline.com\/constructeur\/en\/wp-json\/wp\/v2\/pages\/878\/revisions\/2500"}],"wp:featuredmedia":[{"embeddable":true,"href":"https:\/\/www.foretadrenaline.com\/constructeur\/en\/wp-json\/wp\/v2\/media\/1451"}],"wp:attachment":[{"href":"https:\/\/www.foretadrenaline.com\/constructeur\/en\/wp-json\/wp\/v2\/media?parent=878"}],"curies":[{"name":"wp","href":"https:\/\/api.w.org\/{rel}","templated":true}]}}