{"id":890,"date":"2019-09-05T14:01:33","date_gmt":"2019-09-05T14:01:33","guid":{"rendered":"https:\/\/www.foretadrenaline.com\/constructeur\/equipement\/"},"modified":"2023-06-23T10:24:25","modified_gmt":"2023-06-23T10:24:25","slug":"equipment","status":"publish","type":"page","link":"https:\/\/www.foretadrenaline.com\/constructeur\/en\/equipment\/","title":{"rendered":"Equipment"},"content":{"rendered":"\n<h2 class=\"wp-block-heading has-text-align-center\">Material carefully chosen<\/h2>\n\n\n\n<h2 class=\"wp-block-heading\">PPE (Personal Protective Equipment)<\/h2>\n\n\n\n<p><strong>For\u00eat Adr\u00e9naline can provide Personal Protective Equipment (PPE) for your parks activities!<\/strong><br>All carefully chosen from our partner suppliers who are&nbsp;recognised&nbsp;as safety leaders for PAH among which are Petzl,&nbsp;B\u00e9al, Cilao, Vert Voltige, and Coudou etc&#8230; &nbsp;We can therefore provide all the necessary equipment for your park: <\/p>\n\n\n\n<ul class=\"wp-block-list\">\n<li>Harnesses<\/li>\n\n\n\n<li>Lanyards<\/li>\n\n\n\n<li>Carabiners<\/li>\n\n\n\n<li>Helmets<\/li>\n\n\n\n<li>Gloves<\/li>\n\n\n\n<li>Pulleys<\/li>\n\n\n\n<li>First Aid intervention kits<\/li>\n\n\n\n<li>Special Harnesses to work in great heights<\/li>\n<\/ul>\n\n\n\n<figure class=\"wp-block-gallery has-nested-images columns-2 is-cropped columns-3 wp-block-gallery-1 is-layout-flex wp-block-gallery-is-layout-flex\">\n<figure class=\"wp-block-image size-large\"><img loading=\"lazy\" decoding=\"async\" width=\"1024\" height=\"683\" data-id=\"145\" src=\"https:\/\/www.foretadrenaline.com\/constructeur\/wp-content\/uploads\/sites\/5\/2019\/05\/IMG_0349-1024x683.jpg\" alt=\"equipment\" class=\"wp-image-145\" srcset=\"https:\/\/www.foretadrenaline.com\/constructeur\/wp-content\/uploads\/sites\/5\/2019\/05\/IMG_0349-1024x683.jpg 1024w, https:\/\/www.foretadrenaline.com\/constructeur\/wp-content\/uploads\/sites\/5\/2019\/05\/IMG_0349-300x200.jpg 300w, https:\/\/www.foretadrenaline.com\/constructeur\/wp-content\/uploads\/sites\/5\/2019\/05\/IMG_0349-768x512.jpg 768w, https:\/\/www.foretadrenaline.com\/constructeur\/wp-content\/uploads\/sites\/5\/2019\/05\/IMG_0349-1200x800.jpg 1200w\" sizes=\"auto, (max-width: 1024px) 100vw, 1024px\" \/><\/figure>\n\n\n\n<figure class=\"wp-block-image size-large\"><img loading=\"lazy\" decoding=\"async\" width=\"1024\" height=\"683\" data-id=\"169\" src=\"https:\/\/www.foretadrenaline.com\/constructeur\/wp-content\/uploads\/sites\/5\/2019\/05\/baudrier-1024x683.jpg\" alt=\"equipment\" class=\"wp-image-169\" srcset=\"https:\/\/www.foretadrenaline.com\/constructeur\/wp-content\/uploads\/sites\/5\/2019\/05\/baudrier.jpg 1024w, https:\/\/www.foretadrenaline.com\/constructeur\/wp-content\/uploads\/sites\/5\/2019\/05\/baudrier-300x200.jpg 300w, https:\/\/www.foretadrenaline.com\/constructeur\/wp-content\/uploads\/sites\/5\/2019\/05\/baudrier-768x512.jpg 768w\" sizes=\"auto, (max-width: 1024px) 100vw, 1024px\" \/><\/figure>\n\n\n\n<figure class=\"wp-block-image size-large\"><img loading=\"lazy\" decoding=\"async\" width=\"1024\" height=\"683\" data-id=\"171\" src=\"https:\/\/www.foretadrenaline.com\/constructeur\/wp-content\/uploads\/sites\/5\/2019\/05\/crochet-zaza-1024x683.jpg\" alt=\"equipment\" class=\"wp-image-171\" srcset=\"https:\/\/www.foretadrenaline.com\/constructeur\/wp-content\/uploads\/sites\/5\/2019\/05\/crochet-zaza.jpg 1024w, https:\/\/www.foretadrenaline.com\/constructeur\/wp-content\/uploads\/sites\/5\/2019\/05\/crochet-zaza-300x200.jpg 300w, https:\/\/www.foretadrenaline.com\/constructeur\/wp-content\/uploads\/sites\/5\/2019\/05\/crochet-zaza-768x512.jpg 768w\" sizes=\"auto, (max-width: 1024px) 100vw, 1024px\" \/><\/figure>\n\n\n\n<figure class=\"wp-block-image size-large\"><img loading=\"lazy\" decoding=\"async\" width=\"1024\" height=\"687\" data-id=\"319\" src=\"https:\/\/www.foretadrenaline.com\/constructeur\/wp-content\/uploads\/sites\/5\/2019\/05\/For\u00eat-Adr\u00e9naline-Carnac-Pitchoun-1024x687.jpg\" alt=\"equipment\" class=\"wp-image-319\" srcset=\"https:\/\/www.foretadrenaline.com\/constructeur\/wp-content\/uploads\/sites\/5\/2019\/05\/For\u00eat-Adr\u00e9naline-Carnac-Pitchoun-1024x687.jpg 1024w, https:\/\/www.foretadrenaline.com\/constructeur\/wp-content\/uploads\/sites\/5\/2019\/05\/For\u00eat-Adr\u00e9naline-Carnac-Pitchoun-300x201.jpg 300w, https:\/\/www.foretadrenaline.com\/constructeur\/wp-content\/uploads\/sites\/5\/2019\/05\/For\u00eat-Adr\u00e9naline-Carnac-Pitchoun-768x516.jpg 768w, https:\/\/www.foretadrenaline.com\/constructeur\/wp-content\/uploads\/sites\/5\/2019\/05\/For\u00eat-Adr\u00e9naline-Carnac-Pitchoun-1200x806.jpg 1200w\" sizes=\"auto, (max-width: 1024px) 100vw, 1024px\" \/><\/figure>\n<\/figure>\n\n\n\n<h2 class=\"wp-block-heading\">LVC (continuous lifeline system) Material<\/h2>\n\n\n\n<p>We provide continuous lifeline systems manufactured by industry leaders such as: &#8220;Coudou Pro&#8221;, &#8220;Vert Voltige&#8221;, &#8220;Koala Equipment&#8221;. &nbsp;We can sell you the equipment you need and also offer installation of the system.<\/p>\n\n\n\n<figure class=\"wp-block-gallery has-nested-images columns-2 is-cropped columns-3 wp-block-gallery-2 is-layout-flex wp-block-gallery-is-layout-flex\">\n<figure class=\"wp-block-image size-large\"><img loading=\"lazy\" decoding=\"async\" width=\"770\" height=\"550\" data-id=\"465\" src=\"https:\/\/www.foretadrenaline.com\/constructeur\/wp-content\/uploads\/sites\/5\/2019\/05\/Crochet-ACB4-10-2-770x550.jpg\" alt=\"lvc\" class=\"wp-image-465\" srcset=\"https:\/\/www.foretadrenaline.com\/constructeur\/wp-content\/uploads\/sites\/5\/2019\/05\/Crochet-ACB4-10-2-770x550.jpg 770w, https:\/\/www.foretadrenaline.com\/constructeur\/wp-content\/uploads\/sites\/5\/2019\/05\/Crochet-ACB4-10-2-770x550-300x214.jpg 300w, https:\/\/www.foretadrenaline.com\/constructeur\/wp-content\/uploads\/sites\/5\/2019\/05\/Crochet-ACB4-10-2-770x550-768x549.jpg 768w\" sizes=\"auto, (max-width: 770px) 100vw, 770px\" \/><\/figure>\n\n\n\n<figure class=\"wp-block-image size-large\"><img loading=\"lazy\" decoding=\"async\" width=\"350\" height=\"251\" data-id=\"181\" src=\"https:\/\/www.foretadrenaline.com\/constructeur\/wp-content\/uploads\/sites\/5\/2019\/05\/matrice-aluminium.jpg\" alt=\"lvc\" class=\"wp-image-181\" srcset=\"https:\/\/www.foretadrenaline.com\/constructeur\/wp-content\/uploads\/sites\/5\/2019\/05\/matrice-aluminium.jpg 350w, https:\/\/www.foretadrenaline.com\/constructeur\/wp-content\/uploads\/sites\/5\/2019\/05\/matrice-aluminium-300x215.jpg 300w\" sizes=\"auto, (max-width: 350px) 100vw, 350px\" \/><\/figure>\n\n\n\n<figure class=\"wp-block-image size-large\"><img loading=\"lazy\" decoding=\"async\" width=\"1024\" height=\"768\" data-id=\"193\" src=\"https:\/\/www.foretadrenaline.com\/constructeur\/wp-content\/uploads\/sites\/5\/2019\/05\/poulie-1024x768.jpg\" alt=\"lvc\" class=\"wp-image-193\" srcset=\"https:\/\/www.foretadrenaline.com\/constructeur\/wp-content\/uploads\/sites\/5\/2019\/05\/poulie.jpg 1024w, https:\/\/www.foretadrenaline.com\/constructeur\/wp-content\/uploads\/sites\/5\/2019\/05\/poulie-300x225.jpg 300w, https:\/\/www.foretadrenaline.com\/constructeur\/wp-content\/uploads\/sites\/5\/2019\/05\/poulie-768x576.jpg 768w\" sizes=\"auto, (max-width: 1024px) 100vw, 1024px\" \/><\/figure>\n\n\n\n<figure class=\"wp-block-image size-large\"><img loading=\"lazy\" decoding=\"async\" width=\"1024\" height=\"683\" data-id=\"173\" src=\"https:\/\/www.foretadrenaline.com\/constructeur\/wp-content\/uploads\/sites\/5\/2019\/05\/crochet-zaza2-1024x683.jpg\" alt=\"lvc\" class=\"wp-image-173\" srcset=\"https:\/\/www.foretadrenaline.com\/constructeur\/wp-content\/uploads\/sites\/5\/2019\/05\/crochet-zaza2.jpg 1024w, https:\/\/www.foretadrenaline.com\/constructeur\/wp-content\/uploads\/sites\/5\/2019\/05\/crochet-zaza2-300x200.jpg 300w, https:\/\/www.foretadrenaline.com\/constructeur\/wp-content\/uploads\/sites\/5\/2019\/05\/crochet-zaza2-768x512.jpg 768w\" sizes=\"auto, (max-width: 1024px) 100vw, 1024px\" \/><\/figure>\n<\/figure>\n\n\n\n<h2 class=\"wp-block-heading\">Platforms<\/h2>\n\n\n\n<p>Because of our prefabricated system we can install a platform in 15 minutes! This system&nbsp;is versatile and allows you to easily reinstall platforms to be able to build new courses quickly. We have developed a platform system to strap around trees (2 straps are required per platform). We are able to furnish all equipment and offer installation as well.<\/p>\n\n\n\n<p><strong>Price<\/strong>:\n<\/p>\n\n\n\n<ul class=\"wp-block-list\">\n<li>\n<strong>Platform<\/strong>: 55\u20ac each (tax not included \/&nbsp;price reduction if purchased in quantity)<\/li>\n\n\n\n<li>\n<strong>Straps<\/strong>: 25\u20ac the pair (tax not included \/ price reduction if purchased in quantity)<\/li>\n<\/ul>\n\n\n\n<p><strong>The benefits of this system include:<\/strong><\/p>\n\n\n\n<ul class=\"wp-block-list\">\n<li>1, 2 or 3 platforms per tree according to the angle between the courses and the difficulty sought<\/li>\n\n\n\n<li>Possibility of spiral mounting<\/li>\n\n\n\n<li>All natural Douglas fir wood (structure and steps)<\/li>\n\n\n\n<li>Quarter-round milled edges (no sharp edges)<\/li>\n\n\n\n<li>Quick to install <\/li>\n\n\n\n<li>Easy to move, adjust and disassemble<\/li>\n\n\n\n<li>Can be reused on another tree, another site (easy transport)<\/li>\n\n\n\n<li>lasting assembly (stainless steel screws) <\/li>\n\n\n\n<li>Tree friendly system <\/li>\n\n\n\n<li>Aesthetic quality <\/li>\n<\/ul>\n\n\n\n<figure class=\"wp-block-gallery has-nested-images columns-2 is-cropped wp-block-gallery-3 is-layout-flex wp-block-gallery-is-layout-flex\">\n<figure class=\"wp-block-image size-large\"><img loading=\"lazy\" decoding=\"async\" width=\"1024\" height=\"768\" data-id=\"189\" src=\"https:\/\/www.foretadrenaline.com\/constructeur\/wp-content\/uploads\/sites\/5\/2019\/05\/plateforme-p\u00e9tale3-1024x768.jpg\" alt=\"platform\" class=\"wp-image-189\" srcset=\"https:\/\/www.foretadrenaline.com\/constructeur\/wp-content\/uploads\/sites\/5\/2019\/05\/plateforme-p\u00e9tale3.jpg 1024w, https:\/\/www.foretadrenaline.com\/constructeur\/wp-content\/uploads\/sites\/5\/2019\/05\/plateforme-p\u00e9tale3-300x225.jpg 300w, https:\/\/www.foretadrenaline.com\/constructeur\/wp-content\/uploads\/sites\/5\/2019\/05\/plateforme-p\u00e9tale3-768x576.jpg 768w\" sizes=\"auto, (max-width: 1024px) 100vw, 1024px\" \/><\/figure>\n\n\n\n<figure class=\"wp-block-image size-large\"><img loading=\"lazy\" decoding=\"async\" width=\"575\" height=\"1024\" data-id=\"185\" src=\"https:\/\/www.foretadrenaline.com\/constructeur\/wp-content\/uploads\/sites\/5\/2019\/05\/plateforme-p\u00e9tale-575x1024.jpg\" alt=\"platform\" class=\"wp-image-185\" srcset=\"https:\/\/www.foretadrenaline.com\/constructeur\/wp-content\/uploads\/sites\/5\/2019\/05\/plateforme-p\u00e9tale.jpg 575w, https:\/\/www.foretadrenaline.com\/constructeur\/wp-content\/uploads\/sites\/5\/2019\/05\/plateforme-p\u00e9tale-168x300.jpg 168w\" sizes=\"auto, (max-width: 575px) 100vw, 575px\" \/><\/figure>\n<\/figure>\n\n\n\n<div class=\"wp-block-buttons is-content-justification-center is-layout-flex wp-container-core-buttons-is-layout-16018d1d wp-block-buttons-is-layout-flex\">\n<div class=\"wp-block-button\"><a class=\"wp-block-button__link wp-element-button\" href=\"https:\/\/www.foretadrenaline.com\/constructeur\/en\/contact\/\">Contact us<\/a><\/div>\n<\/div>\n","protected":false},"excerpt":{"rendered":"<p>Material carefully chosen PPE (Personal Protective Equipment) For\u00eat Adr\u00e9naline can provide Personal Protective Equipment (PPE) for your parks activities!All carefully chosen from our partner suppliers who are&nbsp;recognised&nbsp;as safety leaders for PAH among which are Petzl,&nbsp;B\u00e9al, Cilao, Vert Voltige, and Coudou etc&#8230; &nbsp;We can therefore provide all the necessary equipment for your park: LVC (continuous lifeline&hellip;<\/p>\n","protected":false},"author":1,"featured_media":586,"parent":0,"menu_order":0,"comment_status":"closed","ping_status":"closed","template":"","meta":{"_acf_changed":false,"footnotes":""},"class_list":["post-890","page","type-page","status-publish","has-post-thumbnail","hentry"],"acf":[],"yoast_head":"<!-- This site is optimized with the Yoast SEO plugin v27.4 - https:\/\/yoast.com\/product\/yoast-seo-wordpress\/ -->\n<title>Equipment - For\u00eat Adr\u00e9naline Constructeur<\/title>\n<meta name=\"description\" content=\"PPE, LVC equipment, platforms, ... For\u00eat Adr\u00e9naline offers you a wide choice of equipment for your courses, customers, operators, ...\" \/>\n<meta name=\"robots\" content=\"index, follow, max-snippet:-1, max-image-preview:large, max-video-preview:-1\" \/>\n<link rel=\"canonical\" href=\"https:\/\/www.foretadrenaline.com\/constructeur\/en\/equipment\/\" \/>\n<meta property=\"og:locale\" content=\"en_US\" \/>\n<meta property=\"og:type\" content=\"article\" \/>\n<meta property=\"og:title\" content=\"Equipment - For\u00eat Adr\u00e9naline Constructeur\" \/>\n<meta property=\"og:description\" content=\"PPE, LVC equipment, platforms, ... For\u00eat Adr\u00e9naline offers you a wide choice of equipment for your courses, customers, operators, ...\" \/>\n<meta property=\"og:url\" content=\"https:\/\/www.foretadrenaline.com\/constructeur\/en\/equipment\/\" \/>\n<meta property=\"og:site_name\" content=\"For\u00eat Adr\u00e9naline - Constructeur\" \/>\n<meta property=\"article:modified_time\" content=\"2023-06-23T10:24:25+00:00\" \/>\n<meta property=\"og:image\" content=\"https:\/\/www.foretadrenaline.com\/constructeur\/wp-content\/uploads\/sites\/5\/2019\/06\/ECP_0058-1024x624.jpg\" \/>\n\t<meta property=\"og:image:width\" content=\"1024\" \/>\n\t<meta property=\"og:image:height\" content=\"624\" \/>\n\t<meta property=\"og:image:type\" content=\"image\/jpeg\" \/>\n<meta name=\"twitter:card\" content=\"summary_large_image\" \/>\n<meta name=\"twitter:label1\" content=\"Est. reading time\" \/>\n\t<meta name=\"twitter:data1\" content=\"4 minutes\" \/>\n<script type=\"application\/ld+json\" class=\"yoast-schema-graph\">{\"@context\":\"https:\\\/\\\/schema.org\",\"@graph\":[{\"@type\":\"WebPage\",\"@id\":\"https:\\\/\\\/www.foretadrenaline.com\\\/constructeur\\\/en\\\/equipment\\\/\",\"url\":\"https:\\\/\\\/www.foretadrenaline.com\\\/constructeur\\\/en\\\/equipment\\\/\",\"name\":\"Equipment - For\u00eat Adr\u00e9naline Constructeur\",\"isPartOf\":{\"@id\":\"https:\\\/\\\/www.foretadrenaline.com\\\/constructeur\\\/en\\\/#website\"},\"primaryImageOfPage\":{\"@id\":\"https:\\\/\\\/www.foretadrenaline.com\\\/constructeur\\\/en\\\/equipment\\\/#primaryimage\"},\"image\":{\"@id\":\"https:\\\/\\\/www.foretadrenaline.com\\\/constructeur\\\/en\\\/equipment\\\/#primaryimage\"},\"thumbnailUrl\":\"https:\\\/\\\/www.foretadrenaline.com\\\/constructeur\\\/wp-content\\\/uploads\\\/sites\\\/5\\\/2019\\\/06\\\/ECP_0058.jpg\",\"datePublished\":\"2019-09-05T14:01:33+00:00\",\"dateModified\":\"2023-06-23T10:24:25+00:00\",\"description\":\"PPE, LVC equipment, platforms, ... For\u00eat Adr\u00e9naline offers you a wide choice of equipment for your courses, customers, operators, ...\",\"breadcrumb\":{\"@id\":\"https:\\\/\\\/www.foretadrenaline.com\\\/constructeur\\\/en\\\/equipment\\\/#breadcrumb\"},\"inLanguage\":\"en-US\",\"potentialAction\":[{\"@type\":\"ReadAction\",\"target\":[\"https:\\\/\\\/www.foretadrenaline.com\\\/constructeur\\\/en\\\/equipment\\\/\"]}]},{\"@type\":\"ImageObject\",\"inLanguage\":\"en-US\",\"@id\":\"https:\\\/\\\/www.foretadrenaline.com\\\/constructeur\\\/en\\\/equipment\\\/#primaryimage\",\"url\":\"https:\\\/\\\/www.foretadrenaline.com\\\/constructeur\\\/wp-content\\\/uploads\\\/sites\\\/5\\\/2019\\\/06\\\/ECP_0058.jpg\",\"contentUrl\":\"https:\\\/\\\/www.foretadrenaline.com\\\/constructeur\\\/wp-content\\\/uploads\\\/sites\\\/5\\\/2019\\\/06\\\/ECP_0058.jpg\",\"width\":2872,\"height\":1751},{\"@type\":\"BreadcrumbList\",\"@id\":\"https:\\\/\\\/www.foretadrenaline.com\\\/constructeur\\\/en\\\/equipment\\\/#breadcrumb\",\"itemListElement\":[{\"@type\":\"ListItem\",\"position\":1,\"name\":\"Accueil\",\"item\":\"https:\\\/\\\/www.foretadrenaline.com\\\/constructeur\\\/en\\\/\"},{\"@type\":\"ListItem\",\"position\":2,\"name\":\"Equipment\"}]},{\"@type\":\"WebSite\",\"@id\":\"https:\\\/\\\/www.foretadrenaline.com\\\/constructeur\\\/en\\\/#website\",\"url\":\"https:\\\/\\\/www.foretadrenaline.com\\\/constructeur\\\/en\\\/\",\"name\":\"For\u00eat Adr\u00e9naline - Constructeur\",\"description\":\"Just another For\u00eat Adr\u00e9naline site\",\"potentialAction\":[{\"@type\":\"SearchAction\",\"target\":{\"@type\":\"EntryPoint\",\"urlTemplate\":\"https:\\\/\\\/www.foretadrenaline.com\\\/constructeur\\\/en\\\/?s={search_term_string}\"},\"query-input\":{\"@type\":\"PropertyValueSpecification\",\"valueRequired\":true,\"valueName\":\"search_term_string\"}}],\"inLanguage\":\"en-US\"}]}<\/script>\n<!-- \/ Yoast SEO plugin. -->","yoast_head_json":{"title":"Equipment - For\u00eat Adr\u00e9naline Constructeur","description":"PPE, LVC equipment, platforms, ... For\u00eat Adr\u00e9naline offers you a wide choice of equipment for your courses, customers, operators, ...","robots":{"index":"index","follow":"follow","max-snippet":"max-snippet:-1","max-image-preview":"max-image-preview:large","max-video-preview":"max-video-preview:-1"},"canonical":"https:\/\/www.foretadrenaline.com\/constructeur\/en\/equipment\/","og_locale":"en_US","og_type":"article","og_title":"Equipment - For\u00eat Adr\u00e9naline Constructeur","og_description":"PPE, LVC equipment, platforms, ... For\u00eat Adr\u00e9naline offers you a wide choice of equipment for your courses, customers, operators, ...","og_url":"https:\/\/www.foretadrenaline.com\/constructeur\/en\/equipment\/","og_site_name":"For\u00eat Adr\u00e9naline - Constructeur","article_modified_time":"2023-06-23T10:24:25+00:00","og_image":[{"width":1024,"height":624,"url":"https:\/\/www.foretadrenaline.com\/constructeur\/wp-content\/uploads\/sites\/5\/2019\/06\/ECP_0058-1024x624.jpg","type":"image\/jpeg"}],"twitter_card":"summary_large_image","twitter_misc":{"Est. reading time":"4 minutes"},"schema":{"@context":"https:\/\/schema.org","@graph":[{"@type":"WebPage","@id":"https:\/\/www.foretadrenaline.com\/constructeur\/en\/equipment\/","url":"https:\/\/www.foretadrenaline.com\/constructeur\/en\/equipment\/","name":"Equipment - For\u00eat Adr\u00e9naline Constructeur","isPartOf":{"@id":"https:\/\/www.foretadrenaline.com\/constructeur\/en\/#website"},"primaryImageOfPage":{"@id":"https:\/\/www.foretadrenaline.com\/constructeur\/en\/equipment\/#primaryimage"},"image":{"@id":"https:\/\/www.foretadrenaline.com\/constructeur\/en\/equipment\/#primaryimage"},"thumbnailUrl":"https:\/\/www.foretadrenaline.com\/constructeur\/wp-content\/uploads\/sites\/5\/2019\/06\/ECP_0058.jpg","datePublished":"2019-09-05T14:01:33+00:00","dateModified":"2023-06-23T10:24:25+00:00","description":"PPE, LVC equipment, platforms, ... For\u00eat Adr\u00e9naline offers you a wide choice of equipment for your courses, customers, operators, ...","breadcrumb":{"@id":"https:\/\/www.foretadrenaline.com\/constructeur\/en\/equipment\/#breadcrumb"},"inLanguage":"en-US","potentialAction":[{"@type":"ReadAction","target":["https:\/\/www.foretadrenaline.com\/constructeur\/en\/equipment\/"]}]},{"@type":"ImageObject","inLanguage":"en-US","@id":"https:\/\/www.foretadrenaline.com\/constructeur\/en\/equipment\/#primaryimage","url":"https:\/\/www.foretadrenaline.com\/constructeur\/wp-content\/uploads\/sites\/5\/2019\/06\/ECP_0058.jpg","contentUrl":"https:\/\/www.foretadrenaline.com\/constructeur\/wp-content\/uploads\/sites\/5\/2019\/06\/ECP_0058.jpg","width":2872,"height":1751},{"@type":"BreadcrumbList","@id":"https:\/\/www.foretadrenaline.com\/constructeur\/en\/equipment\/#breadcrumb","itemListElement":[{"@type":"ListItem","position":1,"name":"Accueil","item":"https:\/\/www.foretadrenaline.com\/constructeur\/en\/"},{"@type":"ListItem","position":2,"name":"Equipment"}]},{"@type":"WebSite","@id":"https:\/\/www.foretadrenaline.com\/constructeur\/en\/#website","url":"https:\/\/www.foretadrenaline.com\/constructeur\/en\/","name":"For\u00eat Adr\u00e9naline - Constructeur","description":"Just another For\u00eat Adr\u00e9naline site","potentialAction":[{"@type":"SearchAction","target":{"@type":"EntryPoint","urlTemplate":"https:\/\/www.foretadrenaline.com\/constructeur\/en\/?s={search_term_string}"},"query-input":{"@type":"PropertyValueSpecification","valueRequired":true,"valueName":"search_term_string"}}],"inLanguage":"en-US"}]}},"_links":{"self":[{"href":"https:\/\/www.foretadrenaline.com\/constructeur\/en\/wp-json\/wp\/v2\/pages\/890","targetHints":{"allow":["GET"]}}],"collection":[{"href":"https:\/\/www.foretadrenaline.com\/constructeur\/en\/wp-json\/wp\/v2\/pages"}],"about":[{"href":"https:\/\/www.foretadrenaline.com\/constructeur\/en\/wp-json\/wp\/v2\/types\/page"}],"author":[{"embeddable":true,"href":"https:\/\/www.foretadrenaline.com\/constructeur\/en\/wp-json\/wp\/v2\/users\/1"}],"replies":[{"embeddable":true,"href":"https:\/\/www.foretadrenaline.com\/constructeur\/en\/wp-json\/wp\/v2\/comments?post=890"}],"version-history":[{"count":17,"href":"https:\/\/www.foretadrenaline.com\/constructeur\/en\/wp-json\/wp\/v2\/pages\/890\/revisions"}],"predecessor-version":[{"id":2414,"href":"https:\/\/www.foretadrenaline.com\/constructeur\/en\/wp-json\/wp\/v2\/pages\/890\/revisions\/2414"}],"wp:featuredmedia":[{"embeddable":true,"href":"https:\/\/www.foretadrenaline.com\/constructeur\/en\/wp-json\/wp\/v2\/media\/586"}],"wp:attachment":[{"href":"https:\/\/www.foretadrenaline.com\/constructeur\/en\/wp-json\/wp\/v2\/media?parent=890"}],"curies":[{"name":"wp","href":"https:\/\/api.w.org\/{rel}","templated":true}]}}