{"id":1407,"date":"2021-03-16T14:27:26","date_gmt":"2021-03-16T14:27:26","guid":{"rendered":"https:\/\/www.foretadrenaline.com\/constructeur\/?page_id=1407"},"modified":"2023-02-23T13:34:29","modified_gmt":"2023-02-23T13:34:29","slug":"plaquette-trampoforest-parcours-filet","status":"publish","type":"page","link":"https:\/\/www.foretadrenaline.com\/constructeur\/plaquette-trampoforest-parcours-filet\/","title":{"rendered":""},"content":{"rendered":"\n<figure class=\"wp-block-image size-large\"><img loading=\"lazy\" decoding=\"async\" width=\"1024\" height=\"724\" src=\"https:\/\/www.foretadrenaline.com\/constructeur\/wp-content\/uploads\/sites\/5\/2021\/03\/essai-5-1-01-1024x724.jpg\" alt=\"\" class=\"wp-image-1373\" srcset=\"https:\/\/www.foretadrenaline.com\/constructeur\/wp-content\/uploads\/sites\/5\/2021\/03\/essai-5-1-01-1024x724.jpg 1024w, https:\/\/www.foretadrenaline.com\/constructeur\/wp-content\/uploads\/sites\/5\/2021\/03\/essai-5-1-01-300x212.jpg 300w, https:\/\/www.foretadrenaline.com\/constructeur\/wp-content\/uploads\/sites\/5\/2021\/03\/essai-5-1-01-768x543.jpg 768w, https:\/\/www.foretadrenaline.com\/constructeur\/wp-content\/uploads\/sites\/5\/2021\/03\/essai-5-1-01-1536x1086.jpg 1536w, https:\/\/www.foretadrenaline.com\/constructeur\/wp-content\/uploads\/sites\/5\/2021\/03\/essai-5-1-01-1200x848.jpg 1200w, https:\/\/www.foretadrenaline.com\/constructeur\/wp-content\/uploads\/sites\/5\/2021\/03\/essai-5-1-01.jpg 1754w\" sizes=\"auto, (max-width: 1024px) 100vw, 1024px\" \/><\/figure>\n\n\n\n<figure class=\"wp-block-image size-large\"><img loading=\"lazy\" decoding=\"async\" width=\"1024\" height=\"724\" src=\"https:\/\/www.foretadrenaline.com\/constructeur\/wp-content\/uploads\/sites\/5\/2021\/03\/essai-5-1-02-1024x724.jpg\" alt=\"\" class=\"wp-image-1375\" srcset=\"https:\/\/www.foretadrenaline.com\/constructeur\/wp-content\/uploads\/sites\/5\/2021\/03\/essai-5-1-02-1024x724.jpg 1024w, https:\/\/www.foretadrenaline.com\/constructeur\/wp-content\/uploads\/sites\/5\/2021\/03\/essai-5-1-02-300x212.jpg 300w, https:\/\/www.foretadrenaline.com\/constructeur\/wp-content\/uploads\/sites\/5\/2021\/03\/essai-5-1-02-768x543.jpg 768w, https:\/\/www.foretadrenaline.com\/constructeur\/wp-content\/uploads\/sites\/5\/2021\/03\/essai-5-1-02-1536x1086.jpg 1536w, https:\/\/www.foretadrenaline.com\/constructeur\/wp-content\/uploads\/sites\/5\/2021\/03\/essai-5-1-02-1200x848.jpg 1200w, https:\/\/www.foretadrenaline.com\/constructeur\/wp-content\/uploads\/sites\/5\/2021\/03\/essai-5-1-02.jpg 1754w\" sizes=\"auto, (max-width: 1024px) 100vw, 1024px\" \/><\/figure>\n\n\n\n<figure class=\"wp-block-image size-large\"><img loading=\"lazy\" decoding=\"async\" width=\"1024\" height=\"724\" src=\"https:\/\/www.foretadrenaline.com\/constructeur\/wp-content\/uploads\/sites\/5\/2021\/03\/essai-5-1-03-1024x724.jpg\" alt=\"\" class=\"wp-image-1377\" srcset=\"https:\/\/www.foretadrenaline.com\/constructeur\/wp-content\/uploads\/sites\/5\/2021\/03\/essai-5-1-03-1024x724.jpg 1024w, https:\/\/www.foretadrenaline.com\/constructeur\/wp-content\/uploads\/sites\/5\/2021\/03\/essai-5-1-03-300x212.jpg 300w, https:\/\/www.foretadrenaline.com\/constructeur\/wp-content\/uploads\/sites\/5\/2021\/03\/essai-5-1-03-768x543.jpg 768w, https:\/\/www.foretadrenaline.com\/constructeur\/wp-content\/uploads\/sites\/5\/2021\/03\/essai-5-1-03-1536x1086.jpg 1536w, https:\/\/www.foretadrenaline.com\/constructeur\/wp-content\/uploads\/sites\/5\/2021\/03\/essai-5-1-03-1200x848.jpg 1200w, https:\/\/www.foretadrenaline.com\/constructeur\/wp-content\/uploads\/sites\/5\/2021\/03\/essai-5-1-03.jpg 1754w\" sizes=\"auto, (max-width: 1024px) 100vw, 1024px\" \/><\/figure>\n\n\n\n<figure class=\"wp-block-image size-large\"><img loading=\"lazy\" decoding=\"async\" width=\"1024\" height=\"724\" src=\"https:\/\/www.foretadrenaline.com\/constructeur\/wp-content\/uploads\/sites\/5\/2021\/03\/essai-5-1-04-1024x724.jpg\" alt=\"\" class=\"wp-image-1379\" srcset=\"https:\/\/www.foretadrenaline.com\/constructeur\/wp-content\/uploads\/sites\/5\/2021\/03\/essai-5-1-04-1024x724.jpg 1024w, https:\/\/www.foretadrenaline.com\/constructeur\/wp-content\/uploads\/sites\/5\/2021\/03\/essai-5-1-04-300x212.jpg 300w, https:\/\/www.foretadrenaline.com\/constructeur\/wp-content\/uploads\/sites\/5\/2021\/03\/essai-5-1-04-768x543.jpg 768w, https:\/\/www.foretadrenaline.com\/constructeur\/wp-content\/uploads\/sites\/5\/2021\/03\/essai-5-1-04-1536x1086.jpg 1536w, https:\/\/www.foretadrenaline.com\/constructeur\/wp-content\/uploads\/sites\/5\/2021\/03\/essai-5-1-04-1200x848.jpg 1200w, https:\/\/www.foretadrenaline.com\/constructeur\/wp-content\/uploads\/sites\/5\/2021\/03\/essai-5-1-04.jpg 1754w\" sizes=\"auto, (max-width: 1024px) 100vw, 1024px\" \/><\/figure>\n\n\n\n<figure class=\"wp-block-image size-large\"><img loading=\"lazy\" decoding=\"async\" width=\"1024\" height=\"724\" src=\"https:\/\/www.foretadrenaline.com\/constructeur\/wp-content\/uploads\/sites\/5\/2021\/03\/essai-5-2-01-1024x724.jpg\" alt=\"\" class=\"wp-image-1389\" srcset=\"https:\/\/www.foretadrenaline.com\/constructeur\/wp-content\/uploads\/sites\/5\/2021\/03\/essai-5-2-01-1024x724.jpg 1024w, https:\/\/www.foretadrenaline.com\/constructeur\/wp-content\/uploads\/sites\/5\/2021\/03\/essai-5-2-01-300x212.jpg 300w, https:\/\/www.foretadrenaline.com\/constructeur\/wp-content\/uploads\/sites\/5\/2021\/03\/essai-5-2-01-768x543.jpg 768w, https:\/\/www.foretadrenaline.com\/constructeur\/wp-content\/uploads\/sites\/5\/2021\/03\/essai-5-2-01-1536x1086.jpg 1536w, https:\/\/www.foretadrenaline.com\/constructeur\/wp-content\/uploads\/sites\/5\/2021\/03\/essai-5-2-01-1200x848.jpg 1200w, https:\/\/www.foretadrenaline.com\/constructeur\/wp-content\/uploads\/sites\/5\/2021\/03\/essai-5-2-01.jpg 1754w\" sizes=\"auto, (max-width: 1024px) 100vw, 1024px\" \/><\/figure>\n\n\n\n<figure class=\"wp-block-image size-large\"><img loading=\"lazy\" decoding=\"async\" width=\"1024\" height=\"724\" src=\"https:\/\/www.foretadrenaline.com\/constructeur\/wp-content\/uploads\/sites\/5\/2021\/03\/essai-5-2-31-1024x724.jpg\" alt=\"\" class=\"wp-image-1403\" srcset=\"https:\/\/www.foretadrenaline.com\/constructeur\/wp-content\/uploads\/sites\/5\/2021\/03\/essai-5-2-31-1024x724.jpg 1024w, https:\/\/www.foretadrenaline.com\/constructeur\/wp-content\/uploads\/sites\/5\/2021\/03\/essai-5-2-31-300x212.jpg 300w, https:\/\/www.foretadrenaline.com\/constructeur\/wp-content\/uploads\/sites\/5\/2021\/03\/essai-5-2-31-768x543.jpg 768w, https:\/\/www.foretadrenaline.com\/constructeur\/wp-content\/uploads\/sites\/5\/2021\/03\/essai-5-2-31-1536x1086.jpg 1536w, https:\/\/www.foretadrenaline.com\/constructeur\/wp-content\/uploads\/sites\/5\/2021\/03\/essai-5-2-31-1200x848.jpg 1200w, https:\/\/www.foretadrenaline.com\/constructeur\/wp-content\/uploads\/sites\/5\/2021\/03\/essai-5-2-31.jpg 1754w\" sizes=\"auto, (max-width: 1024px) 100vw, 1024px\" \/><\/figure>\n\n\n\n<figure class=\"wp-block-image size-large\"><img loading=\"lazy\" decoding=\"async\" width=\"1024\" height=\"724\" src=\"https:\/\/www.foretadrenaline.com\/constructeur\/wp-content\/uploads\/sites\/5\/2021\/03\/essai-5-2-02-1024x724.jpg\" alt=\"parcours filet\" class=\"wp-image-1391\" srcset=\"https:\/\/www.foretadrenaline.com\/constructeur\/wp-content\/uploads\/sites\/5\/2021\/03\/essai-5-2-02-1024x724.jpg 1024w, https:\/\/www.foretadrenaline.com\/constructeur\/wp-content\/uploads\/sites\/5\/2021\/03\/essai-5-2-02-300x212.jpg 300w, https:\/\/www.foretadrenaline.com\/constructeur\/wp-content\/uploads\/sites\/5\/2021\/03\/essai-5-2-02-768x543.jpg 768w, https:\/\/www.foretadrenaline.com\/constructeur\/wp-content\/uploads\/sites\/5\/2021\/03\/essai-5-2-02-1536x1086.jpg 1536w, https:\/\/www.foretadrenaline.com\/constructeur\/wp-content\/uploads\/sites\/5\/2021\/03\/essai-5-2-02-1200x848.jpg 1200w, https:\/\/www.foretadrenaline.com\/constructeur\/wp-content\/uploads\/sites\/5\/2021\/03\/essai-5-2-02.jpg 1754w\" sizes=\"auto, (max-width: 1024px) 100vw, 1024px\" \/><\/figure>\n\n\n\n<figure class=\"wp-block-image size-large\"><img loading=\"lazy\" decoding=\"async\" width=\"1024\" height=\"724\" src=\"https:\/\/www.foretadrenaline.com\/constructeur\/wp-content\/uploads\/sites\/5\/2021\/03\/essai-5-2-04-1024x724.jpg\" alt=\"parcours filet\" class=\"wp-image-1395\" srcset=\"https:\/\/www.foretadrenaline.com\/constructeur\/wp-content\/uploads\/sites\/5\/2021\/03\/essai-5-2-04-1024x724.jpg 1024w, https:\/\/www.foretadrenaline.com\/constructeur\/wp-content\/uploads\/sites\/5\/2021\/03\/essai-5-2-04-300x212.jpg 300w, https:\/\/www.foretadrenaline.com\/constructeur\/wp-content\/uploads\/sites\/5\/2021\/03\/essai-5-2-04-768x543.jpg 768w, https:\/\/www.foretadrenaline.com\/constructeur\/wp-content\/uploads\/sites\/5\/2021\/03\/essai-5-2-04-1536x1086.jpg 1536w, https:\/\/www.foretadrenaline.com\/constructeur\/wp-content\/uploads\/sites\/5\/2021\/03\/essai-5-2-04-1200x848.jpg 1200w, https:\/\/www.foretadrenaline.com\/constructeur\/wp-content\/uploads\/sites\/5\/2021\/03\/essai-5-2-04.jpg 1754w\" sizes=\"auto, (max-width: 1024px) 100vw, 1024px\" \/><\/figure>\n\n\n\n<figure class=\"wp-block-image size-large\"><img loading=\"lazy\" decoding=\"async\" width=\"1024\" height=\"724\" src=\"https:\/\/www.foretadrenaline.com\/constructeur\/wp-content\/uploads\/sites\/5\/2021\/03\/essai-5-2-30-1024x724.jpg\" alt=\"parcours filet\" class=\"wp-image-1401\" srcset=\"https:\/\/www.foretadrenaline.com\/constructeur\/wp-content\/uploads\/sites\/5\/2021\/03\/essai-5-2-30-1024x724.jpg 1024w, https:\/\/www.foretadrenaline.com\/constructeur\/wp-content\/uploads\/sites\/5\/2021\/03\/essai-5-2-30-300x212.jpg 300w, https:\/\/www.foretadrenaline.com\/constructeur\/wp-content\/uploads\/sites\/5\/2021\/03\/essai-5-2-30-768x543.jpg 768w, https:\/\/www.foretadrenaline.com\/constructeur\/wp-content\/uploads\/sites\/5\/2021\/03\/essai-5-2-30-1536x1086.jpg 1536w, https:\/\/www.foretadrenaline.com\/constructeur\/wp-content\/uploads\/sites\/5\/2021\/03\/essai-5-2-30-1200x848.jpg 1200w, https:\/\/www.foretadrenaline.com\/constructeur\/wp-content\/uploads\/sites\/5\/2021\/03\/essai-5-2-30.jpg 1754w\" sizes=\"auto, (max-width: 1024px) 100vw, 1024px\" \/><\/figure>\n\n\n\n<figure class=\"wp-block-image size-large\"><img loading=\"lazy\" decoding=\"async\" width=\"1024\" height=\"724\" src=\"https:\/\/www.foretadrenaline.com\/constructeur\/wp-content\/uploads\/sites\/5\/2021\/03\/essai-5-1-21-1024x724.jpg\" alt=\"parcours filet\" class=\"wp-image-1385\" srcset=\"https:\/\/www.foretadrenaline.com\/constructeur\/wp-content\/uploads\/sites\/5\/2021\/03\/essai-5-1-21-1024x724.jpg 1024w, https:\/\/www.foretadrenaline.com\/constructeur\/wp-content\/uploads\/sites\/5\/2021\/03\/essai-5-1-21-300x212.jpg 300w, https:\/\/www.foretadrenaline.com\/constructeur\/wp-content\/uploads\/sites\/5\/2021\/03\/essai-5-1-21-768x543.jpg 768w, https:\/\/www.foretadrenaline.com\/constructeur\/wp-content\/uploads\/sites\/5\/2021\/03\/essai-5-1-21-1536x1086.jpg 1536w, https:\/\/www.foretadrenaline.com\/constructeur\/wp-content\/uploads\/sites\/5\/2021\/03\/essai-5-1-21-1200x848.jpg 1200w, https:\/\/www.foretadrenaline.com\/constructeur\/wp-content\/uploads\/sites\/5\/2021\/03\/essai-5-1-21.jpg 1754w\" sizes=\"auto, (max-width: 1024px) 100vw, 1024px\" \/><\/figure>\n\n\n\n<figure class=\"wp-block-image size-large\"><img loading=\"lazy\" decoding=\"async\" width=\"1024\" height=\"723\" src=\"https:\/\/www.foretadrenaline.com\/constructeur\/wp-content\/uploads\/sites\/5\/2021\/03\/essai-5-2-22-1024x723.jpg\" alt=\"parcours filet\" class=\"wp-image-1397\" srcset=\"https:\/\/www.foretadrenaline.com\/constructeur\/wp-content\/uploads\/sites\/5\/2021\/03\/essai-5-2-22-1024x723.jpg 1024w, https:\/\/www.foretadrenaline.com\/constructeur\/wp-content\/uploads\/sites\/5\/2021\/03\/essai-5-2-22-300x212.jpg 300w, https:\/\/www.foretadrenaline.com\/constructeur\/wp-content\/uploads\/sites\/5\/2021\/03\/essai-5-2-22-768x542.jpg 768w, https:\/\/www.foretadrenaline.com\/constructeur\/wp-content\/uploads\/sites\/5\/2021\/03\/essai-5-2-22-1536x1085.jpg 1536w, https:\/\/www.foretadrenaline.com\/constructeur\/wp-content\/uploads\/sites\/5\/2021\/03\/essai-5-2-22-1200x847.jpg 1200w, https:\/\/www.foretadrenaline.com\/constructeur\/wp-content\/uploads\/sites\/5\/2021\/03\/essai-5-2-22.jpg 1756w\" sizes=\"auto, (max-width: 1024px) 100vw, 1024px\" \/><\/figure>\n","protected":false},"excerpt":{"rendered":"","protected":false},"author":2,"featured_media":1373,"parent":0,"menu_order":0,"comment_status":"closed","ping_status":"closed","template":"","meta":{"_acf_changed":false,"footnotes":""},"class_list":["post-1407","page","type-page","status-publish","has-post-thumbnail","hentry"],"acf":[],"yoast_head":"<!-- This site is optimized with the Yoast SEO plugin v27.5 - https:\/\/yoast.com\/product\/yoast-seo-wordpress\/ -->\n<title>Plaquette Tramp\u00f4forest\u00ae - parcours filet<\/title>\n<meta name=\"description\" content=\"D\u00e9couvrez la plaquette de pr\u00e9sentation du concept Tramp\u00d4forest\u00ae: parcours filet sans baudrier - by For\u00eat Adr\u00e9naline constructeur\" \/>\n<meta name=\"robots\" content=\"index, follow, max-snippet:-1, max-image-preview:large, max-video-preview:-1\" \/>\n<link rel=\"canonical\" href=\"https:\/\/www.foretadrenaline.com\/constructeur\/plaquette-trampoforest-parcours-filet\/\" \/>\n<meta property=\"og:locale\" content=\"fr_FR\" \/>\n<meta property=\"og:type\" content=\"article\" \/>\n<meta property=\"og:title\" content=\"Plaquette Tramp\u00f4forest\u00ae - parcours filet\" \/>\n<meta property=\"og:description\" content=\"D\u00e9couvrez la plaquette de pr\u00e9sentation du concept Tramp\u00d4forest\u00ae: parcours filet sans baudrier - by For\u00eat Adr\u00e9naline constructeur\" \/>\n<meta property=\"og:url\" content=\"https:\/\/www.foretadrenaline.com\/constructeur\/plaquette-trampoforest-parcours-filet\/\" \/>\n<meta property=\"og:site_name\" content=\"For\u00eat Adr\u00e9naline - Constructeur\" \/>\n<meta property=\"article:modified_time\" content=\"2023-02-23T13:34:29+00:00\" \/>\n<meta property=\"og:image\" content=\"https:\/\/www.foretadrenaline.com\/constructeur\/wp-content\/uploads\/sites\/5\/2021\/03\/essai-5-1-01.jpg\" \/>\n\t<meta property=\"og:image:width\" content=\"1754\" \/>\n\t<meta property=\"og:image:height\" content=\"1240\" \/>\n\t<meta property=\"og:image:type\" content=\"image\/jpeg\" \/>\n<meta name=\"twitter:card\" content=\"summary_large_image\" \/>\n<meta name=\"twitter:label1\" content=\"Dur\u00e9e de lecture estim\u00e9e\" \/>\n\t<meta name=\"twitter:data1\" content=\"3 minutes\" \/>\n<script type=\"application\/ld+json\" class=\"yoast-schema-graph\">{\"@context\":\"https:\\\/\\\/schema.org\",\"@graph\":[{\"@type\":\"WebPage\",\"@id\":\"https:\\\/\\\/www.foretadrenaline.com\\\/constructeur\\\/plaquette-trampoforest-parcours-filet\\\/\",\"url\":\"https:\\\/\\\/www.foretadrenaline.com\\\/constructeur\\\/plaquette-trampoforest-parcours-filet\\\/\",\"name\":\"Plaquette Tramp\u00f4forest\u00ae - parcours filet\",\"isPartOf\":{\"@id\":\"https:\\\/\\\/www.foretadrenaline.com\\\/constructeur\\\/#website\"},\"primaryImageOfPage\":{\"@id\":\"https:\\\/\\\/www.foretadrenaline.com\\\/constructeur\\\/plaquette-trampoforest-parcours-filet\\\/#primaryimage\"},\"image\":{\"@id\":\"https:\\\/\\\/www.foretadrenaline.com\\\/constructeur\\\/plaquette-trampoforest-parcours-filet\\\/#primaryimage\"},\"thumbnailUrl\":\"https:\\\/\\\/www.foretadrenaline.com\\\/constructeur\\\/wp-content\\\/uploads\\\/sites\\\/5\\\/2021\\\/03\\\/essai-5-1-01.jpg\",\"datePublished\":\"2021-03-16T14:27:26+00:00\",\"dateModified\":\"2023-02-23T13:34:29+00:00\",\"description\":\"D\u00e9couvrez la plaquette de pr\u00e9sentation du concept Tramp\u00d4forest\u00ae: parcours filet sans baudrier - by For\u00eat Adr\u00e9naline constructeur\",\"inLanguage\":\"fr-FR\",\"potentialAction\":[{\"@type\":\"ReadAction\",\"target\":[\"https:\\\/\\\/www.foretadrenaline.com\\\/constructeur\\\/plaquette-trampoforest-parcours-filet\\\/\"]}]},{\"@type\":\"ImageObject\",\"inLanguage\":\"fr-FR\",\"@id\":\"https:\\\/\\\/www.foretadrenaline.com\\\/constructeur\\\/plaquette-trampoforest-parcours-filet\\\/#primaryimage\",\"url\":\"https:\\\/\\\/www.foretadrenaline.com\\\/constructeur\\\/wp-content\\\/uploads\\\/sites\\\/5\\\/2021\\\/03\\\/essai-5-1-01.jpg\",\"contentUrl\":\"https:\\\/\\\/www.foretadrenaline.com\\\/constructeur\\\/wp-content\\\/uploads\\\/sites\\\/5\\\/2021\\\/03\\\/essai-5-1-01.jpg\",\"width\":1754,\"height\":1240},{\"@type\":\"WebSite\",\"@id\":\"https:\\\/\\\/www.foretadrenaline.com\\\/constructeur\\\/#website\",\"url\":\"https:\\\/\\\/www.foretadrenaline.com\\\/constructeur\\\/\",\"name\":\"For\u00eat Adr\u00e9naline - Constructeur\",\"description\":\"Just another For\u00eat Adr\u00e9naline site\",\"potentialAction\":[{\"@type\":\"SearchAction\",\"target\":{\"@type\":\"EntryPoint\",\"urlTemplate\":\"https:\\\/\\\/www.foretadrenaline.com\\\/constructeur\\\/?s={search_term_string}\"},\"query-input\":{\"@type\":\"PropertyValueSpecification\",\"valueRequired\":true,\"valueName\":\"search_term_string\"}}],\"inLanguage\":\"fr-FR\"}]}<\/script>\n<!-- \/ Yoast SEO plugin. -->","yoast_head_json":{"title":"Plaquette Tramp\u00f4forest\u00ae - parcours filet","description":"D\u00e9couvrez la plaquette de pr\u00e9sentation du concept Tramp\u00d4forest\u00ae: parcours filet sans baudrier - by For\u00eat Adr\u00e9naline constructeur","robots":{"index":"index","follow":"follow","max-snippet":"max-snippet:-1","max-image-preview":"max-image-preview:large","max-video-preview":"max-video-preview:-1"},"canonical":"https:\/\/www.foretadrenaline.com\/constructeur\/plaquette-trampoforest-parcours-filet\/","og_locale":"fr_FR","og_type":"article","og_title":"Plaquette Tramp\u00f4forest\u00ae - parcours filet","og_description":"D\u00e9couvrez la plaquette de pr\u00e9sentation du concept Tramp\u00d4forest\u00ae: parcours filet sans baudrier - by For\u00eat Adr\u00e9naline constructeur","og_url":"https:\/\/www.foretadrenaline.com\/constructeur\/plaquette-trampoforest-parcours-filet\/","og_site_name":"For\u00eat Adr\u00e9naline - Constructeur","article_modified_time":"2023-02-23T13:34:29+00:00","og_image":[{"width":1754,"height":1240,"url":"https:\/\/www.foretadrenaline.com\/constructeur\/wp-content\/uploads\/sites\/5\/2021\/03\/essai-5-1-01.jpg","type":"image\/jpeg"}],"twitter_card":"summary_large_image","twitter_misc":{"Dur\u00e9e de lecture estim\u00e9e":"3 minutes"},"schema":{"@context":"https:\/\/schema.org","@graph":[{"@type":"WebPage","@id":"https:\/\/www.foretadrenaline.com\/constructeur\/plaquette-trampoforest-parcours-filet\/","url":"https:\/\/www.foretadrenaline.com\/constructeur\/plaquette-trampoforest-parcours-filet\/","name":"Plaquette Tramp\u00f4forest\u00ae - parcours filet","isPartOf":{"@id":"https:\/\/www.foretadrenaline.com\/constructeur\/#website"},"primaryImageOfPage":{"@id":"https:\/\/www.foretadrenaline.com\/constructeur\/plaquette-trampoforest-parcours-filet\/#primaryimage"},"image":{"@id":"https:\/\/www.foretadrenaline.com\/constructeur\/plaquette-trampoforest-parcours-filet\/#primaryimage"},"thumbnailUrl":"https:\/\/www.foretadrenaline.com\/constructeur\/wp-content\/uploads\/sites\/5\/2021\/03\/essai-5-1-01.jpg","datePublished":"2021-03-16T14:27:26+00:00","dateModified":"2023-02-23T13:34:29+00:00","description":"D\u00e9couvrez la plaquette de pr\u00e9sentation du concept Tramp\u00d4forest\u00ae: parcours filet sans baudrier - by For\u00eat Adr\u00e9naline constructeur","inLanguage":"fr-FR","potentialAction":[{"@type":"ReadAction","target":["https:\/\/www.foretadrenaline.com\/constructeur\/plaquette-trampoforest-parcours-filet\/"]}]},{"@type":"ImageObject","inLanguage":"fr-FR","@id":"https:\/\/www.foretadrenaline.com\/constructeur\/plaquette-trampoforest-parcours-filet\/#primaryimage","url":"https:\/\/www.foretadrenaline.com\/constructeur\/wp-content\/uploads\/sites\/5\/2021\/03\/essai-5-1-01.jpg","contentUrl":"https:\/\/www.foretadrenaline.com\/constructeur\/wp-content\/uploads\/sites\/5\/2021\/03\/essai-5-1-01.jpg","width":1754,"height":1240},{"@type":"WebSite","@id":"https:\/\/www.foretadrenaline.com\/constructeur\/#website","url":"https:\/\/www.foretadrenaline.com\/constructeur\/","name":"For\u00eat Adr\u00e9naline - Constructeur","description":"Just another For\u00eat Adr\u00e9naline site","potentialAction":[{"@type":"SearchAction","target":{"@type":"EntryPoint","urlTemplate":"https:\/\/www.foretadrenaline.com\/constructeur\/?s={search_term_string}"},"query-input":{"@type":"PropertyValueSpecification","valueRequired":true,"valueName":"search_term_string"}}],"inLanguage":"fr-FR"}]}},"_links":{"self":[{"href":"https:\/\/www.foretadrenaline.com\/constructeur\/wp-json\/wp\/v2\/pages\/1407","targetHints":{"allow":["GET"]}}],"collection":[{"href":"https:\/\/www.foretadrenaline.com\/constructeur\/wp-json\/wp\/v2\/pages"}],"about":[{"href":"https:\/\/www.foretadrenaline.com\/constructeur\/wp-json\/wp\/v2\/types\/page"}],"author":[{"embeddable":true,"href":"https:\/\/www.foretadrenaline.com\/constructeur\/wp-json\/wp\/v2\/users\/2"}],"replies":[{"embeddable":true,"href":"https:\/\/www.foretadrenaline.com\/constructeur\/wp-json\/wp\/v2\/comments?post=1407"}],"version-history":[{"count":4,"href":"https:\/\/www.foretadrenaline.com\/constructeur\/wp-json\/wp\/v2\/pages\/1407\/revisions"}],"predecessor-version":[{"id":2008,"href":"https:\/\/www.foretadrenaline.com\/constructeur\/wp-json\/wp\/v2\/pages\/1407\/revisions\/2008"}],"wp:featuredmedia":[{"embeddable":true,"href":"https:\/\/www.foretadrenaline.com\/constructeur\/wp-json\/wp\/v2\/media\/1373"}],"wp:attachment":[{"href":"https:\/\/www.foretadrenaline.com\/constructeur\/wp-json\/wp\/v2\/media?parent=1407"}],"curies":[{"name":"wp","href":"https:\/\/api.w.org\/{rel}","templated":true}]}}