{"id":3110,"date":"2025-09-11T12:25:48","date_gmt":"2025-09-11T12:25:48","guid":{"rendered":"https:\/\/www.foretadrenaline.com\/constructeur\/?page_id=3110"},"modified":"2025-10-03T08:39:38","modified_gmt":"2025-10-03T08:39:38","slug":"le-tramponinja","status":"publish","type":"page","link":"https:\/\/www.foretadrenaline.com\/constructeur\/le-tramponinja\/","title":{"rendered":"Le Tramp\u00d4ninja\u00ae"},"content":{"rendered":"\n<h2 class=\"wp-block-heading\"><strong>Le nouveau terrain de jeu grandeur nature<\/strong>. <strong>Une activit\u00e9 ludique et sportive pour tous<\/strong>.<\/h2>\n\n\n\n<p>For\u00eat Adr\u00e9naline pr\u00e9sente le <strong>Tramp\u00d4ninja\u00ae<\/strong>, une activit\u00e9 in\u00e9dite qui r\u00e9unit la libert\u00e9 des parcours a\u00e9riens et l\u2019intensit\u00e9 des jeux sportifs.<\/p>\n\n\n\n<p>Inspir\u00e9e de l\u2019univers ninja, cette structure met \u00e0 l\u2019\u00e9preuve l\u2019<strong>agilit\u00e9, l\u2019\u00e9quilibre et l\u2019endurance<\/strong>. Accessible et s\u00e9curis\u00e9, le Tramp\u00d4ninja\u00ae attire petits et grands pour des moments de jeu et de d\u00e9fi.<\/p>\n\n\n\n<figure class=\"wp-block-gallery has-nested-images columns-default is-cropped wp-block-gallery-1 is-layout-flex wp-block-gallery-is-layout-flex\">\n<figure class=\"wp-block-image size-large\"><img loading=\"lazy\" decoding=\"async\" width=\"1024\" height=\"683\" data-id=\"3121\" src=\"https:\/\/www.foretadrenaline.com\/constructeur\/wp-content\/uploads\/sites\/5\/2025\/09\/Ninja-2-2-1024x683.jpg\" alt=\"\" class=\"wp-image-3121\" srcset=\"https:\/\/www.foretadrenaline.com\/constructeur\/wp-content\/uploads\/sites\/5\/2025\/09\/Ninja-2-2-1024x683.jpg 1024w, https:\/\/www.foretadrenaline.com\/constructeur\/wp-content\/uploads\/sites\/5\/2025\/09\/Ninja-2-2-300x200.jpg 300w, https:\/\/www.foretadrenaline.com\/constructeur\/wp-content\/uploads\/sites\/5\/2025\/09\/Ninja-2-2-768x512.jpg 768w, https:\/\/www.foretadrenaline.com\/constructeur\/wp-content\/uploads\/sites\/5\/2025\/09\/Ninja-2-2-1536x1024.jpg 1536w, https:\/\/www.foretadrenaline.com\/constructeur\/wp-content\/uploads\/sites\/5\/2025\/09\/Ninja-2-2-scaled.jpg 2048w, https:\/\/www.foretadrenaline.com\/constructeur\/wp-content\/uploads\/sites\/5\/2025\/09\/Ninja-2-2-1200x800.jpg 1200w\" sizes=\"auto, (max-width: 1024px) 100vw, 1024px\" \/><\/figure>\n\n\n\n<figure class=\"wp-block-image size-large\"><img loading=\"lazy\" decoding=\"async\" width=\"1024\" height=\"768\" data-id=\"3125\" src=\"https:\/\/www.foretadrenaline.com\/constructeur\/wp-content\/uploads\/sites\/5\/2025\/09\/WhatsApp-Image-2025-07-25-a-10.22.59_6bbcda03-2-1024x768.jpg\" alt=\"\" class=\"wp-image-3125\" srcset=\"https:\/\/www.foretadrenaline.com\/constructeur\/wp-content\/uploads\/sites\/5\/2025\/09\/WhatsApp-Image-2025-07-25-a-10.22.59_6bbcda03-2-1024x768.jpg 1024w, https:\/\/www.foretadrenaline.com\/constructeur\/wp-content\/uploads\/sites\/5\/2025\/09\/WhatsApp-Image-2025-07-25-a-10.22.59_6bbcda03-2-300x225.jpg 300w, https:\/\/www.foretadrenaline.com\/constructeur\/wp-content\/uploads\/sites\/5\/2025\/09\/WhatsApp-Image-2025-07-25-a-10.22.59_6bbcda03-2-768x576.jpg 768w, https:\/\/www.foretadrenaline.com\/constructeur\/wp-content\/uploads\/sites\/5\/2025\/09\/WhatsApp-Image-2025-07-25-a-10.22.59_6bbcda03-2-1536x1152.jpg 1536w, https:\/\/www.foretadrenaline.com\/constructeur\/wp-content\/uploads\/sites\/5\/2025\/09\/WhatsApp-Image-2025-07-25-a-10.22.59_6bbcda03-2-1200x900.jpg 1200w, https:\/\/www.foretadrenaline.com\/constructeur\/wp-content\/uploads\/sites\/5\/2025\/09\/WhatsApp-Image-2025-07-25-a-10.22.59_6bbcda03-2.jpg 1600w\" sizes=\"auto, (max-width: 1024px) 100vw, 1024px\" \/><\/figure>\n\n\n\n<figure class=\"wp-block-image size-large\"><img loading=\"lazy\" decoding=\"async\" width=\"1024\" height=\"831\" data-id=\"3115\" src=\"https:\/\/www.foretadrenaline.com\/constructeur\/wp-content\/uploads\/sites\/5\/2025\/09\/IMG-20250826-WA0043-e1757504448857-1024x831.jpg\" alt=\"\" class=\"wp-image-3115\" srcset=\"https:\/\/www.foretadrenaline.com\/constructeur\/wp-content\/uploads\/sites\/5\/2025\/09\/IMG-20250826-WA0043-e1757504448857-1024x831.jpg 1024w, https:\/\/www.foretadrenaline.com\/constructeur\/wp-content\/uploads\/sites\/5\/2025\/09\/IMG-20250826-WA0043-e1757504448857-300x244.jpg 300w, https:\/\/www.foretadrenaline.com\/constructeur\/wp-content\/uploads\/sites\/5\/2025\/09\/IMG-20250826-WA0043-e1757504448857-768x623.jpg 768w, https:\/\/www.foretadrenaline.com\/constructeur\/wp-content\/uploads\/sites\/5\/2025\/09\/IMG-20250826-WA0043-e1757504448857.jpg 1195w\" sizes=\"auto, (max-width: 1024px) 100vw, 1024px\" \/><\/figure>\n<\/figure>\n\n\n\n<p><\/p>\n\n\n\n<div class=\"wp-block-buttons is-content-justification-center is-layout-flex wp-container-core-buttons-is-layout-16018d1d wp-block-buttons-is-layout-flex\">\n<div class=\"wp-block-button\"><a class=\"wp-block-button__link has-main-color has-second-background-color has-text-color has-background has-link-color wp-element-button\" href=\"https:\/\/www.foretadrenaline.com\/constructeur\/contact\/\"><strong>Je souhaite recevoir la plaquette<\/strong><\/a><\/div>\n<\/div>\n\n\n\n<h3 class=\"wp-block-heading\"><strong>Un concept modulable et personnalisable&nbsp;<\/strong><\/h3>\n\n\n\n<p>Chaque installation est unique. Vous choisissez la <strong>longueur, la hauteur et la configuration<\/strong> du parcours, avec une large gamme de modules : obstacles suspendus, filets \u00e0 grimper, passerelles dynamiques ou ateliers d\u2019\u00e9quilibre.<\/p>\n\n\n\n<p>Disponible en un ou deux niveaux, le Tramp\u00d4ninja\u00ae s\u2019int\u00e8gre facilement \u00e0 tout type de site et peut \u00e9voluer dans le temps selon vos besoins.<\/p>\n\n\n\n<h3 class=\"wp-block-heading\"><strong>Une exp\u00e9rience immersive et sans contrainte<\/strong><\/h3>\n\n\n\n<p>Ici, pas besoin de casque ni de baudrier. Chacun progresse librement selon son niveau :&nbsp;<\/p>\n\n\n\n<ul class=\"wp-block-list\">\n<li>Des ateliers accessibles aux enfants,<\/li>\n<\/ul>\n\n\n\n<ul class=\"wp-block-list\">\n<li>Des obstacles plus techniques pour les sportifs.<\/li>\n<\/ul>\n\n\n\n<p>Une formule id\u00e9ale pour une activit\u00e9 <strong>interg\u00e9n\u00e9rationnelle<\/strong> qui r\u00e9unit familles, groupes scolaires ou associations.<\/p>\n\n\n\n<p class=\"has-text-align-center\"><strong>D\u00e9couvrir le Tramp\u00d4ninja\u00ae en vid\u00e9o ! <\/strong><\/p>\n\n\n\n<figure class=\"wp-block-embed is-type-video is-provider-youtube wp-block-embed-youtube wp-embed-aspect-16-9 wp-has-aspect-ratio\"><div class=\"wp-block-embed__wrapper\">\n<div class=\"video-container youtube\" style=\"padding-bottom: 56.2%;\"><iframe loading=\"lazy\" title=\"Nouveaut\u00e9 : Le Ninja !\" width=\"500\" height=\"281\" src=\"https:\/\/www.youtube.com\/embed\/BovZaJf8BVk?feature=oembed&#038;enablejsapi=1&#038;origin=https:\/\/www.foretadrenaline.com\" frameborder=\"0\" allow=\"accelerometer; autoplay; clipboard-write; encrypted-media; gyroscope; picture-in-picture; web-share\" referrerpolicy=\"strict-origin-when-cross-origin\" allowfullscreen><\/iframe><\/div>\n<\/div><\/figure>\n\n\n\n<h3 class=\"wp-block-heading\"><strong>Un investissement durable et rentable <\/strong><\/h3>\n\n\n\n<p>Con\u00e7u en Bretagne avec des mat\u00e9riaux robustes et respectueux de l\u2019environnement, le Tramp\u00d4ninja\u00ae garantit solidit\u00e9 et long\u00e9vit\u00e9. Son exploitation est simple :<\/p>\n\n\n\n<ul class=\"wp-block-list\">\n<li>Peu de maintenance,<\/li>\n\n\n\n<li>Une exploitation simple, <\/li>\n\n\n\n<li>Une longue durabilit\u00e9, <\/li>\n<\/ul>\n\n\n\n<p>Un choix id\u00e9al pour les <strong>parcs de loisirs, campings et collectivit\u00e9s<\/strong>.&nbsp;<\/p>\n\n\n\n<figure class=\"wp-block-gallery has-nested-images columns-default is-cropped wp-block-gallery-2 is-layout-flex wp-block-gallery-is-layout-flex\">\n<figure class=\"wp-block-image size-large\"><img loading=\"lazy\" decoding=\"async\" width=\"768\" height=\"1024\" data-id=\"3133\" src=\"https:\/\/www.foretadrenaline.com\/constructeur\/wp-content\/uploads\/sites\/5\/2025\/09\/IMG-20250826-WA0016-1-768x1024.jpg\" alt=\"\" class=\"wp-image-3133\" srcset=\"https:\/\/www.foretadrenaline.com\/constructeur\/wp-content\/uploads\/sites\/5\/2025\/09\/IMG-20250826-WA0016-1-768x1024.jpg 768w, https:\/\/www.foretadrenaline.com\/constructeur\/wp-content\/uploads\/sites\/5\/2025\/09\/IMG-20250826-WA0016-1-225x300.jpg 225w, https:\/\/www.foretadrenaline.com\/constructeur\/wp-content\/uploads\/sites\/5\/2025\/09\/IMG-20250826-WA0016-1-1152x1536.jpg 1152w, https:\/\/www.foretadrenaline.com\/constructeur\/wp-content\/uploads\/sites\/5\/2025\/09\/IMG-20250826-WA0016-1-1200x1600.jpg 1200w, https:\/\/www.foretadrenaline.com\/constructeur\/wp-content\/uploads\/sites\/5\/2025\/09\/IMG-20250826-WA0016-1.jpg 1536w\" sizes=\"auto, (max-width: 768px) 100vw, 768px\" \/><figcaption class=\"wp-element-caption\">Salle<\/figcaption><\/figure>\n\n\n\n<figure class=\"wp-block-image size-large\"><img loading=\"lazy\" decoding=\"async\" width=\"768\" height=\"1024\" data-id=\"3131\" src=\"https:\/\/www.foretadrenaline.com\/constructeur\/wp-content\/uploads\/sites\/5\/2025\/09\/IMG-20250826-WA0023-768x1024.jpg\" alt=\"\" class=\"wp-image-3131\" srcset=\"https:\/\/www.foretadrenaline.com\/constructeur\/wp-content\/uploads\/sites\/5\/2025\/09\/IMG-20250826-WA0023-768x1024.jpg 768w, https:\/\/www.foretadrenaline.com\/constructeur\/wp-content\/uploads\/sites\/5\/2025\/09\/IMG-20250826-WA0023-225x300.jpg 225w, https:\/\/www.foretadrenaline.com\/constructeur\/wp-content\/uploads\/sites\/5\/2025\/09\/IMG-20250826-WA0023-1152x1536.jpg 1152w, https:\/\/www.foretadrenaline.com\/constructeur\/wp-content\/uploads\/sites\/5\/2025\/09\/IMG-20250826-WA0023-1200x1600.jpg 1200w, https:\/\/www.foretadrenaline.com\/constructeur\/wp-content\/uploads\/sites\/5\/2025\/09\/IMG-20250826-WA0023.jpg 1536w\" sizes=\"auto, (max-width: 768px) 100vw, 768px\" \/><\/figure>\n\n\n\n<figure class=\"wp-block-image size-large\"><img loading=\"lazy\" decoding=\"async\" width=\"768\" height=\"1024\" data-id=\"3127\" src=\"https:\/\/www.foretadrenaline.com\/constructeur\/wp-content\/uploads\/sites\/5\/2025\/09\/IMG-20250826-WA0019-768x1024.jpg\" alt=\"\" class=\"wp-image-3127\" srcset=\"https:\/\/www.foretadrenaline.com\/constructeur\/wp-content\/uploads\/sites\/5\/2025\/09\/IMG-20250826-WA0019-768x1024.jpg 768w, https:\/\/www.foretadrenaline.com\/constructeur\/wp-content\/uploads\/sites\/5\/2025\/09\/IMG-20250826-WA0019-225x300.jpg 225w, https:\/\/www.foretadrenaline.com\/constructeur\/wp-content\/uploads\/sites\/5\/2025\/09\/IMG-20250826-WA0019-1152x1536.jpg 1152w, https:\/\/www.foretadrenaline.com\/constructeur\/wp-content\/uploads\/sites\/5\/2025\/09\/IMG-20250826-WA0019-1200x1600.jpg 1200w, https:\/\/www.foretadrenaline.com\/constructeur\/wp-content\/uploads\/sites\/5\/2025\/09\/IMG-20250826-WA0019.jpg 1536w\" sizes=\"auto, (max-width: 768px) 100vw, 768px\" \/><figcaption class=\"wp-element-caption\">Salle<\/figcaption><\/figure>\n<\/figure>\n\n\n\n<h3 class=\"wp-block-heading\"><strong>Id\u00e9al pour le team building<\/strong>&nbsp;<\/h3>\n\n\n\n<p>Au-del\u00e0 du loisir, le Tramp\u00d4ninja\u00ae devient un outil de <strong>coh\u00e9sion d\u2019\u00e9quipe<\/strong>. Il stimule le d\u00e9passement personnel, d\u00e9veloppe l\u2019esprit d\u2019entraide et cr\u00e9e des souvenirs m\u00e9morables. Entreprises, associations et collectivit\u00e9s y trouvent un excellent support pour le team building.<\/p>\n\n\n\n<h3 class=\"wp-block-heading\"><strong>Installation simple et rapide<\/strong>&nbsp;<\/h3>\n\n\n\n<p>Sa structure autoport\u00e9e ne n\u00e9cessite pas de fondations lourdes. R\u00e9sultat : une <strong>mise en place rapide<\/strong> et un impact minimal sur l\u2019environnement.&nbsp;<\/p>\n\n\n\n<div class=\"wp-block-buttons is-content-justification-center is-layout-flex wp-container-core-buttons-is-layout-16018d1d wp-block-buttons-is-layout-flex\">\n<div class=\"wp-block-button is-style-fill\"><a class=\"wp-block-button__link has-main-color has-second-background-color has-text-color has-background has-link-color wp-element-button\" href=\"https:\/\/www.edenwall.fr\/accueil\/edenparcours\/\" target=\"_blank\" rel=\"noreferrer noopener\"><strong>D\u00e9couvrez un autre Tramp\u00d4ninja\u00ae ! <\/strong><\/a><\/div>\n<\/div>\n\n\n\n<div style=\"height:24px\" aria-hidden=\"true\" class=\"wp-block-spacer\"><\/div>\n\n\n\n<figure class=\"wp-block-gallery has-nested-images columns-default is-cropped wp-block-gallery-3 is-layout-flex wp-block-gallery-is-layout-flex\">\n<figure class=\"wp-block-image size-large\"><img loading=\"lazy\" decoding=\"async\" width=\"1024\" height=\"768\" data-id=\"3196\" src=\"https:\/\/www.foretadrenaline.com\/constructeur\/wp-content\/uploads\/sites\/5\/2025\/09\/IMG_20250905_114904-min-1024x768.jpg\" alt=\"\" class=\"wp-image-3196\" srcset=\"https:\/\/www.foretadrenaline.com\/constructeur\/wp-content\/uploads\/sites\/5\/2025\/09\/IMG_20250905_114904-min-1024x768.jpg 1024w, https:\/\/www.foretadrenaline.com\/constructeur\/wp-content\/uploads\/sites\/5\/2025\/09\/IMG_20250905_114904-min-300x225.jpg 300w, https:\/\/www.foretadrenaline.com\/constructeur\/wp-content\/uploads\/sites\/5\/2025\/09\/IMG_20250905_114904-min-768x576.jpg 768w, https:\/\/www.foretadrenaline.com\/constructeur\/wp-content\/uploads\/sites\/5\/2025\/09\/IMG_20250905_114904-min-1536x1152.jpg 1536w, https:\/\/www.foretadrenaline.com\/constructeur\/wp-content\/uploads\/sites\/5\/2025\/09\/IMG_20250905_114904-min-scaled.jpg 2048w, https:\/\/www.foretadrenaline.com\/constructeur\/wp-content\/uploads\/sites\/5\/2025\/09\/IMG_20250905_114904-min-1200x900.jpg 1200w\" sizes=\"auto, (max-width: 1024px) 100vw, 1024px\" \/><\/figure>\n\n\n\n<figure class=\"wp-block-image size-large\"><img loading=\"lazy\" decoding=\"async\" width=\"1024\" height=\"768\" data-id=\"3194\" src=\"https:\/\/www.foretadrenaline.com\/constructeur\/wp-content\/uploads\/sites\/5\/2025\/09\/IMG_20250905_114726-min-1024x768.jpg\" alt=\"\" class=\"wp-image-3194\" srcset=\"https:\/\/www.foretadrenaline.com\/constructeur\/wp-content\/uploads\/sites\/5\/2025\/09\/IMG_20250905_114726-min-1024x768.jpg 1024w, https:\/\/www.foretadrenaline.com\/constructeur\/wp-content\/uploads\/sites\/5\/2025\/09\/IMG_20250905_114726-min-300x225.jpg 300w, https:\/\/www.foretadrenaline.com\/constructeur\/wp-content\/uploads\/sites\/5\/2025\/09\/IMG_20250905_114726-min-768x576.jpg 768w, https:\/\/www.foretadrenaline.com\/constructeur\/wp-content\/uploads\/sites\/5\/2025\/09\/IMG_20250905_114726-min-1536x1152.jpg 1536w, https:\/\/www.foretadrenaline.com\/constructeur\/wp-content\/uploads\/sites\/5\/2025\/09\/IMG_20250905_114726-min-scaled.jpg 2048w, https:\/\/www.foretadrenaline.com\/constructeur\/wp-content\/uploads\/sites\/5\/2025\/09\/IMG_20250905_114726-min-1200x900.jpg 1200w\" sizes=\"auto, (max-width: 1024px) 100vw, 1024px\" \/><\/figure>\n<\/figure>\n\n\n\n<div style=\"height:24px\" aria-hidden=\"true\" class=\"wp-block-spacer\"><\/div>\n\n\n\n<div class=\"wp-block-buttons is-content-justification-center is-layout-flex wp-container-core-buttons-is-layout-16018d1d wp-block-buttons-is-layout-flex\">\n<div class=\"wp-block-button\"><a class=\"wp-block-button__link has-main-color has-second-background-color has-text-color has-background has-link-color wp-element-button\" href=\"https:\/\/www.foretadrenaline.com\/constructeur\/contact\/\"><strong>Je souhaite recevoir la plaquette<\/strong><\/a><\/div>\n<\/div>\n","protected":false},"excerpt":{"rendered":"<p>Le nouveau terrain de jeu grandeur nature. Une activit\u00e9 ludique et sportive pour tous. For\u00eat Adr\u00e9naline pr\u00e9sente le Tramp\u00d4ninja\u00ae, une activit\u00e9 in\u00e9dite qui r\u00e9unit la libert\u00e9 des parcours a\u00e9riens et l\u2019intensit\u00e9 des jeux sportifs. Inspir\u00e9e de l\u2019univers ninja, cette structure met \u00e0 l\u2019\u00e9preuve l\u2019agilit\u00e9, l\u2019\u00e9quilibre et l\u2019endurance. Accessible et s\u00e9curis\u00e9, le Tramp\u00d4ninja\u00ae attire petits et&hellip;<\/p>\n","protected":false},"author":2,"featured_media":3266,"parent":0,"menu_order":0,"comment_status":"closed","ping_status":"closed","template":"","meta":{"_acf_changed":false,"footnotes":""},"class_list":["post-3110","page","type-page","status-publish","has-post-thumbnail","hentry"],"acf":[],"yoast_head":"<!-- This site is optimized with the Yoast SEO plugin v27.3 - https:\/\/yoast.com\/product\/yoast-seo-wordpress\/ -->\n<title>Le Tramp\u00d4ninja\u00ae - For\u00eat Adr\u00e9naline - Constructeur<\/title>\n<meta name=\"robots\" content=\"index, follow, max-snippet:-1, max-image-preview:large, max-video-preview:-1\" \/>\n<link rel=\"canonical\" href=\"https:\/\/www.foretadrenaline.com\/constructeur\/le-tramponinja\/\" \/>\n<meta property=\"og:locale\" content=\"fr_FR\" \/>\n<meta property=\"og:type\" content=\"article\" \/>\n<meta property=\"og:title\" content=\"Le Tramp\u00d4ninja\u00ae - For\u00eat Adr\u00e9naline - Constructeur\" \/>\n<meta property=\"og:description\" content=\"Le nouveau terrain de jeu grandeur nature. Une activit\u00e9 ludique et sportive pour tous. For\u00eat Adr\u00e9naline pr\u00e9sente le Tramp\u00d4ninja\u00ae, une activit\u00e9 in\u00e9dite qui r\u00e9unit la libert\u00e9 des parcours a\u00e9riens et l\u2019intensit\u00e9 des jeux sportifs. Inspir\u00e9e de l\u2019univers ninja, cette structure met \u00e0 l\u2019\u00e9preuve l\u2019agilit\u00e9, l\u2019\u00e9quilibre et l\u2019endurance. Accessible et s\u00e9curis\u00e9, le Tramp\u00d4ninja\u00ae attire petits et&hellip;\" \/>\n<meta property=\"og:url\" content=\"https:\/\/www.foretadrenaline.com\/constructeur\/le-tramponinja\/\" \/>\n<meta property=\"og:site_name\" content=\"For\u00eat Adr\u00e9naline - Constructeur\" \/>\n<meta property=\"article:modified_time\" content=\"2025-10-03T08:39:38+00:00\" \/>\n<meta property=\"og:image\" content=\"https:\/\/www.foretadrenaline.com\/constructeur\/wp-content\/uploads\/sites\/5\/2025\/09\/WhatsApp-Image-2025-09-11-a-14.23.52_b59112f3.jpg\" \/>\n\t<meta property=\"og:image:width\" content=\"1600\" \/>\n\t<meta property=\"og:image:height\" content=\"1200\" \/>\n\t<meta property=\"og:image:type\" content=\"image\/jpeg\" \/>\n<meta name=\"twitter:card\" content=\"summary_large_image\" \/>\n<meta name=\"twitter:label1\" content=\"Dur\u00e9e de lecture estim\u00e9e\" \/>\n\t<meta name=\"twitter:data1\" content=\"4 minutes\" \/>\n<script type=\"application\/ld+json\" class=\"yoast-schema-graph\">{\"@context\":\"https:\\\/\\\/schema.org\",\"@graph\":[{\"@type\":\"WebPage\",\"@id\":\"https:\\\/\\\/www.foretadrenaline.com\\\/constructeur\\\/le-tramponinja\\\/\",\"url\":\"https:\\\/\\\/www.foretadrenaline.com\\\/constructeur\\\/le-tramponinja\\\/\",\"name\":\"Le Tramp\u00d4ninja\u00ae - For\u00eat Adr\u00e9naline - Constructeur\",\"isPartOf\":{\"@id\":\"https:\\\/\\\/www.foretadrenaline.com\\\/constructeur\\\/#website\"},\"primaryImageOfPage\":{\"@id\":\"https:\\\/\\\/www.foretadrenaline.com\\\/constructeur\\\/le-tramponinja\\\/#primaryimage\"},\"image\":{\"@id\":\"https:\\\/\\\/www.foretadrenaline.com\\\/constructeur\\\/le-tramponinja\\\/#primaryimage\"},\"thumbnailUrl\":\"https:\\\/\\\/www.foretadrenaline.com\\\/constructeur\\\/wp-content\\\/uploads\\\/sites\\\/5\\\/2025\\\/09\\\/WhatsApp-Image-2025-09-11-a-14.23.52_b59112f3.jpg\",\"datePublished\":\"2025-09-11T12:25:48+00:00\",\"dateModified\":\"2025-10-03T08:39:38+00:00\",\"breadcrumb\":{\"@id\":\"https:\\\/\\\/www.foretadrenaline.com\\\/constructeur\\\/le-tramponinja\\\/#breadcrumb\"},\"inLanguage\":\"fr-FR\",\"potentialAction\":[{\"@type\":\"ReadAction\",\"target\":[\"https:\\\/\\\/www.foretadrenaline.com\\\/constructeur\\\/le-tramponinja\\\/\"]}]},{\"@type\":\"ImageObject\",\"inLanguage\":\"fr-FR\",\"@id\":\"https:\\\/\\\/www.foretadrenaline.com\\\/constructeur\\\/le-tramponinja\\\/#primaryimage\",\"url\":\"https:\\\/\\\/www.foretadrenaline.com\\\/constructeur\\\/wp-content\\\/uploads\\\/sites\\\/5\\\/2025\\\/09\\\/WhatsApp-Image-2025-09-11-a-14.23.52_b59112f3.jpg\",\"contentUrl\":\"https:\\\/\\\/www.foretadrenaline.com\\\/constructeur\\\/wp-content\\\/uploads\\\/sites\\\/5\\\/2025\\\/09\\\/WhatsApp-Image-2025-09-11-a-14.23.52_b59112f3.jpg\",\"width\":1600,\"height\":1200},{\"@type\":\"BreadcrumbList\",\"@id\":\"https:\\\/\\\/www.foretadrenaline.com\\\/constructeur\\\/le-tramponinja\\\/#breadcrumb\",\"itemListElement\":[{\"@type\":\"ListItem\",\"position\":1,\"name\":\"Accueil\",\"item\":\"https:\\\/\\\/www.foretadrenaline.com\\\/constructeur\\\/\"},{\"@type\":\"ListItem\",\"position\":2,\"name\":\"Le Tramp\u00d4ninja\u00ae\"}]},{\"@type\":\"WebSite\",\"@id\":\"https:\\\/\\\/www.foretadrenaline.com\\\/constructeur\\\/#website\",\"url\":\"https:\\\/\\\/www.foretadrenaline.com\\\/constructeur\\\/\",\"name\":\"For\u00eat Adr\u00e9naline - Constructeur\",\"description\":\"Just another For\u00eat Adr\u00e9naline site\",\"potentialAction\":[{\"@type\":\"SearchAction\",\"target\":{\"@type\":\"EntryPoint\",\"urlTemplate\":\"https:\\\/\\\/www.foretadrenaline.com\\\/constructeur\\\/?s={search_term_string}\"},\"query-input\":{\"@type\":\"PropertyValueSpecification\",\"valueRequired\":true,\"valueName\":\"search_term_string\"}}],\"inLanguage\":\"fr-FR\"}]}<\/script>\n<!-- \/ Yoast SEO plugin. -->","yoast_head_json":{"title":"Le Tramp\u00d4ninja\u00ae - For\u00eat Adr\u00e9naline - Constructeur","robots":{"index":"index","follow":"follow","max-snippet":"max-snippet:-1","max-image-preview":"max-image-preview:large","max-video-preview":"max-video-preview:-1"},"canonical":"https:\/\/www.foretadrenaline.com\/constructeur\/le-tramponinja\/","og_locale":"fr_FR","og_type":"article","og_title":"Le Tramp\u00d4ninja\u00ae - For\u00eat Adr\u00e9naline - Constructeur","og_description":"Le nouveau terrain de jeu grandeur nature. Une activit\u00e9 ludique et sportive pour tous. For\u00eat Adr\u00e9naline pr\u00e9sente le Tramp\u00d4ninja\u00ae, une activit\u00e9 in\u00e9dite qui r\u00e9unit la libert\u00e9 des parcours a\u00e9riens et l\u2019intensit\u00e9 des jeux sportifs. Inspir\u00e9e de l\u2019univers ninja, cette structure met \u00e0 l\u2019\u00e9preuve l\u2019agilit\u00e9, l\u2019\u00e9quilibre et l\u2019endurance. Accessible et s\u00e9curis\u00e9, le Tramp\u00d4ninja\u00ae attire petits et&hellip;","og_url":"https:\/\/www.foretadrenaline.com\/constructeur\/le-tramponinja\/","og_site_name":"For\u00eat Adr\u00e9naline - Constructeur","article_modified_time":"2025-10-03T08:39:38+00:00","og_image":[{"width":1600,"height":1200,"url":"https:\/\/www.foretadrenaline.com\/constructeur\/wp-content\/uploads\/sites\/5\/2025\/09\/WhatsApp-Image-2025-09-11-a-14.23.52_b59112f3.jpg","type":"image\/jpeg"}],"twitter_card":"summary_large_image","twitter_misc":{"Dur\u00e9e de lecture estim\u00e9e":"4 minutes"},"schema":{"@context":"https:\/\/schema.org","@graph":[{"@type":"WebPage","@id":"https:\/\/www.foretadrenaline.com\/constructeur\/le-tramponinja\/","url":"https:\/\/www.foretadrenaline.com\/constructeur\/le-tramponinja\/","name":"Le Tramp\u00d4ninja\u00ae - For\u00eat Adr\u00e9naline - Constructeur","isPartOf":{"@id":"https:\/\/www.foretadrenaline.com\/constructeur\/#website"},"primaryImageOfPage":{"@id":"https:\/\/www.foretadrenaline.com\/constructeur\/le-tramponinja\/#primaryimage"},"image":{"@id":"https:\/\/www.foretadrenaline.com\/constructeur\/le-tramponinja\/#primaryimage"},"thumbnailUrl":"https:\/\/www.foretadrenaline.com\/constructeur\/wp-content\/uploads\/sites\/5\/2025\/09\/WhatsApp-Image-2025-09-11-a-14.23.52_b59112f3.jpg","datePublished":"2025-09-11T12:25:48+00:00","dateModified":"2025-10-03T08:39:38+00:00","breadcrumb":{"@id":"https:\/\/www.foretadrenaline.com\/constructeur\/le-tramponinja\/#breadcrumb"},"inLanguage":"fr-FR","potentialAction":[{"@type":"ReadAction","target":["https:\/\/www.foretadrenaline.com\/constructeur\/le-tramponinja\/"]}]},{"@type":"ImageObject","inLanguage":"fr-FR","@id":"https:\/\/www.foretadrenaline.com\/constructeur\/le-tramponinja\/#primaryimage","url":"https:\/\/www.foretadrenaline.com\/constructeur\/wp-content\/uploads\/sites\/5\/2025\/09\/WhatsApp-Image-2025-09-11-a-14.23.52_b59112f3.jpg","contentUrl":"https:\/\/www.foretadrenaline.com\/constructeur\/wp-content\/uploads\/sites\/5\/2025\/09\/WhatsApp-Image-2025-09-11-a-14.23.52_b59112f3.jpg","width":1600,"height":1200},{"@type":"BreadcrumbList","@id":"https:\/\/www.foretadrenaline.com\/constructeur\/le-tramponinja\/#breadcrumb","itemListElement":[{"@type":"ListItem","position":1,"name":"Accueil","item":"https:\/\/www.foretadrenaline.com\/constructeur\/"},{"@type":"ListItem","position":2,"name":"Le Tramp\u00d4ninja\u00ae"}]},{"@type":"WebSite","@id":"https:\/\/www.foretadrenaline.com\/constructeur\/#website","url":"https:\/\/www.foretadrenaline.com\/constructeur\/","name":"For\u00eat Adr\u00e9naline - Constructeur","description":"Just another For\u00eat Adr\u00e9naline site","potentialAction":[{"@type":"SearchAction","target":{"@type":"EntryPoint","urlTemplate":"https:\/\/www.foretadrenaline.com\/constructeur\/?s={search_term_string}"},"query-input":{"@type":"PropertyValueSpecification","valueRequired":true,"valueName":"search_term_string"}}],"inLanguage":"fr-FR"}]}},"_links":{"self":[{"href":"https:\/\/www.foretadrenaline.com\/constructeur\/wp-json\/wp\/v2\/pages\/3110","targetHints":{"allow":["GET"]}}],"collection":[{"href":"https:\/\/www.foretadrenaline.com\/constructeur\/wp-json\/wp\/v2\/pages"}],"about":[{"href":"https:\/\/www.foretadrenaline.com\/constructeur\/wp-json\/wp\/v2\/types\/page"}],"author":[{"embeddable":true,"href":"https:\/\/www.foretadrenaline.com\/constructeur\/wp-json\/wp\/v2\/users\/2"}],"replies":[{"embeddable":true,"href":"https:\/\/www.foretadrenaline.com\/constructeur\/wp-json\/wp\/v2\/comments?post=3110"}],"version-history":[{"count":7,"href":"https:\/\/www.foretadrenaline.com\/constructeur\/wp-json\/wp\/v2\/pages\/3110\/revisions"}],"predecessor-version":[{"id":3456,"href":"https:\/\/www.foretadrenaline.com\/constructeur\/wp-json\/wp\/v2\/pages\/3110\/revisions\/3456"}],"wp:featuredmedia":[{"embeddable":true,"href":"https:\/\/www.foretadrenaline.com\/constructeur\/wp-json\/wp\/v2\/media\/3266"}],"wp:attachment":[{"href":"https:\/\/www.foretadrenaline.com\/constructeur\/wp-json\/wp\/v2\/media?parent=3110"}],"curies":[{"name":"wp","href":"https:\/\/api.w.org\/{rel}","templated":true}]}}