{"id":46,"date":"2019-05-17T14:39:53","date_gmt":"2019-05-17T14:39:53","guid":{"rendered":"https:\/\/www.foretadrenaline.com\/constructeur\/?page_id=46"},"modified":"2023-03-17T15:05:06","modified_gmt":"2023-03-17T15:05:06","slug":"foret-adrenaline-rennes","status":"publish","type":"page","link":"https:\/\/www.foretadrenaline.com\/constructeur\/foret-adrenaline-rennes\/","title":{"rendered":"For\u00eat Adr\u00e9naline Rennes"},"content":{"rendered":"\n<h2 class=\"wp-block-heading\">D\u00e9couvrez For\u00eat Adr\u00e9naline \u00e0 Rennes<\/h2>\n\n\n\n<p>Situ\u00e9 \u00e0 quelques minutes du centre-ville de Rennes et au c\u0153ur de la base de loisirs des Gayeulles, le parc For\u00eat Adr\u00e9naline de Rennes offre une situation id\u00e9ale pour pratiquer l\u2019accrobranche. <br>Facilement accessible en transports, nous vous accueillons dans un petit \u00e9crin de verdure au c\u0153ur de la ville. <br><strong>Nous vous proposons 17 parcours accessibles d\u00e8s 2 ans ainsi qu&rsquo;un gigantesque parc Tramp\u00d4forest\u00ae<\/strong>. De difficult\u00e9 et de hauteur croissante, vous y trouverez votre bonheur.<\/p>\n\n\n\n<figure class=\"wp-block-embed is-type-video is-provider-youtube wp-block-embed-youtube wp-embed-aspect-16-9 wp-has-aspect-ratio\"><div class=\"wp-block-embed__wrapper\">\n<div class=\"video-container youtube\" style=\"padding-bottom: 56.2%;\"><iframe loading=\"lazy\" title=\"For\u00eat Adr\u00e9naline Rennes - Le parc\" width=\"500\" height=\"281\" src=\"https:\/\/www.youtube.com\/embed\/f2pOU5TDw6A?feature=oembed\" frameborder=\"0\" allow=\"accelerometer; autoplay; clipboard-write; encrypted-media; gyroscope; picture-in-picture; web-share\" referrerpolicy=\"strict-origin-when-cross-origin\" allowfullscreen><\/iframe><\/div>\n<\/div><\/figure>\n\n\n\n<div class=\"wp-block-button aligncenter\"><a class=\"wp-block-button__link wp-element-button\" href=\"https:\/\/www.foretadrenaline.com\/rennes\/\">D\u00e9couvrez For\u00eat Adr\u00e9naline Rennes<br><\/a><\/div>\n\n\n\n<h2 class=\"wp-block-heading\">Depuis 2010, c&rsquo;est : <\/h2>\n\n\n\n<ul class=\"wp-block-list\">\n<li>17 parcours acrobatiques, 1 parcours filet Tramp\u00d4forest\u00ae, 1 mur d\u2019escalade,&nbsp; construits au sein d\u2019un parc public urbain,&nbsp; <\/li>\n\n\n\n<li>plus de 210 ateliers accessibles d\u00e8s 2 ans<\/li>\n\n\n\n<li>ligne de vie continue sur tous les parcours<\/li>\n\n\n\n<li>des ateliers&nbsp; groupes et coh\u00e9sion d\u2019\u00e9quipe \u00e0 partir de 2 ans<\/li>\n\n\n\n<li>un espace d\u2019accueil<\/li>\n<\/ul>\n\n\n\n<h2 class=\"wp-block-heading\">Revenons un peu en arri\u00e8re<\/h2>\n\n\n\n<p>Le parc d\u00e9bute avec 6 parcours. Chaque ann\u00e9e, un nouveau parcours est r\u00e9alis\u00e9. <br>En 2016: tous les parcours sont \u00e9quip\u00e9s en ligne de vie continue<br>Enfin, fin 2017, Rennes-Gayeulles s\u2019\u00e9quipe d\u2019un super parcours filet : <strong>le Tramp\u00d4forest\u00ae<\/strong>, nouveau concept de parcours sans baudrier.<br>En 2021, 2 parcours suppl\u00e9mentaires: le girafe pour les ados\/adultes et la loutre pour les petits<\/p>\n\n\n\n<figure class=\"wp-block-gallery has-nested-images columns-default is-cropped wp-block-gallery-1 is-layout-flex wp-block-gallery-is-layout-flex\">\n<figure class=\"wp-block-image size-large\"><img loading=\"lazy\" decoding=\"async\" width=\"1024\" height=\"682\" data-id=\"284\" src=\"https:\/\/www.foretadrenaline.com\/constructeur\/wp-content\/uploads\/sites\/5\/2019\/05\/tyrolienne-1024x682.jpg\" alt=\"\" class=\"wp-image-284\" srcset=\"https:\/\/www.foretadrenaline.com\/constructeur\/wp-content\/uploads\/sites\/5\/2019\/05\/tyrolienne.jpg 1024w, https:\/\/www.foretadrenaline.com\/constructeur\/wp-content\/uploads\/sites\/5\/2019\/05\/tyrolienne-300x200.jpg 300w, https:\/\/www.foretadrenaline.com\/constructeur\/wp-content\/uploads\/sites\/5\/2019\/05\/tyrolienne-768x512.jpg 768w\" sizes=\"auto, (max-width: 1024px) 100vw, 1024px\" \/><figcaption class=\"wp-element-caption\">Tyrolienne au dessus du lac<\/figcaption><\/figure>\n\n\n\n<figure class=\"wp-block-image size-large\"><img loading=\"lazy\" decoding=\"async\" width=\"683\" height=\"1024\" data-id=\"310\" src=\"https:\/\/www.foretadrenaline.com\/constructeur\/wp-content\/uploads\/sites\/5\/2019\/05\/Cheminement-Tramp\u00d4forest-\u00e0-For\u00eat-Adr\u00e9naline-Renneso-683x1024.jpg\" alt=\"\" class=\"wp-image-310\" srcset=\"https:\/\/www.foretadrenaline.com\/constructeur\/wp-content\/uploads\/sites\/5\/2019\/05\/Cheminement-Tramp\u00d4forest-\u00e0-For\u00eat-Adr\u00e9naline-Renneso-683x1024.jpg 683w, https:\/\/www.foretadrenaline.com\/constructeur\/wp-content\/uploads\/sites\/5\/2019\/05\/Cheminement-Tramp\u00d4forest-\u00e0-For\u00eat-Adr\u00e9naline-Renneso-200x300.jpg 200w, https:\/\/www.foretadrenaline.com\/constructeur\/wp-content\/uploads\/sites\/5\/2019\/05\/Cheminement-Tramp\u00d4forest-\u00e0-For\u00eat-Adr\u00e9naline-Renneso-768x1152.jpg 768w, https:\/\/www.foretadrenaline.com\/constructeur\/wp-content\/uploads\/sites\/5\/2019\/05\/Cheminement-Tramp\u00d4forest-\u00e0-For\u00eat-Adr\u00e9naline-Renneso-1200x1800.jpg 1200w\" sizes=\"auto, (max-width: 683px) 100vw, 683px\" \/><figcaption class=\"wp-element-caption\">Tramp\u00d4forest\u00ae<\/figcaption><\/figure>\n\n\n\n<figure class=\"wp-block-image size-large\"><img loading=\"lazy\" decoding=\"async\" width=\"1024\" height=\"683\" data-id=\"312\" src=\"https:\/\/www.foretadrenaline.com\/constructeur\/wp-content\/uploads\/sites\/5\/2019\/05\/foretadrenaline-rennes-1024x683.jpg\" alt=\"\" class=\"wp-image-312\" srcset=\"https:\/\/www.foretadrenaline.com\/constructeur\/wp-content\/uploads\/sites\/5\/2019\/05\/foretadrenaline-rennes-1024x683.jpg 1024w, https:\/\/www.foretadrenaline.com\/constructeur\/wp-content\/uploads\/sites\/5\/2019\/05\/foretadrenaline-rennes-300x200.jpg 300w, https:\/\/www.foretadrenaline.com\/constructeur\/wp-content\/uploads\/sites\/5\/2019\/05\/foretadrenaline-rennes-768x512.jpg 768w, https:\/\/www.foretadrenaline.com\/constructeur\/wp-content\/uploads\/sites\/5\/2019\/05\/foretadrenaline-rennes-1200x800.jpg 1200w\" sizes=\"auto, (max-width: 1024px) 100vw, 1024px\" \/><figcaption class=\"wp-element-caption\">balan\u00e7oire<\/figcaption><\/figure>\n\n\n\n<figure class=\"wp-block-image size-large\"><img loading=\"lazy\" decoding=\"async\" width=\"1024\" height=\"682\" data-id=\"628\" src=\"https:\/\/www.foretadrenaline.com\/constructeur\/wp-content\/uploads\/sites\/5\/2019\/06\/IMG-90-sur-90-1024x682.jpg\" alt=\"for\u00eat adr\u00e9naline Rennes\" class=\"wp-image-628\" srcset=\"https:\/\/www.foretadrenaline.com\/constructeur\/wp-content\/uploads\/sites\/5\/2019\/06\/IMG-90-sur-90-1024x682.jpg 1024w, https:\/\/www.foretadrenaline.com\/constructeur\/wp-content\/uploads\/sites\/5\/2019\/06\/IMG-90-sur-90-300x200.jpg 300w, https:\/\/www.foretadrenaline.com\/constructeur\/wp-content\/uploads\/sites\/5\/2019\/06\/IMG-90-sur-90-768x512.jpg 768w, https:\/\/www.foretadrenaline.com\/constructeur\/wp-content\/uploads\/sites\/5\/2019\/06\/IMG-90-sur-90-1200x799.jpg 1200w\" sizes=\"auto, (max-width: 1024px) 100vw, 1024px\" \/><\/figure>\n<\/figure>\n\n\n\n<figure class=\"wp-block-gallery has-nested-images columns-default is-cropped wp-block-gallery-2 is-layout-flex wp-block-gallery-is-layout-flex\">\n<figure class=\"wp-block-image size-large\"><img loading=\"lazy\" decoding=\"async\" width=\"1024\" height=\"685\" data-id=\"382\" src=\"https:\/\/www.foretadrenaline.com\/constructeur\/wp-content\/uploads\/sites\/5\/2019\/05\/CST_0106-1024x685.jpg\" alt=\"for\u00eat adr\u00e9naline Rennes\" class=\"wp-image-382\" srcset=\"https:\/\/www.foretadrenaline.com\/constructeur\/wp-content\/uploads\/sites\/5\/2019\/05\/CST_0106-1024x685.jpg 1024w, https:\/\/www.foretadrenaline.com\/constructeur\/wp-content\/uploads\/sites\/5\/2019\/05\/CST_0106-300x201.jpg 300w, https:\/\/www.foretadrenaline.com\/constructeur\/wp-content\/uploads\/sites\/5\/2019\/05\/CST_0106-768x514.jpg 768w, https:\/\/www.foretadrenaline.com\/constructeur\/wp-content\/uploads\/sites\/5\/2019\/05\/CST_0106-1200x803.jpg 1200w, https:\/\/www.foretadrenaline.com\/constructeur\/wp-content\/uploads\/sites\/5\/2019\/05\/CST_0106.jpg 1936w\" sizes=\"auto, (max-width: 1024px) 100vw, 1024px\" \/><figcaption class=\"wp-element-caption\">tramp\u00d4forest\u00ae<\/figcaption><\/figure>\n\n\n\n<figure class=\"wp-block-image size-large\"><img loading=\"lazy\" decoding=\"async\" width=\"1024\" height=\"683\" data-id=\"296\" src=\"https:\/\/www.foretadrenaline.com\/constructeur\/wp-content\/uploads\/sites\/5\/2019\/05\/piscine-\u00e0-balle-2-1024x683-1024x683.jpg\" alt=\"for\u00eat adr\u00e9naline Rennes\" class=\"wp-image-296\" srcset=\"https:\/\/www.foretadrenaline.com\/constructeur\/wp-content\/uploads\/sites\/5\/2019\/05\/piscine-\u00e0-balle-2-1024x683.jpg 1024w, https:\/\/www.foretadrenaline.com\/constructeur\/wp-content\/uploads\/sites\/5\/2019\/05\/piscine-\u00e0-balle-2-1024x683-300x200.jpg 300w, https:\/\/www.foretadrenaline.com\/constructeur\/wp-content\/uploads\/sites\/5\/2019\/05\/piscine-\u00e0-balle-2-1024x683-768x512.jpg 768w\" sizes=\"auto, (max-width: 1024px) 100vw, 1024px\" \/><figcaption class=\"wp-element-caption\">Balles<\/figcaption><\/figure>\n\n\n\n<figure class=\"wp-block-image size-large\"><img loading=\"lazy\" decoding=\"async\" width=\"683\" height=\"1024\" data-id=\"683\" src=\"https:\/\/www.foretadrenaline.com\/constructeur\/wp-content\/uploads\/sites\/5\/2019\/06\/IMG-70-sur-90-683x1024.jpg\" alt=\"for\u00eat adr\u00e9naline Rennes\" class=\"wp-image-683\" srcset=\"https:\/\/www.foretadrenaline.com\/constructeur\/wp-content\/uploads\/sites\/5\/2019\/06\/IMG-70-sur-90-683x1024.jpg 683w, https:\/\/www.foretadrenaline.com\/constructeur\/wp-content\/uploads\/sites\/5\/2019\/06\/IMG-70-sur-90-200x300.jpg 200w, https:\/\/www.foretadrenaline.com\/constructeur\/wp-content\/uploads\/sites\/5\/2019\/06\/IMG-70-sur-90-768x1152.jpg 768w, https:\/\/www.foretadrenaline.com\/constructeur\/wp-content\/uploads\/sites\/5\/2019\/06\/IMG-70-sur-90-1200x1800.jpg 1200w\" sizes=\"auto, (max-width: 683px) 100vw, 683px\" \/><figcaption class=\"wp-element-caption\">Parcours Serpent<\/figcaption><\/figure>\n<\/figure>\n","protected":false},"excerpt":{"rendered":"<p>D\u00e9couvrez For\u00eat Adr\u00e9naline \u00e0 Rennes Situ\u00e9 \u00e0 quelques minutes du centre-ville de Rennes et au c\u0153ur de la base de loisirs des Gayeulles, le parc For\u00eat Adr\u00e9naline de Rennes offre une situation id\u00e9ale pour pratiquer l\u2019accrobranche. Facilement accessible en transports, nous vous accueillons dans un petit \u00e9crin de verdure au c\u0153ur de la ville. Nous&hellip;<\/p>\n","protected":false},"author":1,"featured_media":1465,"parent":0,"menu_order":0,"comment_status":"closed","ping_status":"closed","template":"","meta":{"_acf_changed":false,"footnotes":""},"class_list":["post-46","page","type-page","status-publish","has-post-thumbnail","hentry"],"acf":[],"yoast_head":"<!-- This site is optimized with the Yoast SEO plugin v27.5 - https:\/\/yoast.com\/product\/yoast-seo-wordpress\/ -->\n<title>Le parc Aventure For\u00eat Adr\u00e9naline Rennes en quelques mots<\/title>\n<meta name=\"description\" content=\"Le parc Aventure For\u00eat Adr\u00e9naline de Rennes vous propose 17 parcours accessibles d\u00e8s 2 ans ainsi qu&#039;un gigantesque parc Tramp\u00d4forest\u00ae.\" \/>\n<meta name=\"robots\" content=\"index, follow, max-snippet:-1, max-image-preview:large, max-video-preview:-1\" \/>\n<link rel=\"canonical\" href=\"https:\/\/www.foretadrenaline.com\/constructeur\/foret-adrenaline-rennes\/\" \/>\n<meta property=\"og:locale\" content=\"fr_FR\" \/>\n<meta property=\"og:type\" content=\"article\" \/>\n<meta property=\"og:title\" content=\"Le parc Aventure For\u00eat Adr\u00e9naline Rennes en quelques mots\" \/>\n<meta property=\"og:description\" content=\"Le parc Aventure For\u00eat Adr\u00e9naline de Rennes vous propose 17 parcours accessibles d\u00e8s 2 ans ainsi qu&#039;un gigantesque parc Tramp\u00d4forest\u00ae.\" \/>\n<meta property=\"og:url\" content=\"https:\/\/www.foretadrenaline.com\/constructeur\/foret-adrenaline-rennes\/\" \/>\n<meta property=\"og:site_name\" content=\"For\u00eat Adr\u00e9naline - Constructeur\" \/>\n<meta property=\"article:modified_time\" content=\"2023-03-17T15:05:06+00:00\" \/>\n<meta property=\"og:image\" content=\"https:\/\/www.foretadrenaline.com\/constructeur\/wp-content\/uploads\/sites\/5\/2021\/03\/Accrobranche-50_compresse-pour-site-web-scaled.jpg\" \/>\n\t<meta property=\"og:image:width\" content=\"2048\" \/>\n\t<meta property=\"og:image:height\" content=\"1365\" \/>\n\t<meta property=\"og:image:type\" content=\"image\/jpeg\" \/>\n<meta name=\"twitter:card\" content=\"summary_large_image\" \/>\n<meta name=\"twitter:label1\" content=\"Dur\u00e9e de lecture estim\u00e9e\" \/>\n\t<meta name=\"twitter:data1\" content=\"3 minutes\" \/>\n<script type=\"application\/ld+json\" class=\"yoast-schema-graph\">{\"@context\":\"https:\\\/\\\/schema.org\",\"@graph\":[{\"@type\":\"WebPage\",\"@id\":\"https:\\\/\\\/www.foretadrenaline.com\\\/constructeur\\\/foret-adrenaline-rennes\\\/\",\"url\":\"https:\\\/\\\/www.foretadrenaline.com\\\/constructeur\\\/foret-adrenaline-rennes\\\/\",\"name\":\"Le parc Aventure For\u00eat Adr\u00e9naline Rennes en quelques mots\",\"isPartOf\":{\"@id\":\"https:\\\/\\\/www.foretadrenaline.com\\\/constructeur\\\/#website\"},\"primaryImageOfPage\":{\"@id\":\"https:\\\/\\\/www.foretadrenaline.com\\\/constructeur\\\/foret-adrenaline-rennes\\\/#primaryimage\"},\"image\":{\"@id\":\"https:\\\/\\\/www.foretadrenaline.com\\\/constructeur\\\/foret-adrenaline-rennes\\\/#primaryimage\"},\"thumbnailUrl\":\"https:\\\/\\\/www.foretadrenaline.com\\\/constructeur\\\/wp-content\\\/uploads\\\/sites\\\/5\\\/2021\\\/03\\\/Accrobranche-50_compresse-pour-site-web-scaled.jpg\",\"datePublished\":\"2019-05-17T14:39:53+00:00\",\"dateModified\":\"2023-03-17T15:05:06+00:00\",\"description\":\"Le parc Aventure For\u00eat Adr\u00e9naline de Rennes vous propose 17 parcours accessibles d\u00e8s 2 ans ainsi qu'un gigantesque parc Tramp\u00d4forest\u00ae.\",\"breadcrumb\":{\"@id\":\"https:\\\/\\\/www.foretadrenaline.com\\\/constructeur\\\/foret-adrenaline-rennes\\\/#breadcrumb\"},\"inLanguage\":\"fr-FR\",\"potentialAction\":[{\"@type\":\"ReadAction\",\"target\":[\"https:\\\/\\\/www.foretadrenaline.com\\\/constructeur\\\/foret-adrenaline-rennes\\\/\"]}]},{\"@type\":\"ImageObject\",\"inLanguage\":\"fr-FR\",\"@id\":\"https:\\\/\\\/www.foretadrenaline.com\\\/constructeur\\\/foret-adrenaline-rennes\\\/#primaryimage\",\"url\":\"https:\\\/\\\/www.foretadrenaline.com\\\/constructeur\\\/wp-content\\\/uploads\\\/sites\\\/5\\\/2021\\\/03\\\/Accrobranche-50_compresse-pour-site-web-scaled.jpg\",\"contentUrl\":\"https:\\\/\\\/www.foretadrenaline.com\\\/constructeur\\\/wp-content\\\/uploads\\\/sites\\\/5\\\/2021\\\/03\\\/Accrobranche-50_compresse-pour-site-web-scaled.jpg\",\"width\":2048,\"height\":1365},{\"@type\":\"BreadcrumbList\",\"@id\":\"https:\\\/\\\/www.foretadrenaline.com\\\/constructeur\\\/foret-adrenaline-rennes\\\/#breadcrumb\",\"itemListElement\":[{\"@type\":\"ListItem\",\"position\":1,\"name\":\"Accueil\",\"item\":\"https:\\\/\\\/www.foretadrenaline.com\\\/constructeur\\\/\"},{\"@type\":\"ListItem\",\"position\":2,\"name\":\"For\u00eat Adr\u00e9naline Rennes\"}]},{\"@type\":\"WebSite\",\"@id\":\"https:\\\/\\\/www.foretadrenaline.com\\\/constructeur\\\/#website\",\"url\":\"https:\\\/\\\/www.foretadrenaline.com\\\/constructeur\\\/\",\"name\":\"For\u00eat Adr\u00e9naline - Constructeur\",\"description\":\"Just another For\u00eat Adr\u00e9naline site\",\"potentialAction\":[{\"@type\":\"SearchAction\",\"target\":{\"@type\":\"EntryPoint\",\"urlTemplate\":\"https:\\\/\\\/www.foretadrenaline.com\\\/constructeur\\\/?s={search_term_string}\"},\"query-input\":{\"@type\":\"PropertyValueSpecification\",\"valueRequired\":true,\"valueName\":\"search_term_string\"}}],\"inLanguage\":\"fr-FR\"}]}<\/script>\n<!-- \/ Yoast SEO plugin. -->","yoast_head_json":{"title":"Le parc Aventure For\u00eat Adr\u00e9naline Rennes en quelques mots","description":"Le parc Aventure For\u00eat Adr\u00e9naline de Rennes vous propose 17 parcours accessibles d\u00e8s 2 ans ainsi qu'un gigantesque parc Tramp\u00d4forest\u00ae.","robots":{"index":"index","follow":"follow","max-snippet":"max-snippet:-1","max-image-preview":"max-image-preview:large","max-video-preview":"max-video-preview:-1"},"canonical":"https:\/\/www.foretadrenaline.com\/constructeur\/foret-adrenaline-rennes\/","og_locale":"fr_FR","og_type":"article","og_title":"Le parc Aventure For\u00eat Adr\u00e9naline Rennes en quelques mots","og_description":"Le parc Aventure For\u00eat Adr\u00e9naline de Rennes vous propose 17 parcours accessibles d\u00e8s 2 ans ainsi qu'un gigantesque parc Tramp\u00d4forest\u00ae.","og_url":"https:\/\/www.foretadrenaline.com\/constructeur\/foret-adrenaline-rennes\/","og_site_name":"For\u00eat Adr\u00e9naline - Constructeur","article_modified_time":"2023-03-17T15:05:06+00:00","og_image":[{"width":2048,"height":1365,"url":"https:\/\/www.foretadrenaline.com\/constructeur\/wp-content\/uploads\/sites\/5\/2021\/03\/Accrobranche-50_compresse-pour-site-web-scaled.jpg","type":"image\/jpeg"}],"twitter_card":"summary_large_image","twitter_misc":{"Dur\u00e9e de lecture estim\u00e9e":"3 minutes"},"schema":{"@context":"https:\/\/schema.org","@graph":[{"@type":"WebPage","@id":"https:\/\/www.foretadrenaline.com\/constructeur\/foret-adrenaline-rennes\/","url":"https:\/\/www.foretadrenaline.com\/constructeur\/foret-adrenaline-rennes\/","name":"Le parc Aventure For\u00eat Adr\u00e9naline Rennes en quelques mots","isPartOf":{"@id":"https:\/\/www.foretadrenaline.com\/constructeur\/#website"},"primaryImageOfPage":{"@id":"https:\/\/www.foretadrenaline.com\/constructeur\/foret-adrenaline-rennes\/#primaryimage"},"image":{"@id":"https:\/\/www.foretadrenaline.com\/constructeur\/foret-adrenaline-rennes\/#primaryimage"},"thumbnailUrl":"https:\/\/www.foretadrenaline.com\/constructeur\/wp-content\/uploads\/sites\/5\/2021\/03\/Accrobranche-50_compresse-pour-site-web-scaled.jpg","datePublished":"2019-05-17T14:39:53+00:00","dateModified":"2023-03-17T15:05:06+00:00","description":"Le parc Aventure For\u00eat Adr\u00e9naline de Rennes vous propose 17 parcours accessibles d\u00e8s 2 ans ainsi qu'un gigantesque parc Tramp\u00d4forest\u00ae.","breadcrumb":{"@id":"https:\/\/www.foretadrenaline.com\/constructeur\/foret-adrenaline-rennes\/#breadcrumb"},"inLanguage":"fr-FR","potentialAction":[{"@type":"ReadAction","target":["https:\/\/www.foretadrenaline.com\/constructeur\/foret-adrenaline-rennes\/"]}]},{"@type":"ImageObject","inLanguage":"fr-FR","@id":"https:\/\/www.foretadrenaline.com\/constructeur\/foret-adrenaline-rennes\/#primaryimage","url":"https:\/\/www.foretadrenaline.com\/constructeur\/wp-content\/uploads\/sites\/5\/2021\/03\/Accrobranche-50_compresse-pour-site-web-scaled.jpg","contentUrl":"https:\/\/www.foretadrenaline.com\/constructeur\/wp-content\/uploads\/sites\/5\/2021\/03\/Accrobranche-50_compresse-pour-site-web-scaled.jpg","width":2048,"height":1365},{"@type":"BreadcrumbList","@id":"https:\/\/www.foretadrenaline.com\/constructeur\/foret-adrenaline-rennes\/#breadcrumb","itemListElement":[{"@type":"ListItem","position":1,"name":"Accueil","item":"https:\/\/www.foretadrenaline.com\/constructeur\/"},{"@type":"ListItem","position":2,"name":"For\u00eat Adr\u00e9naline Rennes"}]},{"@type":"WebSite","@id":"https:\/\/www.foretadrenaline.com\/constructeur\/#website","url":"https:\/\/www.foretadrenaline.com\/constructeur\/","name":"For\u00eat Adr\u00e9naline - Constructeur","description":"Just another For\u00eat Adr\u00e9naline site","potentialAction":[{"@type":"SearchAction","target":{"@type":"EntryPoint","urlTemplate":"https:\/\/www.foretadrenaline.com\/constructeur\/?s={search_term_string}"},"query-input":{"@type":"PropertyValueSpecification","valueRequired":true,"valueName":"search_term_string"}}],"inLanguage":"fr-FR"}]}},"_links":{"self":[{"href":"https:\/\/www.foretadrenaline.com\/constructeur\/wp-json\/wp\/v2\/pages\/46","targetHints":{"allow":["GET"]}}],"collection":[{"href":"https:\/\/www.foretadrenaline.com\/constructeur\/wp-json\/wp\/v2\/pages"}],"about":[{"href":"https:\/\/www.foretadrenaline.com\/constructeur\/wp-json\/wp\/v2\/types\/page"}],"author":[{"embeddable":true,"href":"https:\/\/www.foretadrenaline.com\/constructeur\/wp-json\/wp\/v2\/users\/1"}],"replies":[{"embeddable":true,"href":"https:\/\/www.foretadrenaline.com\/constructeur\/wp-json\/wp\/v2\/comments?post=46"}],"version-history":[{"count":14,"href":"https:\/\/www.foretadrenaline.com\/constructeur\/wp-json\/wp\/v2\/pages\/46\/revisions"}],"predecessor-version":[{"id":2190,"href":"https:\/\/www.foretadrenaline.com\/constructeur\/wp-json\/wp\/v2\/pages\/46\/revisions\/2190"}],"wp:featuredmedia":[{"embeddable":true,"href":"https:\/\/www.foretadrenaline.com\/constructeur\/wp-json\/wp\/v2\/media\/1465"}],"wp:attachment":[{"href":"https:\/\/www.foretadrenaline.com\/constructeur\/wp-json\/wp\/v2\/media?parent=46"}],"curies":[{"name":"wp","href":"https:\/\/api.w.org\/{rel}","templated":true}]}}