{"id":9,"date":"2019-05-17T08:46:44","date_gmt":"2019-05-17T08:46:44","guid":{"rendered":"https:\/\/www.foretadrenaline.com\/constructeur\/?page_id=9"},"modified":"2025-06-25T13:32:20","modified_gmt":"2025-06-25T13:32:20","slug":"contact","status":"publish","type":"page","link":"https:\/\/www.foretadrenaline.com\/constructeur\/contact\/","title":{"rendered":"Contact"},"content":{"rendered":"\n<h3 class=\"wp-block-heading\"><strong>Pour tout renseignement, contactez nous<\/strong> via le formulaire&#8230;<\/h3>\n\n\n<script type=\"text\/javascript\">\n\/* <![CDATA[ *\/\nvar gform;gform||(document.addEventListener(\"gform_main_scripts_loaded\",function(){gform.scriptsLoaded=!0}),document.addEventListener(\"gform\/theme\/scripts_loaded\",function(){gform.themeScriptsLoaded=!0}),window.addEventListener(\"DOMContentLoaded\",function(){gform.domLoaded=!0}),gform={domLoaded:!1,scriptsLoaded:!1,themeScriptsLoaded:!1,isFormEditor:()=>\"function\"==typeof InitializeEditor,callIfLoaded:function(o){return!(!gform.domLoaded||!gform.scriptsLoaded||!gform.themeScriptsLoaded&&!gform.isFormEditor()||(gform.isFormEditor()&&console.warn(\"The use of gform.initializeOnLoaded() is deprecated in the form editor context and will be removed in Gravity Forms 3.1.\"),o(),0))},initializeOnLoaded:function(o){gform.callIfLoaded(o)||(document.addEventListener(\"gform_main_scripts_loaded\",()=>{gform.scriptsLoaded=!0,gform.callIfLoaded(o)}),document.addEventListener(\"gform\/theme\/scripts_loaded\",()=>{gform.themeScriptsLoaded=!0,gform.callIfLoaded(o)}),window.addEventListener(\"DOMContentLoaded\",()=>{gform.domLoaded=!0,gform.callIfLoaded(o)}))},hooks:{action:{},filter:{}},addAction:function(o,r,e,t){gform.addHook(\"action\",o,r,e,t)},addFilter:function(o,r,e,t){gform.addHook(\"filter\",o,r,e,t)},doAction:function(o){gform.doHook(\"action\",o,arguments)},applyFilters:function(o){return gform.doHook(\"filter\",o,arguments)},removeAction:function(o,r){gform.removeHook(\"action\",o,r)},removeFilter:function(o,r,e){gform.removeHook(\"filter\",o,r,e)},addHook:function(o,r,e,t,n){null==gform.hooks[o][r]&&(gform.hooks[o][r]=[]);var d=gform.hooks[o][r];null==n&&(n=r+\"_\"+d.length),gform.hooks[o][r].push({tag:n,callable:e,priority:t=null==t?10:t})},doHook:function(r,o,e){var t;if(e=Array.prototype.slice.call(e,1),null!=gform.hooks[r][o]&&((o=gform.hooks[r][o]).sort(function(o,r){return o.priority-r.priority}),o.forEach(function(o){\"function\"!=typeof(t=o.callable)&&(t=window[t]),\"action\"==r?t.apply(null,e):e[0]=t.apply(null,e)})),\"filter\"==r)return e[0]},removeHook:function(o,r,t,n){var e;null!=gform.hooks[o][r]&&(e=(e=gform.hooks[o][r]).filter(function(o,r,e){return!!(null!=n&&n!=o.tag||null!=t&&t!=o.priority)}),gform.hooks[o][r]=e)}});\n\/* ]]> *\/\n<\/script>\n\n                <div class='gf_browser_gecko gform_wrapper gform_legacy_markup_wrapper gform-theme--no-framework' data-form-theme='legacy' data-form-index='0' id='gform_wrapper_1' ><div id='gf_1' class='gform_anchor' tabindex='-1'><\/div><form method='post' enctype='multipart\/form-data' target='gform_ajax_frame_1' id='gform_1'  action='\/constructeur\/wp-json\/wp\/v2\/pages\/9#gf_1' data-formid='1' novalidate>\n                        <div class='gform-body gform_body'><ul id='gform_fields_1' class='gform_fields top_label form_sublabel_below description_below validation_below'><li id=\"field_1_1\" class=\"gfield gfield--type-text gfield--input-type-text gf_left_half gfield_contains_required field_sublabel_below gfield--no-description field_description_below field_validation_below gfield_visibility_visible\"  ><label class='gfield_label gform-field-label' for='input_1_1'>Nom<span class=\"gfield_required\"><span class=\"gfield_required gfield_required_asterisk\">*<\/span><\/span><\/label><div class='ginput_container ginput_container_text'><input name='input_1' id='input_1_1' type='text' value='' class='medium'   tabindex='49'  aria-required=\"true\" aria-invalid=\"false\"   \/><\/div><\/li><li id=\"field_1_2\" class=\"gfield gfield--type-text gfield--input-type-text gf_right_half gfield_contains_required field_sublabel_below gfield--no-description field_description_below field_validation_below gfield_visibility_visible\"  ><label class='gfield_label gform-field-label' for='input_1_2'>Pr\u00e9nom<span class=\"gfield_required\"><span class=\"gfield_required gfield_required_asterisk\">*<\/span><\/span><\/label><div class='ginput_container ginput_container_text'><input name='input_2' id='input_1_2' type='text' value='' class='medium'   tabindex='50'  aria-required=\"true\" aria-invalid=\"false\"   \/><\/div><\/li><li id=\"field_1_3\" class=\"gfield gfield--type-text gfield--input-type-text gfield_contains_required field_sublabel_below gfield--no-description field_description_below field_validation_below gfield_visibility_visible\"  ><label class='gfield_label gform-field-label' for='input_1_3'>Nom de la soci\u00e9t\u00e9<span class=\"gfield_required\"><span class=\"gfield_required gfield_required_asterisk\">*<\/span><\/span><\/label><div class='ginput_container ginput_container_text'><input name='input_3' id='input_1_3' type='text' value='' class='large'   tabindex='51'  aria-required=\"true\" aria-invalid=\"false\"   \/><\/div><\/li><li id=\"field_1_4\" class=\"gfield gfield--type-email gfield--input-type-email gf_left_half gfield_contains_required field_sublabel_below gfield--no-description field_description_below field_validation_below gfield_visibility_visible\"  ><label class='gfield_label gform-field-label' for='input_1_4'>E-mail<span class=\"gfield_required\"><span class=\"gfield_required gfield_required_asterisk\">*<\/span><\/span><\/label><div class='ginput_container ginput_container_email'>\n                            <input name='input_4' id='input_1_4' type='email' value='' class='medium' tabindex='52'   aria-required=\"true\" aria-invalid=\"false\"  \/>\n                        <\/div><\/li><li id=\"field_1_5\" class=\"gfield gfield--type-phone gfield--input-type-phone gf_right_half gfield_contains_required field_sublabel_below gfield--no-description field_description_below field_validation_below gfield_visibility_visible\"  ><label class='gfield_label gform-field-label' for='input_1_5'>T\u00e9l\u00e9phone<span class=\"gfield_required\"><span class=\"gfield_required gfield_required_asterisk\">*<\/span><\/span><\/label><div class='ginput_container ginput_container_phone'><input name='input_5' id='input_1_5' type='tel' value='' class='medium' tabindex='53'  aria-required=\"true\" aria-invalid=\"false\"   \/><\/div><\/li><li id=\"field_1_7\" class=\"gfield gfield--type-select gfield--input-type-select form-type-devis gfield_contains_required field_sublabel_below gfield--no-description field_description_below field_validation_below gfield_visibility_visible\"  ><label class='gfield_label gform-field-label' for='input_1_7'>Sujet<span class=\"gfield_required\"><span class=\"gfield_required gfield_required_asterisk\">*<\/span><\/span><\/label><div class='ginput_container ginput_container_select'><select name='input_7' id='input_1_7' class='large gfield_select' tabindex='54'   aria-required=\"true\" aria-invalid=\"false\" ><option value='' selected='selected' class='gf_placeholder'>Choisir un sujet<\/option><option value='Je veux prendre rendez-vous - Moutain Planet 2026' >Je veux prendre rendez-vous - Moutain Planet 2026<\/option><option value='Int\u00e9ress\u00e9(e) par Le Tramp\u00d4forest\u00ae' >Int\u00e9ress\u00e9(e) par Le Tramp\u00d4forest\u00ae<\/option><option value='Int\u00e9ress\u00e9(e) par le Tramp\u00d4ninja\u00ae' >Int\u00e9ress\u00e9(e) par le Tramp\u00d4ninja\u00ae<\/option><option value='Int\u00e9ress\u00e9(e) par l&#039;accrobranche' >Int\u00e9ress\u00e9(e) par l&#039;accrobranche<\/option><option value='Int\u00e9ress\u00e9(e) par les cabanes et ateliers au sol' >Int\u00e9ress\u00e9(e) par les cabanes et ateliers au sol<\/option><option value='Int\u00e9ress\u00e9(e) par du mat\u00e9riel' >Int\u00e9ress\u00e9(e) par du mat\u00e9riel<\/option><option value='Autre demande' >Autre demande<\/option><\/select><\/div><\/li><li id=\"field_1_6\" class=\"gfield gfield--type-textarea gfield--input-type-textarea gfield_contains_required field_sublabel_below gfield--no-description field_description_below field_validation_below gfield_visibility_visible\"  ><label class='gfield_label gform-field-label' for='input_1_6'>Message<span class=\"gfield_required\"><span class=\"gfield_required gfield_required_asterisk\">*<\/span><\/span><\/label><div class='ginput_container ginput_container_textarea'><textarea name='input_6' id='input_1_6' class='textarea medium' tabindex='55'    aria-required=\"true\" aria-invalid=\"false\"   rows='10' cols='50'><\/textarea><\/div><\/li><li id=\"field_1_8\" class=\"gfield gfield--type-captcha gfield--input-type-captcha gfield--width-full field_sublabel_below gfield--no-description field_description_below hidden_label field_validation_below gfield_visibility_visible\"  ><label class='gfield_label gform-field-label' for='input_1_8'>CAPTCHA<\/label><div id='input_1_8' class='ginput_container ginput_recaptcha' data-sitekey='6Ldo1QojAAAAAPRUyKtS2ffprw4ovUWlnEkxyv8R'  data-theme='light' data-tabindex='-1' data-size='invisible' data-badge='bottomright'><\/div><\/li><\/ul><\/div>\n        <div class='gform-footer gform_footer top_label'> <input type='submit' id='gform_submit_button_1' class='gform_button button btn' onclick='gform.submission.handleButtonClick(this);' data-submission-type='submit' value='Envoyer' tabindex='56' \/> <input type='hidden' name='gform_ajax' value='form_id=1&amp;title=&amp;description=&amp;tabindex=49&amp;theme=legacy&amp;styles=[]&amp;hash=7478a9d81d2adeb34944758033f54edd' \/>\n            <input type='hidden' class='gform_hidden' name='gform_submission_method' data-js='gform_submission_method_1' value='iframe' \/>\n            <input type='hidden' class='gform_hidden' name='gform_theme' data-js='gform_theme_1' id='gform_theme_1' value='legacy' \/>\n            <input type='hidden' class='gform_hidden' name='gform_style_settings' data-js='gform_style_settings_1' id='gform_style_settings_1' value='[]' \/>\n            <input type='hidden' class='gform_hidden' name='is_submit_1' value='1' \/>\n            <input type='hidden' class='gform_hidden' name='gform_submit' value='1' \/>\n            \n            <input type='hidden' class='gform_hidden' name='gform_currency' data-currency='USD' value='XXwj6c82rqMzO2uZzGMhxVpFUbStynBnKlepLuS6tkLGNwQJBAvmfd3QKARxpJ0t8uAE5IpaHJIdFWBLu3xsksdMSQ1IGOLJwVkZXF7uCzbolMQ=' \/>\n            <input type='hidden' class='gform_hidden' name='gform_unique_id' value='' \/>\n            <input type='hidden' class='gform_hidden' name='state_1' value='WyJbXSIsImI0NGY5MGU0NWZhNTE5NjI5OTkxYzRlYzIwNzAwNmYzIl0=' \/>\n            <input type='hidden' autocomplete='off' class='gform_hidden' name='gform_target_page_number_1' id='gform_target_page_number_1' value='0' \/>\n            <input type='hidden' autocomplete='off' class='gform_hidden' name='gform_source_page_number_1' id='gform_source_page_number_1' value='1' \/>\n            <input type='hidden' name='gform_field_values' value='' \/>\n            \n        <\/div>\n                        <\/form>\n                        <\/div>\n\t\t                <iframe style='display:none;width:0px;height:0px;' src='about:blank' name='gform_ajax_frame_1' id='gform_ajax_frame_1' title='Cette iframe contient la logique n\u00e9cessaire pour manipuler Gravity Forms avec Ajax.'><\/iframe>\n\t\t                <script type=\"text\/javascript\">\n\/* <![CDATA[ *\/\n gform.initializeOnLoaded( function() {gformInitSpinner( 1, 'https:\/\/www.foretadrenaline.com\/constructeur\/wp-content\/plugins\/gravityforms\/images\/spinner.svg', true );jQuery('#gform_ajax_frame_1').on('load',function(){var contents = jQuery(this).contents().find('*').html();var is_postback = contents.indexOf('GF_AJAX_POSTBACK') >= 0;if(!is_postback){return;}var form_content = jQuery(this).contents().find('#gform_wrapper_1');var is_confirmation = jQuery(this).contents().find('#gform_confirmation_wrapper_1').length > 0;var is_redirect = contents.indexOf('gformRedirect(){') >= 0;var is_form = form_content.length > 0 && ! is_redirect && ! is_confirmation;var mt = parseInt(jQuery('html').css('margin-top'), 10) + parseInt(jQuery('body').css('margin-top'), 10) + 100;if(is_form){jQuery('#gform_wrapper_1').html(form_content.html());if(form_content.hasClass('gform_validation_error')){jQuery('#gform_wrapper_1').addClass('gform_validation_error');} else {jQuery('#gform_wrapper_1').removeClass('gform_validation_error');}setTimeout( function() { \/* delay the scroll by 50 milliseconds to fix a bug in chrome *\/ jQuery(document).scrollTop(jQuery('#gform_wrapper_1').offset().top - mt); }, 50 );if(window['gformInitDatepicker']) {gformInitDatepicker();}if(window['gformInitPriceFields']) {gformInitPriceFields();}var current_page = jQuery('#gform_source_page_number_1').val();gformInitSpinner( 1, 'https:\/\/www.foretadrenaline.com\/constructeur\/wp-content\/plugins\/gravityforms\/images\/spinner.svg', true );jQuery(document).trigger('gform_page_loaded', [1, current_page]);window['gf_submitting_1'] = false;}else if(!is_redirect){var confirmation_content = jQuery(this).contents().find('.GF_AJAX_POSTBACK').html();if(!confirmation_content){confirmation_content = contents;}jQuery('#gform_wrapper_1').replaceWith(confirmation_content);jQuery(document).scrollTop(jQuery('#gf_1').offset().top - mt);jQuery(document).trigger('gform_confirmation_loaded', [1]);window['gf_submitting_1'] = false;wp.a11y.speak(jQuery('#gform_confirmation_message_1').text());}else{jQuery('#gform_1').append(contents);if(window['gformRedirect']) {gformRedirect();}}jQuery(document).trigger(\"gform_pre_post_render\", [{ formId: \"1\", currentPage: \"current_page\", abort: function() { this.preventDefault(); } }]);        if (event && event.defaultPrevented) {                return;        }        const gformWrapperDiv = document.getElementById( \"gform_wrapper_1\" );        if ( gformWrapperDiv ) {            const visibilitySpan = document.createElement( \"span\" );            visibilitySpan.id = \"gform_visibility_test_1\";            gformWrapperDiv.insertAdjacentElement( \"afterend\", visibilitySpan );        }        const visibilityTestDiv = document.getElementById( \"gform_visibility_test_1\" );        let postRenderFired = false;        function triggerPostRender() {            if ( postRenderFired ) {                return;            }            postRenderFired = true;            gform.core.triggerPostRenderEvents( 1, current_page );            if ( visibilityTestDiv ) {                visibilityTestDiv.parentNode.removeChild( visibilityTestDiv );            }        }        function debounce( func, wait, immediate ) {            var timeout;            return function() {                var context = this, args = arguments;                var later = function() {                    timeout = null;                    if ( !immediate ) func.apply( context, args );                };                var callNow = immediate && !timeout;                clearTimeout( timeout );                timeout = setTimeout( later, wait );                if ( callNow ) func.apply( context, args );            };        }        const debouncedTriggerPostRender = debounce( function() {            triggerPostRender();        }, 200 );        if ( visibilityTestDiv && visibilityTestDiv.offsetParent === null ) {            const observer = new MutationObserver( ( mutations ) => {                mutations.forEach( ( mutation ) => {                    if ( mutation.type === 'attributes' && visibilityTestDiv.offsetParent !== null ) {                        debouncedTriggerPostRender();                        observer.disconnect();                    }                });            });            observer.observe( document.body, {                attributes: true,                childList: false,                subtree: true,                attributeFilter: [ 'style', 'class' ],            });        } else {            triggerPostRender();        }    } );} ); \n\/* ]]> *\/\n<\/script>\n\n\n\n\n<p><strong>David Gibert<\/strong>, Ing\u00e9nieur en m\u00e9canique, fondateur et Dirigeant de For\u00eat Adr\u00e9naline se fera un plaisir de vous renseigner (\u00e9tudes de faisabilit\u00e9s, conseils, logiciel de gestion,\u2026.)<br> <strong>Tel: 02.97.56.71.88<\/strong><br><\/p>\n\n\n\n<p><strong>Florent Trimoreau<\/strong>, Responsable d\u00e9veloppement et nouveaux projets, sp\u00e9cialiste parcours filets Tramp\u00d4forest\u00ae<\/p>\n\n\n\n<p><strong>Erwann Bancais<\/strong>, Conducteur de travaux, sp\u00e9cialiste ligne de vie continue et parcours aventure<\/p>\n\n\n\n<p><strong>Adresse :<\/strong><br>\nFor\u00eat Adr\u00e9naline<br>\nFontainebleau Le Hahon<br>\n56340 Carnac<\/p>\n\n\n\n<h3 class=\"wp-block-heading\">For\u00eat Adr\u00e9naline: constructeur d\u2019aventure et de sensations fortes<\/h3>\n\n\n\n<p>Fort de nos 20 ans d\u2019exp\u00e9rience dans la construction et  l\u2019exploitation de parcs aventures (PAH : parc acrobatique en hauteur) et parcours filet Tramp\u00d4forest\u00ae,  notre \u00e9quipe de constructeurs exp\u00e9riment\u00e9s est \u00e0 m\u00eame de vous proposer  des solutions adapt\u00e9es \u00e0 vos besoins dans le respect le plus strict des  normes de s\u00e9curit\u00e9 en vigueur.<\/p>\n","protected":false},"excerpt":{"rendered":"<p>Pour tout renseignement, contactez nous via le formulaire&#8230; David Gibert, Ing\u00e9nieur en m\u00e9canique, fondateur et Dirigeant de For\u00eat Adr\u00e9naline se fera un plaisir de vous renseigner (\u00e9tudes de faisabilit\u00e9s, conseils, logiciel de gestion,\u2026.) Tel: 02.97.56.71.88 Florent Trimoreau, Responsable d\u00e9veloppement et nouveaux projets, sp\u00e9cialiste parcours filets Tramp\u00d4forest\u00ae Erwann Bancais, Conducteur de travaux, sp\u00e9cialiste ligne de vie&hellip;<\/p>\n","protected":false},"author":1,"featured_media":1367,"parent":0,"menu_order":0,"comment_status":"closed","ping_status":"closed","template":"","meta":{"_acf_changed":false,"footnotes":""},"class_list":["post-9","page","type-page","status-publish","has-post-thumbnail","hentry"],"acf":[],"yoast_head":"<!-- This site is optimized with the Yoast SEO plugin v27.4 - https:\/\/yoast.com\/product\/yoast-seo-wordpress\/ -->\n<title>Contactez-nous - For\u00eat Adr\u00e9naline Constructeur d&#039;aventure<\/title>\n<meta name=\"description\" content=\"Pour tout renseignement concernant la construction de parcours aventure et parcours filet Tramp\u00d4forest\u00ae, contactez nous\" \/>\n<meta name=\"robots\" content=\"index, follow, max-snippet:-1, max-image-preview:large, max-video-preview:-1\" \/>\n<link rel=\"canonical\" href=\"https:\/\/www.foretadrenaline.com\/constructeur\/contact\/\" \/>\n<meta property=\"og:locale\" content=\"fr_FR\" \/>\n<meta property=\"og:type\" content=\"article\" \/>\n<meta property=\"og:title\" content=\"Contactez-nous - For\u00eat Adr\u00e9naline Constructeur d&#039;aventure\" \/>\n<meta property=\"og:description\" content=\"Pour tout renseignement concernant la construction de parcours aventure et parcours filet Tramp\u00d4forest\u00ae, contactez nous\" \/>\n<meta property=\"og:url\" content=\"https:\/\/www.foretadrenaline.com\/constructeur\/contact\/\" \/>\n<meta property=\"og:site_name\" content=\"For\u00eat Adr\u00e9naline - Constructeur\" \/>\n<meta property=\"article:modified_time\" content=\"2025-06-25T13:32:20+00:00\" \/>\n<meta property=\"og:image\" content=\"https:\/\/www.foretadrenaline.com\/constructeur\/wp-content\/uploads\/sites\/5\/2021\/02\/Site-web-4-scaled.jpg\" \/>\n\t<meta property=\"og:image:width\" content=\"2048\" \/>\n\t<meta property=\"og:image:height\" content=\"869\" \/>\n\t<meta property=\"og:image:type\" content=\"image\/jpeg\" \/>\n<meta name=\"twitter:card\" content=\"summary_large_image\" \/>\n<meta name=\"twitter:label1\" content=\"Dur\u00e9e de lecture estim\u00e9e\" \/>\n\t<meta name=\"twitter:data1\" content=\"1 minute\" \/>\n<script type=\"application\/ld+json\" class=\"yoast-schema-graph\">{\"@context\":\"https:\\\/\\\/schema.org\",\"@graph\":[{\"@type\":\"WebPage\",\"@id\":\"https:\\\/\\\/www.foretadrenaline.com\\\/constructeur\\\/contact\\\/\",\"url\":\"https:\\\/\\\/www.foretadrenaline.com\\\/constructeur\\\/contact\\\/\",\"name\":\"Contactez-nous - For\u00eat Adr\u00e9naline Constructeur d'aventure\",\"isPartOf\":{\"@id\":\"https:\\\/\\\/www.foretadrenaline.com\\\/constructeur\\\/#website\"},\"primaryImageOfPage\":{\"@id\":\"https:\\\/\\\/www.foretadrenaline.com\\\/constructeur\\\/contact\\\/#primaryimage\"},\"image\":{\"@id\":\"https:\\\/\\\/www.foretadrenaline.com\\\/constructeur\\\/contact\\\/#primaryimage\"},\"thumbnailUrl\":\"https:\\\/\\\/www.foretadrenaline.com\\\/constructeur\\\/wp-content\\\/uploads\\\/sites\\\/5\\\/2021\\\/02\\\/Site-web-4-scaled.jpg\",\"datePublished\":\"2019-05-17T08:46:44+00:00\",\"dateModified\":\"2025-06-25T13:32:20+00:00\",\"description\":\"Pour tout renseignement concernant la construction de parcours aventure et parcours filet Tramp\u00d4forest\u00ae, contactez nous\",\"breadcrumb\":{\"@id\":\"https:\\\/\\\/www.foretadrenaline.com\\\/constructeur\\\/contact\\\/#breadcrumb\"},\"inLanguage\":\"fr-FR\",\"potentialAction\":[{\"@type\":\"ReadAction\",\"target\":[\"https:\\\/\\\/www.foretadrenaline.com\\\/constructeur\\\/contact\\\/\"]}]},{\"@type\":\"ImageObject\",\"inLanguage\":\"fr-FR\",\"@id\":\"https:\\\/\\\/www.foretadrenaline.com\\\/constructeur\\\/contact\\\/#primaryimage\",\"url\":\"https:\\\/\\\/www.foretadrenaline.com\\\/constructeur\\\/wp-content\\\/uploads\\\/sites\\\/5\\\/2021\\\/02\\\/Site-web-4-scaled.jpg\",\"contentUrl\":\"https:\\\/\\\/www.foretadrenaline.com\\\/constructeur\\\/wp-content\\\/uploads\\\/sites\\\/5\\\/2021\\\/02\\\/Site-web-4-scaled.jpg\",\"width\":2048,\"height\":869},{\"@type\":\"BreadcrumbList\",\"@id\":\"https:\\\/\\\/www.foretadrenaline.com\\\/constructeur\\\/contact\\\/#breadcrumb\",\"itemListElement\":[{\"@type\":\"ListItem\",\"position\":1,\"name\":\"Accueil\",\"item\":\"https:\\\/\\\/www.foretadrenaline.com\\\/constructeur\\\/\"},{\"@type\":\"ListItem\",\"position\":2,\"name\":\"Contact\"}]},{\"@type\":\"WebSite\",\"@id\":\"https:\\\/\\\/www.foretadrenaline.com\\\/constructeur\\\/#website\",\"url\":\"https:\\\/\\\/www.foretadrenaline.com\\\/constructeur\\\/\",\"name\":\"For\u00eat Adr\u00e9naline - Constructeur\",\"description\":\"Just another For\u00eat Adr\u00e9naline site\",\"potentialAction\":[{\"@type\":\"SearchAction\",\"target\":{\"@type\":\"EntryPoint\",\"urlTemplate\":\"https:\\\/\\\/www.foretadrenaline.com\\\/constructeur\\\/?s={search_term_string}\"},\"query-input\":{\"@type\":\"PropertyValueSpecification\",\"valueRequired\":true,\"valueName\":\"search_term_string\"}}],\"inLanguage\":\"fr-FR\"}]}<\/script>\n<!-- \/ Yoast SEO plugin. -->","yoast_head_json":{"title":"Contactez-nous - For\u00eat Adr\u00e9naline Constructeur d'aventure","description":"Pour tout renseignement concernant la construction de parcours aventure et parcours filet Tramp\u00d4forest\u00ae, contactez nous","robots":{"index":"index","follow":"follow","max-snippet":"max-snippet:-1","max-image-preview":"max-image-preview:large","max-video-preview":"max-video-preview:-1"},"canonical":"https:\/\/www.foretadrenaline.com\/constructeur\/contact\/","og_locale":"fr_FR","og_type":"article","og_title":"Contactez-nous - For\u00eat Adr\u00e9naline Constructeur d'aventure","og_description":"Pour tout renseignement concernant la construction de parcours aventure et parcours filet Tramp\u00d4forest\u00ae, contactez nous","og_url":"https:\/\/www.foretadrenaline.com\/constructeur\/contact\/","og_site_name":"For\u00eat Adr\u00e9naline - Constructeur","article_modified_time":"2025-06-25T13:32:20+00:00","og_image":[{"width":2048,"height":869,"url":"https:\/\/www.foretadrenaline.com\/constructeur\/wp-content\/uploads\/sites\/5\/2021\/02\/Site-web-4-scaled.jpg","type":"image\/jpeg"}],"twitter_card":"summary_large_image","twitter_misc":{"Dur\u00e9e de lecture estim\u00e9e":"1 minute"},"schema":{"@context":"https:\/\/schema.org","@graph":[{"@type":"WebPage","@id":"https:\/\/www.foretadrenaline.com\/constructeur\/contact\/","url":"https:\/\/www.foretadrenaline.com\/constructeur\/contact\/","name":"Contactez-nous - For\u00eat Adr\u00e9naline Constructeur d'aventure","isPartOf":{"@id":"https:\/\/www.foretadrenaline.com\/constructeur\/#website"},"primaryImageOfPage":{"@id":"https:\/\/www.foretadrenaline.com\/constructeur\/contact\/#primaryimage"},"image":{"@id":"https:\/\/www.foretadrenaline.com\/constructeur\/contact\/#primaryimage"},"thumbnailUrl":"https:\/\/www.foretadrenaline.com\/constructeur\/wp-content\/uploads\/sites\/5\/2021\/02\/Site-web-4-scaled.jpg","datePublished":"2019-05-17T08:46:44+00:00","dateModified":"2025-06-25T13:32:20+00:00","description":"Pour tout renseignement concernant la construction de parcours aventure et parcours filet Tramp\u00d4forest\u00ae, contactez nous","breadcrumb":{"@id":"https:\/\/www.foretadrenaline.com\/constructeur\/contact\/#breadcrumb"},"inLanguage":"fr-FR","potentialAction":[{"@type":"ReadAction","target":["https:\/\/www.foretadrenaline.com\/constructeur\/contact\/"]}]},{"@type":"ImageObject","inLanguage":"fr-FR","@id":"https:\/\/www.foretadrenaline.com\/constructeur\/contact\/#primaryimage","url":"https:\/\/www.foretadrenaline.com\/constructeur\/wp-content\/uploads\/sites\/5\/2021\/02\/Site-web-4-scaled.jpg","contentUrl":"https:\/\/www.foretadrenaline.com\/constructeur\/wp-content\/uploads\/sites\/5\/2021\/02\/Site-web-4-scaled.jpg","width":2048,"height":869},{"@type":"BreadcrumbList","@id":"https:\/\/www.foretadrenaline.com\/constructeur\/contact\/#breadcrumb","itemListElement":[{"@type":"ListItem","position":1,"name":"Accueil","item":"https:\/\/www.foretadrenaline.com\/constructeur\/"},{"@type":"ListItem","position":2,"name":"Contact"}]},{"@type":"WebSite","@id":"https:\/\/www.foretadrenaline.com\/constructeur\/#website","url":"https:\/\/www.foretadrenaline.com\/constructeur\/","name":"For\u00eat Adr\u00e9naline - Constructeur","description":"Just another For\u00eat Adr\u00e9naline site","potentialAction":[{"@type":"SearchAction","target":{"@type":"EntryPoint","urlTemplate":"https:\/\/www.foretadrenaline.com\/constructeur\/?s={search_term_string}"},"query-input":{"@type":"PropertyValueSpecification","valueRequired":true,"valueName":"search_term_string"}}],"inLanguage":"fr-FR"}]}},"_links":{"self":[{"href":"https:\/\/www.foretadrenaline.com\/constructeur\/wp-json\/wp\/v2\/pages\/9","targetHints":{"allow":["GET"]}}],"collection":[{"href":"https:\/\/www.foretadrenaline.com\/constructeur\/wp-json\/wp\/v2\/pages"}],"about":[{"href":"https:\/\/www.foretadrenaline.com\/constructeur\/wp-json\/wp\/v2\/types\/page"}],"author":[{"embeddable":true,"href":"https:\/\/www.foretadrenaline.com\/constructeur\/wp-json\/wp\/v2\/users\/1"}],"replies":[{"embeddable":true,"href":"https:\/\/www.foretadrenaline.com\/constructeur\/wp-json\/wp\/v2\/comments?post=9"}],"version-history":[{"count":14,"href":"https:\/\/www.foretadrenaline.com\/constructeur\/wp-json\/wp\/v2\/pages\/9\/revisions"}],"predecessor-version":[{"id":3098,"href":"https:\/\/www.foretadrenaline.com\/constructeur\/wp-json\/wp\/v2\/pages\/9\/revisions\/3098"}],"wp:featuredmedia":[{"embeddable":true,"href":"https:\/\/www.foretadrenaline.com\/constructeur\/wp-json\/wp\/v2\/media\/1367"}],"wp:attachment":[{"href":"https:\/\/www.foretadrenaline.com\/constructeur\/wp-json\/wp\/v2\/media?parent=9"}],"curies":[{"name":"wp","href":"https:\/\/api.w.org\/{rel}","templated":true}]}}