{"id":610,"date":"2019-06-08T15:37:03","date_gmt":"2019-06-08T13:37:03","guid":{"rendered":"https:\/\/www.foretadrenaline.com\/rennes\/trampoforest\/"},"modified":"2025-03-19T12:16:22","modified_gmt":"2025-03-19T11:16:22","slug":"trampoforest","status":"publish","type":"page","link":"https:\/\/www.foretadrenaline.com\/rennes\/en\/trampoforest\/","title":{"rendered":"TRAMP\u00d4FOREST\u00ae"},"content":{"rendered":"\n<h2 class=\"wp-block-heading has-text-align-center\">Discover the Tramp\u00d4forest\u00ae trampoline park in the heart of Rennes! (from 4 years old)<\/h2>\n\n\n\n<h3 class=\"wp-block-heading\">A new adventure full of bounces!<\/h3>\n\n\n\n<p>Come and discover our Tramp\u00d4forest\u00ae in the <em>Parc des Gayeulles<\/em>, trampoline park in Rennes. An experience without a harness at a height of 10 metres (32ft) in 1000m\u00b2 of nets! For the whole family from 4 years old, come and have fun in complete freedom at the top of the trees in the Tramp\u00d4forest\u00ae bouncy nets.<\/p>\n\n\n\n<p>Take part in this new adventure full of surprises! Be prepared for new obstacles and challenges. From 30 minutes to more than 1 hour, fun is guaranteed for all your family from 4 years old (children from 4 to 9 years old must be chaperoned by an adult). The net course offers you a nice and enjoyable way to test your balance while having fun!<\/p>\n\n\n\n<p>Enjoy a bouncy adventure!<\/p>\n\n\n\n<figure class=\"wp-block-embed aligncenter is-type-video is-provider-youtube wp-block-embed-youtube wp-embed-aspect-16-9 wp-has-aspect-ratio\"><div class=\"wp-block-embed__wrapper\">\n<div class=\"video-container youtube\" style=\"padding-bottom: 56.2%;\"><iframe loading=\"lazy\" title=\"Le Tramp\u00d4forest\" width=\"500\" height=\"281\" src=\"https:\/\/www.youtube.com\/embed\/iEs0g5jTdq8?feature=oembed&#038;enablejsapi=1&#038;origin=https:\/\/www.foretadrenaline.com\" frameborder=\"0\" allow=\"accelerometer; autoplay; clipboard-write; encrypted-media; gyroscope; picture-in-picture; web-share\" referrerpolicy=\"strict-origin-when-cross-origin\" allowfullscreen><\/iframe><\/div>\n<\/div><\/figure>\n\n\n\n<p>Created and installed at the For\u00eat Adr\u00e9naline park in Rennes for the 2018 season, the Tramp\u00d4forest activity is a totally unusual and soft outdoor activity!<\/p>\n\n\n\n<figure class=\"wp-block-gallery has-nested-images columns-default is-cropped wp-block-gallery-1 is-layout-flex wp-block-gallery-is-layout-flex\">\n<figure class=\"wp-block-image size-large\"><img loading=\"lazy\" decoding=\"async\" width=\"1024\" height=\"640\" data-id=\"4001\" src=\"https:\/\/www.foretadrenaline.com\/rennes\/wp-content\/uploads\/sites\/3\/2023\/02\/@foretadrenalinerennes_cheminement-trampo-min1-edited-1024x640.jpg\" alt=\"trampoline park rennes\" class=\"wp-image-4001\" srcset=\"https:\/\/www.foretadrenaline.com\/rennes\/wp-content\/uploads\/sites\/3\/2023\/02\/@foretadrenalinerennes_cheminement-trampo-min1-edited-1024x640.jpg 1024w, https:\/\/www.foretadrenaline.com\/rennes\/wp-content\/uploads\/sites\/3\/2023\/02\/@foretadrenalinerennes_cheminement-trampo-min1-edited-300x188.jpg 300w, https:\/\/www.foretadrenaline.com\/rennes\/wp-content\/uploads\/sites\/3\/2023\/02\/@foretadrenalinerennes_cheminement-trampo-min1-edited-768x480.jpg 768w, https:\/\/www.foretadrenaline.com\/rennes\/wp-content\/uploads\/sites\/3\/2023\/02\/@foretadrenalinerennes_cheminement-trampo-min1-edited-1536x960.jpg 1536w, https:\/\/www.foretadrenaline.com\/rennes\/wp-content\/uploads\/sites\/3\/2023\/02\/@foretadrenalinerennes_cheminement-trampo-min1-edited-scaled.jpg 2048w, https:\/\/www.foretadrenaline.com\/rennes\/wp-content\/uploads\/sites\/3\/2023\/02\/@foretadrenalinerennes_cheminement-trampo-min1-edited-1200x750.jpg 1200w\" sizes=\"auto, (max-width: 1024px) 100vw, 1024px\" \/><\/figure>\n\n\n\n<figure class=\"wp-block-image size-large\"><img loading=\"lazy\" decoding=\"async\" width=\"602\" height=\"749\" data-id=\"3170\" src=\"https:\/\/www.foretadrenaline.com\/rennes\/wp-content\/uploads\/sites\/3\/2022\/02\/@foretadrenalinerennes_ballesTrampOforest.png\" alt=\"trampoline park rennes\" class=\"wp-image-3170\" srcset=\"https:\/\/www.foretadrenaline.com\/rennes\/wp-content\/uploads\/sites\/3\/2022\/02\/@foretadrenalinerennes_ballesTrampOforest.png 602w, https:\/\/www.foretadrenaline.com\/rennes\/wp-content\/uploads\/sites\/3\/2022\/02\/@foretadrenalinerennes_ballesTrampOforest-241x300.png 241w\" sizes=\"auto, (max-width: 602px) 100vw, 602px\" \/><\/figure>\n\n\n\n<figure class=\"wp-block-image size-large\"><img loading=\"lazy\" decoding=\"async\" width=\"1024\" height=\"683\" data-id=\"3252\" src=\"https:\/\/www.foretadrenaline.com\/rennes\/wp-content\/uploads\/sites\/3\/2022\/02\/IMG_0282-1536x1024-1-1024x683.jpg\" alt=\"trampoline park rennes\" class=\"wp-image-3252\" srcset=\"https:\/\/www.foretadrenaline.com\/rennes\/wp-content\/uploads\/sites\/3\/2022\/02\/IMG_0282-1536x1024-1-1024x683.jpg 1024w, https:\/\/www.foretadrenaline.com\/rennes\/wp-content\/uploads\/sites\/3\/2022\/02\/IMG_0282-1536x1024-1-300x200.jpg 300w, https:\/\/www.foretadrenaline.com\/rennes\/wp-content\/uploads\/sites\/3\/2022\/02\/IMG_0282-1536x1024-1-768x512.jpg 768w, https:\/\/www.foretadrenaline.com\/rennes\/wp-content\/uploads\/sites\/3\/2022\/02\/IMG_0282-1536x1024-1-1200x800.jpg 1200w, https:\/\/www.foretadrenaline.com\/rennes\/wp-content\/uploads\/sites\/3\/2022\/02\/IMG_0282-1536x1024-1.jpg 1536w\" sizes=\"auto, (max-width: 1024px) 100vw, 1024px\" \/><\/figure>\n<\/figure>\n\n\n\n<p><\/p>\n\n\n\n<p><strong>Children from 4 to 8 MUST be accompanied by an adult at all times. Children over 9 can be autonomous.<\/strong><\/p>\n\n\n\n<div class=\"wp-block-button aligncenter\"><a class=\"wp-block-button__link has-text-color has-background wp-element-button\" href=\"https:\/\/www.foretadrenaline.com\/carnac\/wp-content\/uploads\/sites\/2\/2019\/06\/FLYER-TRAMPOFOREST_V4.pdf\" style=\"color:#312f4d;background-color:#ffe600\" target=\"_blank\" rel=\"noopener noreferrer\"><strong>Download our flyer (in French)<\/strong><\/a><\/div>\n","protected":false},"excerpt":{"rendered":"<p>Discover the Tramp\u00d4forest\u00ae trampoline park in the heart of Rennes! (from 4 years old) A new adventure full of bounces! Come and discover our Tramp\u00d4forest\u00ae in the Parc des Gayeulles, trampoline park in Rennes. An experience without a harness at a height of 10 metres (32ft) in 1000m\u00b2 of nets! For the whole family from&hellip;<\/p>\n","protected":false},"author":1,"featured_media":2337,"parent":0,"menu_order":0,"comment_status":"closed","ping_status":"closed","template":"template-produit.php","meta":{"_acf_changed":false,"footnotes":""},"class_list":["post-610","page","type-page","status-publish","has-post-thumbnail","hentry"],"acf":[],"yoast_head":"<!-- This site is optimized with the Yoast SEO plugin v27.4 - https:\/\/yoast.com\/product\/yoast-seo-wordpress\/ -->\n<title>Tramp\u00d4forest\u00ae Trampoline Park - For\u00eat Adr\u00e9naline Rennes<\/title>\n<meta name=\"description\" content=\"Come and discover our Tramp\u00d4forest\u00ae trampoline park, an extraordinary adventure in the middle of the trees at For\u00eat Adr\u00e9naline Rennes!\" \/>\n<meta name=\"robots\" content=\"index, follow, max-snippet:-1, max-image-preview:large, max-video-preview:-1\" \/>\n<link rel=\"canonical\" href=\"https:\/\/www.foretadrenaline.com\/rennes\/en\/trampoforest\/\" \/>\n<meta property=\"og:locale\" content=\"en_US\" \/>\n<meta property=\"og:type\" content=\"article\" \/>\n<meta property=\"og:title\" content=\"Tramp\u00d4forest\u00ae Trampoline Park - For\u00eat Adr\u00e9naline Rennes\" \/>\n<meta property=\"og:description\" content=\"Come and discover our Tramp\u00d4forest\u00ae trampoline park, an extraordinary adventure in the middle of the trees at For\u00eat Adr\u00e9naline Rennes!\" \/>\n<meta property=\"og:url\" content=\"https:\/\/www.foretadrenaline.com\/rennes\/en\/trampoforest\/\" \/>\n<meta property=\"og:site_name\" content=\"For\u00eat Adr\u00e9naline - Rennes\" \/>\n<meta property=\"article:modified_time\" content=\"2025-03-19T11:16:22+00:00\" \/>\n<meta property=\"og:image\" content=\"https:\/\/www.foretadrenaline.com\/rennes\/wp-content\/uploads\/sites\/3\/2021\/02\/Site-web-4-scaled.jpg\" \/>\n\t<meta property=\"og:image:width\" content=\"2048\" \/>\n\t<meta property=\"og:image:height\" content=\"869\" \/>\n\t<meta property=\"og:image:type\" content=\"image\/jpeg\" \/>\n<meta name=\"twitter:card\" content=\"summary_large_image\" \/>\n<meta name=\"twitter:label1\" content=\"Est. reading time\" \/>\n\t<meta name=\"twitter:data1\" content=\"2 minutes\" \/>\n<script type=\"application\/ld+json\" class=\"yoast-schema-graph\">{\"@context\":\"https:\\\/\\\/schema.org\",\"@graph\":[{\"@type\":\"WebPage\",\"@id\":\"https:\\\/\\\/www.foretadrenaline.com\\\/rennes\\\/en\\\/trampoforest\\\/\",\"url\":\"https:\\\/\\\/www.foretadrenaline.com\\\/rennes\\\/en\\\/trampoforest\\\/\",\"name\":\"Tramp\u00d4forest\u00ae Trampoline Park - For\u00eat Adr\u00e9naline Rennes\",\"isPartOf\":{\"@id\":\"https:\\\/\\\/www.foretadrenaline.com\\\/rennes\\\/en\\\/#website\"},\"primaryImageOfPage\":{\"@id\":\"https:\\\/\\\/www.foretadrenaline.com\\\/rennes\\\/en\\\/trampoforest\\\/#primaryimage\"},\"image\":{\"@id\":\"https:\\\/\\\/www.foretadrenaline.com\\\/rennes\\\/en\\\/trampoforest\\\/#primaryimage\"},\"thumbnailUrl\":\"https:\\\/\\\/www.foretadrenaline.com\\\/rennes\\\/wp-content\\\/uploads\\\/sites\\\/3\\\/2021\\\/02\\\/Site-web-4-scaled.jpg\",\"datePublished\":\"2019-06-08T13:37:03+00:00\",\"dateModified\":\"2025-03-19T11:16:22+00:00\",\"description\":\"Come and discover our Tramp\u00d4forest\u00ae trampoline park, an extraordinary adventure in the middle of the trees at For\u00eat Adr\u00e9naline Rennes!\",\"breadcrumb\":{\"@id\":\"https:\\\/\\\/www.foretadrenaline.com\\\/rennes\\\/en\\\/trampoforest\\\/#breadcrumb\"},\"inLanguage\":\"en-US\",\"potentialAction\":[{\"@type\":\"ReadAction\",\"target\":[\"https:\\\/\\\/www.foretadrenaline.com\\\/rennes\\\/en\\\/trampoforest\\\/\"]}]},{\"@type\":\"ImageObject\",\"inLanguage\":\"en-US\",\"@id\":\"https:\\\/\\\/www.foretadrenaline.com\\\/rennes\\\/en\\\/trampoforest\\\/#primaryimage\",\"url\":\"https:\\\/\\\/www.foretadrenaline.com\\\/rennes\\\/wp-content\\\/uploads\\\/sites\\\/3\\\/2021\\\/02\\\/Site-web-4-scaled.jpg\",\"contentUrl\":\"https:\\\/\\\/www.foretadrenaline.com\\\/rennes\\\/wp-content\\\/uploads\\\/sites\\\/3\\\/2021\\\/02\\\/Site-web-4-scaled.jpg\",\"width\":2048,\"height\":869},{\"@type\":\"BreadcrumbList\",\"@id\":\"https:\\\/\\\/www.foretadrenaline.com\\\/rennes\\\/en\\\/trampoforest\\\/#breadcrumb\",\"itemListElement\":[{\"@type\":\"ListItem\",\"position\":1,\"name\":\"Accueil\",\"item\":\"https:\\\/\\\/www.foretadrenaline.com\\\/rennes\\\/en\\\/\"},{\"@type\":\"ListItem\",\"position\":2,\"name\":\"TRAMP\u00d4FOREST\u00ae\"}]},{\"@type\":\"WebSite\",\"@id\":\"https:\\\/\\\/www.foretadrenaline.com\\\/rennes\\\/en\\\/#website\",\"url\":\"https:\\\/\\\/www.foretadrenaline.com\\\/rennes\\\/en\\\/\",\"name\":\"For\u00eat Adr\u00e9naline - Rennes\",\"description\":\"Un site utilisant For\u00eat Adr\u00e9naline\",\"potentialAction\":[{\"@type\":\"SearchAction\",\"target\":{\"@type\":\"EntryPoint\",\"urlTemplate\":\"https:\\\/\\\/www.foretadrenaline.com\\\/rennes\\\/en\\\/?s={search_term_string}\"},\"query-input\":{\"@type\":\"PropertyValueSpecification\",\"valueRequired\":true,\"valueName\":\"search_term_string\"}}],\"inLanguage\":\"en-US\"}]}<\/script>\n<!-- \/ Yoast SEO plugin. -->","yoast_head_json":{"title":"Tramp\u00d4forest\u00ae Trampoline Park - For\u00eat Adr\u00e9naline Rennes","description":"Come and discover our Tramp\u00d4forest\u00ae trampoline park, an extraordinary adventure in the middle of the trees at For\u00eat Adr\u00e9naline Rennes!","robots":{"index":"index","follow":"follow","max-snippet":"max-snippet:-1","max-image-preview":"max-image-preview:large","max-video-preview":"max-video-preview:-1"},"canonical":"https:\/\/www.foretadrenaline.com\/rennes\/en\/trampoforest\/","og_locale":"en_US","og_type":"article","og_title":"Tramp\u00d4forest\u00ae Trampoline Park - For\u00eat Adr\u00e9naline Rennes","og_description":"Come and discover our Tramp\u00d4forest\u00ae trampoline park, an extraordinary adventure in the middle of the trees at For\u00eat Adr\u00e9naline Rennes!","og_url":"https:\/\/www.foretadrenaline.com\/rennes\/en\/trampoforest\/","og_site_name":"For\u00eat Adr\u00e9naline - Rennes","article_modified_time":"2025-03-19T11:16:22+00:00","og_image":[{"width":2048,"height":869,"url":"https:\/\/www.foretadrenaline.com\/rennes\/wp-content\/uploads\/sites\/3\/2021\/02\/Site-web-4-scaled.jpg","type":"image\/jpeg"}],"twitter_card":"summary_large_image","twitter_misc":{"Est. reading time":"2 minutes"},"schema":{"@context":"https:\/\/schema.org","@graph":[{"@type":"WebPage","@id":"https:\/\/www.foretadrenaline.com\/rennes\/en\/trampoforest\/","url":"https:\/\/www.foretadrenaline.com\/rennes\/en\/trampoforest\/","name":"Tramp\u00d4forest\u00ae Trampoline Park - For\u00eat Adr\u00e9naline Rennes","isPartOf":{"@id":"https:\/\/www.foretadrenaline.com\/rennes\/en\/#website"},"primaryImageOfPage":{"@id":"https:\/\/www.foretadrenaline.com\/rennes\/en\/trampoforest\/#primaryimage"},"image":{"@id":"https:\/\/www.foretadrenaline.com\/rennes\/en\/trampoforest\/#primaryimage"},"thumbnailUrl":"https:\/\/www.foretadrenaline.com\/rennes\/wp-content\/uploads\/sites\/3\/2021\/02\/Site-web-4-scaled.jpg","datePublished":"2019-06-08T13:37:03+00:00","dateModified":"2025-03-19T11:16:22+00:00","description":"Come and discover our Tramp\u00d4forest\u00ae trampoline park, an extraordinary adventure in the middle of the trees at For\u00eat Adr\u00e9naline Rennes!","breadcrumb":{"@id":"https:\/\/www.foretadrenaline.com\/rennes\/en\/trampoforest\/#breadcrumb"},"inLanguage":"en-US","potentialAction":[{"@type":"ReadAction","target":["https:\/\/www.foretadrenaline.com\/rennes\/en\/trampoforest\/"]}]},{"@type":"ImageObject","inLanguage":"en-US","@id":"https:\/\/www.foretadrenaline.com\/rennes\/en\/trampoforest\/#primaryimage","url":"https:\/\/www.foretadrenaline.com\/rennes\/wp-content\/uploads\/sites\/3\/2021\/02\/Site-web-4-scaled.jpg","contentUrl":"https:\/\/www.foretadrenaline.com\/rennes\/wp-content\/uploads\/sites\/3\/2021\/02\/Site-web-4-scaled.jpg","width":2048,"height":869},{"@type":"BreadcrumbList","@id":"https:\/\/www.foretadrenaline.com\/rennes\/en\/trampoforest\/#breadcrumb","itemListElement":[{"@type":"ListItem","position":1,"name":"Accueil","item":"https:\/\/www.foretadrenaline.com\/rennes\/en\/"},{"@type":"ListItem","position":2,"name":"TRAMP\u00d4FOREST\u00ae"}]},{"@type":"WebSite","@id":"https:\/\/www.foretadrenaline.com\/rennes\/en\/#website","url":"https:\/\/www.foretadrenaline.com\/rennes\/en\/","name":"For\u00eat Adr\u00e9naline - Rennes","description":"Un site utilisant For\u00eat Adr\u00e9naline","potentialAction":[{"@type":"SearchAction","target":{"@type":"EntryPoint","urlTemplate":"https:\/\/www.foretadrenaline.com\/rennes\/en\/?s={search_term_string}"},"query-input":{"@type":"PropertyValueSpecification","valueRequired":true,"valueName":"search_term_string"}}],"inLanguage":"en-US"}]}},"_links":{"self":[{"href":"https:\/\/www.foretadrenaline.com\/rennes\/en\/wp-json\/wp\/v2\/pages\/610","targetHints":{"allow":["GET"]}}],"collection":[{"href":"https:\/\/www.foretadrenaline.com\/rennes\/en\/wp-json\/wp\/v2\/pages"}],"about":[{"href":"https:\/\/www.foretadrenaline.com\/rennes\/en\/wp-json\/wp\/v2\/types\/page"}],"author":[{"embeddable":true,"href":"https:\/\/www.foretadrenaline.com\/rennes\/en\/wp-json\/wp\/v2\/users\/1"}],"replies":[{"embeddable":true,"href":"https:\/\/www.foretadrenaline.com\/rennes\/en\/wp-json\/wp\/v2\/comments?post=610"}],"version-history":[{"count":34,"href":"https:\/\/www.foretadrenaline.com\/rennes\/en\/wp-json\/wp\/v2\/pages\/610\/revisions"}],"predecessor-version":[{"id":6460,"href":"https:\/\/www.foretadrenaline.com\/rennes\/en\/wp-json\/wp\/v2\/pages\/610\/revisions\/6460"}],"wp:featuredmedia":[{"embeddable":true,"href":"https:\/\/www.foretadrenaline.com\/rennes\/en\/wp-json\/wp\/v2\/media\/2337"}],"wp:attachment":[{"href":"https:\/\/www.foretadrenaline.com\/rennes\/en\/wp-json\/wp\/v2\/media?parent=610"}],"curies":[{"name":"wp","href":"https:\/\/api.w.org\/{rel}","templated":true}]}}