{"id":7601,"date":"2026-04-03T14:59:17","date_gmt":"2026-04-03T12:59:17","guid":{"rendered":"https:\/\/www.foretadrenaline.com\/rennes\/?page_id=7601"},"modified":"2026-04-03T15:01:22","modified_gmt":"2026-04-03T13:01:22","slug":"escape-game","status":"publish","type":"page","link":"https:\/\/www.foretadrenaline.com\/rennes\/en\/escape-game\/","title":{"rendered":"Escape Game"},"content":{"rendered":"\n<p class=\"has-text-align-center has-orange-color has-text-color has-link-color wp-elements-9064aefdfcae40207cb5840cefc8db8f\"><strong>Only in French <\/strong><\/p>\n\n\n\n<p><\/p>\n","protected":false},"excerpt":{"rendered":"<p>Only in French<\/p>\n","protected":false},"author":2,"featured_media":7462,"parent":0,"menu_order":0,"comment_status":"closed","ping_status":"closed","template":"","meta":{"_acf_changed":false,"footnotes":""},"class_list":["post-7601","page","type-page","status-publish","has-post-thumbnail","hentry"],"acf":[],"yoast_head":"<!-- This site is optimized with the Yoast SEO plugin v27.3 - https:\/\/yoast.com\/product\/yoast-seo-wordpress\/ -->\n<title>Escape Game - For\u00eat Adr\u00e9naline - Rennes<\/title>\n<meta name=\"robots\" content=\"index, follow, max-snippet:-1, max-image-preview:large, max-video-preview:-1\" \/>\n<link rel=\"canonical\" href=\"https:\/\/www.foretadrenaline.com\/rennes\/en\/escape-game\/\" \/>\n<meta property=\"og:locale\" content=\"en_US\" \/>\n<meta property=\"og:type\" content=\"article\" \/>\n<meta property=\"og:title\" content=\"Escape Game - For\u00eat Adr\u00e9naline - Rennes\" \/>\n<meta property=\"og:description\" content=\"Only in French\" \/>\n<meta property=\"og:url\" content=\"https:\/\/www.foretadrenaline.com\/rennes\/en\/escape-game\/\" \/>\n<meta property=\"og:site_name\" content=\"For\u00eat Adr\u00e9naline - Rennes\" \/>\n<meta property=\"article:modified_time\" content=\"2026-04-03T13:01:22+00:00\" \/>\n<meta property=\"og:image\" content=\"https:\/\/www.foretadrenaline.com\/rennes\/wp-content\/uploads\/sites\/3\/2026\/03\/WhatsApp-Image-2026-03-30-at-14.10.34-1.jpeg\" \/>\n\t<meta property=\"og:image:width\" content=\"924\" \/>\n\t<meta property=\"og:image:height\" content=\"2000\" \/>\n\t<meta property=\"og:image:type\" content=\"image\/jpeg\" \/>\n<meta name=\"twitter:card\" content=\"summary_large_image\" \/>\n<meta name=\"twitter:label1\" content=\"Est. reading time\" \/>\n\t<meta name=\"twitter:data1\" content=\"1 minute\" \/>\n<script type=\"application\/ld+json\" class=\"yoast-schema-graph\">{\"@context\":\"https:\\\/\\\/schema.org\",\"@graph\":[{\"@type\":\"WebPage\",\"@id\":\"https:\\\/\\\/www.foretadrenaline.com\\\/rennes\\\/en\\\/escape-game\\\/\",\"url\":\"https:\\\/\\\/www.foretadrenaline.com\\\/rennes\\\/en\\\/escape-game\\\/\",\"name\":\"Escape Game - For\u00eat Adr\u00e9naline - Rennes\",\"isPartOf\":{\"@id\":\"https:\\\/\\\/www.foretadrenaline.com\\\/rennes\\\/en\\\/#website\"},\"primaryImageOfPage\":{\"@id\":\"https:\\\/\\\/www.foretadrenaline.com\\\/rennes\\\/en\\\/escape-game\\\/#primaryimage\"},\"image\":{\"@id\":\"https:\\\/\\\/www.foretadrenaline.com\\\/rennes\\\/en\\\/escape-game\\\/#primaryimage\"},\"thumbnailUrl\":\"https:\\\/\\\/www.foretadrenaline.com\\\/rennes\\\/wp-content\\\/uploads\\\/sites\\\/3\\\/2026\\\/03\\\/WhatsApp-Image-2026-03-30-at-14.10.34-1.jpeg\",\"datePublished\":\"2026-04-03T12:59:17+00:00\",\"dateModified\":\"2026-04-03T13:01:22+00:00\",\"breadcrumb\":{\"@id\":\"https:\\\/\\\/www.foretadrenaline.com\\\/rennes\\\/en\\\/escape-game\\\/#breadcrumb\"},\"inLanguage\":\"en-US\",\"potentialAction\":[{\"@type\":\"ReadAction\",\"target\":[\"https:\\\/\\\/www.foretadrenaline.com\\\/rennes\\\/en\\\/escape-game\\\/\"]}]},{\"@type\":\"ImageObject\",\"inLanguage\":\"en-US\",\"@id\":\"https:\\\/\\\/www.foretadrenaline.com\\\/rennes\\\/en\\\/escape-game\\\/#primaryimage\",\"url\":\"https:\\\/\\\/www.foretadrenaline.com\\\/rennes\\\/wp-content\\\/uploads\\\/sites\\\/3\\\/2026\\\/03\\\/WhatsApp-Image-2026-03-30-at-14.10.34-1.jpeg\",\"contentUrl\":\"https:\\\/\\\/www.foretadrenaline.com\\\/rennes\\\/wp-content\\\/uploads\\\/sites\\\/3\\\/2026\\\/03\\\/WhatsApp-Image-2026-03-30-at-14.10.34-1.jpeg\",\"width\":924,\"height\":2000},{\"@type\":\"BreadcrumbList\",\"@id\":\"https:\\\/\\\/www.foretadrenaline.com\\\/rennes\\\/en\\\/escape-game\\\/#breadcrumb\",\"itemListElement\":[{\"@type\":\"ListItem\",\"position\":1,\"name\":\"Accueil\",\"item\":\"https:\\\/\\\/www.foretadrenaline.com\\\/rennes\\\/en\\\/\"},{\"@type\":\"ListItem\",\"position\":2,\"name\":\"Escape Game\"}]},{\"@type\":\"WebSite\",\"@id\":\"https:\\\/\\\/www.foretadrenaline.com\\\/rennes\\\/en\\\/#website\",\"url\":\"https:\\\/\\\/www.foretadrenaline.com\\\/rennes\\\/en\\\/\",\"name\":\"For\u00eat Adr\u00e9naline - Rennes\",\"description\":\"Un site utilisant For\u00eat Adr\u00e9naline\",\"potentialAction\":[{\"@type\":\"SearchAction\",\"target\":{\"@type\":\"EntryPoint\",\"urlTemplate\":\"https:\\\/\\\/www.foretadrenaline.com\\\/rennes\\\/en\\\/?s={search_term_string}\"},\"query-input\":{\"@type\":\"PropertyValueSpecification\",\"valueRequired\":true,\"valueName\":\"search_term_string\"}}],\"inLanguage\":\"en-US\"}]}<\/script>\n<!-- \/ Yoast SEO plugin. -->","yoast_head_json":{"title":"Escape Game - For\u00eat Adr\u00e9naline - Rennes","robots":{"index":"index","follow":"follow","max-snippet":"max-snippet:-1","max-image-preview":"max-image-preview:large","max-video-preview":"max-video-preview:-1"},"canonical":"https:\/\/www.foretadrenaline.com\/rennes\/en\/escape-game\/","og_locale":"en_US","og_type":"article","og_title":"Escape Game - For\u00eat Adr\u00e9naline - Rennes","og_description":"Only in French","og_url":"https:\/\/www.foretadrenaline.com\/rennes\/en\/escape-game\/","og_site_name":"For\u00eat Adr\u00e9naline - Rennes","article_modified_time":"2026-04-03T13:01:22+00:00","og_image":[{"width":924,"height":2000,"url":"https:\/\/www.foretadrenaline.com\/rennes\/wp-content\/uploads\/sites\/3\/2026\/03\/WhatsApp-Image-2026-03-30-at-14.10.34-1.jpeg","type":"image\/jpeg"}],"twitter_card":"summary_large_image","twitter_misc":{"Est. reading time":"1 minute"},"schema":{"@context":"https:\/\/schema.org","@graph":[{"@type":"WebPage","@id":"https:\/\/www.foretadrenaline.com\/rennes\/en\/escape-game\/","url":"https:\/\/www.foretadrenaline.com\/rennes\/en\/escape-game\/","name":"Escape Game - For\u00eat Adr\u00e9naline - Rennes","isPartOf":{"@id":"https:\/\/www.foretadrenaline.com\/rennes\/en\/#website"},"primaryImageOfPage":{"@id":"https:\/\/www.foretadrenaline.com\/rennes\/en\/escape-game\/#primaryimage"},"image":{"@id":"https:\/\/www.foretadrenaline.com\/rennes\/en\/escape-game\/#primaryimage"},"thumbnailUrl":"https:\/\/www.foretadrenaline.com\/rennes\/wp-content\/uploads\/sites\/3\/2026\/03\/WhatsApp-Image-2026-03-30-at-14.10.34-1.jpeg","datePublished":"2026-04-03T12:59:17+00:00","dateModified":"2026-04-03T13:01:22+00:00","breadcrumb":{"@id":"https:\/\/www.foretadrenaline.com\/rennes\/en\/escape-game\/#breadcrumb"},"inLanguage":"en-US","potentialAction":[{"@type":"ReadAction","target":["https:\/\/www.foretadrenaline.com\/rennes\/en\/escape-game\/"]}]},{"@type":"ImageObject","inLanguage":"en-US","@id":"https:\/\/www.foretadrenaline.com\/rennes\/en\/escape-game\/#primaryimage","url":"https:\/\/www.foretadrenaline.com\/rennes\/wp-content\/uploads\/sites\/3\/2026\/03\/WhatsApp-Image-2026-03-30-at-14.10.34-1.jpeg","contentUrl":"https:\/\/www.foretadrenaline.com\/rennes\/wp-content\/uploads\/sites\/3\/2026\/03\/WhatsApp-Image-2026-03-30-at-14.10.34-1.jpeg","width":924,"height":2000},{"@type":"BreadcrumbList","@id":"https:\/\/www.foretadrenaline.com\/rennes\/en\/escape-game\/#breadcrumb","itemListElement":[{"@type":"ListItem","position":1,"name":"Accueil","item":"https:\/\/www.foretadrenaline.com\/rennes\/en\/"},{"@type":"ListItem","position":2,"name":"Escape Game"}]},{"@type":"WebSite","@id":"https:\/\/www.foretadrenaline.com\/rennes\/en\/#website","url":"https:\/\/www.foretadrenaline.com\/rennes\/en\/","name":"For\u00eat Adr\u00e9naline - Rennes","description":"Un site utilisant For\u00eat Adr\u00e9naline","potentialAction":[{"@type":"SearchAction","target":{"@type":"EntryPoint","urlTemplate":"https:\/\/www.foretadrenaline.com\/rennes\/en\/?s={search_term_string}"},"query-input":{"@type":"PropertyValueSpecification","valueRequired":true,"valueName":"search_term_string"}}],"inLanguage":"en-US"}]}},"_links":{"self":[{"href":"https:\/\/www.foretadrenaline.com\/rennes\/en\/wp-json\/wp\/v2\/pages\/7601","targetHints":{"allow":["GET"]}}],"collection":[{"href":"https:\/\/www.foretadrenaline.com\/rennes\/en\/wp-json\/wp\/v2\/pages"}],"about":[{"href":"https:\/\/www.foretadrenaline.com\/rennes\/en\/wp-json\/wp\/v2\/types\/page"}],"author":[{"embeddable":true,"href":"https:\/\/www.foretadrenaline.com\/rennes\/en\/wp-json\/wp\/v2\/users\/2"}],"replies":[{"embeddable":true,"href":"https:\/\/www.foretadrenaline.com\/rennes\/en\/wp-json\/wp\/v2\/comments?post=7601"}],"version-history":[{"count":1,"href":"https:\/\/www.foretadrenaline.com\/rennes\/en\/wp-json\/wp\/v2\/pages\/7601\/revisions"}],"predecessor-version":[{"id":7602,"href":"https:\/\/www.foretadrenaline.com\/rennes\/en\/wp-json\/wp\/v2\/pages\/7601\/revisions\/7602"}],"wp:featuredmedia":[{"embeddable":true,"href":"https:\/\/www.foretadrenaline.com\/rennes\/en\/wp-json\/wp\/v2\/media\/7462"}],"wp:attachment":[{"href":"https:\/\/www.foretadrenaline.com\/rennes\/en\/wp-json\/wp\/v2\/media?parent=7601"}],"curies":[{"name":"wp","href":"https:\/\/api.w.org\/{rel}","templated":true}]}}