{"id":1692,"date":"2019-10-05T14:13:31","date_gmt":"2019-10-05T12:13:31","guid":{"rendered":"https:\/\/www.foretadrenaline.com\/rennes\/?page_id=1692"},"modified":"2024-01-10T15:06:28","modified_gmt":"2024-01-10T14:06:28","slug":"bonnes-adresses-autour-du-parc-foret-adrenaline-rennes","status":"publish","type":"page","link":"https:\/\/www.foretadrenaline.com\/rennes\/bonnes-adresses-autour-du-parc-foret-adrenaline-rennes\/","title":{"rendered":"Bonnes adresses autour du parc For\u00eat Adr\u00e9naline Rennes"},"content":{"rendered":"\n<h4 class=\"wp-block-heading has-text-align-center\">Trouvez des bonnes adresses \u00e0 Rennes! Une ville dynamique, o\u00f9 la culture bretonne est omnipr\u00e9sente. Voici quelques bonnes adresses pour vous promener, manger, et d\u00e9couvrir la vie Rennaise ! <\/h4>\n\n\n\n<h4 class=\"wp-block-heading\">Bonnes adresses pour d\u00e9jeuner\/d\u00eener ?<\/h4>\n\n\n\n<ul class=\"wp-block-list\">\n<li><strong>Au parc des bois&nbsp;<\/strong><\/li>\n<\/ul>\n\n\n<div class=\"wp-block-image\">\n<figure class=\"alignright size-large is-resized\"><a href=\"https:\/\/auparcdesbois.fr\/\"><img loading=\"lazy\" decoding=\"async\" width=\"1024\" height=\"694\" src=\"https:\/\/www.foretadrenaline.com\/rennes\/wp-content\/uploads\/sites\/3\/2021\/06\/guiguette-1024x694.png\" alt=\"\" class=\"wp-image-2828\" style=\"width:174px;height:118px\" srcset=\"https:\/\/www.foretadrenaline.com\/rennes\/wp-content\/uploads\/sites\/3\/2021\/06\/guiguette-1024x694.png 1024w, https:\/\/www.foretadrenaline.com\/rennes\/wp-content\/uploads\/sites\/3\/2021\/06\/guiguette-300x203.png 300w, https:\/\/www.foretadrenaline.com\/rennes\/wp-content\/uploads\/sites\/3\/2021\/06\/guiguette-768x521.png 768w, https:\/\/www.foretadrenaline.com\/rennes\/wp-content\/uploads\/sites\/3\/2021\/06\/guiguette-1536x1042.png 1536w, https:\/\/www.foretadrenaline.com\/rennes\/wp-content\/uploads\/sites\/3\/2021\/06\/guiguette.png 2048w, https:\/\/www.foretadrenaline.com\/rennes\/wp-content\/uploads\/sites\/3\/2021\/06\/guiguette-1200x814.png 1200w\" sizes=\"auto, (max-width: 1024px) 100vw, 1024px\" \/><\/a><\/figure>\n<\/div>\n\n\n<p>\u00ab\u00a0En soir\u00e9e ou en apr\u00e8s-midi, la guinguette du parc des bois vous fera profiter d\u2019un moment convivial entre amis, en famille ou entre coll\u00e8gues\u00a0\u00bb . Situ\u00e9e dans un cadre bucolique, au bord d\u2019un des plans d\u2019eau du parc des Gayeulles, la guinguette vous offrira une bouff\u00e9e de nature en pleine ville de Rennes.\u00a0<\/p>\n\n\n\n<p>Vous pourrez vous y rafra\u00eechir et y d\u00e9guster des planches ap\u00e9ritives \u00e0 base de produits locaux avec un pied dans l\u2019eau et un pieds sur l\u2019herbe. \u00ab\u00a0<br><br>Cuisine maison, produits locaux, options v\u00e9g\u00e9tariennes, carte qui change tous les jours <br><strong>Adresse recommand\u00e9e par l&rsquo;\u00e9quipe For\u00eat Adr\u00e9naline!<\/strong><br>Situ\u00e9e \u00e0 5mn a pied de notre structure<br><strong><a href=\"https:\/\/auparcdesbois.fr\/\">Au parc des bois <\/a><\/strong><\/p>\n\n\n\n<ul class=\"wp-block-list\">\n<li><strong>Cr\u00eaperies :  <\/strong><br>&#8211;<a href=\"https:\/\/www.larozell.fr\/\" target=\"_blank\" rel=\"noreferrer noopener\"><strong>La Rozell\u00a0:<\/strong><\/a> Produits frais et locaux, cuisine de qualit\u00e9 au centre-ville de Rennes &#8211; 14 rue de Penhoet \u2013 02 99 78 20 01  &#8211; Centre ville de Rennes <br><a href=\"http:\/\/creperierennaise.com\" target=\"_blank\" rel=\"noreferrer noopener\">&#8211;<strong>Cr\u00eaperie Rennaise\u00a0:<\/strong><\/a>&#8211; 14 Rue Rallier du Baty \u2013 02 99 79 04 91<br>Vous trouverez de nombreuses cr\u00eaperies place des Lices, place St Anne, place Hoche.<\/li>\n<\/ul>\n\n\n\n<ul class=\"wp-block-list\">\n<li><strong>March\u00e9 Des Lices&nbsp;<\/strong>: Un incontournable d\u2019une visite \u00e0 Rennes. <br>Il se tient le samedi matin au centre-ville, Place des Lices. <br>Vous y trouverez des produits locaux, frais, des stands de nourriture du monde, et un grand march\u00e9 couvert.<\/li>\n<\/ul>\n\n\n\n<h4 class=\"wp-block-heading\">Pour se rafraichir ? <\/h4>\n\n\n\n<ul class=\"wp-block-list\">\n<li><strong>Mail Fran\u00e7ois Mitterrand&nbsp;:<\/strong> Au centre-ville de Rennes, au bord de la Vilaine, plusieurs bars et restaurants vous accueillent pour passer un bon moment&nbsp;!<\/li>\n<\/ul>\n\n\n\n<ul class=\"wp-block-list\">\n<li><strong>Centre-ville historique&nbsp;:<\/strong> Place Saint Anne, Place des Lices, Place Hoche et rue Saint Michel. Vous y trouverez certainement un \u00e9tablissement \u00e0 votre go\u00fbt, dans un des nombreux bars, terrasses, ou restaurants, avec une vue imprenable sur la cath\u00e9drale et les petites ruelles pav\u00e9es.<\/li>\n<\/ul>\n\n\n<div class=\"wp-block-image\">\n<figure class=\"aligncenter is-resized\"><img loading=\"lazy\" decoding=\"async\" width=\"1024\" height=\"682\" src=\"https:\/\/www.foretadrenaline.com\/rennes\/wp-content\/uploads\/sites\/3\/2019\/06\/IMG-90-sur-90-1024x682.jpg\" alt=\"\" class=\"wp-image-844\" style=\"width:436px;height:290px\" srcset=\"https:\/\/www.foretadrenaline.com\/rennes\/wp-content\/uploads\/sites\/3\/2019\/06\/IMG-90-sur-90-1024x682.jpg 1024w, https:\/\/www.foretadrenaline.com\/rennes\/wp-content\/uploads\/sites\/3\/2019\/06\/IMG-90-sur-90-300x200.jpg 300w, https:\/\/www.foretadrenaline.com\/rennes\/wp-content\/uploads\/sites\/3\/2019\/06\/IMG-90-sur-90-768x512.jpg 768w, https:\/\/www.foretadrenaline.com\/rennes\/wp-content\/uploads\/sites\/3\/2019\/06\/IMG-90-sur-90-1200x799.jpg 1200w\" sizes=\"auto, (max-width: 1024px) 100vw, 1024px\" \/><\/figure>\n<\/div>\n\n\n<h4 class=\"wp-block-heading\">O\u00f9 se balader&nbsp;?<\/h4>\n\n\n\n<ul class=\"wp-block-list\">\n<li><strong>Parcs et jardins&nbsp;: <\/strong><br>&#8211; Parc des Gayeulles<br>&#8211; Le Thabor: magnifique au printemps et en \u00e9t\u00e9 en pleine floraison<br>&#8211; Parc de Br\u00e9quigny<br>-Rives de la Vilaine <\/li>\n\n\n\n<li> <strong>\u00c9tangs d\u2019Apign\u00e9&nbsp;:<\/strong> La baignade y est autoris\u00e9e, des navettes vous y emm\u00e8nent durant la p\u00e9riode estivale depuis le centre-ville  <\/li>\n\n\n\n<li> <strong>Centre-ville historique&nbsp;de Rennes&nbsp;:<\/strong> D\u00e9couvrez l&rsquo;op\u00e9ra, le parlement de Bretagne, la cath\u00e9drale, les diff\u00e9rentes \u00e9glises, les petites ruelles et places historiques&#8230;<br>Promenez vous \u00e0 travers l\u2019histoire de la Bretagne!<\/li>\n<\/ul>\n\n\n\n<h4 class=\"wp-block-heading\">Quelles activit\u00e9s&nbsp;?<\/h4>\n\n\n\n<ul class=\"wp-block-list\">\n<li><strong><a href=\"https:\/\/metropole.rennes.fr\/les-horaires-des-piscines\" target=\"_blank\" rel=\"noreferrer noopener\">Piscine des Gayeulles<\/a><\/strong> : 15 avenue des Gayeulles &#8211; 35700 Rennes &#8211; 02 23 62 27 40 <\/li>\n<\/ul>\n\n\n\n<ul class=\"wp-block-list\">\n<li><strong><a href=\"https:\/\/www.rgame.fr\/\" target=\"_blank\" rel=\"noreferrer noopener\">R&rsquo;Game Paintball:<\/a><\/strong> La Basse For\u00eat, 35440 Ding\u00e9 &#8211; <a href=\"https:\/\/www.google.com\/search?gs_ssp=eJzj4tZP1zcsLypJNi-0MGC0UjWoMLEwSE1NMjdONEo1s0wyNLYyqDA0S0oxtzRKTUs2NTMxT072EihIzMwrSUrMyVFIycxLP7wSAM9gFf0&amp;q=paintball+ding%C3%A9&amp;rlz=1C1ASVC_frFR894FR894&amp;oq=paintbal&amp;gs_lcrp=EgZjaHJvbWUqFQgBEC4YJxivARjHARiABBiKBRiOBTIGCAAQRRg5MhUIARAuGCcYrwEYxwEYgAQYigUYjgUyFQgCEC4YFBivARjHARiHAhiABBiOBTINCAMQABixAxjJAxiABDINCAQQLhivARjHARiABDINCAUQLhivARjHARiABDINCAYQLhivARjHARiABDINCAcQLhivARjHARiABDINCAgQLhivARjHARiABDIHCAkQABiPAtIBCTEwODQ2ajBqNKgCALACAA&amp;sourceid=chrome&amp;ie=UTF-8#\">02 99 93 71 00<\/a><\/li>\n<\/ul>\n\n\n\n<ul class=\"wp-block-list\">\n<li><strong><a href=\"https:\/\/rennes.getout.fr\/reserver\/\">Get out Escape Game<\/a><\/strong> :  14 Quai Duguay Trouin, 35000 Rennes &#8211; 02 90 01 6124<\/li>\n<\/ul>\n\n\n\n<ul class=\"wp-block-list\">\n<li><strong><a href=\"https:\/\/rennes.theroof.fr\/\" target=\"_blank\" rel=\"noreferrer noopener\">The Roof<\/a> <\/strong>: Salle de bloc, bar\/caf\u00e9, guinguette, microbrasserie et restaurant &#8211; 2 Rue de l&rsquo;H\u00f4tel Dieu, 35000 Rennes<\/li>\n<\/ul>\n\n\n<div class=\"wp-block-image\">\n<figure class=\"aligncenter is-resized\"><img loading=\"lazy\" decoding=\"async\" width=\"1024\" height=\"682\" src=\"https:\/\/www.foretadrenaline.com\/rennes\/wp-content\/uploads\/sites\/3\/2019\/06\/IMG-87-sur-90-1024x682.jpg\" alt=\"Vue a\u00e9rienne autour du parc For\u00eat Adr\u00e9naline Rennes \" class=\"wp-image-848\" style=\"width:378px;height:252px\" srcset=\"https:\/\/www.foretadrenaline.com\/rennes\/wp-content\/uploads\/sites\/3\/2019\/06\/IMG-87-sur-90-1024x682.jpg 1024w, https:\/\/www.foretadrenaline.com\/rennes\/wp-content\/uploads\/sites\/3\/2019\/06\/IMG-87-sur-90-300x200.jpg 300w, https:\/\/www.foretadrenaline.com\/rennes\/wp-content\/uploads\/sites\/3\/2019\/06\/IMG-87-sur-90-768x512.jpg 768w, https:\/\/www.foretadrenaline.com\/rennes\/wp-content\/uploads\/sites\/3\/2019\/06\/IMG-87-sur-90-1200x799.jpg 1200w\" sizes=\"auto, (max-width: 1024px) 100vw, 1024px\" \/><\/figure>\n<\/div>\n\n\n<h4 class=\"wp-block-heading\">Des mus\u00e9es \u00e0 visiter&nbsp;?<\/h4>\n\n\n\n<ul class=\"wp-block-list\">\n<li><strong><a href=\"https:\/\/www.fracbretagne.fr\/fr\/\" target=\"_blank\" rel=\"noreferrer noopener\">Le Frac Bretagne\u00a0:<\/a><\/strong> Mus\u00e9e d\u2019art contemporain, dont les expositions changent toutes les semaines\u00a0! <br>19 Avenue Andr\u00e9 Mussat &#8211; 35000 Rennes &#8211; 02 99 37 37 93 &#8211; 10h-19h Ferm\u00e9 le lundi<\/li>\n<\/ul>\n\n\n\n<ul class=\"wp-block-list\">\n<li><strong><a href=\"https:\/\/mba.rennes.fr\/\" target=\"_blank\" rel=\"noreferrer noopener\">Mus\u00e9e des Beaux-Arts de Rennes\u00a0:<\/a> <\/strong>De l\u2019antiquit\u00e9 \u00e0 nos jours. Ferm\u00e9 le lundi &#8211;  20 Quai Emile Zola \u2013 02 23 62 17 45 <\/li>\n<\/ul>\n\n\n\n<ul class=\"wp-block-list\">\n<li><a href=\"https:\/\/www.leschampslibres.fr\/\" target=\"_blank\" rel=\"noreferrer noopener\"><strong>Les Champs Libres<\/strong>\u00a0:<\/a> Lieu de culture hybride\u00a0: Plan\u00e9tarium, espace des sciences, expositions temporaires et collections historiques\u00a0\u2013 10 cours des Alli\u00e9s \u2013 Ferm\u00e9 le lundi &#8211; 02 23 40 66 00\u00a0 <\/li>\n<\/ul>\n\n\n\n<ul class=\"wp-block-list\">\n<li><strong><a href=\"https:\/\/www.ecomusee-rennes-metropole.fr\/\" target=\"_blank\" rel=\"noreferrer noopener\"> \u00c9comus\u00e9e du pays de Rennes\u00a0:<\/a> <\/strong>Un voyage \u00e0 travers l\u2019histoire agricole de la Bretagne. Ferme, jardin, verger\u2026 <br>Ferm\u00e9 le lundi\u00a0 &#8211; Route de Ch\u00e2tillon sur Seiche 35200 Rennes \u2013 02 99 51 38 15<\/li>\n<\/ul>\n\n\n\n<h4 class=\"wp-block-heading\"><strong>Informations touristiques&nbsp;:<\/strong> <\/h4>\n\n\n\n<p><strong>Destination Rennes&nbsp;\u2013 Office du Tourisme&nbsp;:<\/strong> 1 Rue Saint Malo \u2013 0891673535-<a href=\"https:\/\/www.tourisme-rennes.com\/fr\" target=\"_blank\" rel=\"noopener noreferrer\">www.tourisme-rennes.com\/fr<\/a><br><strong>STAR&nbsp;:<\/strong> Informations Bus, Metro \u2013 <a href=\"http:\/\/www.star.fr\" target=\"_blank\" rel=\"noopener noreferrer\">www.star.fr<\/a><br><strong>Tourisme Bretagne&nbsp;:<\/strong> <a href=\"http:\/\/www.tourismebretagne.com\" target=\"_blank\" rel=\"noopener noreferrer\">www.tourismebretagne.com<\/a><\/p>\n\n\n\n<div class=\"wp-block-buttons is-layout-flex wp-block-buttons-is-layout-flex\">\n<div class=\"wp-block-button aligncenter\"><a class=\"wp-block-button__link has-black-color has-luminous-vivid-amber-background-color has-text-color has-background wp-element-button\" href=\"https:\/\/www.foretadrenaline.com\/rennes\/nos-partenaires\/\" target=\"_blank\" rel=\"noreferrer noopener\"><strong>Nos partenaires<\/strong><\/a><\/div>\n<\/div>\n","protected":false},"excerpt":{"rendered":"<p>Trouvez des bonnes adresses \u00e0 Rennes! Une ville dynamique, o\u00f9 la culture bretonne est omnipr\u00e9sente. Voici quelques bonnes adresses pour vous promener, manger, et d\u00e9couvrir la vie Rennaise ! Bonnes adresses pour d\u00e9jeuner\/d\u00eener ? \u00ab\u00a0En soir\u00e9e ou en apr\u00e8s-midi, la guinguette du parc des bois vous fera profiter d\u2019un moment convivial entre amis, en famille&hellip;<\/p>\n","protected":false},"author":4,"featured_media":1663,"parent":0,"menu_order":0,"comment_status":"closed","ping_status":"closed","template":"","meta":{"_acf_changed":false,"footnotes":""},"class_list":["post-1692","page","type-page","status-publish","has-post-thumbnail","hentry"],"acf":[],"yoast_head":"<!-- This site is optimized with the Yoast SEO plugin v27.4 - https:\/\/yoast.com\/product\/yoast-seo-wordpress\/ -->\n<title>Bonnes adresses autour du parc For\u00eat Adr\u00e9naline Rennes<\/title>\n<meta name=\"description\" content=\"Trouvez les bonnes adresses autour du parc For\u00eat Adr\u00e9naline Rennes ! Id\u00e9es d&#039;activit\u00e9s pour tous, restaurants, visites...\" \/>\n<meta name=\"robots\" content=\"index, follow, max-snippet:-1, max-image-preview:large, max-video-preview:-1\" \/>\n<link rel=\"canonical\" href=\"https:\/\/www.foretadrenaline.com\/rennes\/bonnes-adresses-autour-du-parc-foret-adrenaline-rennes\/\" \/>\n<meta property=\"og:locale\" content=\"fr_FR\" \/>\n<meta property=\"og:type\" content=\"article\" \/>\n<meta property=\"og:title\" content=\"Bonnes adresses autour du parc For\u00eat Adr\u00e9naline Rennes\" \/>\n<meta property=\"og:description\" content=\"Trouvez les bonnes adresses autour du parc For\u00eat Adr\u00e9naline Rennes ! Id\u00e9es d&#039;activit\u00e9s pour tous, restaurants, visites...\" \/>\n<meta property=\"og:url\" content=\"https:\/\/www.foretadrenaline.com\/rennes\/bonnes-adresses-autour-du-parc-foret-adrenaline-rennes\/\" \/>\n<meta property=\"og:site_name\" content=\"For\u00eat Adr\u00e9naline - Rennes\" \/>\n<meta property=\"article:modified_time\" content=\"2024-01-10T14:06:28+00:00\" \/>\n<meta property=\"og:image\" content=\"https:\/\/www.foretadrenaline.com\/rennes\/wp-content\/uploads\/sites\/3\/2019\/10\/tyro-lac-2.jpg\" \/>\n\t<meta property=\"og:image:width\" content=\"2048\" \/>\n\t<meta property=\"og:image:height\" content=\"1367\" \/>\n\t<meta property=\"og:image:type\" content=\"image\/jpeg\" \/>\n<meta name=\"twitter:card\" content=\"summary_large_image\" \/>\n<meta name=\"twitter:label1\" content=\"Dur\u00e9e de lecture estim\u00e9e\" \/>\n\t<meta name=\"twitter:data1\" content=\"4 minutes\" \/>\n<script type=\"application\/ld+json\" class=\"yoast-schema-graph\">{\"@context\":\"https:\\\/\\\/schema.org\",\"@graph\":[{\"@type\":\"WebPage\",\"@id\":\"https:\\\/\\\/www.foretadrenaline.com\\\/rennes\\\/bonnes-adresses-autour-du-parc-foret-adrenaline-rennes\\\/\",\"url\":\"https:\\\/\\\/www.foretadrenaline.com\\\/rennes\\\/bonnes-adresses-autour-du-parc-foret-adrenaline-rennes\\\/\",\"name\":\"Bonnes adresses autour du parc For\u00eat Adr\u00e9naline Rennes\",\"isPartOf\":{\"@id\":\"https:\\\/\\\/www.foretadrenaline.com\\\/rennes\\\/#website\"},\"primaryImageOfPage\":{\"@id\":\"https:\\\/\\\/www.foretadrenaline.com\\\/rennes\\\/bonnes-adresses-autour-du-parc-foret-adrenaline-rennes\\\/#primaryimage\"},\"image\":{\"@id\":\"https:\\\/\\\/www.foretadrenaline.com\\\/rennes\\\/bonnes-adresses-autour-du-parc-foret-adrenaline-rennes\\\/#primaryimage\"},\"thumbnailUrl\":\"https:\\\/\\\/www.foretadrenaline.com\\\/rennes\\\/wp-content\\\/uploads\\\/sites\\\/3\\\/2019\\\/10\\\/tyro-lac-2.jpg\",\"datePublished\":\"2019-10-05T12:13:31+00:00\",\"dateModified\":\"2024-01-10T14:06:28+00:00\",\"description\":\"Trouvez les bonnes adresses autour du parc For\u00eat Adr\u00e9naline Rennes ! Id\u00e9es d'activit\u00e9s pour tous, restaurants, visites...\",\"breadcrumb\":{\"@id\":\"https:\\\/\\\/www.foretadrenaline.com\\\/rennes\\\/bonnes-adresses-autour-du-parc-foret-adrenaline-rennes\\\/#breadcrumb\"},\"inLanguage\":\"fr-FR\",\"potentialAction\":[{\"@type\":\"ReadAction\",\"target\":[\"https:\\\/\\\/www.foretadrenaline.com\\\/rennes\\\/bonnes-adresses-autour-du-parc-foret-adrenaline-rennes\\\/\"]}]},{\"@type\":\"ImageObject\",\"inLanguage\":\"fr-FR\",\"@id\":\"https:\\\/\\\/www.foretadrenaline.com\\\/rennes\\\/bonnes-adresses-autour-du-parc-foret-adrenaline-rennes\\\/#primaryimage\",\"url\":\"https:\\\/\\\/www.foretadrenaline.com\\\/rennes\\\/wp-content\\\/uploads\\\/sites\\\/3\\\/2019\\\/10\\\/tyro-lac-2.jpg\",\"contentUrl\":\"https:\\\/\\\/www.foretadrenaline.com\\\/rennes\\\/wp-content\\\/uploads\\\/sites\\\/3\\\/2019\\\/10\\\/tyro-lac-2.jpg\",\"width\":2048,\"height\":1367,\"caption\":\"tyrolienne lac Gayeulles @foretadrenaline\"},{\"@type\":\"BreadcrumbList\",\"@id\":\"https:\\\/\\\/www.foretadrenaline.com\\\/rennes\\\/bonnes-adresses-autour-du-parc-foret-adrenaline-rennes\\\/#breadcrumb\",\"itemListElement\":[{\"@type\":\"ListItem\",\"position\":1,\"name\":\"Accueil\",\"item\":\"https:\\\/\\\/www.foretadrenaline.com\\\/rennes\\\/\"},{\"@type\":\"ListItem\",\"position\":2,\"name\":\"Bonnes adresses autour du parc For\u00eat Adr\u00e9naline Rennes\"}]},{\"@type\":\"WebSite\",\"@id\":\"https:\\\/\\\/www.foretadrenaline.com\\\/rennes\\\/#website\",\"url\":\"https:\\\/\\\/www.foretadrenaline.com\\\/rennes\\\/\",\"name\":\"For\u00eat Adr\u00e9naline - Rennes\",\"description\":\"Un site utilisant For\u00eat Adr\u00e9naline\",\"potentialAction\":[{\"@type\":\"SearchAction\",\"target\":{\"@type\":\"EntryPoint\",\"urlTemplate\":\"https:\\\/\\\/www.foretadrenaline.com\\\/rennes\\\/?s={search_term_string}\"},\"query-input\":{\"@type\":\"PropertyValueSpecification\",\"valueRequired\":true,\"valueName\":\"search_term_string\"}}],\"inLanguage\":\"fr-FR\"}]}<\/script>\n<!-- \/ Yoast SEO plugin. -->","yoast_head_json":{"title":"Bonnes adresses autour du parc For\u00eat Adr\u00e9naline Rennes","description":"Trouvez les bonnes adresses autour du parc For\u00eat Adr\u00e9naline Rennes ! Id\u00e9es d'activit\u00e9s pour tous, restaurants, visites...","robots":{"index":"index","follow":"follow","max-snippet":"max-snippet:-1","max-image-preview":"max-image-preview:large","max-video-preview":"max-video-preview:-1"},"canonical":"https:\/\/www.foretadrenaline.com\/rennes\/bonnes-adresses-autour-du-parc-foret-adrenaline-rennes\/","og_locale":"fr_FR","og_type":"article","og_title":"Bonnes adresses autour du parc For\u00eat Adr\u00e9naline Rennes","og_description":"Trouvez les bonnes adresses autour du parc For\u00eat Adr\u00e9naline Rennes ! Id\u00e9es d'activit\u00e9s pour tous, restaurants, visites...","og_url":"https:\/\/www.foretadrenaline.com\/rennes\/bonnes-adresses-autour-du-parc-foret-adrenaline-rennes\/","og_site_name":"For\u00eat Adr\u00e9naline - Rennes","article_modified_time":"2024-01-10T14:06:28+00:00","og_image":[{"width":2048,"height":1367,"url":"https:\/\/www.foretadrenaline.com\/rennes\/wp-content\/uploads\/sites\/3\/2019\/10\/tyro-lac-2.jpg","type":"image\/jpeg"}],"twitter_card":"summary_large_image","twitter_misc":{"Dur\u00e9e de lecture estim\u00e9e":"4 minutes"},"schema":{"@context":"https:\/\/schema.org","@graph":[{"@type":"WebPage","@id":"https:\/\/www.foretadrenaline.com\/rennes\/bonnes-adresses-autour-du-parc-foret-adrenaline-rennes\/","url":"https:\/\/www.foretadrenaline.com\/rennes\/bonnes-adresses-autour-du-parc-foret-adrenaline-rennes\/","name":"Bonnes adresses autour du parc For\u00eat Adr\u00e9naline Rennes","isPartOf":{"@id":"https:\/\/www.foretadrenaline.com\/rennes\/#website"},"primaryImageOfPage":{"@id":"https:\/\/www.foretadrenaline.com\/rennes\/bonnes-adresses-autour-du-parc-foret-adrenaline-rennes\/#primaryimage"},"image":{"@id":"https:\/\/www.foretadrenaline.com\/rennes\/bonnes-adresses-autour-du-parc-foret-adrenaline-rennes\/#primaryimage"},"thumbnailUrl":"https:\/\/www.foretadrenaline.com\/rennes\/wp-content\/uploads\/sites\/3\/2019\/10\/tyro-lac-2.jpg","datePublished":"2019-10-05T12:13:31+00:00","dateModified":"2024-01-10T14:06:28+00:00","description":"Trouvez les bonnes adresses autour du parc For\u00eat Adr\u00e9naline Rennes ! Id\u00e9es d'activit\u00e9s pour tous, restaurants, visites...","breadcrumb":{"@id":"https:\/\/www.foretadrenaline.com\/rennes\/bonnes-adresses-autour-du-parc-foret-adrenaline-rennes\/#breadcrumb"},"inLanguage":"fr-FR","potentialAction":[{"@type":"ReadAction","target":["https:\/\/www.foretadrenaline.com\/rennes\/bonnes-adresses-autour-du-parc-foret-adrenaline-rennes\/"]}]},{"@type":"ImageObject","inLanguage":"fr-FR","@id":"https:\/\/www.foretadrenaline.com\/rennes\/bonnes-adresses-autour-du-parc-foret-adrenaline-rennes\/#primaryimage","url":"https:\/\/www.foretadrenaline.com\/rennes\/wp-content\/uploads\/sites\/3\/2019\/10\/tyro-lac-2.jpg","contentUrl":"https:\/\/www.foretadrenaline.com\/rennes\/wp-content\/uploads\/sites\/3\/2019\/10\/tyro-lac-2.jpg","width":2048,"height":1367,"caption":"tyrolienne lac Gayeulles @foretadrenaline"},{"@type":"BreadcrumbList","@id":"https:\/\/www.foretadrenaline.com\/rennes\/bonnes-adresses-autour-du-parc-foret-adrenaline-rennes\/#breadcrumb","itemListElement":[{"@type":"ListItem","position":1,"name":"Accueil","item":"https:\/\/www.foretadrenaline.com\/rennes\/"},{"@type":"ListItem","position":2,"name":"Bonnes adresses autour du parc For\u00eat Adr\u00e9naline Rennes"}]},{"@type":"WebSite","@id":"https:\/\/www.foretadrenaline.com\/rennes\/#website","url":"https:\/\/www.foretadrenaline.com\/rennes\/","name":"For\u00eat Adr\u00e9naline - Rennes","description":"Un site utilisant For\u00eat Adr\u00e9naline","potentialAction":[{"@type":"SearchAction","target":{"@type":"EntryPoint","urlTemplate":"https:\/\/www.foretadrenaline.com\/rennes\/?s={search_term_string}"},"query-input":{"@type":"PropertyValueSpecification","valueRequired":true,"valueName":"search_term_string"}}],"inLanguage":"fr-FR"}]}},"_links":{"self":[{"href":"https:\/\/www.foretadrenaline.com\/rennes\/wp-json\/wp\/v2\/pages\/1692","targetHints":{"allow":["GET"]}}],"collection":[{"href":"https:\/\/www.foretadrenaline.com\/rennes\/wp-json\/wp\/v2\/pages"}],"about":[{"href":"https:\/\/www.foretadrenaline.com\/rennes\/wp-json\/wp\/v2\/types\/page"}],"author":[{"embeddable":true,"href":"https:\/\/www.foretadrenaline.com\/rennes\/wp-json\/wp\/v2\/users\/4"}],"replies":[{"embeddable":true,"href":"https:\/\/www.foretadrenaline.com\/rennes\/wp-json\/wp\/v2\/comments?post=1692"}],"version-history":[{"count":16,"href":"https:\/\/www.foretadrenaline.com\/rennes\/wp-json\/wp\/v2\/pages\/1692\/revisions"}],"predecessor-version":[{"id":5617,"href":"https:\/\/www.foretadrenaline.com\/rennes\/wp-json\/wp\/v2\/pages\/1692\/revisions\/5617"}],"wp:featuredmedia":[{"embeddable":true,"href":"https:\/\/www.foretadrenaline.com\/rennes\/wp-json\/wp\/v2\/media\/1663"}],"wp:attachment":[{"href":"https:\/\/www.foretadrenaline.com\/rennes\/wp-json\/wp\/v2\/media?parent=1692"}],"curies":[{"name":"wp","href":"https:\/\/api.w.org\/{rel}","templated":true}]}}