{"id":1696,"date":"2019-10-05T15:42:50","date_gmt":"2019-10-05T13:42:50","guid":{"rendered":"https:\/\/www.foretadrenaline.com\/rennes\/?page_id=1696"},"modified":"2024-01-10T15:19:06","modified_gmt":"2024-01-10T14:19:06","slug":"accessibilite-aux-personnes-en-situation-de-handicap","status":"publish","type":"page","link":"https:\/\/www.foretadrenaline.com\/rennes\/accessibilite-aux-personnes-en-situation-de-handicap\/","title":{"rendered":"Accessibilit\u00e9 aux personnes en situation de handicap"},"content":{"rendered":"\n<h4 class=\"wp-block-heading has-text-align-center\">Accessibilit\u00e9 aux personnes en situation de handicap<br>Le parc et les activit\u00e9s sont accessibles \u00e0 tous, selon vos envies et vos capacit\u00e9s.<br><\/h4>\n\n\n\n<p>Afin de garantir un accueil et une prestation de qualit\u00e9, nous vous recommandons notamment\u00a0:  <\/p>\n\n\n\n<ul class=\"wp-block-list\">\n<li>De privil\u00e9gier une activit\u00e9 aux <strong>cr\u00e9neaux horaires les moins fr\u00e9quent\u00e9s<\/strong>, le matin, ou en d\u00e9but d\u2019apr\u00e8s-midi.<a href=\"https:\/\/www.foretadrenaline.com\/rennes\/horaires-douverture-foret-adrenaline-rennes\/\"> Consultez nos horaires et nos pics d&rsquo;affluence<\/a><\/li>\n\n\n\n<li>Il est pr\u00e9f\u00e9rable de <strong>nous contacter<\/strong> au pr\u00e9alable afin d\u2019organiser au mieux votre venue <\/li>\n\n\n\n<li>Merci de nous <strong>pr\u00e9venir en caisse lors de votre arriv\u00e9e<\/strong>, afin que nous puissions communiquer entre nous pour vous accompagner au mieux selon votre situation.<\/li>\n\n\n\n<li>B\u00e9n\u00e9ficiez de <strong>20% de r\u00e9duction<\/strong> sur pr\u00e9sentation de votre carte CMI<\/li>\n<\/ul>\n\n\n\n<div class=\"wp-block-buttons is-content-justification-center is-layout-flex wp-container-core-buttons-is-layout-16018d1d wp-block-buttons-is-layout-flex\">\n<div class=\"wp-block-button has-custom-font-size has-small-font-size\"><a class=\"wp-block-button__link has-black-color has-luminous-vivid-amber-background-color has-text-color has-background wp-element-button\" href=\"https:\/\/www.foretadrenaline.com\/rennes\/contact\/\"><strong>Contactez nous<\/strong><\/a><\/div>\n<\/div>\n\n\n\n<h4 class=\"wp-block-heading has-luminous-vivid-amber-color has-text-color has-link-color wp-elements-19cdeb11ddf366868985e8ca491ac3c1\"><strong>Personnes \u00e0 mobilit\u00e9 r\u00e9duit<\/strong>e<\/h4>\n\n\n\n<p>Notre parc est accessible aux <strong>personnes \u00e0 mobilit\u00e9 r\u00e9duite<\/strong>. <br>Accessibilit\u00e9 aux personnes en situation de handicap: Pour acc\u00e9der au parc en fauteuil roulant, il vous faudra passer par la <strong>2<sup>e<\/sup> entr\u00e9e.<\/strong> <br>Continuez la route du professeur Maurice Audin, passez devant le camping, le chemin se trouve sur votre gauche.<\/p>\n\n\n<div class=\"wp-block-image\">\n<figure class=\"aligncenter is-resized\"><img loading=\"lazy\" decoding=\"async\" width=\"768\" height=\"1024\" src=\"https:\/\/www.foretadrenaline.com\/rennes\/wp-content\/uploads\/sites\/3\/2019\/10\/entree-768x1024.jpg\" alt=\"Accessibilit\u00e9 aux personnes en situation de handicap\" class=\"wp-image-1698\" style=\"aspect-ratio:0.7508305647840532;width:226px;height:auto\" srcset=\"https:\/\/www.foretadrenaline.com\/rennes\/wp-content\/uploads\/sites\/3\/2019\/10\/entree-768x1024.jpg 768w, https:\/\/www.foretadrenaline.com\/rennes\/wp-content\/uploads\/sites\/3\/2019\/10\/entree-225x300.jpg 225w, https:\/\/www.foretadrenaline.com\/rennes\/wp-content\/uploads\/sites\/3\/2019\/10\/entree-1200x1600.jpg 1200w, https:\/\/www.foretadrenaline.com\/rennes\/wp-content\/uploads\/sites\/3\/2019\/10\/entree.jpg 1265w\" sizes=\"auto, (max-width: 768px) 100vw, 768px\" \/><\/figure>\n<\/div>\n\n\n<p>Nous sommes implant\u00e9s dans un parc forestier, vous pouvez suivre les parcours au sol, cependant le <strong>terrain n\u2019est pas b\u00e9tonn\u00e9<\/strong> et est jonch\u00e9 d\u2019\u00e9pines de pin, potentiellement glissantes les jours de pluie, et des racines ressortent \u00e0 certains endroits. <br>Nous vous recommandons d\u2019\u00eatre prudents, et accompagn\u00e9s, mais nous mettons tout en \u0153uvre afin de garantir un accueil de qualit\u00e9. <\/p>\n\n\n\n<p><strong>Attention&nbsp;: Les toilettes ne sont pas accessibles aux personnes en fauteuil roulant. <\/strong><\/p>\n\n\n\n<h4 class=\"wp-block-heading has-luminous-vivid-amber-color has-text-color has-link-color wp-elements-43e062113bc2af880920807a6e0aea7d\"> <strong>Personnes sourdes ou malentendantes <\/strong><\/h4>\n\n\n\n<p>Nous vous accueillons avec plaisir afin de vous faire d\u00e9couvrir ou red\u00e9couvrir les joies de l\u2019accrobranche. <br>La vid\u00e9o d\u2019explication est <strong>sous-titr\u00e9e en fran\u00e7ais et anglais<\/strong>, vous pouvez donc tout \u00e0 fait suivre les explications. Notre \u00e9quipe est \u00e0 votre disposition afin de vous accueillir et vous guider tout au long de l\u2019activit\u00e9. <\/p>\n\n\n\n<h4 class=\"wp-block-heading has-luminous-vivid-amber-color has-text-color has-link-color wp-elements-26f51e06361414aa54dc7f6577fefdb6\"> <strong>Personnes en situation de handicap physique <\/strong><\/h4>\n\n\n\n<p>Nous n\u2019avons pas d\u2019interdiction de pratique sp\u00e9cifique. Si vous vous sentez capable de faire l\u2019activit\u00e9, nous mettrons tout en \u0153uvre afin de vous accompagner au mieux. <br>Sachez que certains parcours demandent force et \u00e9quilibre. Nous conseillons donc, en fonction de vos capacit\u00e9s physiques de faire des parcours moins difficiles (parcours de kid 1 et kid 2) <\/p>\n\n\n\n<h4 class=\"wp-block-heading has-luminous-vivid-amber-color has-text-color has-link-color wp-elements-872ebe0f07abdde07d74cd021d50928d\"><strong>Personnes en situation de handicap mental <\/strong><\/h4>\n\n\n\n<p>Notre parc accrobranche est accessible \u00e0 tous, notre \u00e9quipe est \u00e0 votre disposition afin de faire passer \u00e0 tous nos clients une tr\u00e8s bonne activit\u00e9. <br>Nous vous conseillerons les parcours accessibles \u00e0 votre situation (parcours de kid 1 et kid 2)  Ainsi vous pourrez pratiquer en toute tranquillit\u00e9 et sans stress. <br>N\u00e9anmoins nous conseillons vivement que les personnes en situation de handicap mental soient <strong>accompagn\u00e9es sur les parcours<\/strong>. <\/p>\n\n\n\n<figure class=\"wp-block-gallery has-nested-images columns-default is-cropped aligncenter wp-block-gallery-1 is-layout-flex wp-block-gallery-is-layout-flex\">\n<figure class=\"wp-block-image size-large\"><img loading=\"lazy\" decoding=\"async\" width=\"1024\" height=\"683\" data-id=\"5214\" src=\"https:\/\/www.foretadrenaline.com\/rennes\/wp-content\/uploads\/sites\/3\/2023\/12\/t-shirt-rougeimadginphotos-1024x683.jpg\" alt=\"\" class=\"wp-image-5214\" srcset=\"https:\/\/www.foretadrenaline.com\/rennes\/wp-content\/uploads\/sites\/3\/2023\/12\/t-shirt-rougeimadginphotos-1024x683.jpg 1024w, https:\/\/www.foretadrenaline.com\/rennes\/wp-content\/uploads\/sites\/3\/2023\/12\/t-shirt-rougeimadginphotos-300x200.jpg 300w, https:\/\/www.foretadrenaline.com\/rennes\/wp-content\/uploads\/sites\/3\/2023\/12\/t-shirt-rougeimadginphotos-768x512.jpg 768w, https:\/\/www.foretadrenaline.com\/rennes\/wp-content\/uploads\/sites\/3\/2023\/12\/t-shirt-rougeimadginphotos-1536x1024.jpg 1536w, https:\/\/www.foretadrenaline.com\/rennes\/wp-content\/uploads\/sites\/3\/2023\/12\/t-shirt-rougeimadginphotos-scaled.jpg 2048w, https:\/\/www.foretadrenaline.com\/rennes\/wp-content\/uploads\/sites\/3\/2023\/12\/t-shirt-rougeimadginphotos-1200x800.jpg 1200w\" sizes=\"auto, (max-width: 1024px) 100vw, 1024px\" \/><\/figure>\n\n\n\n<figure class=\"wp-block-image size-full\"><img loading=\"lazy\" decoding=\"async\" width=\"762\" height=\"773\" data-id=\"5523\" src=\"https:\/\/www.foretadrenaline.com\/rennes\/wp-content\/uploads\/sites\/3\/2024\/01\/insta-9-1-1.png\" alt=\"\" class=\"wp-image-5523\" srcset=\"https:\/\/www.foretadrenaline.com\/rennes\/wp-content\/uploads\/sites\/3\/2024\/01\/insta-9-1-1.png 762w, https:\/\/www.foretadrenaline.com\/rennes\/wp-content\/uploads\/sites\/3\/2024\/01\/insta-9-1-1-296x300.png 296w\" sizes=\"auto, (max-width: 762px) 100vw, 762px\" \/><\/figure>\n\n\n\n<figure class=\"wp-block-image size-large\"><img loading=\"lazy\" decoding=\"async\" width=\"841\" height=\"1024\" data-id=\"5413\" src=\"https:\/\/www.foretadrenaline.com\/rennes\/wp-content\/uploads\/sites\/3\/2024\/01\/WhatsApp-Image-2023-12-13-at-15.50.20-3-841x1024.jpeg\" alt=\"\" class=\"wp-image-5413\" srcset=\"https:\/\/www.foretadrenaline.com\/rennes\/wp-content\/uploads\/sites\/3\/2024\/01\/WhatsApp-Image-2023-12-13-at-15.50.20-3-841x1024.jpeg 841w, https:\/\/www.foretadrenaline.com\/rennes\/wp-content\/uploads\/sites\/3\/2024\/01\/WhatsApp-Image-2023-12-13-at-15.50.20-3-246x300.jpeg 246w, https:\/\/www.foretadrenaline.com\/rennes\/wp-content\/uploads\/sites\/3\/2024\/01\/WhatsApp-Image-2023-12-13-at-15.50.20-3-768x935.jpeg 768w, https:\/\/www.foretadrenaline.com\/rennes\/wp-content\/uploads\/sites\/3\/2024\/01\/WhatsApp-Image-2023-12-13-at-15.50.20-3.jpeg 1080w\" sizes=\"auto, (max-width: 841px) 100vw, 841px\" \/><\/figure>\n<\/figure>\n","protected":false},"excerpt":{"rendered":"<p>Accessibilit\u00e9 aux personnes en situation de handicapLe parc et les activit\u00e9s sont accessibles \u00e0 tous, selon vos envies et vos capacit\u00e9s. Afin de garantir un accueil et une prestation de qualit\u00e9, nous vous recommandons notamment\u00a0: Personnes \u00e0 mobilit\u00e9 r\u00e9duite Notre parc est accessible aux personnes \u00e0 mobilit\u00e9 r\u00e9duite. Accessibilit\u00e9 aux personnes en situation de handicap:&hellip;<\/p>\n","protected":false},"author":4,"featured_media":3197,"parent":0,"menu_order":0,"comment_status":"closed","ping_status":"closed","template":"","meta":{"_acf_changed":false,"footnotes":""},"class_list":["post-1696","page","type-page","status-publish","has-post-thumbnail","hentry"],"acf":[],"yoast_head":"<!-- This site is optimized with the Yoast SEO plugin v27.4 - https:\/\/yoast.com\/product\/yoast-seo-wordpress\/ -->\n<title>Accessibilit\u00e9 aux personnes en situation de handicap<\/title>\n<meta name=\"description\" content=\"Accessibilit\u00e9 aux personnes en situation de handicap - Le parc For\u00eat Adr\u00e9naline vous accueille pour un moment inoubliable!\" \/>\n<meta name=\"robots\" content=\"index, follow, max-snippet:-1, max-image-preview:large, max-video-preview:-1\" \/>\n<link rel=\"canonical\" href=\"https:\/\/www.foretadrenaline.com\/rennes\/accessibilite-aux-personnes-en-situation-de-handicap\/\" \/>\n<meta property=\"og:locale\" content=\"fr_FR\" \/>\n<meta property=\"og:type\" content=\"article\" \/>\n<meta property=\"og:title\" content=\"Accessibilit\u00e9 aux personnes en situation de handicap\" \/>\n<meta property=\"og:description\" content=\"Accessibilit\u00e9 aux personnes en situation de handicap - Le parc For\u00eat Adr\u00e9naline vous accueille pour un moment inoubliable!\" \/>\n<meta property=\"og:url\" content=\"https:\/\/www.foretadrenaline.com\/rennes\/accessibilite-aux-personnes-en-situation-de-handicap\/\" \/>\n<meta property=\"og:site_name\" content=\"For\u00eat Adr\u00e9naline - Rennes\" \/>\n<meta property=\"article:modified_time\" content=\"2024-01-10T14:19:06+00:00\" \/>\n<meta property=\"og:image\" content=\"https:\/\/www.foretadrenaline.com\/rennes\/wp-content\/uploads\/sites\/3\/2022\/02\/Corsaire-Aventure-Jack-Sparrow-Echelle-pompier-@Imadgin-scaled.jpg\" \/>\n\t<meta property=\"og:image:width\" content=\"1365\" \/>\n\t<meta property=\"og:image:height\" content=\"2048\" \/>\n\t<meta property=\"og:image:type\" content=\"image\/jpeg\" \/>\n<meta name=\"twitter:card\" content=\"summary_large_image\" \/>\n<meta name=\"twitter:label1\" content=\"Dur\u00e9e de lecture estim\u00e9e\" \/>\n\t<meta name=\"twitter:data1\" content=\"4 minutes\" \/>\n<script type=\"application\/ld+json\" class=\"yoast-schema-graph\">{\"@context\":\"https:\\\/\\\/schema.org\",\"@graph\":[{\"@type\":\"WebPage\",\"@id\":\"https:\\\/\\\/www.foretadrenaline.com\\\/rennes\\\/accessibilite-aux-personnes-en-situation-de-handicap\\\/\",\"url\":\"https:\\\/\\\/www.foretadrenaline.com\\\/rennes\\\/accessibilite-aux-personnes-en-situation-de-handicap\\\/\",\"name\":\"Accessibilit\u00e9 aux personnes en situation de handicap\",\"isPartOf\":{\"@id\":\"https:\\\/\\\/www.foretadrenaline.com\\\/rennes\\\/#website\"},\"primaryImageOfPage\":{\"@id\":\"https:\\\/\\\/www.foretadrenaline.com\\\/rennes\\\/accessibilite-aux-personnes-en-situation-de-handicap\\\/#primaryimage\"},\"image\":{\"@id\":\"https:\\\/\\\/www.foretadrenaline.com\\\/rennes\\\/accessibilite-aux-personnes-en-situation-de-handicap\\\/#primaryimage\"},\"thumbnailUrl\":\"https:\\\/\\\/www.foretadrenaline.com\\\/rennes\\\/wp-content\\\/uploads\\\/sites\\\/3\\\/2022\\\/02\\\/Corsaire-Aventure-Jack-Sparrow-Echelle-pompier-@Imadgin-scaled.jpg\",\"datePublished\":\"2019-10-05T13:42:50+00:00\",\"dateModified\":\"2024-01-10T14:19:06+00:00\",\"description\":\"Accessibilit\u00e9 aux personnes en situation de handicap - Le parc For\u00eat Adr\u00e9naline vous accueille pour un moment inoubliable!\",\"breadcrumb\":{\"@id\":\"https:\\\/\\\/www.foretadrenaline.com\\\/rennes\\\/accessibilite-aux-personnes-en-situation-de-handicap\\\/#breadcrumb\"},\"inLanguage\":\"fr-FR\",\"potentialAction\":[{\"@type\":\"ReadAction\",\"target\":[\"https:\\\/\\\/www.foretadrenaline.com\\\/rennes\\\/accessibilite-aux-personnes-en-situation-de-handicap\\\/\"]}]},{\"@type\":\"ImageObject\",\"inLanguage\":\"fr-FR\",\"@id\":\"https:\\\/\\\/www.foretadrenaline.com\\\/rennes\\\/accessibilite-aux-personnes-en-situation-de-handicap\\\/#primaryimage\",\"url\":\"https:\\\/\\\/www.foretadrenaline.com\\\/rennes\\\/wp-content\\\/uploads\\\/sites\\\/3\\\/2022\\\/02\\\/Corsaire-Aventure-Jack-Sparrow-Echelle-pompier-@Imadgin-scaled.jpg\",\"contentUrl\":\"https:\\\/\\\/www.foretadrenaline.com\\\/rennes\\\/wp-content\\\/uploads\\\/sites\\\/3\\\/2022\\\/02\\\/Corsaire-Aventure-Jack-Sparrow-Echelle-pompier-@Imadgin-scaled.jpg\",\"width\":1365,\"height\":2048,\"caption\":\"Corsaire Aventure Jack Sparrow - Echelle pompier @Imadgin\"},{\"@type\":\"BreadcrumbList\",\"@id\":\"https:\\\/\\\/www.foretadrenaline.com\\\/rennes\\\/accessibilite-aux-personnes-en-situation-de-handicap\\\/#breadcrumb\",\"itemListElement\":[{\"@type\":\"ListItem\",\"position\":1,\"name\":\"Accueil\",\"item\":\"https:\\\/\\\/www.foretadrenaline.com\\\/rennes\\\/\"},{\"@type\":\"ListItem\",\"position\":2,\"name\":\"Accessibilit\u00e9 aux personnes en situation de handicap\"}]},{\"@type\":\"WebSite\",\"@id\":\"https:\\\/\\\/www.foretadrenaline.com\\\/rennes\\\/#website\",\"url\":\"https:\\\/\\\/www.foretadrenaline.com\\\/rennes\\\/\",\"name\":\"For\u00eat Adr\u00e9naline - Rennes\",\"description\":\"Un site utilisant For\u00eat Adr\u00e9naline\",\"potentialAction\":[{\"@type\":\"SearchAction\",\"target\":{\"@type\":\"EntryPoint\",\"urlTemplate\":\"https:\\\/\\\/www.foretadrenaline.com\\\/rennes\\\/?s={search_term_string}\"},\"query-input\":{\"@type\":\"PropertyValueSpecification\",\"valueRequired\":true,\"valueName\":\"search_term_string\"}}],\"inLanguage\":\"fr-FR\"}]}<\/script>\n<!-- \/ Yoast SEO plugin. -->","yoast_head_json":{"title":"Accessibilit\u00e9 aux personnes en situation de handicap","description":"Accessibilit\u00e9 aux personnes en situation de handicap - Le parc For\u00eat Adr\u00e9naline vous accueille pour un moment inoubliable!","robots":{"index":"index","follow":"follow","max-snippet":"max-snippet:-1","max-image-preview":"max-image-preview:large","max-video-preview":"max-video-preview:-1"},"canonical":"https:\/\/www.foretadrenaline.com\/rennes\/accessibilite-aux-personnes-en-situation-de-handicap\/","og_locale":"fr_FR","og_type":"article","og_title":"Accessibilit\u00e9 aux personnes en situation de handicap","og_description":"Accessibilit\u00e9 aux personnes en situation de handicap - Le parc For\u00eat Adr\u00e9naline vous accueille pour un moment inoubliable!","og_url":"https:\/\/www.foretadrenaline.com\/rennes\/accessibilite-aux-personnes-en-situation-de-handicap\/","og_site_name":"For\u00eat Adr\u00e9naline - Rennes","article_modified_time":"2024-01-10T14:19:06+00:00","og_image":[{"width":1365,"height":2048,"url":"https:\/\/www.foretadrenaline.com\/rennes\/wp-content\/uploads\/sites\/3\/2022\/02\/Corsaire-Aventure-Jack-Sparrow-Echelle-pompier-@Imadgin-scaled.jpg","type":"image\/jpeg"}],"twitter_card":"summary_large_image","twitter_misc":{"Dur\u00e9e de lecture estim\u00e9e":"4 minutes"},"schema":{"@context":"https:\/\/schema.org","@graph":[{"@type":"WebPage","@id":"https:\/\/www.foretadrenaline.com\/rennes\/accessibilite-aux-personnes-en-situation-de-handicap\/","url":"https:\/\/www.foretadrenaline.com\/rennes\/accessibilite-aux-personnes-en-situation-de-handicap\/","name":"Accessibilit\u00e9 aux personnes en situation de handicap","isPartOf":{"@id":"https:\/\/www.foretadrenaline.com\/rennes\/#website"},"primaryImageOfPage":{"@id":"https:\/\/www.foretadrenaline.com\/rennes\/accessibilite-aux-personnes-en-situation-de-handicap\/#primaryimage"},"image":{"@id":"https:\/\/www.foretadrenaline.com\/rennes\/accessibilite-aux-personnes-en-situation-de-handicap\/#primaryimage"},"thumbnailUrl":"https:\/\/www.foretadrenaline.com\/rennes\/wp-content\/uploads\/sites\/3\/2022\/02\/Corsaire-Aventure-Jack-Sparrow-Echelle-pompier-@Imadgin-scaled.jpg","datePublished":"2019-10-05T13:42:50+00:00","dateModified":"2024-01-10T14:19:06+00:00","description":"Accessibilit\u00e9 aux personnes en situation de handicap - Le parc For\u00eat Adr\u00e9naline vous accueille pour un moment inoubliable!","breadcrumb":{"@id":"https:\/\/www.foretadrenaline.com\/rennes\/accessibilite-aux-personnes-en-situation-de-handicap\/#breadcrumb"},"inLanguage":"fr-FR","potentialAction":[{"@type":"ReadAction","target":["https:\/\/www.foretadrenaline.com\/rennes\/accessibilite-aux-personnes-en-situation-de-handicap\/"]}]},{"@type":"ImageObject","inLanguage":"fr-FR","@id":"https:\/\/www.foretadrenaline.com\/rennes\/accessibilite-aux-personnes-en-situation-de-handicap\/#primaryimage","url":"https:\/\/www.foretadrenaline.com\/rennes\/wp-content\/uploads\/sites\/3\/2022\/02\/Corsaire-Aventure-Jack-Sparrow-Echelle-pompier-@Imadgin-scaled.jpg","contentUrl":"https:\/\/www.foretadrenaline.com\/rennes\/wp-content\/uploads\/sites\/3\/2022\/02\/Corsaire-Aventure-Jack-Sparrow-Echelle-pompier-@Imadgin-scaled.jpg","width":1365,"height":2048,"caption":"Corsaire Aventure Jack Sparrow - Echelle pompier @Imadgin"},{"@type":"BreadcrumbList","@id":"https:\/\/www.foretadrenaline.com\/rennes\/accessibilite-aux-personnes-en-situation-de-handicap\/#breadcrumb","itemListElement":[{"@type":"ListItem","position":1,"name":"Accueil","item":"https:\/\/www.foretadrenaline.com\/rennes\/"},{"@type":"ListItem","position":2,"name":"Accessibilit\u00e9 aux personnes en situation de handicap"}]},{"@type":"WebSite","@id":"https:\/\/www.foretadrenaline.com\/rennes\/#website","url":"https:\/\/www.foretadrenaline.com\/rennes\/","name":"For\u00eat Adr\u00e9naline - Rennes","description":"Un site utilisant For\u00eat Adr\u00e9naline","potentialAction":[{"@type":"SearchAction","target":{"@type":"EntryPoint","urlTemplate":"https:\/\/www.foretadrenaline.com\/rennes\/?s={search_term_string}"},"query-input":{"@type":"PropertyValueSpecification","valueRequired":true,"valueName":"search_term_string"}}],"inLanguage":"fr-FR"}]}},"_links":{"self":[{"href":"https:\/\/www.foretadrenaline.com\/rennes\/wp-json\/wp\/v2\/pages\/1696","targetHints":{"allow":["GET"]}}],"collection":[{"href":"https:\/\/www.foretadrenaline.com\/rennes\/wp-json\/wp\/v2\/pages"}],"about":[{"href":"https:\/\/www.foretadrenaline.com\/rennes\/wp-json\/wp\/v2\/types\/page"}],"author":[{"embeddable":true,"href":"https:\/\/www.foretadrenaline.com\/rennes\/wp-json\/wp\/v2\/users\/4"}],"replies":[{"embeddable":true,"href":"https:\/\/www.foretadrenaline.com\/rennes\/wp-json\/wp\/v2\/comments?post=1696"}],"version-history":[{"count":12,"href":"https:\/\/www.foretadrenaline.com\/rennes\/wp-json\/wp\/v2\/pages\/1696\/revisions"}],"predecessor-version":[{"id":5621,"href":"https:\/\/www.foretadrenaline.com\/rennes\/wp-json\/wp\/v2\/pages\/1696\/revisions\/5621"}],"wp:featuredmedia":[{"embeddable":true,"href":"https:\/\/www.foretadrenaline.com\/rennes\/wp-json\/wp\/v2\/media\/3197"}],"wp:attachment":[{"href":"https:\/\/www.foretadrenaline.com\/rennes\/wp-json\/wp\/v2\/media?parent=1696"}],"curies":[{"name":"wp","href":"https:\/\/api.w.org\/{rel}","templated":true}]}}