{"id":1926,"date":"2020-03-24T14:32:18","date_gmt":"2020-03-24T13:32:18","guid":{"rendered":"https:\/\/www.foretadrenaline.com\/rennes\/?page_id=1926"},"modified":"2026-04-03T14:54:58","modified_gmt":"2026-04-03T12:54:58","slug":"formule-groupes-accrobranche","status":"publish","type":"page","link":"https:\/\/www.foretadrenaline.com\/rennes\/offres-groupes\/scolaires-et-centres-de-loisirs\/groupes-scolaires-et-clsh-rennes\/formule-groupes-accrobranche\/","title":{"rendered":"Formule groupes &#8211; Accrobranche"},"content":{"rendered":"\n<h3 class=\"wp-block-heading has-text-align-center\">Formule groupes &#8211; Accrobranche : 2h30 d&rsquo;activit\u00e9 <\/h3>\n\n\n<div class=\"wp-block-image\">\n<figure class=\"alignright size-full is-resized\"><img loading=\"lazy\" decoding=\"async\" width=\"2048\" height=\"1365\" src=\"https:\/\/www.foretadrenaline.com\/rennes\/wp-content\/uploads\/sites\/3\/2026\/01\/DSC005211-min1-scaled.jpg\" alt=\"\" class=\"wp-image-6954\" style=\"aspect-ratio:1.5005181347150258;width:450px;height:auto\" srcset=\"https:\/\/www.foretadrenaline.com\/rennes\/wp-content\/uploads\/sites\/3\/2026\/01\/DSC005211-min1-scaled.jpg 2048w, https:\/\/www.foretadrenaline.com\/rennes\/wp-content\/uploads\/sites\/3\/2026\/01\/DSC005211-min1-300x200.jpg 300w, https:\/\/www.foretadrenaline.com\/rennes\/wp-content\/uploads\/sites\/3\/2026\/01\/DSC005211-min1-1024x683.jpg 1024w, https:\/\/www.foretadrenaline.com\/rennes\/wp-content\/uploads\/sites\/3\/2026\/01\/DSC005211-min1-768x512.jpg 768w, https:\/\/www.foretadrenaline.com\/rennes\/wp-content\/uploads\/sites\/3\/2026\/01\/DSC005211-min1-1536x1024.jpg 1536w, https:\/\/www.foretadrenaline.com\/rennes\/wp-content\/uploads\/sites\/3\/2026\/01\/DSC005211-min1-1200x800.jpg 1200w\" sizes=\"auto, (max-width: 2048px) 100vw, 2048px\" \/><\/figure>\n<\/div>\n\n\n<h3 class=\"wp-block-heading has-text-align-center\">17 parcours de 1 \u00e0 17m de haut &#8211; A partir de 2 ans.<\/h3>\n\n\n\n<p class=\"has-text-align-center\">Vous souhaitez une activit\u00e9 connect\u00e9e \u00e0 la nature sans impact sur notre environnement?<br>Votre envie est d\u2019allier p\u00e9dagogie et d\u00e9veloppement des capacit\u00e9s psychomotrices ?<br>Vous cherchez une activit\u00e9 en lien avec le d\u00e9veloppement durable et le d\u00e9passement de soi?<\/p>\n\n\n\n<p class=\"has-text-align-center\">Nous vous accueillons pour des sorties scolaires du lundi au vendredi, pour une demi journ\u00e9e ou une journ\u00e9e d&rsquo;activit\u00e9.<br>Centres de loisirs, associations, nous proposons des activit\u00e9s les mercredis, week end, jours f\u00e9ri\u00e9s et pendant les vacances d&rsquo;Avril, d&rsquo;\u00e9t\u00e9 et de la Toussaint!<\/p>\n\n\n\n<p class=\"has-text-align-center has-luminous-vivid-amber-color has-text-color has-link-color wp-elements-601c89b5cf64cf54d155b2bf4b27b28a\"><strong>Nos activit\u00e9s sont cumulables : <\/strong><\/p>\n\n\n\n<p class=\"has-text-align-center has-black-color has-text-color has-link-color wp-elements-0aab32281a80ed2ce1d5336822fcc994\"><br><strong>Activit\u00e9 accrobranche seule (2h30)<br>ou<br>Activit\u00e9 accrobranche (2h30) + Tramp\u00d4forest\u00ae(30mn) <br>ou <br>Activit\u00e9 accrobranche (2h30) + activit\u00e9 anim\u00e9e (45mn) <br>ou <br>Tramp\u00d4forest\u00ae + activit\u00e9 anim\u00e9e (45mn)<\/strong> (hors week ends, jours f\u00e9ri\u00e9s et vacances scolaires)<\/p>\n\n\n\n<p><\/p>\n\n\n\n<figure class=\"wp-block-gallery has-nested-images columns-default is-cropped wp-block-gallery-1 is-layout-flex wp-block-gallery-is-layout-flex\">\n<figure class=\"wp-block-image size-large is-style-default\"><img loading=\"lazy\" decoding=\"async\" width=\"841\" height=\"1024\" data-id=\"5413\" src=\"https:\/\/www.foretadrenaline.com\/rennes\/wp-content\/uploads\/sites\/3\/2024\/01\/WhatsApp-Image-2023-12-13-at-15.50.20-3-841x1024.jpeg\" alt=\"\" class=\"wp-image-5413\" srcset=\"https:\/\/www.foretadrenaline.com\/rennes\/wp-content\/uploads\/sites\/3\/2024\/01\/WhatsApp-Image-2023-12-13-at-15.50.20-3-841x1024.jpeg 841w, https:\/\/www.foretadrenaline.com\/rennes\/wp-content\/uploads\/sites\/3\/2024\/01\/WhatsApp-Image-2023-12-13-at-15.50.20-3-246x300.jpeg 246w, https:\/\/www.foretadrenaline.com\/rennes\/wp-content\/uploads\/sites\/3\/2024\/01\/WhatsApp-Image-2023-12-13-at-15.50.20-3-768x935.jpeg 768w, https:\/\/www.foretadrenaline.com\/rennes\/wp-content\/uploads\/sites\/3\/2024\/01\/WhatsApp-Image-2023-12-13-at-15.50.20-3.jpeg 1080w\" sizes=\"auto, (max-width: 841px) 100vw, 841px\" \/><\/figure>\n\n\n\n<figure class=\"wp-block-image size-large is-style-default\"><img loading=\"lazy\" decoding=\"async\" width=\"1024\" height=\"683\" data-id=\"6948\" src=\"https:\/\/www.foretadrenaline.com\/rennes\/wp-content\/uploads\/sites\/3\/2026\/01\/DSC004261-min1-1024x683.jpg\" alt=\"\" class=\"wp-image-6948\" srcset=\"https:\/\/www.foretadrenaline.com\/rennes\/wp-content\/uploads\/sites\/3\/2026\/01\/DSC004261-min1-1024x683.jpg 1024w, https:\/\/www.foretadrenaline.com\/rennes\/wp-content\/uploads\/sites\/3\/2026\/01\/DSC004261-min1-300x200.jpg 300w, https:\/\/www.foretadrenaline.com\/rennes\/wp-content\/uploads\/sites\/3\/2026\/01\/DSC004261-min1-768x512.jpg 768w, https:\/\/www.foretadrenaline.com\/rennes\/wp-content\/uploads\/sites\/3\/2026\/01\/DSC004261-min1-1536x1024.jpg 1536w, https:\/\/www.foretadrenaline.com\/rennes\/wp-content\/uploads\/sites\/3\/2026\/01\/DSC004261-min1-scaled.jpg 2048w, https:\/\/www.foretadrenaline.com\/rennes\/wp-content\/uploads\/sites\/3\/2026\/01\/DSC004261-min1-1200x800.jpg 1200w\" sizes=\"auto, (max-width: 1024px) 100vw, 1024px\" \/><\/figure>\n\n\n\n<figure class=\"wp-block-image size-large is-style-default\"><img loading=\"lazy\" decoding=\"async\" width=\"1024\" height=\"683\" data-id=\"6962\" src=\"https:\/\/www.foretadrenaline.com\/rennes\/wp-content\/uploads\/sites\/3\/2026\/01\/DSC006001-min1-1024x683.jpg\" alt=\"\" class=\"wp-image-6962\" srcset=\"https:\/\/www.foretadrenaline.com\/rennes\/wp-content\/uploads\/sites\/3\/2026\/01\/DSC006001-min1-1024x683.jpg 1024w, https:\/\/www.foretadrenaline.com\/rennes\/wp-content\/uploads\/sites\/3\/2026\/01\/DSC006001-min1-300x200.jpg 300w, https:\/\/www.foretadrenaline.com\/rennes\/wp-content\/uploads\/sites\/3\/2026\/01\/DSC006001-min1-768x512.jpg 768w, https:\/\/www.foretadrenaline.com\/rennes\/wp-content\/uploads\/sites\/3\/2026\/01\/DSC006001-min1-1536x1024.jpg 1536w, https:\/\/www.foretadrenaline.com\/rennes\/wp-content\/uploads\/sites\/3\/2026\/01\/DSC006001-min1-scaled.jpg 2048w, https:\/\/www.foretadrenaline.com\/rennes\/wp-content\/uploads\/sites\/3\/2026\/01\/DSC006001-min1-1200x800.jpg 1200w\" sizes=\"auto, (max-width: 1024px) 100vw, 1024px\" \/><\/figure>\n<\/figure>\n\n\n\n<p><\/p>\n\n\n\n<p class=\"has-text-align-center has-luminous-vivid-amber-color has-text-color\"><strong>Formule groupes &#8211; Accrobranche<\/strong><\/p>\n\n\n\n<p>Les enfants de<strong>Toute Petite Section et Petite section (2\/3 ans) <\/strong>ont acc\u00e8s au parcours <strong>Pitchoun:<\/strong> 45mn de parcours \u00e0 1m de haut avec baudrier + 45mn de cage des \u00e9cureuils (petit trampoline) <br><br>Les enfants de <strong>Moyenne section, Grande section et CP (4\/6 ans)<\/strong> ont acc\u00e8s aux 5 parcours <strong>Kid 1<\/strong> (de 1 \u00e0 5m de haut) <br><br>Les \u00e9l\u00e8ves de <strong>CE1\/CE2\/CM1 (7\/9 ans)<\/strong> ont acc\u00e8s aux 11 parcours <strong>Kid 2 <\/strong>(de 1 \u00e0 10m de haut) <br><br>Les <strong>CM2\/6e\/5e\/4e (10\/13 ans)<\/strong> ont acc\u00e8s aux 13 parcours <strong>Junior<\/strong> (de 1 \u00e0 13m de haut) <br><br>Les \u00e9l\u00e8ves de <strong>4e, les lyc\u00e9ens et les \u00e9tudiants<\/strong> ont acc\u00e8s aux 17 parcours <strong>Adulte<\/strong> (de 1 \u00e0 17m de haut)<\/p>\n\n\n\n<p><\/p>\n\n\n\n<div class=\"wp-block-buttons is-layout-flex wp-block-buttons-is-layout-flex\">\n<div class=\"wp-block-button has-custom-width wp-block-button__width-25 aligncenter is-style-fill\"><a class=\"wp-block-button__link has-black-color has-luminous-vivid-amber-background-color has-text-color has-background has-small-font-size has-text-align-center has-custom-font-size wp-element-button\" href=\"https:\/\/www.foretadrenaline.com\/rennes\/parcours-acrobatiques\/\" target=\"_blank\" rel=\"noreferrer noopener\"><strong>Pour plus d&rsquo;informations sur les parcours et les cat\u00e9gories d&rsquo;\u00e2ge <\/strong><\/a><\/div>\n<\/div>\n\n\n\n<p><\/p>\n\n\n\n<p class=\"has-text-align-center\">Tous nos parcours sont \u00e9quip\u00e9s d&rsquo;une <strong>ligne de vie continue<\/strong>, afin de garantir en tout temps la s\u00e9curit\u00e9 de tous <br>Les <strong>accompagnateurs<\/strong> du groupe (professeurs, parents, animateurs&#8230;)<strong>participent, grimpent et encadrent les enfants<\/strong> durant l&rsquo;activit\u00e9 et pendant les temps hors activit\u00e9 (toilettes, pique nique&#8230;).<br>Notre \u00e9quipe est pr\u00e9sente afin d&rsquo;assurer l&rsquo;\u00e9quipement, l&rsquo;initiation, la surveillance, l&rsquo;aide et l&rsquo;\u00e9vacuation si n\u00e9cessaire sur les parcours.<\/p>\n\n\n\n<p class=\"has-text-align-center\"><\/p>\n\n\n\n<div class=\"wp-block-buttons is-layout-flex wp-block-buttons-is-layout-flex\">\n<div class=\"wp-block-button aligncenter\"><a class=\"wp-block-button__link has-black-color has-luminous-vivid-amber-background-color has-text-color has-background has-small-font-size has-custom-font-size wp-element-button\" href=\"https:\/\/www.foretadrenaline.com\/rennes\/contacter-foret-adrenaline-rennes\/\" target=\"_blank\" rel=\"noreferrer noopener\"><strong>Pour toutes informations et pour une demande de devis, contactez nous! <\/strong><\/a><\/div>\n<\/div>\n\n\n\n<p><\/p>\n\n\n\n<figure class=\"wp-block-gallery has-nested-images columns-default is-cropped wp-block-gallery-2 is-layout-flex wp-block-gallery-is-layout-flex\">\n<figure class=\"wp-block-image size-full is-style-default\"><img loading=\"lazy\" decoding=\"async\" width=\"662\" height=\"827\" data-id=\"3270\" src=\"https:\/\/www.foretadrenaline.com\/rennes\/wp-content\/uploads\/sites\/3\/2022\/02\/filet-loutre1.jpg\" alt=\"\" class=\"wp-image-3270\" srcset=\"https:\/\/www.foretadrenaline.com\/rennes\/wp-content\/uploads\/sites\/3\/2022\/02\/filet-loutre1.jpg 662w, https:\/\/www.foretadrenaline.com\/rennes\/wp-content\/uploads\/sites\/3\/2022\/02\/filet-loutre1-240x300.jpg 240w\" sizes=\"auto, (max-width: 662px) 100vw, 662px\" \/><\/figure>\n\n\n\n<figure class=\"wp-block-image size-large is-style-default\"><img loading=\"lazy\" decoding=\"async\" width=\"1024\" height=\"683\" data-id=\"6956\" src=\"https:\/\/www.foretadrenaline.com\/rennes\/wp-content\/uploads\/sites\/3\/2026\/01\/DSC005471-min1-1024x683.jpg\" alt=\"\" class=\"wp-image-6956\" srcset=\"https:\/\/www.foretadrenaline.com\/rennes\/wp-content\/uploads\/sites\/3\/2026\/01\/DSC005471-min1-1024x683.jpg 1024w, https:\/\/www.foretadrenaline.com\/rennes\/wp-content\/uploads\/sites\/3\/2026\/01\/DSC005471-min1-300x200.jpg 300w, https:\/\/www.foretadrenaline.com\/rennes\/wp-content\/uploads\/sites\/3\/2026\/01\/DSC005471-min1-768x512.jpg 768w, https:\/\/www.foretadrenaline.com\/rennes\/wp-content\/uploads\/sites\/3\/2026\/01\/DSC005471-min1-1536x1024.jpg 1536w, https:\/\/www.foretadrenaline.com\/rennes\/wp-content\/uploads\/sites\/3\/2026\/01\/DSC005471-min1-scaled.jpg 2048w, https:\/\/www.foretadrenaline.com\/rennes\/wp-content\/uploads\/sites\/3\/2026\/01\/DSC005471-min1-1200x800.jpg 1200w\" sizes=\"auto, (max-width: 1024px) 100vw, 1024px\" \/><\/figure>\n\n\n\n<figure class=\"wp-block-image size-large is-style-default\"><img loading=\"lazy\" decoding=\"async\" width=\"1024\" height=\"768\" data-id=\"3161\" src=\"https:\/\/www.foretadrenaline.com\/rennes\/wp-content\/uploads\/sites\/3\/2022\/02\/tyros-@foretadrenalinerennes-1024x768.jpg\" alt=\"\" class=\"wp-image-3161\" srcset=\"https:\/\/www.foretadrenaline.com\/rennes\/wp-content\/uploads\/sites\/3\/2022\/02\/tyros-@foretadrenalinerennes-1024x768.jpg 1024w, https:\/\/www.foretadrenaline.com\/rennes\/wp-content\/uploads\/sites\/3\/2022\/02\/tyros-@foretadrenalinerennes-300x225.jpg 300w, https:\/\/www.foretadrenaline.com\/rennes\/wp-content\/uploads\/sites\/3\/2022\/02\/tyros-@foretadrenalinerennes-768x576.jpg 768w, https:\/\/www.foretadrenaline.com\/rennes\/wp-content\/uploads\/sites\/3\/2022\/02\/tyros-@foretadrenalinerennes-1536x1152.jpg 1536w, https:\/\/www.foretadrenaline.com\/rennes\/wp-content\/uploads\/sites\/3\/2022\/02\/tyros-@foretadrenalinerennes-1200x900.jpg 1200w, https:\/\/www.foretadrenaline.com\/rennes\/wp-content\/uploads\/sites\/3\/2022\/02\/tyros-@foretadrenalinerennes.jpg 1600w\" sizes=\"auto, (max-width: 1024px) 100vw, 1024px\" \/><\/figure>\n<\/figure>\n\n\n\n<p><\/p>\n\n\n\n<div class=\"wp-block-buttons is-content-justification-center is-layout-flex wp-container-core-buttons-is-layout-16018d1d wp-block-buttons-is-layout-flex\">\n<div class=\"wp-block-button\"><a class=\"wp-block-button__link has-black-color has-luminous-vivid-amber-background-color has-text-color has-background wp-element-button\" href=\"https:\/\/www.foretadrenaline.com\/rennes\/wp-content\/uploads\/sites\/3\/2026\/02\/Plaquette-Scolaires-CLSH-2026.pdf\" target=\"_blank\" rel=\"noreferrer noopener\"><strong>T\u00e9l\u00e9chargez la plaquette d&rsquo;informations <\/strong><\/a><\/div>\n<\/div>\n\n\n\n<figure class=\"wp-block-gallery has-nested-images columns-default is-cropped wp-block-gallery-3 is-layout-flex wp-block-gallery-is-layout-flex\"><\/figure>\n","protected":false},"excerpt":{"rendered":"<p>Formule groupes &#8211; Accrobranche : 2h30 d&rsquo;activit\u00e9 17 parcours de 1 \u00e0 17m de haut &#8211; A partir de 2 ans. Vous souhaitez une activit\u00e9 connect\u00e9e \u00e0 la nature sans impact sur notre environnement?Votre envie est d\u2019allier p\u00e9dagogie et d\u00e9veloppement des capacit\u00e9s psychomotrices ?Vous cherchez une activit\u00e9 en lien avec le d\u00e9veloppement durable et le&hellip;<\/p>\n","protected":false},"author":4,"featured_media":4071,"parent":699,"menu_order":1,"comment_status":"closed","ping_status":"closed","template":"","meta":{"_acf_changed":false,"footnotes":""},"class_list":["post-1926","page","type-page","status-publish","has-post-thumbnail","hentry"],"acf":[],"yoast_head":"<!-- This site is optimized with the Yoast SEO plugin v27.3 - https:\/\/yoast.com\/product\/yoast-seo-wordpress\/ -->\n<title>Formule groupes - Accrobranche<\/title>\n<meta name=\"description\" content=\"Formule groupes - Accrobranche : 2h30 d&#039;activit\u00e9 sur 17 parcours de 1 \u00e0 17m de haut - A partir de 2 ans\" \/>\n<meta name=\"robots\" content=\"index, follow, max-snippet:-1, max-image-preview:large, max-video-preview:-1\" \/>\n<link rel=\"canonical\" href=\"https:\/\/www.foretadrenaline.com\/rennes\/offres-groupes\/scolaires-et-centres-de-loisirs\/groupes-scolaires-et-clsh-rennes\/formule-groupes-accrobranche\/\" \/>\n<meta property=\"og:locale\" content=\"fr_FR\" \/>\n<meta property=\"og:type\" content=\"article\" \/>\n<meta property=\"og:title\" content=\"Formule groupes - Accrobranche\" \/>\n<meta property=\"og:description\" content=\"Formule groupes - Accrobranche : 2h30 d&#039;activit\u00e9 sur 17 parcours de 1 \u00e0 17m de haut - A partir de 2 ans\" \/>\n<meta property=\"og:url\" content=\"https:\/\/www.foretadrenaline.com\/rennes\/offres-groupes\/scolaires-et-centres-de-loisirs\/groupes-scolaires-et-clsh-rennes\/formule-groupes-accrobranche\/\" \/>\n<meta property=\"og:site_name\" content=\"For\u00eat Adr\u00e9naline - Rennes\" \/>\n<meta property=\"article:modified_time\" content=\"2026-04-03T12:54:58+00:00\" \/>\n<meta property=\"og:image\" content=\"https:\/\/www.foretadrenaline.com\/rennes\/wp-content\/uploads\/sites\/3\/2023\/02\/PB6A1583-scaled.jpg\" \/>\n\t<meta property=\"og:image:width\" content=\"2048\" \/>\n\t<meta property=\"og:image:height\" content=\"1365\" \/>\n\t<meta property=\"og:image:type\" content=\"image\/jpeg\" \/>\n<meta name=\"twitter:card\" content=\"summary_large_image\" \/>\n<meta name=\"twitter:label1\" content=\"Dur\u00e9e de lecture estim\u00e9e\" \/>\n\t<meta name=\"twitter:data1\" content=\"4 minutes\" \/>\n<script type=\"application\/ld+json\" class=\"yoast-schema-graph\">{\"@context\":\"https:\\\/\\\/schema.org\",\"@graph\":[{\"@type\":\"WebPage\",\"@id\":\"https:\\\/\\\/www.foretadrenaline.com\\\/rennes\\\/offres-groupes\\\/scolaires-et-centres-de-loisirs\\\/groupes-scolaires-et-clsh-rennes\\\/formule-groupes-accrobranche\\\/\",\"url\":\"https:\\\/\\\/www.foretadrenaline.com\\\/rennes\\\/offres-groupes\\\/scolaires-et-centres-de-loisirs\\\/groupes-scolaires-et-clsh-rennes\\\/formule-groupes-accrobranche\\\/\",\"name\":\"Formule groupes - Accrobranche\",\"isPartOf\":{\"@id\":\"https:\\\/\\\/www.foretadrenaline.com\\\/rennes\\\/#website\"},\"primaryImageOfPage\":{\"@id\":\"https:\\\/\\\/www.foretadrenaline.com\\\/rennes\\\/offres-groupes\\\/scolaires-et-centres-de-loisirs\\\/groupes-scolaires-et-clsh-rennes\\\/formule-groupes-accrobranche\\\/#primaryimage\"},\"image\":{\"@id\":\"https:\\\/\\\/www.foretadrenaline.com\\\/rennes\\\/offres-groupes\\\/scolaires-et-centres-de-loisirs\\\/groupes-scolaires-et-clsh-rennes\\\/formule-groupes-accrobranche\\\/#primaryimage\"},\"thumbnailUrl\":\"https:\\\/\\\/www.foretadrenaline.com\\\/rennes\\\/wp-content\\\/uploads\\\/sites\\\/3\\\/2023\\\/02\\\/PB6A1583-scaled.jpg\",\"datePublished\":\"2020-03-24T13:32:18+00:00\",\"dateModified\":\"2026-04-03T12:54:58+00:00\",\"description\":\"Formule groupes - Accrobranche : 2h30 d'activit\u00e9 sur 17 parcours de 1 \u00e0 17m de haut - A partir de 2 ans\",\"breadcrumb\":{\"@id\":\"https:\\\/\\\/www.foretadrenaline.com\\\/rennes\\\/offres-groupes\\\/scolaires-et-centres-de-loisirs\\\/groupes-scolaires-et-clsh-rennes\\\/formule-groupes-accrobranche\\\/#breadcrumb\"},\"inLanguage\":\"fr-FR\",\"potentialAction\":[{\"@type\":\"ReadAction\",\"target\":[\"https:\\\/\\\/www.foretadrenaline.com\\\/rennes\\\/offres-groupes\\\/scolaires-et-centres-de-loisirs\\\/groupes-scolaires-et-clsh-rennes\\\/formule-groupes-accrobranche\\\/\"]}]},{\"@type\":\"ImageObject\",\"inLanguage\":\"fr-FR\",\"@id\":\"https:\\\/\\\/www.foretadrenaline.com\\\/rennes\\\/offres-groupes\\\/scolaires-et-centres-de-loisirs\\\/groupes-scolaires-et-clsh-rennes\\\/formule-groupes-accrobranche\\\/#primaryimage\",\"url\":\"https:\\\/\\\/www.foretadrenaline.com\\\/rennes\\\/wp-content\\\/uploads\\\/sites\\\/3\\\/2023\\\/02\\\/PB6A1583-scaled.jpg\",\"contentUrl\":\"https:\\\/\\\/www.foretadrenaline.com\\\/rennes\\\/wp-content\\\/uploads\\\/sites\\\/3\\\/2023\\\/02\\\/PB6A1583-scaled.jpg\",\"width\":2048,\"height\":1365,\"caption\":\"Tarifs For\u00eat Adr\u00e9naline Rennes\"},{\"@type\":\"BreadcrumbList\",\"@id\":\"https:\\\/\\\/www.foretadrenaline.com\\\/rennes\\\/offres-groupes\\\/scolaires-et-centres-de-loisirs\\\/groupes-scolaires-et-clsh-rennes\\\/formule-groupes-accrobranche\\\/#breadcrumb\",\"itemListElement\":[{\"@type\":\"ListItem\",\"position\":1,\"name\":\"Accueil\",\"item\":\"https:\\\/\\\/www.foretadrenaline.com\\\/rennes\\\/\"},{\"@type\":\"ListItem\",\"position\":2,\"name\":\"Offres groupes\",\"item\":\"https:\\\/\\\/www.foretadrenaline.com\\\/rennes\\\/offres-groupes\\\/\"},{\"@type\":\"ListItem\",\"position\":3,\"name\":\"Scolaires et centres de loisirs\",\"item\":\"https:\\\/\\\/www.foretadrenaline.com\\\/rennes\\\/offres-groupes\\\/scolaires-et-centres-de-loisirs\\\/\"},{\"@type\":\"ListItem\",\"position\":4,\"name\":\"Accrobranche\",\"item\":\"https:\\\/\\\/www.foretadrenaline.com\\\/rennes\\\/?page_id=699\"},{\"@type\":\"ListItem\",\"position\":5,\"name\":\"Formule groupes &#8211; Accrobranche\"}]},{\"@type\":\"WebSite\",\"@id\":\"https:\\\/\\\/www.foretadrenaline.com\\\/rennes\\\/#website\",\"url\":\"https:\\\/\\\/www.foretadrenaline.com\\\/rennes\\\/\",\"name\":\"For\u00eat Adr\u00e9naline - Rennes\",\"description\":\"Un site utilisant For\u00eat Adr\u00e9naline\",\"potentialAction\":[{\"@type\":\"SearchAction\",\"target\":{\"@type\":\"EntryPoint\",\"urlTemplate\":\"https:\\\/\\\/www.foretadrenaline.com\\\/rennes\\\/?s={search_term_string}\"},\"query-input\":{\"@type\":\"PropertyValueSpecification\",\"valueRequired\":true,\"valueName\":\"search_term_string\"}}],\"inLanguage\":\"fr-FR\"}]}<\/script>\n<!-- \/ Yoast SEO plugin. -->","yoast_head_json":{"title":"Formule groupes - Accrobranche","description":"Formule groupes - Accrobranche : 2h30 d'activit\u00e9 sur 17 parcours de 1 \u00e0 17m de haut - A partir de 2 ans","robots":{"index":"index","follow":"follow","max-snippet":"max-snippet:-1","max-image-preview":"max-image-preview:large","max-video-preview":"max-video-preview:-1"},"canonical":"https:\/\/www.foretadrenaline.com\/rennes\/offres-groupes\/scolaires-et-centres-de-loisirs\/groupes-scolaires-et-clsh-rennes\/formule-groupes-accrobranche\/","og_locale":"fr_FR","og_type":"article","og_title":"Formule groupes - Accrobranche","og_description":"Formule groupes - Accrobranche : 2h30 d'activit\u00e9 sur 17 parcours de 1 \u00e0 17m de haut - A partir de 2 ans","og_url":"https:\/\/www.foretadrenaline.com\/rennes\/offres-groupes\/scolaires-et-centres-de-loisirs\/groupes-scolaires-et-clsh-rennes\/formule-groupes-accrobranche\/","og_site_name":"For\u00eat Adr\u00e9naline - Rennes","article_modified_time":"2026-04-03T12:54:58+00:00","og_image":[{"width":2048,"height":1365,"url":"https:\/\/www.foretadrenaline.com\/rennes\/wp-content\/uploads\/sites\/3\/2023\/02\/PB6A1583-scaled.jpg","type":"image\/jpeg"}],"twitter_card":"summary_large_image","twitter_misc":{"Dur\u00e9e de lecture estim\u00e9e":"4 minutes"},"schema":{"@context":"https:\/\/schema.org","@graph":[{"@type":"WebPage","@id":"https:\/\/www.foretadrenaline.com\/rennes\/offres-groupes\/scolaires-et-centres-de-loisirs\/groupes-scolaires-et-clsh-rennes\/formule-groupes-accrobranche\/","url":"https:\/\/www.foretadrenaline.com\/rennes\/offres-groupes\/scolaires-et-centres-de-loisirs\/groupes-scolaires-et-clsh-rennes\/formule-groupes-accrobranche\/","name":"Formule groupes - Accrobranche","isPartOf":{"@id":"https:\/\/www.foretadrenaline.com\/rennes\/#website"},"primaryImageOfPage":{"@id":"https:\/\/www.foretadrenaline.com\/rennes\/offres-groupes\/scolaires-et-centres-de-loisirs\/groupes-scolaires-et-clsh-rennes\/formule-groupes-accrobranche\/#primaryimage"},"image":{"@id":"https:\/\/www.foretadrenaline.com\/rennes\/offres-groupes\/scolaires-et-centres-de-loisirs\/groupes-scolaires-et-clsh-rennes\/formule-groupes-accrobranche\/#primaryimage"},"thumbnailUrl":"https:\/\/www.foretadrenaline.com\/rennes\/wp-content\/uploads\/sites\/3\/2023\/02\/PB6A1583-scaled.jpg","datePublished":"2020-03-24T13:32:18+00:00","dateModified":"2026-04-03T12:54:58+00:00","description":"Formule groupes - Accrobranche : 2h30 d'activit\u00e9 sur 17 parcours de 1 \u00e0 17m de haut - A partir de 2 ans","breadcrumb":{"@id":"https:\/\/www.foretadrenaline.com\/rennes\/offres-groupes\/scolaires-et-centres-de-loisirs\/groupes-scolaires-et-clsh-rennes\/formule-groupes-accrobranche\/#breadcrumb"},"inLanguage":"fr-FR","potentialAction":[{"@type":"ReadAction","target":["https:\/\/www.foretadrenaline.com\/rennes\/offres-groupes\/scolaires-et-centres-de-loisirs\/groupes-scolaires-et-clsh-rennes\/formule-groupes-accrobranche\/"]}]},{"@type":"ImageObject","inLanguage":"fr-FR","@id":"https:\/\/www.foretadrenaline.com\/rennes\/offres-groupes\/scolaires-et-centres-de-loisirs\/groupes-scolaires-et-clsh-rennes\/formule-groupes-accrobranche\/#primaryimage","url":"https:\/\/www.foretadrenaline.com\/rennes\/wp-content\/uploads\/sites\/3\/2023\/02\/PB6A1583-scaled.jpg","contentUrl":"https:\/\/www.foretadrenaline.com\/rennes\/wp-content\/uploads\/sites\/3\/2023\/02\/PB6A1583-scaled.jpg","width":2048,"height":1365,"caption":"Tarifs For\u00eat Adr\u00e9naline Rennes"},{"@type":"BreadcrumbList","@id":"https:\/\/www.foretadrenaline.com\/rennes\/offres-groupes\/scolaires-et-centres-de-loisirs\/groupes-scolaires-et-clsh-rennes\/formule-groupes-accrobranche\/#breadcrumb","itemListElement":[{"@type":"ListItem","position":1,"name":"Accueil","item":"https:\/\/www.foretadrenaline.com\/rennes\/"},{"@type":"ListItem","position":2,"name":"Offres groupes","item":"https:\/\/www.foretadrenaline.com\/rennes\/offres-groupes\/"},{"@type":"ListItem","position":3,"name":"Scolaires et centres de loisirs","item":"https:\/\/www.foretadrenaline.com\/rennes\/offres-groupes\/scolaires-et-centres-de-loisirs\/"},{"@type":"ListItem","position":4,"name":"Accrobranche","item":"https:\/\/www.foretadrenaline.com\/rennes\/?page_id=699"},{"@type":"ListItem","position":5,"name":"Formule groupes &#8211; Accrobranche"}]},{"@type":"WebSite","@id":"https:\/\/www.foretadrenaline.com\/rennes\/#website","url":"https:\/\/www.foretadrenaline.com\/rennes\/","name":"For\u00eat Adr\u00e9naline - Rennes","description":"Un site utilisant For\u00eat Adr\u00e9naline","potentialAction":[{"@type":"SearchAction","target":{"@type":"EntryPoint","urlTemplate":"https:\/\/www.foretadrenaline.com\/rennes\/?s={search_term_string}"},"query-input":{"@type":"PropertyValueSpecification","valueRequired":true,"valueName":"search_term_string"}}],"inLanguage":"fr-FR"}]}},"_links":{"self":[{"href":"https:\/\/www.foretadrenaline.com\/rennes\/wp-json\/wp\/v2\/pages\/1926","targetHints":{"allow":["GET"]}}],"collection":[{"href":"https:\/\/www.foretadrenaline.com\/rennes\/wp-json\/wp\/v2\/pages"}],"about":[{"href":"https:\/\/www.foretadrenaline.com\/rennes\/wp-json\/wp\/v2\/types\/page"}],"author":[{"embeddable":true,"href":"https:\/\/www.foretadrenaline.com\/rennes\/wp-json\/wp\/v2\/users\/4"}],"replies":[{"embeddable":true,"href":"https:\/\/www.foretadrenaline.com\/rennes\/wp-json\/wp\/v2\/comments?post=1926"}],"version-history":[{"count":42,"href":"https:\/\/www.foretadrenaline.com\/rennes\/wp-json\/wp\/v2\/pages\/1926\/revisions"}],"predecessor-version":[{"id":7596,"href":"https:\/\/www.foretadrenaline.com\/rennes\/wp-json\/wp\/v2\/pages\/1926\/revisions\/7596"}],"up":[{"embeddable":true,"href":"https:\/\/www.foretadrenaline.com\/rennes\/wp-json\/wp\/v2\/pages\/699"}],"wp:featuredmedia":[{"embeddable":true,"href":"https:\/\/www.foretadrenaline.com\/rennes\/wp-json\/wp\/v2\/media\/4071"}],"wp:attachment":[{"href":"https:\/\/www.foretadrenaline.com\/rennes\/wp-json\/wp\/v2\/media?parent=1926"}],"curies":[{"name":"wp","href":"https:\/\/api.w.org\/{rel}","templated":true}]}}