{"id":7433,"date":"2026-03-27T12:47:07","date_gmt":"2026-03-27T11:47:07","guid":{"rendered":"https:\/\/www.foretadrenaline.com\/rennes\/?page_id=7433"},"modified":"2026-03-30T14:04:55","modified_gmt":"2026-03-30T12:04:55","slug":"course-dorientation-foret-adrenaline-rennes","status":"publish","type":"page","link":"https:\/\/www.foretadrenaline.com\/rennes\/course-dorientation-foret-adrenaline-rennes\/","title":{"rendered":"Course d&rsquo;Orientation"},"content":{"rendered":"\n<h2 class=\"wp-block-heading has-text-align-center has-red-color has-text-color has-link-color wp-elements-0cd18a10a8b5fbdc1efaa146d096ff62\"><strong>Nouveaut\u00e9 2026! <\/strong><\/h2>\n\n\n\n<p class=\"has-text-align-center\">Course d&rsquo;Orientation- For\u00eat Adr\u00e9naline Rennes: D\u00e9couvrez la faune et la flore du parc des Gayeulles et de la for\u00eat dans un jeu ludique ! <strong><br><\/strong><br>&#8211; A partir de 8 ans <br>-1h\/1h30 d&rsquo;activit\u00e9 <br>-Activit\u00e9 au sol et en hauteur (avec l&rsquo;option Tramp\u00d4forest) <br><br><strong>25 balises \u00e0 trouver, une boussole, une carte, \u00e0 vous de jouer! <\/strong><\/p>\n\n\n\n<div class=\"wp-block-buttons is-content-justification-center is-layout-flex wp-container-core-buttons-is-layout-16018d1d wp-block-buttons-is-layout-flex\">\n<div class=\"wp-block-button\"><a class=\"wp-block-button__link has-black-color has-second-background-color has-text-color has-background has-link-color has-text-align-center wp-element-button\" href=\"https:\/\/www.foretadrenaline.com\/rennes\/tarifs\/\"><strong>Les tarifs et les formules <\/strong><\/a><\/div>\n<\/div>\n\n\n\n<p><\/p>\n\n\n\n<figure class=\"wp-block-gallery has-nested-images columns-default is-cropped wp-block-gallery-1 is-layout-flex wp-block-gallery-is-layout-flex\">\n<figure class=\"wp-block-image size-large\"><img loading=\"lazy\" decoding=\"async\" width=\"473\" height=\"1024\" data-id=\"7427\" src=\"https:\/\/www.foretadrenaline.com\/rennes\/wp-content\/uploads\/sites\/3\/2026\/03\/WhatsApp-Image-2026-03-27-at-11.39.16-473x1024.jpeg\" alt=\"\" class=\"wp-image-7427\" srcset=\"https:\/\/www.foretadrenaline.com\/rennes\/wp-content\/uploads\/sites\/3\/2026\/03\/WhatsApp-Image-2026-03-27-at-11.39.16-473x1024.jpeg 473w, https:\/\/www.foretadrenaline.com\/rennes\/wp-content\/uploads\/sites\/3\/2026\/03\/WhatsApp-Image-2026-03-27-at-11.39.16-139x300.jpeg 139w, https:\/\/www.foretadrenaline.com\/rennes\/wp-content\/uploads\/sites\/3\/2026\/03\/WhatsApp-Image-2026-03-27-at-11.39.16-768x1662.jpeg 768w, https:\/\/www.foretadrenaline.com\/rennes\/wp-content\/uploads\/sites\/3\/2026\/03\/WhatsApp-Image-2026-03-27-at-11.39.16-710x1536.jpeg 710w, https:\/\/www.foretadrenaline.com\/rennes\/wp-content\/uploads\/sites\/3\/2026\/03\/WhatsApp-Image-2026-03-27-at-11.39.16.jpeg 924w\" sizes=\"auto, (max-width: 473px) 100vw, 473px\" \/><\/figure>\n\n\n\n<figure class=\"wp-block-image size-large\"><img loading=\"lazy\" decoding=\"async\" width=\"473\" height=\"1024\" data-id=\"7425\" src=\"https:\/\/www.foretadrenaline.com\/rennes\/wp-content\/uploads\/sites\/3\/2026\/03\/WhatsApp-Image-2026-03-27-at-11.39.16-1-473x1024.jpeg\" alt=\"\" class=\"wp-image-7425\" srcset=\"https:\/\/www.foretadrenaline.com\/rennes\/wp-content\/uploads\/sites\/3\/2026\/03\/WhatsApp-Image-2026-03-27-at-11.39.16-1-473x1024.jpeg 473w, https:\/\/www.foretadrenaline.com\/rennes\/wp-content\/uploads\/sites\/3\/2026\/03\/WhatsApp-Image-2026-03-27-at-11.39.16-1-139x300.jpeg 139w, https:\/\/www.foretadrenaline.com\/rennes\/wp-content\/uploads\/sites\/3\/2026\/03\/WhatsApp-Image-2026-03-27-at-11.39.16-1-768x1662.jpeg 768w, https:\/\/www.foretadrenaline.com\/rennes\/wp-content\/uploads\/sites\/3\/2026\/03\/WhatsApp-Image-2026-03-27-at-11.39.16-1-710x1536.jpeg 710w, https:\/\/www.foretadrenaline.com\/rennes\/wp-content\/uploads\/sites\/3\/2026\/03\/WhatsApp-Image-2026-03-27-at-11.39.16-1.jpeg 924w\" sizes=\"auto, (max-width: 473px) 100vw, 473px\" \/><\/figure>\n\n\n\n<figure class=\"wp-block-image size-large\"><img loading=\"lazy\" decoding=\"async\" width=\"473\" height=\"1024\" data-id=\"7421\" src=\"https:\/\/www.foretadrenaline.com\/rennes\/wp-content\/uploads\/sites\/3\/2026\/03\/WhatsApp-Image-2026-03-27-at-11.39.17-473x1024.jpeg\" alt=\"\" class=\"wp-image-7421\" srcset=\"https:\/\/www.foretadrenaline.com\/rennes\/wp-content\/uploads\/sites\/3\/2026\/03\/WhatsApp-Image-2026-03-27-at-11.39.17-473x1024.jpeg 473w, https:\/\/www.foretadrenaline.com\/rennes\/wp-content\/uploads\/sites\/3\/2026\/03\/WhatsApp-Image-2026-03-27-at-11.39.17-139x300.jpeg 139w, https:\/\/www.foretadrenaline.com\/rennes\/wp-content\/uploads\/sites\/3\/2026\/03\/WhatsApp-Image-2026-03-27-at-11.39.17-768x1662.jpeg 768w, https:\/\/www.foretadrenaline.com\/rennes\/wp-content\/uploads\/sites\/3\/2026\/03\/WhatsApp-Image-2026-03-27-at-11.39.17-710x1536.jpeg 710w, https:\/\/www.foretadrenaline.com\/rennes\/wp-content\/uploads\/sites\/3\/2026\/03\/WhatsApp-Image-2026-03-27-at-11.39.17.jpeg 924w\" sizes=\"auto, (max-width: 473px) 100vw, 473px\" \/><\/figure>\n<\/figure>\n\n\n\n<p><\/p>\n","protected":false},"excerpt":{"rendered":"<p>Nouveaut\u00e9 2026! Course d&rsquo;Orientation- For\u00eat Adr\u00e9naline Rennes: D\u00e9couvrez la faune et la flore du parc des Gayeulles et de la for\u00eat dans un jeu ludique ! &#8211; A partir de 8 ans -1h\/1h30 d&rsquo;activit\u00e9 -Activit\u00e9 au sol et en hauteur (avec l&rsquo;option Tramp\u00d4forest) 25 balises \u00e0 trouver, une boussole, une carte, \u00e0 vous de jouer!<\/p>\n","protected":false},"author":2,"featured_media":7427,"parent":0,"menu_order":0,"comment_status":"closed","ping_status":"closed","template":"","meta":{"_acf_changed":false,"footnotes":""},"class_list":["post-7433","page","type-page","status-publish","has-post-thumbnail","hentry"],"acf":[],"yoast_head":"<!-- This site is optimized with the Yoast SEO plugin v27.3 - https:\/\/yoast.com\/product\/yoast-seo-wordpress\/ -->\n<title>Course d&#039;Orientation- For\u00eat Adr\u00e9naline Rennes<\/title>\n<meta name=\"description\" content=\"Course d&#039;Orientation- For\u00eat Adr\u00e9naline Rennes: D\u00e9couvrez la faune et la flore du parc des Gayeulles et de la for\u00eat dans un jeu ludique !\" \/>\n<meta name=\"robots\" content=\"index, follow, max-snippet:-1, max-image-preview:large, max-video-preview:-1\" \/>\n<link rel=\"canonical\" href=\"https:\/\/www.foretadrenaline.com\/rennes\/course-dorientation-foret-adrenaline-rennes\/\" \/>\n<meta property=\"og:locale\" content=\"fr_FR\" \/>\n<meta property=\"og:type\" content=\"article\" \/>\n<meta property=\"og:title\" content=\"Course d&#039;Orientation- For\u00eat Adr\u00e9naline Rennes\" \/>\n<meta property=\"og:description\" content=\"Course d&#039;Orientation- For\u00eat Adr\u00e9naline Rennes: D\u00e9couvrez la faune et la flore du parc des Gayeulles et de la for\u00eat dans un jeu ludique !\" \/>\n<meta property=\"og:url\" content=\"https:\/\/www.foretadrenaline.com\/rennes\/course-dorientation-foret-adrenaline-rennes\/\" \/>\n<meta property=\"og:site_name\" content=\"For\u00eat Adr\u00e9naline - Rennes\" \/>\n<meta property=\"article:modified_time\" content=\"2026-03-30T12:04:55+00:00\" \/>\n<meta property=\"og:image\" content=\"https:\/\/www.foretadrenaline.com\/rennes\/wp-content\/uploads\/sites\/3\/2026\/03\/WhatsApp-Image-2026-03-27-at-11.39.16.jpeg\" \/>\n\t<meta property=\"og:image:width\" content=\"924\" \/>\n\t<meta property=\"og:image:height\" content=\"2000\" \/>\n\t<meta property=\"og:image:type\" content=\"image\/jpeg\" \/>\n<meta name=\"twitter:card\" content=\"summary_large_image\" \/>\n<meta name=\"twitter:label1\" content=\"Dur\u00e9e de lecture estim\u00e9e\" \/>\n\t<meta name=\"twitter:data1\" content=\"2 minutes\" \/>\n<script type=\"application\/ld+json\" class=\"yoast-schema-graph\">{\"@context\":\"https:\\\/\\\/schema.org\",\"@graph\":[{\"@type\":\"WebPage\",\"@id\":\"https:\\\/\\\/www.foretadrenaline.com\\\/rennes\\\/course-dorientation-foret-adrenaline-rennes\\\/\",\"url\":\"https:\\\/\\\/www.foretadrenaline.com\\\/rennes\\\/course-dorientation-foret-adrenaline-rennes\\\/\",\"name\":\"Course d'Orientation- For\u00eat Adr\u00e9naline Rennes\",\"isPartOf\":{\"@id\":\"https:\\\/\\\/www.foretadrenaline.com\\\/rennes\\\/#website\"},\"primaryImageOfPage\":{\"@id\":\"https:\\\/\\\/www.foretadrenaline.com\\\/rennes\\\/course-dorientation-foret-adrenaline-rennes\\\/#primaryimage\"},\"image\":{\"@id\":\"https:\\\/\\\/www.foretadrenaline.com\\\/rennes\\\/course-dorientation-foret-adrenaline-rennes\\\/#primaryimage\"},\"thumbnailUrl\":\"https:\\\/\\\/www.foretadrenaline.com\\\/rennes\\\/wp-content\\\/uploads\\\/sites\\\/3\\\/2026\\\/03\\\/WhatsApp-Image-2026-03-27-at-11.39.16.jpeg\",\"datePublished\":\"2026-03-27T11:47:07+00:00\",\"dateModified\":\"2026-03-30T12:04:55+00:00\",\"description\":\"Course d'Orientation- For\u00eat Adr\u00e9naline Rennes: D\u00e9couvrez la faune et la flore du parc des Gayeulles et de la for\u00eat dans un jeu ludique !\",\"breadcrumb\":{\"@id\":\"https:\\\/\\\/www.foretadrenaline.com\\\/rennes\\\/course-dorientation-foret-adrenaline-rennes\\\/#breadcrumb\"},\"inLanguage\":\"fr-FR\",\"potentialAction\":[{\"@type\":\"ReadAction\",\"target\":[\"https:\\\/\\\/www.foretadrenaline.com\\\/rennes\\\/course-dorientation-foret-adrenaline-rennes\\\/\"]}]},{\"@type\":\"ImageObject\",\"inLanguage\":\"fr-FR\",\"@id\":\"https:\\\/\\\/www.foretadrenaline.com\\\/rennes\\\/course-dorientation-foret-adrenaline-rennes\\\/#primaryimage\",\"url\":\"https:\\\/\\\/www.foretadrenaline.com\\\/rennes\\\/wp-content\\\/uploads\\\/sites\\\/3\\\/2026\\\/03\\\/WhatsApp-Image-2026-03-27-at-11.39.16.jpeg\",\"contentUrl\":\"https:\\\/\\\/www.foretadrenaline.com\\\/rennes\\\/wp-content\\\/uploads\\\/sites\\\/3\\\/2026\\\/03\\\/WhatsApp-Image-2026-03-27-at-11.39.16.jpeg\",\"width\":924,\"height\":2000},{\"@type\":\"BreadcrumbList\",\"@id\":\"https:\\\/\\\/www.foretadrenaline.com\\\/rennes\\\/course-dorientation-foret-adrenaline-rennes\\\/#breadcrumb\",\"itemListElement\":[{\"@type\":\"ListItem\",\"position\":1,\"name\":\"Accueil\",\"item\":\"https:\\\/\\\/www.foretadrenaline.com\\\/rennes\\\/\"},{\"@type\":\"ListItem\",\"position\":2,\"name\":\"Course d&rsquo;Orientation\"}]},{\"@type\":\"WebSite\",\"@id\":\"https:\\\/\\\/www.foretadrenaline.com\\\/rennes\\\/#website\",\"url\":\"https:\\\/\\\/www.foretadrenaline.com\\\/rennes\\\/\",\"name\":\"For\u00eat Adr\u00e9naline - Rennes\",\"description\":\"Un site utilisant For\u00eat Adr\u00e9naline\",\"potentialAction\":[{\"@type\":\"SearchAction\",\"target\":{\"@type\":\"EntryPoint\",\"urlTemplate\":\"https:\\\/\\\/www.foretadrenaline.com\\\/rennes\\\/?s={search_term_string}\"},\"query-input\":{\"@type\":\"PropertyValueSpecification\",\"valueRequired\":true,\"valueName\":\"search_term_string\"}}],\"inLanguage\":\"fr-FR\"}]}<\/script>\n<!-- \/ Yoast SEO plugin. -->","yoast_head_json":{"title":"Course d'Orientation- For\u00eat Adr\u00e9naline Rennes","description":"Course d'Orientation- For\u00eat Adr\u00e9naline Rennes: D\u00e9couvrez la faune et la flore du parc des Gayeulles et de la for\u00eat dans un jeu ludique !","robots":{"index":"index","follow":"follow","max-snippet":"max-snippet:-1","max-image-preview":"max-image-preview:large","max-video-preview":"max-video-preview:-1"},"canonical":"https:\/\/www.foretadrenaline.com\/rennes\/course-dorientation-foret-adrenaline-rennes\/","og_locale":"fr_FR","og_type":"article","og_title":"Course d'Orientation- For\u00eat Adr\u00e9naline Rennes","og_description":"Course d'Orientation- For\u00eat Adr\u00e9naline Rennes: D\u00e9couvrez la faune et la flore du parc des Gayeulles et de la for\u00eat dans un jeu ludique !","og_url":"https:\/\/www.foretadrenaline.com\/rennes\/course-dorientation-foret-adrenaline-rennes\/","og_site_name":"For\u00eat Adr\u00e9naline - Rennes","article_modified_time":"2026-03-30T12:04:55+00:00","og_image":[{"width":924,"height":2000,"url":"https:\/\/www.foretadrenaline.com\/rennes\/wp-content\/uploads\/sites\/3\/2026\/03\/WhatsApp-Image-2026-03-27-at-11.39.16.jpeg","type":"image\/jpeg"}],"twitter_card":"summary_large_image","twitter_misc":{"Dur\u00e9e de lecture estim\u00e9e":"2 minutes"},"schema":{"@context":"https:\/\/schema.org","@graph":[{"@type":"WebPage","@id":"https:\/\/www.foretadrenaline.com\/rennes\/course-dorientation-foret-adrenaline-rennes\/","url":"https:\/\/www.foretadrenaline.com\/rennes\/course-dorientation-foret-adrenaline-rennes\/","name":"Course d'Orientation- For\u00eat Adr\u00e9naline Rennes","isPartOf":{"@id":"https:\/\/www.foretadrenaline.com\/rennes\/#website"},"primaryImageOfPage":{"@id":"https:\/\/www.foretadrenaline.com\/rennes\/course-dorientation-foret-adrenaline-rennes\/#primaryimage"},"image":{"@id":"https:\/\/www.foretadrenaline.com\/rennes\/course-dorientation-foret-adrenaline-rennes\/#primaryimage"},"thumbnailUrl":"https:\/\/www.foretadrenaline.com\/rennes\/wp-content\/uploads\/sites\/3\/2026\/03\/WhatsApp-Image-2026-03-27-at-11.39.16.jpeg","datePublished":"2026-03-27T11:47:07+00:00","dateModified":"2026-03-30T12:04:55+00:00","description":"Course d'Orientation- For\u00eat Adr\u00e9naline Rennes: D\u00e9couvrez la faune et la flore du parc des Gayeulles et de la for\u00eat dans un jeu ludique !","breadcrumb":{"@id":"https:\/\/www.foretadrenaline.com\/rennes\/course-dorientation-foret-adrenaline-rennes\/#breadcrumb"},"inLanguage":"fr-FR","potentialAction":[{"@type":"ReadAction","target":["https:\/\/www.foretadrenaline.com\/rennes\/course-dorientation-foret-adrenaline-rennes\/"]}]},{"@type":"ImageObject","inLanguage":"fr-FR","@id":"https:\/\/www.foretadrenaline.com\/rennes\/course-dorientation-foret-adrenaline-rennes\/#primaryimage","url":"https:\/\/www.foretadrenaline.com\/rennes\/wp-content\/uploads\/sites\/3\/2026\/03\/WhatsApp-Image-2026-03-27-at-11.39.16.jpeg","contentUrl":"https:\/\/www.foretadrenaline.com\/rennes\/wp-content\/uploads\/sites\/3\/2026\/03\/WhatsApp-Image-2026-03-27-at-11.39.16.jpeg","width":924,"height":2000},{"@type":"BreadcrumbList","@id":"https:\/\/www.foretadrenaline.com\/rennes\/course-dorientation-foret-adrenaline-rennes\/#breadcrumb","itemListElement":[{"@type":"ListItem","position":1,"name":"Accueil","item":"https:\/\/www.foretadrenaline.com\/rennes\/"},{"@type":"ListItem","position":2,"name":"Course d&rsquo;Orientation"}]},{"@type":"WebSite","@id":"https:\/\/www.foretadrenaline.com\/rennes\/#website","url":"https:\/\/www.foretadrenaline.com\/rennes\/","name":"For\u00eat Adr\u00e9naline - Rennes","description":"Un site utilisant For\u00eat Adr\u00e9naline","potentialAction":[{"@type":"SearchAction","target":{"@type":"EntryPoint","urlTemplate":"https:\/\/www.foretadrenaline.com\/rennes\/?s={search_term_string}"},"query-input":{"@type":"PropertyValueSpecification","valueRequired":true,"valueName":"search_term_string"}}],"inLanguage":"fr-FR"}]}},"_links":{"self":[{"href":"https:\/\/www.foretadrenaline.com\/rennes\/wp-json\/wp\/v2\/pages\/7433","targetHints":{"allow":["GET"]}}],"collection":[{"href":"https:\/\/www.foretadrenaline.com\/rennes\/wp-json\/wp\/v2\/pages"}],"about":[{"href":"https:\/\/www.foretadrenaline.com\/rennes\/wp-json\/wp\/v2\/types\/page"}],"author":[{"embeddable":true,"href":"https:\/\/www.foretadrenaline.com\/rennes\/wp-json\/wp\/v2\/users\/2"}],"replies":[{"embeddable":true,"href":"https:\/\/www.foretadrenaline.com\/rennes\/wp-json\/wp\/v2\/comments?post=7433"}],"version-history":[{"count":5,"href":"https:\/\/www.foretadrenaline.com\/rennes\/wp-json\/wp\/v2\/pages\/7433\/revisions"}],"predecessor-version":[{"id":7445,"href":"https:\/\/www.foretadrenaline.com\/rennes\/wp-json\/wp\/v2\/pages\/7433\/revisions\/7445"}],"wp:featuredmedia":[{"embeddable":true,"href":"https:\/\/www.foretadrenaline.com\/rennes\/wp-json\/wp\/v2\/media\/7427"}],"wp:attachment":[{"href":"https:\/\/www.foretadrenaline.com\/rennes\/wp-json\/wp\/v2\/media?parent=7433"}],"curies":[{"name":"wp","href":"https:\/\/api.w.org\/{rel}","templated":true}]}}