{"id":7446,"date":"2026-03-30T14:12:46","date_gmt":"2026-03-30T12:12:46","guid":{"rendered":"https:\/\/www.foretadrenaline.com\/rennes\/?page_id=7446"},"modified":"2026-04-03T14:36:24","modified_gmt":"2026-04-03T12:36:24","slug":"escape-game-foret-adrenaline-rennes","status":"publish","type":"page","link":"https:\/\/www.foretadrenaline.com\/rennes\/escape-game-foret-adrenaline-rennes\/","title":{"rendered":"Escape Game"},"content":{"rendered":"\n<h2 class=\"wp-block-heading has-text-align-center has-red-color has-text-color has-link-color wp-elements-59b3f26f4385e9c6041c756b602d0481\">Escape Game &#8211; For\u00eat Adr\u00e9naline Rennes : <strong>Nouveaut\u00e9 2026! <\/strong><\/h2>\n\n\n\n<p class=\"has-text-align-center\">Escape Game &#8211; For\u00eat Adr\u00e9naline Rennes: 1h30 de jeu au sol dans le parc des Gayeulles<br>Plongez vos \u00e9quipes au c\u0153ur de la l\u00e9gende du Serpent de Saint Georges et transformez l\u2019esprit d\u2019\u00e9quipe en arme l\u00e9gendaire<br><br>Activit\u00e9 r\u00e9serv\u00e9e aux groupes sur demande : <br>Organisez un enterrement de vie de c\u00e9libataire, une cousinade, un anniversaire <br>Ou pour une sortie d&rsquo;entreprise ! <br><\/p>\n\n\n\n<p class=\"has-text-align-center has-orange-color has-text-color has-link-color wp-elements-5c2ea8fa434ecd7cc7c1d1c414dd4ee6\"><strong>Notre Game master est actuellement en train de fignoler les derniers d\u00e9tails<br>RDV d&rsquo;ici quelques semaines pour commencer l&rsquo;aventure!<\/strong><\/p>\n\n\n\n<div class=\"wp-block-buttons is-content-justification-center is-layout-flex wp-container-core-buttons-is-layout-16018d1d wp-block-buttons-is-layout-flex\">\n<div class=\"wp-block-button is-style-fill\"><a class=\"wp-block-button__link has-black-color has-yellow-light-background-color has-text-color has-background has-link-color wp-element-button\" href=\"https:\/\/www.foretadrenaline.com\/rennes\/vos-evenements-anniversaire-evg-evjf-cousinades\/\"><strong>D\u00e9couvrez nos offres pour un \u00e9v\u00e8nement particulier <\/strong><\/a><\/div>\n<\/div>\n\n\n\n<div style=\"height:36px\" aria-hidden=\"true\" class=\"wp-block-spacer\"><\/div>\n\n\n\n<div class=\"wp-block-buttons is-content-justification-center is-layout-flex wp-container-core-buttons-is-layout-16018d1d wp-block-buttons-is-layout-flex\">\n<div class=\"wp-block-button is-style-fill\"><a class=\"wp-block-button__link has-black-color has-yellow-light-background-color has-text-color has-background has-link-color wp-element-button\" href=\"https:\/\/www.foretadrenaline.com\/rennes\/offres-entreprises\/offres-comites-dentreprise\/\"><strong>D\u00e9couvrez nos offres entreprises <\/strong><\/a><\/div>\n<\/div>\n\n\n\n<div style=\"height:35px\" aria-hidden=\"true\" class=\"wp-block-spacer\"><\/div>\n\n\n\n<figure class=\"wp-block-gallery has-nested-images columns-default is-cropped wp-block-gallery-1 is-layout-flex wp-block-gallery-is-layout-flex\">\n<figure class=\"wp-block-image size-medium\"><img loading=\"lazy\" decoding=\"async\" width=\"139\" height=\"300\" data-id=\"7447\" src=\"https:\/\/www.foretadrenaline.com\/rennes\/wp-content\/uploads\/sites\/3\/2026\/03\/WhatsApp-Image-2026-03-30-at-14.11.06-139x300.jpeg\" alt=\"\" class=\"wp-image-7447\" srcset=\"https:\/\/www.foretadrenaline.com\/rennes\/wp-content\/uploads\/sites\/3\/2026\/03\/WhatsApp-Image-2026-03-30-at-14.11.06-139x300.jpeg 139w, https:\/\/www.foretadrenaline.com\/rennes\/wp-content\/uploads\/sites\/3\/2026\/03\/WhatsApp-Image-2026-03-30-at-14.11.06-473x1024.jpeg 473w, https:\/\/www.foretadrenaline.com\/rennes\/wp-content\/uploads\/sites\/3\/2026\/03\/WhatsApp-Image-2026-03-30-at-14.11.06-768x1662.jpeg 768w, https:\/\/www.foretadrenaline.com\/rennes\/wp-content\/uploads\/sites\/3\/2026\/03\/WhatsApp-Image-2026-03-30-at-14.11.06-710x1536.jpeg 710w, https:\/\/www.foretadrenaline.com\/rennes\/wp-content\/uploads\/sites\/3\/2026\/03\/WhatsApp-Image-2026-03-30-at-14.11.06.jpeg 924w\" sizes=\"auto, (max-width: 139px) 100vw, 139px\" \/><\/figure>\n\n\n\n<figure class=\"wp-block-image size-medium\"><img loading=\"lazy\" decoding=\"async\" width=\"139\" height=\"300\" data-id=\"7449\" src=\"https:\/\/www.foretadrenaline.com\/rennes\/wp-content\/uploads\/sites\/3\/2026\/03\/WhatsApp-Image-2026-03-30-at-14.10.34-139x300.jpeg\" alt=\"Escape Game - For\u00eat Adr\u00e9naline Rennes\" class=\"wp-image-7449\" srcset=\"https:\/\/www.foretadrenaline.com\/rennes\/wp-content\/uploads\/sites\/3\/2026\/03\/WhatsApp-Image-2026-03-30-at-14.10.34-139x300.jpeg 139w, https:\/\/www.foretadrenaline.com\/rennes\/wp-content\/uploads\/sites\/3\/2026\/03\/WhatsApp-Image-2026-03-30-at-14.10.34-473x1024.jpeg 473w, https:\/\/www.foretadrenaline.com\/rennes\/wp-content\/uploads\/sites\/3\/2026\/03\/WhatsApp-Image-2026-03-30-at-14.10.34-768x1662.jpeg 768w, https:\/\/www.foretadrenaline.com\/rennes\/wp-content\/uploads\/sites\/3\/2026\/03\/WhatsApp-Image-2026-03-30-at-14.10.34-710x1536.jpeg 710w, https:\/\/www.foretadrenaline.com\/rennes\/wp-content\/uploads\/sites\/3\/2026\/03\/WhatsApp-Image-2026-03-30-at-14.10.34.jpeg 924w\" sizes=\"auto, (max-width: 139px) 100vw, 139px\" \/><\/figure>\n<\/figure>\n","protected":false},"excerpt":{"rendered":"<p>Escape Game &#8211; For\u00eat Adr\u00e9naline Rennes : Nouveaut\u00e9 2026! Escape Game &#8211; For\u00eat Adr\u00e9naline Rennes: 1h30 de jeu au sol dans le parc des GayeullesPlongez vos \u00e9quipes au c\u0153ur de la l\u00e9gende du Serpent de Saint Georges et transformez l\u2019esprit d\u2019\u00e9quipe en arme l\u00e9gendaire Activit\u00e9 r\u00e9serv\u00e9e aux groupes sur demande : Organisez un enterrement de&hellip;<\/p>\n","protected":false},"author":2,"featured_media":7449,"parent":0,"menu_order":0,"comment_status":"closed","ping_status":"closed","template":"","meta":{"_acf_changed":false,"footnotes":""},"class_list":["post-7446","page","type-page","status-publish","has-post-thumbnail","hentry"],"acf":[],"yoast_head":"<!-- This site is optimized with the Yoast SEO plugin v27.3 - https:\/\/yoast.com\/product\/yoast-seo-wordpress\/ -->\n<title>Escape Game - For\u00eat Adr\u00e9naline Rennes<\/title>\n<meta name=\"description\" content=\"Escape Game - For\u00eat Adr\u00e9naline Rennes: Plongez vos \u00e9quipes au c\u0153ur de la l\u00e9gende du Serpent de Saint Georges.\" \/>\n<meta name=\"robots\" content=\"index, follow, max-snippet:-1, max-image-preview:large, max-video-preview:-1\" \/>\n<link rel=\"canonical\" href=\"https:\/\/www.foretadrenaline.com\/rennes\/escape-game-foret-adrenaline-rennes\/\" \/>\n<meta property=\"og:locale\" content=\"fr_FR\" \/>\n<meta property=\"og:type\" content=\"article\" \/>\n<meta property=\"og:title\" content=\"Escape Game - For\u00eat Adr\u00e9naline Rennes\" \/>\n<meta property=\"og:description\" content=\"Escape Game - For\u00eat Adr\u00e9naline Rennes: Plongez vos \u00e9quipes au c\u0153ur de la l\u00e9gende du Serpent de Saint Georges.\" \/>\n<meta property=\"og:url\" content=\"https:\/\/www.foretadrenaline.com\/rennes\/escape-game-foret-adrenaline-rennes\/\" \/>\n<meta property=\"og:site_name\" content=\"For\u00eat Adr\u00e9naline - Rennes\" \/>\n<meta property=\"article:modified_time\" content=\"2026-04-03T12:36:24+00:00\" \/>\n<meta property=\"og:image\" content=\"https:\/\/www.foretadrenaline.com\/rennes\/wp-content\/uploads\/sites\/3\/2026\/03\/WhatsApp-Image-2026-03-30-at-14.10.34.jpeg\" \/>\n\t<meta property=\"og:image:width\" content=\"924\" \/>\n\t<meta property=\"og:image:height\" content=\"2000\" \/>\n\t<meta property=\"og:image:type\" content=\"image\/jpeg\" \/>\n<meta name=\"twitter:card\" content=\"summary_large_image\" \/>\n<meta name=\"twitter:label1\" content=\"Dur\u00e9e de lecture estim\u00e9e\" \/>\n\t<meta name=\"twitter:data1\" content=\"2 minutes\" \/>\n<script type=\"application\/ld+json\" class=\"yoast-schema-graph\">{\"@context\":\"https:\\\/\\\/schema.org\",\"@graph\":[{\"@type\":\"WebPage\",\"@id\":\"https:\\\/\\\/www.foretadrenaline.com\\\/rennes\\\/escape-game-foret-adrenaline-rennes\\\/\",\"url\":\"https:\\\/\\\/www.foretadrenaline.com\\\/rennes\\\/escape-game-foret-adrenaline-rennes\\\/\",\"name\":\"Escape Game - For\u00eat Adr\u00e9naline Rennes\",\"isPartOf\":{\"@id\":\"https:\\\/\\\/www.foretadrenaline.com\\\/rennes\\\/#website\"},\"primaryImageOfPage\":{\"@id\":\"https:\\\/\\\/www.foretadrenaline.com\\\/rennes\\\/escape-game-foret-adrenaline-rennes\\\/#primaryimage\"},\"image\":{\"@id\":\"https:\\\/\\\/www.foretadrenaline.com\\\/rennes\\\/escape-game-foret-adrenaline-rennes\\\/#primaryimage\"},\"thumbnailUrl\":\"https:\\\/\\\/www.foretadrenaline.com\\\/rennes\\\/wp-content\\\/uploads\\\/sites\\\/3\\\/2026\\\/03\\\/WhatsApp-Image-2026-03-30-at-14.10.34.jpeg\",\"datePublished\":\"2026-03-30T12:12:46+00:00\",\"dateModified\":\"2026-04-03T12:36:24+00:00\",\"description\":\"Escape Game - For\u00eat Adr\u00e9naline Rennes: Plongez vos \u00e9quipes au c\u0153ur de la l\u00e9gende du Serpent de Saint Georges.\",\"breadcrumb\":{\"@id\":\"https:\\\/\\\/www.foretadrenaline.com\\\/rennes\\\/escape-game-foret-adrenaline-rennes\\\/#breadcrumb\"},\"inLanguage\":\"fr-FR\",\"potentialAction\":[{\"@type\":\"ReadAction\",\"target\":[\"https:\\\/\\\/www.foretadrenaline.com\\\/rennes\\\/escape-game-foret-adrenaline-rennes\\\/\"]}]},{\"@type\":\"ImageObject\",\"inLanguage\":\"fr-FR\",\"@id\":\"https:\\\/\\\/www.foretadrenaline.com\\\/rennes\\\/escape-game-foret-adrenaline-rennes\\\/#primaryimage\",\"url\":\"https:\\\/\\\/www.foretadrenaline.com\\\/rennes\\\/wp-content\\\/uploads\\\/sites\\\/3\\\/2026\\\/03\\\/WhatsApp-Image-2026-03-30-at-14.10.34.jpeg\",\"contentUrl\":\"https:\\\/\\\/www.foretadrenaline.com\\\/rennes\\\/wp-content\\\/uploads\\\/sites\\\/3\\\/2026\\\/03\\\/WhatsApp-Image-2026-03-30-at-14.10.34.jpeg\",\"width\":924,\"height\":2000},{\"@type\":\"BreadcrumbList\",\"@id\":\"https:\\\/\\\/www.foretadrenaline.com\\\/rennes\\\/escape-game-foret-adrenaline-rennes\\\/#breadcrumb\",\"itemListElement\":[{\"@type\":\"ListItem\",\"position\":1,\"name\":\"Accueil\",\"item\":\"https:\\\/\\\/www.foretadrenaline.com\\\/rennes\\\/\"},{\"@type\":\"ListItem\",\"position\":2,\"name\":\"Escape Game\"}]},{\"@type\":\"WebSite\",\"@id\":\"https:\\\/\\\/www.foretadrenaline.com\\\/rennes\\\/#website\",\"url\":\"https:\\\/\\\/www.foretadrenaline.com\\\/rennes\\\/\",\"name\":\"For\u00eat Adr\u00e9naline - Rennes\",\"description\":\"Un site utilisant For\u00eat Adr\u00e9naline\",\"potentialAction\":[{\"@type\":\"SearchAction\",\"target\":{\"@type\":\"EntryPoint\",\"urlTemplate\":\"https:\\\/\\\/www.foretadrenaline.com\\\/rennes\\\/?s={search_term_string}\"},\"query-input\":{\"@type\":\"PropertyValueSpecification\",\"valueRequired\":true,\"valueName\":\"search_term_string\"}}],\"inLanguage\":\"fr-FR\"}]}<\/script>\n<!-- \/ Yoast SEO plugin. -->","yoast_head_json":{"title":"Escape Game - For\u00eat Adr\u00e9naline Rennes","description":"Escape Game - For\u00eat Adr\u00e9naline Rennes: Plongez vos \u00e9quipes au c\u0153ur de la l\u00e9gende du Serpent de Saint Georges.","robots":{"index":"index","follow":"follow","max-snippet":"max-snippet:-1","max-image-preview":"max-image-preview:large","max-video-preview":"max-video-preview:-1"},"canonical":"https:\/\/www.foretadrenaline.com\/rennes\/escape-game-foret-adrenaline-rennes\/","og_locale":"fr_FR","og_type":"article","og_title":"Escape Game - For\u00eat Adr\u00e9naline Rennes","og_description":"Escape Game - For\u00eat Adr\u00e9naline Rennes: Plongez vos \u00e9quipes au c\u0153ur de la l\u00e9gende du Serpent de Saint Georges.","og_url":"https:\/\/www.foretadrenaline.com\/rennes\/escape-game-foret-adrenaline-rennes\/","og_site_name":"For\u00eat Adr\u00e9naline - Rennes","article_modified_time":"2026-04-03T12:36:24+00:00","og_image":[{"width":924,"height":2000,"url":"https:\/\/www.foretadrenaline.com\/rennes\/wp-content\/uploads\/sites\/3\/2026\/03\/WhatsApp-Image-2026-03-30-at-14.10.34.jpeg","type":"image\/jpeg"}],"twitter_card":"summary_large_image","twitter_misc":{"Dur\u00e9e de lecture estim\u00e9e":"2 minutes"},"schema":{"@context":"https:\/\/schema.org","@graph":[{"@type":"WebPage","@id":"https:\/\/www.foretadrenaline.com\/rennes\/escape-game-foret-adrenaline-rennes\/","url":"https:\/\/www.foretadrenaline.com\/rennes\/escape-game-foret-adrenaline-rennes\/","name":"Escape Game - For\u00eat Adr\u00e9naline Rennes","isPartOf":{"@id":"https:\/\/www.foretadrenaline.com\/rennes\/#website"},"primaryImageOfPage":{"@id":"https:\/\/www.foretadrenaline.com\/rennes\/escape-game-foret-adrenaline-rennes\/#primaryimage"},"image":{"@id":"https:\/\/www.foretadrenaline.com\/rennes\/escape-game-foret-adrenaline-rennes\/#primaryimage"},"thumbnailUrl":"https:\/\/www.foretadrenaline.com\/rennes\/wp-content\/uploads\/sites\/3\/2026\/03\/WhatsApp-Image-2026-03-30-at-14.10.34.jpeg","datePublished":"2026-03-30T12:12:46+00:00","dateModified":"2026-04-03T12:36:24+00:00","description":"Escape Game - For\u00eat Adr\u00e9naline Rennes: Plongez vos \u00e9quipes au c\u0153ur de la l\u00e9gende du Serpent de Saint Georges.","breadcrumb":{"@id":"https:\/\/www.foretadrenaline.com\/rennes\/escape-game-foret-adrenaline-rennes\/#breadcrumb"},"inLanguage":"fr-FR","potentialAction":[{"@type":"ReadAction","target":["https:\/\/www.foretadrenaline.com\/rennes\/escape-game-foret-adrenaline-rennes\/"]}]},{"@type":"ImageObject","inLanguage":"fr-FR","@id":"https:\/\/www.foretadrenaline.com\/rennes\/escape-game-foret-adrenaline-rennes\/#primaryimage","url":"https:\/\/www.foretadrenaline.com\/rennes\/wp-content\/uploads\/sites\/3\/2026\/03\/WhatsApp-Image-2026-03-30-at-14.10.34.jpeg","contentUrl":"https:\/\/www.foretadrenaline.com\/rennes\/wp-content\/uploads\/sites\/3\/2026\/03\/WhatsApp-Image-2026-03-30-at-14.10.34.jpeg","width":924,"height":2000},{"@type":"BreadcrumbList","@id":"https:\/\/www.foretadrenaline.com\/rennes\/escape-game-foret-adrenaline-rennes\/#breadcrumb","itemListElement":[{"@type":"ListItem","position":1,"name":"Accueil","item":"https:\/\/www.foretadrenaline.com\/rennes\/"},{"@type":"ListItem","position":2,"name":"Escape Game"}]},{"@type":"WebSite","@id":"https:\/\/www.foretadrenaline.com\/rennes\/#website","url":"https:\/\/www.foretadrenaline.com\/rennes\/","name":"For\u00eat Adr\u00e9naline - Rennes","description":"Un site utilisant For\u00eat Adr\u00e9naline","potentialAction":[{"@type":"SearchAction","target":{"@type":"EntryPoint","urlTemplate":"https:\/\/www.foretadrenaline.com\/rennes\/?s={search_term_string}"},"query-input":{"@type":"PropertyValueSpecification","valueRequired":true,"valueName":"search_term_string"}}],"inLanguage":"fr-FR"}]}},"_links":{"self":[{"href":"https:\/\/www.foretadrenaline.com\/rennes\/wp-json\/wp\/v2\/pages\/7446","targetHints":{"allow":["GET"]}}],"collection":[{"href":"https:\/\/www.foretadrenaline.com\/rennes\/wp-json\/wp\/v2\/pages"}],"about":[{"href":"https:\/\/www.foretadrenaline.com\/rennes\/wp-json\/wp\/v2\/types\/page"}],"author":[{"embeddable":true,"href":"https:\/\/www.foretadrenaline.com\/rennes\/wp-json\/wp\/v2\/users\/2"}],"replies":[{"embeddable":true,"href":"https:\/\/www.foretadrenaline.com\/rennes\/wp-json\/wp\/v2\/comments?post=7446"}],"version-history":[{"count":7,"href":"https:\/\/www.foretadrenaline.com\/rennes\/wp-json\/wp\/v2\/pages\/7446\/revisions"}],"predecessor-version":[{"id":7582,"href":"https:\/\/www.foretadrenaline.com\/rennes\/wp-json\/wp\/v2\/pages\/7446\/revisions\/7582"}],"wp:featuredmedia":[{"embeddable":true,"href":"https:\/\/www.foretadrenaline.com\/rennes\/wp-json\/wp\/v2\/media\/7449"}],"wp:attachment":[{"href":"https:\/\/www.foretadrenaline.com\/rennes\/wp-json\/wp\/v2\/media?parent=7446"}],"curies":[{"name":"wp","href":"https:\/\/api.w.org\/{rel}","templated":true}]}}