{"id":7665,"date":"2026-05-05T11:09:59","date_gmt":"2026-05-05T09:09:59","guid":{"rendered":"https:\/\/www.foretadrenaline.com\/rennes\/?page_id=7665"},"modified":"2026-05-05T11:10:00","modified_gmt":"2026-05-05T09:10:00","slug":"nos-activites","status":"publish","type":"page","link":"https:\/\/www.foretadrenaline.com\/rennes\/nos-activites\/","title":{"rendered":"Nos activit\u00e9s"},"content":{"rendered":"\n<h2 class=\"wp-block-heading\">Les activit\u00e9s de loisirs : Accrobranche, Tramp\u00d4forest, Course d&rsquo;Orientation, Escape game, <\/h2>\n\n\n\n<p>Situ\u00e9 \u00e0 quelques minutes du centre ville de <strong>Rennes <\/strong>et accessible en transports en commun, <strong>For\u00eat Adr\u00e9naline Rennes<\/strong> est un <strong>parc de loisirs et d\u2019aventure <\/strong>id\u00e9al pour vivre une exp\u00e9rience originale entre amis, en famille ou en groupe. Le parc propose une s\u00e9lection <strong>d\u2019activit\u00e9s de plein air m\u00ealant sport, fun et sensations fortes<\/strong>.<\/p>\n\n\n\n<div class=\"wp-block-columns is-layout-flex wp-container-core-columns-is-layout-9d6595d7 wp-block-columns-is-layout-flex\">\n<div class=\"wp-block-column is-layout-flow wp-block-column-is-layout-flow\">\n<div class=\"wp-block-group card-activite\"><div class=\"wp-block-group__inner-container is-layout-constrained wp-block-group-is-layout-constrained\">\n<div class=\"wp-block-group card-activite-media is-vertical is-layout-flex wp-container-core-group-is-layout-8cf370e7 wp-block-group-is-layout-flex\">\n<p class=\"card-activite-media-badge card-activite-media-badge-1 has-yellow-light-background-color has-background\">Accrobranche<\/p>\n\n\n\n<p class=\"card-activite-media-badge card-activite-media-badge-2 has-white-background-color has-background\">d\u00e8s 2 ans<\/p>\n\n\n\n<p class=\"card-activite-media-badge card-activite-media-badge-3 has-white-background-color has-background\">2h30<\/p>\n\n\n\n<figure class=\"wp-block-image size-large\"><img decoding=\"async\" src=\"https:\/\/www.foretadrenaline.com\/carnac\/wp-content\/uploads\/sites\/2\/2025\/01\/Foret-Adrenaline_tyrolienne-impressionnante_@IMADGIN-1024x683.jpg\" alt=\"\" class=\"wp-image-7951\" style=\"aspect-ratio:16\/9;object-fit:cover\" \/><\/figure>\n<\/div>\n\n\n\n<div class=\"wp-block-group card-activite-content is-vertical is-content-justification-center is-layout-flex wp-container-core-group-is-layout-4b2eccd6 wp-block-group-is-layout-flex\">\n<h3 class=\"wp-block-heading has-text-align-center\">Accrobranche<\/h3>\n\n\n\n<p class=\"has-text-align-center\">D\u00e8s 2 ans, profitez de 18 parcours accrobranche au total pendant 2h30. <br>De 1 \u00e0 17m de haut.<\/p>\n\n\n\n<div class=\"wp-block-buttons is-content-justification-center is-layout-flex wp-container-core-buttons-is-layout-16018d1d wp-block-buttons-is-layout-flex\">\n<div class=\"wp-block-button\"><a class=\"wp-block-button__link has-main-color has-second-background-color has-text-color has-background has-link-color wp-element-button\" href=\"https:\/\/www.foretadrenaline.com\/rennes\/parcours-acrobatiques\/\" target=\"_blank\" rel=\"noreferrer noopener\">D\u00e9couvrir<\/a><\/div>\n<\/div>\n<\/div>\n<\/div><\/div>\n<\/div>\n\n\n\n<div class=\"wp-block-column is-layout-flow wp-block-column-is-layout-flow\">\n<div class=\"wp-block-group card-activite\"><div class=\"wp-block-group__inner-container is-layout-constrained wp-block-group-is-layout-constrained\">\n<div class=\"wp-block-group card-activite-media is-vertical is-layout-flex wp-container-core-group-is-layout-8cf370e7 wp-block-group-is-layout-flex\">\n<p class=\"card-activite-media-badge card-activite-media-badge-1 has-yellow-light-background-color has-background\">Tramp\u00d4forest<\/p>\n\n\n\n<p class=\"card-activite-media-badge card-activite-media-badge-2 has-white-background-color has-background\">d\u00e8s 4 ans<\/p>\n\n\n\n<p class=\"card-activite-media-badge card-activite-media-badge-3 has-white-background-color has-background\">1h<\/p>\n\n\n\n<figure class=\"wp-block-image size-large\"><img loading=\"lazy\" decoding=\"async\" width=\"1024\" height=\"683\" src=\"https:\/\/www.foretadrenaline.com\/rennes\/wp-content\/uploads\/sites\/3\/2026\/01\/studio4k_-217-min1-1024x683.jpg\" alt=\"\" class=\"wp-image-7060\" style=\"aspect-ratio:16\/9;object-fit:cover\" srcset=\"https:\/\/www.foretadrenaline.com\/rennes\/wp-content\/uploads\/sites\/3\/2026\/01\/studio4k_-217-min1-1024x683.jpg 1024w, https:\/\/www.foretadrenaline.com\/rennes\/wp-content\/uploads\/sites\/3\/2026\/01\/studio4k_-217-min1-300x200.jpg 300w, https:\/\/www.foretadrenaline.com\/rennes\/wp-content\/uploads\/sites\/3\/2026\/01\/studio4k_-217-min1-768x512.jpg 768w, https:\/\/www.foretadrenaline.com\/rennes\/wp-content\/uploads\/sites\/3\/2026\/01\/studio4k_-217-min1-1536x1024.jpg 1536w, https:\/\/www.foretadrenaline.com\/rennes\/wp-content\/uploads\/sites\/3\/2026\/01\/studio4k_-217-min1-scaled.jpg 2048w, https:\/\/www.foretadrenaline.com\/rennes\/wp-content\/uploads\/sites\/3\/2026\/01\/studio4k_-217-min1-1200x800.jpg 1200w\" sizes=\"auto, (max-width: 1024px) 100vw, 1024px\" \/><\/figure>\n<\/div>\n\n\n\n<div class=\"wp-block-group card-activite-content is-vertical is-content-justification-center is-layout-flex wp-container-core-group-is-layout-4b2eccd6 wp-block-group-is-layout-flex\">\n<h3 class=\"wp-block-heading has-text-align-center\">Tramp\u00d4forest <\/h3>\n\n\n\n<p class=\"has-text-align-center\">D\u00e9couvrez notre activit\u00e9 rebondissante \u00ab\u00a0filets dans les airs\u00a0\u00bb et jumpez au sommet des arbres!<\/p>\n\n\n\n<div class=\"wp-block-buttons is-content-justification-center is-layout-flex wp-container-core-buttons-is-layout-16018d1d wp-block-buttons-is-layout-flex\">\n<div class=\"wp-block-button\"><a class=\"wp-block-button__link has-main-color has-second-background-color has-text-color has-background has-link-color wp-element-button\" href=\"https:\/\/www.foretadrenaline.com\/rennes\/trampoforest\/\" target=\"_blank\" rel=\"noreferrer noopener\">D\u00e9couvrir<\/a><\/div>\n<\/div>\n<\/div>\n<\/div><\/div>\n<\/div>\n\n\n\n<div class=\"wp-block-column is-layout-flow wp-block-column-is-layout-flow\">\n<div class=\"wp-block-group card-activite\"><div class=\"wp-block-group__inner-container is-layout-constrained wp-block-group-is-layout-constrained\">\n<div class=\"wp-block-group card-activite-media is-vertical is-layout-flex wp-container-core-group-is-layout-8cf370e7 wp-block-group-is-layout-flex\">\n<p class=\"card-activite-media-badge card-activite-media-badge-1 has-yellow-light-background-color has-background\">CO<\/p>\n\n\n\n<p class=\"card-activite-media-badge card-activite-media-badge-2 has-white-background-color has-background\">D\u00e8s 4 ans<\/p>\n\n\n\n<p class=\"card-activite-media-badge card-activite-media-badge-3 has-white-background-color has-background\">1h<\/p>\n\n\n\n<figure class=\"wp-block-image size-full\"><img loading=\"lazy\" decoding=\"async\" width=\"924\" height=\"2000\" src=\"https:\/\/www.foretadrenaline.com\/rennes\/wp-content\/uploads\/sites\/3\/2026\/03\/WhatsApp-Image-2026-03-27-at-11.39.16.jpeg\" alt=\"\" class=\"wp-image-7427\" style=\"aspect-ratio:16\/9;object-fit:cover\" srcset=\"https:\/\/www.foretadrenaline.com\/rennes\/wp-content\/uploads\/sites\/3\/2026\/03\/WhatsApp-Image-2026-03-27-at-11.39.16.jpeg 924w, https:\/\/www.foretadrenaline.com\/rennes\/wp-content\/uploads\/sites\/3\/2026\/03\/WhatsApp-Image-2026-03-27-at-11.39.16-139x300.jpeg 139w, https:\/\/www.foretadrenaline.com\/rennes\/wp-content\/uploads\/sites\/3\/2026\/03\/WhatsApp-Image-2026-03-27-at-11.39.16-473x1024.jpeg 473w, https:\/\/www.foretadrenaline.com\/rennes\/wp-content\/uploads\/sites\/3\/2026\/03\/WhatsApp-Image-2026-03-27-at-11.39.16-768x1662.jpeg 768w, https:\/\/www.foretadrenaline.com\/rennes\/wp-content\/uploads\/sites\/3\/2026\/03\/WhatsApp-Image-2026-03-27-at-11.39.16-710x1536.jpeg 710w\" sizes=\"auto, (max-width: 924px) 100vw, 924px\" \/><\/figure>\n<\/div>\n\n\n\n<div class=\"wp-block-group card-activite-content is-vertical is-content-justification-center is-layout-flex wp-container-core-group-is-layout-4b2eccd6 wp-block-group-is-layout-flex\">\n<h3 class=\"wp-block-heading has-text-align-center\">Course d&rsquo;Orientation<\/h3>\n\n\n\n<p class=\"has-text-align-center\">A la d\u00e9couverte de la faune et la flore du parc des Gayeulles et de la for\u00eat dans un jeu ludique d&rsquo;orientation<\/p>\n\n\n\n<div class=\"wp-block-buttons is-content-justification-center is-layout-flex wp-container-core-buttons-is-layout-16018d1d wp-block-buttons-is-layout-flex\">\n<div class=\"wp-block-button\"><a class=\"wp-block-button__link has-main-color has-second-background-color has-text-color has-background has-link-color wp-element-button\" href=\"https:\/\/www.foretadrenaline.com\/rennes\/course-dorientation-foret-adrenaline-rennes\/\" target=\"_blank\" rel=\"noreferrer noopener\">D\u00e9couvrir<\/a><\/div>\n<\/div>\n<\/div>\n<\/div><\/div>\n<\/div>\n<\/div>\n\n\n\n<div class=\"wp-block-columns is-layout-flex wp-container-core-columns-is-layout-9d6595d7 wp-block-columns-is-layout-flex\">\n<div class=\"wp-block-column is-layout-flow wp-block-column-is-layout-flow\"><\/div>\n\n\n\n<div class=\"wp-block-column is-layout-flow wp-block-column-is-layout-flow\">\n<div class=\"wp-block-group card-activite\"><div class=\"wp-block-group__inner-container is-layout-constrained wp-block-group-is-layout-constrained\">\n<div class=\"wp-block-group card-activite-media is-vertical is-layout-flex wp-container-core-group-is-layout-8cf370e7 wp-block-group-is-layout-flex\">\n<p class=\"card-activite-media-badge card-activite-media-badge-1 has-yellow-light-background-color has-background\">eSCAPE gAME<\/p>\n\n\n\n<p class=\"card-activite-media-badge card-activite-media-badge-2 has-white-background-color has-background\"> 14 ans et +<\/p>\n\n\n\n<p class=\"card-activite-media-badge card-activite-media-badge-3 has-white-background-color has-background\">1h30<\/p>\n\n\n\n<figure class=\"wp-block-image size-large\"><img loading=\"lazy\" decoding=\"async\" width=\"960\" height=\"1024\" src=\"https:\/\/www.foretadrenaline.com\/rennes\/wp-content\/uploads\/sites\/3\/2026\/03\/WhatsApp-Image-2026-03-30-at-15.19.28-960x1024.jpeg\" alt=\"\" class=\"wp-image-7464\" style=\"aspect-ratio:16\/9;object-fit:cover\" srcset=\"https:\/\/www.foretadrenaline.com\/rennes\/wp-content\/uploads\/sites\/3\/2026\/03\/WhatsApp-Image-2026-03-30-at-15.19.28-960x1024.jpeg 960w, https:\/\/www.foretadrenaline.com\/rennes\/wp-content\/uploads\/sites\/3\/2026\/03\/WhatsApp-Image-2026-03-30-at-15.19.28-281x300.jpeg 281w, https:\/\/www.foretadrenaline.com\/rennes\/wp-content\/uploads\/sites\/3\/2026\/03\/WhatsApp-Image-2026-03-30-at-15.19.28-768x819.jpeg 768w, https:\/\/www.foretadrenaline.com\/rennes\/wp-content\/uploads\/sites\/3\/2026\/03\/WhatsApp-Image-2026-03-30-at-15.19.28.jpeg 1080w\" sizes=\"auto, (max-width: 960px) 100vw, 960px\" \/><\/figure>\n<\/div>\n\n\n\n<div class=\"wp-block-group card-activite-content is-vertical is-content-justification-center is-layout-flex wp-container-core-group-is-layout-4b2eccd6 wp-block-group-is-layout-flex\">\n<h3 class=\"wp-block-heading\">Escape Game<\/h3>\n\n\n\n<p class=\"has-text-align-center\">Une aventure immersive pleine d\u2019\u00e9nigmes et de d\u00e9fis \u00e0 r\u00e9soudre en \u00e9quipe au c\u0153ur de la nature.<\/p>\n\n\n\n<div class=\"wp-block-buttons is-content-justification-center is-layout-flex wp-container-core-buttons-is-layout-16018d1d wp-block-buttons-is-layout-flex\">\n<div class=\"wp-block-button\"><a class=\"wp-block-button__link has-main-color has-second-background-color has-text-color has-background has-link-color wp-element-button\" href=\"https:\/\/www.foretadrenaline.com\/rennes\/escape-game-foret-adrenaline-rennes\/\" target=\"_blank\" rel=\"noreferrer noopener\">D\u00e9couvrir<\/a><\/div>\n<\/div>\n<\/div>\n<\/div><\/div>\n<\/div>\n\n\n\n<div class=\"wp-block-column is-layout-flow wp-block-column-is-layout-flow\"><\/div>\n<\/div>\n","protected":false},"excerpt":{"rendered":"<p>Les activit\u00e9s de loisirs : Accrobranche, Tramp\u00d4forest, Course d&rsquo;Orientation, Escape game, Situ\u00e9 \u00e0 quelques minutes du centre ville de Rennes et accessible en transports en commun, For\u00eat Adr\u00e9naline Rennes est un parc de loisirs et d\u2019aventure id\u00e9al pour vivre une exp\u00e9rience originale entre amis, en famille ou en groupe. Le parc propose une s\u00e9lection d\u2019activit\u00e9s&hellip;<\/p>\n","protected":false},"author":2,"featured_media":0,"parent":0,"menu_order":0,"comment_status":"closed","ping_status":"closed","template":"","meta":{"_acf_changed":false,"footnotes":""},"class_list":["post-7665","page","type-page","status-publish","hentry"],"acf":[],"yoast_head":"<!-- This site is optimized with the Yoast SEO plugin v27.5 - https:\/\/yoast.com\/product\/yoast-seo-wordpress\/ -->\n<title>Nos activit\u00e9s - For\u00eat Adr\u00e9naline Rennes<\/title>\n<meta name=\"description\" content=\"D\u00e9couvrez nos activit\u00e9s \u00e0 quelques minutes du centre ville de Rennes : Accrobranche, Tramp\u00d4forest, Course d&#039;orientation, Escape Game\" \/>\n<meta name=\"robots\" content=\"index, follow, max-snippet:-1, max-image-preview:large, max-video-preview:-1\" \/>\n<link rel=\"canonical\" href=\"https:\/\/www.foretadrenaline.com\/rennes\/nos-activites\/\" \/>\n<meta property=\"og:locale\" content=\"fr_FR\" \/>\n<meta property=\"og:type\" content=\"article\" \/>\n<meta property=\"og:title\" content=\"Nos activit\u00e9s - For\u00eat Adr\u00e9naline Rennes\" \/>\n<meta property=\"og:description\" content=\"D\u00e9couvrez nos activit\u00e9s \u00e0 quelques minutes du centre ville de Rennes : Accrobranche, Tramp\u00d4forest, Course d&#039;orientation, Escape Game\" \/>\n<meta property=\"og:url\" content=\"https:\/\/www.foretadrenaline.com\/rennes\/nos-activites\/\" \/>\n<meta property=\"og:site_name\" content=\"For\u00eat Adr\u00e9naline - Rennes\" \/>\n<meta property=\"article:modified_time\" content=\"2026-05-05T09:10:00+00:00\" \/>\n<meta name=\"twitter:card\" content=\"summary_large_image\" \/>\n<meta name=\"twitter:label1\" content=\"Dur\u00e9e de lecture estim\u00e9e\" \/>\n\t<meta name=\"twitter:data1\" content=\"2 minutes\" \/>\n<script type=\"application\/ld+json\" class=\"yoast-schema-graph\">{\"@context\":\"https:\\\/\\\/schema.org\",\"@graph\":[{\"@type\":\"WebPage\",\"@id\":\"https:\\\/\\\/www.foretadrenaline.com\\\/rennes\\\/nos-activites\\\/\",\"url\":\"https:\\\/\\\/www.foretadrenaline.com\\\/rennes\\\/nos-activites\\\/\",\"name\":\"Nos activit\u00e9s - For\u00eat Adr\u00e9naline Rennes\",\"isPartOf\":{\"@id\":\"https:\\\/\\\/www.foretadrenaline.com\\\/rennes\\\/#website\"},\"primaryImageOfPage\":{\"@id\":\"https:\\\/\\\/www.foretadrenaline.com\\\/rennes\\\/nos-activites\\\/#primaryimage\"},\"image\":{\"@id\":\"https:\\\/\\\/www.foretadrenaline.com\\\/rennes\\\/nos-activites\\\/#primaryimage\"},\"thumbnailUrl\":\"https:\\\/\\\/www.foretadrenaline.com\\\/carnac\\\/wp-content\\\/uploads\\\/sites\\\/2\\\/2025\\\/01\\\/Foret-Adrenaline_tyrolienne-impressionnante_@IMADGIN-1024x683.jpg\",\"datePublished\":\"2026-05-05T09:09:59+00:00\",\"dateModified\":\"2026-05-05T09:10:00+00:00\",\"description\":\"D\u00e9couvrez nos activit\u00e9s \u00e0 quelques minutes du centre ville de Rennes : Accrobranche, Tramp\u00d4forest, Course d'orientation, Escape Game\",\"breadcrumb\":{\"@id\":\"https:\\\/\\\/www.foretadrenaline.com\\\/rennes\\\/nos-activites\\\/#breadcrumb\"},\"inLanguage\":\"fr-FR\",\"potentialAction\":[{\"@type\":\"ReadAction\",\"target\":[\"https:\\\/\\\/www.foretadrenaline.com\\\/rennes\\\/nos-activites\\\/\"]}]},{\"@type\":\"ImageObject\",\"inLanguage\":\"fr-FR\",\"@id\":\"https:\\\/\\\/www.foretadrenaline.com\\\/rennes\\\/nos-activites\\\/#primaryimage\",\"url\":\"https:\\\/\\\/www.foretadrenaline.com\\\/carnac\\\/wp-content\\\/uploads\\\/sites\\\/2\\\/2025\\\/01\\\/Foret-Adrenaline_tyrolienne-impressionnante_@IMADGIN-1024x683.jpg\",\"contentUrl\":\"https:\\\/\\\/www.foretadrenaline.com\\\/carnac\\\/wp-content\\\/uploads\\\/sites\\\/2\\\/2025\\\/01\\\/Foret-Adrenaline_tyrolienne-impressionnante_@IMADGIN-1024x683.jpg\"},{\"@type\":\"BreadcrumbList\",\"@id\":\"https:\\\/\\\/www.foretadrenaline.com\\\/rennes\\\/nos-activites\\\/#breadcrumb\",\"itemListElement\":[{\"@type\":\"ListItem\",\"position\":1,\"name\":\"Accueil\",\"item\":\"https:\\\/\\\/www.foretadrenaline.com\\\/rennes\\\/\"},{\"@type\":\"ListItem\",\"position\":2,\"name\":\"Nos activit\u00e9s\"}]},{\"@type\":\"WebSite\",\"@id\":\"https:\\\/\\\/www.foretadrenaline.com\\\/rennes\\\/#website\",\"url\":\"https:\\\/\\\/www.foretadrenaline.com\\\/rennes\\\/\",\"name\":\"For\u00eat Adr\u00e9naline - Rennes\",\"description\":\"Un site utilisant For\u00eat Adr\u00e9naline\",\"potentialAction\":[{\"@type\":\"SearchAction\",\"target\":{\"@type\":\"EntryPoint\",\"urlTemplate\":\"https:\\\/\\\/www.foretadrenaline.com\\\/rennes\\\/?s={search_term_string}\"},\"query-input\":{\"@type\":\"PropertyValueSpecification\",\"valueRequired\":true,\"valueName\":\"search_term_string\"}}],\"inLanguage\":\"fr-FR\"}]}<\/script>\n<!-- \/ Yoast SEO plugin. -->","yoast_head_json":{"title":"Nos activit\u00e9s - For\u00eat Adr\u00e9naline Rennes","description":"D\u00e9couvrez nos activit\u00e9s \u00e0 quelques minutes du centre ville de Rennes : Accrobranche, Tramp\u00d4forest, Course d'orientation, Escape Game","robots":{"index":"index","follow":"follow","max-snippet":"max-snippet:-1","max-image-preview":"max-image-preview:large","max-video-preview":"max-video-preview:-1"},"canonical":"https:\/\/www.foretadrenaline.com\/rennes\/nos-activites\/","og_locale":"fr_FR","og_type":"article","og_title":"Nos activit\u00e9s - For\u00eat Adr\u00e9naline Rennes","og_description":"D\u00e9couvrez nos activit\u00e9s \u00e0 quelques minutes du centre ville de Rennes : Accrobranche, Tramp\u00d4forest, Course d'orientation, Escape Game","og_url":"https:\/\/www.foretadrenaline.com\/rennes\/nos-activites\/","og_site_name":"For\u00eat Adr\u00e9naline - Rennes","article_modified_time":"2026-05-05T09:10:00+00:00","twitter_card":"summary_large_image","twitter_misc":{"Dur\u00e9e de lecture estim\u00e9e":"2 minutes"},"schema":{"@context":"https:\/\/schema.org","@graph":[{"@type":"WebPage","@id":"https:\/\/www.foretadrenaline.com\/rennes\/nos-activites\/","url":"https:\/\/www.foretadrenaline.com\/rennes\/nos-activites\/","name":"Nos activit\u00e9s - For\u00eat Adr\u00e9naline Rennes","isPartOf":{"@id":"https:\/\/www.foretadrenaline.com\/rennes\/#website"},"primaryImageOfPage":{"@id":"https:\/\/www.foretadrenaline.com\/rennes\/nos-activites\/#primaryimage"},"image":{"@id":"https:\/\/www.foretadrenaline.com\/rennes\/nos-activites\/#primaryimage"},"thumbnailUrl":"https:\/\/www.foretadrenaline.com\/carnac\/wp-content\/uploads\/sites\/2\/2025\/01\/Foret-Adrenaline_tyrolienne-impressionnante_@IMADGIN-1024x683.jpg","datePublished":"2026-05-05T09:09:59+00:00","dateModified":"2026-05-05T09:10:00+00:00","description":"D\u00e9couvrez nos activit\u00e9s \u00e0 quelques minutes du centre ville de Rennes : Accrobranche, Tramp\u00d4forest, Course d'orientation, Escape Game","breadcrumb":{"@id":"https:\/\/www.foretadrenaline.com\/rennes\/nos-activites\/#breadcrumb"},"inLanguage":"fr-FR","potentialAction":[{"@type":"ReadAction","target":["https:\/\/www.foretadrenaline.com\/rennes\/nos-activites\/"]}]},{"@type":"ImageObject","inLanguage":"fr-FR","@id":"https:\/\/www.foretadrenaline.com\/rennes\/nos-activites\/#primaryimage","url":"https:\/\/www.foretadrenaline.com\/carnac\/wp-content\/uploads\/sites\/2\/2025\/01\/Foret-Adrenaline_tyrolienne-impressionnante_@IMADGIN-1024x683.jpg","contentUrl":"https:\/\/www.foretadrenaline.com\/carnac\/wp-content\/uploads\/sites\/2\/2025\/01\/Foret-Adrenaline_tyrolienne-impressionnante_@IMADGIN-1024x683.jpg"},{"@type":"BreadcrumbList","@id":"https:\/\/www.foretadrenaline.com\/rennes\/nos-activites\/#breadcrumb","itemListElement":[{"@type":"ListItem","position":1,"name":"Accueil","item":"https:\/\/www.foretadrenaline.com\/rennes\/"},{"@type":"ListItem","position":2,"name":"Nos activit\u00e9s"}]},{"@type":"WebSite","@id":"https:\/\/www.foretadrenaline.com\/rennes\/#website","url":"https:\/\/www.foretadrenaline.com\/rennes\/","name":"For\u00eat Adr\u00e9naline - Rennes","description":"Un site utilisant For\u00eat Adr\u00e9naline","potentialAction":[{"@type":"SearchAction","target":{"@type":"EntryPoint","urlTemplate":"https:\/\/www.foretadrenaline.com\/rennes\/?s={search_term_string}"},"query-input":{"@type":"PropertyValueSpecification","valueRequired":true,"valueName":"search_term_string"}}],"inLanguage":"fr-FR"}]}},"_links":{"self":[{"href":"https:\/\/www.foretadrenaline.com\/rennes\/wp-json\/wp\/v2\/pages\/7665","targetHints":{"allow":["GET"]}}],"collection":[{"href":"https:\/\/www.foretadrenaline.com\/rennes\/wp-json\/wp\/v2\/pages"}],"about":[{"href":"https:\/\/www.foretadrenaline.com\/rennes\/wp-json\/wp\/v2\/types\/page"}],"author":[{"embeddable":true,"href":"https:\/\/www.foretadrenaline.com\/rennes\/wp-json\/wp\/v2\/users\/2"}],"replies":[{"embeddable":true,"href":"https:\/\/www.foretadrenaline.com\/rennes\/wp-json\/wp\/v2\/comments?post=7665"}],"version-history":[{"count":1,"href":"https:\/\/www.foretadrenaline.com\/rennes\/wp-json\/wp\/v2\/pages\/7665\/revisions"}],"predecessor-version":[{"id":7666,"href":"https:\/\/www.foretadrenaline.com\/rennes\/wp-json\/wp\/v2\/pages\/7665\/revisions\/7666"}],"wp:attachment":[{"href":"https:\/\/www.foretadrenaline.com\/rennes\/wp-json\/wp\/v2\/media?parent=7665"}],"curies":[{"name":"wp","href":"https:\/\/api.w.org\/{rel}","templated":true}]}}