{"id":7669,"date":"2026-05-05T11:22:16","date_gmt":"2026-05-05T09:22:16","guid":{"rendered":"https:\/\/www.foretadrenaline.com\/rennes\/?page_id=7669"},"modified":"2026-05-05T11:22:17","modified_gmt":"2026-05-05T09:22:17","slug":"preparer-sa-visite","status":"publish","type":"page","link":"https:\/\/www.foretadrenaline.com\/rennes\/preparer-sa-visite\/","title":{"rendered":"Pr\u00e9parer sa visite"},"content":{"rendered":"\n<h3 class=\"wp-block-heading has-text-align-center\"><strong>Une question pour pr\u00e9parer votre visite ? On a s\u00fbrement la r\u00e9ponse juste ici \ud83d\ude09<\/strong><\/h3>\n\n\n\n<div class=\"wp-block-columns is-layout-flex wp-container-core-columns-is-layout-9d6595d7 wp-block-columns-is-layout-flex\">\n<div class=\"wp-block-column is-layout-flow wp-block-column-is-layout-flow\">\n<div class=\"wp-block-group bloc-texte-icone is-nowrap is-layout-flex wp-container-core-group-is-layout-d653275e wp-block-group-is-layout-flex\">\n<div class=\"wp-block-group bloc-texte-icone-img has-white-background-color has-background\"><div class=\"wp-block-group__inner-container is-layout-constrained wp-block-group-is-layout-constrained\">\n<figure class=\"wp-block-image size-full\"><img decoding=\"async\" src=\"https:\/\/www.foretadrenaline.com\/carnac\/wp-content\/uploads\/sites\/2\/2026\/03\/car_icon_126245-e1774005106332.png\" alt=\"\" class=\"wp-image-9174\" style=\"object-fit:cover\" \/><\/figure>\n<\/div><\/div>\n\n\n\n<div class=\"wp-block-group bloc-texte-icone-contenu is-vertical is-layout-flex wp-container-core-group-is-layout-8cf370e7 wp-block-group-is-layout-flex\">\n<p class=\"bloc-texte-icone\"><strong>Comment venir ?<\/strong><\/p>\n\n\n\n<p>Situ\u00e9 \u00e0 10mn du centre ville de Rennes, le parc est facilement accessible, en transports en commun, v\u00e9lo, et en voiture<\/p>\n\n\n\n<div class=\"wp-block-buttons is-content-justification-center is-layout-flex wp-container-core-buttons-is-layout-16018d1d wp-block-buttons-is-layout-flex\">\n<div class=\"wp-block-button has-custom-width wp-block-button__width-100\"><a class=\"wp-block-button__link has-main-color has-yellow-light-background-color has-text-color has-background has-link-color has-small-font-size has-custom-font-size wp-element-button\" href=\"https:\/\/www.foretadrenaline.com\/rennes\/ou-nous-trouver-foret-adrenaline-rennes\/\" target=\"_blank\" rel=\"noreferrer noopener\">O\u00f9 nous trouver<\/a><\/div>\n<\/div>\n<\/div>\n<\/div>\n<\/div>\n\n\n\n<div class=\"wp-block-column is-layout-flow wp-block-column-is-layout-flow\">\n<div class=\"wp-block-group bloc-texte-icone bloc-texte-icone-droite is-nowrap is-layout-flex wp-container-core-group-is-layout-d653275e wp-block-group-is-layout-flex\">\n<div class=\"wp-block-group bloc-texte-icone-img has-white-background-color has-background\"><div class=\"wp-block-group__inner-container is-layout-constrained wp-block-group-is-layout-constrained\">\n<figure class=\"wp-block-image size-full\"><img decoding=\"async\" src=\"https:\/\/www.foretadrenaline.com\/carnac\/wp-content\/uploads\/sites\/2\/2026\/03\/icon_tyrolienne.png\" alt=\"\" class=\"wp-image-9153\" style=\"object-fit:cover\" \/><\/figure>\n<\/div><\/div>\n\n\n\n<div class=\"wp-block-group bloc-texte-icone-contenu is-vertical is-layout-flex wp-container-core-group-is-layout-8cf370e7 wp-block-group-is-layout-flex\">\n<p class=\"bloc-texte-icone\"><strong>Conseil de s\u00e9curit\u00e9<\/strong><\/p>\n\n\n\n<p>Votre s\u00e9curit\u00e9 est notre priorit\u00e9.<br>Profitez, on s\u2019occupe du reste.<\/p>\n\n\n\n<div class=\"wp-block-buttons is-layout-flex wp-block-buttons-is-layout-flex\">\n<div class=\"wp-block-button\"><a class=\"wp-block-button__link has-main-color has-yellow-light-background-color has-text-color has-background has-link-color has-small-font-size has-custom-font-size wp-element-button\" href=\"https:\/\/www.foretadrenaline.com\/rennes\/securite-foret-adrenaline-rennes\/\" target=\"_blank\" rel=\"noreferrer noopener\">En savoir plus<\/a><\/div>\n<\/div>\n<\/div>\n<\/div>\n<\/div>\n<\/div>\n\n\n\n<div class=\"wp-block-columns is-layout-flex wp-container-core-columns-is-layout-9d6595d7 wp-block-columns-is-layout-flex\">\n<div class=\"wp-block-column is-layout-flow wp-block-column-is-layout-flow\">\n<div class=\"wp-block-group bloc-texte-icone is-nowrap is-layout-flex wp-container-core-group-is-layout-d653275e wp-block-group-is-layout-flex\">\n<div class=\"wp-block-group bloc-texte-icone-img has-white-background-color has-background\"><div class=\"wp-block-group__inner-container is-layout-constrained wp-block-group-is-layout-constrained\">\n<figure class=\"wp-block-image size-full\"><img decoding=\"async\" src=\"https:\/\/www.foretadrenaline.com\/carnac\/wp-content\/uploads\/sites\/2\/2026\/03\/3289564-crippled-person-disabled-person-handicapped-person-hospital-wounded-person_107106.png\" alt=\"\" class=\"wp-image-9623\" style=\"object-fit:cover\" \/><\/figure>\n<\/div><\/div>\n\n\n\n<div class=\"wp-block-group bloc-texte-icone-contenu is-vertical is-layout-flex wp-container-core-group-is-layout-8cf370e7 wp-block-group-is-layout-flex\">\n<p class=\"bloc-texte-icone\"><strong>Accessibilit\u00e9 PMR<\/strong><\/p>\n\n\n\n<p>Contactez nous pour pr\u00e9parer au mieux votre venue.<\/p>\n\n\n\n<div class=\"wp-block-buttons is-layout-flex wp-block-buttons-is-layout-flex\">\n<div class=\"wp-block-button\"><a class=\"wp-block-button__link has-main-color has-yellow-light-background-color has-text-color has-background has-link-color has-small-font-size has-custom-font-size wp-element-button\" href=\"https:\/\/www.foretadrenaline.com\/rennes\/accessibilite-aux-personnes-en-situation-de-handicap\/\" target=\"_blank\" rel=\"noreferrer noopener\">En savoir plus<\/a><\/div>\n<\/div>\n<\/div>\n<\/div>\n<\/div>\n\n\n\n<div class=\"wp-block-column is-layout-flow wp-block-column-is-layout-flow\">\n<div class=\"wp-block-group bloc-texte-icone bloc-texte-icone-droite is-nowrap is-layout-flex wp-container-core-group-is-layout-d653275e wp-block-group-is-layout-flex\">\n<div class=\"wp-block-group bloc-texte-icone-img has-white-background-color has-background\"><div class=\"wp-block-group__inner-container is-layout-constrained wp-block-group-is-layout-constrained\">\n<figure class=\"wp-block-image size-full\"><img decoding=\"async\" src=\"https:\/\/www.foretadrenaline.com\/carnac\/wp-content\/uploads\/sites\/2\/2026\/03\/sales_deals_discounts_promotions_coupons_icon_260990-e1774258098749.png\" alt=\"\" class=\"wp-image-9334\" style=\"object-fit:cover\" \/><\/figure>\n<\/div><\/div>\n\n\n\n<div class=\"wp-block-group bloc-texte-icone-contenu is-vertical is-layout-flex wp-container-core-group-is-layout-8cf370e7 wp-block-group-is-layout-flex\">\n<p class=\"bloc-texte-icone\"><strong>Les r\u00e9ductions <\/strong><\/p>\n\n\n\n<p>Consultez les r\u00e9ductions pour une journ\u00e9e sans stress.<\/p>\n\n\n\n<div class=\"wp-block-buttons is-layout-flex wp-block-buttons-is-layout-flex\">\n<div class=\"wp-block-button\"><a class=\"wp-block-button__link has-main-color has-second-background-color has-text-color has-background has-link-color has-small-font-size has-custom-font-size wp-element-button\" href=\"https:\/\/www.foretadrenaline.com\/rennes\/reductions-et-informations-pratiques\/\" target=\"_blank\" rel=\"noreferrer noopener\">En savoir plus<\/a><\/div>\n<\/div>\n<\/div>\n<\/div>\n<\/div>\n<\/div>\n\n\n\n<div class=\"wp-block-columns is-layout-flex wp-container-core-columns-is-layout-9d6595d7 wp-block-columns-is-layout-flex\">\n<div class=\"wp-block-column is-layout-flow wp-block-column-is-layout-flow\">\n<div class=\"wp-block-group bloc-texte-icone is-nowrap is-layout-flex wp-container-core-group-is-layout-d653275e wp-block-group-is-layout-flex\">\n<div class=\"wp-block-group bloc-texte-icone-img has-white-background-color has-background\"><div class=\"wp-block-group__inner-container is-layout-constrained wp-block-group-is-layout-constrained\">\n<figure class=\"wp-block-image size-full\"><img decoding=\"async\" src=\"https:\/\/www.foretadrenaline.com\/carnac\/wp-content\/uploads\/sites\/2\/2026\/03\/appointment_meeting_schedule_arrangement_booking_icon_262931-e1774537598259.png\" alt=\"\" class=\"wp-image-9610\" style=\"object-fit:cover\" \/><\/figure>\n<\/div><\/div>\n\n\n\n<div class=\"wp-block-group bloc-texte-icone-contenu is-vertical is-layout-flex wp-container-core-group-is-layout-8cf370e7 wp-block-group-is-layout-flex\">\n<p class=\"bloc-texte-icone\"><strong>Horaires d&rsquo;ouvertures<\/strong><\/p>\n\n\n\n<p>On vous attend ! Jetez un \u0153il \u00e0 nos horaires avant de venir \ud83d\ude09<\/p>\n\n\n\n<div class=\"wp-block-buttons is-layout-flex wp-block-buttons-is-layout-flex\">\n<div class=\"wp-block-button\"><a class=\"wp-block-button__link has-main-color has-yellow-light-background-color has-text-color has-background has-link-color has-small-font-size has-custom-font-size wp-element-button\" href=\"https:\/\/www.foretadrenaline.com\/rennes\/horaires-douverture-foret-adrenaline-rennes\/\" target=\"_blank\" rel=\"noreferrer noopener\">En savoir plus<\/a><\/div>\n<\/div>\n<\/div>\n<\/div>\n<\/div>\n\n\n\n<div class=\"wp-block-column is-layout-flow wp-block-column-is-layout-flow\">\n<div class=\"wp-block-group bloc-texte-icone bloc-texte-icone-droite is-nowrap is-layout-flex wp-container-core-group-is-layout-d653275e wp-block-group-is-layout-flex\">\n<div class=\"wp-block-group bloc-texte-icone-img has-white-background-color has-background\"><div class=\"wp-block-group__inner-container is-layout-constrained wp-block-group-is-layout-constrained\">\n<figure class=\"wp-block-image size-full\"><img decoding=\"async\" src=\"https:\/\/www.foretadrenaline.com\/carnac\/wp-content\/uploads\/sites\/2\/2026\/03\/3289560-babies-baby-family-kid-people-person_107104-e1774258861378.png\" alt=\"\" class=\"wp-image-9339\" style=\"object-fit:cover\" \/><\/figure>\n<\/div><\/div>\n\n\n\n<div class=\"wp-block-group bloc-texte-icone-contenu is-vertical is-layout-flex wp-container-core-group-is-layout-8cf370e7 wp-block-group-is-layout-flex\">\n<p class=\"bloc-texte-icone\"><strong>Infos importantes \u00e0 connaitre<\/strong><\/p>\n\n\n\n<p>Afin de pr\u00e9parer au mieux votre venue, consultez ici toutes les infos<\/p>\n\n\n\n<div class=\"wp-block-buttons is-layout-flex wp-block-buttons-is-layout-flex\">\n<div class=\"wp-block-button\"><a class=\"wp-block-button__link has-main-color has-yellow-light-background-color has-text-color has-background has-link-color has-small-font-size has-custom-font-size wp-element-button\">En savoir plus<\/a><\/div>\n<\/div>\n<\/div>\n<\/div>\n<\/div>\n<\/div>\n\n\n\n<div class=\"wp-block-columns is-layout-flex wp-container-core-columns-is-layout-9d6595d7 wp-block-columns-is-layout-flex\">\n<div class=\"wp-block-column is-layout-flow wp-block-column-is-layout-flow\">\n<div class=\"wp-block-group bloc-texte-icone is-nowrap is-layout-flex wp-container-core-group-is-layout-d653275e wp-block-group-is-layout-flex\">\n<div class=\"wp-block-group bloc-texte-icone-img has-white-background-color has-background\"><div class=\"wp-block-group__inner-container is-layout-constrained wp-block-group-is-layout-constrained\">\n<figure class=\"wp-block-image size-full\"><img decoding=\"async\" src=\"https:\/\/www.foretadrenaline.com\/carnac\/wp-content\/uploads\/sites\/2\/2026\/03\/appointment_meeting_schedule_arrangement_booking_icon_262931-e1774537598259.png\" alt=\"\" class=\"wp-image-9610\" style=\"object-fit:cover\" \/><\/figure>\n<\/div><\/div>\n\n\n\n<div class=\"wp-block-group bloc-texte-icone-contenu is-vertical is-layout-flex wp-container-core-group-is-layout-8cf370e7 wp-block-group-is-layout-flex\">\n<p class=\"bloc-texte-icone\"><strong>Les \u00e9v\u00e9nements 2026<\/strong><\/p>\n\n\n\n<p>Ne manquez pas tous nos \u00e9v\u00e9nements de l&rsquo;ann\u00e9e: concerts, halloween, nocturnes&#8230;<\/p>\n\n\n\n<div class=\"wp-block-buttons is-layout-flex wp-block-buttons-is-layout-flex\">\n<div class=\"wp-block-button\"><a class=\"wp-block-button__link has-main-color has-yellow-light-background-color has-text-color has-background has-link-color has-small-font-size has-custom-font-size wp-element-button\" href=\"https:\/\/www.foretadrenaline.com\/rennes\/les-evenements-de-foret-adrenaline-rennes\/\" target=\"_blank\" rel=\"noreferrer noopener\">En savoir plus<\/a><\/div>\n<\/div>\n<\/div>\n<\/div>\n<\/div>\n\n\n\n<div class=\"wp-block-column is-layout-flow wp-block-column-is-layout-flow\">\n<div class=\"wp-block-group bloc-texte-icone bloc-texte-icone-droite is-nowrap is-layout-flex wp-container-core-group-is-layout-d653275e wp-block-group-is-layout-flex\">\n<div class=\"wp-block-group bloc-texte-icone-img has-white-background-color has-background\"><div class=\"wp-block-group__inner-container is-layout-constrained wp-block-group-is-layout-constrained\">\n<figure class=\"wp-block-image size-full\"><img decoding=\"async\" src=\"https:\/\/www.foretadrenaline.com\/carnac\/wp-content\/uploads\/sites\/2\/2026\/03\/sales_deals_discounts_promotions_coupons_icon_260990-e1774258098749.png\" alt=\"\" class=\"wp-image-9334\" style=\"object-fit:cover\" \/><\/figure>\n<\/div><\/div>\n\n\n\n<div class=\"wp-block-group bloc-texte-icone-contenu is-vertical is-layout-flex wp-container-core-group-is-layout-8cf370e7 wp-block-group-is-layout-flex\">\n<p class=\"bloc-texte-icone\"><strong>Actus &amp; bons plans du mois<\/strong><\/p>\n\n\n\n<p>Chaque mois des bons plans&#8230; ne les loupez pas!<\/p>\n\n\n\n<div class=\"wp-block-buttons is-layout-flex wp-block-buttons-is-layout-flex\">\n<div class=\"wp-block-button\"><a class=\"wp-block-button__link has-main-color has-yellow-light-background-color has-text-color has-background has-link-color has-small-font-size has-custom-font-size wp-element-button\" href=\"https:\/\/www.foretadrenaline.com\/rennes\/\" target=\"_blank\" rel=\"noreferrer noopener\">En savoir plus<\/a><\/div>\n<\/div>\n<\/div>\n<\/div>\n<\/div>\n<\/div>\n\n\n\n<div class=\"wp-block-group bloc-texte-icone is-nowrap is-layout-flex wp-container-core-group-is-layout-d653275e wp-block-group-is-layout-flex\">\n<div class=\"wp-block-group bloc-texte-icone-img has-nude-background-color has-background\"><div class=\"wp-block-group__inner-container is-layout-constrained wp-block-group-is-layout-constrained\">\n<figure class=\"wp-block-image size-full\"><img decoding=\"async\" src=\"https:\/\/www.foretadrenaline.com\/carnac\/wp-content\/uploads\/sites\/2\/2026\/03\/ChatGPT-Image-25-mars-2026-14_02_00.png\" alt=\"\" class=\"wp-image-9512\" style=\"object-fit:cover\" \/><\/figure>\n<\/div><\/div>\n\n\n\n<div class=\"wp-block-group bloc-texte-icone-contenu is-vertical is-layout-flex wp-container-core-group-is-layout-8cf370e7 wp-block-group-is-layout-flex\">\n<p class=\"bloc-texte-icone\"><strong>Portez des v\u00eatements sportifs !<\/strong><\/p>\n\n\n\n<p>Baskets obligatoires, cheveux attach\u00e9s et tenue adapt\u00e9e (robes et jupes interdites).<\/p>\n<\/div>\n<\/div>\n\n\n\n<div style=\"height:10px\" aria-hidden=\"true\" class=\"wp-block-spacer\"><\/div>\n\n\n\n<div class=\"wp-block-group bloc-texte-icone is-nowrap is-layout-flex wp-container-core-group-is-layout-d653275e wp-block-group-is-layout-flex\">\n<div class=\"wp-block-group bloc-texte-icone-img has-nude-background-color has-background\"><div class=\"wp-block-group__inner-container is-layout-constrained wp-block-group-is-layout-constrained\">\n<figure class=\"wp-block-image size-full is-resized\"><img decoding=\"async\" src=\"https:\/\/www.foretadrenaline.com\/carnac\/wp-content\/uploads\/sites\/2\/2026\/03\/water_pump_off_icon_138029-e1774009169971.png\" alt=\"\" class=\"wp-image-9192\" style=\"object-fit:cover;width:36px;height:auto\" \/><\/figure>\n<\/div><\/div>\n\n\n\n<div class=\"wp-block-group bloc-texte-icone-contenu is-vertical is-layout-flex wp-container-core-group-is-layout-8cf370e7 wp-block-group-is-layout-flex\">\n<p class=\"bloc-texte-icone\"><strong>Apportez de l\u2019eau<\/strong><\/p>\n\n\n\n<p>Nous ne disposons pas d\u2019eau potable au parc, seulement de l\u2019eau de pluie pour se laver les mains. Pensez \u00e0 prendre votre gourde d\u2019eau.<\/p>\n<\/div>\n<\/div>\n\n\n\n<div style=\"height:10px\" aria-hidden=\"true\" class=\"wp-block-spacer\"><\/div>\n\n\n\n<h3 class=\"wp-block-heading has-text-align-center\">Sinon, appelez nous\u2026 on a (presque) r\u00e9ponse \u00e0 tout \ud83d\ude04<\/h3>\n","protected":false},"excerpt":{"rendered":"<p>Une question pour pr\u00e9parer votre visite ? On a s\u00fbrement la r\u00e9ponse juste ici \ud83d\ude09 Comment venir ? Situ\u00e9 \u00e0 10mn du centre ville de Rennes, le parc est facilement accessible, en transports en commun, v\u00e9lo, et en voiture Conseil de s\u00e9curit\u00e9 Votre s\u00e9curit\u00e9 est notre priorit\u00e9.Profitez, on s\u2019occupe du reste. Accessibilit\u00e9 PMR Contactez nous&hellip;<\/p>\n","protected":false},"author":2,"featured_media":0,"parent":0,"menu_order":0,"comment_status":"closed","ping_status":"closed","template":"","meta":{"_acf_changed":false,"footnotes":""},"class_list":["post-7669","page","type-page","status-publish","hentry"],"acf":[],"yoast_head":"<!-- This site is optimized with the Yoast SEO plugin v27.5 - https:\/\/yoast.com\/product\/yoast-seo-wordpress\/ -->\n<title>Pr\u00e9parer sa visite<\/title>\n<meta name=\"description\" content=\"Pr\u00e9parer sa visite For\u00eat Adr\u00e9naline Rennes : acc\u00e8s, s\u00e9curit\u00e9, tenue, horaires et informations pratiques\" \/>\n<meta name=\"robots\" content=\"index, follow, max-snippet:-1, max-image-preview:large, max-video-preview:-1\" \/>\n<link rel=\"canonical\" href=\"https:\/\/www.foretadrenaline.com\/rennes\/preparer-sa-visite\/\" \/>\n<meta property=\"og:locale\" content=\"fr_FR\" \/>\n<meta property=\"og:type\" content=\"article\" \/>\n<meta property=\"og:title\" content=\"Pr\u00e9parer sa visite\" \/>\n<meta property=\"og:description\" content=\"Pr\u00e9parer sa visite For\u00eat Adr\u00e9naline Rennes : acc\u00e8s, s\u00e9curit\u00e9, tenue, horaires et informations pratiques\" \/>\n<meta property=\"og:url\" content=\"https:\/\/www.foretadrenaline.com\/rennes\/preparer-sa-visite\/\" \/>\n<meta property=\"og:site_name\" content=\"For\u00eat Adr\u00e9naline - Rennes\" \/>\n<meta property=\"article:modified_time\" content=\"2026-05-05T09:22:17+00:00\" \/>\n<meta name=\"twitter:card\" content=\"summary_large_image\" \/>\n<meta name=\"twitter:label1\" content=\"Dur\u00e9e de lecture estim\u00e9e\" \/>\n\t<meta name=\"twitter:data1\" content=\"4 minutes\" \/>\n<script type=\"application\/ld+json\" class=\"yoast-schema-graph\">{\"@context\":\"https:\\\/\\\/schema.org\",\"@graph\":[{\"@type\":\"WebPage\",\"@id\":\"https:\\\/\\\/www.foretadrenaline.com\\\/rennes\\\/preparer-sa-visite\\\/\",\"url\":\"https:\\\/\\\/www.foretadrenaline.com\\\/rennes\\\/preparer-sa-visite\\\/\",\"name\":\"Pr\u00e9parer sa visite\",\"isPartOf\":{\"@id\":\"https:\\\/\\\/www.foretadrenaline.com\\\/rennes\\\/#website\"},\"primaryImageOfPage\":{\"@id\":\"https:\\\/\\\/www.foretadrenaline.com\\\/rennes\\\/preparer-sa-visite\\\/#primaryimage\"},\"image\":{\"@id\":\"https:\\\/\\\/www.foretadrenaline.com\\\/rennes\\\/preparer-sa-visite\\\/#primaryimage\"},\"thumbnailUrl\":\"https:\\\/\\\/www.foretadrenaline.com\\\/carnac\\\/wp-content\\\/uploads\\\/sites\\\/2\\\/2026\\\/03\\\/car_icon_126245-e1774005106332.png\",\"datePublished\":\"2026-05-05T09:22:16+00:00\",\"dateModified\":\"2026-05-05T09:22:17+00:00\",\"description\":\"Pr\u00e9parer sa visite For\u00eat Adr\u00e9naline Rennes : acc\u00e8s, s\u00e9curit\u00e9, tenue, horaires et informations pratiques\",\"breadcrumb\":{\"@id\":\"https:\\\/\\\/www.foretadrenaline.com\\\/rennes\\\/preparer-sa-visite\\\/#breadcrumb\"},\"inLanguage\":\"fr-FR\",\"potentialAction\":[{\"@type\":\"ReadAction\",\"target\":[\"https:\\\/\\\/www.foretadrenaline.com\\\/rennes\\\/preparer-sa-visite\\\/\"]}]},{\"@type\":\"ImageObject\",\"inLanguage\":\"fr-FR\",\"@id\":\"https:\\\/\\\/www.foretadrenaline.com\\\/rennes\\\/preparer-sa-visite\\\/#primaryimage\",\"url\":\"https:\\\/\\\/www.foretadrenaline.com\\\/carnac\\\/wp-content\\\/uploads\\\/sites\\\/2\\\/2026\\\/03\\\/car_icon_126245-e1774005106332.png\",\"contentUrl\":\"https:\\\/\\\/www.foretadrenaline.com\\\/carnac\\\/wp-content\\\/uploads\\\/sites\\\/2\\\/2026\\\/03\\\/car_icon_126245-e1774005106332.png\"},{\"@type\":\"BreadcrumbList\",\"@id\":\"https:\\\/\\\/www.foretadrenaline.com\\\/rennes\\\/preparer-sa-visite\\\/#breadcrumb\",\"itemListElement\":[{\"@type\":\"ListItem\",\"position\":1,\"name\":\"Accueil\",\"item\":\"https:\\\/\\\/www.foretadrenaline.com\\\/rennes\\\/\"},{\"@type\":\"ListItem\",\"position\":2,\"name\":\"Pr\u00e9parer sa visite\"}]},{\"@type\":\"WebSite\",\"@id\":\"https:\\\/\\\/www.foretadrenaline.com\\\/rennes\\\/#website\",\"url\":\"https:\\\/\\\/www.foretadrenaline.com\\\/rennes\\\/\",\"name\":\"For\u00eat Adr\u00e9naline - Rennes\",\"description\":\"Un site utilisant For\u00eat Adr\u00e9naline\",\"potentialAction\":[{\"@type\":\"SearchAction\",\"target\":{\"@type\":\"EntryPoint\",\"urlTemplate\":\"https:\\\/\\\/www.foretadrenaline.com\\\/rennes\\\/?s={search_term_string}\"},\"query-input\":{\"@type\":\"PropertyValueSpecification\",\"valueRequired\":true,\"valueName\":\"search_term_string\"}}],\"inLanguage\":\"fr-FR\"}]}<\/script>\n<!-- \/ Yoast SEO plugin. -->","yoast_head_json":{"title":"Pr\u00e9parer sa visite","description":"Pr\u00e9parer sa visite For\u00eat Adr\u00e9naline Rennes : acc\u00e8s, s\u00e9curit\u00e9, tenue, horaires et informations pratiques","robots":{"index":"index","follow":"follow","max-snippet":"max-snippet:-1","max-image-preview":"max-image-preview:large","max-video-preview":"max-video-preview:-1"},"canonical":"https:\/\/www.foretadrenaline.com\/rennes\/preparer-sa-visite\/","og_locale":"fr_FR","og_type":"article","og_title":"Pr\u00e9parer sa visite","og_description":"Pr\u00e9parer sa visite For\u00eat Adr\u00e9naline Rennes : acc\u00e8s, s\u00e9curit\u00e9, tenue, horaires et informations pratiques","og_url":"https:\/\/www.foretadrenaline.com\/rennes\/preparer-sa-visite\/","og_site_name":"For\u00eat Adr\u00e9naline - Rennes","article_modified_time":"2026-05-05T09:22:17+00:00","twitter_card":"summary_large_image","twitter_misc":{"Dur\u00e9e de lecture estim\u00e9e":"4 minutes"},"schema":{"@context":"https:\/\/schema.org","@graph":[{"@type":"WebPage","@id":"https:\/\/www.foretadrenaline.com\/rennes\/preparer-sa-visite\/","url":"https:\/\/www.foretadrenaline.com\/rennes\/preparer-sa-visite\/","name":"Pr\u00e9parer sa visite","isPartOf":{"@id":"https:\/\/www.foretadrenaline.com\/rennes\/#website"},"primaryImageOfPage":{"@id":"https:\/\/www.foretadrenaline.com\/rennes\/preparer-sa-visite\/#primaryimage"},"image":{"@id":"https:\/\/www.foretadrenaline.com\/rennes\/preparer-sa-visite\/#primaryimage"},"thumbnailUrl":"https:\/\/www.foretadrenaline.com\/carnac\/wp-content\/uploads\/sites\/2\/2026\/03\/car_icon_126245-e1774005106332.png","datePublished":"2026-05-05T09:22:16+00:00","dateModified":"2026-05-05T09:22:17+00:00","description":"Pr\u00e9parer sa visite For\u00eat Adr\u00e9naline Rennes : acc\u00e8s, s\u00e9curit\u00e9, tenue, horaires et informations pratiques","breadcrumb":{"@id":"https:\/\/www.foretadrenaline.com\/rennes\/preparer-sa-visite\/#breadcrumb"},"inLanguage":"fr-FR","potentialAction":[{"@type":"ReadAction","target":["https:\/\/www.foretadrenaline.com\/rennes\/preparer-sa-visite\/"]}]},{"@type":"ImageObject","inLanguage":"fr-FR","@id":"https:\/\/www.foretadrenaline.com\/rennes\/preparer-sa-visite\/#primaryimage","url":"https:\/\/www.foretadrenaline.com\/carnac\/wp-content\/uploads\/sites\/2\/2026\/03\/car_icon_126245-e1774005106332.png","contentUrl":"https:\/\/www.foretadrenaline.com\/carnac\/wp-content\/uploads\/sites\/2\/2026\/03\/car_icon_126245-e1774005106332.png"},{"@type":"BreadcrumbList","@id":"https:\/\/www.foretadrenaline.com\/rennes\/preparer-sa-visite\/#breadcrumb","itemListElement":[{"@type":"ListItem","position":1,"name":"Accueil","item":"https:\/\/www.foretadrenaline.com\/rennes\/"},{"@type":"ListItem","position":2,"name":"Pr\u00e9parer sa visite"}]},{"@type":"WebSite","@id":"https:\/\/www.foretadrenaline.com\/rennes\/#website","url":"https:\/\/www.foretadrenaline.com\/rennes\/","name":"For\u00eat Adr\u00e9naline - Rennes","description":"Un site utilisant For\u00eat Adr\u00e9naline","potentialAction":[{"@type":"SearchAction","target":{"@type":"EntryPoint","urlTemplate":"https:\/\/www.foretadrenaline.com\/rennes\/?s={search_term_string}"},"query-input":{"@type":"PropertyValueSpecification","valueRequired":true,"valueName":"search_term_string"}}],"inLanguage":"fr-FR"}]}},"_links":{"self":[{"href":"https:\/\/www.foretadrenaline.com\/rennes\/wp-json\/wp\/v2\/pages\/7669","targetHints":{"allow":["GET"]}}],"collection":[{"href":"https:\/\/www.foretadrenaline.com\/rennes\/wp-json\/wp\/v2\/pages"}],"about":[{"href":"https:\/\/www.foretadrenaline.com\/rennes\/wp-json\/wp\/v2\/types\/page"}],"author":[{"embeddable":true,"href":"https:\/\/www.foretadrenaline.com\/rennes\/wp-json\/wp\/v2\/users\/2"}],"replies":[{"embeddable":true,"href":"https:\/\/www.foretadrenaline.com\/rennes\/wp-json\/wp\/v2\/comments?post=7669"}],"version-history":[{"count":1,"href":"https:\/\/www.foretadrenaline.com\/rennes\/wp-json\/wp\/v2\/pages\/7669\/revisions"}],"predecessor-version":[{"id":7670,"href":"https:\/\/www.foretadrenaline.com\/rennes\/wp-json\/wp\/v2\/pages\/7669\/revisions\/7670"}],"wp:attachment":[{"href":"https:\/\/www.foretadrenaline.com\/rennes\/wp-json\/wp\/v2\/media?parent=7669"}],"curies":[{"name":"wp","href":"https:\/\/api.w.org\/{rel}","templated":true}]}}