{"id":7718,"date":"2026-05-06T14:40:42","date_gmt":"2026-05-06T12:40:42","guid":{"rendered":"https:\/\/www.foretadrenaline.com\/rennes\/?page_id=7718"},"modified":"2026-05-06T14:40:43","modified_gmt":"2026-05-06T12:40:43","slug":"location-salle-de-reunion-rennes","status":"publish","type":"page","link":"https:\/\/www.foretadrenaline.com\/rennes\/location-salle-de-reunion-rennes\/","title":{"rendered":"Location de la salle de r\u00e9union"},"content":{"rendered":"\n<h3 class=\"wp-block-heading has-text-align-center has-text-color has-link-color wp-elements-a38fd6b47b92ad68255aff414a7aad26\" id=\"Salle-de-reunion\" style=\"color:#fcb900\">Notre salle de r\u00e9union est \u00e0 louer! <\/h3>\n\n\n\n<p><strong>Location salle de r\u00e9union Rennes : <br><\/strong><br>Vous organisez une journ\u00e9e d&rsquo;\u00e9quipe, une r\u00e9union et vous cherchez une salle pour vous r\u00e9unir ? <br>A quelques minutes du <strong>centre ville de Rennes<\/strong>, accessible en <strong>transports en commun<\/strong>, et dans un environnement <strong>nature<\/strong>, nous mettons \u00e0 votre disposition notre <strong>salle de r\u00e9union<\/strong>. <br><br>Que ce soit en compl\u00e9ment d&rsquo;une <strong>activit\u00e9 loisirs<\/strong>, ou pour une <strong>location seule<\/strong>, nous sommes \u00e0 votre disposition pour organiser cette prestation. <br><br>Retrouvez notre proposition de location \u00e0 un <strong>tarif imbattable!<\/strong> <\/p>\n\n\n\n<div class=\"wp-block-buttons is-content-justification-center is-layout-flex wp-container-core-buttons-is-layout-16018d1d wp-block-buttons-is-layout-flex\">\n<div class=\"wp-block-button is-style-fill\"><a class=\"wp-block-button__link has-main-color has-yellow-light-background-color has-text-color has-background has-link-color has-text-align-center wp-element-button\" href=\"https:\/\/www.foretadrenaline.com\/rennes\/contacter-foret-adrenaline-rennes\/\"><strong>Contactez nous<\/strong><\/a><\/div>\n<\/div>\n\n\n\n<div style=\"height:50px\" aria-hidden=\"true\" class=\"wp-block-spacer\"><\/div>\n\n\n\n<div class=\"wp-block-columns is-layout-flex wp-container-core-columns-is-layout-9d6595d7 wp-block-columns-is-layout-flex\">\n<div class=\"wp-block-column is-layout-flow wp-block-column-is-layout-flow\">\n<div class=\"wp-block-group card-formule\"><div class=\"wp-block-group__inner-container is-layout-constrained wp-block-group-is-layout-constrained\">\n<div class=\"wp-block-group card-formule-media is-vertical is-layout-flex wp-container-core-group-is-layout-8cf370e7 wp-block-group-is-layout-flex\">\n<figure class=\"wp-block-image size-large\"><img loading=\"lazy\" decoding=\"async\" width=\"771\" height=\"1024\" src=\"https:\/\/www.foretadrenaline.com\/rennes\/wp-content\/uploads\/sites\/3\/2026\/01\/WhatsApp-Image-2025-07-11-at-10.10.53-1-771x1024.jpeg\" alt=\"\" class=\"wp-image-6984\" style=\"aspect-ratio:16\/9;object-fit:cover\" srcset=\"https:\/\/www.foretadrenaline.com\/rennes\/wp-content\/uploads\/sites\/3\/2026\/01\/WhatsApp-Image-2025-07-11-at-10.10.53-1-771x1024.jpeg 771w, https:\/\/www.foretadrenaline.com\/rennes\/wp-content\/uploads\/sites\/3\/2026\/01\/WhatsApp-Image-2025-07-11-at-10.10.53-1-226x300.jpeg 226w, https:\/\/www.foretadrenaline.com\/rennes\/wp-content\/uploads\/sites\/3\/2026\/01\/WhatsApp-Image-2025-07-11-at-10.10.53-1-768x1021.jpeg 768w, https:\/\/www.foretadrenaline.com\/rennes\/wp-content\/uploads\/sites\/3\/2026\/01\/WhatsApp-Image-2025-07-11-at-10.10.53-1-1156x1536.jpeg 1156w, https:\/\/www.foretadrenaline.com\/rennes\/wp-content\/uploads\/sites\/3\/2026\/01\/WhatsApp-Image-2025-07-11-at-10.10.53-1-1200x1595.jpeg 1200w, https:\/\/www.foretadrenaline.com\/rennes\/wp-content\/uploads\/sites\/3\/2026\/01\/WhatsApp-Image-2025-07-11-at-10.10.53-1.jpeg 1204w\" sizes=\"auto, (max-width: 771px) 100vw, 771px\" \/><\/figure>\n<\/div>\n\n\n\n<div class=\"wp-block-group card-formule-content is-vertical is-layout-flex wp-container-core-group-is-layout-8cf370e7 wp-block-group-is-layout-flex\">\n<h3 class=\"wp-block-heading\"><strong>Capacit\u00e9<\/strong><\/h3>\n\n\n\n<div class=\"wp-block-group card-formule-content-info is-content-justification-space-between is-nowrap is-layout-flex wp-container-core-group-is-layout-0dfbf163 wp-block-group-is-layout-flex\">\n<p>25\/30 personnes disposition Th\u00e9\u00e2tre <br>15 personnes disposition en U <br><br><\/p>\n\n\n\n<p><\/p>\n<\/div>\n\n\n\n<div class=\"wp-block-group card-formule-content-links is-content-justification-space-between is-nowrap is-layout-flex wp-container-core-group-is-layout-0dfbf163 wp-block-group-is-layout-flex\">\n<div class=\"wp-block-buttons is-layout-flex wp-block-buttons-is-layout-flex\">\n<div class=\"wp-block-button\"><a class=\"wp-block-button__link has-main-color has-yellow-light-background-color has-text-color has-background has-link-color has-small-font-size has-custom-font-size wp-element-button\"><strong>T<\/strong>arif a partir de 150\u20ac\/ la demi journ\u00e9e <\/a><\/div>\n<\/div>\n<\/div>\n<\/div>\n<\/div><\/div>\n<\/div>\n\n\n\n<div class=\"wp-block-column is-layout-flow wp-block-column-is-layout-flow\">\n<div class=\"wp-block-group card-formule\"><div class=\"wp-block-group__inner-container is-layout-constrained wp-block-group-is-layout-constrained\">\n<div class=\"wp-block-group card-formule-media is-vertical is-layout-flex wp-container-core-group-is-layout-8cf370e7 wp-block-group-is-layout-flex\">\n<figure class=\"wp-block-image size-large\"><img loading=\"lazy\" decoding=\"async\" width=\"1024\" height=\"771\" src=\"https:\/\/www.foretadrenaline.com\/rennes\/wp-content\/uploads\/sites\/3\/2026\/01\/WhatsApp-Image-2025-07-11-at-10.10.53-2-1024x771.jpeg\" alt=\"\" class=\"wp-image-6982\" style=\"aspect-ratio:16\/9;object-fit:cover\" srcset=\"https:\/\/www.foretadrenaline.com\/rennes\/wp-content\/uploads\/sites\/3\/2026\/01\/WhatsApp-Image-2025-07-11-at-10.10.53-2-1024x771.jpeg 1024w, https:\/\/www.foretadrenaline.com\/rennes\/wp-content\/uploads\/sites\/3\/2026\/01\/WhatsApp-Image-2025-07-11-at-10.10.53-2-300x226.jpeg 300w, https:\/\/www.foretadrenaline.com\/rennes\/wp-content\/uploads\/sites\/3\/2026\/01\/WhatsApp-Image-2025-07-11-at-10.10.53-2-768x578.jpeg 768w, https:\/\/www.foretadrenaline.com\/rennes\/wp-content\/uploads\/sites\/3\/2026\/01\/WhatsApp-Image-2025-07-11-at-10.10.53-2-1536x1156.jpeg 1536w, https:\/\/www.foretadrenaline.com\/rennes\/wp-content\/uploads\/sites\/3\/2026\/01\/WhatsApp-Image-2025-07-11-at-10.10.53-2-1200x903.jpeg 1200w, https:\/\/www.foretadrenaline.com\/rennes\/wp-content\/uploads\/sites\/3\/2026\/01\/WhatsApp-Image-2025-07-11-at-10.10.53-2.jpeg 1600w\" sizes=\"auto, (max-width: 1024px) 100vw, 1024px\" \/><\/figure>\n<\/div>\n\n\n\n<div class=\"wp-block-group card-formule-content is-vertical is-layout-flex wp-container-core-group-is-layout-8cf370e7 wp-block-group-is-layout-flex\">\n<h3 class=\"wp-block-heading\"><strong>Caf\u00e9 d&rsquo;accueil \/ petit d\u00e9jeuner<\/strong><\/h3>\n\n\n\n<div class=\"wp-block-group card-formule-content-info is-content-justification-space-between is-nowrap is-layout-flex wp-container-core-group-is-layout-0dfbf163 wp-block-group-is-layout-flex\">\n<p>Viennoiseries \/ boissons chaudes et fraiches \/ biscuits<br><br><\/p>\n<\/div>\n\n\n\n<div class=\"wp-block-group card-formule-content-links has-medium-font-size is-content-justification-center is-nowrap is-layout-flex wp-container-core-group-is-layout-94bc23d7 wp-block-group-is-layout-flex\">\n<div class=\"wp-block-buttons is-content-justification-right is-layout-flex wp-container-core-buttons-is-layout-765c4724 wp-block-buttons-is-layout-flex\">\n<div class=\"wp-block-button has-custom-width wp-block-button__width-100 is-style-fill\"><a class=\"wp-block-button__link has-main-color has-yellow-light-background-color has-text-color has-background has-link-color has-small-font-size has-custom-font-size wp-element-button\">Option suppl\u00e9mentaire <br> 5\u20ac\/ personne<\/a><\/div>\n<\/div>\n<\/div>\n<\/div>\n<\/div><\/div>\n<\/div>\n\n\n\n<div class=\"wp-block-column is-layout-flow wp-block-column-is-layout-flow\">\n<div class=\"wp-block-group card-formule\"><div class=\"wp-block-group__inner-container is-layout-constrained wp-block-group-is-layout-constrained\">\n<div class=\"wp-block-group card-formule-media is-vertical is-layout-flex wp-container-core-group-is-layout-8cf370e7 wp-block-group-is-layout-flex\">\n<figure class=\"wp-block-image size-large\"><img decoding=\"async\" src=\"https:\/\/www.foretadrenaline.com\/carnac\/wp-content\/uploads\/sites\/2\/2025\/08\/IMG_7306-1024x768.jpg\" alt=\"\" class=\"wp-image-8653\" style=\"aspect-ratio:16\/9;object-fit:cover\" \/><\/figure>\n<\/div>\n\n\n\n<div class=\"wp-block-group card-formule-content is-vertical is-layout-flex wp-container-core-group-is-layout-8cf370e7 wp-block-group-is-layout-flex\">\n<h3 class=\"wp-block-heading\"><strong>Equipements <\/strong><\/h3>\n\n\n\n<div class=\"wp-block-group card-formule-content-info is-content-justification-space-between is-nowrap is-layout-flex wp-container-core-group-is-layout-0dfbf163 wp-block-group-is-layout-flex\">\n<p>Ecran + c\u00e2ble HDMI <br>Tableau velleda <br>Connexion WIFI<\/p>\n<\/div>\n\n\n\n<div class=\"wp-block-group card-formule-content-links is-content-justification-space-between is-nowrap is-layout-flex wp-container-core-group-is-layout-0dfbf163 wp-block-group-is-layout-flex\">\n<div class=\"wp-block-buttons is-layout-flex wp-block-buttons-is-layout-flex\">\n<div class=\"wp-block-button has-custom-width wp-block-button__width-100\"><a class=\"wp-block-button__link has-main-color has-yellow-light-background-color has-text-color has-background has-link-color has-small-font-size has-custom-font-size wp-element-button\" href=\"https:\/\/www.foretadrenaline.com\/rennes\/wp-content\/uploads\/sites\/3\/2026\/04\/Entreprises-plaquette-dinformation-2026.pdf\" target=\"_blank\" rel=\"noreferrer noopener\">Notre plaquette s\u00e9minaire\/team building <\/a><\/div>\n<\/div>\n<\/div>\n<\/div>\n<\/div><\/div>\n<\/div>\n<\/div>\n\n\n\n<p><\/p>\n\n\n\n<h3 class=\"wp-block-heading has-text-align-left\" id=\"Salle-de-reunion\">Compl\u00e9tez votre journ\u00e9e avec <\/h3>\n\n\n\n<ul class=\"wp-block-list\">\n<li>Activit\u00e9 accrobranche, Tramp\u00d4forest, Course d&rsquo;orientation ou Escape Game <\/li>\n\n\n\n<li>D\u00e9jeuner ou ap\u00e9ritif au restaurant\/guinguette <a href=\"https:\/\/auparcdesbois.fr\/\" id=\"https:\/\/auparcdesbois.fr\/\">\u00ab\u00a0Au parc des Bois\u00a0\u00bb <\/a><\/li>\n\n\n\n<li>Ateliers sur des th\u00e9matiques impactantes (management, RSE, \u00e9galit\u00e9&#8230;) <\/li>\n<\/ul>\n\n\n\n<div class=\"wp-block-buttons is-content-justification-center is-layout-flex wp-container-core-buttons-is-layout-16018d1d wp-block-buttons-is-layout-flex\">\n<div class=\"wp-block-button\"><a class=\"wp-block-button__link has-main-color has-yellow-light-background-color has-text-color has-background has-link-color wp-element-button\" href=\"https:\/\/www.foretadrenaline.com\/rennes\/wp-content\/uploads\/sites\/3\/2026\/04\/Entreprises-plaquette-dinformation-2026.pdf\">Consultez notre plaquette d&rsquo;offres s\u00e9minaires\/team building <\/a><\/div>\n<\/div>\n\n\n\n<p class=\"has-text-align-center\"><\/p>\n\n\n\n<figure class=\"wp-block-gallery has-nested-images columns-default is-cropped wp-block-gallery-1 is-layout-flex wp-block-gallery-is-layout-flex\">\n<figure class=\"wp-block-image size-large\"><img loading=\"lazy\" decoding=\"async\" width=\"1024\" height=\"771\" data-id=\"6566\" src=\"https:\/\/www.foretadrenaline.com\/rennes\/wp-content\/uploads\/sites\/3\/2025\/04\/WhatsApp-Image-2025-04-03-at-09.23.32-1-1024x771.jpeg\" alt=\"\" class=\"wp-image-6566\" srcset=\"https:\/\/www.foretadrenaline.com\/rennes\/wp-content\/uploads\/sites\/3\/2025\/04\/WhatsApp-Image-2025-04-03-at-09.23.32-1-1024x771.jpeg 1024w, https:\/\/www.foretadrenaline.com\/rennes\/wp-content\/uploads\/sites\/3\/2025\/04\/WhatsApp-Image-2025-04-03-at-09.23.32-1-300x226.jpeg 300w, https:\/\/www.foretadrenaline.com\/rennes\/wp-content\/uploads\/sites\/3\/2025\/04\/WhatsApp-Image-2025-04-03-at-09.23.32-1-768x578.jpeg 768w, https:\/\/www.foretadrenaline.com\/rennes\/wp-content\/uploads\/sites\/3\/2025\/04\/WhatsApp-Image-2025-04-03-at-09.23.32-1-1536x1157.jpeg 1536w, https:\/\/www.foretadrenaline.com\/rennes\/wp-content\/uploads\/sites\/3\/2025\/04\/WhatsApp-Image-2025-04-03-at-09.23.32-1-1200x904.jpeg 1200w, https:\/\/www.foretadrenaline.com\/rennes\/wp-content\/uploads\/sites\/3\/2025\/04\/WhatsApp-Image-2025-04-03-at-09.23.32-1.jpeg 2040w\" sizes=\"auto, (max-width: 1024px) 100vw, 1024px\" \/><\/figure>\n\n\n\n<figure class=\"wp-block-image size-large\"><img loading=\"lazy\" decoding=\"async\" width=\"771\" height=\"1024\" data-id=\"6988\" src=\"https:\/\/www.foretadrenaline.com\/rennes\/wp-content\/uploads\/sites\/3\/2026\/01\/WhatsApp-Image-2025-07-11-at-10.10.39-771x1024.jpeg\" alt=\"\" class=\"wp-image-6988\" srcset=\"https:\/\/www.foretadrenaline.com\/rennes\/wp-content\/uploads\/sites\/3\/2026\/01\/WhatsApp-Image-2025-07-11-at-10.10.39-771x1024.jpeg 771w, https:\/\/www.foretadrenaline.com\/rennes\/wp-content\/uploads\/sites\/3\/2026\/01\/WhatsApp-Image-2025-07-11-at-10.10.39-226x300.jpeg 226w, https:\/\/www.foretadrenaline.com\/rennes\/wp-content\/uploads\/sites\/3\/2026\/01\/WhatsApp-Image-2025-07-11-at-10.10.39-768x1021.jpeg 768w, https:\/\/www.foretadrenaline.com\/rennes\/wp-content\/uploads\/sites\/3\/2026\/01\/WhatsApp-Image-2025-07-11-at-10.10.39-1156x1536.jpeg 1156w, https:\/\/www.foretadrenaline.com\/rennes\/wp-content\/uploads\/sites\/3\/2026\/01\/WhatsApp-Image-2025-07-11-at-10.10.39-1200x1595.jpeg 1200w, https:\/\/www.foretadrenaline.com\/rennes\/wp-content\/uploads\/sites\/3\/2026\/01\/WhatsApp-Image-2025-07-11-at-10.10.39.jpeg 1204w\" sizes=\"auto, (max-width: 771px) 100vw, 771px\" \/><\/figure>\n<\/figure>\n","protected":false},"excerpt":{"rendered":"<p>Notre salle de r\u00e9union est \u00e0 louer! Location salle de r\u00e9union Rennes : Vous organisez une journ\u00e9e d&rsquo;\u00e9quipe, une r\u00e9union et vous cherchez une salle pour vous r\u00e9unir ? A quelques minutes du centre ville de Rennes, accessible en transports en commun, et dans un environnement nature, nous mettons \u00e0 votre disposition notre salle de&hellip;<\/p>\n","protected":false},"author":2,"featured_media":0,"parent":0,"menu_order":0,"comment_status":"closed","ping_status":"closed","template":"","meta":{"_acf_changed":false,"footnotes":""},"class_list":["post-7718","page","type-page","status-publish","hentry"],"acf":[],"yoast_head":"<!-- This site is optimized with the Yoast SEO plugin v27.5 - https:\/\/yoast.com\/product\/yoast-seo-wordpress\/ -->\n<title>Location salle de r\u00e9union Rennes<\/title>\n<meta name=\"description\" content=\"Location salle de r\u00e9union Rennes: de 15 \u00e0 25 personnes, environnement nature, \u00e0 un tarif imbattable, organisez votre journ\u00e9e d&#039;entreprise.\" \/>\n<meta name=\"robots\" content=\"index, follow, max-snippet:-1, max-image-preview:large, max-video-preview:-1\" \/>\n<link rel=\"canonical\" href=\"https:\/\/www.foretadrenaline.com\/rennes\/location-salle-de-reunion-rennes\/\" \/>\n<meta property=\"og:locale\" content=\"fr_FR\" \/>\n<meta property=\"og:type\" content=\"article\" \/>\n<meta property=\"og:title\" content=\"Location salle de r\u00e9union Rennes\" \/>\n<meta property=\"og:description\" content=\"Location salle de r\u00e9union Rennes: de 15 \u00e0 25 personnes, environnement nature, \u00e0 un tarif imbattable, organisez votre journ\u00e9e d&#039;entreprise.\" \/>\n<meta property=\"og:url\" content=\"https:\/\/www.foretadrenaline.com\/rennes\/location-salle-de-reunion-rennes\/\" \/>\n<meta property=\"og:site_name\" content=\"For\u00eat Adr\u00e9naline - Rennes\" \/>\n<meta property=\"article:modified_time\" content=\"2026-05-06T12:40:43+00:00\" \/>\n<meta property=\"og:image\" content=\"https:\/\/www.foretadrenaline.com\/rennes\/wp-content\/uploads\/sites\/3\/2026\/01\/WhatsApp-Image-2025-07-11-at-10.10.53-1.jpeg\" \/>\n\t<meta property=\"og:image:width\" content=\"1204\" \/>\n\t<meta property=\"og:image:height\" content=\"1600\" \/>\n\t<meta property=\"og:image:type\" content=\"image\/jpeg\" \/>\n<meta name=\"twitter:card\" content=\"summary_large_image\" \/>\n<meta name=\"twitter:label1\" content=\"Dur\u00e9e de lecture estim\u00e9e\" \/>\n\t<meta name=\"twitter:data1\" content=\"2 minutes\" \/>\n<script type=\"application\/ld+json\" class=\"yoast-schema-graph\">{\"@context\":\"https:\\\/\\\/schema.org\",\"@graph\":[{\"@type\":\"WebPage\",\"@id\":\"https:\\\/\\\/www.foretadrenaline.com\\\/rennes\\\/location-salle-de-reunion-rennes\\\/\",\"url\":\"https:\\\/\\\/www.foretadrenaline.com\\\/rennes\\\/location-salle-de-reunion-rennes\\\/\",\"name\":\"Location salle de r\u00e9union Rennes\",\"isPartOf\":{\"@id\":\"https:\\\/\\\/www.foretadrenaline.com\\\/rennes\\\/#website\"},\"primaryImageOfPage\":{\"@id\":\"https:\\\/\\\/www.foretadrenaline.com\\\/rennes\\\/location-salle-de-reunion-rennes\\\/#primaryimage\"},\"image\":{\"@id\":\"https:\\\/\\\/www.foretadrenaline.com\\\/rennes\\\/location-salle-de-reunion-rennes\\\/#primaryimage\"},\"thumbnailUrl\":\"https:\\\/\\\/www.foretadrenaline.com\\\/rennes\\\/wp-content\\\/uploads\\\/sites\\\/3\\\/2026\\\/01\\\/WhatsApp-Image-2025-07-11-at-10.10.53-1-771x1024.jpeg\",\"datePublished\":\"2026-05-06T12:40:42+00:00\",\"dateModified\":\"2026-05-06T12:40:43+00:00\",\"description\":\"Location salle de r\u00e9union Rennes: de 15 \u00e0 25 personnes, environnement nature, \u00e0 un tarif imbattable, organisez votre journ\u00e9e d'entreprise.\",\"breadcrumb\":{\"@id\":\"https:\\\/\\\/www.foretadrenaline.com\\\/rennes\\\/location-salle-de-reunion-rennes\\\/#breadcrumb\"},\"inLanguage\":\"fr-FR\",\"potentialAction\":[{\"@type\":\"ReadAction\",\"target\":[\"https:\\\/\\\/www.foretadrenaline.com\\\/rennes\\\/location-salle-de-reunion-rennes\\\/\"]}]},{\"@type\":\"ImageObject\",\"inLanguage\":\"fr-FR\",\"@id\":\"https:\\\/\\\/www.foretadrenaline.com\\\/rennes\\\/location-salle-de-reunion-rennes\\\/#primaryimage\",\"url\":\"https:\\\/\\\/www.foretadrenaline.com\\\/rennes\\\/wp-content\\\/uploads\\\/sites\\\/3\\\/2026\\\/01\\\/WhatsApp-Image-2025-07-11-at-10.10.53-1.jpeg\",\"contentUrl\":\"https:\\\/\\\/www.foretadrenaline.com\\\/rennes\\\/wp-content\\\/uploads\\\/sites\\\/3\\\/2026\\\/01\\\/WhatsApp-Image-2025-07-11-at-10.10.53-1.jpeg\",\"width\":1204,\"height\":1600},{\"@type\":\"BreadcrumbList\",\"@id\":\"https:\\\/\\\/www.foretadrenaline.com\\\/rennes\\\/location-salle-de-reunion-rennes\\\/#breadcrumb\",\"itemListElement\":[{\"@type\":\"ListItem\",\"position\":1,\"name\":\"Accueil\",\"item\":\"https:\\\/\\\/www.foretadrenaline.com\\\/rennes\\\/\"},{\"@type\":\"ListItem\",\"position\":2,\"name\":\"Location de la salle de r\u00e9union\"}]},{\"@type\":\"WebSite\",\"@id\":\"https:\\\/\\\/www.foretadrenaline.com\\\/rennes\\\/#website\",\"url\":\"https:\\\/\\\/www.foretadrenaline.com\\\/rennes\\\/\",\"name\":\"For\u00eat Adr\u00e9naline - Rennes\",\"description\":\"Un site utilisant For\u00eat Adr\u00e9naline\",\"potentialAction\":[{\"@type\":\"SearchAction\",\"target\":{\"@type\":\"EntryPoint\",\"urlTemplate\":\"https:\\\/\\\/www.foretadrenaline.com\\\/rennes\\\/?s={search_term_string}\"},\"query-input\":{\"@type\":\"PropertyValueSpecification\",\"valueRequired\":true,\"valueName\":\"search_term_string\"}}],\"inLanguage\":\"fr-FR\"}]}<\/script>\n<!-- \/ Yoast SEO plugin. -->","yoast_head_json":{"title":"Location salle de r\u00e9union Rennes","description":"Location salle de r\u00e9union Rennes: de 15 \u00e0 25 personnes, environnement nature, \u00e0 un tarif imbattable, organisez votre journ\u00e9e d'entreprise.","robots":{"index":"index","follow":"follow","max-snippet":"max-snippet:-1","max-image-preview":"max-image-preview:large","max-video-preview":"max-video-preview:-1"},"canonical":"https:\/\/www.foretadrenaline.com\/rennes\/location-salle-de-reunion-rennes\/","og_locale":"fr_FR","og_type":"article","og_title":"Location salle de r\u00e9union Rennes","og_description":"Location salle de r\u00e9union Rennes: de 15 \u00e0 25 personnes, environnement nature, \u00e0 un tarif imbattable, organisez votre journ\u00e9e d'entreprise.","og_url":"https:\/\/www.foretadrenaline.com\/rennes\/location-salle-de-reunion-rennes\/","og_site_name":"For\u00eat Adr\u00e9naline - Rennes","article_modified_time":"2026-05-06T12:40:43+00:00","og_image":[{"width":1204,"height":1600,"url":"https:\/\/www.foretadrenaline.com\/rennes\/wp-content\/uploads\/sites\/3\/2026\/01\/WhatsApp-Image-2025-07-11-at-10.10.53-1.jpeg","type":"image\/jpeg"}],"twitter_card":"summary_large_image","twitter_misc":{"Dur\u00e9e de lecture estim\u00e9e":"2 minutes"},"schema":{"@context":"https:\/\/schema.org","@graph":[{"@type":"WebPage","@id":"https:\/\/www.foretadrenaline.com\/rennes\/location-salle-de-reunion-rennes\/","url":"https:\/\/www.foretadrenaline.com\/rennes\/location-salle-de-reunion-rennes\/","name":"Location salle de r\u00e9union Rennes","isPartOf":{"@id":"https:\/\/www.foretadrenaline.com\/rennes\/#website"},"primaryImageOfPage":{"@id":"https:\/\/www.foretadrenaline.com\/rennes\/location-salle-de-reunion-rennes\/#primaryimage"},"image":{"@id":"https:\/\/www.foretadrenaline.com\/rennes\/location-salle-de-reunion-rennes\/#primaryimage"},"thumbnailUrl":"https:\/\/www.foretadrenaline.com\/rennes\/wp-content\/uploads\/sites\/3\/2026\/01\/WhatsApp-Image-2025-07-11-at-10.10.53-1-771x1024.jpeg","datePublished":"2026-05-06T12:40:42+00:00","dateModified":"2026-05-06T12:40:43+00:00","description":"Location salle de r\u00e9union Rennes: de 15 \u00e0 25 personnes, environnement nature, \u00e0 un tarif imbattable, organisez votre journ\u00e9e d'entreprise.","breadcrumb":{"@id":"https:\/\/www.foretadrenaline.com\/rennes\/location-salle-de-reunion-rennes\/#breadcrumb"},"inLanguage":"fr-FR","potentialAction":[{"@type":"ReadAction","target":["https:\/\/www.foretadrenaline.com\/rennes\/location-salle-de-reunion-rennes\/"]}]},{"@type":"ImageObject","inLanguage":"fr-FR","@id":"https:\/\/www.foretadrenaline.com\/rennes\/location-salle-de-reunion-rennes\/#primaryimage","url":"https:\/\/www.foretadrenaline.com\/rennes\/wp-content\/uploads\/sites\/3\/2026\/01\/WhatsApp-Image-2025-07-11-at-10.10.53-1.jpeg","contentUrl":"https:\/\/www.foretadrenaline.com\/rennes\/wp-content\/uploads\/sites\/3\/2026\/01\/WhatsApp-Image-2025-07-11-at-10.10.53-1.jpeg","width":1204,"height":1600},{"@type":"BreadcrumbList","@id":"https:\/\/www.foretadrenaline.com\/rennes\/location-salle-de-reunion-rennes\/#breadcrumb","itemListElement":[{"@type":"ListItem","position":1,"name":"Accueil","item":"https:\/\/www.foretadrenaline.com\/rennes\/"},{"@type":"ListItem","position":2,"name":"Location de la salle de r\u00e9union"}]},{"@type":"WebSite","@id":"https:\/\/www.foretadrenaline.com\/rennes\/#website","url":"https:\/\/www.foretadrenaline.com\/rennes\/","name":"For\u00eat Adr\u00e9naline - Rennes","description":"Un site utilisant For\u00eat Adr\u00e9naline","potentialAction":[{"@type":"SearchAction","target":{"@type":"EntryPoint","urlTemplate":"https:\/\/www.foretadrenaline.com\/rennes\/?s={search_term_string}"},"query-input":{"@type":"PropertyValueSpecification","valueRequired":true,"valueName":"search_term_string"}}],"inLanguage":"fr-FR"}]}},"_links":{"self":[{"href":"https:\/\/www.foretadrenaline.com\/rennes\/wp-json\/wp\/v2\/pages\/7718","targetHints":{"allow":["GET"]}}],"collection":[{"href":"https:\/\/www.foretadrenaline.com\/rennes\/wp-json\/wp\/v2\/pages"}],"about":[{"href":"https:\/\/www.foretadrenaline.com\/rennes\/wp-json\/wp\/v2\/types\/page"}],"author":[{"embeddable":true,"href":"https:\/\/www.foretadrenaline.com\/rennes\/wp-json\/wp\/v2\/users\/2"}],"replies":[{"embeddable":true,"href":"https:\/\/www.foretadrenaline.com\/rennes\/wp-json\/wp\/v2\/comments?post=7718"}],"version-history":[{"count":19,"href":"https:\/\/www.foretadrenaline.com\/rennes\/wp-json\/wp\/v2\/pages\/7718\/revisions"}],"predecessor-version":[{"id":7737,"href":"https:\/\/www.foretadrenaline.com\/rennes\/wp-json\/wp\/v2\/pages\/7718\/revisions\/7737"}],"wp:attachment":[{"href":"https:\/\/www.foretadrenaline.com\/rennes\/wp-json\/wp\/v2\/media?parent=7718"}],"curies":[{"name":"wp","href":"https:\/\/api.w.org\/{rel}","templated":true}]}}