{"id":1121,"date":"2019-06-20T09:32:35","date_gmt":"2019-06-20T07:32:35","guid":{"rendered":"https:\/\/www.foretadrenaline.com\/saint-pere\/?page_id=1121"},"modified":"2025-03-19T16:02:45","modified_gmt":"2025-03-19T15:02:45","slug":"team-building","status":"publish","type":"page","link":"https:\/\/www.foretadrenaline.com\/saint-pere\/en\/companies\/team-building\/","title":{"rendered":"Team building"},"content":{"rendered":"\n<h2 class=\"wp-block-heading\">Team building<\/h2>\n\n\n\n<p><strong>ONLY IN FRENCH, FOR MORE INFORMATIONS PLEASE\u00a0<a href=\"https:\/\/www.foretadrenaline.com\/saint-pere\/en\/contact\/\">CONTACT US!<\/a><\/strong><\/p>\n\n\n\n<figure class=\"wp-block-gallery has-nested-images columns-default is-cropped wp-block-gallery-1 is-layout-flex wp-block-gallery-is-layout-flex\">\n<figure class=\"wp-block-image size-full\"><img loading=\"lazy\" decoding=\"async\" width=\"960\" height=\"768\" data-id=\"3769\" src=\"https:\/\/www.foretadrenaline.com\/saint-pere\/wp-content\/uploads\/sites\/4\/2022\/03\/Corsaire-Aventure-Rennes-Volley-35-@Corsaire-Aventure.jpg\" alt=\"\" class=\"wp-image-3769\" srcset=\"https:\/\/www.foretadrenaline.com\/saint-pere\/wp-content\/uploads\/sites\/4\/2022\/03\/Corsaire-Aventure-Rennes-Volley-35-@Corsaire-Aventure.jpg 960w, https:\/\/www.foretadrenaline.com\/saint-pere\/wp-content\/uploads\/sites\/4\/2022\/03\/Corsaire-Aventure-Rennes-Volley-35-@Corsaire-Aventure-300x240.jpg 300w, https:\/\/www.foretadrenaline.com\/saint-pere\/wp-content\/uploads\/sites\/4\/2022\/03\/Corsaire-Aventure-Rennes-Volley-35-@Corsaire-Aventure-768x614.jpg 768w\" sizes=\"auto, (max-width: 960px) 100vw, 960px\" \/><\/figure>\n\n\n\n<figure class=\"wp-block-image size-large\"><img loading=\"lazy\" decoding=\"async\" width=\"683\" height=\"1024\" data-id=\"3644\" src=\"https:\/\/www.foretadrenaline.com\/saint-pere\/wp-content\/uploads\/sites\/4\/2022\/03\/Corsaire-Aventure-JS-Jeu-12-@Imadgin-683x1024.jpg\" alt=\"\" class=\"wp-image-3644\" srcset=\"https:\/\/www.foretadrenaline.com\/saint-pere\/wp-content\/uploads\/sites\/4\/2022\/03\/Corsaire-Aventure-JS-Jeu-12-@Imadgin-683x1024.jpg 683w, https:\/\/www.foretadrenaline.com\/saint-pere\/wp-content\/uploads\/sites\/4\/2022\/03\/Corsaire-Aventure-JS-Jeu-12-@Imadgin-200x300.jpg 200w, https:\/\/www.foretadrenaline.com\/saint-pere\/wp-content\/uploads\/sites\/4\/2022\/03\/Corsaire-Aventure-JS-Jeu-12-@Imadgin-768x1152.jpg 768w, https:\/\/www.foretadrenaline.com\/saint-pere\/wp-content\/uploads\/sites\/4\/2022\/03\/Corsaire-Aventure-JS-Jeu-12-@Imadgin-1024x1536.jpg 1024w, https:\/\/www.foretadrenaline.com\/saint-pere\/wp-content\/uploads\/sites\/4\/2022\/03\/Corsaire-Aventure-JS-Jeu-12-@Imadgin-scaled.jpg 1365w, https:\/\/www.foretadrenaline.com\/saint-pere\/wp-content\/uploads\/sites\/4\/2022\/03\/Corsaire-Aventure-JS-Jeu-12-@Imadgin-1200x1800.jpg 1200w\" sizes=\"auto, (max-width: 683px) 100vw, 683px\" \/><\/figure>\n\n\n\n<figure class=\"wp-block-image size-large\"><img loading=\"lazy\" decoding=\"async\" width=\"1024\" height=\"681\" data-id=\"3835\" src=\"https:\/\/www.foretadrenaline.com\/saint-pere\/wp-content\/uploads\/sites\/4\/2022\/03\/Corsaire-Aventure-Adulte-piscine-a-Balle-2-@Imadgin-edited-1024x681.jpg\" alt=\"\" class=\"wp-image-3835\" srcset=\"https:\/\/www.foretadrenaline.com\/saint-pere\/wp-content\/uploads\/sites\/4\/2022\/03\/Corsaire-Aventure-Adulte-piscine-a-Balle-2-@Imadgin-edited-1024x681.jpg 1024w, https:\/\/www.foretadrenaline.com\/saint-pere\/wp-content\/uploads\/sites\/4\/2022\/03\/Corsaire-Aventure-Adulte-piscine-a-Balle-2-@Imadgin-edited-300x200.jpg 300w, https:\/\/www.foretadrenaline.com\/saint-pere\/wp-content\/uploads\/sites\/4\/2022\/03\/Corsaire-Aventure-Adulte-piscine-a-Balle-2-@Imadgin-edited-768x511.jpg 768w, https:\/\/www.foretadrenaline.com\/saint-pere\/wp-content\/uploads\/sites\/4\/2022\/03\/Corsaire-Aventure-Adulte-piscine-a-Balle-2-@Imadgin-edited-1536x1022.jpg 1536w, https:\/\/www.foretadrenaline.com\/saint-pere\/wp-content\/uploads\/sites\/4\/2022\/03\/Corsaire-Aventure-Adulte-piscine-a-Balle-2-@Imadgin-edited-scaled.jpg 2048w, https:\/\/www.foretadrenaline.com\/saint-pere\/wp-content\/uploads\/sites\/4\/2022\/03\/Corsaire-Aventure-Adulte-piscine-a-Balle-2-@Imadgin-edited-1200x798.jpg 1200w\" sizes=\"auto, (max-width: 1024px) 100vw, 1024px\" \/><\/figure>\n\n\n\n<figure class=\"wp-block-image size-large\"><img loading=\"lazy\" decoding=\"async\" width=\"683\" height=\"1024\" data-id=\"3070\" src=\"https:\/\/www.foretadrenaline.com\/saint-pere\/wp-content\/uploads\/sites\/4\/2021\/03\/Jack-sparrow-683x1024.jpg\" alt=\"\" class=\"wp-image-3070\" srcset=\"https:\/\/www.foretadrenaline.com\/saint-pere\/wp-content\/uploads\/sites\/4\/2021\/03\/Jack-sparrow-683x1024.jpg 683w, https:\/\/www.foretadrenaline.com\/saint-pere\/wp-content\/uploads\/sites\/4\/2021\/03\/Jack-sparrow-200x300.jpg 200w, https:\/\/www.foretadrenaline.com\/saint-pere\/wp-content\/uploads\/sites\/4\/2021\/03\/Jack-sparrow-768x1152.jpg 768w, https:\/\/www.foretadrenaline.com\/saint-pere\/wp-content\/uploads\/sites\/4\/2021\/03\/Jack-sparrow-1024x1536.jpg 1024w, https:\/\/www.foretadrenaline.com\/saint-pere\/wp-content\/uploads\/sites\/4\/2021\/03\/Jack-sparrow-scaled.jpg 1365w, https:\/\/www.foretadrenaline.com\/saint-pere\/wp-content\/uploads\/sites\/4\/2021\/03\/Jack-sparrow-1200x1800.jpg 1200w\" sizes=\"auto, (max-width: 683px) 100vw, 683px\" \/><\/figure>\n<\/figure>\n","protected":false},"excerpt":{"rendered":"<p>Team building ONLY IN FRENCH, FOR MORE INFORMATIONS PLEASE\u00a0CONTACT US!<\/p>\n","protected":false},"author":3,"featured_media":280,"parent":811,"menu_order":0,"comment_status":"closed","ping_status":"closed","template":"","meta":{"_acf_changed":false,"footnotes":""},"class_list":["post-1121","page","type-page","status-publish","has-post-thumbnail","hentry"],"acf":[],"yoast_head":"<!-- This site is optimized with the Yoast SEO plugin v27.4 - https:\/\/yoast.com\/product\/yoast-seo-wordpress\/ -->\n<title>Team building - Corsaire Aventure<\/title>\n<meta name=\"description\" content=\"Only in french, for more informations please contact us : corsaire-aventure@foretadrenaline.com\" \/>\n<meta name=\"robots\" content=\"index, follow, max-snippet:-1, max-image-preview:large, max-video-preview:-1\" \/>\n<link rel=\"canonical\" href=\"https:\/\/www.foretadrenaline.com\/saint-pere\/en\/companies\/team-building\/\" \/>\n<meta property=\"og:locale\" content=\"en_US\" \/>\n<meta property=\"og:type\" content=\"article\" \/>\n<meta property=\"og:title\" content=\"Team building - Corsaire Aventure\" \/>\n<meta property=\"og:description\" content=\"Only in french, for more informations please contact us : corsaire-aventure@foretadrenaline.com\" \/>\n<meta property=\"og:url\" content=\"https:\/\/www.foretadrenaline.com\/saint-pere\/en\/companies\/team-building\/\" \/>\n<meta property=\"og:site_name\" content=\"For\u00eat Adr\u00e9naline - Saint-P\u00e8re\" \/>\n<meta property=\"article:modified_time\" content=\"2025-03-19T15:02:45+00:00\" \/>\n<meta property=\"og:image\" content=\"https:\/\/www.foretadrenaline.com\/saint-pere\/wp-content\/uploads\/sites\/4\/2019\/05\/activit\u00e9-conviviale.jpg\" \/>\n\t<meta property=\"og:image:width\" content=\"1000\" \/>\n\t<meta property=\"og:image:height\" content=\"669\" \/>\n\t<meta property=\"og:image:type\" content=\"image\/jpeg\" \/>\n<meta name=\"twitter:card\" content=\"summary_large_image\" \/>\n<meta name=\"twitter:label1\" content=\"Est. reading time\" \/>\n\t<meta name=\"twitter:data1\" content=\"2 minutes\" \/>\n<script type=\"application\/ld+json\" class=\"yoast-schema-graph\">{\"@context\":\"https:\\\/\\\/schema.org\",\"@graph\":[{\"@type\":\"WebPage\",\"@id\":\"https:\\\/\\\/www.foretadrenaline.com\\\/saint-pere\\\/en\\\/companies\\\/team-building\\\/\",\"url\":\"https:\\\/\\\/www.foretadrenaline.com\\\/saint-pere\\\/en\\\/companies\\\/team-building\\\/\",\"name\":\"Team building - Corsaire Aventure\",\"isPartOf\":{\"@id\":\"https:\\\/\\\/www.foretadrenaline.com\\\/saint-pere\\\/en\\\/#website\"},\"primaryImageOfPage\":{\"@id\":\"https:\\\/\\\/www.foretadrenaline.com\\\/saint-pere\\\/en\\\/companies\\\/team-building\\\/#primaryimage\"},\"image\":{\"@id\":\"https:\\\/\\\/www.foretadrenaline.com\\\/saint-pere\\\/en\\\/companies\\\/team-building\\\/#primaryimage\"},\"thumbnailUrl\":\"https:\\\/\\\/www.foretadrenaline.com\\\/saint-pere\\\/wp-content\\\/uploads\\\/sites\\\/4\\\/2019\\\/05\\\/activit\u00e9-conviviale.jpg\",\"datePublished\":\"2019-06-20T07:32:35+00:00\",\"dateModified\":\"2025-03-19T15:02:45+00:00\",\"description\":\"Only in french, for more informations please contact us : corsaire-aventure@foretadrenaline.com\",\"breadcrumb\":{\"@id\":\"https:\\\/\\\/www.foretadrenaline.com\\\/saint-pere\\\/en\\\/companies\\\/team-building\\\/#breadcrumb\"},\"inLanguage\":\"en-US\",\"potentialAction\":[{\"@type\":\"ReadAction\",\"target\":[\"https:\\\/\\\/www.foretadrenaline.com\\\/saint-pere\\\/en\\\/companies\\\/team-building\\\/\"]}]},{\"@type\":\"ImageObject\",\"inLanguage\":\"en-US\",\"@id\":\"https:\\\/\\\/www.foretadrenaline.com\\\/saint-pere\\\/en\\\/companies\\\/team-building\\\/#primaryimage\",\"url\":\"https:\\\/\\\/www.foretadrenaline.com\\\/saint-pere\\\/wp-content\\\/uploads\\\/sites\\\/4\\\/2019\\\/05\\\/activit\u00e9-conviviale.jpg\",\"contentUrl\":\"https:\\\/\\\/www.foretadrenaline.com\\\/saint-pere\\\/wp-content\\\/uploads\\\/sites\\\/4\\\/2019\\\/05\\\/activit\u00e9-conviviale.jpg\",\"width\":1000,\"height\":669},{\"@type\":\"BreadcrumbList\",\"@id\":\"https:\\\/\\\/www.foretadrenaline.com\\\/saint-pere\\\/en\\\/companies\\\/team-building\\\/#breadcrumb\",\"itemListElement\":[{\"@type\":\"ListItem\",\"position\":1,\"name\":\"Accueil\",\"item\":\"https:\\\/\\\/www.foretadrenaline.com\\\/saint-pere\\\/en\\\/\"},{\"@type\":\"ListItem\",\"position\":2,\"name\":\"Company\",\"item\":\"https:\\\/\\\/www.foretadrenaline.com\\\/saint-pere\\\/en\\\/companies\\\/\"},{\"@type\":\"ListItem\",\"position\":3,\"name\":\"Team building\"}]},{\"@type\":\"WebSite\",\"@id\":\"https:\\\/\\\/www.foretadrenaline.com\\\/saint-pere\\\/en\\\/#website\",\"url\":\"https:\\\/\\\/www.foretadrenaline.com\\\/saint-pere\\\/en\\\/\",\"name\":\"For\u00eat Adr\u00e9naline - Saint-P\u00e8re\",\"description\":\"Un site utilisant For\u00eat Adr\u00e9naline\",\"potentialAction\":[{\"@type\":\"SearchAction\",\"target\":{\"@type\":\"EntryPoint\",\"urlTemplate\":\"https:\\\/\\\/www.foretadrenaline.com\\\/saint-pere\\\/en\\\/?s={search_term_string}\"},\"query-input\":{\"@type\":\"PropertyValueSpecification\",\"valueRequired\":true,\"valueName\":\"search_term_string\"}}],\"inLanguage\":\"en-US\"}]}<\/script>\n<!-- \/ Yoast SEO plugin. -->","yoast_head_json":{"title":"Team building - Corsaire Aventure","description":"Only in french, for more informations please contact us : corsaire-aventure@foretadrenaline.com","robots":{"index":"index","follow":"follow","max-snippet":"max-snippet:-1","max-image-preview":"max-image-preview:large","max-video-preview":"max-video-preview:-1"},"canonical":"https:\/\/www.foretadrenaline.com\/saint-pere\/en\/companies\/team-building\/","og_locale":"en_US","og_type":"article","og_title":"Team building - Corsaire Aventure","og_description":"Only in french, for more informations please contact us : corsaire-aventure@foretadrenaline.com","og_url":"https:\/\/www.foretadrenaline.com\/saint-pere\/en\/companies\/team-building\/","og_site_name":"For\u00eat Adr\u00e9naline - Saint-P\u00e8re","article_modified_time":"2025-03-19T15:02:45+00:00","og_image":[{"width":1000,"height":669,"url":"https:\/\/www.foretadrenaline.com\/saint-pere\/wp-content\/uploads\/sites\/4\/2019\/05\/activit\u00e9-conviviale.jpg","type":"image\/jpeg"}],"twitter_card":"summary_large_image","twitter_misc":{"Est. reading time":"2 minutes"},"schema":{"@context":"https:\/\/schema.org","@graph":[{"@type":"WebPage","@id":"https:\/\/www.foretadrenaline.com\/saint-pere\/en\/companies\/team-building\/","url":"https:\/\/www.foretadrenaline.com\/saint-pere\/en\/companies\/team-building\/","name":"Team building - Corsaire Aventure","isPartOf":{"@id":"https:\/\/www.foretadrenaline.com\/saint-pere\/en\/#website"},"primaryImageOfPage":{"@id":"https:\/\/www.foretadrenaline.com\/saint-pere\/en\/companies\/team-building\/#primaryimage"},"image":{"@id":"https:\/\/www.foretadrenaline.com\/saint-pere\/en\/companies\/team-building\/#primaryimage"},"thumbnailUrl":"https:\/\/www.foretadrenaline.com\/saint-pere\/wp-content\/uploads\/sites\/4\/2019\/05\/activit\u00e9-conviviale.jpg","datePublished":"2019-06-20T07:32:35+00:00","dateModified":"2025-03-19T15:02:45+00:00","description":"Only in french, for more informations please contact us : corsaire-aventure@foretadrenaline.com","breadcrumb":{"@id":"https:\/\/www.foretadrenaline.com\/saint-pere\/en\/companies\/team-building\/#breadcrumb"},"inLanguage":"en-US","potentialAction":[{"@type":"ReadAction","target":["https:\/\/www.foretadrenaline.com\/saint-pere\/en\/companies\/team-building\/"]}]},{"@type":"ImageObject","inLanguage":"en-US","@id":"https:\/\/www.foretadrenaline.com\/saint-pere\/en\/companies\/team-building\/#primaryimage","url":"https:\/\/www.foretadrenaline.com\/saint-pere\/wp-content\/uploads\/sites\/4\/2019\/05\/activit\u00e9-conviviale.jpg","contentUrl":"https:\/\/www.foretadrenaline.com\/saint-pere\/wp-content\/uploads\/sites\/4\/2019\/05\/activit\u00e9-conviviale.jpg","width":1000,"height":669},{"@type":"BreadcrumbList","@id":"https:\/\/www.foretadrenaline.com\/saint-pere\/en\/companies\/team-building\/#breadcrumb","itemListElement":[{"@type":"ListItem","position":1,"name":"Accueil","item":"https:\/\/www.foretadrenaline.com\/saint-pere\/en\/"},{"@type":"ListItem","position":2,"name":"Company","item":"https:\/\/www.foretadrenaline.com\/saint-pere\/en\/companies\/"},{"@type":"ListItem","position":3,"name":"Team building"}]},{"@type":"WebSite","@id":"https:\/\/www.foretadrenaline.com\/saint-pere\/en\/#website","url":"https:\/\/www.foretadrenaline.com\/saint-pere\/en\/","name":"For\u00eat Adr\u00e9naline - Saint-P\u00e8re","description":"Un site utilisant For\u00eat Adr\u00e9naline","potentialAction":[{"@type":"SearchAction","target":{"@type":"EntryPoint","urlTemplate":"https:\/\/www.foretadrenaline.com\/saint-pere\/en\/?s={search_term_string}"},"query-input":{"@type":"PropertyValueSpecification","valueRequired":true,"valueName":"search_term_string"}}],"inLanguage":"en-US"}]}},"_links":{"self":[{"href":"https:\/\/www.foretadrenaline.com\/saint-pere\/en\/wp-json\/wp\/v2\/pages\/1121","targetHints":{"allow":["GET"]}}],"collection":[{"href":"https:\/\/www.foretadrenaline.com\/saint-pere\/en\/wp-json\/wp\/v2\/pages"}],"about":[{"href":"https:\/\/www.foretadrenaline.com\/saint-pere\/en\/wp-json\/wp\/v2\/types\/page"}],"author":[{"embeddable":true,"href":"https:\/\/www.foretadrenaline.com\/saint-pere\/en\/wp-json\/wp\/v2\/users\/3"}],"replies":[{"embeddable":true,"href":"https:\/\/www.foretadrenaline.com\/saint-pere\/en\/wp-json\/wp\/v2\/comments?post=1121"}],"version-history":[{"count":5,"href":"https:\/\/www.foretadrenaline.com\/saint-pere\/en\/wp-json\/wp\/v2\/pages\/1121\/revisions"}],"predecessor-version":[{"id":6212,"href":"https:\/\/www.foretadrenaline.com\/saint-pere\/en\/wp-json\/wp\/v2\/pages\/1121\/revisions\/6212"}],"up":[{"embeddable":true,"href":"https:\/\/www.foretadrenaline.com\/saint-pere\/en\/wp-json\/wp\/v2\/pages\/811"}],"wp:featuredmedia":[{"embeddable":true,"href":"https:\/\/www.foretadrenaline.com\/saint-pere\/en\/wp-json\/wp\/v2\/media\/280"}],"wp:attachment":[{"href":"https:\/\/www.foretadrenaline.com\/saint-pere\/en\/wp-json\/wp\/v2\/media?parent=1121"}],"curies":[{"name":"wp","href":"https:\/\/api.w.org\/{rel}","templated":true}]}}