{"id":1735,"date":"2019-10-30T10:30:48","date_gmt":"2019-10-30T09:30:48","guid":{"rendered":"https:\/\/www.foretadrenaline.com\/saint-pere\/?page_id=1735"},"modified":"2025-03-19T15:27:29","modified_gmt":"2025-03-19T14:27:29","slug":"good-addresses-around-us","status":"publish","type":"page","link":"https:\/\/www.foretadrenaline.com\/saint-pere\/en\/good-addresses-around-us\/","title":{"rendered":"Good Addresses Around Us"},"content":{"rendered":"\n<h2 class=\"wp-block-heading has-text-align-center\">Where to have lunch\/dinner?<\/h2>\n\n\n\n<figure class=\"wp-block-gallery has-nested-images columns-default is-cropped wp-block-gallery-1 is-layout-flex wp-block-gallery-is-layout-flex\">\n<figure class=\"wp-block-image size-large\"><img loading=\"lazy\" decoding=\"async\" width=\"724\" height=\"1024\" data-id=\"1725\" src=\"https:\/\/www.foretadrenaline.com\/saint-pere\/wp-content\/uploads\/sites\/4\/2019\/10\/6-724x1024.jpg\" alt=\"good addresses\" class=\"wp-image-1725\" srcset=\"https:\/\/www.foretadrenaline.com\/saint-pere\/wp-content\/uploads\/sites\/4\/2019\/10\/6-724x1024.jpg 724w, https:\/\/www.foretadrenaline.com\/saint-pere\/wp-content\/uploads\/sites\/4\/2019\/10\/6-212x300.jpg 212w, https:\/\/www.foretadrenaline.com\/saint-pere\/wp-content\/uploads\/sites\/4\/2019\/10\/6-768x1086.jpg 768w, https:\/\/www.foretadrenaline.com\/saint-pere\/wp-content\/uploads\/sites\/4\/2019\/10\/6.jpg 794w\" sizes=\"auto, (max-width: 724px) 100vw, 724px\" \/><\/figure>\n\n\n\n<figure class=\"wp-block-image size-large\"><img loading=\"lazy\" decoding=\"async\" width=\"1024\" height=\"683\" data-id=\"1737\" src=\"https:\/\/www.foretadrenaline.com\/saint-pere\/wp-content\/uploads\/sites\/4\/2019\/10\/\u00a9aLamoureux-Le-Grand-B\u00e9-1024x683-1024x683.jpg\" alt=\"\" class=\"wp-image-1737\" srcset=\"https:\/\/www.foretadrenaline.com\/saint-pere\/wp-content\/uploads\/sites\/4\/2019\/10\/\u00a9aLamoureux-Le-Grand-B\u00e9-1024x683.jpg 1024w, https:\/\/www.foretadrenaline.com\/saint-pere\/wp-content\/uploads\/sites\/4\/2019\/10\/\u00a9aLamoureux-Le-Grand-B\u00e9-1024x683-300x200.jpg 300w, https:\/\/www.foretadrenaline.com\/saint-pere\/wp-content\/uploads\/sites\/4\/2019\/10\/\u00a9aLamoureux-Le-Grand-B\u00e9-1024x683-768x512.jpg 768w\" sizes=\"auto, (max-width: 1024px) 100vw, 1024px\" \/><\/figure>\n<\/figure>\n\n\n\n<h2 class=\"wp-block-heading has-text-align-center\">Enjoy the regional products<\/h2>\n\n\n\n<figure class=\"wp-block-gallery has-nested-images columns-default is-cropped wp-block-gallery-2 is-layout-flex wp-block-gallery-is-layout-flex\">\n<figure class=\"wp-block-image size-large\"><img loading=\"lazy\" decoding=\"async\" width=\"724\" height=\"1024\" data-id=\"1727\" src=\"https:\/\/www.foretadrenaline.com\/saint-pere\/wp-content\/uploads\/sites\/4\/2019\/10\/7-724x1024.jpg\" alt=\"good addresses\" class=\"wp-image-1727\" srcset=\"https:\/\/www.foretadrenaline.com\/saint-pere\/wp-content\/uploads\/sites\/4\/2019\/10\/7-724x1024.jpg 724w, https:\/\/www.foretadrenaline.com\/saint-pere\/wp-content\/uploads\/sites\/4\/2019\/10\/7-212x300.jpg 212w, https:\/\/www.foretadrenaline.com\/saint-pere\/wp-content\/uploads\/sites\/4\/2019\/10\/7-768x1086.jpg 768w, https:\/\/www.foretadrenaline.com\/saint-pere\/wp-content\/uploads\/sites\/4\/2019\/10\/7.jpg 794w\" sizes=\"auto, (max-width: 724px) 100vw, 724px\" \/><\/figure>\n\n\n\n<figure class=\"wp-block-image size-large\"><img loading=\"lazy\" decoding=\"async\" width=\"1024\" height=\"576\" data-id=\"1739\" src=\"https:\/\/www.foretadrenaline.com\/saint-pere\/wp-content\/uploads\/sites\/4\/2019\/10\/1527495974-2023741378-1024x576-1024x576.jpg\" alt=\"\" class=\"wp-image-1739\" srcset=\"https:\/\/www.foretadrenaline.com\/saint-pere\/wp-content\/uploads\/sites\/4\/2019\/10\/1527495974-2023741378-1024x576.jpg 1024w, https:\/\/www.foretadrenaline.com\/saint-pere\/wp-content\/uploads\/sites\/4\/2019\/10\/1527495974-2023741378-1024x576-300x169.jpg 300w, https:\/\/www.foretadrenaline.com\/saint-pere\/wp-content\/uploads\/sites\/4\/2019\/10\/1527495974-2023741378-1024x576-768x432.jpg 768w\" sizes=\"auto, (max-width: 1024px) 100vw, 1024px\" \/><\/figure>\n<\/figure>\n\n\n\n<h2 class=\"wp-block-heading has-text-align-center\">Discover the Emerald Coast<\/h2>\n\n\n\n<figure class=\"wp-block-gallery has-nested-images columns-default is-cropped wp-block-gallery-3 is-layout-flex wp-block-gallery-is-layout-flex\">\n<figure class=\"wp-block-image size-large\"><img loading=\"lazy\" decoding=\"async\" width=\"724\" height=\"1024\" data-id=\"1729\" src=\"https:\/\/www.foretadrenaline.com\/saint-pere\/wp-content\/uploads\/sites\/4\/2019\/10\/8-724x1024.jpg\" alt=\"good addresses\" class=\"wp-image-1729\" srcset=\"https:\/\/www.foretadrenaline.com\/saint-pere\/wp-content\/uploads\/sites\/4\/2019\/10\/8-724x1024.jpg 724w, https:\/\/www.foretadrenaline.com\/saint-pere\/wp-content\/uploads\/sites\/4\/2019\/10\/8-212x300.jpg 212w, https:\/\/www.foretadrenaline.com\/saint-pere\/wp-content\/uploads\/sites\/4\/2019\/10\/8-768x1086.jpg 768w, https:\/\/www.foretadrenaline.com\/saint-pere\/wp-content\/uploads\/sites\/4\/2019\/10\/8.jpg 794w\" sizes=\"auto, (max-width: 724px) 100vw, 724px\" \/><\/figure>\n\n\n\n<figure class=\"wp-block-image size-large\"><img loading=\"lazy\" decoding=\"async\" width=\"724\" height=\"1024\" data-id=\"1731\" src=\"https:\/\/www.foretadrenaline.com\/saint-pere\/wp-content\/uploads\/sites\/4\/2019\/10\/9-724x1024.jpg\" alt=\"good addresses\" class=\"wp-image-1731\" srcset=\"https:\/\/www.foretadrenaline.com\/saint-pere\/wp-content\/uploads\/sites\/4\/2019\/10\/9-724x1024.jpg 724w, https:\/\/www.foretadrenaline.com\/saint-pere\/wp-content\/uploads\/sites\/4\/2019\/10\/9-212x300.jpg 212w, https:\/\/www.foretadrenaline.com\/saint-pere\/wp-content\/uploads\/sites\/4\/2019\/10\/9-768x1086.jpg 768w, https:\/\/www.foretadrenaline.com\/saint-pere\/wp-content\/uploads\/sites\/4\/2019\/10\/9.jpg 794w\" sizes=\"auto, (max-width: 724px) 100vw, 724px\" \/><\/figure>\n<\/figure>\n\n\n\n<figure class=\"wp-block-gallery has-nested-images columns-default is-cropped wp-block-gallery-4 is-layout-flex wp-block-gallery-is-layout-flex\">\n<figure class=\"wp-block-image size-large\"><img loading=\"lazy\" decoding=\"async\" width=\"724\" height=\"1024\" data-id=\"1733\" src=\"https:\/\/www.foretadrenaline.com\/saint-pere\/wp-content\/uploads\/sites\/4\/2019\/10\/10-724x1024.jpg\" alt=\"good addresses\" class=\"wp-image-1733\" srcset=\"https:\/\/www.foretadrenaline.com\/saint-pere\/wp-content\/uploads\/sites\/4\/2019\/10\/10-724x1024.jpg 724w, https:\/\/www.foretadrenaline.com\/saint-pere\/wp-content\/uploads\/sites\/4\/2019\/10\/10-212x300.jpg 212w, https:\/\/www.foretadrenaline.com\/saint-pere\/wp-content\/uploads\/sites\/4\/2019\/10\/10-768x1086.jpg 768w, https:\/\/www.foretadrenaline.com\/saint-pere\/wp-content\/uploads\/sites\/4\/2019\/10\/10.jpg 794w\" sizes=\"auto, (max-width: 724px) 100vw, 724px\" \/><\/figure>\n\n\n\n<figure class=\"wp-block-image size-large\"><img loading=\"lazy\" decoding=\"async\" width=\"1024\" height=\"640\" data-id=\"1319\" src=\"https:\/\/www.foretadrenaline.com\/saint-pere\/wp-content\/uploads\/sites\/4\/2019\/06\/\u00a9Emmanuel-Duclos-Easy-Ride-1-1024x640.jpg\" alt=\"\" class=\"wp-image-1319\" srcset=\"https:\/\/www.foretadrenaline.com\/saint-pere\/wp-content\/uploads\/sites\/4\/2019\/06\/\u00a9Emmanuel-Duclos-Easy-Ride-1-1024x640.jpg 1024w, https:\/\/www.foretadrenaline.com\/saint-pere\/wp-content\/uploads\/sites\/4\/2019\/06\/\u00a9Emmanuel-Duclos-Easy-Ride-1-300x188.jpg 300w, https:\/\/www.foretadrenaline.com\/saint-pere\/wp-content\/uploads\/sites\/4\/2019\/06\/\u00a9Emmanuel-Duclos-Easy-Ride-1-768x480.jpg 768w, https:\/\/www.foretadrenaline.com\/saint-pere\/wp-content\/uploads\/sites\/4\/2019\/06\/\u00a9Emmanuel-Duclos-Easy-Ride-1.jpg 1200w\" sizes=\"auto, (max-width: 1024px) 100vw, 1024px\" \/><figcaption class=\"wp-element-caption\">Saint-Malo<\/figcaption><\/figure>\n<\/figure>\n\n\n\n<h2 class=\"wp-block-heading has-text-align-center\">Contact the Tourist office<\/h2>\n\n\n<div class=\"wp-block-image\">\n<figure class=\"aligncenter is-resized\"><img loading=\"lazy\" decoding=\"async\" src=\"https:\/\/www.foretadrenaline.com\/saint-pere\/wp-content\/uploads\/sites\/4\/2019\/07\/Sans-titre00-300x300.png\" alt=\"\" class=\"wp-image-1485\" width=\"285\" height=\"285\" srcset=\"https:\/\/www.foretadrenaline.com\/saint-pere\/wp-content\/uploads\/sites\/4\/2019\/07\/Sans-titre00-300x300.png 300w, https:\/\/www.foretadrenaline.com\/saint-pere\/wp-content\/uploads\/sites\/4\/2019\/07\/Sans-titre00-150x150.png 150w, https:\/\/www.foretadrenaline.com\/saint-pere\/wp-content\/uploads\/sites\/4\/2019\/07\/Sans-titre00-768x768.png 768w, https:\/\/www.foretadrenaline.com\/saint-pere\/wp-content\/uploads\/sites\/4\/2019\/07\/Sans-titre00-1024x1024.png 1024w, https:\/\/www.foretadrenaline.com\/saint-pere\/wp-content\/uploads\/sites\/4\/2019\/07\/Sans-titre00-263x263.png 263w, https:\/\/www.foretadrenaline.com\/saint-pere\/wp-content\/uploads\/sites\/4\/2019\/07\/Sans-titre00-570x570.png 570w, https:\/\/www.foretadrenaline.com\/saint-pere\/wp-content\/uploads\/sites\/4\/2019\/07\/Sans-titre00.png 1080w\" sizes=\"auto, (max-width: 285px) 100vw, 285px\" \/><\/figure>\n<\/div>\n\n\n<p class=\"has-text-align-center\"><strong><a href=\"https:\/\/www.pays-de-dol.com\/\" target=\"_blank\" rel=\"noreferrer noopener\">Tourist Office DOL de Bretagne<\/a> | <a href=\"https:\/\/www.ville-dinard.fr\/office-de-tourisme-2\/\" target=\"_blank\" rel=\"noreferrer noopener\">Tourist Office Dinard<\/a> | <a href=\"http:\/\/www.dinan.fr\/65\/office-tourisme\" target=\"_blank\" rel=\"noreferrer noopener\">Tourist Office Dinan<\/a> | <a href=\"https:\/\/www.saint-malo-tourisme.com\/\" target=\"_blank\" rel=\"noreferrer noopener\">Tourist Office Saint-Malo<\/a> | <a href=\"https:\/\/www.bretagne.com\/\" target=\"_blank\" rel=\"noreferrer noopener\">Haute Bretagne<\/a> <a href=\"https:\/\/www.bretagne.com\/\" target=\"_blank\" rel=\"noreferrer noopener\">Tourisme et Loisirs en Bretagne<\/a><\/strong><\/p>\n","protected":false},"excerpt":{"rendered":"<p>Where to have lunch\/dinner? Enjoy the regional products Discover the Emerald Coast Contact the Tourist office Tourist Office DOL de Bretagne | Tourist Office Dinard | Tourist Office Dinan | Tourist Office Saint-Malo | Haute Bretagne Tourisme et Loisirs en Bretagne<\/p>\n","protected":false},"author":2,"featured_media":1319,"parent":0,"menu_order":0,"comment_status":"closed","ping_status":"closed","template":"","meta":{"_acf_changed":false,"footnotes":""},"class_list":["post-1735","page","type-page","status-publish","has-post-thumbnail","hentry"],"acf":[],"yoast_head":"<!-- This site is optimized with the Yoast SEO plugin v27.5 - https:\/\/yoast.com\/product\/yoast-seo-wordpress\/ -->\n<title>Good Addresses Around Us - Corsaire aventure<\/title>\n<meta name=\"description\" content=\"Discover the good addresses around us if you want to try other activities, grab a lunch, have a dinner or simply visit the area.\" \/>\n<meta name=\"robots\" content=\"index, follow, max-snippet:-1, max-image-preview:large, max-video-preview:-1\" \/>\n<link rel=\"canonical\" href=\"https:\/\/www.foretadrenaline.com\/saint-pere\/en\/good-addresses-around-us\/\" \/>\n<meta property=\"og:locale\" content=\"en_US\" \/>\n<meta property=\"og:type\" content=\"article\" \/>\n<meta property=\"og:title\" content=\"Good Addresses Around Us - Corsaire aventure\" \/>\n<meta property=\"og:description\" content=\"Discover the good addresses around us if you want to try other activities, grab a lunch, have a dinner or simply visit the area.\" \/>\n<meta property=\"og:url\" content=\"https:\/\/www.foretadrenaline.com\/saint-pere\/en\/good-addresses-around-us\/\" \/>\n<meta property=\"og:site_name\" content=\"For\u00eat Adr\u00e9naline - Saint-P\u00e8re\" \/>\n<meta property=\"article:modified_time\" content=\"2025-03-19T14:27:29+00:00\" \/>\n<meta property=\"og:image\" content=\"https:\/\/www.foretadrenaline.com\/saint-pere\/wp-content\/uploads\/sites\/4\/2019\/06\/\u00a9Emmanuel-Duclos-Easy-Ride-1.jpg\" \/>\n\t<meta property=\"og:image:width\" content=\"1200\" \/>\n\t<meta property=\"og:image:height\" content=\"750\" \/>\n\t<meta property=\"og:image:type\" content=\"image\/jpeg\" \/>\n<meta name=\"twitter:card\" content=\"summary_large_image\" \/>\n<meta name=\"twitter:label1\" content=\"Est. reading time\" \/>\n\t<meta name=\"twitter:data1\" content=\"3 minutes\" \/>\n<script type=\"application\/ld+json\" class=\"yoast-schema-graph\">{\"@context\":\"https:\\\/\\\/schema.org\",\"@graph\":[{\"@type\":\"WebPage\",\"@id\":\"https:\\\/\\\/www.foretadrenaline.com\\\/saint-pere\\\/en\\\/good-addresses-around-us\\\/\",\"url\":\"https:\\\/\\\/www.foretadrenaline.com\\\/saint-pere\\\/en\\\/good-addresses-around-us\\\/\",\"name\":\"Good Addresses Around Us - Corsaire aventure\",\"isPartOf\":{\"@id\":\"https:\\\/\\\/www.foretadrenaline.com\\\/saint-pere\\\/en\\\/#website\"},\"primaryImageOfPage\":{\"@id\":\"https:\\\/\\\/www.foretadrenaline.com\\\/saint-pere\\\/en\\\/good-addresses-around-us\\\/#primaryimage\"},\"image\":{\"@id\":\"https:\\\/\\\/www.foretadrenaline.com\\\/saint-pere\\\/en\\\/good-addresses-around-us\\\/#primaryimage\"},\"thumbnailUrl\":\"https:\\\/\\\/www.foretadrenaline.com\\\/saint-pere\\\/wp-content\\\/uploads\\\/sites\\\/4\\\/2019\\\/06\\\/\u00a9Emmanuel-Duclos-Easy-Ride-1.jpg\",\"datePublished\":\"2019-10-30T09:30:48+00:00\",\"dateModified\":\"2025-03-19T14:27:29+00:00\",\"description\":\"Discover the good addresses around us if you want to try other activities, grab a lunch, have a dinner or simply visit the area.\",\"breadcrumb\":{\"@id\":\"https:\\\/\\\/www.foretadrenaline.com\\\/saint-pere\\\/en\\\/good-addresses-around-us\\\/#breadcrumb\"},\"inLanguage\":\"en-US\",\"potentialAction\":[{\"@type\":\"ReadAction\",\"target\":[\"https:\\\/\\\/www.foretadrenaline.com\\\/saint-pere\\\/en\\\/good-addresses-around-us\\\/\"]}]},{\"@type\":\"ImageObject\",\"inLanguage\":\"en-US\",\"@id\":\"https:\\\/\\\/www.foretadrenaline.com\\\/saint-pere\\\/en\\\/good-addresses-around-us\\\/#primaryimage\",\"url\":\"https:\\\/\\\/www.foretadrenaline.com\\\/saint-pere\\\/wp-content\\\/uploads\\\/sites\\\/4\\\/2019\\\/06\\\/\u00a9Emmanuel-Duclos-Easy-Ride-1.jpg\",\"contentUrl\":\"https:\\\/\\\/www.foretadrenaline.com\\\/saint-pere\\\/wp-content\\\/uploads\\\/sites\\\/4\\\/2019\\\/06\\\/\u00a9Emmanuel-Duclos-Easy-Ride-1.jpg\",\"width\":1200,\"height\":750,\"caption\":\"Saint-Malo\"},{\"@type\":\"BreadcrumbList\",\"@id\":\"https:\\\/\\\/www.foretadrenaline.com\\\/saint-pere\\\/en\\\/good-addresses-around-us\\\/#breadcrumb\",\"itemListElement\":[{\"@type\":\"ListItem\",\"position\":1,\"name\":\"Accueil\",\"item\":\"https:\\\/\\\/www.foretadrenaline.com\\\/saint-pere\\\/en\\\/\"},{\"@type\":\"ListItem\",\"position\":2,\"name\":\"Good Addresses Around Us\"}]},{\"@type\":\"WebSite\",\"@id\":\"https:\\\/\\\/www.foretadrenaline.com\\\/saint-pere\\\/en\\\/#website\",\"url\":\"https:\\\/\\\/www.foretadrenaline.com\\\/saint-pere\\\/en\\\/\",\"name\":\"For\u00eat Adr\u00e9naline - Saint-P\u00e8re\",\"description\":\"Un site utilisant For\u00eat Adr\u00e9naline\",\"potentialAction\":[{\"@type\":\"SearchAction\",\"target\":{\"@type\":\"EntryPoint\",\"urlTemplate\":\"https:\\\/\\\/www.foretadrenaline.com\\\/saint-pere\\\/en\\\/?s={search_term_string}\"},\"query-input\":{\"@type\":\"PropertyValueSpecification\",\"valueRequired\":true,\"valueName\":\"search_term_string\"}}],\"inLanguage\":\"en-US\"}]}<\/script>\n<!-- \/ Yoast SEO plugin. -->","yoast_head_json":{"title":"Good Addresses Around Us - Corsaire aventure","description":"Discover the good addresses around us if you want to try other activities, grab a lunch, have a dinner or simply visit the area.","robots":{"index":"index","follow":"follow","max-snippet":"max-snippet:-1","max-image-preview":"max-image-preview:large","max-video-preview":"max-video-preview:-1"},"canonical":"https:\/\/www.foretadrenaline.com\/saint-pere\/en\/good-addresses-around-us\/","og_locale":"en_US","og_type":"article","og_title":"Good Addresses Around Us - Corsaire aventure","og_description":"Discover the good addresses around us if you want to try other activities, grab a lunch, have a dinner or simply visit the area.","og_url":"https:\/\/www.foretadrenaline.com\/saint-pere\/en\/good-addresses-around-us\/","og_site_name":"For\u00eat Adr\u00e9naline - Saint-P\u00e8re","article_modified_time":"2025-03-19T14:27:29+00:00","og_image":[{"width":1200,"height":750,"url":"https:\/\/www.foretadrenaline.com\/saint-pere\/wp-content\/uploads\/sites\/4\/2019\/06\/\u00a9Emmanuel-Duclos-Easy-Ride-1.jpg","type":"image\/jpeg"}],"twitter_card":"summary_large_image","twitter_misc":{"Est. reading time":"3 minutes"},"schema":{"@context":"https:\/\/schema.org","@graph":[{"@type":"WebPage","@id":"https:\/\/www.foretadrenaline.com\/saint-pere\/en\/good-addresses-around-us\/","url":"https:\/\/www.foretadrenaline.com\/saint-pere\/en\/good-addresses-around-us\/","name":"Good Addresses Around Us - Corsaire aventure","isPartOf":{"@id":"https:\/\/www.foretadrenaline.com\/saint-pere\/en\/#website"},"primaryImageOfPage":{"@id":"https:\/\/www.foretadrenaline.com\/saint-pere\/en\/good-addresses-around-us\/#primaryimage"},"image":{"@id":"https:\/\/www.foretadrenaline.com\/saint-pere\/en\/good-addresses-around-us\/#primaryimage"},"thumbnailUrl":"https:\/\/www.foretadrenaline.com\/saint-pere\/wp-content\/uploads\/sites\/4\/2019\/06\/\u00a9Emmanuel-Duclos-Easy-Ride-1.jpg","datePublished":"2019-10-30T09:30:48+00:00","dateModified":"2025-03-19T14:27:29+00:00","description":"Discover the good addresses around us if you want to try other activities, grab a lunch, have a dinner or simply visit the area.","breadcrumb":{"@id":"https:\/\/www.foretadrenaline.com\/saint-pere\/en\/good-addresses-around-us\/#breadcrumb"},"inLanguage":"en-US","potentialAction":[{"@type":"ReadAction","target":["https:\/\/www.foretadrenaline.com\/saint-pere\/en\/good-addresses-around-us\/"]}]},{"@type":"ImageObject","inLanguage":"en-US","@id":"https:\/\/www.foretadrenaline.com\/saint-pere\/en\/good-addresses-around-us\/#primaryimage","url":"https:\/\/www.foretadrenaline.com\/saint-pere\/wp-content\/uploads\/sites\/4\/2019\/06\/\u00a9Emmanuel-Duclos-Easy-Ride-1.jpg","contentUrl":"https:\/\/www.foretadrenaline.com\/saint-pere\/wp-content\/uploads\/sites\/4\/2019\/06\/\u00a9Emmanuel-Duclos-Easy-Ride-1.jpg","width":1200,"height":750,"caption":"Saint-Malo"},{"@type":"BreadcrumbList","@id":"https:\/\/www.foretadrenaline.com\/saint-pere\/en\/good-addresses-around-us\/#breadcrumb","itemListElement":[{"@type":"ListItem","position":1,"name":"Accueil","item":"https:\/\/www.foretadrenaline.com\/saint-pere\/en\/"},{"@type":"ListItem","position":2,"name":"Good Addresses Around Us"}]},{"@type":"WebSite","@id":"https:\/\/www.foretadrenaline.com\/saint-pere\/en\/#website","url":"https:\/\/www.foretadrenaline.com\/saint-pere\/en\/","name":"For\u00eat Adr\u00e9naline - Saint-P\u00e8re","description":"Un site utilisant For\u00eat Adr\u00e9naline","potentialAction":[{"@type":"SearchAction","target":{"@type":"EntryPoint","urlTemplate":"https:\/\/www.foretadrenaline.com\/saint-pere\/en\/?s={search_term_string}"},"query-input":{"@type":"PropertyValueSpecification","valueRequired":true,"valueName":"search_term_string"}}],"inLanguage":"en-US"}]}},"_links":{"self":[{"href":"https:\/\/www.foretadrenaline.com\/saint-pere\/en\/wp-json\/wp\/v2\/pages\/1735","targetHints":{"allow":["GET"]}}],"collection":[{"href":"https:\/\/www.foretadrenaline.com\/saint-pere\/en\/wp-json\/wp\/v2\/pages"}],"about":[{"href":"https:\/\/www.foretadrenaline.com\/saint-pere\/en\/wp-json\/wp\/v2\/types\/page"}],"author":[{"embeddable":true,"href":"https:\/\/www.foretadrenaline.com\/saint-pere\/en\/wp-json\/wp\/v2\/users\/2"}],"replies":[{"embeddable":true,"href":"https:\/\/www.foretadrenaline.com\/saint-pere\/en\/wp-json\/wp\/v2\/comments?post=1735"}],"version-history":[{"count":7,"href":"https:\/\/www.foretadrenaline.com\/saint-pere\/en\/wp-json\/wp\/v2\/pages\/1735\/revisions"}],"predecessor-version":[{"id":5014,"href":"https:\/\/www.foretadrenaline.com\/saint-pere\/en\/wp-json\/wp\/v2\/pages\/1735\/revisions\/5014"}],"wp:featuredmedia":[{"embeddable":true,"href":"https:\/\/www.foretadrenaline.com\/saint-pere\/en\/wp-json\/wp\/v2\/media\/1319"}],"wp:attachment":[{"href":"https:\/\/www.foretadrenaline.com\/saint-pere\/en\/wp-json\/wp\/v2\/media?parent=1735"}],"curies":[{"name":"wp","href":"https:\/\/api.w.org\/{rel}","templated":true}]}}