{"id":5602,"date":"2024-03-07T16:20:53","date_gmt":"2024-03-07T15:20:53","guid":{"rendered":"https:\/\/www.foretadrenaline.com\/saint-pere\/gift-box\/"},"modified":"2025-03-19T15:33:09","modified_gmt":"2025-03-19T14:33:09","slug":"gift-box","status":"publish","type":"page","link":"https:\/\/www.foretadrenaline.com\/saint-pere\/en\/gift-box\/","title":{"rendered":"Gift cards"},"content":{"rendered":"\n<blockquote class=\"wp-block-quote has-text-align-center is-style-large has-medium-font-size is-layout-flow wp-block-quote-is-layout-flow\">\n<p><em>Give the gift of adrenaline to your loved ones!<\/em><\/p>\n<\/blockquote>\n\n\n\n<p>Looking for a gift worthy of a true privateer? Our gift box filled with adventure treasures is perfect for you!<\/p>\n\n\n\n<p class=\"has-text-align-left\">For Christmas, a birthday, Valentine&#8217;s Day, for both young and old, discover our gift cards! Give 1 hour, 2.5 hours, 3 hours, or even a year of adrenaline and fun at For\u00eat Adr\u00e9naline Rennes, Carnac, or Corsaire Aventure parks !<\/p>\n\n\n\n<p class=\"has-text-align-center\"><strong>We offer 3 packages:<\/strong><br>&#8211; Adventure: 2.5 hours of ropes course<br>&#8211; Adrenaline: 2.5 hours of ropes course + 30 minutes of Tramp\u00d4forest <br>&#8211; Tramp\u00d4forest : 1.5 hours of Tramp\u00d4forest trampolining without harness <br><br><strong>Find our packages in the form of an Annual Pass ! <\/strong><br><strong>Unlimited ropes course for one year !<\/strong><\/p>\n\n\n\n<p class=\"has-text-align-center has-vivid-red-color has-text-color has-link-color wp-elements-89b0589ea2420c457f387aeda3700096\"><strong>The gift boxes are valid throughout the 2025 season <\/strong><br><strong>(From March 29, 2025, to November 2, 2025&#8243;)<\/strong><\/p>\n\n\n\n<figure class=\"wp-block-gallery has-nested-images columns-default is-cropped wp-block-gallery-1 is-layout-flex wp-block-gallery-is-layout-flex\">\n<figure class=\"wp-block-image size-large\"><img loading=\"lazy\" decoding=\"async\" width=\"683\" height=\"1024\" data-id=\"3766\" src=\"https:\/\/www.foretadrenaline.com\/saint-pere\/wp-content\/uploads\/sites\/4\/2022\/03\/Corsaire-Aventure-Kid1-et-papa-Pont-de-singe-@Sparaw-683x1024.jpg\" alt=\"\" class=\"wp-image-3766\" srcset=\"https:\/\/www.foretadrenaline.com\/saint-pere\/wp-content\/uploads\/sites\/4\/2022\/03\/Corsaire-Aventure-Kid1-et-papa-Pont-de-singe-@Sparaw-683x1024.jpg 683w, https:\/\/www.foretadrenaline.com\/saint-pere\/wp-content\/uploads\/sites\/4\/2022\/03\/Corsaire-Aventure-Kid1-et-papa-Pont-de-singe-@Sparaw-200x300.jpg 200w, https:\/\/www.foretadrenaline.com\/saint-pere\/wp-content\/uploads\/sites\/4\/2022\/03\/Corsaire-Aventure-Kid1-et-papa-Pont-de-singe-@Sparaw-768x1152.jpg 768w, https:\/\/www.foretadrenaline.com\/saint-pere\/wp-content\/uploads\/sites\/4\/2022\/03\/Corsaire-Aventure-Kid1-et-papa-Pont-de-singe-@Sparaw-1024x1536.jpg 1024w, https:\/\/www.foretadrenaline.com\/saint-pere\/wp-content\/uploads\/sites\/4\/2022\/03\/Corsaire-Aventure-Kid1-et-papa-Pont-de-singe-@Sparaw-scaled.jpg 1365w, https:\/\/www.foretadrenaline.com\/saint-pere\/wp-content\/uploads\/sites\/4\/2022\/03\/Corsaire-Aventure-Kid1-et-papa-Pont-de-singe-@Sparaw-1200x1800.jpg 1200w\" sizes=\"auto, (max-width: 683px) 100vw, 683px\" \/><\/figure>\n\n\n\n<figure class=\"wp-block-image size-large\"><img loading=\"lazy\" decoding=\"async\" width=\"1024\" height=\"683\" data-id=\"3689\" src=\"https:\/\/www.foretadrenaline.com\/saint-pere\/wp-content\/uploads\/sites\/4\/2022\/03\/Corsaire-Aventure-Salle-bleue-7-@Sparaw-1024x683.jpg\" alt=\"\" class=\"wp-image-3689\" srcset=\"https:\/\/www.foretadrenaline.com\/saint-pere\/wp-content\/uploads\/sites\/4\/2022\/03\/Corsaire-Aventure-Salle-bleue-7-@Sparaw-1024x683.jpg 1024w, https:\/\/www.foretadrenaline.com\/saint-pere\/wp-content\/uploads\/sites\/4\/2022\/03\/Corsaire-Aventure-Salle-bleue-7-@Sparaw-300x200.jpg 300w, https:\/\/www.foretadrenaline.com\/saint-pere\/wp-content\/uploads\/sites\/4\/2022\/03\/Corsaire-Aventure-Salle-bleue-7-@Sparaw-768x512.jpg 768w, https:\/\/www.foretadrenaline.com\/saint-pere\/wp-content\/uploads\/sites\/4\/2022\/03\/Corsaire-Aventure-Salle-bleue-7-@Sparaw-1536x1024.jpg 1536w, https:\/\/www.foretadrenaline.com\/saint-pere\/wp-content\/uploads\/sites\/4\/2022\/03\/Corsaire-Aventure-Salle-bleue-7-@Sparaw-scaled.jpg 2048w, https:\/\/www.foretadrenaline.com\/saint-pere\/wp-content\/uploads\/sites\/4\/2022\/03\/Corsaire-Aventure-Salle-bleue-7-@Sparaw-1200x800.jpg 1200w\" sizes=\"auto, (max-width: 1024px) 100vw, 1024px\" \/><figcaption class=\"wp-element-caption\">Salle principale -Tramp\u00d4forest<\/figcaption><\/figure>\n\n\n\n<figure class=\"wp-block-image size-large\"><img loading=\"lazy\" decoding=\"async\" width=\"1024\" height=\"683\" data-id=\"3754\" src=\"https:\/\/www.foretadrenaline.com\/saint-pere\/wp-content\/uploads\/sites\/4\/2022\/03\/Corsaire-Aventure-Black-Pearl-mat-2-Sans-Cables-Ciel-Bleu-@Imadgin-1024x683.png\" alt=\"\" class=\"wp-image-3754\" srcset=\"https:\/\/www.foretadrenaline.com\/saint-pere\/wp-content\/uploads\/sites\/4\/2022\/03\/Corsaire-Aventure-Black-Pearl-mat-2-Sans-Cables-Ciel-Bleu-@Imadgin-1024x683.png 1024w, https:\/\/www.foretadrenaline.com\/saint-pere\/wp-content\/uploads\/sites\/4\/2022\/03\/Corsaire-Aventure-Black-Pearl-mat-2-Sans-Cables-Ciel-Bleu-@Imadgin-300x200.png 300w, https:\/\/www.foretadrenaline.com\/saint-pere\/wp-content\/uploads\/sites\/4\/2022\/03\/Corsaire-Aventure-Black-Pearl-mat-2-Sans-Cables-Ciel-Bleu-@Imadgin-768x512.png 768w, https:\/\/www.foretadrenaline.com\/saint-pere\/wp-content\/uploads\/sites\/4\/2022\/03\/Corsaire-Aventure-Black-Pearl-mat-2-Sans-Cables-Ciel-Bleu-@Imadgin-1536x1024.png 1536w, https:\/\/www.foretadrenaline.com\/saint-pere\/wp-content\/uploads\/sites\/4\/2022\/03\/Corsaire-Aventure-Black-Pearl-mat-2-Sans-Cables-Ciel-Bleu-@Imadgin.png 2048w, https:\/\/www.foretadrenaline.com\/saint-pere\/wp-content\/uploads\/sites\/4\/2022\/03\/Corsaire-Aventure-Black-Pearl-mat-2-Sans-Cables-Ciel-Bleu-@Imadgin-1200x800.png 1200w\" sizes=\"auto, (max-width: 1024px) 100vw, 1024px\" \/><\/figure>\n<\/figure>\n\n\n\n<h3 class=\"wp-block-heading has-text-align-center\"><strong>Buy your gift card on our online ticketing website !<\/strong><\/h3>\n\n\n\n<div class=\"wp-block-buttons is-content-justification-center is-layout-flex wp-container-core-buttons-is-layout-16018d1d wp-block-buttons-is-layout-flex\">\n<div class=\"wp-block-button\"><a class=\"wp-block-button__link has-white-color has-luminous-vivid-amber-background-color has-text-color has-background has-link-color wp-element-button\" href=\"https:\/\/my.weezevent.com\/coffrets-cadeaux-et-billetterie-corsaire-aventure\" target=\"_blank\" rel=\"noreferrer noopener\"><strong>Ticketing and Gift C<\/strong>ard<strong>s &#8211; Corsaire Aventure<\/strong><\/a><\/div>\n<\/div>\n\n\n\n<p><\/p>\n\n\n\n<p class=\"has-text-align-left has-black-color has-text-color\"><strong>Purchase and Use Terms for Tickets<\/strong><\/p>\n\n\n\n<p class=\"has-vivid-red-color has-text-color has-link-color wp-elements-71f974241fdf1211508a4329b973ebb9\"><strong>IMPORTANT:<\/strong> The name that appears on the ticket does not necessarily have to be the name of the person to whom the ticket is intended. Example: you buy a ticket as a gift, the name on the ticket is yours (entered during the order), this does not matter, don&#8217;t worry.<\/p>\n\n\n\n<p class=\"has-vivid-red-color has-text-color has-link-color wp-elements-e3ffc107b4ff5a85beb531ebd85aca75\">You can also manually hide the price that appears on the ticket (for a gift, for example), this does not matter either. <br><strong>What is important for using the ticket is the NUMBER indicated below the barcode, which should not be hidden or damaged.<\/strong><\/p>\n\n\n\n<ul class=\"wp-block-list\">\n<li>Purchase your tickets on our Weezevent ticketing mini-site<\/li>\n\n\n\n<li>Take advantage of advantageous discounts on special occasions: Flash sales, Green Friday, Valentine&#8217;s Day&#8230;<\/li>\n\n\n\n<li>Download your tickets<\/li>\n\n\n\n<li>Give them to your loved ones or treat yourself<\/li>\n\n\n\n<li>Book your activity (for free) on our website<\/li>\n\n\n\n<li>Present your tickets at the front desk on the day of your visit (digitally on your phone or printed)<\/li>\n\n\n\n<li>Enjoy an memorable adventure at the top of the trees !<\/li>\n<\/ul>\n\n\n\n<p class=\"has-black-color has-text-color has-link-color wp-elements-90c1531ba43507899a923a9ced0d425a\"><strong>Please note:<\/strong> Tickets and gift boxes are valid throughout the 2025 season (from March 29, 2025, to November 2, 2025). After this date, tickets and gift boxes will no longer be usable. Tickets are non-refundable and non-exchangeable.<\/p>\n\n\n\n<div class=\"wp-block-buttons is-content-justification-center is-layout-flex wp-container-core-buttons-is-layout-16018d1d wp-block-buttons-is-layout-flex\">\n<div class=\"wp-block-button\"><a class=\"wp-block-button__link has-white-color has-vivid-cyan-blue-background-color has-text-color has-background has-link-color wp-element-button\" href=\"http:\/\/www.foretadrenaline.com\" target=\"_blank\" rel=\"noreferrer noopener\">To buy tickets for the Carnac or Rennes park<\/a><\/div>\n<\/div>\n\n\n\n<div class=\"wp-block-buttons is-content-justification-center is-layout-flex wp-container-core-buttons-is-layout-16018d1d wp-block-buttons-is-layout-flex\">\n<div class=\"wp-block-button is-style-fill\"><a class=\"wp-block-button__link has-white-color has-luminous-vivid-amber-background-color has-text-color has-background has-link-color wp-element-button\" href=\"https:\/\/www.foretadrenaline.com\/saint-pere\/en\/contact\/\" target=\"_blank\" rel=\"noreferrer noopener\"><strong>For further information: Contact us.<\/strong><\/a><\/div>\n<\/div>\n","protected":false},"excerpt":{"rendered":"<p>Give the gift of adrenaline to your loved ones! Looking for a gift worthy of a true privateer? Our gift box filled with adventure treasures is perfect for you! For Christmas, a birthday, Valentine&#8217;s Day, for both young and old, discover our gift cards! Give 1 hour, 2.5 hours, 3 hours, or even a year&hellip;<\/p>\n","protected":false},"author":2,"featured_media":1598,"parent":0,"menu_order":0,"comment_status":"closed","ping_status":"closed","template":"","meta":{"_acf_changed":false,"footnotes":""},"class_list":["post-5602","page","type-page","status-publish","has-post-thumbnail","hentry"],"acf":[],"yoast_head":"<!-- This site is optimized with the Yoast SEO plugin v27.4 - https:\/\/yoast.com\/product\/yoast-seo-wordpress\/ -->\n<title>Gift cards - Offer adventure- For\u00eat Adr\u00e9naline - Saint-P\u00e8re<\/title>\n<meta name=\"description\" content=\"For a special occasion, give the gift of adventure with a gift box filled with excitement: 2.5 hours, 3.5 hours, or a year of adrenaline at the parks\" \/>\n<meta name=\"robots\" content=\"index, follow, max-snippet:-1, max-image-preview:large, max-video-preview:-1\" \/>\n<link rel=\"canonical\" href=\"https:\/\/www.foretadrenaline.com\/saint-pere\/en\/gift-box\/\" \/>\n<meta property=\"og:locale\" content=\"en_US\" \/>\n<meta property=\"og:type\" content=\"article\" \/>\n<meta property=\"og:title\" content=\"Gift cards - Offer adventure- For\u00eat Adr\u00e9naline - Saint-P\u00e8re\" \/>\n<meta property=\"og:description\" content=\"For a special occasion, give the gift of adventure with a gift box filled with excitement: 2.5 hours, 3.5 hours, or a year of adrenaline at the parks\" \/>\n<meta property=\"og:url\" content=\"https:\/\/www.foretadrenaline.com\/saint-pere\/en\/gift-box\/\" \/>\n<meta property=\"og:site_name\" content=\"For\u00eat Adr\u00e9naline - Saint-P\u00e8re\" \/>\n<meta property=\"article:modified_time\" content=\"2025-03-19T14:33:09+00:00\" \/>\n<meta property=\"og:image\" content=\"https:\/\/www.foretadrenaline.com\/saint-pere\/wp-content\/uploads\/sites\/4\/2019\/10\/Couverture-site-web.png\" \/>\n\t<meta property=\"og:image:width\" content=\"1024\" \/>\n\t<meta property=\"og:image:height\" content=\"512\" \/>\n\t<meta property=\"og:image:type\" content=\"image\/png\" \/>\n<meta name=\"twitter:card\" content=\"summary_large_image\" \/>\n<meta name=\"twitter:label1\" content=\"Est. reading time\" \/>\n\t<meta name=\"twitter:data1\" content=\"3 minutes\" \/>\n<script type=\"application\/ld+json\" class=\"yoast-schema-graph\">{\"@context\":\"https:\\\/\\\/schema.org\",\"@graph\":[{\"@type\":\"WebPage\",\"@id\":\"https:\\\/\\\/www.foretadrenaline.com\\\/saint-pere\\\/en\\\/gift-box\\\/\",\"url\":\"https:\\\/\\\/www.foretadrenaline.com\\\/saint-pere\\\/en\\\/gift-box\\\/\",\"name\":\"Gift cards - Offer adventure- For\u00eat Adr\u00e9naline - Saint-P\u00e8re\",\"isPartOf\":{\"@id\":\"https:\\\/\\\/www.foretadrenaline.com\\\/saint-pere\\\/en\\\/#website\"},\"primaryImageOfPage\":{\"@id\":\"https:\\\/\\\/www.foretadrenaline.com\\\/saint-pere\\\/en\\\/gift-box\\\/#primaryimage\"},\"image\":{\"@id\":\"https:\\\/\\\/www.foretadrenaline.com\\\/saint-pere\\\/en\\\/gift-box\\\/#primaryimage\"},\"thumbnailUrl\":\"https:\\\/\\\/www.foretadrenaline.com\\\/saint-pere\\\/wp-content\\\/uploads\\\/sites\\\/4\\\/2019\\\/10\\\/Couverture-site-web.png\",\"datePublished\":\"2024-03-07T15:20:53+00:00\",\"dateModified\":\"2025-03-19T14:33:09+00:00\",\"description\":\"For a special occasion, give the gift of adventure with a gift box filled with excitement: 2.5 hours, 3.5 hours, or a year of adrenaline at the parks\",\"breadcrumb\":{\"@id\":\"https:\\\/\\\/www.foretadrenaline.com\\\/saint-pere\\\/en\\\/gift-box\\\/#breadcrumb\"},\"inLanguage\":\"en-US\",\"potentialAction\":[{\"@type\":\"ReadAction\",\"target\":[\"https:\\\/\\\/www.foretadrenaline.com\\\/saint-pere\\\/en\\\/gift-box\\\/\"]}]},{\"@type\":\"ImageObject\",\"inLanguage\":\"en-US\",\"@id\":\"https:\\\/\\\/www.foretadrenaline.com\\\/saint-pere\\\/en\\\/gift-box\\\/#primaryimage\",\"url\":\"https:\\\/\\\/www.foretadrenaline.com\\\/saint-pere\\\/wp-content\\\/uploads\\\/sites\\\/4\\\/2019\\\/10\\\/Couverture-site-web.png\",\"contentUrl\":\"https:\\\/\\\/www.foretadrenaline.com\\\/saint-pere\\\/wp-content\\\/uploads\\\/sites\\\/4\\\/2019\\\/10\\\/Couverture-site-web.png\",\"width\":1024,\"height\":512},{\"@type\":\"BreadcrumbList\",\"@id\":\"https:\\\/\\\/www.foretadrenaline.com\\\/saint-pere\\\/en\\\/gift-box\\\/#breadcrumb\",\"itemListElement\":[{\"@type\":\"ListItem\",\"position\":1,\"name\":\"Accueil\",\"item\":\"https:\\\/\\\/www.foretadrenaline.com\\\/saint-pere\\\/en\\\/\"},{\"@type\":\"ListItem\",\"position\":2,\"name\":\"Gift cards\"}]},{\"@type\":\"WebSite\",\"@id\":\"https:\\\/\\\/www.foretadrenaline.com\\\/saint-pere\\\/en\\\/#website\",\"url\":\"https:\\\/\\\/www.foretadrenaline.com\\\/saint-pere\\\/en\\\/\",\"name\":\"For\u00eat Adr\u00e9naline - Saint-P\u00e8re\",\"description\":\"Un site utilisant For\u00eat Adr\u00e9naline\",\"potentialAction\":[{\"@type\":\"SearchAction\",\"target\":{\"@type\":\"EntryPoint\",\"urlTemplate\":\"https:\\\/\\\/www.foretadrenaline.com\\\/saint-pere\\\/en\\\/?s={search_term_string}\"},\"query-input\":{\"@type\":\"PropertyValueSpecification\",\"valueRequired\":true,\"valueName\":\"search_term_string\"}}],\"inLanguage\":\"en-US\"}]}<\/script>\n<!-- \/ Yoast SEO plugin. -->","yoast_head_json":{"title":"Gift cards - Offer adventure- For\u00eat Adr\u00e9naline - Saint-P\u00e8re","description":"For a special occasion, give the gift of adventure with a gift box filled with excitement: 2.5 hours, 3.5 hours, or a year of adrenaline at the parks","robots":{"index":"index","follow":"follow","max-snippet":"max-snippet:-1","max-image-preview":"max-image-preview:large","max-video-preview":"max-video-preview:-1"},"canonical":"https:\/\/www.foretadrenaline.com\/saint-pere\/en\/gift-box\/","og_locale":"en_US","og_type":"article","og_title":"Gift cards - Offer adventure- For\u00eat Adr\u00e9naline - Saint-P\u00e8re","og_description":"For a special occasion, give the gift of adventure with a gift box filled with excitement: 2.5 hours, 3.5 hours, or a year of adrenaline at the parks","og_url":"https:\/\/www.foretadrenaline.com\/saint-pere\/en\/gift-box\/","og_site_name":"For\u00eat Adr\u00e9naline - Saint-P\u00e8re","article_modified_time":"2025-03-19T14:33:09+00:00","og_image":[{"width":1024,"height":512,"url":"https:\/\/www.foretadrenaline.com\/saint-pere\/wp-content\/uploads\/sites\/4\/2019\/10\/Couverture-site-web.png","type":"image\/png"}],"twitter_card":"summary_large_image","twitter_misc":{"Est. reading time":"3 minutes"},"schema":{"@context":"https:\/\/schema.org","@graph":[{"@type":"WebPage","@id":"https:\/\/www.foretadrenaline.com\/saint-pere\/en\/gift-box\/","url":"https:\/\/www.foretadrenaline.com\/saint-pere\/en\/gift-box\/","name":"Gift cards - Offer adventure- For\u00eat Adr\u00e9naline - Saint-P\u00e8re","isPartOf":{"@id":"https:\/\/www.foretadrenaline.com\/saint-pere\/en\/#website"},"primaryImageOfPage":{"@id":"https:\/\/www.foretadrenaline.com\/saint-pere\/en\/gift-box\/#primaryimage"},"image":{"@id":"https:\/\/www.foretadrenaline.com\/saint-pere\/en\/gift-box\/#primaryimage"},"thumbnailUrl":"https:\/\/www.foretadrenaline.com\/saint-pere\/wp-content\/uploads\/sites\/4\/2019\/10\/Couverture-site-web.png","datePublished":"2024-03-07T15:20:53+00:00","dateModified":"2025-03-19T14:33:09+00:00","description":"For a special occasion, give the gift of adventure with a gift box filled with excitement: 2.5 hours, 3.5 hours, or a year of adrenaline at the parks","breadcrumb":{"@id":"https:\/\/www.foretadrenaline.com\/saint-pere\/en\/gift-box\/#breadcrumb"},"inLanguage":"en-US","potentialAction":[{"@type":"ReadAction","target":["https:\/\/www.foretadrenaline.com\/saint-pere\/en\/gift-box\/"]}]},{"@type":"ImageObject","inLanguage":"en-US","@id":"https:\/\/www.foretadrenaline.com\/saint-pere\/en\/gift-box\/#primaryimage","url":"https:\/\/www.foretadrenaline.com\/saint-pere\/wp-content\/uploads\/sites\/4\/2019\/10\/Couverture-site-web.png","contentUrl":"https:\/\/www.foretadrenaline.com\/saint-pere\/wp-content\/uploads\/sites\/4\/2019\/10\/Couverture-site-web.png","width":1024,"height":512},{"@type":"BreadcrumbList","@id":"https:\/\/www.foretadrenaline.com\/saint-pere\/en\/gift-box\/#breadcrumb","itemListElement":[{"@type":"ListItem","position":1,"name":"Accueil","item":"https:\/\/www.foretadrenaline.com\/saint-pere\/en\/"},{"@type":"ListItem","position":2,"name":"Gift cards"}]},{"@type":"WebSite","@id":"https:\/\/www.foretadrenaline.com\/saint-pere\/en\/#website","url":"https:\/\/www.foretadrenaline.com\/saint-pere\/en\/","name":"For\u00eat Adr\u00e9naline - Saint-P\u00e8re","description":"Un site utilisant For\u00eat Adr\u00e9naline","potentialAction":[{"@type":"SearchAction","target":{"@type":"EntryPoint","urlTemplate":"https:\/\/www.foretadrenaline.com\/saint-pere\/en\/?s={search_term_string}"},"query-input":{"@type":"PropertyValueSpecification","valueRequired":true,"valueName":"search_term_string"}}],"inLanguage":"en-US"}]}},"_links":{"self":[{"href":"https:\/\/www.foretadrenaline.com\/saint-pere\/en\/wp-json\/wp\/v2\/pages\/5602","targetHints":{"allow":["GET"]}}],"collection":[{"href":"https:\/\/www.foretadrenaline.com\/saint-pere\/en\/wp-json\/wp\/v2\/pages"}],"about":[{"href":"https:\/\/www.foretadrenaline.com\/saint-pere\/en\/wp-json\/wp\/v2\/types\/page"}],"author":[{"embeddable":true,"href":"https:\/\/www.foretadrenaline.com\/saint-pere\/en\/wp-json\/wp\/v2\/users\/2"}],"replies":[{"embeddable":true,"href":"https:\/\/www.foretadrenaline.com\/saint-pere\/en\/wp-json\/wp\/v2\/comments?post=5602"}],"version-history":[{"count":9,"href":"https:\/\/www.foretadrenaline.com\/saint-pere\/en\/wp-json\/wp\/v2\/pages\/5602\/revisions"}],"predecessor-version":[{"id":6205,"href":"https:\/\/www.foretadrenaline.com\/saint-pere\/en\/wp-json\/wp\/v2\/pages\/5602\/revisions\/6205"}],"wp:featuredmedia":[{"embeddable":true,"href":"https:\/\/www.foretadrenaline.com\/saint-pere\/en\/wp-json\/wp\/v2\/media\/1598"}],"wp:attachment":[{"href":"https:\/\/www.foretadrenaline.com\/saint-pere\/en\/wp-json\/wp\/v2\/media?parent=5602"}],"curies":[{"name":"wp","href":"https:\/\/api.w.org\/{rel}","templated":true}]}}