{"id":6978,"date":"2026-04-13T11:40:14","date_gmt":"2026-04-13T09:40:14","guid":{"rendered":"https:\/\/www.foretadrenaline.com\/saint-pere\/?page_id=6978"},"modified":"2026-04-13T11:41:31","modified_gmt":"2026-04-13T09:41:31","slug":"archery-battle-fun-activity-in-brittany","status":"publish","type":"page","link":"https:\/\/www.foretadrenaline.com\/saint-pere\/en\/archery-battle-fun-activity-in-brittany\/","title":{"rendered":"Archery Battle | Fun Activity in Brittany"},"content":{"rendered":"\n<figure class=\"wp-block-gallery has-nested-images columns-default is-cropped wp-block-gallery-1 is-layout-flex wp-block-gallery-is-layout-flex\">\n<figure class=\"wp-block-image size-large\"><img loading=\"lazy\" decoding=\"async\" width=\"769\" height=\"1024\" data-id=\"6873\" src=\"https:\/\/www.foretadrenaline.com\/saint-pere\/wp-content\/uploads\/sites\/4\/2026\/04\/IMG_3990-769x1024.jpg\" alt=\"\" class=\"wp-image-6873\" srcset=\"https:\/\/www.foretadrenaline.com\/saint-pere\/wp-content\/uploads\/sites\/4\/2026\/04\/IMG_3990-769x1024.jpg 769w, https:\/\/www.foretadrenaline.com\/saint-pere\/wp-content\/uploads\/sites\/4\/2026\/04\/IMG_3990-225x300.jpg 225w, https:\/\/www.foretadrenaline.com\/saint-pere\/wp-content\/uploads\/sites\/4\/2026\/04\/IMG_3990-768x1023.jpg 768w, https:\/\/www.foretadrenaline.com\/saint-pere\/wp-content\/uploads\/sites\/4\/2026\/04\/IMG_3990-1153x1536.jpg 1153w, https:\/\/www.foretadrenaline.com\/saint-pere\/wp-content\/uploads\/sites\/4\/2026\/04\/IMG_3990-scaled.jpg 1538w, https:\/\/www.foretadrenaline.com\/saint-pere\/wp-content\/uploads\/sites\/4\/2026\/04\/IMG_3990-1200x1598.jpg 1200w\" sizes=\"auto, (max-width: 769px) 100vw, 769px\" \/><\/figure>\n\n\n\n<figure class=\"wp-block-image size-large\"><img loading=\"lazy\" decoding=\"async\" width=\"1024\" height=\"769\" data-id=\"6875\" src=\"https:\/\/www.foretadrenaline.com\/saint-pere\/wp-content\/uploads\/sites\/4\/2026\/04\/IMG_4013-1024x769.jpg\" alt=\"\" class=\"wp-image-6875\" srcset=\"https:\/\/www.foretadrenaline.com\/saint-pere\/wp-content\/uploads\/sites\/4\/2026\/04\/IMG_4013-1024x769.jpg 1024w, https:\/\/www.foretadrenaline.com\/saint-pere\/wp-content\/uploads\/sites\/4\/2026\/04\/IMG_4013-300x225.jpg 300w, https:\/\/www.foretadrenaline.com\/saint-pere\/wp-content\/uploads\/sites\/4\/2026\/04\/IMG_4013-768x577.jpg 768w, https:\/\/www.foretadrenaline.com\/saint-pere\/wp-content\/uploads\/sites\/4\/2026\/04\/IMG_4013-1536x1153.jpg 1536w, https:\/\/www.foretadrenaline.com\/saint-pere\/wp-content\/uploads\/sites\/4\/2026\/04\/IMG_4013-scaled.jpg 2048w, https:\/\/www.foretadrenaline.com\/saint-pere\/wp-content\/uploads\/sites\/4\/2026\/04\/IMG_4013-1200x901.jpg 1200w\" sizes=\"auto, (max-width: 1024px) 100vw, 1024px\" \/><\/figure>\n\n\n\n<figure class=\"wp-block-image size-large\"><img loading=\"lazy\" decoding=\"async\" width=\"771\" height=\"1024\" data-id=\"6871\" src=\"https:\/\/www.foretadrenaline.com\/saint-pere\/wp-content\/uploads\/sites\/4\/2026\/04\/Archery-Test-Equipe-2-771x1024.jpg\" alt=\"\" class=\"wp-image-6871\" srcset=\"https:\/\/www.foretadrenaline.com\/saint-pere\/wp-content\/uploads\/sites\/4\/2026\/04\/Archery-Test-Equipe-2-771x1024.jpg 771w, https:\/\/www.foretadrenaline.com\/saint-pere\/wp-content\/uploads\/sites\/4\/2026\/04\/Archery-Test-Equipe-2-226x300.jpg 226w, https:\/\/www.foretadrenaline.com\/saint-pere\/wp-content\/uploads\/sites\/4\/2026\/04\/Archery-Test-Equipe-2-768x1020.jpg 768w, https:\/\/www.foretadrenaline.com\/saint-pere\/wp-content\/uploads\/sites\/4\/2026\/04\/Archery-Test-Equipe-2-1157x1536.jpg 1157w, https:\/\/www.foretadrenaline.com\/saint-pere\/wp-content\/uploads\/sites\/4\/2026\/04\/Archery-Test-Equipe-2-scaled.jpg 1542w, https:\/\/www.foretadrenaline.com\/saint-pere\/wp-content\/uploads\/sites\/4\/2026\/04\/Archery-Test-Equipe-2-1200x1594.jpg 1200w\" sizes=\"auto, (max-width: 771px) 100vw, 771px\" \/><\/figure>\n<\/figure>\n\n\n\n<h2 class=\"wp-block-heading\">Archery Battle | Fun Activity in Brittany<\/h2>\n\n\n\n<p><strong>Archery Battle&nbsp;<\/strong>is a fun activity inspired by archery and dodgeball. Players compete in teams using bows and&nbsp;<strong>safe foam-tipped arrows<\/strong>.<\/p>\n\n\n\n<p>The goal is simple: hit your opponents or targets to eliminate the opposing team. This exciting and strategic activity is perfect for&nbsp;<strong>groups of friends, team building events, bachelor parties or birthdays in Morbihan<\/strong>.<\/p>\n\n\n\n<p>Accessible for beginners and experienced players alike, Archery Battle guarantees\u00a0<strong>fun, adrenaline and lots of laughter<\/strong>\u00a0in a friendly atmosphere.<br><br>We offer this activity : <br>-Birthday parties,<br>-Bachelor and bachelorette parties<br>-Groups (scools, youth centers) <br><\/p>\n\n\n\n<div class=\"wp-block-buttons is-content-justification-center is-layout-flex wp-container-core-buttons-is-layout-16018d1d wp-block-buttons-is-layout-flex\">\n<div class=\"wp-block-button\"><a class=\"wp-block-button__link has-cyan-background-color has-background wp-element-button\"><strong>Contact us for more informations<\/strong><\/a><\/div>\n<\/div>\n\n\n\n<figure class=\"wp-block-embed is-type-video is-provider-youtube wp-block-embed-youtube wp-embed-aspect-16-9 wp-has-aspect-ratio\"><div class=\"wp-block-embed__wrapper\">\n<div class=\"video-container youtube\" style=\"padding-bottom: 56.2%;\"><iframe loading=\"lazy\" title=\"ARCHERY TAG ET BATTLE\" width=\"500\" height=\"281\" src=\"https:\/\/www.youtube.com\/embed\/UUYFwz1oB-A?feature=oembed\" frameborder=\"0\" allow=\"accelerometer; autoplay; clipboard-write; encrypted-media; gyroscope; picture-in-picture; web-share\" referrerpolicy=\"strict-origin-when-cross-origin\" allowfullscreen><\/iframe><\/div>\n<\/div><\/figure>\n","protected":false},"excerpt":{"rendered":"<p>Archery Battle | Fun Activity in Brittany Archery Battle&nbsp;is a fun activity inspired by archery and dodgeball. Players compete in teams using bows and&nbsp;safe foam-tipped arrows. The goal is simple: hit your opponents or targets to eliminate the opposing team. This exciting and strategic activity is perfect for&nbsp;groups of friends, team building events, bachelor parties&hellip;<\/p>\n","protected":false},"author":2,"featured_media":6874,"parent":0,"menu_order":0,"comment_status":"closed","ping_status":"closed","template":"","meta":{"_acf_changed":false,"footnotes":""},"class_list":["post-6978","page","type-page","status-publish","has-post-thumbnail","hentry"],"acf":[],"yoast_head":"<!-- This site is optimized with the Yoast SEO plugin v27.4 - https:\/\/yoast.com\/product\/yoast-seo-wordpress\/ -->\n<title>Archery Battle | Fun Activity in Brittany<\/title>\n<meta name=\"description\" content=\"Discover Archery Battle in Corsaire Aventure park Fun group activity in Brittany for families, friends.\" \/>\n<meta name=\"robots\" content=\"index, follow, max-snippet:-1, max-image-preview:large, max-video-preview:-1\" \/>\n<link rel=\"canonical\" href=\"https:\/\/www.foretadrenaline.com\/saint-pere\/en\/archery-battle-fun-activity-in-brittany\/\" \/>\n<meta property=\"og:locale\" content=\"en_US\" \/>\n<meta property=\"og:type\" content=\"article\" \/>\n<meta property=\"og:title\" content=\"Archery Battle | Fun Activity in Brittany\" \/>\n<meta property=\"og:description\" content=\"Discover Archery Battle in Corsaire Aventure park Fun group activity in Brittany for families, friends.\" \/>\n<meta property=\"og:url\" content=\"https:\/\/www.foretadrenaline.com\/saint-pere\/en\/archery-battle-fun-activity-in-brittany\/\" \/>\n<meta property=\"og:site_name\" content=\"For\u00eat Adr\u00e9naline - Saint-P\u00e8re\" \/>\n<meta property=\"article:modified_time\" content=\"2026-04-13T09:41:31+00:00\" \/>\n<meta property=\"og:image\" content=\"https:\/\/www.foretadrenaline.com\/saint-pere\/wp-content\/uploads\/sites\/4\/2026\/04\/IMG_3990-scaled.jpg\" \/>\n\t<meta property=\"og:image:width\" content=\"1538\" \/>\n\t<meta property=\"og:image:height\" content=\"2048\" \/>\n\t<meta property=\"og:image:type\" content=\"image\/jpeg\" \/>\n<meta name=\"twitter:card\" content=\"summary_large_image\" \/>\n<meta name=\"twitter:label1\" content=\"Est. reading time\" \/>\n\t<meta name=\"twitter:data1\" content=\"2 minutes\" \/>\n<script type=\"application\/ld+json\" class=\"yoast-schema-graph\">{\"@context\":\"https:\\\/\\\/schema.org\",\"@graph\":[{\"@type\":\"WebPage\",\"@id\":\"https:\\\/\\\/www.foretadrenaline.com\\\/saint-pere\\\/en\\\/archery-battle-fun-activity-in-brittany\\\/\",\"url\":\"https:\\\/\\\/www.foretadrenaline.com\\\/saint-pere\\\/en\\\/archery-battle-fun-activity-in-brittany\\\/\",\"name\":\"Archery Battle | Fun Activity in Brittany\",\"isPartOf\":{\"@id\":\"https:\\\/\\\/www.foretadrenaline.com\\\/saint-pere\\\/en\\\/#website\"},\"primaryImageOfPage\":{\"@id\":\"https:\\\/\\\/www.foretadrenaline.com\\\/saint-pere\\\/en\\\/archery-battle-fun-activity-in-brittany\\\/#primaryimage\"},\"image\":{\"@id\":\"https:\\\/\\\/www.foretadrenaline.com\\\/saint-pere\\\/en\\\/archery-battle-fun-activity-in-brittany\\\/#primaryimage\"},\"thumbnailUrl\":\"https:\\\/\\\/www.foretadrenaline.com\\\/saint-pere\\\/wp-content\\\/uploads\\\/sites\\\/4\\\/2026\\\/04\\\/IMG_3990-scaled.jpg\",\"datePublished\":\"2026-04-13T09:40:14+00:00\",\"dateModified\":\"2026-04-13T09:41:31+00:00\",\"description\":\"Discover Archery Battle in Corsaire Aventure park Fun group activity in Brittany for families, friends.\",\"breadcrumb\":{\"@id\":\"https:\\\/\\\/www.foretadrenaline.com\\\/saint-pere\\\/en\\\/archery-battle-fun-activity-in-brittany\\\/#breadcrumb\"},\"inLanguage\":\"en-US\",\"potentialAction\":[{\"@type\":\"ReadAction\",\"target\":[\"https:\\\/\\\/www.foretadrenaline.com\\\/saint-pere\\\/en\\\/archery-battle-fun-activity-in-brittany\\\/\"]}]},{\"@type\":\"ImageObject\",\"inLanguage\":\"en-US\",\"@id\":\"https:\\\/\\\/www.foretadrenaline.com\\\/saint-pere\\\/en\\\/archery-battle-fun-activity-in-brittany\\\/#primaryimage\",\"url\":\"https:\\\/\\\/www.foretadrenaline.com\\\/saint-pere\\\/wp-content\\\/uploads\\\/sites\\\/4\\\/2026\\\/04\\\/IMG_3990-scaled.jpg\",\"contentUrl\":\"https:\\\/\\\/www.foretadrenaline.com\\\/saint-pere\\\/wp-content\\\/uploads\\\/sites\\\/4\\\/2026\\\/04\\\/IMG_3990-scaled.jpg\",\"width\":1538,\"height\":2048},{\"@type\":\"BreadcrumbList\",\"@id\":\"https:\\\/\\\/www.foretadrenaline.com\\\/saint-pere\\\/en\\\/archery-battle-fun-activity-in-brittany\\\/#breadcrumb\",\"itemListElement\":[{\"@type\":\"ListItem\",\"position\":1,\"name\":\"Accueil\",\"item\":\"https:\\\/\\\/www.foretadrenaline.com\\\/saint-pere\\\/en\\\/\"},{\"@type\":\"ListItem\",\"position\":2,\"name\":\"Archery Battle | Fun Activity in Brittany\"}]},{\"@type\":\"WebSite\",\"@id\":\"https:\\\/\\\/www.foretadrenaline.com\\\/saint-pere\\\/en\\\/#website\",\"url\":\"https:\\\/\\\/www.foretadrenaline.com\\\/saint-pere\\\/en\\\/\",\"name\":\"For\u00eat Adr\u00e9naline - Saint-P\u00e8re\",\"description\":\"Un site utilisant For\u00eat Adr\u00e9naline\",\"potentialAction\":[{\"@type\":\"SearchAction\",\"target\":{\"@type\":\"EntryPoint\",\"urlTemplate\":\"https:\\\/\\\/www.foretadrenaline.com\\\/saint-pere\\\/en\\\/?s={search_term_string}\"},\"query-input\":{\"@type\":\"PropertyValueSpecification\",\"valueRequired\":true,\"valueName\":\"search_term_string\"}}],\"inLanguage\":\"en-US\"}]}<\/script>\n<!-- \/ Yoast SEO plugin. -->","yoast_head_json":{"title":"Archery Battle | Fun Activity in Brittany","description":"Discover Archery Battle in Corsaire Aventure park Fun group activity in Brittany for families, friends.","robots":{"index":"index","follow":"follow","max-snippet":"max-snippet:-1","max-image-preview":"max-image-preview:large","max-video-preview":"max-video-preview:-1"},"canonical":"https:\/\/www.foretadrenaline.com\/saint-pere\/en\/archery-battle-fun-activity-in-brittany\/","og_locale":"en_US","og_type":"article","og_title":"Archery Battle | Fun Activity in Brittany","og_description":"Discover Archery Battle in Corsaire Aventure park Fun group activity in Brittany for families, friends.","og_url":"https:\/\/www.foretadrenaline.com\/saint-pere\/en\/archery-battle-fun-activity-in-brittany\/","og_site_name":"For\u00eat Adr\u00e9naline - Saint-P\u00e8re","article_modified_time":"2026-04-13T09:41:31+00:00","og_image":[{"width":1538,"height":2048,"url":"https:\/\/www.foretadrenaline.com\/saint-pere\/wp-content\/uploads\/sites\/4\/2026\/04\/IMG_3990-scaled.jpg","type":"image\/jpeg"}],"twitter_card":"summary_large_image","twitter_misc":{"Est. reading time":"2 minutes"},"schema":{"@context":"https:\/\/schema.org","@graph":[{"@type":"WebPage","@id":"https:\/\/www.foretadrenaline.com\/saint-pere\/en\/archery-battle-fun-activity-in-brittany\/","url":"https:\/\/www.foretadrenaline.com\/saint-pere\/en\/archery-battle-fun-activity-in-brittany\/","name":"Archery Battle | Fun Activity in Brittany","isPartOf":{"@id":"https:\/\/www.foretadrenaline.com\/saint-pere\/en\/#website"},"primaryImageOfPage":{"@id":"https:\/\/www.foretadrenaline.com\/saint-pere\/en\/archery-battle-fun-activity-in-brittany\/#primaryimage"},"image":{"@id":"https:\/\/www.foretadrenaline.com\/saint-pere\/en\/archery-battle-fun-activity-in-brittany\/#primaryimage"},"thumbnailUrl":"https:\/\/www.foretadrenaline.com\/saint-pere\/wp-content\/uploads\/sites\/4\/2026\/04\/IMG_3990-scaled.jpg","datePublished":"2026-04-13T09:40:14+00:00","dateModified":"2026-04-13T09:41:31+00:00","description":"Discover Archery Battle in Corsaire Aventure park Fun group activity in Brittany for families, friends.","breadcrumb":{"@id":"https:\/\/www.foretadrenaline.com\/saint-pere\/en\/archery-battle-fun-activity-in-brittany\/#breadcrumb"},"inLanguage":"en-US","potentialAction":[{"@type":"ReadAction","target":["https:\/\/www.foretadrenaline.com\/saint-pere\/en\/archery-battle-fun-activity-in-brittany\/"]}]},{"@type":"ImageObject","inLanguage":"en-US","@id":"https:\/\/www.foretadrenaline.com\/saint-pere\/en\/archery-battle-fun-activity-in-brittany\/#primaryimage","url":"https:\/\/www.foretadrenaline.com\/saint-pere\/wp-content\/uploads\/sites\/4\/2026\/04\/IMG_3990-scaled.jpg","contentUrl":"https:\/\/www.foretadrenaline.com\/saint-pere\/wp-content\/uploads\/sites\/4\/2026\/04\/IMG_3990-scaled.jpg","width":1538,"height":2048},{"@type":"BreadcrumbList","@id":"https:\/\/www.foretadrenaline.com\/saint-pere\/en\/archery-battle-fun-activity-in-brittany\/#breadcrumb","itemListElement":[{"@type":"ListItem","position":1,"name":"Accueil","item":"https:\/\/www.foretadrenaline.com\/saint-pere\/en\/"},{"@type":"ListItem","position":2,"name":"Archery Battle | Fun Activity in Brittany"}]},{"@type":"WebSite","@id":"https:\/\/www.foretadrenaline.com\/saint-pere\/en\/#website","url":"https:\/\/www.foretadrenaline.com\/saint-pere\/en\/","name":"For\u00eat Adr\u00e9naline - Saint-P\u00e8re","description":"Un site utilisant For\u00eat Adr\u00e9naline","potentialAction":[{"@type":"SearchAction","target":{"@type":"EntryPoint","urlTemplate":"https:\/\/www.foretadrenaline.com\/saint-pere\/en\/?s={search_term_string}"},"query-input":{"@type":"PropertyValueSpecification","valueRequired":true,"valueName":"search_term_string"}}],"inLanguage":"en-US"}]}},"_links":{"self":[{"href":"https:\/\/www.foretadrenaline.com\/saint-pere\/en\/wp-json\/wp\/v2\/pages\/6978","targetHints":{"allow":["GET"]}}],"collection":[{"href":"https:\/\/www.foretadrenaline.com\/saint-pere\/en\/wp-json\/wp\/v2\/pages"}],"about":[{"href":"https:\/\/www.foretadrenaline.com\/saint-pere\/en\/wp-json\/wp\/v2\/types\/page"}],"author":[{"embeddable":true,"href":"https:\/\/www.foretadrenaline.com\/saint-pere\/en\/wp-json\/wp\/v2\/users\/2"}],"replies":[{"embeddable":true,"href":"https:\/\/www.foretadrenaline.com\/saint-pere\/en\/wp-json\/wp\/v2\/comments?post=6978"}],"version-history":[{"count":1,"href":"https:\/\/www.foretadrenaline.com\/saint-pere\/en\/wp-json\/wp\/v2\/pages\/6978\/revisions"}],"predecessor-version":[{"id":6979,"href":"https:\/\/www.foretadrenaline.com\/saint-pere\/en\/wp-json\/wp\/v2\/pages\/6978\/revisions\/6979"}],"wp:featuredmedia":[{"embeddable":true,"href":"https:\/\/www.foretadrenaline.com\/saint-pere\/en\/wp-json\/wp\/v2\/media\/6874"}],"wp:attachment":[{"href":"https:\/\/www.foretadrenaline.com\/saint-pere\/en\/wp-json\/wp\/v2\/media?parent=6978"}],"curies":[{"name":"wp","href":"https:\/\/api.w.org\/{rel}","templated":true}]}}