{"id":6981,"date":"2026-04-13T11:46:11","date_gmt":"2026-04-13T09:46:11","guid":{"rendered":"https:\/\/www.foretadrenaline.com\/saint-pere\/?page_id=6981"},"modified":"2026-04-13T11:47:12","modified_gmt":"2026-04-13T09:47:12","slug":"treasure-hunt","status":"publish","type":"page","link":"https:\/\/www.foretadrenaline.com\/saint-pere\/en\/treasure-hunt\/","title":{"rendered":"Treasure Hunt"},"content":{"rendered":"\n<figure class=\"wp-block-gallery has-nested-images columns-default is-cropped wp-block-gallery-1 is-layout-flex wp-block-gallery-is-layout-flex\">\n<figure class=\"wp-block-image size-large\"><img loading=\"lazy\" decoding=\"async\" width=\"683\" height=\"1024\" data-id=\"6664\" src=\"https:\/\/www.foretadrenaline.com\/saint-pere\/wp-content\/uploads\/sites\/4\/2026\/02\/CORSAIREAVENTURE125-683x1024.jpg\" alt=\"\" class=\"wp-image-6664\" srcset=\"https:\/\/www.foretadrenaline.com\/saint-pere\/wp-content\/uploads\/sites\/4\/2026\/02\/CORSAIREAVENTURE125-683x1024.jpg 683w, https:\/\/www.foretadrenaline.com\/saint-pere\/wp-content\/uploads\/sites\/4\/2026\/02\/CORSAIREAVENTURE125-200x300.jpg 200w, https:\/\/www.foretadrenaline.com\/saint-pere\/wp-content\/uploads\/sites\/4\/2026\/02\/CORSAIREAVENTURE125-768x1152.jpg 768w, https:\/\/www.foretadrenaline.com\/saint-pere\/wp-content\/uploads\/sites\/4\/2026\/02\/CORSAIREAVENTURE125-1024x1536.jpg 1024w, https:\/\/www.foretadrenaline.com\/saint-pere\/wp-content\/uploads\/sites\/4\/2026\/02\/CORSAIREAVENTURE125-scaled.jpg 1365w, https:\/\/www.foretadrenaline.com\/saint-pere\/wp-content\/uploads\/sites\/4\/2026\/02\/CORSAIREAVENTURE125-1200x1800.jpg 1200w\" sizes=\"auto, (max-width: 683px) 100vw, 683px\" \/><\/figure>\n\n\n\n<figure class=\"wp-block-image size-large\"><img loading=\"lazy\" decoding=\"async\" width=\"683\" height=\"1024\" data-id=\"6638\" src=\"https:\/\/www.foretadrenaline.com\/saint-pere\/wp-content\/uploads\/sites\/4\/2026\/02\/CORSAIREAVENTURE121-683x1024.jpg\" alt=\"\" class=\"wp-image-6638\" srcset=\"https:\/\/www.foretadrenaline.com\/saint-pere\/wp-content\/uploads\/sites\/4\/2026\/02\/CORSAIREAVENTURE121-683x1024.jpg 683w, https:\/\/www.foretadrenaline.com\/saint-pere\/wp-content\/uploads\/sites\/4\/2026\/02\/CORSAIREAVENTURE121-200x300.jpg 200w, https:\/\/www.foretadrenaline.com\/saint-pere\/wp-content\/uploads\/sites\/4\/2026\/02\/CORSAIREAVENTURE121-768x1152.jpg 768w, https:\/\/www.foretadrenaline.com\/saint-pere\/wp-content\/uploads\/sites\/4\/2026\/02\/CORSAIREAVENTURE121-1024x1536.jpg 1024w, https:\/\/www.foretadrenaline.com\/saint-pere\/wp-content\/uploads\/sites\/4\/2026\/02\/CORSAIREAVENTURE121-scaled.jpg 1365w, https:\/\/www.foretadrenaline.com\/saint-pere\/wp-content\/uploads\/sites\/4\/2026\/02\/CORSAIREAVENTURE121-1200x1800.jpg 1200w\" sizes=\"auto, (max-width: 683px) 100vw, 683px\" \/><\/figure>\n\n\n\n<figure class=\"wp-block-image size-large\"><img loading=\"lazy\" decoding=\"async\" width=\"683\" height=\"1024\" data-id=\"4718\" src=\"https:\/\/www.foretadrenaline.com\/saint-pere\/wp-content\/uploads\/sites\/4\/2023\/05\/IMG_9034-683x1024.jpg\" alt=\"\" class=\"wp-image-4718\" srcset=\"https:\/\/www.foretadrenaline.com\/saint-pere\/wp-content\/uploads\/sites\/4\/2023\/05\/IMG_9034-683x1024.jpg 683w, https:\/\/www.foretadrenaline.com\/saint-pere\/wp-content\/uploads\/sites\/4\/2023\/05\/IMG_9034-200x300.jpg 200w, https:\/\/www.foretadrenaline.com\/saint-pere\/wp-content\/uploads\/sites\/4\/2023\/05\/IMG_9034-768x1152.jpg 768w, https:\/\/www.foretadrenaline.com\/saint-pere\/wp-content\/uploads\/sites\/4\/2023\/05\/IMG_9034-1024x1536.jpg 1024w, https:\/\/www.foretadrenaline.com\/saint-pere\/wp-content\/uploads\/sites\/4\/2023\/05\/IMG_9034-scaled.jpg 1365w, https:\/\/www.foretadrenaline.com\/saint-pere\/wp-content\/uploads\/sites\/4\/2023\/05\/IMG_9034-1200x1800.jpg 1200w\" sizes=\"auto, (max-width: 683px) 100vw, 683px\" \/><\/figure>\n<\/figure>\n\n\n\n<p>Ahoy adventurers! Captain Jacques needs you!<\/p>\n\n\n\n<p>Embark on a quest to find Captain Jacques\u2019 crew and help him rebuild his ship through our Treasure Hunt (no dressing up, no safety briefing, and no departure schedule)!<\/p>\n\n\n\n<p>A beautiful and unique adventure both on land and in the air! The mythical world of privateers and pirates awaits you once again\u2026<br><br>You can do this activity with a Tramp\u00d4forest entry <\/p>\n\n\n\n<figure class=\"wp-block-embed is-type-video is-provider-youtube wp-block-embed-youtube wp-embed-aspect-16-9 wp-has-aspect-ratio\"><div class=\"wp-block-embed__wrapper\">\n<div class=\"video-container youtube\" style=\"padding-bottom: 56.2%;\"><iframe loading=\"lazy\" title=\"Chasse au Tr\u00e9sor - Corsaire\" width=\"500\" height=\"281\" src=\"https:\/\/www.youtube.com\/embed\/QloR-L0mFT0?feature=oembed\" frameborder=\"0\" allow=\"accelerometer; autoplay; clipboard-write; encrypted-media; gyroscope; picture-in-picture; web-share\" referrerpolicy=\"strict-origin-when-cross-origin\" allowfullscreen><\/iframe><\/div>\n<\/div><\/figure>\n","protected":false},"excerpt":{"rendered":"<p>Ahoy adventurers! Captain Jacques needs you! Embark on a quest to find Captain Jacques\u2019 crew and help him rebuild his ship through our Treasure Hunt (no dressing up, no safety briefing, and no departure schedule)! A beautiful and unique adventure both on land and in the air! The mythical world of privateers and pirates awaits&hellip;<\/p>\n","protected":false},"author":2,"featured_media":3656,"parent":0,"menu_order":0,"comment_status":"closed","ping_status":"closed","template":"","meta":{"_acf_changed":false,"footnotes":""},"class_list":["post-6981","page","type-page","status-publish","has-post-thumbnail","hentry"],"acf":[],"yoast_head":"<!-- This site is optimized with the Yoast SEO plugin v27.4 - https:\/\/yoast.com\/product\/yoast-seo-wordpress\/ -->\n<title>Treasure Hunt<\/title>\n<meta name=\"description\" content=\"Treasure Hunt : Captain Jack needs your help ! Help him to Find his boat in a ludic adventure\" \/>\n<meta name=\"robots\" content=\"index, follow, max-snippet:-1, max-image-preview:large, max-video-preview:-1\" \/>\n<link rel=\"canonical\" href=\"https:\/\/www.foretadrenaline.com\/saint-pere\/en\/treasure-hunt\/\" \/>\n<meta property=\"og:locale\" content=\"en_US\" \/>\n<meta property=\"og:type\" content=\"article\" \/>\n<meta property=\"og:title\" content=\"Treasure Hunt\" \/>\n<meta property=\"og:description\" content=\"Treasure Hunt : Captain Jack needs your help ! Help him to Find his boat in a ludic adventure\" \/>\n<meta property=\"og:url\" content=\"https:\/\/www.foretadrenaline.com\/saint-pere\/en\/treasure-hunt\/\" \/>\n<meta property=\"og:site_name\" content=\"For\u00eat Adr\u00e9naline - Saint-P\u00e8re\" \/>\n<meta property=\"article:modified_time\" content=\"2026-04-13T09:47:12+00:00\" \/>\n<meta property=\"og:image\" content=\"https:\/\/www.foretadrenaline.com\/saint-pere\/wp-content\/uploads\/sites\/4\/2022\/03\/Corsaire-Aventure-Panneau-CAT-@Imadgin-scaled.jpg\" \/>\n\t<meta property=\"og:image:width\" content=\"2048\" \/>\n\t<meta property=\"og:image:height\" content=\"1365\" \/>\n\t<meta property=\"og:image:type\" content=\"image\/jpeg\" \/>\n<meta name=\"twitter:card\" content=\"summary_large_image\" \/>\n<meta name=\"twitter:label1\" content=\"Est. reading time\" \/>\n\t<meta name=\"twitter:data1\" content=\"1 minute\" \/>\n<script type=\"application\/ld+json\" class=\"yoast-schema-graph\">{\"@context\":\"https:\\\/\\\/schema.org\",\"@graph\":[{\"@type\":\"WebPage\",\"@id\":\"https:\\\/\\\/www.foretadrenaline.com\\\/saint-pere\\\/en\\\/treasure-hunt\\\/\",\"url\":\"https:\\\/\\\/www.foretadrenaline.com\\\/saint-pere\\\/en\\\/treasure-hunt\\\/\",\"name\":\"Treasure Hunt\",\"isPartOf\":{\"@id\":\"https:\\\/\\\/www.foretadrenaline.com\\\/saint-pere\\\/en\\\/#website\"},\"primaryImageOfPage\":{\"@id\":\"https:\\\/\\\/www.foretadrenaline.com\\\/saint-pere\\\/en\\\/treasure-hunt\\\/#primaryimage\"},\"image\":{\"@id\":\"https:\\\/\\\/www.foretadrenaline.com\\\/saint-pere\\\/en\\\/treasure-hunt\\\/#primaryimage\"},\"thumbnailUrl\":\"https:\\\/\\\/www.foretadrenaline.com\\\/saint-pere\\\/wp-content\\\/uploads\\\/sites\\\/4\\\/2022\\\/03\\\/Corsaire-Aventure-Panneau-CAT-@Imadgin-scaled.jpg\",\"datePublished\":\"2026-04-13T09:46:11+00:00\",\"dateModified\":\"2026-04-13T09:47:12+00:00\",\"description\":\"Treasure Hunt : Captain Jack needs your help ! Help him to Find his boat in a ludic adventure\",\"breadcrumb\":{\"@id\":\"https:\\\/\\\/www.foretadrenaline.com\\\/saint-pere\\\/en\\\/treasure-hunt\\\/#breadcrumb\"},\"inLanguage\":\"en-US\",\"potentialAction\":[{\"@type\":\"ReadAction\",\"target\":[\"https:\\\/\\\/www.foretadrenaline.com\\\/saint-pere\\\/en\\\/treasure-hunt\\\/\"]}]},{\"@type\":\"ImageObject\",\"inLanguage\":\"en-US\",\"@id\":\"https:\\\/\\\/www.foretadrenaline.com\\\/saint-pere\\\/en\\\/treasure-hunt\\\/#primaryimage\",\"url\":\"https:\\\/\\\/www.foretadrenaline.com\\\/saint-pere\\\/wp-content\\\/uploads\\\/sites\\\/4\\\/2022\\\/03\\\/Corsaire-Aventure-Panneau-CAT-@Imadgin-scaled.jpg\",\"contentUrl\":\"https:\\\/\\\/www.foretadrenaline.com\\\/saint-pere\\\/wp-content\\\/uploads\\\/sites\\\/4\\\/2022\\\/03\\\/Corsaire-Aventure-Panneau-CAT-@Imadgin-scaled.jpg\",\"width\":2048,\"height\":1365,\"caption\":\"Panneau CAT\"},{\"@type\":\"BreadcrumbList\",\"@id\":\"https:\\\/\\\/www.foretadrenaline.com\\\/saint-pere\\\/en\\\/treasure-hunt\\\/#breadcrumb\",\"itemListElement\":[{\"@type\":\"ListItem\",\"position\":1,\"name\":\"Accueil\",\"item\":\"https:\\\/\\\/www.foretadrenaline.com\\\/saint-pere\\\/en\\\/\"},{\"@type\":\"ListItem\",\"position\":2,\"name\":\"Treasure Hunt\"}]},{\"@type\":\"WebSite\",\"@id\":\"https:\\\/\\\/www.foretadrenaline.com\\\/saint-pere\\\/en\\\/#website\",\"url\":\"https:\\\/\\\/www.foretadrenaline.com\\\/saint-pere\\\/en\\\/\",\"name\":\"For\u00eat Adr\u00e9naline - Saint-P\u00e8re\",\"description\":\"Un site utilisant For\u00eat Adr\u00e9naline\",\"potentialAction\":[{\"@type\":\"SearchAction\",\"target\":{\"@type\":\"EntryPoint\",\"urlTemplate\":\"https:\\\/\\\/www.foretadrenaline.com\\\/saint-pere\\\/en\\\/?s={search_term_string}\"},\"query-input\":{\"@type\":\"PropertyValueSpecification\",\"valueRequired\":true,\"valueName\":\"search_term_string\"}}],\"inLanguage\":\"en-US\"}]}<\/script>\n<!-- \/ Yoast SEO plugin. -->","yoast_head_json":{"title":"Treasure Hunt","description":"Treasure Hunt : Captain Jack needs your help ! Help him to Find his boat in a ludic adventure","robots":{"index":"index","follow":"follow","max-snippet":"max-snippet:-1","max-image-preview":"max-image-preview:large","max-video-preview":"max-video-preview:-1"},"canonical":"https:\/\/www.foretadrenaline.com\/saint-pere\/en\/treasure-hunt\/","og_locale":"en_US","og_type":"article","og_title":"Treasure Hunt","og_description":"Treasure Hunt : Captain Jack needs your help ! Help him to Find his boat in a ludic adventure","og_url":"https:\/\/www.foretadrenaline.com\/saint-pere\/en\/treasure-hunt\/","og_site_name":"For\u00eat Adr\u00e9naline - Saint-P\u00e8re","article_modified_time":"2026-04-13T09:47:12+00:00","og_image":[{"width":2048,"height":1365,"url":"https:\/\/www.foretadrenaline.com\/saint-pere\/wp-content\/uploads\/sites\/4\/2022\/03\/Corsaire-Aventure-Panneau-CAT-@Imadgin-scaled.jpg","type":"image\/jpeg"}],"twitter_card":"summary_large_image","twitter_misc":{"Est. reading time":"1 minute"},"schema":{"@context":"https:\/\/schema.org","@graph":[{"@type":"WebPage","@id":"https:\/\/www.foretadrenaline.com\/saint-pere\/en\/treasure-hunt\/","url":"https:\/\/www.foretadrenaline.com\/saint-pere\/en\/treasure-hunt\/","name":"Treasure Hunt","isPartOf":{"@id":"https:\/\/www.foretadrenaline.com\/saint-pere\/en\/#website"},"primaryImageOfPage":{"@id":"https:\/\/www.foretadrenaline.com\/saint-pere\/en\/treasure-hunt\/#primaryimage"},"image":{"@id":"https:\/\/www.foretadrenaline.com\/saint-pere\/en\/treasure-hunt\/#primaryimage"},"thumbnailUrl":"https:\/\/www.foretadrenaline.com\/saint-pere\/wp-content\/uploads\/sites\/4\/2022\/03\/Corsaire-Aventure-Panneau-CAT-@Imadgin-scaled.jpg","datePublished":"2026-04-13T09:46:11+00:00","dateModified":"2026-04-13T09:47:12+00:00","description":"Treasure Hunt : Captain Jack needs your help ! Help him to Find his boat in a ludic adventure","breadcrumb":{"@id":"https:\/\/www.foretadrenaline.com\/saint-pere\/en\/treasure-hunt\/#breadcrumb"},"inLanguage":"en-US","potentialAction":[{"@type":"ReadAction","target":["https:\/\/www.foretadrenaline.com\/saint-pere\/en\/treasure-hunt\/"]}]},{"@type":"ImageObject","inLanguage":"en-US","@id":"https:\/\/www.foretadrenaline.com\/saint-pere\/en\/treasure-hunt\/#primaryimage","url":"https:\/\/www.foretadrenaline.com\/saint-pere\/wp-content\/uploads\/sites\/4\/2022\/03\/Corsaire-Aventure-Panneau-CAT-@Imadgin-scaled.jpg","contentUrl":"https:\/\/www.foretadrenaline.com\/saint-pere\/wp-content\/uploads\/sites\/4\/2022\/03\/Corsaire-Aventure-Panneau-CAT-@Imadgin-scaled.jpg","width":2048,"height":1365,"caption":"Panneau CAT"},{"@type":"BreadcrumbList","@id":"https:\/\/www.foretadrenaline.com\/saint-pere\/en\/treasure-hunt\/#breadcrumb","itemListElement":[{"@type":"ListItem","position":1,"name":"Accueil","item":"https:\/\/www.foretadrenaline.com\/saint-pere\/en\/"},{"@type":"ListItem","position":2,"name":"Treasure Hunt"}]},{"@type":"WebSite","@id":"https:\/\/www.foretadrenaline.com\/saint-pere\/en\/#website","url":"https:\/\/www.foretadrenaline.com\/saint-pere\/en\/","name":"For\u00eat Adr\u00e9naline - Saint-P\u00e8re","description":"Un site utilisant For\u00eat Adr\u00e9naline","potentialAction":[{"@type":"SearchAction","target":{"@type":"EntryPoint","urlTemplate":"https:\/\/www.foretadrenaline.com\/saint-pere\/en\/?s={search_term_string}"},"query-input":{"@type":"PropertyValueSpecification","valueRequired":true,"valueName":"search_term_string"}}],"inLanguage":"en-US"}]}},"_links":{"self":[{"href":"https:\/\/www.foretadrenaline.com\/saint-pere\/en\/wp-json\/wp\/v2\/pages\/6981","targetHints":{"allow":["GET"]}}],"collection":[{"href":"https:\/\/www.foretadrenaline.com\/saint-pere\/en\/wp-json\/wp\/v2\/pages"}],"about":[{"href":"https:\/\/www.foretadrenaline.com\/saint-pere\/en\/wp-json\/wp\/v2\/types\/page"}],"author":[{"embeddable":true,"href":"https:\/\/www.foretadrenaline.com\/saint-pere\/en\/wp-json\/wp\/v2\/users\/2"}],"replies":[{"embeddable":true,"href":"https:\/\/www.foretadrenaline.com\/saint-pere\/en\/wp-json\/wp\/v2\/comments?post=6981"}],"version-history":[{"count":1,"href":"https:\/\/www.foretadrenaline.com\/saint-pere\/en\/wp-json\/wp\/v2\/pages\/6981\/revisions"}],"predecessor-version":[{"id":6983,"href":"https:\/\/www.foretadrenaline.com\/saint-pere\/en\/wp-json\/wp\/v2\/pages\/6981\/revisions\/6983"}],"wp:featuredmedia":[{"embeddable":true,"href":"https:\/\/www.foretadrenaline.com\/saint-pere\/en\/wp-json\/wp\/v2\/media\/3656"}],"wp:attachment":[{"href":"https:\/\/www.foretadrenaline.com\/saint-pere\/en\/wp-json\/wp\/v2\/media?parent=6981"}],"curies":[{"name":"wp","href":"https:\/\/api.w.org\/{rel}","templated":true}]}}