{"id":6985,"date":"2026-04-13T11:50:53","date_gmt":"2026-04-13T09:50:53","guid":{"rendered":"https:\/\/www.foretadrenaline.com\/saint-pere\/?page_id=6985"},"modified":"2026-04-13T11:54:31","modified_gmt":"2026-04-13T09:54:31","slug":"nature-walk","status":"publish","type":"page","link":"https:\/\/www.foretadrenaline.com\/saint-pere\/en\/nature-walk\/","title":{"rendered":"Nature walk"},"content":{"rendered":"\n<h2 class=\"wp-block-heading\"><br>The Nature walk of Kandouta<\/h2>\n\n\n\n<figure class=\"wp-block-gallery has-nested-images columns-default is-cropped wp-block-gallery-1 is-layout-flex wp-block-gallery-is-layout-flex\">\n<figure class=\"wp-block-image size-large\"><img loading=\"lazy\" decoding=\"async\" width=\"300\" height=\"300\" data-id=\"6852\" src=\"https:\/\/www.foretadrenaline.com\/saint-pere\/wp-content\/uploads\/sites\/4\/2026\/04\/kandouta-e1661686643689.jpg\" alt=\"\" class=\"wp-image-6852\" srcset=\"https:\/\/www.foretadrenaline.com\/saint-pere\/wp-content\/uploads\/sites\/4\/2026\/04\/kandouta-e1661686643689.jpg 300w, https:\/\/www.foretadrenaline.com\/saint-pere\/wp-content\/uploads\/sites\/4\/2026\/04\/kandouta-e1661686643689-150x150.jpg 150w, https:\/\/www.foretadrenaline.com\/saint-pere\/wp-content\/uploads\/sites\/4\/2026\/04\/kandouta-e1661686643689-263x263.jpg 263w, https:\/\/www.foretadrenaline.com\/saint-pere\/wp-content\/uploads\/sites\/4\/2026\/04\/kandouta-e1661686643689-180x180.jpg 180w\" sizes=\"auto, (max-width: 300px) 100vw, 300px\" \/><figcaption class=\"wp-element-caption\">CREATOR: gd-jpeg v1.0 (using IJG JPEG v80), quality = 100<\/figcaption><\/figure>\n\n\n\n<figure class=\"wp-block-image size-large\"><img loading=\"lazy\" decoding=\"async\" width=\"1024\" height=\"1024\" data-id=\"6924\" src=\"https:\/\/www.foretadrenaline.com\/saint-pere\/wp-content\/uploads\/sites\/4\/2026\/04\/IMG-32-sur-90-edited-1024x1024.jpg\" alt=\"\" class=\"wp-image-6924\" srcset=\"https:\/\/www.foretadrenaline.com\/saint-pere\/wp-content\/uploads\/sites\/4\/2026\/04\/IMG-32-sur-90-edited-1024x1024.jpg 1024w, https:\/\/www.foretadrenaline.com\/saint-pere\/wp-content\/uploads\/sites\/4\/2026\/04\/IMG-32-sur-90-edited-300x300.jpg 300w, https:\/\/www.foretadrenaline.com\/saint-pere\/wp-content\/uploads\/sites\/4\/2026\/04\/IMG-32-sur-90-edited-150x150.jpg 150w, https:\/\/www.foretadrenaline.com\/saint-pere\/wp-content\/uploads\/sites\/4\/2026\/04\/IMG-32-sur-90-edited-768x768.jpg 768w, https:\/\/www.foretadrenaline.com\/saint-pere\/wp-content\/uploads\/sites\/4\/2026\/04\/IMG-32-sur-90-edited-1536x1536.jpg 1536w, https:\/\/www.foretadrenaline.com\/saint-pere\/wp-content\/uploads\/sites\/4\/2026\/04\/IMG-32-sur-90-edited-scaled.jpg 2048w, https:\/\/www.foretadrenaline.com\/saint-pere\/wp-content\/uploads\/sites\/4\/2026\/04\/IMG-32-sur-90-edited-263x263.jpg 263w, https:\/\/www.foretadrenaline.com\/saint-pere\/wp-content\/uploads\/sites\/4\/2026\/04\/IMG-32-sur-90-edited-570x570.jpg 570w, https:\/\/www.foretadrenaline.com\/saint-pere\/wp-content\/uploads\/sites\/4\/2026\/04\/IMG-32-sur-90-edited-180x180.jpg 180w, https:\/\/www.foretadrenaline.com\/saint-pere\/wp-content\/uploads\/sites\/4\/2026\/04\/IMG-32-sur-90-edited-1200x1201.jpg 1200w\" sizes=\"auto, (max-width: 1024px) 100vw, 1024px\" \/><\/figure>\n\n\n\n<figure class=\"wp-block-image size-large\"><img loading=\"lazy\" decoding=\"async\" width=\"683\" height=\"1024\" data-id=\"6652\" src=\"https:\/\/www.foretadrenaline.com\/saint-pere\/wp-content\/uploads\/sites\/4\/2026\/02\/CORSAIREAVENTURE020-683x1024.jpg\" alt=\"\" class=\"wp-image-6652\" srcset=\"https:\/\/www.foretadrenaline.com\/saint-pere\/wp-content\/uploads\/sites\/4\/2026\/02\/CORSAIREAVENTURE020-683x1024.jpg 683w, https:\/\/www.foretadrenaline.com\/saint-pere\/wp-content\/uploads\/sites\/4\/2026\/02\/CORSAIREAVENTURE020-200x300.jpg 200w, https:\/\/www.foretadrenaline.com\/saint-pere\/wp-content\/uploads\/sites\/4\/2026\/02\/CORSAIREAVENTURE020-768x1152.jpg 768w, https:\/\/www.foretadrenaline.com\/saint-pere\/wp-content\/uploads\/sites\/4\/2026\/02\/CORSAIREAVENTURE020-1024x1536.jpg 1024w, https:\/\/www.foretadrenaline.com\/saint-pere\/wp-content\/uploads\/sites\/4\/2026\/02\/CORSAIREAVENTURE020-scaled.jpg 1365w, https:\/\/www.foretadrenaline.com\/saint-pere\/wp-content\/uploads\/sites\/4\/2026\/02\/CORSAIREAVENTURE020-1200x1800.jpg 1200w\" sizes=\"auto, (max-width: 683px) 100vw, 683px\" \/><\/figure>\n<\/figure>\n\n\n\n<p>In the heart of the park, join Kandouta who needs your help to find his friends. A playful journey where the little ones will discover awakening and sensory activities; accompanied by an adult. The nature walk is organized around 8 ground workshops to discover independently.<\/p>\n\n\n\n<p>You can do this activity with a Pitchoun entry <\/p>\n","protected":false},"excerpt":{"rendered":"<p>The Nature walk of Kandouta In the heart of the park, join Kandouta who needs your help to find his friends. A playful journey where the little ones will discover awakening and sensory activities; accompanied by an adult. The nature walk is organized around 8 ground workshops to discover independently. You can do this activity&hellip;<\/p>\n","protected":false},"author":2,"featured_media":6852,"parent":0,"menu_order":0,"comment_status":"closed","ping_status":"closed","template":"","meta":{"_acf_changed":false,"footnotes":""},"class_list":["post-6985","page","type-page","status-publish","has-post-thumbnail","hentry"],"acf":[],"yoast_head":"<!-- This site is optimized with the Yoast SEO plugin v27.4 - https:\/\/yoast.com\/product\/yoast-seo-wordpress\/ -->\n<title>Nature walk<\/title>\n<meta name=\"description\" content=\"Nature walk : With a Pitchoun entry, help Kandouta to find his home and his friends ! Enjoy this ludic game in Corsaire aventure park !\" \/>\n<meta name=\"robots\" content=\"index, follow, max-snippet:-1, max-image-preview:large, max-video-preview:-1\" \/>\n<link rel=\"canonical\" href=\"https:\/\/www.foretadrenaline.com\/saint-pere\/en\/nature-walk\/\" \/>\n<meta property=\"og:locale\" content=\"en_US\" \/>\n<meta property=\"og:type\" content=\"article\" \/>\n<meta property=\"og:title\" content=\"Nature walk\" \/>\n<meta property=\"og:description\" content=\"Nature walk : With a Pitchoun entry, help Kandouta to find his home and his friends ! Enjoy this ludic game in Corsaire aventure park !\" \/>\n<meta property=\"og:url\" content=\"https:\/\/www.foretadrenaline.com\/saint-pere\/en\/nature-walk\/\" \/>\n<meta property=\"og:site_name\" content=\"For\u00eat Adr\u00e9naline - Saint-P\u00e8re\" \/>\n<meta property=\"article:modified_time\" content=\"2026-04-13T09:54:31+00:00\" \/>\n<meta property=\"og:image\" content=\"https:\/\/www.foretadrenaline.com\/saint-pere\/wp-content\/uploads\/sites\/4\/2026\/04\/kandouta-e1661686643689.jpg\" \/>\n\t<meta property=\"og:image:width\" content=\"300\" \/>\n\t<meta property=\"og:image:height\" content=\"300\" \/>\n\t<meta property=\"og:image:type\" content=\"image\/jpeg\" \/>\n<meta name=\"twitter:card\" content=\"summary_large_image\" \/>\n<meta name=\"twitter:label1\" content=\"Est. reading time\" \/>\n\t<meta name=\"twitter:data1\" content=\"1 minute\" \/>\n<script type=\"application\/ld+json\" class=\"yoast-schema-graph\">{\"@context\":\"https:\\\/\\\/schema.org\",\"@graph\":[{\"@type\":\"WebPage\",\"@id\":\"https:\\\/\\\/www.foretadrenaline.com\\\/saint-pere\\\/en\\\/nature-walk\\\/\",\"url\":\"https:\\\/\\\/www.foretadrenaline.com\\\/saint-pere\\\/en\\\/nature-walk\\\/\",\"name\":\"Nature walk\",\"isPartOf\":{\"@id\":\"https:\\\/\\\/www.foretadrenaline.com\\\/saint-pere\\\/en\\\/#website\"},\"primaryImageOfPage\":{\"@id\":\"https:\\\/\\\/www.foretadrenaline.com\\\/saint-pere\\\/en\\\/nature-walk\\\/#primaryimage\"},\"image\":{\"@id\":\"https:\\\/\\\/www.foretadrenaline.com\\\/saint-pere\\\/en\\\/nature-walk\\\/#primaryimage\"},\"thumbnailUrl\":\"https:\\\/\\\/www.foretadrenaline.com\\\/saint-pere\\\/wp-content\\\/uploads\\\/sites\\\/4\\\/2026\\\/04\\\/kandouta-e1661686643689.jpg\",\"datePublished\":\"2026-04-13T09:50:53+00:00\",\"dateModified\":\"2026-04-13T09:54:31+00:00\",\"description\":\"Nature walk : With a Pitchoun entry, help Kandouta to find his home and his friends ! Enjoy this ludic game in Corsaire aventure park !\",\"breadcrumb\":{\"@id\":\"https:\\\/\\\/www.foretadrenaline.com\\\/saint-pere\\\/en\\\/nature-walk\\\/#breadcrumb\"},\"inLanguage\":\"en-US\",\"potentialAction\":[{\"@type\":\"ReadAction\",\"target\":[\"https:\\\/\\\/www.foretadrenaline.com\\\/saint-pere\\\/en\\\/nature-walk\\\/\"]}]},{\"@type\":\"ImageObject\",\"inLanguage\":\"en-US\",\"@id\":\"https:\\\/\\\/www.foretadrenaline.com\\\/saint-pere\\\/en\\\/nature-walk\\\/#primaryimage\",\"url\":\"https:\\\/\\\/www.foretadrenaline.com\\\/saint-pere\\\/wp-content\\\/uploads\\\/sites\\\/4\\\/2026\\\/04\\\/kandouta-e1661686643689.jpg\",\"contentUrl\":\"https:\\\/\\\/www.foretadrenaline.com\\\/saint-pere\\\/wp-content\\\/uploads\\\/sites\\\/4\\\/2026\\\/04\\\/kandouta-e1661686643689.jpg\",\"width\":300,\"height\":300,\"caption\":\"CREATOR: gd-jpeg v1.0 (using IJG JPEG v80), quality = 100\"},{\"@type\":\"BreadcrumbList\",\"@id\":\"https:\\\/\\\/www.foretadrenaline.com\\\/saint-pere\\\/en\\\/nature-walk\\\/#breadcrumb\",\"itemListElement\":[{\"@type\":\"ListItem\",\"position\":1,\"name\":\"Accueil\",\"item\":\"https:\\\/\\\/www.foretadrenaline.com\\\/saint-pere\\\/en\\\/\"},{\"@type\":\"ListItem\",\"position\":2,\"name\":\"Nature walk\"}]},{\"@type\":\"WebSite\",\"@id\":\"https:\\\/\\\/www.foretadrenaline.com\\\/saint-pere\\\/en\\\/#website\",\"url\":\"https:\\\/\\\/www.foretadrenaline.com\\\/saint-pere\\\/en\\\/\",\"name\":\"For\u00eat Adr\u00e9naline - Saint-P\u00e8re\",\"description\":\"Un site utilisant For\u00eat Adr\u00e9naline\",\"potentialAction\":[{\"@type\":\"SearchAction\",\"target\":{\"@type\":\"EntryPoint\",\"urlTemplate\":\"https:\\\/\\\/www.foretadrenaline.com\\\/saint-pere\\\/en\\\/?s={search_term_string}\"},\"query-input\":{\"@type\":\"PropertyValueSpecification\",\"valueRequired\":true,\"valueName\":\"search_term_string\"}}],\"inLanguage\":\"en-US\"}]}<\/script>\n<!-- \/ Yoast SEO plugin. -->","yoast_head_json":{"title":"Nature walk","description":"Nature walk : With a Pitchoun entry, help Kandouta to find his home and his friends ! Enjoy this ludic game in Corsaire aventure park !","robots":{"index":"index","follow":"follow","max-snippet":"max-snippet:-1","max-image-preview":"max-image-preview:large","max-video-preview":"max-video-preview:-1"},"canonical":"https:\/\/www.foretadrenaline.com\/saint-pere\/en\/nature-walk\/","og_locale":"en_US","og_type":"article","og_title":"Nature walk","og_description":"Nature walk : With a Pitchoun entry, help Kandouta to find his home and his friends ! Enjoy this ludic game in Corsaire aventure park !","og_url":"https:\/\/www.foretadrenaline.com\/saint-pere\/en\/nature-walk\/","og_site_name":"For\u00eat Adr\u00e9naline - Saint-P\u00e8re","article_modified_time":"2026-04-13T09:54:31+00:00","og_image":[{"width":300,"height":300,"url":"https:\/\/www.foretadrenaline.com\/saint-pere\/wp-content\/uploads\/sites\/4\/2026\/04\/kandouta-e1661686643689.jpg","type":"image\/jpeg"}],"twitter_card":"summary_large_image","twitter_misc":{"Est. reading time":"1 minute"},"schema":{"@context":"https:\/\/schema.org","@graph":[{"@type":"WebPage","@id":"https:\/\/www.foretadrenaline.com\/saint-pere\/en\/nature-walk\/","url":"https:\/\/www.foretadrenaline.com\/saint-pere\/en\/nature-walk\/","name":"Nature walk","isPartOf":{"@id":"https:\/\/www.foretadrenaline.com\/saint-pere\/en\/#website"},"primaryImageOfPage":{"@id":"https:\/\/www.foretadrenaline.com\/saint-pere\/en\/nature-walk\/#primaryimage"},"image":{"@id":"https:\/\/www.foretadrenaline.com\/saint-pere\/en\/nature-walk\/#primaryimage"},"thumbnailUrl":"https:\/\/www.foretadrenaline.com\/saint-pere\/wp-content\/uploads\/sites\/4\/2026\/04\/kandouta-e1661686643689.jpg","datePublished":"2026-04-13T09:50:53+00:00","dateModified":"2026-04-13T09:54:31+00:00","description":"Nature walk : With a Pitchoun entry, help Kandouta to find his home and his friends ! Enjoy this ludic game in Corsaire aventure park !","breadcrumb":{"@id":"https:\/\/www.foretadrenaline.com\/saint-pere\/en\/nature-walk\/#breadcrumb"},"inLanguage":"en-US","potentialAction":[{"@type":"ReadAction","target":["https:\/\/www.foretadrenaline.com\/saint-pere\/en\/nature-walk\/"]}]},{"@type":"ImageObject","inLanguage":"en-US","@id":"https:\/\/www.foretadrenaline.com\/saint-pere\/en\/nature-walk\/#primaryimage","url":"https:\/\/www.foretadrenaline.com\/saint-pere\/wp-content\/uploads\/sites\/4\/2026\/04\/kandouta-e1661686643689.jpg","contentUrl":"https:\/\/www.foretadrenaline.com\/saint-pere\/wp-content\/uploads\/sites\/4\/2026\/04\/kandouta-e1661686643689.jpg","width":300,"height":300,"caption":"CREATOR: gd-jpeg v1.0 (using IJG JPEG v80), quality = 100"},{"@type":"BreadcrumbList","@id":"https:\/\/www.foretadrenaline.com\/saint-pere\/en\/nature-walk\/#breadcrumb","itemListElement":[{"@type":"ListItem","position":1,"name":"Accueil","item":"https:\/\/www.foretadrenaline.com\/saint-pere\/en\/"},{"@type":"ListItem","position":2,"name":"Nature walk"}]},{"@type":"WebSite","@id":"https:\/\/www.foretadrenaline.com\/saint-pere\/en\/#website","url":"https:\/\/www.foretadrenaline.com\/saint-pere\/en\/","name":"For\u00eat Adr\u00e9naline - Saint-P\u00e8re","description":"Un site utilisant For\u00eat Adr\u00e9naline","potentialAction":[{"@type":"SearchAction","target":{"@type":"EntryPoint","urlTemplate":"https:\/\/www.foretadrenaline.com\/saint-pere\/en\/?s={search_term_string}"},"query-input":{"@type":"PropertyValueSpecification","valueRequired":true,"valueName":"search_term_string"}}],"inLanguage":"en-US"}]}},"_links":{"self":[{"href":"https:\/\/www.foretadrenaline.com\/saint-pere\/en\/wp-json\/wp\/v2\/pages\/6985","targetHints":{"allow":["GET"]}}],"collection":[{"href":"https:\/\/www.foretadrenaline.com\/saint-pere\/en\/wp-json\/wp\/v2\/pages"}],"about":[{"href":"https:\/\/www.foretadrenaline.com\/saint-pere\/en\/wp-json\/wp\/v2\/types\/page"}],"author":[{"embeddable":true,"href":"https:\/\/www.foretadrenaline.com\/saint-pere\/en\/wp-json\/wp\/v2\/users\/2"}],"replies":[{"embeddable":true,"href":"https:\/\/www.foretadrenaline.com\/saint-pere\/en\/wp-json\/wp\/v2\/comments?post=6985"}],"version-history":[{"count":2,"href":"https:\/\/www.foretadrenaline.com\/saint-pere\/en\/wp-json\/wp\/v2\/pages\/6985\/revisions"}],"predecessor-version":[{"id":6988,"href":"https:\/\/www.foretadrenaline.com\/saint-pere\/en\/wp-json\/wp\/v2\/pages\/6985\/revisions\/6988"}],"wp:featuredmedia":[{"embeddable":true,"href":"https:\/\/www.foretadrenaline.com\/saint-pere\/en\/wp-json\/wp\/v2\/media\/6852"}],"wp:attachment":[{"href":"https:\/\/www.foretadrenaline.com\/saint-pere\/en\/wp-json\/wp\/v2\/media?parent=6985"}],"curies":[{"name":"wp","href":"https:\/\/api.w.org\/{rel}","templated":true}]}}