{"id":812,"date":"2019-05-29T10:03:42","date_gmt":"2019-05-29T08:03:42","guid":{"rendered":"https:\/\/www.foretadrenaline.com\/saint-pere\/opening-hours\/"},"modified":"2026-01-03T17:59:33","modified_gmt":"2026-01-03T16:59:33","slug":"opening-times","status":"publish","type":"page","link":"https:\/\/www.foretadrenaline.com\/saint-pere\/en\/opening-times\/","title":{"rendered":"Business Hours"},"content":{"rendered":"\n<h2 class=\"wp-block-heading has-text-align-center has-vivid-cyan-blue-color has-text-color\">Business hours 2026<\/h2>\n\n\n\n<h4 class=\"wp-block-heading has-text-align-center\"><strong>Booking is HIGHLY RECOMMENDED<\/strong><br><strong>Reception of customers without a reservation may not be possible on high attendance days.<\/strong><\/h4>\n\n\n\n<p class=\"has-text-align-center has-black-color has-text-color\">We open the doors 30 min before the first departure to prepare you for the adventure!<\/p>\n\n\n<div class=\"wp-block-image is-resized\">\n<figure class=\"aligncenter size-full\"><img loading=\"lazy\" decoding=\"async\" width=\"1920\" height=\"1080\" src=\"https:\/\/www.foretadrenaline.com\/saint-pere\/wp-content\/uploads\/sites\/4\/2026\/01\/CALENDRIER-2026-UK.png\" alt=\"\" class=\"wp-image-6607\" srcset=\"https:\/\/www.foretadrenaline.com\/saint-pere\/wp-content\/uploads\/sites\/4\/2026\/01\/CALENDRIER-2026-UK.png 1920w, https:\/\/www.foretadrenaline.com\/saint-pere\/wp-content\/uploads\/sites\/4\/2026\/01\/CALENDRIER-2026-UK-300x169.png 300w, https:\/\/www.foretadrenaline.com\/saint-pere\/wp-content\/uploads\/sites\/4\/2026\/01\/CALENDRIER-2026-UK-1024x576.png 1024w, https:\/\/www.foretadrenaline.com\/saint-pere\/wp-content\/uploads\/sites\/4\/2026\/01\/CALENDRIER-2026-UK-768x432.png 768w, https:\/\/www.foretadrenaline.com\/saint-pere\/wp-content\/uploads\/sites\/4\/2026\/01\/CALENDRIER-2026-UK-1536x864.png 1536w, https:\/\/www.foretadrenaline.com\/saint-pere\/wp-content\/uploads\/sites\/4\/2026\/01\/CALENDRIER-2026-UK-1200x675.png 1200w\" sizes=\"auto, (max-width: 1920px) 100vw, 1920px\" \/><\/figure>\n<\/div>\n\n\n<p class=\"has-text-align-center has-vivid-red-color has-text-color\"><strong>Corsaire Aventure reserves the right to modify at any time the opening times of the park (weather condition, high attendance, health context\u2026). In case of out of the ordinary closure the information is relayed on our social networks, website home page. We call each client who booked to inform them.<\/strong><\/p>\n\n\n\n<h3 class=\"wp-block-heading has-text-align-center has-vivid-cyan-blue-color has-text-color\"><br><a href=\"https:\/\/www.facebook.com\/sharer\/sharer.php?u=https:\/\/www.corsaireaventure.com\/en\/\"><\/a>Opening times from Easter to All Saints&#8217; Day, except school holidays<\/h3>\n\n\n\n<p class=\"has-text-align-center\">Corsaire Aventure park is open on <strong>Wednesdays from 2.PM to 7PM, during the weekend from 10AM to 7PM (exception in september and October, from 2PM to 7P<\/strong>)<br>Corsaire Aventure park is open for the french Bank holidays, from 10 AM to 7PM (21th of april, 1st and 8th of May, 29\/30\/21 of May and the 1st of June, 14th of july and August 15th)<\/p>\n\n\n\n<h3 class=\"wp-block-heading has-text-align-center has-vivid-cyan-blue-color has-text-color\"> Opening times During the Easter holidays<\/h3>\n\n\n\n<p class=\"has-text-align-center\">Corsaire Aventure park opens&nbsp;<strong>Everyday from 2:00 p.m. to 7:00 p.m<\/strong>.&nbsp;<strong>(from April 5th to 20th)<\/strong> and<strong>, Wednesday 23th, thursday 24th and friday 25th of April from 2:00 p.m. to 7:00 p.m.<\/strong><\/p>\n\n\n\n<h3 class=\"wp-block-heading has-text-align-center has-vivid-cyan-blue-color has-text-color\">During the summer holidays (July and August)<\/h3>\n\n\n\n<p class=\"has-text-align-center\"> Corsaire Aventure park is open <strong>every day from 10.00 am to 07.00 pm<\/strong>, from july 05th.<\/p>\n\n\n\n<h3 class=\"wp-block-heading has-text-align-center has-vivid-cyan-blue-color has-text-color\">During the All Saint&#8217;s Day holidays<\/h3>\n\n\n\n<p class=\"has-text-align-center\">Corsaire Aventure park is open <strong>every day on afternoon from 02.00 pm to 07:00 p.m. <\/strong>(from October 18th to 26th) and from <strong>02.00 p.m. to 06.00 p.m.<\/strong> (from October 27th to 02nd of November)<\/p>\n\n\n\n<h3 class=\"wp-block-heading has-text-align-center has-vivid-cyan-blue-color has-text-color\">Exceptions <\/h3>\n\n\n\n<p class=\"has-text-align-center\">In case of out of the ordinary closure the information is relayed on our social networks, website and on the booking module. We call each client who booked to inform them.<br>In case of high attendance, we can open additonal departures at the end of the day<\/p>\n\n\n\n<h3 class=\"wp-block-heading has-text-align-center has-vivid-cyan-blue-color has-text-color\">Closure<\/h3>\n\n\n\n<p class=\"has-text-align-center\"> Corsaire Aventure park is closed from the 2nd of November to the end of March.<\/p>\n\n\n\n<h2 class=\"wp-block-heading has-text-align-center has-luminous-vivid-orange-color has-text-color\">To know the departure times<\/h2>\n\n\n\n<div class=\"wp-block-buttons is-horizontal is-content-justification-center is-layout-flex wp-container-core-buttons-is-layout-499968f5 wp-block-buttons-is-layout-flex\">\n<div class=\"wp-block-button\"><a class=\"wp-block-button__link has-luminous-vivid-orange-background-color has-text-color has-background wp-element-button\" href=\"https:\/\/www.foretadrenaline.com\/saint-pere\/en\/booking\/\" style=\"color:#fbfbfb\"><strong>Book online<\/strong><\/a><\/div>\n<\/div>\n","protected":false},"excerpt":{"rendered":"<p>Business hours 2026 Booking is HIGHLY RECOMMENDEDReception of customers without a reservation may not be possible on high attendance days. We open the doors 30 min before the first departure to prepare you for the adventure! Corsaire Aventure reserves the right to modify at any time the opening times of the park (weather condition, high&hellip;<\/p>\n","protected":false},"author":1,"featured_media":506,"parent":0,"menu_order":0,"comment_status":"closed","ping_status":"closed","template":"","meta":{"_acf_changed":false,"footnotes":""},"class_list":["post-812","page","type-page","status-publish","has-post-thumbnail","hentry"],"acf":[],"yoast_head":"<!-- This site is optimized with the Yoast SEO plugin v27.4 - https:\/\/yoast.com\/product\/yoast-seo-wordpress\/ -->\n<title>Opening Times - Corsaire Aventure<\/title>\n<meta name=\"description\" content=\"Opening days and times: The Corsaire Aventure park is open from Easter to All Saints. Book online to know the departures times.\" \/>\n<meta name=\"robots\" content=\"index, follow, max-snippet:-1, max-image-preview:large, max-video-preview:-1\" \/>\n<link rel=\"canonical\" href=\"https:\/\/www.foretadrenaline.com\/saint-pere\/en\/opening-times\/\" \/>\n<meta property=\"og:locale\" content=\"en_US\" \/>\n<meta property=\"og:type\" content=\"article\" \/>\n<meta property=\"og:title\" content=\"Opening Times - Corsaire Aventure\" \/>\n<meta property=\"og:description\" content=\"Opening days and times: The Corsaire Aventure park is open from Easter to All Saints. Book online to know the departures times.\" \/>\n<meta property=\"og:url\" content=\"https:\/\/www.foretadrenaline.com\/saint-pere\/en\/opening-times\/\" \/>\n<meta property=\"og:site_name\" content=\"For\u00eat Adr\u00e9naline - Saint-P\u00e8re\" \/>\n<meta property=\"article:modified_time\" content=\"2026-01-03T16:59:33+00:00\" \/>\n<meta property=\"og:image\" content=\"https:\/\/www.foretadrenaline.com\/saint-pere\/wp-content\/uploads\/sites\/4\/2019\/05\/parcours-corsaire-aventure-1024x683.jpg\" \/>\n\t<meta property=\"og:image:width\" content=\"1024\" \/>\n\t<meta property=\"og:image:height\" content=\"683\" \/>\n\t<meta property=\"og:image:type\" content=\"image\/jpeg\" \/>\n<meta name=\"twitter:card\" content=\"summary_large_image\" \/>\n<meta name=\"twitter:label1\" content=\"Est. reading time\" \/>\n\t<meta name=\"twitter:data1\" content=\"3 minutes\" \/>\n<script type=\"application\/ld+json\" class=\"yoast-schema-graph\">{\"@context\":\"https:\\\/\\\/schema.org\",\"@graph\":[{\"@type\":\"WebPage\",\"@id\":\"https:\\\/\\\/www.foretadrenaline.com\\\/saint-pere\\\/en\\\/opening-times\\\/\",\"url\":\"https:\\\/\\\/www.foretadrenaline.com\\\/saint-pere\\\/en\\\/opening-times\\\/\",\"name\":\"Opening Times - Corsaire Aventure\",\"isPartOf\":{\"@id\":\"https:\\\/\\\/www.foretadrenaline.com\\\/saint-pere\\\/en\\\/#website\"},\"primaryImageOfPage\":{\"@id\":\"https:\\\/\\\/www.foretadrenaline.com\\\/saint-pere\\\/en\\\/opening-times\\\/#primaryimage\"},\"image\":{\"@id\":\"https:\\\/\\\/www.foretadrenaline.com\\\/saint-pere\\\/en\\\/opening-times\\\/#primaryimage\"},\"thumbnailUrl\":\"https:\\\/\\\/www.foretadrenaline.com\\\/saint-pere\\\/wp-content\\\/uploads\\\/sites\\\/4\\\/2019\\\/05\\\/parcours-corsaire-aventure.jpg\",\"datePublished\":\"2019-05-29T08:03:42+00:00\",\"dateModified\":\"2026-01-03T16:59:33+00:00\",\"description\":\"Opening days and times: The Corsaire Aventure park is open from Easter to All Saints. Book online to know the departures times.\",\"breadcrumb\":{\"@id\":\"https:\\\/\\\/www.foretadrenaline.com\\\/saint-pere\\\/en\\\/opening-times\\\/#breadcrumb\"},\"inLanguage\":\"en-US\",\"potentialAction\":[{\"@type\":\"ReadAction\",\"target\":[\"https:\\\/\\\/www.foretadrenaline.com\\\/saint-pere\\\/en\\\/opening-times\\\/\"]}]},{\"@type\":\"ImageObject\",\"inLanguage\":\"en-US\",\"@id\":\"https:\\\/\\\/www.foretadrenaline.com\\\/saint-pere\\\/en\\\/opening-times\\\/#primaryimage\",\"url\":\"https:\\\/\\\/www.foretadrenaline.com\\\/saint-pere\\\/wp-content\\\/uploads\\\/sites\\\/4\\\/2019\\\/05\\\/parcours-corsaire-aventure.jpg\",\"contentUrl\":\"https:\\\/\\\/www.foretadrenaline.com\\\/saint-pere\\\/wp-content\\\/uploads\\\/sites\\\/4\\\/2019\\\/05\\\/parcours-corsaire-aventure.jpg\",\"width\":5472,\"height\":3648,\"caption\":\"Zone enfants\"},{\"@type\":\"BreadcrumbList\",\"@id\":\"https:\\\/\\\/www.foretadrenaline.com\\\/saint-pere\\\/en\\\/opening-times\\\/#breadcrumb\",\"itemListElement\":[{\"@type\":\"ListItem\",\"position\":1,\"name\":\"Accueil\",\"item\":\"https:\\\/\\\/www.foretadrenaline.com\\\/saint-pere\\\/en\\\/\"},{\"@type\":\"ListItem\",\"position\":2,\"name\":\"Business Hours\"}]},{\"@type\":\"WebSite\",\"@id\":\"https:\\\/\\\/www.foretadrenaline.com\\\/saint-pere\\\/en\\\/#website\",\"url\":\"https:\\\/\\\/www.foretadrenaline.com\\\/saint-pere\\\/en\\\/\",\"name\":\"For\u00eat Adr\u00e9naline - Saint-P\u00e8re\",\"description\":\"Un site utilisant For\u00eat Adr\u00e9naline\",\"potentialAction\":[{\"@type\":\"SearchAction\",\"target\":{\"@type\":\"EntryPoint\",\"urlTemplate\":\"https:\\\/\\\/www.foretadrenaline.com\\\/saint-pere\\\/en\\\/?s={search_term_string}\"},\"query-input\":{\"@type\":\"PropertyValueSpecification\",\"valueRequired\":true,\"valueName\":\"search_term_string\"}}],\"inLanguage\":\"en-US\"}]}<\/script>\n<!-- \/ Yoast SEO plugin. -->","yoast_head_json":{"title":"Opening Times - Corsaire Aventure","description":"Opening days and times: The Corsaire Aventure park is open from Easter to All Saints. Book online to know the departures times.","robots":{"index":"index","follow":"follow","max-snippet":"max-snippet:-1","max-image-preview":"max-image-preview:large","max-video-preview":"max-video-preview:-1"},"canonical":"https:\/\/www.foretadrenaline.com\/saint-pere\/en\/opening-times\/","og_locale":"en_US","og_type":"article","og_title":"Opening Times - Corsaire Aventure","og_description":"Opening days and times: The Corsaire Aventure park is open from Easter to All Saints. Book online to know the departures times.","og_url":"https:\/\/www.foretadrenaline.com\/saint-pere\/en\/opening-times\/","og_site_name":"For\u00eat Adr\u00e9naline - Saint-P\u00e8re","article_modified_time":"2026-01-03T16:59:33+00:00","og_image":[{"width":1024,"height":683,"url":"https:\/\/www.foretadrenaline.com\/saint-pere\/wp-content\/uploads\/sites\/4\/2019\/05\/parcours-corsaire-aventure-1024x683.jpg","type":"image\/jpeg"}],"twitter_card":"summary_large_image","twitter_misc":{"Est. reading time":"3 minutes"},"schema":{"@context":"https:\/\/schema.org","@graph":[{"@type":"WebPage","@id":"https:\/\/www.foretadrenaline.com\/saint-pere\/en\/opening-times\/","url":"https:\/\/www.foretadrenaline.com\/saint-pere\/en\/opening-times\/","name":"Opening Times - Corsaire Aventure","isPartOf":{"@id":"https:\/\/www.foretadrenaline.com\/saint-pere\/en\/#website"},"primaryImageOfPage":{"@id":"https:\/\/www.foretadrenaline.com\/saint-pere\/en\/opening-times\/#primaryimage"},"image":{"@id":"https:\/\/www.foretadrenaline.com\/saint-pere\/en\/opening-times\/#primaryimage"},"thumbnailUrl":"https:\/\/www.foretadrenaline.com\/saint-pere\/wp-content\/uploads\/sites\/4\/2019\/05\/parcours-corsaire-aventure.jpg","datePublished":"2019-05-29T08:03:42+00:00","dateModified":"2026-01-03T16:59:33+00:00","description":"Opening days and times: The Corsaire Aventure park is open from Easter to All Saints. Book online to know the departures times.","breadcrumb":{"@id":"https:\/\/www.foretadrenaline.com\/saint-pere\/en\/opening-times\/#breadcrumb"},"inLanguage":"en-US","potentialAction":[{"@type":"ReadAction","target":["https:\/\/www.foretadrenaline.com\/saint-pere\/en\/opening-times\/"]}]},{"@type":"ImageObject","inLanguage":"en-US","@id":"https:\/\/www.foretadrenaline.com\/saint-pere\/en\/opening-times\/#primaryimage","url":"https:\/\/www.foretadrenaline.com\/saint-pere\/wp-content\/uploads\/sites\/4\/2019\/05\/parcours-corsaire-aventure.jpg","contentUrl":"https:\/\/www.foretadrenaline.com\/saint-pere\/wp-content\/uploads\/sites\/4\/2019\/05\/parcours-corsaire-aventure.jpg","width":5472,"height":3648,"caption":"Zone enfants"},{"@type":"BreadcrumbList","@id":"https:\/\/www.foretadrenaline.com\/saint-pere\/en\/opening-times\/#breadcrumb","itemListElement":[{"@type":"ListItem","position":1,"name":"Accueil","item":"https:\/\/www.foretadrenaline.com\/saint-pere\/en\/"},{"@type":"ListItem","position":2,"name":"Business Hours"}]},{"@type":"WebSite","@id":"https:\/\/www.foretadrenaline.com\/saint-pere\/en\/#website","url":"https:\/\/www.foretadrenaline.com\/saint-pere\/en\/","name":"For\u00eat Adr\u00e9naline - Saint-P\u00e8re","description":"Un site utilisant For\u00eat Adr\u00e9naline","potentialAction":[{"@type":"SearchAction","target":{"@type":"EntryPoint","urlTemplate":"https:\/\/www.foretadrenaline.com\/saint-pere\/en\/?s={search_term_string}"},"query-input":{"@type":"PropertyValueSpecification","valueRequired":true,"valueName":"search_term_string"}}],"inLanguage":"en-US"}]}},"_links":{"self":[{"href":"https:\/\/www.foretadrenaline.com\/saint-pere\/en\/wp-json\/wp\/v2\/pages\/812","targetHints":{"allow":["GET"]}}],"collection":[{"href":"https:\/\/www.foretadrenaline.com\/saint-pere\/en\/wp-json\/wp\/v2\/pages"}],"about":[{"href":"https:\/\/www.foretadrenaline.com\/saint-pere\/en\/wp-json\/wp\/v2\/types\/page"}],"author":[{"embeddable":true,"href":"https:\/\/www.foretadrenaline.com\/saint-pere\/en\/wp-json\/wp\/v2\/users\/1"}],"replies":[{"embeddable":true,"href":"https:\/\/www.foretadrenaline.com\/saint-pere\/en\/wp-json\/wp\/v2\/comments?post=812"}],"version-history":[{"count":58,"href":"https:\/\/www.foretadrenaline.com\/saint-pere\/en\/wp-json\/wp\/v2\/pages\/812\/revisions"}],"predecessor-version":[{"id":6610,"href":"https:\/\/www.foretadrenaline.com\/saint-pere\/en\/wp-json\/wp\/v2\/pages\/812\/revisions\/6610"}],"wp:featuredmedia":[{"embeddable":true,"href":"https:\/\/www.foretadrenaline.com\/saint-pere\/en\/wp-json\/wp\/v2\/media\/506"}],"wp:attachment":[{"href":"https:\/\/www.foretadrenaline.com\/saint-pere\/en\/wp-json\/wp\/v2\/media?parent=812"}],"curies":[{"name":"wp","href":"https:\/\/api.w.org\/{rel}","templated":true}]}}