{"id":885,"date":"2019-06-06T14:52:46","date_gmt":"2019-06-06T12:52:46","guid":{"rendered":"https:\/\/www.foretadrenaline.com\/saint-pere\/annual-pass\/"},"modified":"2025-03-19T16:04:18","modified_gmt":"2025-03-19T15:04:18","slug":"annual-pass-corsaire-aventure","status":"publish","type":"page","link":"https:\/\/www.foretadrenaline.com\/saint-pere\/en\/annual-pass-corsaire-aventure\/","title":{"rendered":"Annual Pass"},"content":{"rendered":"\n<h2 class=\"wp-block-heading has-text-align-center has-luminous-vivid-amber-color has-text-color\">Annual Pass<\/h2>\n\n\n\n<p>The annual pass provides unlimited access for one year from the date of purchase to the adventure parks in Carnac, Les Gayeulles in Rennes, and St P\u00e8re near St Malo!<\/p>\n\n\n\n<p>Come and experience the adventure and explore our new attractions!<\/p>\n\n\n\n<p>Additionally, your companions can enjoy a \u20ac2 discount on their admission tickets.<\/p>\n\n\n\n<figure class=\"wp-block-embed is-type-video is-provider-youtube wp-block-embed-youtube wp-embed-aspect-16-9 wp-has-aspect-ratio\"><div class=\"wp-block-embed__wrapper\">\n<div class=\"video-container youtube\" style=\"padding-bottom: 56.2%;\"><iframe loading=\"lazy\" title=\"PASS ANNUEL aux parcs FORET ADRENALINE et CORSAIRE AVENTURE\" width=\"500\" height=\"281\" src=\"https:\/\/www.youtube.com\/embed\/KtCGDxFFyks?feature=oembed\" frameborder=\"0\" allow=\"accelerometer; autoplay; clipboard-write; encrypted-media; gyroscope; picture-in-picture; web-share\" referrerpolicy=\"strict-origin-when-cross-origin\" allowfullscreen><\/iframe><\/div>\n<\/div><figcaption class=\"wp-element-caption\">Annual pass<\/figcaption><\/figure>\n\n\n\n<h2 class=\"wp-block-heading has-text-align-center has-luminous-vivid-amber-color has-text-color\">Prices annual pass*<\/h2>\n\n\n\n<h3 class=\"wp-block-heading\">Annual Pass &#8211; Adventure Park<\/h3>\n\n\n\n<ul class=\"wp-block-list\">\n<li>Adult (From 14 years old) : 60\u20ac<\/li>\n\n\n\n<li>Junior (10-13 years old) : 55\u20ac<\/li>\n\n\n\n<li>Kid 2 (7-9  years old) : 45\u20ac<\/li>\n\n\n\n<li>Kid 1 (4-6 years old) : 35\u20ac<\/li>\n\n\n\n<li>Pitchoun ( 2-3 years old) : 25\u20ac<\/li>\n<\/ul>\n\n\n\n<h3 class=\"wp-block-heading\">Add 20\u20ac per annual pass to also enjoy unlimited access to the Tramp\u00d4forest!<\/h3>\n\n\n\n<p>* In July\/August: Valid on weekends all day and only in the mornings on weekdays.<\/p>\n\n\n\n<h3 class=\"wp-block-heading\">Ordering is simple!<\/h3>\n\n\n\n<h4 class=\"wp-block-heading\">You can order by mail: <\/h4>\n\n\n\n<ol class=\"wp-block-list\">\n<li>Send us the total amount of the order (by check and\/or holiday vouchers) by mail, indicating the chosen package (with or without Tramp\u00d4forest\u00ae), the age category of the pass(es), the names and first names of the recipients, and most importantly, the email address to which the pass(es) should be sent. Please send the mail to the following address: CORSAIRE AVENTURE &#8211; Fort de Saint-P\u00e8re, 35430 &#8211; SAINT-PERE-MARC-EN-POULET.<\/li>\n\n\n\n<li>Upon receiving your mail, we will send you the order via email. <\/li>\n\n\n\n<li>During your first visit to the park, please present the order confirmation, and in exchange, we will provide you with the physical card(s).<\/li>\n<\/ol>\n\n\n\n<h4 class=\"wp-block-heading\">You can also purchase the pass by coming directly to the park.<\/h4>\n\n\n\n<div class=\"wp-block-buttons is-content-justification-center is-layout-flex wp-container-core-buttons-is-layout-16018d1d wp-block-buttons-is-layout-flex\">\n<div class=\"wp-block-button\"><a class=\"wp-block-button__link has-white-color has-vivid-cyan-blue-background-color has-text-color has-background has-text-align-center wp-element-button\">Please contact us for more information<\/a><\/div>\n<\/div>\n","protected":false},"excerpt":{"rendered":"<p>Annual Pass The annual pass provides unlimited access for one year from the date of purchase to the adventure parks in Carnac, Les Gayeulles in Rennes, and St P\u00e8re near St Malo! Come and experience the adventure and explore our new attractions! Additionally, your companions can enjoy a \u20ac2 discount on their admission tickets. Prices&hellip;<\/p>\n","protected":false},"author":3,"featured_media":268,"parent":0,"menu_order":0,"comment_status":"closed","ping_status":"closed","template":"","meta":{"_acf_changed":false,"footnotes":""},"class_list":["post-885","page","type-page","status-publish","has-post-thumbnail","hentry"],"acf":[],"yoast_head":"<!-- This site is optimized with the Yoast SEO plugin v27.5 - https:\/\/yoast.com\/product\/yoast-seo-wordpress\/ -->\n<title>Annual Pass - Corsaire Aventure<\/title>\n<meta name=\"description\" content=\"The annual pass grants you unlimited access to our 3 parks: For\u00eat Adr\u00e9naline in Carnac and Rennes, as well as Corsaire Aventure in Saint-P\u00e8re.\" \/>\n<meta name=\"robots\" content=\"index, follow, max-snippet:-1, max-image-preview:large, max-video-preview:-1\" \/>\n<link rel=\"canonical\" href=\"https:\/\/www.foretadrenaline.com\/saint-pere\/en\/annual-pass-corsaire-aventure\/\" \/>\n<meta property=\"og:locale\" content=\"en_US\" \/>\n<meta property=\"og:type\" content=\"article\" \/>\n<meta property=\"og:title\" content=\"Annual Pass - Corsaire Aventure\" \/>\n<meta property=\"og:description\" content=\"The annual pass grants you unlimited access to our 3 parks: For\u00eat Adr\u00e9naline in Carnac and Rennes, as well as Corsaire Aventure in Saint-P\u00e8re.\" \/>\n<meta property=\"og:url\" content=\"https:\/\/www.foretadrenaline.com\/saint-pere\/en\/annual-pass-corsaire-aventure\/\" \/>\n<meta property=\"og:site_name\" content=\"For\u00eat Adr\u00e9naline - Saint-P\u00e8re\" \/>\n<meta property=\"article:modified_time\" content=\"2025-03-19T15:04:18+00:00\" \/>\n<meta property=\"og:image\" content=\"https:\/\/www.foretadrenaline.com\/saint-pere\/wp-content\/uploads\/sites\/4\/2019\/05\/parcours-gu\u00e9pard.jpg\" \/>\n\t<meta property=\"og:image:width\" content=\"2441\" \/>\n\t<meta property=\"og:image:height\" content=\"1638\" \/>\n\t<meta property=\"og:image:type\" content=\"image\/jpeg\" \/>\n<meta name=\"twitter:card\" content=\"summary_large_image\" \/>\n<meta name=\"twitter:label1\" content=\"Est. reading time\" \/>\n\t<meta name=\"twitter:data1\" content=\"2 minutes\" \/>\n<script type=\"application\/ld+json\" class=\"yoast-schema-graph\">{\"@context\":\"https:\\\/\\\/schema.org\",\"@graph\":[{\"@type\":\"WebPage\",\"@id\":\"https:\\\/\\\/www.foretadrenaline.com\\\/saint-pere\\\/en\\\/annual-pass-corsaire-aventure\\\/\",\"url\":\"https:\\\/\\\/www.foretadrenaline.com\\\/saint-pere\\\/en\\\/annual-pass-corsaire-aventure\\\/\",\"name\":\"Annual Pass - Corsaire Aventure\",\"isPartOf\":{\"@id\":\"https:\\\/\\\/www.foretadrenaline.com\\\/saint-pere\\\/en\\\/#website\"},\"primaryImageOfPage\":{\"@id\":\"https:\\\/\\\/www.foretadrenaline.com\\\/saint-pere\\\/en\\\/annual-pass-corsaire-aventure\\\/#primaryimage\"},\"image\":{\"@id\":\"https:\\\/\\\/www.foretadrenaline.com\\\/saint-pere\\\/en\\\/annual-pass-corsaire-aventure\\\/#primaryimage\"},\"thumbnailUrl\":\"https:\\\/\\\/www.foretadrenaline.com\\\/saint-pere\\\/wp-content\\\/uploads\\\/sites\\\/4\\\/2019\\\/05\\\/parcours-gu\u00e9pard.jpg\",\"datePublished\":\"2019-06-06T12:52:46+00:00\",\"dateModified\":\"2025-03-19T15:04:18+00:00\",\"description\":\"The annual pass grants you unlimited access to our 3 parks: For\u00eat Adr\u00e9naline in Carnac and Rennes, as well as Corsaire Aventure in Saint-P\u00e8re.\",\"breadcrumb\":{\"@id\":\"https:\\\/\\\/www.foretadrenaline.com\\\/saint-pere\\\/en\\\/annual-pass-corsaire-aventure\\\/#breadcrumb\"},\"inLanguage\":\"en-US\",\"potentialAction\":[{\"@type\":\"ReadAction\",\"target\":[\"https:\\\/\\\/www.foretadrenaline.com\\\/saint-pere\\\/en\\\/annual-pass-corsaire-aventure\\\/\"]}]},{\"@type\":\"ImageObject\",\"inLanguage\":\"en-US\",\"@id\":\"https:\\\/\\\/www.foretadrenaline.com\\\/saint-pere\\\/en\\\/annual-pass-corsaire-aventure\\\/#primaryimage\",\"url\":\"https:\\\/\\\/www.foretadrenaline.com\\\/saint-pere\\\/wp-content\\\/uploads\\\/sites\\\/4\\\/2019\\\/05\\\/parcours-gu\u00e9pard.jpg\",\"contentUrl\":\"https:\\\/\\\/www.foretadrenaline.com\\\/saint-pere\\\/wp-content\\\/uploads\\\/sites\\\/4\\\/2019\\\/05\\\/parcours-gu\u00e9pard.jpg\",\"width\":2441,\"height\":1638,\"caption\":\"price Annual Pass\"},{\"@type\":\"BreadcrumbList\",\"@id\":\"https:\\\/\\\/www.foretadrenaline.com\\\/saint-pere\\\/en\\\/annual-pass-corsaire-aventure\\\/#breadcrumb\",\"itemListElement\":[{\"@type\":\"ListItem\",\"position\":1,\"name\":\"Accueil\",\"item\":\"https:\\\/\\\/www.foretadrenaline.com\\\/saint-pere\\\/en\\\/\"},{\"@type\":\"ListItem\",\"position\":2,\"name\":\"Annual Pass\"}]},{\"@type\":\"WebSite\",\"@id\":\"https:\\\/\\\/www.foretadrenaline.com\\\/saint-pere\\\/en\\\/#website\",\"url\":\"https:\\\/\\\/www.foretadrenaline.com\\\/saint-pere\\\/en\\\/\",\"name\":\"For\u00eat Adr\u00e9naline - Saint-P\u00e8re\",\"description\":\"Un site utilisant For\u00eat Adr\u00e9naline\",\"potentialAction\":[{\"@type\":\"SearchAction\",\"target\":{\"@type\":\"EntryPoint\",\"urlTemplate\":\"https:\\\/\\\/www.foretadrenaline.com\\\/saint-pere\\\/en\\\/?s={search_term_string}\"},\"query-input\":{\"@type\":\"PropertyValueSpecification\",\"valueRequired\":true,\"valueName\":\"search_term_string\"}}],\"inLanguage\":\"en-US\"}]}<\/script>\n<!-- \/ Yoast SEO plugin. -->","yoast_head_json":{"title":"Annual Pass - Corsaire Aventure","description":"The annual pass grants you unlimited access to our 3 parks: For\u00eat Adr\u00e9naline in Carnac and Rennes, as well as Corsaire Aventure in Saint-P\u00e8re.","robots":{"index":"index","follow":"follow","max-snippet":"max-snippet:-1","max-image-preview":"max-image-preview:large","max-video-preview":"max-video-preview:-1"},"canonical":"https:\/\/www.foretadrenaline.com\/saint-pere\/en\/annual-pass-corsaire-aventure\/","og_locale":"en_US","og_type":"article","og_title":"Annual Pass - Corsaire Aventure","og_description":"The annual pass grants you unlimited access to our 3 parks: For\u00eat Adr\u00e9naline in Carnac and Rennes, as well as Corsaire Aventure in Saint-P\u00e8re.","og_url":"https:\/\/www.foretadrenaline.com\/saint-pere\/en\/annual-pass-corsaire-aventure\/","og_site_name":"For\u00eat Adr\u00e9naline - Saint-P\u00e8re","article_modified_time":"2025-03-19T15:04:18+00:00","og_image":[{"width":2441,"height":1638,"url":"https:\/\/www.foretadrenaline.com\/saint-pere\/wp-content\/uploads\/sites\/4\/2019\/05\/parcours-gu\u00e9pard.jpg","type":"image\/jpeg"}],"twitter_card":"summary_large_image","twitter_misc":{"Est. reading time":"2 minutes"},"schema":{"@context":"https:\/\/schema.org","@graph":[{"@type":"WebPage","@id":"https:\/\/www.foretadrenaline.com\/saint-pere\/en\/annual-pass-corsaire-aventure\/","url":"https:\/\/www.foretadrenaline.com\/saint-pere\/en\/annual-pass-corsaire-aventure\/","name":"Annual Pass - Corsaire Aventure","isPartOf":{"@id":"https:\/\/www.foretadrenaline.com\/saint-pere\/en\/#website"},"primaryImageOfPage":{"@id":"https:\/\/www.foretadrenaline.com\/saint-pere\/en\/annual-pass-corsaire-aventure\/#primaryimage"},"image":{"@id":"https:\/\/www.foretadrenaline.com\/saint-pere\/en\/annual-pass-corsaire-aventure\/#primaryimage"},"thumbnailUrl":"https:\/\/www.foretadrenaline.com\/saint-pere\/wp-content\/uploads\/sites\/4\/2019\/05\/parcours-gu\u00e9pard.jpg","datePublished":"2019-06-06T12:52:46+00:00","dateModified":"2025-03-19T15:04:18+00:00","description":"The annual pass grants you unlimited access to our 3 parks: For\u00eat Adr\u00e9naline in Carnac and Rennes, as well as Corsaire Aventure in Saint-P\u00e8re.","breadcrumb":{"@id":"https:\/\/www.foretadrenaline.com\/saint-pere\/en\/annual-pass-corsaire-aventure\/#breadcrumb"},"inLanguage":"en-US","potentialAction":[{"@type":"ReadAction","target":["https:\/\/www.foretadrenaline.com\/saint-pere\/en\/annual-pass-corsaire-aventure\/"]}]},{"@type":"ImageObject","inLanguage":"en-US","@id":"https:\/\/www.foretadrenaline.com\/saint-pere\/en\/annual-pass-corsaire-aventure\/#primaryimage","url":"https:\/\/www.foretadrenaline.com\/saint-pere\/wp-content\/uploads\/sites\/4\/2019\/05\/parcours-gu\u00e9pard.jpg","contentUrl":"https:\/\/www.foretadrenaline.com\/saint-pere\/wp-content\/uploads\/sites\/4\/2019\/05\/parcours-gu\u00e9pard.jpg","width":2441,"height":1638,"caption":"price Annual Pass"},{"@type":"BreadcrumbList","@id":"https:\/\/www.foretadrenaline.com\/saint-pere\/en\/annual-pass-corsaire-aventure\/#breadcrumb","itemListElement":[{"@type":"ListItem","position":1,"name":"Accueil","item":"https:\/\/www.foretadrenaline.com\/saint-pere\/en\/"},{"@type":"ListItem","position":2,"name":"Annual Pass"}]},{"@type":"WebSite","@id":"https:\/\/www.foretadrenaline.com\/saint-pere\/en\/#website","url":"https:\/\/www.foretadrenaline.com\/saint-pere\/en\/","name":"For\u00eat Adr\u00e9naline - Saint-P\u00e8re","description":"Un site utilisant For\u00eat Adr\u00e9naline","potentialAction":[{"@type":"SearchAction","target":{"@type":"EntryPoint","urlTemplate":"https:\/\/www.foretadrenaline.com\/saint-pere\/en\/?s={search_term_string}"},"query-input":{"@type":"PropertyValueSpecification","valueRequired":true,"valueName":"search_term_string"}}],"inLanguage":"en-US"}]}},"_links":{"self":[{"href":"https:\/\/www.foretadrenaline.com\/saint-pere\/en\/wp-json\/wp\/v2\/pages\/885","targetHints":{"allow":["GET"]}}],"collection":[{"href":"https:\/\/www.foretadrenaline.com\/saint-pere\/en\/wp-json\/wp\/v2\/pages"}],"about":[{"href":"https:\/\/www.foretadrenaline.com\/saint-pere\/en\/wp-json\/wp\/v2\/types\/page"}],"author":[{"embeddable":true,"href":"https:\/\/www.foretadrenaline.com\/saint-pere\/en\/wp-json\/wp\/v2\/users\/3"}],"replies":[{"embeddable":true,"href":"https:\/\/www.foretadrenaline.com\/saint-pere\/en\/wp-json\/wp\/v2\/comments?post=885"}],"version-history":[{"count":12,"href":"https:\/\/www.foretadrenaline.com\/saint-pere\/en\/wp-json\/wp\/v2\/pages\/885\/revisions"}],"predecessor-version":[{"id":6214,"href":"https:\/\/www.foretadrenaline.com\/saint-pere\/en\/wp-json\/wp\/v2\/pages\/885\/revisions\/6214"}],"wp:featuredmedia":[{"embeddable":true,"href":"https:\/\/www.foretadrenaline.com\/saint-pere\/en\/wp-json\/wp\/v2\/media\/268"}],"wp:attachment":[{"href":"https:\/\/www.foretadrenaline.com\/saint-pere\/en\/wp-json\/wp\/v2\/media?parent=885"}],"curies":[{"name":"wp","href":"https:\/\/api.w.org\/{rel}","templated":true}]}}