{"id":23,"date":"2019-04-16T15:38:02","date_gmt":"2019-04-16T13:38:02","guid":{"rendered":"https:\/\/www.foretadrenaline.com\/saint-pere\/?page_id=23"},"modified":"2026-04-08T15:28:30","modified_gmt":"2026-04-08T13:28:30","slug":"scolaires-et-clsh","status":"publish","type":"page","link":"https:\/\/www.foretadrenaline.com\/saint-pere\/scolaires-et-clsh\/scolaires-et-clsh\/","title":{"rendered":"Offres Scolaires et CLSH"},"content":{"rendered":"\r\n<h4 class=\"wp-block-heading\">Apr\u00e8s ou avant l\u2019examen, d\u00e9tendez-vous !<\/h4>\r\n\r\n\r\n\r\n<p>Une journ\u00e9e d\u2019int\u00e9gration, ou une fin d\u2019ann\u00e9e, rien de mieux que de se retrouver ensemble et de partager un moment convivial ! <br \/>Venez-vous d\u00e9compresser et vous surpasser au parc Corsaire Aventure. Sortez vos chaussures et habits de sport pour passer une journ\u00e9e m\u00e9morable dans un lieu id\u00e9al !<\/p>\r\n\r\n\r\n\r\n<p>Accrobranche, challenges, d\u00e9fis en tout genre, bonne humeur, coh\u00e9sion de groupe et adr\u00e9naline! Voil\u00e0 ce qui vous attends dans nos journ\u00e9es Lyc\u00e9ennes ou \u00c9tudiantes !<\/p>\r\n\r\n\r\n\r\n<p>Corsaire Aventure vous propose 2h30 d\u2019activit\u00e9 sur 10 parcours acrobatiques allant de 1 \u00e0 15 m\u00e8tres de haut. Relevez le challenge, grimpez en haut des m\u00e2ts et d\u00e9fiez nos grandes tyroliennes ! <br \/>Testez \u00e9galement votre esprit d\u2019\u00e9quipe, votre courage et votre volont\u00e9 pendant 30min suppl\u00e9mentaires, en challengeant vos camarades sur les jeux au sol\u00a0type Koh-Lanta: parcours aveugle, \u00e9quilibriste, bo\u00eete \u00e0 n\u0153uds\u2026<\/p>\r\n\r\n\r\n\r\n<div class=\"wp-block-button aligncenter\"><a class=\"wp-block-button__link\">T\u00e9l\u00e9chargez la plaquette Lyc\u00e9ens \/ Etudiants<\/a><\/div>\r\n\r\n\r\n\r\n<p>Alors c\u2019est parti, laissez vos feuilles et stylos et embarquez-vous dans l\u2019aventure Corsaire !<\/p>\r\n\r\n\r\n\r\n<ul class=\"wp-block-gallery columns-3 is-cropped wp-block-gallery-1 is-layout-flex wp-block-gallery-is-layout-flex\">\r\n<li class=\"blocks-gallery-item\">\r\n<figure><img decoding=\"async\" class=\"wp-image-315\" src=\"https:\/\/www.foretadrenaline.com\/saint-pere\/wp-content\/uploads\/sites\/4\/2019\/05\/parcours-serpent-les-rondins-1024x684.jpg\" alt=\"\" data-id=\"315\" data-link=\"https:\/\/www.foretadrenaline.com\/saint-pere\/parcours-serpent-les-rondins\/\" \/><\/figure>\r\n<\/li>\r\n<li class=\"blocks-gallery-item\">\r\n<figure><img loading=\"lazy\" decoding=\"async\" width=\"768\" height=\"1024\" class=\"wp-image-261\" src=\"https:\/\/www.foretadrenaline.com\/saint-pere\/wp-content\/uploads\/sites\/4\/2019\/05\/TYRO-768x1024.jpg\" alt=\"\" data-id=\"261\" data-link=\"https:\/\/www.foretadrenaline.com\/saint-pere\/tyro\/\" srcset=\"https:\/\/www.foretadrenaline.com\/saint-pere\/wp-content\/uploads\/sites\/4\/2019\/05\/TYRO-768x1024.jpg 768w, https:\/\/www.foretadrenaline.com\/saint-pere\/wp-content\/uploads\/sites\/4\/2019\/05\/TYRO-225x300.jpg 225w, https:\/\/www.foretadrenaline.com\/saint-pere\/wp-content\/uploads\/sites\/4\/2019\/05\/TYRO-1200x1600.jpg 1200w\" sizes=\"auto, (max-width: 768px) 100vw, 768px\" \/><\/figure>\r\n<\/li>\r\n<li class=\"blocks-gallery-item\">\r\n<figure><img decoding=\"async\" class=\"wp-image-331\" src=\"https:\/\/www.foretadrenaline.com\/saint-pere\/wp-content\/uploads\/sites\/4\/2019\/05\/parcours-duel-1024x682.jpg\" alt=\"\" data-id=\"331\" data-link=\"https:\/\/www.foretadrenaline.com\/saint-pere\/parcours-duel\/\" \/><\/figure>\r\n<\/li>\r\n<\/ul>\r\n","protected":false},"excerpt":{"rendered":"<p>Apr\u00e8s ou avant l\u2019examen, d\u00e9tendez-vous ! Une journ\u00e9e d\u2019int\u00e9gration, ou une fin d\u2019ann\u00e9e, rien de mieux que de se retrouver ensemble et de partager un moment convivial ! Venez-vous d\u00e9compresser et vous surpasser au parc Corsaire Aventure. Sortez vos chaussures et habits de sport pour passer une journ\u00e9e m\u00e9morable dans un lieu id\u00e9al ! Accrobranche,&hellip;<\/p>\n","protected":false},"author":1,"featured_media":3772,"parent":3779,"menu_order":1,"comment_status":"closed","ping_status":"closed","template":"template-offre.php","meta":{"_acf_changed":false,"footnotes":""},"class_list":["post-23","page","type-page","status-publish","has-post-thumbnail","hentry"],"acf":[],"yoast_head":"<!-- This site is optimized with the Yoast SEO plugin v27.5 - https:\/\/yoast.com\/product\/yoast-seo-wordpress\/ -->\n<title>Offres Scolaires et CLSH - Corsaire Aventure Saint-P\u00e8re<\/title>\n<meta name=\"description\" content=\"Pour une journ\u00e9e de fin d&#039;ann\u00e9e ou d\u00e9tente lors des vacances, d\u00e9couvrez nos offres scolaires et clsh !\" \/>\n<meta name=\"robots\" content=\"index, follow, max-snippet:-1, max-image-preview:large, max-video-preview:-1\" \/>\n<link rel=\"canonical\" href=\"https:\/\/www.foretadrenaline.com\/saint-pere\/scolaires-et-clsh\/scolaires-et-clsh\/\" \/>\n<meta property=\"og:locale\" content=\"fr_FR\" \/>\n<meta property=\"og:type\" content=\"article\" \/>\n<meta property=\"og:title\" content=\"Offres Scolaires et CLSH - Corsaire Aventure Saint-P\u00e8re\" \/>\n<meta property=\"og:description\" content=\"Pour une journ\u00e9e de fin d&#039;ann\u00e9e ou d\u00e9tente lors des vacances, d\u00e9couvrez nos offres scolaires et clsh !\" \/>\n<meta property=\"og:url\" content=\"https:\/\/www.foretadrenaline.com\/saint-pere\/scolaires-et-clsh\/scolaires-et-clsh\/\" \/>\n<meta property=\"og:site_name\" content=\"For\u00eat Adr\u00e9naline - Saint-P\u00e8re\" \/>\n<meta property=\"article:modified_time\" content=\"2026-04-08T13:28:30+00:00\" \/>\n<meta property=\"og:image\" content=\"https:\/\/www.foretadrenaline.com\/saint-pere\/wp-content\/uploads\/sites\/4\/2022\/03\/Corsaire-Aventure-Briefing-Groupe-@Ronan-Poder-scaled.jpg\" \/>\n\t<meta property=\"og:image:width\" content=\"1365\" \/>\n\t<meta property=\"og:image:height\" content=\"2048\" \/>\n\t<meta property=\"og:image:type\" content=\"image\/jpeg\" \/>\n<meta name=\"twitter:card\" content=\"summary_large_image\" \/>\n<meta name=\"twitter:label1\" content=\"Dur\u00e9e de lecture estim\u00e9e\" \/>\n\t<meta name=\"twitter:data1\" content=\"2 minutes\" \/>\n<script type=\"application\/ld+json\" class=\"yoast-schema-graph\">{\"@context\":\"https:\\\/\\\/schema.org\",\"@graph\":[{\"@type\":\"WebPage\",\"@id\":\"https:\\\/\\\/www.foretadrenaline.com\\\/saint-pere\\\/scolaires-et-clsh\\\/scolaires-et-clsh\\\/\",\"url\":\"https:\\\/\\\/www.foretadrenaline.com\\\/saint-pere\\\/scolaires-et-clsh\\\/scolaires-et-clsh\\\/\",\"name\":\"Offres Scolaires et CLSH - Corsaire Aventure Saint-P\u00e8re\",\"isPartOf\":{\"@id\":\"https:\\\/\\\/www.foretadrenaline.com\\\/saint-pere\\\/#website\"},\"primaryImageOfPage\":{\"@id\":\"https:\\\/\\\/www.foretadrenaline.com\\\/saint-pere\\\/scolaires-et-clsh\\\/scolaires-et-clsh\\\/#primaryimage\"},\"image\":{\"@id\":\"https:\\\/\\\/www.foretadrenaline.com\\\/saint-pere\\\/scolaires-et-clsh\\\/scolaires-et-clsh\\\/#primaryimage\"},\"thumbnailUrl\":\"https:\\\/\\\/www.foretadrenaline.com\\\/saint-pere\\\/wp-content\\\/uploads\\\/sites\\\/4\\\/2022\\\/03\\\/Corsaire-Aventure-Briefing-Groupe-@Ronan-Poder-scaled.jpg\",\"datePublished\":\"2019-04-16T13:38:02+00:00\",\"dateModified\":\"2026-04-08T13:28:30+00:00\",\"description\":\"Pour une journ\u00e9e de fin d'ann\u00e9e ou d\u00e9tente lors des vacances, d\u00e9couvrez nos offres scolaires et clsh !\",\"breadcrumb\":{\"@id\":\"https:\\\/\\\/www.foretadrenaline.com\\\/saint-pere\\\/scolaires-et-clsh\\\/scolaires-et-clsh\\\/#breadcrumb\"},\"inLanguage\":\"fr-FR\",\"potentialAction\":[{\"@type\":\"ReadAction\",\"target\":[\"https:\\\/\\\/www.foretadrenaline.com\\\/saint-pere\\\/scolaires-et-clsh\\\/scolaires-et-clsh\\\/\"]}]},{\"@type\":\"ImageObject\",\"inLanguage\":\"fr-FR\",\"@id\":\"https:\\\/\\\/www.foretadrenaline.com\\\/saint-pere\\\/scolaires-et-clsh\\\/scolaires-et-clsh\\\/#primaryimage\",\"url\":\"https:\\\/\\\/www.foretadrenaline.com\\\/saint-pere\\\/wp-content\\\/uploads\\\/sites\\\/4\\\/2022\\\/03\\\/Corsaire-Aventure-Briefing-Groupe-@Ronan-Poder-scaled.jpg\",\"contentUrl\":\"https:\\\/\\\/www.foretadrenaline.com\\\/saint-pere\\\/wp-content\\\/uploads\\\/sites\\\/4\\\/2022\\\/03\\\/Corsaire-Aventure-Briefing-Groupe-@Ronan-Poder-scaled.jpg\",\"width\":1365,\"height\":2048,\"caption\":\"Briefing Groupe\"},{\"@type\":\"BreadcrumbList\",\"@id\":\"https:\\\/\\\/www.foretadrenaline.com\\\/saint-pere\\\/scolaires-et-clsh\\\/scolaires-et-clsh\\\/#breadcrumb\",\"itemListElement\":[{\"@type\":\"ListItem\",\"position\":1,\"name\":\"Accueil\",\"item\":\"https:\\\/\\\/www.foretadrenaline.com\\\/saint-pere\\\/\"},{\"@type\":\"ListItem\",\"position\":2,\"name\":\"Etablissement Scolaire ou CLSH\",\"item\":\"https:\\\/\\\/www.foretadrenaline.com\\\/saint-pere\\\/scolaires-et-clsh\\\/\"},{\"@type\":\"ListItem\",\"position\":3,\"name\":\"Offres Scolaires et CLSH\"}]},{\"@type\":\"WebSite\",\"@id\":\"https:\\\/\\\/www.foretadrenaline.com\\\/saint-pere\\\/#website\",\"url\":\"https:\\\/\\\/www.foretadrenaline.com\\\/saint-pere\\\/\",\"name\":\"For\u00eat Adr\u00e9naline - Saint-P\u00e8re\",\"description\":\"Un site utilisant For\u00eat Adr\u00e9naline\",\"potentialAction\":[{\"@type\":\"SearchAction\",\"target\":{\"@type\":\"EntryPoint\",\"urlTemplate\":\"https:\\\/\\\/www.foretadrenaline.com\\\/saint-pere\\\/?s={search_term_string}\"},\"query-input\":{\"@type\":\"PropertyValueSpecification\",\"valueRequired\":true,\"valueName\":\"search_term_string\"}}],\"inLanguage\":\"fr-FR\"}]}<\/script>\n<!-- \/ Yoast SEO plugin. -->","yoast_head_json":{"title":"Offres Scolaires et CLSH - Corsaire Aventure Saint-P\u00e8re","description":"Pour une journ\u00e9e de fin d'ann\u00e9e ou d\u00e9tente lors des vacances, d\u00e9couvrez nos offres scolaires et clsh !","robots":{"index":"index","follow":"follow","max-snippet":"max-snippet:-1","max-image-preview":"max-image-preview:large","max-video-preview":"max-video-preview:-1"},"canonical":"https:\/\/www.foretadrenaline.com\/saint-pere\/scolaires-et-clsh\/scolaires-et-clsh\/","og_locale":"fr_FR","og_type":"article","og_title":"Offres Scolaires et CLSH - Corsaire Aventure Saint-P\u00e8re","og_description":"Pour une journ\u00e9e de fin d'ann\u00e9e ou d\u00e9tente lors des vacances, d\u00e9couvrez nos offres scolaires et clsh !","og_url":"https:\/\/www.foretadrenaline.com\/saint-pere\/scolaires-et-clsh\/scolaires-et-clsh\/","og_site_name":"For\u00eat Adr\u00e9naline - Saint-P\u00e8re","article_modified_time":"2026-04-08T13:28:30+00:00","og_image":[{"width":1365,"height":2048,"url":"https:\/\/www.foretadrenaline.com\/saint-pere\/wp-content\/uploads\/sites\/4\/2022\/03\/Corsaire-Aventure-Briefing-Groupe-@Ronan-Poder-scaled.jpg","type":"image\/jpeg"}],"twitter_card":"summary_large_image","twitter_misc":{"Dur\u00e9e de lecture estim\u00e9e":"2 minutes"},"schema":{"@context":"https:\/\/schema.org","@graph":[{"@type":"WebPage","@id":"https:\/\/www.foretadrenaline.com\/saint-pere\/scolaires-et-clsh\/scolaires-et-clsh\/","url":"https:\/\/www.foretadrenaline.com\/saint-pere\/scolaires-et-clsh\/scolaires-et-clsh\/","name":"Offres Scolaires et CLSH - Corsaire Aventure Saint-P\u00e8re","isPartOf":{"@id":"https:\/\/www.foretadrenaline.com\/saint-pere\/#website"},"primaryImageOfPage":{"@id":"https:\/\/www.foretadrenaline.com\/saint-pere\/scolaires-et-clsh\/scolaires-et-clsh\/#primaryimage"},"image":{"@id":"https:\/\/www.foretadrenaline.com\/saint-pere\/scolaires-et-clsh\/scolaires-et-clsh\/#primaryimage"},"thumbnailUrl":"https:\/\/www.foretadrenaline.com\/saint-pere\/wp-content\/uploads\/sites\/4\/2022\/03\/Corsaire-Aventure-Briefing-Groupe-@Ronan-Poder-scaled.jpg","datePublished":"2019-04-16T13:38:02+00:00","dateModified":"2026-04-08T13:28:30+00:00","description":"Pour une journ\u00e9e de fin d'ann\u00e9e ou d\u00e9tente lors des vacances, d\u00e9couvrez nos offres scolaires et clsh !","breadcrumb":{"@id":"https:\/\/www.foretadrenaline.com\/saint-pere\/scolaires-et-clsh\/scolaires-et-clsh\/#breadcrumb"},"inLanguage":"fr-FR","potentialAction":[{"@type":"ReadAction","target":["https:\/\/www.foretadrenaline.com\/saint-pere\/scolaires-et-clsh\/scolaires-et-clsh\/"]}]},{"@type":"ImageObject","inLanguage":"fr-FR","@id":"https:\/\/www.foretadrenaline.com\/saint-pere\/scolaires-et-clsh\/scolaires-et-clsh\/#primaryimage","url":"https:\/\/www.foretadrenaline.com\/saint-pere\/wp-content\/uploads\/sites\/4\/2022\/03\/Corsaire-Aventure-Briefing-Groupe-@Ronan-Poder-scaled.jpg","contentUrl":"https:\/\/www.foretadrenaline.com\/saint-pere\/wp-content\/uploads\/sites\/4\/2022\/03\/Corsaire-Aventure-Briefing-Groupe-@Ronan-Poder-scaled.jpg","width":1365,"height":2048,"caption":"Briefing Groupe"},{"@type":"BreadcrumbList","@id":"https:\/\/www.foretadrenaline.com\/saint-pere\/scolaires-et-clsh\/scolaires-et-clsh\/#breadcrumb","itemListElement":[{"@type":"ListItem","position":1,"name":"Accueil","item":"https:\/\/www.foretadrenaline.com\/saint-pere\/"},{"@type":"ListItem","position":2,"name":"Etablissement Scolaire ou CLSH","item":"https:\/\/www.foretadrenaline.com\/saint-pere\/scolaires-et-clsh\/"},{"@type":"ListItem","position":3,"name":"Offres Scolaires et CLSH"}]},{"@type":"WebSite","@id":"https:\/\/www.foretadrenaline.com\/saint-pere\/#website","url":"https:\/\/www.foretadrenaline.com\/saint-pere\/","name":"For\u00eat Adr\u00e9naline - Saint-P\u00e8re","description":"Un site utilisant For\u00eat Adr\u00e9naline","potentialAction":[{"@type":"SearchAction","target":{"@type":"EntryPoint","urlTemplate":"https:\/\/www.foretadrenaline.com\/saint-pere\/?s={search_term_string}"},"query-input":{"@type":"PropertyValueSpecification","valueRequired":true,"valueName":"search_term_string"}}],"inLanguage":"fr-FR"}]}},"_links":{"self":[{"href":"https:\/\/www.foretadrenaline.com\/saint-pere\/wp-json\/wp\/v2\/pages\/23","targetHints":{"allow":["GET"]}}],"collection":[{"href":"https:\/\/www.foretadrenaline.com\/saint-pere\/wp-json\/wp\/v2\/pages"}],"about":[{"href":"https:\/\/www.foretadrenaline.com\/saint-pere\/wp-json\/wp\/v2\/types\/page"}],"author":[{"embeddable":true,"href":"https:\/\/www.foretadrenaline.com\/saint-pere\/wp-json\/wp\/v2\/users\/1"}],"replies":[{"embeddable":true,"href":"https:\/\/www.foretadrenaline.com\/saint-pere\/wp-json\/wp\/v2\/comments?post=23"}],"version-history":[{"count":11,"href":"https:\/\/www.foretadrenaline.com\/saint-pere\/wp-json\/wp\/v2\/pages\/23\/revisions"}],"predecessor-version":[{"id":6897,"href":"https:\/\/www.foretadrenaline.com\/saint-pere\/wp-json\/wp\/v2\/pages\/23\/revisions\/6897"}],"up":[{"embeddable":true,"href":"https:\/\/www.foretadrenaline.com\/saint-pere\/wp-json\/wp\/v2\/pages\/3779"}],"wp:featuredmedia":[{"embeddable":true,"href":"https:\/\/www.foretadrenaline.com\/saint-pere\/wp-json\/wp\/v2\/media\/3772"}],"wp:attachment":[{"href":"https:\/\/www.foretadrenaline.com\/saint-pere\/wp-json\/wp\/v2\/media?parent=23"}],"curies":[{"name":"wp","href":"https:\/\/api.w.org\/{rel}","templated":true}]}}