{"id":231,"date":"2019-05-14T09:41:19","date_gmt":"2019-05-14T07:41:19","guid":{"rendered":"https:\/\/www.foretadrenaline.com\/saint-pere\/?page_id=231"},"modified":"2026-03-16T14:27:15","modified_gmt":"2026-03-16T13:27:15","slug":"pause-gourmande","status":"publish","type":"page","link":"https:\/\/www.foretadrenaline.com\/saint-pere\/pause-gourmande\/","title":{"rendered":"Pause gourmande"},"content":{"rendered":"\n<h2 class=\"wp-block-heading has-text-align-center\">Pause gourmande<\/h2>\n\n\n\n<h4 class=\"wp-block-heading has-text-align-center\">De retour \u00e0 quai !<\/h4>\n\n\n\n<p> De retour \u00e0 quai, profitez de la terrasse de la Capitainerie pour faire une pause gourmande ou m\u00eame pique-niquer afin de profiter d\u2019une journ\u00e9e compl\u00e8te sur notre parc Corsaire Aventure. Le parc Corsaire Aventure est implant\u00e9 au c\u0153ur d\u2019un Fort Vauban du 18\u00e8me  si\u00e8cle. Vous y d\u00e9couvrirez un cadre magnifique et id\u00e9al pour profiter d\u2019un repas en plein air. <\/p>\n\n\n\n<p>Dans cet espace d\u00e9di\u00e9 \u00e0 la d\u00e9tente, nos tables de pique-nique sont \u00e0 votre disposition. Vous ne trouverez pas de point de restauration sur place. La buvette de la Capitainerie vous propose boissons chaudes, fra\u00eeches et snack local sucr\u00e9 pour vous redonner des forces. Vous pouvez \u00e9galement simplement profiter d\u2019un moment calme au c\u0153ur du Fort Saint-P\u00e8re avant d\u2019aller braver les temp\u00eates. <\/p>\n\n\n\n<p>Attention : Nous n\u2019avons pas de point d\u2019eau potable sur place. Pensez \u00e0 amener votre bouteille d\u2019eau ! <\/p>\n\n\n\n<figure class=\"wp-block-gallery has-nested-images columns-default is-cropped wp-block-gallery-1 is-layout-flex wp-block-gallery-is-layout-flex\">\n<figure class=\"wp-block-image size-large\"><img loading=\"lazy\" decoding=\"async\" width=\"1024\" height=\"388\" data-id=\"255\" src=\"https:\/\/www.foretadrenaline.com\/saint-pere\/wp-content\/uploads\/sites\/4\/2019\/05\/43226064_269992406954422_8388858989298843648_n-1024x388.jpg\" alt=\"Pause gourmande \u00e0 Corsaire Aventure\" class=\"wp-image-255\" srcset=\"https:\/\/www.foretadrenaline.com\/saint-pere\/wp-content\/uploads\/sites\/4\/2019\/05\/43226064_269992406954422_8388858989298843648_n-1024x388.jpg 1024w, https:\/\/www.foretadrenaline.com\/saint-pere\/wp-content\/uploads\/sites\/4\/2019\/05\/43226064_269992406954422_8388858989298843648_n-300x114.jpg 300w, https:\/\/www.foretadrenaline.com\/saint-pere\/wp-content\/uploads\/sites\/4\/2019\/05\/43226064_269992406954422_8388858989298843648_n-768x291.jpg 768w, https:\/\/www.foretadrenaline.com\/saint-pere\/wp-content\/uploads\/sites\/4\/2019\/05\/43226064_269992406954422_8388858989298843648_n-1200x455.jpg 1200w, https:\/\/www.foretadrenaline.com\/saint-pere\/wp-content\/uploads\/sites\/4\/2019\/05\/43226064_269992406954422_8388858989298843648_n.jpg 1600w\" sizes=\"auto, (max-width: 1024px) 100vw, 1024px\" \/><\/figure>\n<\/figure>\n\n\n\n<h2 class=\"wp-block-heading has-text-align-center\">Nos produits<\/h2>\n\n\n\n<ul class=\"wp-block-list\">\n<li>Cookies <a href=\"https:\/\/flaviesandco.com\/\">Flavie&rsquo;s &amp; Co<\/a><\/li>\n\n\n\n<li>Barre de c\u00e9r\u00e9ale et compote v\u00e9gan<\/li>\n\n\n\n<li>Gaufre <\/li>\n\n\n\n<li>Limonades artisanales,<\/li>\n\n\n\n<li>Smoothies bio, <\/li>\n\n\n\n<li>Jus de fruits,<\/li>\n\n\n\n<li>Citronnade bio, <\/li>\n\n\n\n<li>Sodas.<\/li>\n<\/ul>\n\n\n\n<div class=\"wp-block-buttons is-content-justification-center is-layout-flex wp-container-core-buttons-is-layout-16018d1d wp-block-buttons-is-layout-flex\">\n<div class=\"wp-block-button\"><a class=\"wp-block-button__link has-white-color has-vivid-cyan-blue-background-color has-text-color has-background wp-element-button\" href=\"https:\/\/www.foretadrenaline.com\/saint-pere\/reservation\/\" target=\"_blank\" rel=\"noreferrer noopener\">Contactez nous pour plus d&rsquo;informations<\/a><\/div>\n<\/div>\n","protected":false},"excerpt":{"rendered":"<p>Pause gourmande De retour \u00e0 quai ! De retour \u00e0 quai, profitez de la terrasse de la Capitainerie pour faire une pause gourmande ou m\u00eame pique-niquer afin de profiter d\u2019une journ\u00e9e compl\u00e8te sur notre parc Corsaire Aventure. Le parc Corsaire Aventure est implant\u00e9 au c\u0153ur d\u2019un Fort Vauban du 18\u00e8me si\u00e8cle. Vous y d\u00e9couvrirez un&hellip;<\/p>\n","protected":false},"author":1,"featured_media":301,"parent":0,"menu_order":0,"comment_status":"closed","ping_status":"closed","template":"","meta":{"_acf_changed":false,"footnotes":""},"class_list":["post-231","page","type-page","status-publish","has-post-thumbnail","hentry"],"acf":[],"yoast_head":"<!-- This site is optimized with the Yoast SEO plugin v27.4 - https:\/\/yoast.com\/product\/yoast-seo-wordpress\/ -->\n<title>Pause gourmande - Corsaire Aventure \u00e0 Saint-P\u00e8re<\/title>\n<meta name=\"description\" content=\"De retour \u00e0 quai, profitez de la terrasse de la Capitainerie pour faire une pause gourmande ou m\u00eame pique-niquer !\" \/>\n<meta name=\"robots\" content=\"index, follow, max-snippet:-1, max-image-preview:large, max-video-preview:-1\" \/>\n<link rel=\"canonical\" href=\"https:\/\/www.foretadrenaline.com\/saint-pere\/pause-gourmande\/\" \/>\n<meta property=\"og:locale\" content=\"fr_FR\" \/>\n<meta property=\"og:type\" content=\"article\" \/>\n<meta property=\"og:title\" content=\"Pause gourmande - Corsaire Aventure \u00e0 Saint-P\u00e8re\" \/>\n<meta property=\"og:description\" content=\"De retour \u00e0 quai, profitez de la terrasse de la Capitainerie pour faire une pause gourmande ou m\u00eame pique-niquer !\" \/>\n<meta property=\"og:url\" content=\"https:\/\/www.foretadrenaline.com\/saint-pere\/pause-gourmande\/\" \/>\n<meta property=\"og:site_name\" content=\"For\u00eat Adr\u00e9naline - Saint-P\u00e8re\" \/>\n<meta property=\"article:modified_time\" content=\"2026-03-16T13:27:15+00:00\" \/>\n<meta property=\"og:image\" content=\"https:\/\/www.foretadrenaline.com\/saint-pere\/wp-content\/uploads\/sites\/4\/2019\/05\/parcours-chimanz\u00e9-escaliers.jpg\" \/>\n\t<meta property=\"og:image:width\" content=\"2441\" \/>\n\t<meta property=\"og:image:height\" content=\"1638\" \/>\n\t<meta property=\"og:image:type\" content=\"image\/jpeg\" \/>\n<meta name=\"twitter:card\" content=\"summary_large_image\" \/>\n<meta name=\"twitter:label1\" content=\"Dur\u00e9e de lecture estim\u00e9e\" \/>\n\t<meta name=\"twitter:data1\" content=\"2 minutes\" \/>\n<script type=\"application\/ld+json\" class=\"yoast-schema-graph\">{\"@context\":\"https:\\\/\\\/schema.org\",\"@graph\":[{\"@type\":\"WebPage\",\"@id\":\"https:\\\/\\\/www.foretadrenaline.com\\\/saint-pere\\\/pause-gourmande\\\/\",\"url\":\"https:\\\/\\\/www.foretadrenaline.com\\\/saint-pere\\\/pause-gourmande\\\/\",\"name\":\"Pause gourmande - Corsaire Aventure \u00e0 Saint-P\u00e8re\",\"isPartOf\":{\"@id\":\"https:\\\/\\\/www.foretadrenaline.com\\\/saint-pere\\\/#website\"},\"primaryImageOfPage\":{\"@id\":\"https:\\\/\\\/www.foretadrenaline.com\\\/saint-pere\\\/pause-gourmande\\\/#primaryimage\"},\"image\":{\"@id\":\"https:\\\/\\\/www.foretadrenaline.com\\\/saint-pere\\\/pause-gourmande\\\/#primaryimage\"},\"thumbnailUrl\":\"https:\\\/\\\/www.foretadrenaline.com\\\/saint-pere\\\/wp-content\\\/uploads\\\/sites\\\/4\\\/2019\\\/05\\\/parcours-chimanz\u00e9-escaliers.jpg\",\"datePublished\":\"2019-05-14T07:41:19+00:00\",\"dateModified\":\"2026-03-16T13:27:15+00:00\",\"description\":\"De retour \u00e0 quai, profitez de la terrasse de la Capitainerie pour faire une pause gourmande ou m\u00eame pique-niquer !\",\"breadcrumb\":{\"@id\":\"https:\\\/\\\/www.foretadrenaline.com\\\/saint-pere\\\/pause-gourmande\\\/#breadcrumb\"},\"inLanguage\":\"fr-FR\",\"potentialAction\":[{\"@type\":\"ReadAction\",\"target\":[\"https:\\\/\\\/www.foretadrenaline.com\\\/saint-pere\\\/pause-gourmande\\\/\"]}]},{\"@type\":\"ImageObject\",\"inLanguage\":\"fr-FR\",\"@id\":\"https:\\\/\\\/www.foretadrenaline.com\\\/saint-pere\\\/pause-gourmande\\\/#primaryimage\",\"url\":\"https:\\\/\\\/www.foretadrenaline.com\\\/saint-pere\\\/wp-content\\\/uploads\\\/sites\\\/4\\\/2019\\\/05\\\/parcours-chimanz\u00e9-escaliers.jpg\",\"contentUrl\":\"https:\\\/\\\/www.foretadrenaline.com\\\/saint-pere\\\/wp-content\\\/uploads\\\/sites\\\/4\\\/2019\\\/05\\\/parcours-chimanz\u00e9-escaliers.jpg\",\"width\":2441,\"height\":1638},{\"@type\":\"BreadcrumbList\",\"@id\":\"https:\\\/\\\/www.foretadrenaline.com\\\/saint-pere\\\/pause-gourmande\\\/#breadcrumb\",\"itemListElement\":[{\"@type\":\"ListItem\",\"position\":1,\"name\":\"Accueil\",\"item\":\"https:\\\/\\\/www.foretadrenaline.com\\\/saint-pere\\\/\"},{\"@type\":\"ListItem\",\"position\":2,\"name\":\"Pause gourmande\"}]},{\"@type\":\"WebSite\",\"@id\":\"https:\\\/\\\/www.foretadrenaline.com\\\/saint-pere\\\/#website\",\"url\":\"https:\\\/\\\/www.foretadrenaline.com\\\/saint-pere\\\/\",\"name\":\"For\u00eat Adr\u00e9naline - Saint-P\u00e8re\",\"description\":\"Un site utilisant For\u00eat Adr\u00e9naline\",\"potentialAction\":[{\"@type\":\"SearchAction\",\"target\":{\"@type\":\"EntryPoint\",\"urlTemplate\":\"https:\\\/\\\/www.foretadrenaline.com\\\/saint-pere\\\/?s={search_term_string}\"},\"query-input\":{\"@type\":\"PropertyValueSpecification\",\"valueRequired\":true,\"valueName\":\"search_term_string\"}}],\"inLanguage\":\"fr-FR\"}]}<\/script>\n<!-- \/ Yoast SEO plugin. -->","yoast_head_json":{"title":"Pause gourmande - Corsaire Aventure \u00e0 Saint-P\u00e8re","description":"De retour \u00e0 quai, profitez de la terrasse de la Capitainerie pour faire une pause gourmande ou m\u00eame pique-niquer !","robots":{"index":"index","follow":"follow","max-snippet":"max-snippet:-1","max-image-preview":"max-image-preview:large","max-video-preview":"max-video-preview:-1"},"canonical":"https:\/\/www.foretadrenaline.com\/saint-pere\/pause-gourmande\/","og_locale":"fr_FR","og_type":"article","og_title":"Pause gourmande - Corsaire Aventure \u00e0 Saint-P\u00e8re","og_description":"De retour \u00e0 quai, profitez de la terrasse de la Capitainerie pour faire une pause gourmande ou m\u00eame pique-niquer !","og_url":"https:\/\/www.foretadrenaline.com\/saint-pere\/pause-gourmande\/","og_site_name":"For\u00eat Adr\u00e9naline - Saint-P\u00e8re","article_modified_time":"2026-03-16T13:27:15+00:00","og_image":[{"width":2441,"height":1638,"url":"https:\/\/www.foretadrenaline.com\/saint-pere\/wp-content\/uploads\/sites\/4\/2019\/05\/parcours-chimanz\u00e9-escaliers.jpg","type":"image\/jpeg"}],"twitter_card":"summary_large_image","twitter_misc":{"Dur\u00e9e de lecture estim\u00e9e":"2 minutes"},"schema":{"@context":"https:\/\/schema.org","@graph":[{"@type":"WebPage","@id":"https:\/\/www.foretadrenaline.com\/saint-pere\/pause-gourmande\/","url":"https:\/\/www.foretadrenaline.com\/saint-pere\/pause-gourmande\/","name":"Pause gourmande - Corsaire Aventure \u00e0 Saint-P\u00e8re","isPartOf":{"@id":"https:\/\/www.foretadrenaline.com\/saint-pere\/#website"},"primaryImageOfPage":{"@id":"https:\/\/www.foretadrenaline.com\/saint-pere\/pause-gourmande\/#primaryimage"},"image":{"@id":"https:\/\/www.foretadrenaline.com\/saint-pere\/pause-gourmande\/#primaryimage"},"thumbnailUrl":"https:\/\/www.foretadrenaline.com\/saint-pere\/wp-content\/uploads\/sites\/4\/2019\/05\/parcours-chimanz\u00e9-escaliers.jpg","datePublished":"2019-05-14T07:41:19+00:00","dateModified":"2026-03-16T13:27:15+00:00","description":"De retour \u00e0 quai, profitez de la terrasse de la Capitainerie pour faire une pause gourmande ou m\u00eame pique-niquer !","breadcrumb":{"@id":"https:\/\/www.foretadrenaline.com\/saint-pere\/pause-gourmande\/#breadcrumb"},"inLanguage":"fr-FR","potentialAction":[{"@type":"ReadAction","target":["https:\/\/www.foretadrenaline.com\/saint-pere\/pause-gourmande\/"]}]},{"@type":"ImageObject","inLanguage":"fr-FR","@id":"https:\/\/www.foretadrenaline.com\/saint-pere\/pause-gourmande\/#primaryimage","url":"https:\/\/www.foretadrenaline.com\/saint-pere\/wp-content\/uploads\/sites\/4\/2019\/05\/parcours-chimanz\u00e9-escaliers.jpg","contentUrl":"https:\/\/www.foretadrenaline.com\/saint-pere\/wp-content\/uploads\/sites\/4\/2019\/05\/parcours-chimanz\u00e9-escaliers.jpg","width":2441,"height":1638},{"@type":"BreadcrumbList","@id":"https:\/\/www.foretadrenaline.com\/saint-pere\/pause-gourmande\/#breadcrumb","itemListElement":[{"@type":"ListItem","position":1,"name":"Accueil","item":"https:\/\/www.foretadrenaline.com\/saint-pere\/"},{"@type":"ListItem","position":2,"name":"Pause gourmande"}]},{"@type":"WebSite","@id":"https:\/\/www.foretadrenaline.com\/saint-pere\/#website","url":"https:\/\/www.foretadrenaline.com\/saint-pere\/","name":"For\u00eat Adr\u00e9naline - Saint-P\u00e8re","description":"Un site utilisant For\u00eat Adr\u00e9naline","potentialAction":[{"@type":"SearchAction","target":{"@type":"EntryPoint","urlTemplate":"https:\/\/www.foretadrenaline.com\/saint-pere\/?s={search_term_string}"},"query-input":{"@type":"PropertyValueSpecification","valueRequired":true,"valueName":"search_term_string"}}],"inLanguage":"fr-FR"}]}},"_links":{"self":[{"href":"https:\/\/www.foretadrenaline.com\/saint-pere\/wp-json\/wp\/v2\/pages\/231","targetHints":{"allow":["GET"]}}],"collection":[{"href":"https:\/\/www.foretadrenaline.com\/saint-pere\/wp-json\/wp\/v2\/pages"}],"about":[{"href":"https:\/\/www.foretadrenaline.com\/saint-pere\/wp-json\/wp\/v2\/types\/page"}],"author":[{"embeddable":true,"href":"https:\/\/www.foretadrenaline.com\/saint-pere\/wp-json\/wp\/v2\/users\/1"}],"replies":[{"embeddable":true,"href":"https:\/\/www.foretadrenaline.com\/saint-pere\/wp-json\/wp\/v2\/comments?post=231"}],"version-history":[{"count":13,"href":"https:\/\/www.foretadrenaline.com\/saint-pere\/wp-json\/wp\/v2\/pages\/231\/revisions"}],"predecessor-version":[{"id":6745,"href":"https:\/\/www.foretadrenaline.com\/saint-pere\/wp-json\/wp\/v2\/pages\/231\/revisions\/6745"}],"wp:featuredmedia":[{"embeddable":true,"href":"https:\/\/www.foretadrenaline.com\/saint-pere\/wp-json\/wp\/v2\/media\/301"}],"wp:attachment":[{"href":"https:\/\/www.foretadrenaline.com\/saint-pere\/wp-json\/wp\/v2\/media?parent=231"}],"curies":[{"name":"wp","href":"https:\/\/api.w.org\/{rel}","templated":true}]}}