{"id":235,"date":"2024-05-30T12:15:00","date_gmt":"2024-05-30T10:15:00","guid":{"rendered":"https:\/\/www.foretadrenaline.com\/saint-pere\/?page_id=235"},"modified":"2024-05-30T12:24:02","modified_gmt":"2024-05-30T10:24:02","slug":"demarche-environnementale","status":"publish","type":"page","link":"https:\/\/www.foretadrenaline.com\/saint-pere\/demarche-environnementale\/","title":{"rendered":"D\u00e9marche environnementale"},"content":{"rendered":"\n<h2 class=\"wp-block-heading\"><strong>Notre engagement environnementale<\/strong><\/h2>\n\n\n\n<p>Chez For\u00eat Adr\u00e9naline, nous sommes soucieux de la pr\u00e9servation de notre plan\u00e8te. Depuis notre cr\u00e9ation le 6 juin 2004, nous nous engageons \u00e0 int\u00e9grer des pratiques durables dans toutes nos activit\u00e9s, pla\u00e7ant ainsi la protection de l&rsquo;environnement au c\u0153ur de notre mission. Voici comment nous agissons pour pr\u00e9server notre belle plan\u00e8te !<\/p>\n\n\n\n<h2 class=\"wp-block-heading\"><strong>Association aventure M.E.N.E.C<\/strong>&nbsp;<\/h2>\n\n\n\n<p>En 2005, nous avons fond\u00e9 l&rsquo;association Aventure M.E.N.E.C (Maison des \u00c9nergies, de la Nature et de l\u2019Environnement de Carnac). L&rsquo;objectif, est de minimiser l&rsquo;impact de notre activit\u00e9 sur l&rsquo;environnement, tout en offrant des prestations de qualit\u00e9. Notre mission s&rsquo;\u00e9tend \u00e9galement \u00e0 la sensibilisation de nos clients \u00e0 l&rsquo;\u00e9cocitoyennet\u00e9.&nbsp;<\/p>\n\n\n\n<p>Nous mettons en place plusieurs actions concr\u00e8tes :&nbsp;<\/p>\n\n\n\n<h2 class=\"wp-block-heading\"><strong>Sensibilisation et information<\/strong>&nbsp;<\/h2>\n\n\n\n<ul class=\"wp-block-list\">\n<li><strong>Panneaux d&rsquo;exposition<\/strong> : Nous informons nos clients sur place \u00e0 travers des panneaux d&rsquo;exposition sur les meilleures pratiques \u00e9cologiques et les initiatives locales en faveur de l&rsquo;environnement.&nbsp;<\/li>\n<\/ul>\n\n\n\n<ul class=\"wp-block-list\">\n<li><strong>Jeux \u00e9ducatifs pour les enfants et ateliers pour les entreprises<\/strong> : Nous proposons des programmes \u00e9ducatifs pour sensibiliser les enfants aux enjeux environnementaux avec le nouveau jeu \u201c Sur les traces de Gwez et sa maison \u00e9coresponsable \u201c \u00e0 Rennes. Nous organisons des ateliers de sensibilisation et de formation pour aider les entreprises \u00e0 adopter des pratiques durables.<\/li>\n<\/ul>\n\n\n\n<h2 class=\"wp-block-heading\"><strong>Gestion \u00e9cologique des ressources<\/strong>&nbsp;<\/h2>\n\n\n\n<ul class=\"wp-block-list\">\n<li><strong>Mat\u00e9riaux recycl\u00e9s et produits respectueux de l&rsquo;environnement <\/strong>: Nous utilisons des mat\u00e9riaux recycl\u00e9s et recyclables dans nos installations. Nous favorisons l&rsquo;usage de produits respectueux de l&rsquo;environnement.\u00a0<\/li>\n<\/ul>\n\n\n\n<ul class=\"wp-block-list\">\n<li><strong>Modes de consommation responsables<\/strong> : Nous r\u00e9utilisons le papier autant que possible, limitons les impressions papier, et proposons des produits locaux et \u00e9quitables tels que des biscuits et des boissons locales.&nbsp;<\/li>\n<\/ul>\n\n\n\n<h2 class=\"wp-block-heading\"><strong>R\u00e9duction des d\u00e9chets<\/strong>&nbsp;<\/h2>\n\n\n\n<ul class=\"wp-block-list\">\n<li><strong>Syst\u00e8mes de tri et compostage<\/strong> : Nous mettons en \u0153uvre des syst\u00e8mes de tri des d\u00e9chets et utilisons des toilettes s\u00e8ches et des syst\u00e8mes de compostage des d\u00e9chets.&nbsp;<\/li>\n<\/ul>\n\n\n\n<ul class=\"wp-block-list\">\n<li><strong>Information et sensibilisation<\/strong> : Des panneaux d&rsquo;information sur place encouragent nos visiteurs \u00e0 trier leurs d\u00e9chets et \u00e0 adopter des comportements \u00e9coresponsables.&nbsp;<\/li>\n<\/ul>\n\n\n\n<h2 class=\"wp-block-heading\"><strong>\u00c9conomie d&rsquo;\u00e9nergie<\/strong>&nbsp;<\/h2>\n\n\n\n<ul class=\"wp-block-list\">\n<li><strong>Installations \u00e9nerg\u00e9tiquement efficaces <\/strong>: Nos installations sont con\u00e7ues pour optimiser l&rsquo;efficacit\u00e9 \u00e9nerg\u00e9tique, et nous utilisons des sources d&rsquo;\u00e9nergie renouvelables autant que possible.&nbsp;<\/li>\n<\/ul>\n\n\n\n<ul class=\"wp-block-list\">\n<li><strong>D\u00e9placements durables <\/strong>: Nous encourageons le covoiturage, et privil\u00e9gions les r\u00e9unions \u00e0 distance.&nbsp;<\/li>\n<\/ul>\n\n\n\n<h2 class=\"wp-block-heading\"><strong>Protection de la biodiversit\u00e9<\/strong><\/h2>\n\n\n\n<ul class=\"wp-block-list\">\n<li><strong>Am\u00e9liorations continues<\/strong> : Nous nous effor\u00e7ons constamment de trouver des axes d&rsquo;am\u00e9lioration pour minimiser notre impact environnemental.&nbsp;<\/li>\n<\/ul>\n\n\n\n<ul class=\"wp-block-list\">\n<li><strong>Fournisseurs locaux<\/strong> : Nous collaborons avec des fournisseurs locaux pour r\u00e9duire l&#8217;empreinte carbone li\u00e9e au transport de mat\u00e9riaux.&nbsp;<\/li>\n<\/ul>\n\n\n\n<ul class=\"wp-block-list\">\n<li><strong>Plateforme p\u00e9tale<\/strong> : Ce syst\u00e8me innovant utilise une sangle \u00e0 cliquet qui n&rsquo;\u00e9trangle pas le tronc. En resserrant et desserrant la sangle, l&rsquo;arbre peut \u00ab\u00a0respirer\u00a0\u00bb librement, assurant sa sant\u00e9 et sa croissance.&nbsp;<\/li>\n<\/ul>\n\n\n\n<ul class=\"wp-block-list\">\n<li><strong>Fixation sur <a href=\"https:\/\/www.leclou-sva.fr\/\">clou SVA<\/a><\/strong> : Cette m\u00e9thode implique un per\u00e7age superficiel du tronc pour y ins\u00e9rer un clou SVA sp\u00e9cialement con\u00e7u. Ce clou permet une fixation solide tout en minimisant les dommages \u00e0 l&rsquo;arbre.<\/li>\n<\/ul>\n\n\n\n<ul class=\"wp-block-list\">\n<li><strong>Tests et retours<\/strong> : Nous testons constamment de nouveaux syst\u00e8mes de fixation et attendons les retours pour trouver les meilleures solutions. Cela nous permet de nous assurer que nos m\u00e9thodes sont les moins invasives possible pour les arbres.<\/li>\n<\/ul>\n\n\n\n<ul class=\"wp-block-list\">\n<li><strong>Engagement <\/strong>: La protection des arbres est au c\u0153ur de nos pr\u00e9occupations. Chaque \u00e9tape de notre processus de construction est pens\u00e9e pour minimiser l&rsquo;impact sur les arbres et favoriser leur bien-\u00eatre.&nbsp;<\/li>\n<\/ul>\n\n\n\n<h2 class=\"wp-block-heading\"><strong>Engagements suppl\u00e9mentaires&nbsp;<\/strong><\/h2>\n\n\n\n<ul class=\"wp-block-list\">\n<li><strong>Partenariat avec <a href=\"https:\/\/www.climactions-bretagne.bzh\/\">Clim&rsquo;Actions<\/a><\/strong> : Nous participons activement \u00e0 la plantation d&rsquo;arbres pour contribuer \u00e0 la reforestation et \u00e0 la lutte contre le changement climatique.&nbsp;<\/li>\n<\/ul>\n\n\n\n<ul class=\"wp-block-list\">\n<li><strong>Labellisation qualit\u00e9 tourisme<\/strong> : Nous avons obtenu la labellisation Qualit\u00e9 Tourisme, qui reconna\u00eet notre engagement envers des th\u00e8mes cl\u00e9s tels que l&rsquo;accueil, l&rsquo;information et la durabilit\u00e9.&nbsp;<\/li>\n<\/ul>\n\n\n\n<ul class=\"wp-block-list\">\n<li><strong>Accompagnement RSE<\/strong> : Nous avons commenc\u00e9 notre accompagnement RSE avec la CCI Ille et Vilaine, d\u00e9montrant notre engagement envers la responsabilit\u00e9 soci\u00e9tale des entreprises.&nbsp;<\/li>\n<\/ul>\n\n\n\n<ul class=\"wp-block-list\">\n<li><strong>Collaboration avec <a href=\"https:\/\/tywaste.fr\/\">Ty Waste<\/a><\/strong> : Nous travaillons avec Ty Waste pour g\u00e9rer et r\u00e9duire nos d\u00e9chets de mani\u00e8re plus efficace et \u00e9cologique.&nbsp;<\/li>\n<\/ul>\n\n\n\n<h2 class=\"wp-block-heading\"><strong>Locaux respectueux de l&rsquo;environnement<\/strong>&nbsp;<\/h2>\n\n\n\n<ul class=\"wp-block-list\">\n<li><strong>Construction \u00e9cologique<\/strong> : Nos bureaux, ateliers et b\u00e2timents d&rsquo;accueil sont construits selon des normes environnementales strictes, avec des fondations l\u00e9g\u00e8res transportables sans mat\u00e9riel lourd, enti\u00e8rement d\u00e9montables.\u00a0<\/li>\n<\/ul>\n\n\n\n<ul class=\"wp-block-list\">\n<li><strong>Toilettes s\u00e8ches et compostage <\/strong>: Nos installations sont \u00e9quip\u00e9es de toilettes s\u00e8ches et de syst\u00e8mes de compostage des d\u00e9chets solides.&nbsp;<\/li>\n<\/ul>\n\n\n\n<ul class=\"wp-block-list\">\n<li><strong>R\u00e9cup\u00e9ration des eaux de pluie<\/strong> : Nous r\u00e9cup\u00e9rons les eaux de pluie pour alimenter nos laves mains et nettoyer le mat\u00e9riel.&nbsp;<\/li>\n<\/ul>\n\n\n\n<ul class=\"wp-block-list\">\n<li><strong>Mat\u00e9riaux \u00e9cologiques<\/strong> : Nous utilisons des mat\u00e9riaux tels que la laine de bois et la ouate de cellulose, et privil\u00e9gions le chauffage au bois.&nbsp;<\/li>\n<\/ul>\n\n\n\n<h2 class=\"wp-block-heading\"><strong>D\u00e9placements durables<\/strong>&nbsp;<\/h2>\n\n\n\n<ul class=\"wp-block-list\">\n<li><strong>Covoiturage <\/strong>: Nous encourageons le covoiturage.&nbsp;&nbsp;<\/li>\n<\/ul>\n\n\n\n<ul class=\"wp-block-list\">\n<li><strong>Utilisation de camions diesel <\/strong>: Nos \u00e9quipes de constructions utilisent des camions qui roulent au diesel.&nbsp;<\/li>\n<\/ul>\n\n\n\n<ul class=\"wp-block-list\">\n<li><strong>Primes \u00e9cologiques <\/strong>: Des primes sont accord\u00e9es aux employ\u00e9s venant au travail \u00e0 v\u00e9lo ou en moyen de transport \u00e9cologique.&nbsp;&nbsp;<\/li>\n<\/ul>\n\n\n\n<h2 class=\"wp-block-heading\"><strong>Un petit geste peut tout changer<\/strong>&nbsp;<\/h2>\n\n\n\n<p>Nous avons encore beaucoup de travail et pouvons encore faire mieux (r\u00e9duire les d\u00e9chets plastiques, r\u00e9duire notre emprunte Carbonne sur les d\u00e9placements,&nbsp; &#8230;.).&nbsp;&nbsp;<\/p>\n\n\n\n<p>Nous croyons fermement en l&rsquo;importance de chaque geste pour pr\u00e9server notre environnement. Lors de votre visite chez Corsaire Aventure, nous vous invitons \u00e0 adopter des comportements responsables envers vos d\u00e9chets :\u00a0<\/p>\n\n\n\n<ul class=\"wp-block-list\">\n<li><strong>Ne pas jeter les papiers par terre <\/strong>: Utilisez les poubelles disponibles.&nbsp;<\/li>\n<\/ul>\n\n\n\n<ul class=\"wp-block-list\">\n<li><strong>Utilisation des poubelles de tri s\u00e9lectif <\/strong>: Recyclez les cartons, bouteilles, canettes et autres mat\u00e9riaux recyclables.&nbsp;<\/li>\n<\/ul>\n\n\n\n<ul class=\"wp-block-list\">\n<li><strong>D\u00e9posez les autres d\u00e9chets dans la poubelle normale<\/strong> : Contribuez \u00e0 maintenir notre parc propre et agr\u00e9able pour tous.&nbsp;<\/li>\n<\/ul>\n\n\n\n<p>En agissant ainsi, vous participez \u00e0 un changement plus large en faveur de la pr\u00e9servation de notre plan\u00e8te. Ensemble, nous pouvons faire la diff\u00e9rence !&nbsp;<\/p>\n\n\n\n<div class=\"wp-block-button aligncenter\"><a class=\"wp-block-button__link has-white-color has-vivid-cyan-blue-background-color has-text-color has-background has-link-color wp-element-button\">T\u00e9l\u00e9charger ici la charte environnementale <\/a><\/div>\n","protected":false},"excerpt":{"rendered":"<p>Notre engagement environnementale Chez For\u00eat Adr\u00e9naline, nous sommes soucieux de la pr\u00e9servation de notre plan\u00e8te. Depuis notre cr\u00e9ation le 6 juin 2004, nous nous engageons \u00e0 int\u00e9grer des pratiques durables dans toutes nos activit\u00e9s, pla\u00e7ant ainsi la protection de l&rsquo;environnement au c\u0153ur de notre mission. Voici comment nous agissons pour pr\u00e9server notre belle plan\u00e8te !&hellip;<\/p>\n","protected":false},"author":1,"featured_media":509,"parent":0,"menu_order":0,"comment_status":"closed","ping_status":"closed","template":"","meta":{"_acf_changed":false,"footnotes":""},"class_list":["post-235","page","type-page","status-publish","has-post-thumbnail","hentry"],"acf":[],"yoast_head":"<!-- This site is optimized with the Yoast SEO plugin v27.5 - https:\/\/yoast.com\/product\/yoast-seo-wordpress\/ -->\n<title>D\u00e9marche environnementale - Corsaire Aventure - St P\u00e8re<\/title>\n<meta name=\"description\" content=\"D\u00e9couvrez la d\u00e9marche environnementale de notre parc, sur le th\u00e8me de la biodiversit\u00e9 et du d\u00e9veloppement durable.\" \/>\n<meta name=\"robots\" content=\"index, follow, max-snippet:-1, max-image-preview:large, max-video-preview:-1\" \/>\n<link rel=\"canonical\" href=\"https:\/\/www.foretadrenaline.com\/saint-pere\/demarche-environnementale\/\" \/>\n<meta property=\"og:locale\" content=\"fr_FR\" \/>\n<meta property=\"og:type\" content=\"article\" \/>\n<meta property=\"og:title\" content=\"D\u00e9marche environnementale - Corsaire Aventure - St P\u00e8re\" \/>\n<meta property=\"og:description\" content=\"D\u00e9couvrez la d\u00e9marche environnementale de notre parc, sur le th\u00e8me de la biodiversit\u00e9 et du d\u00e9veloppement durable.\" \/>\n<meta property=\"og:url\" content=\"https:\/\/www.foretadrenaline.com\/saint-pere\/demarche-environnementale\/\" \/>\n<meta property=\"og:site_name\" content=\"For\u00eat Adr\u00e9naline - Saint-P\u00e8re\" \/>\n<meta property=\"article:modified_time\" content=\"2024-05-30T10:24:02+00:00\" \/>\n<meta property=\"og:image\" content=\"https:\/\/www.foretadrenaline.com\/saint-pere\/wp-content\/uploads\/sites\/4\/2019\/05\/saut-de-tarzan-corsaire-aventure-e1560427358995-1024x1024.jpg\" \/>\n\t<meta property=\"og:image:width\" content=\"1024\" \/>\n\t<meta property=\"og:image:height\" content=\"1024\" \/>\n\t<meta property=\"og:image:type\" content=\"image\/jpeg\" \/>\n<meta name=\"twitter:card\" content=\"summary_large_image\" \/>\n<meta name=\"twitter:label1\" content=\"Dur\u00e9e de lecture estim\u00e9e\" \/>\n\t<meta name=\"twitter:data1\" content=\"5 minutes\" \/>\n<script type=\"application\/ld+json\" class=\"yoast-schema-graph\">{\"@context\":\"https:\\\/\\\/schema.org\",\"@graph\":[{\"@type\":\"WebPage\",\"@id\":\"https:\\\/\\\/www.foretadrenaline.com\\\/saint-pere\\\/demarche-environnementale\\\/\",\"url\":\"https:\\\/\\\/www.foretadrenaline.com\\\/saint-pere\\\/demarche-environnementale\\\/\",\"name\":\"D\u00e9marche environnementale - Corsaire Aventure - St P\u00e8re\",\"isPartOf\":{\"@id\":\"https:\\\/\\\/www.foretadrenaline.com\\\/saint-pere\\\/#website\"},\"primaryImageOfPage\":{\"@id\":\"https:\\\/\\\/www.foretadrenaline.com\\\/saint-pere\\\/demarche-environnementale\\\/#primaryimage\"},\"image\":{\"@id\":\"https:\\\/\\\/www.foretadrenaline.com\\\/saint-pere\\\/demarche-environnementale\\\/#primaryimage\"},\"thumbnailUrl\":\"https:\\\/\\\/www.foretadrenaline.com\\\/saint-pere\\\/wp-content\\\/uploads\\\/sites\\\/4\\\/2019\\\/05\\\/saut-de-tarzan-corsaire-aventure-e1560427358995.jpg\",\"datePublished\":\"2024-05-30T10:15:00+00:00\",\"dateModified\":\"2024-05-30T10:24:02+00:00\",\"description\":\"D\u00e9couvrez la d\u00e9marche environnementale de notre parc, sur le th\u00e8me de la biodiversit\u00e9 et du d\u00e9veloppement durable.\",\"breadcrumb\":{\"@id\":\"https:\\\/\\\/www.foretadrenaline.com\\\/saint-pere\\\/demarche-environnementale\\\/#breadcrumb\"},\"inLanguage\":\"fr-FR\",\"potentialAction\":[{\"@type\":\"ReadAction\",\"target\":[\"https:\\\/\\\/www.foretadrenaline.com\\\/saint-pere\\\/demarche-environnementale\\\/\"]}]},{\"@type\":\"ImageObject\",\"inLanguage\":\"fr-FR\",\"@id\":\"https:\\\/\\\/www.foretadrenaline.com\\\/saint-pere\\\/demarche-environnementale\\\/#primaryimage\",\"url\":\"https:\\\/\\\/www.foretadrenaline.com\\\/saint-pere\\\/wp-content\\\/uploads\\\/sites\\\/4\\\/2019\\\/05\\\/saut-de-tarzan-corsaire-aventure-e1560427358995.jpg\",\"contentUrl\":\"https:\\\/\\\/www.foretadrenaline.com\\\/saint-pere\\\/wp-content\\\/uploads\\\/sites\\\/4\\\/2019\\\/05\\\/saut-de-tarzan-corsaire-aventure-e1560427358995.jpg\",\"width\":3648,\"height\":3652},{\"@type\":\"BreadcrumbList\",\"@id\":\"https:\\\/\\\/www.foretadrenaline.com\\\/saint-pere\\\/demarche-environnementale\\\/#breadcrumb\",\"itemListElement\":[{\"@type\":\"ListItem\",\"position\":1,\"name\":\"Accueil\",\"item\":\"https:\\\/\\\/www.foretadrenaline.com\\\/saint-pere\\\/\"},{\"@type\":\"ListItem\",\"position\":2,\"name\":\"D\u00e9marche environnementale\"}]},{\"@type\":\"WebSite\",\"@id\":\"https:\\\/\\\/www.foretadrenaline.com\\\/saint-pere\\\/#website\",\"url\":\"https:\\\/\\\/www.foretadrenaline.com\\\/saint-pere\\\/\",\"name\":\"For\u00eat Adr\u00e9naline - Saint-P\u00e8re\",\"description\":\"Un site utilisant For\u00eat Adr\u00e9naline\",\"potentialAction\":[{\"@type\":\"SearchAction\",\"target\":{\"@type\":\"EntryPoint\",\"urlTemplate\":\"https:\\\/\\\/www.foretadrenaline.com\\\/saint-pere\\\/?s={search_term_string}\"},\"query-input\":{\"@type\":\"PropertyValueSpecification\",\"valueRequired\":true,\"valueName\":\"search_term_string\"}}],\"inLanguage\":\"fr-FR\"}]}<\/script>\n<!-- \/ Yoast SEO plugin. -->","yoast_head_json":{"title":"D\u00e9marche environnementale - Corsaire Aventure - St P\u00e8re","description":"D\u00e9couvrez la d\u00e9marche environnementale de notre parc, sur le th\u00e8me de la biodiversit\u00e9 et du d\u00e9veloppement durable.","robots":{"index":"index","follow":"follow","max-snippet":"max-snippet:-1","max-image-preview":"max-image-preview:large","max-video-preview":"max-video-preview:-1"},"canonical":"https:\/\/www.foretadrenaline.com\/saint-pere\/demarche-environnementale\/","og_locale":"fr_FR","og_type":"article","og_title":"D\u00e9marche environnementale - Corsaire Aventure - St P\u00e8re","og_description":"D\u00e9couvrez la d\u00e9marche environnementale de notre parc, sur le th\u00e8me de la biodiversit\u00e9 et du d\u00e9veloppement durable.","og_url":"https:\/\/www.foretadrenaline.com\/saint-pere\/demarche-environnementale\/","og_site_name":"For\u00eat Adr\u00e9naline - Saint-P\u00e8re","article_modified_time":"2024-05-30T10:24:02+00:00","og_image":[{"width":1024,"height":1024,"url":"https:\/\/www.foretadrenaline.com\/saint-pere\/wp-content\/uploads\/sites\/4\/2019\/05\/saut-de-tarzan-corsaire-aventure-e1560427358995-1024x1024.jpg","type":"image\/jpeg"}],"twitter_card":"summary_large_image","twitter_misc":{"Dur\u00e9e de lecture estim\u00e9e":"5 minutes"},"schema":{"@context":"https:\/\/schema.org","@graph":[{"@type":"WebPage","@id":"https:\/\/www.foretadrenaline.com\/saint-pere\/demarche-environnementale\/","url":"https:\/\/www.foretadrenaline.com\/saint-pere\/demarche-environnementale\/","name":"D\u00e9marche environnementale - Corsaire Aventure - St P\u00e8re","isPartOf":{"@id":"https:\/\/www.foretadrenaline.com\/saint-pere\/#website"},"primaryImageOfPage":{"@id":"https:\/\/www.foretadrenaline.com\/saint-pere\/demarche-environnementale\/#primaryimage"},"image":{"@id":"https:\/\/www.foretadrenaline.com\/saint-pere\/demarche-environnementale\/#primaryimage"},"thumbnailUrl":"https:\/\/www.foretadrenaline.com\/saint-pere\/wp-content\/uploads\/sites\/4\/2019\/05\/saut-de-tarzan-corsaire-aventure-e1560427358995.jpg","datePublished":"2024-05-30T10:15:00+00:00","dateModified":"2024-05-30T10:24:02+00:00","description":"D\u00e9couvrez la d\u00e9marche environnementale de notre parc, sur le th\u00e8me de la biodiversit\u00e9 et du d\u00e9veloppement durable.","breadcrumb":{"@id":"https:\/\/www.foretadrenaline.com\/saint-pere\/demarche-environnementale\/#breadcrumb"},"inLanguage":"fr-FR","potentialAction":[{"@type":"ReadAction","target":["https:\/\/www.foretadrenaline.com\/saint-pere\/demarche-environnementale\/"]}]},{"@type":"ImageObject","inLanguage":"fr-FR","@id":"https:\/\/www.foretadrenaline.com\/saint-pere\/demarche-environnementale\/#primaryimage","url":"https:\/\/www.foretadrenaline.com\/saint-pere\/wp-content\/uploads\/sites\/4\/2019\/05\/saut-de-tarzan-corsaire-aventure-e1560427358995.jpg","contentUrl":"https:\/\/www.foretadrenaline.com\/saint-pere\/wp-content\/uploads\/sites\/4\/2019\/05\/saut-de-tarzan-corsaire-aventure-e1560427358995.jpg","width":3648,"height":3652},{"@type":"BreadcrumbList","@id":"https:\/\/www.foretadrenaline.com\/saint-pere\/demarche-environnementale\/#breadcrumb","itemListElement":[{"@type":"ListItem","position":1,"name":"Accueil","item":"https:\/\/www.foretadrenaline.com\/saint-pere\/"},{"@type":"ListItem","position":2,"name":"D\u00e9marche environnementale"}]},{"@type":"WebSite","@id":"https:\/\/www.foretadrenaline.com\/saint-pere\/#website","url":"https:\/\/www.foretadrenaline.com\/saint-pere\/","name":"For\u00eat Adr\u00e9naline - Saint-P\u00e8re","description":"Un site utilisant For\u00eat Adr\u00e9naline","potentialAction":[{"@type":"SearchAction","target":{"@type":"EntryPoint","urlTemplate":"https:\/\/www.foretadrenaline.com\/saint-pere\/?s={search_term_string}"},"query-input":{"@type":"PropertyValueSpecification","valueRequired":true,"valueName":"search_term_string"}}],"inLanguage":"fr-FR"}]}},"_links":{"self":[{"href":"https:\/\/www.foretadrenaline.com\/saint-pere\/wp-json\/wp\/v2\/pages\/235","targetHints":{"allow":["GET"]}}],"collection":[{"href":"https:\/\/www.foretadrenaline.com\/saint-pere\/wp-json\/wp\/v2\/pages"}],"about":[{"href":"https:\/\/www.foretadrenaline.com\/saint-pere\/wp-json\/wp\/v2\/types\/page"}],"author":[{"embeddable":true,"href":"https:\/\/www.foretadrenaline.com\/saint-pere\/wp-json\/wp\/v2\/users\/1"}],"replies":[{"embeddable":true,"href":"https:\/\/www.foretadrenaline.com\/saint-pere\/wp-json\/wp\/v2\/comments?post=235"}],"version-history":[{"count":18,"href":"https:\/\/www.foretadrenaline.com\/saint-pere\/wp-json\/wp\/v2\/pages\/235\/revisions"}],"predecessor-version":[{"id":5725,"href":"https:\/\/www.foretadrenaline.com\/saint-pere\/wp-json\/wp\/v2\/pages\/235\/revisions\/5725"}],"wp:featuredmedia":[{"embeddable":true,"href":"https:\/\/www.foretadrenaline.com\/saint-pere\/wp-json\/wp\/v2\/media\/509"}],"wp:attachment":[{"href":"https:\/\/www.foretadrenaline.com\/saint-pere\/wp-json\/wp\/v2\/media?parent=235"}],"curies":[{"name":"wp","href":"https:\/\/api.w.org\/{rel}","templated":true}]}}