{"id":6857,"date":"2026-04-08T14:48:32","date_gmt":"2026-04-08T12:48:32","guid":{"rendered":"https:\/\/www.foretadrenaline.com\/saint-pere\/?page_id=6857"},"modified":"2026-04-08T15:26:33","modified_gmt":"2026-04-08T13:26:33","slug":"les-reductions","status":"publish","type":"page","link":"https:\/\/www.foretadrenaline.com\/saint-pere\/les-reductions\/","title":{"rendered":"Toutes nos r\u00e9ductions"},"content":{"rendered":"\n<h2 class=\"wp-block-heading\">Les r\u00e9ductions<\/h2>\n\n\n\n<p>Veuillez trouver ci-dessous toutes nos r\u00e9ductions. <br>Les r\u00e9ductions ne sont pas cumulables sauf le d\u00e9part \u00e0 tarif r\u00e9duit en r\u00e9servant en ligne.<br>Le d\u00e9part \u00e0 tarif r\u00e9duit est visible et d\u00e9duit directement sur la r\u00e9servation en ligne. Les autres r\u00e9ductions seront ajout\u00e9es et appliqu\u00e9es le jour de votre venue, en caisse (aucun paiement en ligne).<br><\/p>\n\n\n\n<div class=\"wp-block-group bloc-texte-icone is-nowrap is-layout-flex wp-container-core-group-is-layout-d653275e wp-block-group-is-layout-flex\">\n<div class=\"wp-block-group bloc-texte-icone-img has-main-color has-blue-light-background-color has-text-color has-background has-link-color wp-elements-c3ceae6bd7f070086000c0cad94e8aaa\"><div class=\"wp-block-group__inner-container is-layout-constrained wp-block-group-is-layout-constrained\">\n<figure class=\"wp-block-image size-full\"><img decoding=\"async\" src=\"https:\/\/www.foretadrenaline.com\/carnac\/wp-content\/uploads\/sites\/2\/2026\/03\/appointment_meeting_schedule_arrangement_booking_icon_262931-e1774537598259.png\" alt=\"\" class=\"wp-image-9610\" style=\"object-fit:cover\" \/><\/figure>\n<\/div><\/div>\n\n\n\n<div class=\"wp-block-group bloc-texte-icone-contenu has-main-color has-blue-light-background-color has-text-color has-background has-link-color wp-elements-f552c429ce0701e772c669728eb09f34 is-vertical is-layout-flex wp-container-core-group-is-layout-8cf370e7 wp-block-group-is-layout-flex\">\n<p class=\"bloc-texte-icone\"><strong>R\u00e9servation en ligne<\/strong> &#8211; <strong>1 d\u00e9part par jour \u00e0 10% de r\u00e9duction <\/strong><\/p>\n\n\n\n<p class=\"bloc-texte-icone\">En r\u00e9servant en ligne et en choisissant le d\u00e9part \u00e0 tarif r\u00e9duit<\/p>\n<\/div>\n<\/div>\n\n\n\n<div style=\"height:8px\" aria-hidden=\"true\" class=\"wp-block-spacer\"><\/div>\n\n\n\n<div class=\"wp-block-group bloc-texte-icone bloc-texte-icone-droite is-nowrap is-layout-flex wp-container-core-group-is-layout-d653275e wp-block-group-is-layout-flex\">\n<div class=\"wp-block-group bloc-texte-icone-contenu has-main-color has-blue-light-background-color has-text-color has-background has-link-color wp-elements-3111e4dc1219b1433b3183dd95eb9f5f is-vertical is-layout-flex wp-container-core-group-is-layout-8cf370e7 wp-block-group-is-layout-flex\">\n<p class=\"bloc-texte-icone\"><strong>\u00c9tudiant &#8211; 20% de r\u00e9duction<\/strong><\/p>\n\n\n\n<p class=\"bloc-texte-icone\">Sur pr\u00e9sentation de votre carte \u00e9tudiante en cours de validit\u00e9. La carte lyc\u00e9enne n&rsquo;est pas valable <\/p>\n<\/div>\n\n\n\n<div class=\"wp-block-group bloc-texte-icone-img has-main-color has-blue-light-background-color has-text-color has-background has-link-color wp-elements-a430891281f94bd5d9469c4847c7945c\"><div class=\"wp-block-group__inner-container is-layout-constrained wp-block-group-is-layout-constrained\">\n<figure class=\"wp-block-image size-full\"><img decoding=\"async\" src=\"https:\/\/www.foretadrenaline.com\/carnac\/wp-content\/uploads\/sites\/2\/2026\/03\/student_3540-e1774537588651.png\" alt=\"\" class=\"wp-image-9608\" style=\"object-fit:cover\" \/><\/figure>\n<\/div><\/div>\n<\/div>\n\n\n\n<div style=\"height:8px\" aria-hidden=\"true\" class=\"wp-block-spacer\"><\/div>\n\n\n\n<div class=\"wp-block-group bloc-texte-icone has-main-color has-blue-light-background-color has-text-color has-background has-link-color wp-elements-81fd88da13e4efb115d2ee56f4f4806f is-nowrap is-layout-flex wp-container-core-group-is-layout-d653275e wp-block-group-is-layout-flex\">\n<div class=\"wp-block-group bloc-texte-icone-img has-main-color has-blue-light-background-color has-text-color has-background has-link-color wp-elements-4a821041e31cc7bfde396584b4cfaa74\"><div class=\"wp-block-group__inner-container is-layout-constrained wp-block-group-is-layout-constrained\">\n<figure class=\"wp-block-image size-full\"><img decoding=\"async\" src=\"https:\/\/www.foretadrenaline.com\/carnac\/wp-content\/uploads\/sites\/2\/2026\/03\/10179oldwomanmediumskintone_109939-e1774537529256.png\" alt=\"\" class=\"wp-image-9596\" style=\"object-fit:cover\" \/><\/figure>\n<\/div><\/div>\n\n\n\n<div class=\"wp-block-group bloc-texte-icone-contenu has-main-color has-blue-light-background-color has-text-color has-background has-link-color wp-elements-190fa64e4e73807033af4786d62f4224 is-vertical is-layout-flex wp-container-core-group-is-layout-8cf370e7 wp-block-group-is-layout-flex\">\n<p class=\"bloc-texte-icone\"><strong>Senior<\/strong> <strong>&#8211; 20% de r\u00e9duction<\/strong><\/p>\n\n\n\n<p>A partir de 65 ans et sur pr\u00e9sentation de votre carte d&rsquo;identit\u00e9. Valable sur le tarif adulte ou accompagnateur.<\/p>\n<\/div>\n<\/div>\n\n\n\n<div style=\"height:8px\" aria-hidden=\"true\" class=\"wp-block-spacer\"><\/div>\n\n\n\n<div class=\"wp-block-group bloc-texte-icone bloc-texte-icone-droite is-nowrap is-layout-flex wp-container-core-group-is-layout-d653275e wp-block-group-is-layout-flex\">\n<div class=\"wp-block-group bloc-texte-icone-contenu has-main-color has-blue-light-background-color has-text-color has-background has-link-color wp-elements-e720feabfdb324b14c62fdd5c6bbb3d6 is-vertical is-layout-flex wp-container-core-group-is-layout-8cf370e7 wp-block-group-is-layout-flex\">\n<p class=\"bloc-texte-icone\"><strong>Personne \u00e0 mobilit\u00e9 r\u00e9duite &#8211; 20% de r\u00e9duction<\/strong><\/p>\n\n\n\n<p class=\"bloc-texte-icone\">Sur pr\u00e9sentation de votre carte handicap\u00e9. <\/p>\n<\/div>\n\n\n\n<div class=\"wp-block-group bloc-texte-icone-img has-main-color has-blue-light-background-color has-text-color has-background has-link-color wp-elements-9ea2cecd3259be0829c3fc4ee3c1e9c4\"><div class=\"wp-block-group__inner-container is-layout-constrained wp-block-group-is-layout-constrained\">\n<figure class=\"wp-block-image size-full\"><img decoding=\"async\" src=\"https:\/\/www.foretadrenaline.com\/carnac\/wp-content\/uploads\/sites\/2\/2026\/03\/access_handicapped_disabled_person_patient_usability_disability_wheelchair_accessibility_icon_259540-e1774537577149.png\" alt=\"\" class=\"wp-image-9606\" style=\"object-fit:cover\" \/><\/figure>\n<\/div><\/div>\n<\/div>\n\n\n\n<div style=\"height:8px\" aria-hidden=\"true\" class=\"wp-block-spacer\"><\/div>\n\n\n\n<div class=\"wp-block-group bloc-texte-icone is-nowrap is-layout-flex wp-container-core-group-is-layout-d653275e wp-block-group-is-layout-flex\">\n<div class=\"wp-block-group bloc-texte-icone-img has-main-color has-blue-light-background-color has-text-color has-background has-link-color wp-elements-8e92a6180c4dd49362f84b76d9db25a5\"><div class=\"wp-block-group__inner-container is-layout-constrained wp-block-group-is-layout-constrained\">\n<figure class=\"wp-block-image size-full\"><img decoding=\"async\" src=\"https:\/\/www.foretadrenaline.com\/carnac\/wp-content\/uploads\/sites\/2\/2026\/03\/bicycle_120913-e1774011010752.png\" alt=\"\" class=\"wp-image-9212\" style=\"object-fit:cover\" \/><\/figure>\n<\/div><\/div>\n\n\n\n<div class=\"wp-block-group bloc-texte-icone-contenu has-main-color has-blue-light-background-color has-text-color has-background has-link-color wp-elements-a76655593353e9a865d1da7ddf862284 is-vertical is-layout-flex wp-container-core-group-is-layout-8cf370e7 wp-block-group-is-layout-flex\">\n<p class=\"bloc-texte-icone\"><strong>Cycliste &amp; Bus<\/strong> <strong>&#8211; 20% de r\u00e9duction<\/strong><\/p>\n\n\n\n<p>Si vous venez au parc \u00e0 v\u00e9lo. Pr\u00e9sentation du v\u00e9lo en caisse obligatoire (parking disponible en face). Pour les bus, sur pr\u00e9sentation du ticket.<\/p>\n<\/div>\n<\/div>\n\n\n\n<div style=\"height:8px\" aria-hidden=\"true\" class=\"wp-block-spacer\"><\/div>\n\n\n\n<div class=\"wp-block-group bloc-texte-icone bloc-texte-icone-droite is-nowrap is-layout-flex wp-container-core-group-is-layout-d653275e wp-block-group-is-layout-flex\">\n<div class=\"wp-block-group bloc-texte-icone-contenu has-main-color has-blue-light-background-color has-text-color has-background has-link-color wp-elements-6eb85742dc1f93ec8b0f3d546ee8e1e0 is-vertical is-layout-flex wp-container-core-group-is-layout-8cf370e7 wp-block-group-is-layout-flex\">\n<p class=\"bloc-texte-icone\"><strong>Comit\u00e9 d&rsquo;entreprise partenaire<\/strong> &#8211; <strong>10% ou 20% de r\u00e9duction<\/strong><\/p>\n\n\n\n<p class=\"bloc-texte-icone\">-10% sur pr\u00e9sentation d&rsquo;une carte de membre. -20% en billetterie (convention partenariat \u00e0 demander \u00e0 rennes@foretadrenaline.com).<\/p>\n<\/div>\n\n\n\n<div class=\"wp-block-group bloc-texte-icone-img has-main-color has-blue-light-background-color has-text-color has-background has-link-color wp-elements-542af1714a2de52411b4a9e0e226576f\"><div class=\"wp-block-group__inner-container is-layout-constrained wp-block-group-is-layout-constrained\">\n<figure class=\"wp-block-image size-full\"><img decoding=\"async\" src=\"https:\/\/www.foretadrenaline.com\/carnac\/wp-content\/uploads\/sites\/2\/2026\/03\/user_identification_pass_id_personal_card_student_icon_266902-e1774523325447.png\" alt=\"\" class=\"wp-image-9554\" style=\"object-fit:cover\" \/><\/figure>\n<\/div><\/div>\n<\/div>\n\n\n\n<div style=\"height:8px\" aria-hidden=\"true\" class=\"wp-block-spacer\"><\/div>\n\n\n\n<div class=\"wp-block-group bloc-texte-icone is-nowrap is-layout-flex wp-container-core-group-is-layout-d653275e wp-block-group-is-layout-flex\">\n<div class=\"wp-block-group bloc-texte-icone-img has-main-color has-blue-light-background-color has-text-color has-background has-link-color wp-elements-d1024bd38b63032937ea479c2d4f9df4\"><div class=\"wp-block-group__inner-container is-layout-constrained wp-block-group-is-layout-constrained\">\n<figure class=\"wp-block-image size-full\"><img decoding=\"async\" src=\"https:\/\/www.foretadrenaline.com\/carnac\/wp-content\/uploads\/sites\/2\/2026\/03\/group-of-people-in-a-formation_icon-icons.com_70476-e1774537568579.png\" alt=\"\" class=\"wp-image-9604\" style=\"object-fit:cover\" \/><\/figure>\n<\/div><\/div>\n\n\n\n<div class=\"wp-block-group bloc-texte-icone-contenu has-main-color has-blue-light-background-color has-text-color has-background has-link-color wp-elements-db544236c9cea209b2dee7f3b68d4eae is-vertical is-layout-flex wp-container-core-group-is-layout-8cf370e7 wp-block-group-is-layout-flex\">\n<p class=\"bloc-texte-icone\"><strong>Famille nombreuse &amp; Groupe de 10 personnes et +<\/strong> :  <strong>&#8211; 10% de r\u00e9duction<\/strong> <\/p>\n\n\n\n<ul class=\"wp-block-list\">\n<li>Famille: Pour l&rsquo;achat de <strong>2 entr\u00e9es adultes ou accompagnateurs + 3 entr\u00e9es enfants<\/strong> (2 ans et +). Un seul encaissement\/ticket, une m\u00eame famille.<\/li>\n\n\n\n<li>Groupe: Pour l&rsquo;achat de 10 entr\u00e9es et +<\/li>\n<\/ul>\n<\/div>\n<\/div>\n\n\n\n<div style=\"height:8px\" aria-hidden=\"true\" class=\"wp-block-spacer\"><\/div>\n\n\n\n<div class=\"wp-block-group bloc-texte-icone bloc-texte-icone-droite is-nowrap is-layout-flex wp-container-core-group-is-layout-d653275e wp-block-group-is-layout-flex\">\n<div class=\"wp-block-group bloc-texte-icone-contenu has-main-color has-blue-light-background-color has-text-color has-background has-link-color wp-elements-4786d5f346bb9708007e1b65863e0a55 is-vertical is-layout-flex wp-container-core-group-is-layout-8cf370e7 wp-block-group-is-layout-flex\">\n<p class=\"bloc-texte-icone\"><strong>Carte Fid\u00e9lit\u00e9 &amp; Pass annuel -2\u20ac de r\u00e9duction<\/strong><\/p>\n\n\n\n<p class=\"bloc-texte-icone\">Carte Fid\u00e9lit\u00e9: Demander la \u00e0 l&rsquo;accueil, elle est gratuite! Vos coordonn\u00e9es vous seront demand\u00e9es.<br>Pass annuel: Si vous venez avec une personne poss\u00e9dant le pass annuel, vous b\u00e9n\u00e9ficiez de cette r\u00e9duction<\/p>\n<\/div>\n\n\n\n<div class=\"wp-block-group bloc-texte-icone-img has-main-color has-blue-light-background-color has-text-color has-background has-link-color wp-elements-542af1714a2de52411b4a9e0e226576f\"><div class=\"wp-block-group__inner-container is-layout-constrained wp-block-group-is-layout-constrained\">\n<figure class=\"wp-block-image size-full\"><img decoding=\"async\" src=\"https:\/\/www.foretadrenaline.com\/carnac\/wp-content\/uploads\/sites\/2\/2026\/03\/user_identification_pass_id_personal_card_student_icon_266902-e1774523325447.png\" alt=\"\" class=\"wp-image-9554\" style=\"object-fit:cover\" \/><\/figure>\n<\/div><\/div>\n<\/div>\n\n\n\n<div style=\"height:8px\" aria-hidden=\"true\" class=\"wp-block-spacer\"><\/div>\n","protected":false},"excerpt":{"rendered":"<p>Les r\u00e9ductions Veuillez trouver ci-dessous toutes nos r\u00e9ductions. Les r\u00e9ductions ne sont pas cumulables sauf le d\u00e9part \u00e0 tarif r\u00e9duit en r\u00e9servant en ligne.Le d\u00e9part \u00e0 tarif r\u00e9duit est visible et d\u00e9duit directement sur la r\u00e9servation en ligne. Les autres r\u00e9ductions seront ajout\u00e9es et appliqu\u00e9es le jour de votre venue, en caisse (aucun paiement en&hellip;<\/p>\n","protected":false},"author":2,"featured_media":0,"parent":0,"menu_order":0,"comment_status":"closed","ping_status":"closed","template":"","meta":{"_acf_changed":false,"footnotes":""},"class_list":["post-6857","page","type-page","status-publish","hentry"],"acf":[],"yoast_head":"<!-- This site is optimized with the Yoast SEO plugin v27.3 - https:\/\/yoast.com\/product\/yoast-seo-wordpress\/ -->\n<title>Toutes nos r\u00e9ductions - For\u00eat Adr\u00e9naline - Saint-P\u00e8re<\/title>\n<meta name=\"description\" content=\"D\u00e9couvrez ici toutes les r\u00e9ductions du parc Corsaire Aventure: \u00e9tudiant, senior, v\u00e9lo, famille, r\u00e9servation en ligne etc...\" \/>\n<meta name=\"robots\" content=\"index, follow, max-snippet:-1, max-image-preview:large, max-video-preview:-1\" \/>\n<link rel=\"canonical\" href=\"https:\/\/www.foretadrenaline.com\/saint-pere\/les-reductions\/\" \/>\n<meta property=\"og:locale\" content=\"fr_FR\" \/>\n<meta property=\"og:type\" content=\"article\" \/>\n<meta property=\"og:title\" content=\"Toutes nos r\u00e9ductions - For\u00eat Adr\u00e9naline - Saint-P\u00e8re\" \/>\n<meta property=\"og:description\" content=\"D\u00e9couvrez ici toutes les r\u00e9ductions du parc Corsaire Aventure: \u00e9tudiant, senior, v\u00e9lo, famille, r\u00e9servation en ligne etc...\" \/>\n<meta property=\"og:url\" content=\"https:\/\/www.foretadrenaline.com\/saint-pere\/les-reductions\/\" \/>\n<meta property=\"og:site_name\" content=\"For\u00eat Adr\u00e9naline - Saint-P\u00e8re\" \/>\n<meta property=\"article:modified_time\" content=\"2026-04-08T13:26:33+00:00\" \/>\n<meta name=\"twitter:card\" content=\"summary_large_image\" \/>\n<meta name=\"twitter:label1\" content=\"Dur\u00e9e de lecture estim\u00e9e\" \/>\n\t<meta name=\"twitter:data1\" content=\"3 minutes\" \/>\n<script type=\"application\/ld+json\" class=\"yoast-schema-graph\">{\"@context\":\"https:\\\/\\\/schema.org\",\"@graph\":[{\"@type\":\"WebPage\",\"@id\":\"https:\\\/\\\/www.foretadrenaline.com\\\/saint-pere\\\/les-reductions\\\/\",\"url\":\"https:\\\/\\\/www.foretadrenaline.com\\\/saint-pere\\\/les-reductions\\\/\",\"name\":\"Toutes nos r\u00e9ductions - For\u00eat Adr\u00e9naline - Saint-P\u00e8re\",\"isPartOf\":{\"@id\":\"https:\\\/\\\/www.foretadrenaline.com\\\/saint-pere\\\/#website\"},\"primaryImageOfPage\":{\"@id\":\"https:\\\/\\\/www.foretadrenaline.com\\\/saint-pere\\\/les-reductions\\\/#primaryimage\"},\"image\":{\"@id\":\"https:\\\/\\\/www.foretadrenaline.com\\\/saint-pere\\\/les-reductions\\\/#primaryimage\"},\"thumbnailUrl\":\"https:\\\/\\\/www.foretadrenaline.com\\\/carnac\\\/wp-content\\\/uploads\\\/sites\\\/2\\\/2026\\\/03\\\/appointment_meeting_schedule_arrangement_booking_icon_262931-e1774537598259.png\",\"datePublished\":\"2026-04-08T12:48:32+00:00\",\"dateModified\":\"2026-04-08T13:26:33+00:00\",\"description\":\"D\u00e9couvrez ici toutes les r\u00e9ductions du parc Corsaire Aventure: \u00e9tudiant, senior, v\u00e9lo, famille, r\u00e9servation en ligne etc...\",\"breadcrumb\":{\"@id\":\"https:\\\/\\\/www.foretadrenaline.com\\\/saint-pere\\\/les-reductions\\\/#breadcrumb\"},\"inLanguage\":\"fr-FR\",\"potentialAction\":[{\"@type\":\"ReadAction\",\"target\":[\"https:\\\/\\\/www.foretadrenaline.com\\\/saint-pere\\\/les-reductions\\\/\"]}]},{\"@type\":\"ImageObject\",\"inLanguage\":\"fr-FR\",\"@id\":\"https:\\\/\\\/www.foretadrenaline.com\\\/saint-pere\\\/les-reductions\\\/#primaryimage\",\"url\":\"https:\\\/\\\/www.foretadrenaline.com\\\/carnac\\\/wp-content\\\/uploads\\\/sites\\\/2\\\/2026\\\/03\\\/appointment_meeting_schedule_arrangement_booking_icon_262931-e1774537598259.png\",\"contentUrl\":\"https:\\\/\\\/www.foretadrenaline.com\\\/carnac\\\/wp-content\\\/uploads\\\/sites\\\/2\\\/2026\\\/03\\\/appointment_meeting_schedule_arrangement_booking_icon_262931-e1774537598259.png\"},{\"@type\":\"BreadcrumbList\",\"@id\":\"https:\\\/\\\/www.foretadrenaline.com\\\/saint-pere\\\/les-reductions\\\/#breadcrumb\",\"itemListElement\":[{\"@type\":\"ListItem\",\"position\":1,\"name\":\"Accueil\",\"item\":\"https:\\\/\\\/www.foretadrenaline.com\\\/saint-pere\\\/\"},{\"@type\":\"ListItem\",\"position\":2,\"name\":\"Toutes nos r\u00e9ductions\"}]},{\"@type\":\"WebSite\",\"@id\":\"https:\\\/\\\/www.foretadrenaline.com\\\/saint-pere\\\/#website\",\"url\":\"https:\\\/\\\/www.foretadrenaline.com\\\/saint-pere\\\/\",\"name\":\"For\u00eat Adr\u00e9naline - Saint-P\u00e8re\",\"description\":\"Un site utilisant For\u00eat Adr\u00e9naline\",\"potentialAction\":[{\"@type\":\"SearchAction\",\"target\":{\"@type\":\"EntryPoint\",\"urlTemplate\":\"https:\\\/\\\/www.foretadrenaline.com\\\/saint-pere\\\/?s={search_term_string}\"},\"query-input\":{\"@type\":\"PropertyValueSpecification\",\"valueRequired\":true,\"valueName\":\"search_term_string\"}}],\"inLanguage\":\"fr-FR\"}]}<\/script>\n<!-- \/ Yoast SEO plugin. -->","yoast_head_json":{"title":"Toutes nos r\u00e9ductions - For\u00eat Adr\u00e9naline - Saint-P\u00e8re","description":"D\u00e9couvrez ici toutes les r\u00e9ductions du parc Corsaire Aventure: \u00e9tudiant, senior, v\u00e9lo, famille, r\u00e9servation en ligne etc...","robots":{"index":"index","follow":"follow","max-snippet":"max-snippet:-1","max-image-preview":"max-image-preview:large","max-video-preview":"max-video-preview:-1"},"canonical":"https:\/\/www.foretadrenaline.com\/saint-pere\/les-reductions\/","og_locale":"fr_FR","og_type":"article","og_title":"Toutes nos r\u00e9ductions - For\u00eat Adr\u00e9naline - Saint-P\u00e8re","og_description":"D\u00e9couvrez ici toutes les r\u00e9ductions du parc Corsaire Aventure: \u00e9tudiant, senior, v\u00e9lo, famille, r\u00e9servation en ligne etc...","og_url":"https:\/\/www.foretadrenaline.com\/saint-pere\/les-reductions\/","og_site_name":"For\u00eat Adr\u00e9naline - Saint-P\u00e8re","article_modified_time":"2026-04-08T13:26:33+00:00","twitter_card":"summary_large_image","twitter_misc":{"Dur\u00e9e de lecture estim\u00e9e":"3 minutes"},"schema":{"@context":"https:\/\/schema.org","@graph":[{"@type":"WebPage","@id":"https:\/\/www.foretadrenaline.com\/saint-pere\/les-reductions\/","url":"https:\/\/www.foretadrenaline.com\/saint-pere\/les-reductions\/","name":"Toutes nos r\u00e9ductions - For\u00eat Adr\u00e9naline - Saint-P\u00e8re","isPartOf":{"@id":"https:\/\/www.foretadrenaline.com\/saint-pere\/#website"},"primaryImageOfPage":{"@id":"https:\/\/www.foretadrenaline.com\/saint-pere\/les-reductions\/#primaryimage"},"image":{"@id":"https:\/\/www.foretadrenaline.com\/saint-pere\/les-reductions\/#primaryimage"},"thumbnailUrl":"https:\/\/www.foretadrenaline.com\/carnac\/wp-content\/uploads\/sites\/2\/2026\/03\/appointment_meeting_schedule_arrangement_booking_icon_262931-e1774537598259.png","datePublished":"2026-04-08T12:48:32+00:00","dateModified":"2026-04-08T13:26:33+00:00","description":"D\u00e9couvrez ici toutes les r\u00e9ductions du parc Corsaire Aventure: \u00e9tudiant, senior, v\u00e9lo, famille, r\u00e9servation en ligne etc...","breadcrumb":{"@id":"https:\/\/www.foretadrenaline.com\/saint-pere\/les-reductions\/#breadcrumb"},"inLanguage":"fr-FR","potentialAction":[{"@type":"ReadAction","target":["https:\/\/www.foretadrenaline.com\/saint-pere\/les-reductions\/"]}]},{"@type":"ImageObject","inLanguage":"fr-FR","@id":"https:\/\/www.foretadrenaline.com\/saint-pere\/les-reductions\/#primaryimage","url":"https:\/\/www.foretadrenaline.com\/carnac\/wp-content\/uploads\/sites\/2\/2026\/03\/appointment_meeting_schedule_arrangement_booking_icon_262931-e1774537598259.png","contentUrl":"https:\/\/www.foretadrenaline.com\/carnac\/wp-content\/uploads\/sites\/2\/2026\/03\/appointment_meeting_schedule_arrangement_booking_icon_262931-e1774537598259.png"},{"@type":"BreadcrumbList","@id":"https:\/\/www.foretadrenaline.com\/saint-pere\/les-reductions\/#breadcrumb","itemListElement":[{"@type":"ListItem","position":1,"name":"Accueil","item":"https:\/\/www.foretadrenaline.com\/saint-pere\/"},{"@type":"ListItem","position":2,"name":"Toutes nos r\u00e9ductions"}]},{"@type":"WebSite","@id":"https:\/\/www.foretadrenaline.com\/saint-pere\/#website","url":"https:\/\/www.foretadrenaline.com\/saint-pere\/","name":"For\u00eat Adr\u00e9naline - Saint-P\u00e8re","description":"Un site utilisant For\u00eat Adr\u00e9naline","potentialAction":[{"@type":"SearchAction","target":{"@type":"EntryPoint","urlTemplate":"https:\/\/www.foretadrenaline.com\/saint-pere\/?s={search_term_string}"},"query-input":{"@type":"PropertyValueSpecification","valueRequired":true,"valueName":"search_term_string"}}],"inLanguage":"fr-FR"}]}},"_links":{"self":[{"href":"https:\/\/www.foretadrenaline.com\/saint-pere\/wp-json\/wp\/v2\/pages\/6857","targetHints":{"allow":["GET"]}}],"collection":[{"href":"https:\/\/www.foretadrenaline.com\/saint-pere\/wp-json\/wp\/v2\/pages"}],"about":[{"href":"https:\/\/www.foretadrenaline.com\/saint-pere\/wp-json\/wp\/v2\/types\/page"}],"author":[{"embeddable":true,"href":"https:\/\/www.foretadrenaline.com\/saint-pere\/wp-json\/wp\/v2\/users\/2"}],"replies":[{"embeddable":true,"href":"https:\/\/www.foretadrenaline.com\/saint-pere\/wp-json\/wp\/v2\/comments?post=6857"}],"version-history":[{"count":3,"href":"https:\/\/www.foretadrenaline.com\/saint-pere\/wp-json\/wp\/v2\/pages\/6857\/revisions"}],"predecessor-version":[{"id":6864,"href":"https:\/\/www.foretadrenaline.com\/saint-pere\/wp-json\/wp\/v2\/pages\/6857\/revisions\/6864"}],"wp:attachment":[{"href":"https:\/\/www.foretadrenaline.com\/saint-pere\/wp-json\/wp\/v2\/media?parent=6857"}],"curies":[{"name":"wp","href":"https:\/\/api.w.org\/{rel}","templated":true}]}}