{"id":6886,"date":"2026-04-08T15:34:40","date_gmt":"2026-04-08T13:34:40","guid":{"rendered":"https:\/\/www.foretadrenaline.com\/saint-pere\/?page_id=6886"},"modified":"2026-04-08T15:34:40","modified_gmt":"2026-04-08T13:34:40","slug":"course-dorientation-corsaire-aventure","status":"publish","type":"page","link":"https:\/\/www.foretadrenaline.com\/saint-pere\/course-dorientation-corsaire-aventure\/","title":{"rendered":"Course d&rsquo;Orientation: Corsaire Aventure"},"content":{"rendered":"\n<p>Course d&rsquo;Orientation &#8211; Corsaire Aventure : Accessible d\u00e8s 15 participants, explorez les alentours du Fort de Saint-P\u00e8re pour retrouver les balises soigneusement cach\u00e9es par notre \u00e9quipage !<\/p>\n\n\n\n<p><strong>Course d&rsquo;orientation : Une activit\u00e9 ludique en for\u00eat! <\/strong><br><strong>Nous proposons cette activit\u00e9 pour les groupes sur demande :<br><\/strong>-Ecoles, coll\u00e8ges, lyc\u00e9es, associations, CLSH\u2026<br>-EVC<br>-Groupes d\u2019entreprises : s\u00e9minaire et Team Building<br>-Anniversaires, groupes familles&#8230;<\/p>\n\n\n\n<div class=\"wp-block-buttons is-content-justification-center is-layout-flex wp-container-core-buttons-is-layout-16018d1d wp-block-buttons-is-layout-flex\">\n<div class=\"wp-block-button\"><a class=\"wp-block-button__link has-main-color has-cyan-background-color has-text-color has-background has-link-color wp-element-button\" href=\"https:\/\/www.foretadrenaline.com\/saint-pere\/contact\/\"><strong>Pour plus d\u2019informations : Contactez nous<\/strong><\/a><\/div>\n<\/div>\n","protected":false},"excerpt":{"rendered":"<p>Course d&rsquo;Orientation &#8211; Corsaire Aventure : Accessible d\u00e8s 15 participants, explorez les alentours du Fort de Saint-P\u00e8re pour retrouver les balises soigneusement cach\u00e9es par notre \u00e9quipage ! Course d&rsquo;orientation : Une activit\u00e9 ludique en for\u00eat! Nous proposons cette activit\u00e9 pour les groupes sur demande :-Ecoles, coll\u00e8ges, lyc\u00e9es, associations, CLSH\u2026-EVC-Groupes d\u2019entreprises : s\u00e9minaire et Team Building-Anniversaires,&hellip;<\/p>\n","protected":false},"author":2,"featured_media":6893,"parent":0,"menu_order":0,"comment_status":"closed","ping_status":"closed","template":"","meta":{"_acf_changed":false,"footnotes":""},"class_list":["post-6886","page","type-page","status-publish","has-post-thumbnail","hentry"],"acf":[],"yoast_head":"<!-- This site is optimized with the Yoast SEO plugin v27.4 - https:\/\/yoast.com\/product\/yoast-seo-wordpress\/ -->\n<title>Course d&#039;Orientation - Corsaire Aventure<\/title>\n<meta name=\"description\" content=\"Course d&#039;Orientation - Corsaire Aventure : Explorez les alentours du Fort Saint P\u00e8re et la for\u00eat dans un jeu ludique d&#039;orientation\" \/>\n<meta name=\"robots\" content=\"index, follow, max-snippet:-1, max-image-preview:large, max-video-preview:-1\" \/>\n<link rel=\"canonical\" href=\"https:\/\/www.foretadrenaline.com\/saint-pere\/course-dorientation-corsaire-aventure\/\" \/>\n<meta property=\"og:locale\" content=\"fr_FR\" \/>\n<meta property=\"og:type\" content=\"article\" \/>\n<meta property=\"og:title\" content=\"Course d&#039;Orientation - Corsaire Aventure\" \/>\n<meta property=\"og:description\" content=\"Course d&#039;Orientation - Corsaire Aventure : Explorez les alentours du Fort Saint P\u00e8re et la for\u00eat dans un jeu ludique d&#039;orientation\" \/>\n<meta property=\"og:url\" content=\"https:\/\/www.foretadrenaline.com\/saint-pere\/course-dorientation-corsaire-aventure\/\" \/>\n<meta property=\"og:site_name\" content=\"For\u00eat Adr\u00e9naline - Saint-P\u00e8re\" \/>\n<meta property=\"og:image\" content=\"https:\/\/www.foretadrenaline.com\/saint-pere\/wp-content\/uploads\/sites\/4\/2026\/04\/WhatsApp-Image-2026-03-27-at-11.39.16.jpeg\" \/>\n\t<meta property=\"og:image:width\" content=\"924\" \/>\n\t<meta property=\"og:image:height\" content=\"2000\" \/>\n\t<meta property=\"og:image:type\" content=\"image\/jpeg\" \/>\n<meta name=\"twitter:card\" content=\"summary_large_image\" \/>\n<meta name=\"twitter:label1\" content=\"Dur\u00e9e de lecture estim\u00e9e\" \/>\n\t<meta name=\"twitter:data1\" content=\"1 minute\" \/>\n<script type=\"application\/ld+json\" class=\"yoast-schema-graph\">{\"@context\":\"https:\\\/\\\/schema.org\",\"@graph\":[{\"@type\":\"WebPage\",\"@id\":\"https:\\\/\\\/www.foretadrenaline.com\\\/saint-pere\\\/course-dorientation-corsaire-aventure\\\/\",\"url\":\"https:\\\/\\\/www.foretadrenaline.com\\\/saint-pere\\\/course-dorientation-corsaire-aventure\\\/\",\"name\":\"Course d'Orientation - Corsaire Aventure\",\"isPartOf\":{\"@id\":\"https:\\\/\\\/www.foretadrenaline.com\\\/saint-pere\\\/#website\"},\"primaryImageOfPage\":{\"@id\":\"https:\\\/\\\/www.foretadrenaline.com\\\/saint-pere\\\/course-dorientation-corsaire-aventure\\\/#primaryimage\"},\"image\":{\"@id\":\"https:\\\/\\\/www.foretadrenaline.com\\\/saint-pere\\\/course-dorientation-corsaire-aventure\\\/#primaryimage\"},\"thumbnailUrl\":\"https:\\\/\\\/www.foretadrenaline.com\\\/saint-pere\\\/wp-content\\\/uploads\\\/sites\\\/4\\\/2026\\\/04\\\/WhatsApp-Image-2026-03-27-at-11.39.16.jpeg\",\"datePublished\":\"2026-04-08T13:34:40+00:00\",\"description\":\"Course d'Orientation - Corsaire Aventure : Explorez les alentours du Fort Saint P\u00e8re et la for\u00eat dans un jeu ludique d'orientation\",\"breadcrumb\":{\"@id\":\"https:\\\/\\\/www.foretadrenaline.com\\\/saint-pere\\\/course-dorientation-corsaire-aventure\\\/#breadcrumb\"},\"inLanguage\":\"fr-FR\",\"potentialAction\":[{\"@type\":\"ReadAction\",\"target\":[\"https:\\\/\\\/www.foretadrenaline.com\\\/saint-pere\\\/course-dorientation-corsaire-aventure\\\/\"]}]},{\"@type\":\"ImageObject\",\"inLanguage\":\"fr-FR\",\"@id\":\"https:\\\/\\\/www.foretadrenaline.com\\\/saint-pere\\\/course-dorientation-corsaire-aventure\\\/#primaryimage\",\"url\":\"https:\\\/\\\/www.foretadrenaline.com\\\/saint-pere\\\/wp-content\\\/uploads\\\/sites\\\/4\\\/2026\\\/04\\\/WhatsApp-Image-2026-03-27-at-11.39.16.jpeg\",\"contentUrl\":\"https:\\\/\\\/www.foretadrenaline.com\\\/saint-pere\\\/wp-content\\\/uploads\\\/sites\\\/4\\\/2026\\\/04\\\/WhatsApp-Image-2026-03-27-at-11.39.16.jpeg\",\"width\":924,\"height\":2000},{\"@type\":\"BreadcrumbList\",\"@id\":\"https:\\\/\\\/www.foretadrenaline.com\\\/saint-pere\\\/course-dorientation-corsaire-aventure\\\/#breadcrumb\",\"itemListElement\":[{\"@type\":\"ListItem\",\"position\":1,\"name\":\"Accueil\",\"item\":\"https:\\\/\\\/www.foretadrenaline.com\\\/saint-pere\\\/\"},{\"@type\":\"ListItem\",\"position\":2,\"name\":\"Course d&rsquo;Orientation: Corsaire Aventure\"}]},{\"@type\":\"WebSite\",\"@id\":\"https:\\\/\\\/www.foretadrenaline.com\\\/saint-pere\\\/#website\",\"url\":\"https:\\\/\\\/www.foretadrenaline.com\\\/saint-pere\\\/\",\"name\":\"For\u00eat Adr\u00e9naline - Saint-P\u00e8re\",\"description\":\"Un site utilisant For\u00eat Adr\u00e9naline\",\"potentialAction\":[{\"@type\":\"SearchAction\",\"target\":{\"@type\":\"EntryPoint\",\"urlTemplate\":\"https:\\\/\\\/www.foretadrenaline.com\\\/saint-pere\\\/?s={search_term_string}\"},\"query-input\":{\"@type\":\"PropertyValueSpecification\",\"valueRequired\":true,\"valueName\":\"search_term_string\"}}],\"inLanguage\":\"fr-FR\"}]}<\/script>\n<!-- \/ Yoast SEO plugin. -->","yoast_head_json":{"title":"Course d'Orientation - Corsaire Aventure","description":"Course d'Orientation - Corsaire Aventure : Explorez les alentours du Fort Saint P\u00e8re et la for\u00eat dans un jeu ludique d'orientation","robots":{"index":"index","follow":"follow","max-snippet":"max-snippet:-1","max-image-preview":"max-image-preview:large","max-video-preview":"max-video-preview:-1"},"canonical":"https:\/\/www.foretadrenaline.com\/saint-pere\/course-dorientation-corsaire-aventure\/","og_locale":"fr_FR","og_type":"article","og_title":"Course d'Orientation - Corsaire Aventure","og_description":"Course d'Orientation - Corsaire Aventure : Explorez les alentours du Fort Saint P\u00e8re et la for\u00eat dans un jeu ludique d'orientation","og_url":"https:\/\/www.foretadrenaline.com\/saint-pere\/course-dorientation-corsaire-aventure\/","og_site_name":"For\u00eat Adr\u00e9naline - Saint-P\u00e8re","og_image":[{"width":924,"height":2000,"url":"https:\/\/www.foretadrenaline.com\/saint-pere\/wp-content\/uploads\/sites\/4\/2026\/04\/WhatsApp-Image-2026-03-27-at-11.39.16.jpeg","type":"image\/jpeg"}],"twitter_card":"summary_large_image","twitter_misc":{"Dur\u00e9e de lecture estim\u00e9e":"1 minute"},"schema":{"@context":"https:\/\/schema.org","@graph":[{"@type":"WebPage","@id":"https:\/\/www.foretadrenaline.com\/saint-pere\/course-dorientation-corsaire-aventure\/","url":"https:\/\/www.foretadrenaline.com\/saint-pere\/course-dorientation-corsaire-aventure\/","name":"Course d'Orientation - Corsaire Aventure","isPartOf":{"@id":"https:\/\/www.foretadrenaline.com\/saint-pere\/#website"},"primaryImageOfPage":{"@id":"https:\/\/www.foretadrenaline.com\/saint-pere\/course-dorientation-corsaire-aventure\/#primaryimage"},"image":{"@id":"https:\/\/www.foretadrenaline.com\/saint-pere\/course-dorientation-corsaire-aventure\/#primaryimage"},"thumbnailUrl":"https:\/\/www.foretadrenaline.com\/saint-pere\/wp-content\/uploads\/sites\/4\/2026\/04\/WhatsApp-Image-2026-03-27-at-11.39.16.jpeg","datePublished":"2026-04-08T13:34:40+00:00","description":"Course d'Orientation - Corsaire Aventure : Explorez les alentours du Fort Saint P\u00e8re et la for\u00eat dans un jeu ludique d'orientation","breadcrumb":{"@id":"https:\/\/www.foretadrenaline.com\/saint-pere\/course-dorientation-corsaire-aventure\/#breadcrumb"},"inLanguage":"fr-FR","potentialAction":[{"@type":"ReadAction","target":["https:\/\/www.foretadrenaline.com\/saint-pere\/course-dorientation-corsaire-aventure\/"]}]},{"@type":"ImageObject","inLanguage":"fr-FR","@id":"https:\/\/www.foretadrenaline.com\/saint-pere\/course-dorientation-corsaire-aventure\/#primaryimage","url":"https:\/\/www.foretadrenaline.com\/saint-pere\/wp-content\/uploads\/sites\/4\/2026\/04\/WhatsApp-Image-2026-03-27-at-11.39.16.jpeg","contentUrl":"https:\/\/www.foretadrenaline.com\/saint-pere\/wp-content\/uploads\/sites\/4\/2026\/04\/WhatsApp-Image-2026-03-27-at-11.39.16.jpeg","width":924,"height":2000},{"@type":"BreadcrumbList","@id":"https:\/\/www.foretadrenaline.com\/saint-pere\/course-dorientation-corsaire-aventure\/#breadcrumb","itemListElement":[{"@type":"ListItem","position":1,"name":"Accueil","item":"https:\/\/www.foretadrenaline.com\/saint-pere\/"},{"@type":"ListItem","position":2,"name":"Course d&rsquo;Orientation: Corsaire Aventure"}]},{"@type":"WebSite","@id":"https:\/\/www.foretadrenaline.com\/saint-pere\/#website","url":"https:\/\/www.foretadrenaline.com\/saint-pere\/","name":"For\u00eat Adr\u00e9naline - Saint-P\u00e8re","description":"Un site utilisant For\u00eat Adr\u00e9naline","potentialAction":[{"@type":"SearchAction","target":{"@type":"EntryPoint","urlTemplate":"https:\/\/www.foretadrenaline.com\/saint-pere\/?s={search_term_string}"},"query-input":{"@type":"PropertyValueSpecification","valueRequired":true,"valueName":"search_term_string"}}],"inLanguage":"fr-FR"}]}},"_links":{"self":[{"href":"https:\/\/www.foretadrenaline.com\/saint-pere\/wp-json\/wp\/v2\/pages\/6886","targetHints":{"allow":["GET"]}}],"collection":[{"href":"https:\/\/www.foretadrenaline.com\/saint-pere\/wp-json\/wp\/v2\/pages"}],"about":[{"href":"https:\/\/www.foretadrenaline.com\/saint-pere\/wp-json\/wp\/v2\/types\/page"}],"author":[{"embeddable":true,"href":"https:\/\/www.foretadrenaline.com\/saint-pere\/wp-json\/wp\/v2\/users\/2"}],"replies":[{"embeddable":true,"href":"https:\/\/www.foretadrenaline.com\/saint-pere\/wp-json\/wp\/v2\/comments?post=6886"}],"version-history":[{"count":1,"href":"https:\/\/www.foretadrenaline.com\/saint-pere\/wp-json\/wp\/v2\/pages\/6886\/revisions"}],"predecessor-version":[{"id":6895,"href":"https:\/\/www.foretadrenaline.com\/saint-pere\/wp-json\/wp\/v2\/pages\/6886\/revisions\/6895"}],"wp:featuredmedia":[{"embeddable":true,"href":"https:\/\/www.foretadrenaline.com\/saint-pere\/wp-json\/wp\/v2\/media\/6893"}],"wp:attachment":[{"href":"https:\/\/www.foretadrenaline.com\/saint-pere\/wp-json\/wp\/v2\/media?parent=6886"}],"curies":[{"name":"wp","href":"https:\/\/api.w.org\/{rel}","templated":true}]}}