{"id":132,"date":"2026-04-03T15:17:54","date_gmt":"2026-04-03T13:17:54","guid":{"rendered":"https:\/\/www.foretadrenaline.com\/vannes\/?page_id=132"},"modified":"2026-05-05T14:30:12","modified_gmt":"2026-05-05T12:30:12","slug":"formule-scolaire-escapade","status":"publish","type":"page","link":"https:\/\/www.foretadrenaline.com\/vannes\/sortie-scolaire-et-pedagogique-vannes\/formule-scolaire-escapade\/","title":{"rendered":"Formule scolaire : Escapade"},"content":{"rendered":"\n<h2 class=\"wp-block-heading has-text-align-left\">Formule scolaire : Escapade<\/h2>\n\n\n\n<ul class=\"wp-block-list\">\n<li>1h30 de Tramp\u00d4forest <br><\/li>\n\n\n\n<li>30mn de Jeu \u00e9coresponsable<\/li>\n<\/ul>\n\n\n\n<div class=\"wp-block-columns is-layout-flex wp-container-core-columns-is-layout-9d6595d7 wp-block-columns-is-layout-flex\">\n<div class=\"wp-block-column is-layout-flow wp-block-column-is-layout-flow\">\n<div class=\"wp-block-group card-formule\"><div class=\"wp-block-group__inner-container is-layout-constrained wp-block-group-is-layout-constrained\">\n<div class=\"wp-block-group card-formule-media is-vertical is-layout-flex wp-container-core-group-is-layout-8cf370e7 wp-block-group-is-layout-flex\">\n<p class=\"card-formule-media-badge card-formule-media-badge-1 has-white-color has-green-background-color has-text-color has-background has-link-color wp-elements-b114a6ce64f9b9eefbe26e2faaeef20f\"><strong>A partir de 2 ans<\/strong><\/p>\n\n\n\n<p class=\"card-formule-media-badge card-formule-media-badge-2 has-main-color has-yellow-light-background-color has-text-color has-background has-link-color wp-elements-397f5d482cdf118f59c64ee8528aeccc\">1h30 de Tramp\u00d4forest <\/p>\n\n\n\n<figure class=\"wp-block-image size-large\"><img loading=\"lazy\" decoding=\"async\" width=\"1024\" height=\"683\" src=\"https:\/\/www.foretadrenaline.com\/vannes\/wp-content\/uploads\/sites\/6\/2026\/04\/studio4k-18-scaled-1-1024x683.jpg\" alt=\"\" class=\"wp-image-242\" style=\"aspect-ratio:16\/9;object-fit:cover\" srcset=\"https:\/\/www.foretadrenaline.com\/vannes\/wp-content\/uploads\/sites\/6\/2026\/04\/studio4k-18-scaled-1-1024x683.jpg 1024w, https:\/\/www.foretadrenaline.com\/vannes\/wp-content\/uploads\/sites\/6\/2026\/04\/studio4k-18-scaled-1-300x200.jpg 300w, https:\/\/www.foretadrenaline.com\/vannes\/wp-content\/uploads\/sites\/6\/2026\/04\/studio4k-18-scaled-1-768x512.jpg 768w, https:\/\/www.foretadrenaline.com\/vannes\/wp-content\/uploads\/sites\/6\/2026\/04\/studio4k-18-scaled-1-1536x1024.jpg 1536w, https:\/\/www.foretadrenaline.com\/vannes\/wp-content\/uploads\/sites\/6\/2026\/04\/studio4k-18-scaled-1-1200x800.jpg 1200w, https:\/\/www.foretadrenaline.com\/vannes\/wp-content\/uploads\/sites\/6\/2026\/04\/studio4k-18-scaled-1.jpg 2048w\" sizes=\"auto, (max-width: 1024px) 100vw, 1024px\" \/><\/figure>\n<\/div>\n\n\n\n<div class=\"wp-block-group card-formule-content is-vertical is-layout-flex wp-container-core-group-is-layout-8cf370e7 wp-block-group-is-layout-flex\">\n<h3 class=\"wp-block-heading\">Tramp\u00d4forest <\/h3>\n\n\n\n<div class=\"wp-block-group card-formule-content-info is-content-justification-space-between is-nowrap is-layout-flex wp-container-core-group-is-layout-0dfbf163 wp-block-group-is-layout-flex\">\n<p>Une aventure bondissante<\/p>\n<\/div>\n\n\n\n<div class=\"wp-block-group card-formule-content-links is-content-justification-space-between is-nowrap is-layout-flex wp-container-core-group-is-layout-0dfbf163 wp-block-group-is-layout-flex\">\n<p class=\"card-formule-content-link-1\"><a href=\"https:\/\/www.foretadrenaline.com\/vannes\/trampoforest-park-vannes-bondissez-dans-la-legende\/\" id=\"https:\/\/www.foretadrenaline.com\/vannes\/trampoforest-park-vannes-bondissez-dans-la-legende\/\">D\u00e9couvrir l&rsquo;activit\u00e9 \u2192<br><\/a><br><br><\/p>\n<\/div>\n\n\n\n<div class=\"wp-block-group card-formule-content-links is-content-justification-space-between is-nowrap is-layout-flex wp-container-core-group-is-layout-0dfbf163 wp-block-group-is-layout-flex\">\n<div class=\"wp-block-buttons is-content-justification-center is-layout-flex wp-container-core-buttons-is-layout-16018d1d wp-block-buttons-is-layout-flex\">\n<div class=\"wp-block-button has-custom-width wp-block-button__width-100\"><a class=\"wp-block-button__link has-main-color has-green-background-color has-text-color has-background has-link-color has-text-align-center wp-element-button\" href=\"https:\/\/www.foretadrenaline.com\/vannes\/wp-content\/uploads\/sites\/6\/2026\/04\/2-PLAQUETTE-ECOLE-CLSH_compressed-1.pdf\">Plaquette d&rsquo;informations<\/a><\/div>\n<\/div>\n<\/div>\n<\/div>\n<\/div><\/div>\n<\/div>\n\n\n\n<div class=\"wp-block-column is-layout-flow wp-block-column-is-layout-flow\">\n<div class=\"wp-block-group card-formule\"><div class=\"wp-block-group__inner-container is-layout-constrained wp-block-group-is-layout-constrained\">\n<div class=\"wp-block-group card-formule-media is-vertical is-layout-flex wp-container-core-group-is-layout-8cf370e7 wp-block-group-is-layout-flex\">\n<p class=\"card-formule-media-badge card-formule-media-badge-1 has-white-color has-green-background-color has-text-color has-background has-link-color wp-elements-b114a6ce64f9b9eefbe26e2faaeef20f\"><strong>A partir de 2 ans<\/strong><\/p>\n\n\n\n<p class=\"card-formule-media-badge card-formule-media-badge-2 has-main-color has-yellow-light-background-color has-text-color has-background has-link-color wp-elements-eafa78f605fa9acbd482d5440fe53deb\">30mn <\/p>\n\n\n\n<figure class=\"wp-block-image size-full\"><img loading=\"lazy\" decoding=\"async\" width=\"627\" height=\"417\" src=\"https:\/\/www.foretadrenaline.com\/vannes\/wp-content\/uploads\/sites\/6\/2026\/04\/Foret-Adrenaline_Terasses_-_@Lemon-Prod.jpg\" alt=\"\" class=\"wp-image-266\" style=\"aspect-ratio:16\/9;object-fit:cover\" srcset=\"https:\/\/www.foretadrenaline.com\/vannes\/wp-content\/uploads\/sites\/6\/2026\/04\/Foret-Adrenaline_Terasses_-_@Lemon-Prod.jpg 627w, https:\/\/www.foretadrenaline.com\/vannes\/wp-content\/uploads\/sites\/6\/2026\/04\/Foret-Adrenaline_Terasses_-_@Lemon-Prod-300x200.jpg 300w\" sizes=\"auto, (max-width: 627px) 100vw, 627px\" \/><\/figure>\n<\/div>\n\n\n\n<div class=\"wp-block-group card-formule-content is-vertical is-layout-flex wp-container-core-group-is-layout-8cf370e7 wp-block-group-is-layout-flex\">\n<h3 class=\"wp-block-heading\">Le jeu \u00e9coresponsable <\/h3>\n\n\n\n<div class=\"wp-block-group card-formule-content-info is-content-justification-space-between is-nowrap is-layout-flex wp-container-core-group-is-layout-0dfbf163 wp-block-group-is-layout-flex\">\n<p>Apprendre et comprendre en s&rsquo;amusant<\/p>\n<\/div>\n<\/div>\n\n\n\n<p><\/p>\n\n\n\n<div class=\"wp-block-group card-formule-content is-vertical is-layout-flex wp-container-core-group-is-layout-8cf370e7 wp-block-group-is-layout-flex\">\n<div class=\"wp-block-group card-formule-content-links is-content-justification-space-between is-nowrap is-layout-flex wp-container-core-group-is-layout-0dfbf163 wp-block-group-is-layout-flex\"><\/div>\n\n\n\n<div class=\"wp-block-group card-formule-content-links is-content-justification-space-between is-nowrap is-layout-flex wp-container-core-group-is-layout-0dfbf163 wp-block-group-is-layout-flex\">\n<div class=\"wp-block-buttons is-content-justification-center is-layout-flex wp-container-core-buttons-is-layout-16018d1d wp-block-buttons-is-layout-flex\">\n<div class=\"wp-block-button has-custom-width wp-block-button__width-100\"><a class=\"wp-block-button__link has-main-color has-green-background-color has-text-color has-background has-link-color has-text-align-center wp-element-button\" href=\"https:\/\/www.foretadrenaline.com\/vannes\/wp-content\/uploads\/sites\/6\/2026\/04\/2-PLAQUETTE-ECOLE-CLSH_compressed-1.pdf\">Plaquette d&rsquo;informations<\/a><\/div>\n<\/div>\n<\/div>\n<\/div>\n<\/div><\/div>\n<\/div>\n<\/div>\n\n\n\n<p><\/p>\n","protected":false},"excerpt":{"rendered":"<p>Formule scolaire : Escapade A partir de 2 ans 1h30 de Tramp\u00d4forest Tramp\u00d4forest Une aventure bondissante D\u00e9couvrir l&rsquo;activit\u00e9 \u2192 A partir de 2 ans 30mn Le jeu \u00e9coresponsable Apprendre et comprendre en s&rsquo;amusant<\/p>\n","protected":false},"author":1,"featured_media":0,"parent":192,"menu_order":0,"comment_status":"closed","ping_status":"closed","template":"template-sans-conteneur.php","meta":{"_acf_changed":false,"footnotes":""},"class_list":["post-132","page","type-page","status-publish","hentry"],"acf":[],"yoast_head":"<!-- This site is optimized with the Yoast SEO plugin v27.5 - https:\/\/yoast.com\/product\/yoast-seo-wordpress\/ -->\n<title>Tramp\u00d4forest Park Vannes - Formule scolaire : Escapade<\/title>\n<meta name=\"description\" content=\"Formule scolaire : Escapade : 2h d&#039;activit\u00e9 au coeur de la nature, aventure et p\u00e9dagogie se rejoignent pour une sortie m\u00e9morable\" \/>\n<meta name=\"robots\" content=\"index, follow, max-snippet:-1, max-image-preview:large, max-video-preview:-1\" \/>\n<link rel=\"canonical\" href=\"https:\/\/www.foretadrenaline.com\/vannes\/sortie-scolaire-et-pedagogique-vannes\/formule-scolaire-escapade\/\" \/>\n<meta property=\"og:locale\" content=\"fr_FR\" \/>\n<meta property=\"og:type\" content=\"article\" \/>\n<meta property=\"og:title\" content=\"Tramp\u00d4forest Park Vannes - Formule scolaire : Escapade\" \/>\n<meta property=\"og:description\" content=\"Formule scolaire : Escapade : 2h d&#039;activit\u00e9 au coeur de la nature, aventure et p\u00e9dagogie se rejoignent pour une sortie m\u00e9morable\" \/>\n<meta property=\"og:url\" content=\"https:\/\/www.foretadrenaline.com\/vannes\/sortie-scolaire-et-pedagogique-vannes\/formule-scolaire-escapade\/\" \/>\n<meta property=\"og:site_name\" content=\"For\u00eat Adr\u00e9naline - Vannes\" \/>\n<meta property=\"article:modified_time\" content=\"2026-05-05T12:30:12+00:00\" \/>\n<meta property=\"og:image\" content=\"https:\/\/www.foretadrenaline.com\/vannes\/wp-content\/uploads\/sites\/6\/2026\/04\/studio4k-18-scaled-1.jpg\" \/>\n\t<meta property=\"og:image:width\" content=\"2048\" \/>\n\t<meta property=\"og:image:height\" content=\"1365\" \/>\n\t<meta property=\"og:image:type\" content=\"image\/jpeg\" \/>\n<meta name=\"twitter:card\" content=\"summary_large_image\" \/>\n<meta name=\"twitter:label1\" content=\"Dur\u00e9e de lecture estim\u00e9e\" \/>\n\t<meta name=\"twitter:data1\" content=\"1 minute\" \/>\n<script type=\"application\/ld+json\" class=\"yoast-schema-graph\">{\"@context\":\"https:\\\/\\\/schema.org\",\"@graph\":[{\"@type\":\"WebPage\",\"@id\":\"https:\\\/\\\/www.foretadrenaline.com\\\/vannes\\\/sortie-scolaire-et-pedagogique-vannes\\\/formule-scolaire-escapade\\\/\",\"url\":\"https:\\\/\\\/www.foretadrenaline.com\\\/vannes\\\/sortie-scolaire-et-pedagogique-vannes\\\/formule-scolaire-escapade\\\/\",\"name\":\"Tramp\u00d4forest Park Vannes - Formule scolaire : Escapade\",\"isPartOf\":{\"@id\":\"https:\\\/\\\/www.foretadrenaline.com\\\/vannes\\\/#website\"},\"primaryImageOfPage\":{\"@id\":\"https:\\\/\\\/www.foretadrenaline.com\\\/vannes\\\/sortie-scolaire-et-pedagogique-vannes\\\/formule-scolaire-escapade\\\/#primaryimage\"},\"image\":{\"@id\":\"https:\\\/\\\/www.foretadrenaline.com\\\/vannes\\\/sortie-scolaire-et-pedagogique-vannes\\\/formule-scolaire-escapade\\\/#primaryimage\"},\"thumbnailUrl\":\"https:\\\/\\\/www.foretadrenaline.com\\\/vannes\\\/wp-content\\\/uploads\\\/sites\\\/6\\\/2026\\\/04\\\/studio4k-18-scaled-1-1024x683.jpg\",\"datePublished\":\"2026-04-03T13:17:54+00:00\",\"dateModified\":\"2026-05-05T12:30:12+00:00\",\"description\":\"Formule scolaire : Escapade : 2h d'activit\u00e9 au coeur de la nature, aventure et p\u00e9dagogie se rejoignent pour une sortie m\u00e9morable\",\"breadcrumb\":{\"@id\":\"https:\\\/\\\/www.foretadrenaline.com\\\/vannes\\\/sortie-scolaire-et-pedagogique-vannes\\\/formule-scolaire-escapade\\\/#breadcrumb\"},\"inLanguage\":\"fr-FR\",\"potentialAction\":[{\"@type\":\"ReadAction\",\"target\":[\"https:\\\/\\\/www.foretadrenaline.com\\\/vannes\\\/sortie-scolaire-et-pedagogique-vannes\\\/formule-scolaire-escapade\\\/\"]}]},{\"@type\":\"ImageObject\",\"inLanguage\":\"fr-FR\",\"@id\":\"https:\\\/\\\/www.foretadrenaline.com\\\/vannes\\\/sortie-scolaire-et-pedagogique-vannes\\\/formule-scolaire-escapade\\\/#primaryimage\",\"url\":\"https:\\\/\\\/www.foretadrenaline.com\\\/vannes\\\/wp-content\\\/uploads\\\/sites\\\/6\\\/2026\\\/04\\\/studio4k-18-scaled-1.jpg\",\"contentUrl\":\"https:\\\/\\\/www.foretadrenaline.com\\\/vannes\\\/wp-content\\\/uploads\\\/sites\\\/6\\\/2026\\\/04\\\/studio4k-18-scaled-1.jpg\",\"width\":2048,\"height\":1365},{\"@type\":\"BreadcrumbList\",\"@id\":\"https:\\\/\\\/www.foretadrenaline.com\\\/vannes\\\/sortie-scolaire-et-pedagogique-vannes\\\/formule-scolaire-escapade\\\/#breadcrumb\",\"itemListElement\":[{\"@type\":\"ListItem\",\"position\":1,\"name\":\"Accueil\",\"item\":\"https:\\\/\\\/www.foretadrenaline.com\\\/vannes\\\/\"},{\"@type\":\"ListItem\",\"position\":2,\"name\":\"Scolaires, CLSH &amp; Associations\",\"item\":\"https:\\\/\\\/www.foretadrenaline.com\\\/vannes\\\/sortie-scolaire-et-pedagogique-vannes\\\/\"},{\"@type\":\"ListItem\",\"position\":3,\"name\":\"Formule scolaire : Escapade\"}]},{\"@type\":\"WebSite\",\"@id\":\"https:\\\/\\\/www.foretadrenaline.com\\\/vannes\\\/#website\",\"url\":\"https:\\\/\\\/www.foretadrenaline.com\\\/vannes\\\/\",\"name\":\"For\u00eat Adr\u00e9naline - Vannes\",\"description\":\"\",\"potentialAction\":[{\"@type\":\"SearchAction\",\"target\":{\"@type\":\"EntryPoint\",\"urlTemplate\":\"https:\\\/\\\/www.foretadrenaline.com\\\/vannes\\\/?s={search_term_string}\"},\"query-input\":{\"@type\":\"PropertyValueSpecification\",\"valueRequired\":true,\"valueName\":\"search_term_string\"}}],\"inLanguage\":\"fr-FR\"}]}<\/script>\n<!-- \/ Yoast SEO plugin. -->","yoast_head_json":{"title":"Tramp\u00d4forest Park Vannes - Formule scolaire : Escapade","description":"Formule scolaire : Escapade : 2h d'activit\u00e9 au coeur de la nature, aventure et p\u00e9dagogie se rejoignent pour une sortie m\u00e9morable","robots":{"index":"index","follow":"follow","max-snippet":"max-snippet:-1","max-image-preview":"max-image-preview:large","max-video-preview":"max-video-preview:-1"},"canonical":"https:\/\/www.foretadrenaline.com\/vannes\/sortie-scolaire-et-pedagogique-vannes\/formule-scolaire-escapade\/","og_locale":"fr_FR","og_type":"article","og_title":"Tramp\u00d4forest Park Vannes - Formule scolaire : Escapade","og_description":"Formule scolaire : Escapade : 2h d'activit\u00e9 au coeur de la nature, aventure et p\u00e9dagogie se rejoignent pour une sortie m\u00e9morable","og_url":"https:\/\/www.foretadrenaline.com\/vannes\/sortie-scolaire-et-pedagogique-vannes\/formule-scolaire-escapade\/","og_site_name":"For\u00eat Adr\u00e9naline - Vannes","article_modified_time":"2026-05-05T12:30:12+00:00","og_image":[{"width":2048,"height":1365,"url":"https:\/\/www.foretadrenaline.com\/vannes\/wp-content\/uploads\/sites\/6\/2026\/04\/studio4k-18-scaled-1.jpg","type":"image\/jpeg"}],"twitter_card":"summary_large_image","twitter_misc":{"Dur\u00e9e de lecture estim\u00e9e":"1 minute"},"schema":{"@context":"https:\/\/schema.org","@graph":[{"@type":"WebPage","@id":"https:\/\/www.foretadrenaline.com\/vannes\/sortie-scolaire-et-pedagogique-vannes\/formule-scolaire-escapade\/","url":"https:\/\/www.foretadrenaline.com\/vannes\/sortie-scolaire-et-pedagogique-vannes\/formule-scolaire-escapade\/","name":"Tramp\u00d4forest Park Vannes - Formule scolaire : Escapade","isPartOf":{"@id":"https:\/\/www.foretadrenaline.com\/vannes\/#website"},"primaryImageOfPage":{"@id":"https:\/\/www.foretadrenaline.com\/vannes\/sortie-scolaire-et-pedagogique-vannes\/formule-scolaire-escapade\/#primaryimage"},"image":{"@id":"https:\/\/www.foretadrenaline.com\/vannes\/sortie-scolaire-et-pedagogique-vannes\/formule-scolaire-escapade\/#primaryimage"},"thumbnailUrl":"https:\/\/www.foretadrenaline.com\/vannes\/wp-content\/uploads\/sites\/6\/2026\/04\/studio4k-18-scaled-1-1024x683.jpg","datePublished":"2026-04-03T13:17:54+00:00","dateModified":"2026-05-05T12:30:12+00:00","description":"Formule scolaire : Escapade : 2h d'activit\u00e9 au coeur de la nature, aventure et p\u00e9dagogie se rejoignent pour une sortie m\u00e9morable","breadcrumb":{"@id":"https:\/\/www.foretadrenaline.com\/vannes\/sortie-scolaire-et-pedagogique-vannes\/formule-scolaire-escapade\/#breadcrumb"},"inLanguage":"fr-FR","potentialAction":[{"@type":"ReadAction","target":["https:\/\/www.foretadrenaline.com\/vannes\/sortie-scolaire-et-pedagogique-vannes\/formule-scolaire-escapade\/"]}]},{"@type":"ImageObject","inLanguage":"fr-FR","@id":"https:\/\/www.foretadrenaline.com\/vannes\/sortie-scolaire-et-pedagogique-vannes\/formule-scolaire-escapade\/#primaryimage","url":"https:\/\/www.foretadrenaline.com\/vannes\/wp-content\/uploads\/sites\/6\/2026\/04\/studio4k-18-scaled-1.jpg","contentUrl":"https:\/\/www.foretadrenaline.com\/vannes\/wp-content\/uploads\/sites\/6\/2026\/04\/studio4k-18-scaled-1.jpg","width":2048,"height":1365},{"@type":"BreadcrumbList","@id":"https:\/\/www.foretadrenaline.com\/vannes\/sortie-scolaire-et-pedagogique-vannes\/formule-scolaire-escapade\/#breadcrumb","itemListElement":[{"@type":"ListItem","position":1,"name":"Accueil","item":"https:\/\/www.foretadrenaline.com\/vannes\/"},{"@type":"ListItem","position":2,"name":"Scolaires, CLSH &amp; Associations","item":"https:\/\/www.foretadrenaline.com\/vannes\/sortie-scolaire-et-pedagogique-vannes\/"},{"@type":"ListItem","position":3,"name":"Formule scolaire : Escapade"}]},{"@type":"WebSite","@id":"https:\/\/www.foretadrenaline.com\/vannes\/#website","url":"https:\/\/www.foretadrenaline.com\/vannes\/","name":"For\u00eat Adr\u00e9naline - Vannes","description":"","potentialAction":[{"@type":"SearchAction","target":{"@type":"EntryPoint","urlTemplate":"https:\/\/www.foretadrenaline.com\/vannes\/?s={search_term_string}"},"query-input":{"@type":"PropertyValueSpecification","valueRequired":true,"valueName":"search_term_string"}}],"inLanguage":"fr-FR"}]}},"_links":{"self":[{"href":"https:\/\/www.foretadrenaline.com\/vannes\/wp-json\/wp\/v2\/pages\/132","targetHints":{"allow":["GET"]}}],"collection":[{"href":"https:\/\/www.foretadrenaline.com\/vannes\/wp-json\/wp\/v2\/pages"}],"about":[{"href":"https:\/\/www.foretadrenaline.com\/vannes\/wp-json\/wp\/v2\/types\/page"}],"author":[{"embeddable":true,"href":"https:\/\/www.foretadrenaline.com\/vannes\/wp-json\/wp\/v2\/users\/1"}],"replies":[{"embeddable":true,"href":"https:\/\/www.foretadrenaline.com\/vannes\/wp-json\/wp\/v2\/comments?post=132"}],"version-history":[{"count":16,"href":"https:\/\/www.foretadrenaline.com\/vannes\/wp-json\/wp\/v2\/pages\/132\/revisions"}],"predecessor-version":[{"id":637,"href":"https:\/\/www.foretadrenaline.com\/vannes\/wp-json\/wp\/v2\/pages\/132\/revisions\/637"}],"up":[{"embeddable":true,"href":"https:\/\/www.foretadrenaline.com\/vannes\/wp-json\/wp\/v2\/pages\/192"}],"wp:attachment":[{"href":"https:\/\/www.foretadrenaline.com\/vannes\/wp-json\/wp\/v2\/media?parent=132"}],"curies":[{"name":"wp","href":"https:\/\/api.w.org\/{rel}","templated":true}]}}