{"id":168,"date":"2026-04-09T17:05:34","date_gmt":"2026-04-09T15:05:34","guid":{"rendered":"https:\/\/www.foretadrenaline.com\/vannes\/?page_id=168"},"modified":"2026-04-30T14:43:41","modified_gmt":"2026-04-30T12:43:41","slug":"trampoforest-park-vannes-bondissez-dans-la-legende","status":"publish","type":"page","link":"https:\/\/www.foretadrenaline.com\/vannes\/trampoforest-park-vannes-bondissez-dans-la-legende\/","title":{"rendered":"Tramp\u00d4forest\u00ae"},"content":{"rendered":"\n<h3 class=\"wp-block-heading\">Tramp\u00d4forest Park Vannes : Bondissez dans la l\u00e9gende&#8230;<\/h3>\n\n\n\n<figure class=\"wp-block-gallery has-nested-images columns-default is-cropped wp-block-gallery-1 is-layout-flex wp-block-gallery-is-layout-flex\">\n<figure class=\"wp-block-image size-large\"><img loading=\"lazy\" decoding=\"async\" width=\"1024\" height=\"683\" data-id=\"465\" src=\"https:\/\/www.foretadrenaline.com\/vannes\/wp-content\/uploads\/sites\/6\/2026\/04\/TRAMPOFOREST-2-1024x683.png\" alt=\"\" class=\"wp-image-465\" srcset=\"https:\/\/www.foretadrenaline.com\/vannes\/wp-content\/uploads\/sites\/6\/2026\/04\/TRAMPOFOREST-2-1024x683.png 1024w, https:\/\/www.foretadrenaline.com\/vannes\/wp-content\/uploads\/sites\/6\/2026\/04\/TRAMPOFOREST-2-300x200.png 300w, https:\/\/www.foretadrenaline.com\/vannes\/wp-content\/uploads\/sites\/6\/2026\/04\/TRAMPOFOREST-2-768x512.png 768w, https:\/\/www.foretadrenaline.com\/vannes\/wp-content\/uploads\/sites\/6\/2026\/04\/TRAMPOFOREST-2-1200x800.png 1200w, https:\/\/www.foretadrenaline.com\/vannes\/wp-content\/uploads\/sites\/6\/2026\/04\/TRAMPOFOREST-2.png 1536w\" sizes=\"auto, (max-width: 1024px) 100vw, 1024px\" \/><\/figure>\n\n\n\n<figure class=\"wp-block-image size-large\"><img loading=\"lazy\" decoding=\"async\" width=\"768\" height=\"1024\" data-id=\"239\" src=\"https:\/\/www.foretadrenaline.com\/vannes\/wp-content\/uploads\/sites\/6\/2026\/04\/P1122708-768x1024.jpg\" alt=\"Tramp\u00d4forest Park Vannes : Bondissez dans la l\u00e9gende...\" class=\"wp-image-239\" srcset=\"https:\/\/www.foretadrenaline.com\/vannes\/wp-content\/uploads\/sites\/6\/2026\/04\/P1122708-768x1024.jpg 768w, https:\/\/www.foretadrenaline.com\/vannes\/wp-content\/uploads\/sites\/6\/2026\/04\/P1122708-225x300.jpg 225w, https:\/\/www.foretadrenaline.com\/vannes\/wp-content\/uploads\/sites\/6\/2026\/04\/P1122708-1152x1536.jpg 1152w, https:\/\/www.foretadrenaline.com\/vannes\/wp-content\/uploads\/sites\/6\/2026\/04\/P1122708-scaled.jpg 1536w, https:\/\/www.foretadrenaline.com\/vannes\/wp-content\/uploads\/sites\/6\/2026\/04\/P1122708-1200x1600.jpg 1200w\" sizes=\"auto, (max-width: 768px) 100vw, 768px\" \/><\/figure>\n\n\n\n<figure class=\"wp-block-image size-large\"><img loading=\"lazy\" decoding=\"async\" width=\"1024\" height=\"683\" data-id=\"463\" src=\"https:\/\/www.foretadrenaline.com\/vannes\/wp-content\/uploads\/sites\/6\/2026\/04\/TRAMPOFOREST-1-1024x683.png\" alt=\"Tramp\u00d4forest Park Vannes : Bondissez dans la l\u00e9gende...\" class=\"wp-image-463\" srcset=\"https:\/\/www.foretadrenaline.com\/vannes\/wp-content\/uploads\/sites\/6\/2026\/04\/TRAMPOFOREST-1-1024x683.png 1024w, https:\/\/www.foretadrenaline.com\/vannes\/wp-content\/uploads\/sites\/6\/2026\/04\/TRAMPOFOREST-1-300x200.png 300w, https:\/\/www.foretadrenaline.com\/vannes\/wp-content\/uploads\/sites\/6\/2026\/04\/TRAMPOFOREST-1-768x512.png 768w, https:\/\/www.foretadrenaline.com\/vannes\/wp-content\/uploads\/sites\/6\/2026\/04\/TRAMPOFOREST-1-1200x800.png 1200w, https:\/\/www.foretadrenaline.com\/vannes\/wp-content\/uploads\/sites\/6\/2026\/04\/TRAMPOFOREST-1.png 1536w\" sizes=\"auto, (max-width: 1024px) 100vw, 1024px\" \/><\/figure>\n<\/figure>\n\n\n\n<p><br>La for\u00eat de Kergrain cache un secret bien gard\u00e9 : D\u00e9couvrez le parc Tramp\u00d4forest, empli de filets g\u00e9ants suspendus entre les arbres pour jouer, courir et bondir en toute libert\u00e9! <br><br>Sous la protection du druide <strong>Elementis<\/strong> et l&rsquo;\u0153il vif de <strong>Morgwen<\/strong>, devenez les gardiens des quatre \u00e9l\u00e9ments!<br><br>Tramp\u00d4forest Park Vannes : Bondissez dans la l\u00e9gende\u2026 <br>C\u2019est l\u2019exp\u00e9rience <strong>Tramp\u00d4forest<\/strong> : un voyage unique \u00e0 quelques minutes du centre ville de Vannes, o\u00f9 chaque rebond vous rapproche d&rsquo;une histoire et d&rsquo;une l\u00e9gende! <br><br>Petits korrigans et grands r\u00eaveurs, nous vous attendons avec impatience, venez d\u00e9couvrir un univers o\u00f9 tout est possible, et quittez le quotidien le temps d&rsquo;une apr\u00e8s midi&#8230; <br><\/p>\n\n\n\n<div class=\"wp-block-columns is-layout-flex wp-container-core-columns-is-layout-9d6595d7 wp-block-columns-is-layout-flex\">\n<div class=\"wp-block-column is-layout-flow wp-block-column-is-layout-flow\">\n<div class=\"wp-block-group card-activite\"><div class=\"wp-block-group__inner-container is-layout-constrained wp-block-group-is-layout-constrained\">\n<div class=\"wp-block-group card-activite-media is-vertical is-layout-flex wp-container-core-group-is-layout-8cf370e7 wp-block-group-is-layout-flex\">\n<p class=\"card-activite-media-badge card-activite-media-badge-1 has-white-color has-green-background-color has-text-color has-background has-link-color wp-elements-6157823d1d2128ec0dfcd253167c3310\">1h30<\/p>\n\n\n\n<p class=\"card-activite-media-badge card-activite-media-badge-2 has-white-background-color has-background\">A partir de 2 ans <\/p>\n\n\n\n<p class=\"card-activite-media-badge card-activite-media-badge-3 has-white-background-color has-background\"><\/p>\n\n\n\n<figure class=\"wp-block-image size-large\"><img loading=\"lazy\" decoding=\"async\" width=\"1024\" height=\"683\" src=\"https:\/\/www.foretadrenaline.com\/vannes\/wp-content\/uploads\/sites\/6\/2026\/04\/studio4k-18-scaled-2-1024x683.jpg\" alt=\"\" class=\"wp-image-243\" style=\"aspect-ratio:16\/9;object-fit:cover\" srcset=\"https:\/\/www.foretadrenaline.com\/vannes\/wp-content\/uploads\/sites\/6\/2026\/04\/studio4k-18-scaled-2-1024x683.jpg 1024w, https:\/\/www.foretadrenaline.com\/vannes\/wp-content\/uploads\/sites\/6\/2026\/04\/studio4k-18-scaled-2-300x200.jpg 300w, https:\/\/www.foretadrenaline.com\/vannes\/wp-content\/uploads\/sites\/6\/2026\/04\/studio4k-18-scaled-2-768x512.jpg 768w, https:\/\/www.foretadrenaline.com\/vannes\/wp-content\/uploads\/sites\/6\/2026\/04\/studio4k-18-scaled-2-1536x1024.jpg 1536w, https:\/\/www.foretadrenaline.com\/vannes\/wp-content\/uploads\/sites\/6\/2026\/04\/studio4k-18-scaled-2-1200x800.jpg 1200w, https:\/\/www.foretadrenaline.com\/vannes\/wp-content\/uploads\/sites\/6\/2026\/04\/studio4k-18-scaled-2.jpg 2048w\" sizes=\"auto, (max-width: 1024px) 100vw, 1024px\" \/><\/figure>\n<\/div>\n\n\n\n<div class=\"wp-block-group card-activite-content is-vertical is-content-justification-center is-layout-flex wp-container-core-group-is-layout-4b2eccd6 wp-block-group-is-layout-flex\">\n<h3 class=\"wp-block-heading\">Trampoforest 2-6 ans <\/h3>\n\n\n\n<ul class=\"wp-block-list\">\n<li>Un petit parcours ludique sans baudrier <\/li>\n\n\n\n<li>2 espaces Tramp\u00d4forest <br><\/li>\n<\/ul>\n\n\n\n<div class=\"wp-block-buttons is-content-justification-center is-layout-flex wp-container-core-buttons-is-layout-16018d1d wp-block-buttons-is-layout-flex\">\n<div class=\"wp-block-button\"><a class=\"wp-block-button__link has-white-color has-green-background-color has-text-color has-background has-link-color wp-element-button\" href=\"http:\/\/localhost\/foret-adrenaline\/carnac\/offres-groupes\/evjf-ou-evg-bretagne\/evjf-ou-evg-bretagne\/\">R\u00e9servez votre activit\u00e9<\/a><\/div>\n<\/div>\n<\/div>\n<\/div><\/div>\n<\/div>\n\n\n\n<div class=\"wp-block-column is-layout-flow wp-block-column-is-layout-flow\">\n<div class=\"wp-block-group card-activite\"><div class=\"wp-block-group__inner-container is-layout-constrained wp-block-group-is-layout-constrained\">\n<div class=\"wp-block-group card-activite-media is-vertical is-layout-flex wp-container-core-group-is-layout-8cf370e7 wp-block-group-is-layout-flex\">\n<p class=\"card-activite-media-badge card-activite-media-badge-1 has-white-color has-green-background-color has-text-color has-background has-link-color wp-elements-6157823d1d2128ec0dfcd253167c3310\">1h30<\/p>\n\n\n\n<p class=\"card-activite-media-badge card-activite-media-badge-2 has-white-background-color has-background\">A partir de 7 ans <\/p>\n\n\n\n<p class=\"card-activite-media-badge card-activite-media-badge-3 has-white-background-color has-background\"><\/p>\n\n\n\n<figure class=\"wp-block-image size-large\"><img loading=\"lazy\" decoding=\"async\" width=\"1024\" height=\"683\" src=\"https:\/\/www.foretadrenaline.com\/vannes\/wp-content\/uploads\/sites\/6\/2026\/04\/studio4k-239-1-1-1024x683.jpg\" alt=\"\" class=\"wp-image-366\" style=\"aspect-ratio:16\/9;object-fit:cover\" srcset=\"https:\/\/www.foretadrenaline.com\/vannes\/wp-content\/uploads\/sites\/6\/2026\/04\/studio4k-239-1-1-1024x683.jpg 1024w, https:\/\/www.foretadrenaline.com\/vannes\/wp-content\/uploads\/sites\/6\/2026\/04\/studio4k-239-1-1-300x200.jpg 300w, https:\/\/www.foretadrenaline.com\/vannes\/wp-content\/uploads\/sites\/6\/2026\/04\/studio4k-239-1-1-768x512.jpg 768w, https:\/\/www.foretadrenaline.com\/vannes\/wp-content\/uploads\/sites\/6\/2026\/04\/studio4k-239-1-1-1536x1024.jpg 1536w, https:\/\/www.foretadrenaline.com\/vannes\/wp-content\/uploads\/sites\/6\/2026\/04\/studio4k-239-1-1-scaled.jpg 2048w, https:\/\/www.foretadrenaline.com\/vannes\/wp-content\/uploads\/sites\/6\/2026\/04\/studio4k-239-1-1-1200x800.jpg 1200w\" sizes=\"auto, (max-width: 1024px) 100vw, 1024px\" \/><\/figure>\n<\/div>\n\n\n\n<div class=\"wp-block-group card-activite-content is-vertical is-content-justification-center is-layout-flex wp-container-core-group-is-layout-4b2eccd6 wp-block-group-is-layout-flex\">\n<h3 class=\"wp-block-heading\">Trampoforest 7 ans et +<\/h3>\n\n\n\n<ul class=\"wp-block-list\">\n<li>8 salles de Tramp\u00d4forest <\/li>\n\n\n\n<li>4 espaces s\u00e9par\u00e9s<\/li>\n\n\n\n<li>Jusqu&rsquo;\u00e0 7m de haut <\/li>\n<\/ul>\n\n\n\n<div class=\"wp-block-buttons is-content-justification-center is-layout-flex wp-container-core-buttons-is-layout-16018d1d wp-block-buttons-is-layout-flex\">\n<div class=\"wp-block-button\"><a class=\"wp-block-button__link has-white-color has-green-background-color has-text-color has-background has-link-color wp-element-button\" href=\"http:\/\/localhost\/foret-adrenaline\/carnac\/offres-groupes\/evjf-ou-evg-bretagne\/evjf-ou-evg-bretagne\/\">R\u00e9servez votre activit\u00e9<\/a><\/div>\n<\/div>\n<\/div>\n<\/div><\/div>\n<\/div>\n<\/div>\n","protected":false},"excerpt":{"rendered":"<p>Tramp\u00d4forest Park Vannes : Bondissez dans la l\u00e9gende&#8230; La for\u00eat de Kergrain cache un secret bien gard\u00e9 : D\u00e9couvrez le parc Tramp\u00d4forest, empli de filets g\u00e9ants suspendus entre les arbres pour jouer, courir et bondir en toute libert\u00e9! Sous la protection du druide Elementis et l&rsquo;\u0153il vif de Morgwen, devenez les gardiens des quatre \u00e9l\u00e9ments!&hellip;<\/p>\n","protected":false},"author":2,"featured_media":463,"parent":0,"menu_order":0,"comment_status":"closed","ping_status":"closed","template":"","meta":{"_acf_changed":false,"footnotes":""},"class_list":["post-168","page","type-page","status-publish","has-post-thumbnail","hentry"],"acf":[],"yoast_head":"<!-- This site is optimized with the Yoast SEO plugin v27.5 - https:\/\/yoast.com\/product\/yoast-seo-wordpress\/ -->\n<title>Tramp\u00d4forest Park Vannes : Bondissez dans la l\u00e9gende...<\/title>\n<meta name=\"description\" content=\"Tramp\u00d4forest Park Vannes : Bondissez dans la l\u00e9gende ! Suivez Elementis et Morgwen pour une journ\u00e9e hors du temps\" \/>\n<meta name=\"robots\" content=\"index, follow, max-snippet:-1, max-image-preview:large, max-video-preview:-1\" \/>\n<link rel=\"canonical\" href=\"https:\/\/www.foretadrenaline.com\/vannes\/trampoforest-park-vannes-bondissez-dans-la-legende\/\" \/>\n<meta property=\"og:locale\" content=\"fr_FR\" \/>\n<meta property=\"og:type\" content=\"article\" \/>\n<meta property=\"og:title\" content=\"Tramp\u00d4forest Park Vannes : Bondissez dans la l\u00e9gende...\" \/>\n<meta property=\"og:description\" content=\"Tramp\u00d4forest Park Vannes : Bondissez dans la l\u00e9gende ! Suivez Elementis et Morgwen pour une journ\u00e9e hors du temps\" \/>\n<meta property=\"og:url\" content=\"https:\/\/www.foretadrenaline.com\/vannes\/trampoforest-park-vannes-bondissez-dans-la-legende\/\" \/>\n<meta property=\"og:site_name\" content=\"For\u00eat Adr\u00e9naline - Vannes\" \/>\n<meta property=\"article:modified_time\" content=\"2026-04-30T12:43:41+00:00\" \/>\n<meta property=\"og:image\" content=\"https:\/\/www.foretadrenaline.com\/vannes\/wp-content\/uploads\/sites\/6\/2026\/04\/TRAMPOFOREST-1-1024x683.png\" \/>\n\t<meta property=\"og:image:width\" content=\"1024\" \/>\n\t<meta property=\"og:image:height\" content=\"683\" \/>\n\t<meta property=\"og:image:type\" content=\"image\/png\" \/>\n<meta name=\"twitter:card\" content=\"summary_large_image\" \/>\n<meta name=\"twitter:label1\" content=\"Dur\u00e9e de lecture estim\u00e9e\" \/>\n\t<meta name=\"twitter:data1\" content=\"2 minutes\" \/>\n<script type=\"application\/ld+json\" class=\"yoast-schema-graph\">{\"@context\":\"https:\\\/\\\/schema.org\",\"@graph\":[{\"@type\":\"WebPage\",\"@id\":\"https:\\\/\\\/www.foretadrenaline.com\\\/vannes\\\/trampoforest-park-vannes-bondissez-dans-la-legende\\\/\",\"url\":\"https:\\\/\\\/www.foretadrenaline.com\\\/vannes\\\/trampoforest-park-vannes-bondissez-dans-la-legende\\\/\",\"name\":\"Tramp\u00d4forest Park Vannes : Bondissez dans la l\u00e9gende...\",\"isPartOf\":{\"@id\":\"https:\\\/\\\/www.foretadrenaline.com\\\/vannes\\\/#website\"},\"primaryImageOfPage\":{\"@id\":\"https:\\\/\\\/www.foretadrenaline.com\\\/vannes\\\/trampoforest-park-vannes-bondissez-dans-la-legende\\\/#primaryimage\"},\"image\":{\"@id\":\"https:\\\/\\\/www.foretadrenaline.com\\\/vannes\\\/trampoforest-park-vannes-bondissez-dans-la-legende\\\/#primaryimage\"},\"thumbnailUrl\":\"https:\\\/\\\/www.foretadrenaline.com\\\/vannes\\\/wp-content\\\/uploads\\\/sites\\\/6\\\/2026\\\/04\\\/TRAMPOFOREST-1.png\",\"datePublished\":\"2026-04-09T15:05:34+00:00\",\"dateModified\":\"2026-04-30T12:43:41+00:00\",\"description\":\"Tramp\u00d4forest Park Vannes : Bondissez dans la l\u00e9gende ! Suivez Elementis et Morgwen pour une journ\u00e9e hors du temps\",\"breadcrumb\":{\"@id\":\"https:\\\/\\\/www.foretadrenaline.com\\\/vannes\\\/trampoforest-park-vannes-bondissez-dans-la-legende\\\/#breadcrumb\"},\"inLanguage\":\"fr-FR\",\"potentialAction\":[{\"@type\":\"ReadAction\",\"target\":[\"https:\\\/\\\/www.foretadrenaline.com\\\/vannes\\\/trampoforest-park-vannes-bondissez-dans-la-legende\\\/\"]}]},{\"@type\":\"ImageObject\",\"inLanguage\":\"fr-FR\",\"@id\":\"https:\\\/\\\/www.foretadrenaline.com\\\/vannes\\\/trampoforest-park-vannes-bondissez-dans-la-legende\\\/#primaryimage\",\"url\":\"https:\\\/\\\/www.foretadrenaline.com\\\/vannes\\\/wp-content\\\/uploads\\\/sites\\\/6\\\/2026\\\/04\\\/TRAMPOFOREST-1.png\",\"contentUrl\":\"https:\\\/\\\/www.foretadrenaline.com\\\/vannes\\\/wp-content\\\/uploads\\\/sites\\\/6\\\/2026\\\/04\\\/TRAMPOFOREST-1.png\",\"width\":1536,\"height\":1024},{\"@type\":\"BreadcrumbList\",\"@id\":\"https:\\\/\\\/www.foretadrenaline.com\\\/vannes\\\/trampoforest-park-vannes-bondissez-dans-la-legende\\\/#breadcrumb\",\"itemListElement\":[{\"@type\":\"ListItem\",\"position\":1,\"name\":\"Accueil\",\"item\":\"https:\\\/\\\/www.foretadrenaline.com\\\/vannes\\\/\"},{\"@type\":\"ListItem\",\"position\":2,\"name\":\"Tramp\u00d4forest\u00ae\"}]},{\"@type\":\"WebSite\",\"@id\":\"https:\\\/\\\/www.foretadrenaline.com\\\/vannes\\\/#website\",\"url\":\"https:\\\/\\\/www.foretadrenaline.com\\\/vannes\\\/\",\"name\":\"For\u00eat Adr\u00e9naline - Vannes\",\"description\":\"\",\"potentialAction\":[{\"@type\":\"SearchAction\",\"target\":{\"@type\":\"EntryPoint\",\"urlTemplate\":\"https:\\\/\\\/www.foretadrenaline.com\\\/vannes\\\/?s={search_term_string}\"},\"query-input\":{\"@type\":\"PropertyValueSpecification\",\"valueRequired\":true,\"valueName\":\"search_term_string\"}}],\"inLanguage\":\"fr-FR\"}]}<\/script>\n<!-- \/ Yoast SEO plugin. -->","yoast_head_json":{"title":"Tramp\u00d4forest Park Vannes : Bondissez dans la l\u00e9gende...","description":"Tramp\u00d4forest Park Vannes : Bondissez dans la l\u00e9gende ! Suivez Elementis et Morgwen pour une journ\u00e9e hors du temps","robots":{"index":"index","follow":"follow","max-snippet":"max-snippet:-1","max-image-preview":"max-image-preview:large","max-video-preview":"max-video-preview:-1"},"canonical":"https:\/\/www.foretadrenaline.com\/vannes\/trampoforest-park-vannes-bondissez-dans-la-legende\/","og_locale":"fr_FR","og_type":"article","og_title":"Tramp\u00d4forest Park Vannes : Bondissez dans la l\u00e9gende...","og_description":"Tramp\u00d4forest Park Vannes : Bondissez dans la l\u00e9gende ! Suivez Elementis et Morgwen pour une journ\u00e9e hors du temps","og_url":"https:\/\/www.foretadrenaline.com\/vannes\/trampoforest-park-vannes-bondissez-dans-la-legende\/","og_site_name":"For\u00eat Adr\u00e9naline - Vannes","article_modified_time":"2026-04-30T12:43:41+00:00","og_image":[{"width":1024,"height":683,"url":"https:\/\/www.foretadrenaline.com\/vannes\/wp-content\/uploads\/sites\/6\/2026\/04\/TRAMPOFOREST-1-1024x683.png","type":"image\/png"}],"twitter_card":"summary_large_image","twitter_misc":{"Dur\u00e9e de lecture estim\u00e9e":"2 minutes"},"schema":{"@context":"https:\/\/schema.org","@graph":[{"@type":"WebPage","@id":"https:\/\/www.foretadrenaline.com\/vannes\/trampoforest-park-vannes-bondissez-dans-la-legende\/","url":"https:\/\/www.foretadrenaline.com\/vannes\/trampoforest-park-vannes-bondissez-dans-la-legende\/","name":"Tramp\u00d4forest Park Vannes : Bondissez dans la l\u00e9gende...","isPartOf":{"@id":"https:\/\/www.foretadrenaline.com\/vannes\/#website"},"primaryImageOfPage":{"@id":"https:\/\/www.foretadrenaline.com\/vannes\/trampoforest-park-vannes-bondissez-dans-la-legende\/#primaryimage"},"image":{"@id":"https:\/\/www.foretadrenaline.com\/vannes\/trampoforest-park-vannes-bondissez-dans-la-legende\/#primaryimage"},"thumbnailUrl":"https:\/\/www.foretadrenaline.com\/vannes\/wp-content\/uploads\/sites\/6\/2026\/04\/TRAMPOFOREST-1.png","datePublished":"2026-04-09T15:05:34+00:00","dateModified":"2026-04-30T12:43:41+00:00","description":"Tramp\u00d4forest Park Vannes : Bondissez dans la l\u00e9gende ! Suivez Elementis et Morgwen pour une journ\u00e9e hors du temps","breadcrumb":{"@id":"https:\/\/www.foretadrenaline.com\/vannes\/trampoforest-park-vannes-bondissez-dans-la-legende\/#breadcrumb"},"inLanguage":"fr-FR","potentialAction":[{"@type":"ReadAction","target":["https:\/\/www.foretadrenaline.com\/vannes\/trampoforest-park-vannes-bondissez-dans-la-legende\/"]}]},{"@type":"ImageObject","inLanguage":"fr-FR","@id":"https:\/\/www.foretadrenaline.com\/vannes\/trampoforest-park-vannes-bondissez-dans-la-legende\/#primaryimage","url":"https:\/\/www.foretadrenaline.com\/vannes\/wp-content\/uploads\/sites\/6\/2026\/04\/TRAMPOFOREST-1.png","contentUrl":"https:\/\/www.foretadrenaline.com\/vannes\/wp-content\/uploads\/sites\/6\/2026\/04\/TRAMPOFOREST-1.png","width":1536,"height":1024},{"@type":"BreadcrumbList","@id":"https:\/\/www.foretadrenaline.com\/vannes\/trampoforest-park-vannes-bondissez-dans-la-legende\/#breadcrumb","itemListElement":[{"@type":"ListItem","position":1,"name":"Accueil","item":"https:\/\/www.foretadrenaline.com\/vannes\/"},{"@type":"ListItem","position":2,"name":"Tramp\u00d4forest\u00ae"}]},{"@type":"WebSite","@id":"https:\/\/www.foretadrenaline.com\/vannes\/#website","url":"https:\/\/www.foretadrenaline.com\/vannes\/","name":"For\u00eat Adr\u00e9naline - Vannes","description":"","potentialAction":[{"@type":"SearchAction","target":{"@type":"EntryPoint","urlTemplate":"https:\/\/www.foretadrenaline.com\/vannes\/?s={search_term_string}"},"query-input":{"@type":"PropertyValueSpecification","valueRequired":true,"valueName":"search_term_string"}}],"inLanguage":"fr-FR"}]}},"_links":{"self":[{"href":"https:\/\/www.foretadrenaline.com\/vannes\/wp-json\/wp\/v2\/pages\/168","targetHints":{"allow":["GET"]}}],"collection":[{"href":"https:\/\/www.foretadrenaline.com\/vannes\/wp-json\/wp\/v2\/pages"}],"about":[{"href":"https:\/\/www.foretadrenaline.com\/vannes\/wp-json\/wp\/v2\/types\/page"}],"author":[{"embeddable":true,"href":"https:\/\/www.foretadrenaline.com\/vannes\/wp-json\/wp\/v2\/users\/2"}],"replies":[{"embeddable":true,"href":"https:\/\/www.foretadrenaline.com\/vannes\/wp-json\/wp\/v2\/comments?post=168"}],"version-history":[{"count":4,"href":"https:\/\/www.foretadrenaline.com\/vannes\/wp-json\/wp\/v2\/pages\/168\/revisions"}],"predecessor-version":[{"id":556,"href":"https:\/\/www.foretadrenaline.com\/vannes\/wp-json\/wp\/v2\/pages\/168\/revisions\/556"}],"wp:featuredmedia":[{"embeddable":true,"href":"https:\/\/www.foretadrenaline.com\/vannes\/wp-json\/wp\/v2\/media\/463"}],"wp:attachment":[{"href":"https:\/\/www.foretadrenaline.com\/vannes\/wp-json\/wp\/v2\/media?parent=168"}],"curies":[{"name":"wp","href":"https:\/\/api.w.org\/{rel}","templated":true}]}}