{"id":170,"date":"2026-04-09T17:07:15","date_gmt":"2026-04-09T15:07:15","guid":{"rendered":"https:\/\/www.foretadrenaline.com\/vannes\/?page_id=170"},"modified":"2026-04-29T16:58:09","modified_gmt":"2026-04-29T14:58:09","slug":"les-batailles-de-la-foret-archery-gel-ball","status":"publish","type":"page","link":"https:\/\/www.foretadrenaline.com\/vannes\/les-batailles-de-la-foret-archery-gel-ball\/","title":{"rendered":"Les batailles de la for\u00eat"},"content":{"rendered":"\n<h2 class=\"wp-block-heading\">Les Batailles de la For\u00eat : Archery &amp; Gel Ball<\/h2>\n\n\n\n<p><strong>Une activit\u00e9 originale pour s\u2019amuser en groupe \u00e0 Vannes.<\/strong><\/p>\n\n\n\n<p>Au c\u0153ur de la for\u00eat de Kergrain, d\u00e9couvrez <strong>Les Batailles de la For\u00eat<\/strong>, deux activit\u00e9s incontournables pour partager un moment fun et dynamique : <strong>l\u2019Archery Battle<\/strong> et le <strong>Gel Ball<\/strong>.<\/p>\n\n\n\n<p>Sous l\u2019\u0153il bienveillant du Druide <strong>Elementis<\/strong>, notre parc propose des aventures originales id\u00e9ales pour les amis, familles, groupes, anniversaires, EVG ou EVJF. <br>Ici, on allie adresse, strat\u00e9gie et esprit d\u2019\u00e9quipe dans un cadre naturel exceptionnel.<\/p>\n\n\n\n<h3 class=\"wp-block-heading\">\ud83c\udff9 Archery Battle : Le tir \u00e0 l\u2019arc version combat<\/h3>\n\n\n\n<p>L\u2019Archery Battle est une activit\u00e9 ludique inspir\u00e9e du tir \u00e0 l\u2019arc et du dodgeball. Les joueurs s\u2019affrontent en \u00e9quipes, \u00e9quip\u00e9s d\u2019arcs et de <strong>fl\u00e8ches s\u00e9curis\u00e9es avec embouts en mousse<\/strong>.<\/p>\n\n\n\n<ul class=\"wp-block-list\">\n<li><strong>Le but :<\/strong> Toucher ses adversaires ou atteindre les cibles pour \u00e9liminer l\u2019\u00e9quipe oppos\u00e9e.<\/li>\n\n\n\n<li><strong>L\u2019esprit de Morgwen :<\/strong> Soyez aussi agile que l&rsquo;hermine pour esquiver les tirs !<\/li>\n\n\n\n<li><strong>Pour qui ?<\/strong> Accessible d\u00e8s 6 ans, cette activit\u00e9 garantit adr\u00e9naline et fous rires sans aucun bleu.<\/li>\n<\/ul>\n\n\n\n<h3 class=\"wp-block-heading\">\ud83d\udd2b Gel Ball : L\u2019action 100% fun<\/h3>\n\n\n\n<p>Le Gel Ball est l&rsquo;alternative parfaite au paintball. \u00c0 l&rsquo;aide de lanceurs propulsant des petites billes d&rsquo;eau biod\u00e9gradables, vivez une exp\u00e9rience immersive en pleine for\u00eat.<\/p>\n\n\n\n<ul class=\"wp-block-list\">\n<li><strong>A partir de 6 ans <\/strong><\/li>\n\n\n\n<li><strong>Z\u00e9ro douleur :<\/strong> Les billes \u00e9clatent \u00e0 l&rsquo;impact, offrant des sensations fortes sans les d\u00e9sagr\u00e9ments.<\/li>\n\n\n\n<li><strong>Strat\u00e9gie d&rsquo;\u00e9quipe :<\/strong> Communiquez et progressez ensemble pour conqu\u00e9rir le terrain.<\/li>\n\n\n\n<li><strong>\u00c9co-responsable :<\/strong> Fid\u00e8le \u00e0 notre mission, les projectiles sont sans impact pour l&rsquo;environnement.<\/li>\n<\/ul>\n\n\n\n<p><strong>Pr\u00eats \u00e0 entrer dans la l\u00e9gende ? Choisissez votre arme et rejoignez la Bataille de la For\u00eat<\/strong><\/p>\n\n\n\n<figure class=\"wp-block-gallery has-nested-images columns-default is-cropped wp-block-gallery-1 is-layout-flex wp-block-gallery-is-layout-flex\">\n<figure class=\"wp-block-image size-large\"><img loading=\"lazy\" decoding=\"async\" width=\"1024\" height=\"683\" data-id=\"443\" src=\"https:\/\/www.foretadrenaline.com\/vannes\/wp-content\/uploads\/sites\/6\/2026\/04\/Archery-Tag-2-1024x683.png\" alt=\"\" class=\"wp-image-443\" srcset=\"https:\/\/www.foretadrenaline.com\/vannes\/wp-content\/uploads\/sites\/6\/2026\/04\/Archery-Tag-2-1024x683.png 1024w, https:\/\/www.foretadrenaline.com\/vannes\/wp-content\/uploads\/sites\/6\/2026\/04\/Archery-Tag-2-300x200.png 300w, https:\/\/www.foretadrenaline.com\/vannes\/wp-content\/uploads\/sites\/6\/2026\/04\/Archery-Tag-2-768x512.png 768w, https:\/\/www.foretadrenaline.com\/vannes\/wp-content\/uploads\/sites\/6\/2026\/04\/Archery-Tag-2-1200x800.png 1200w, https:\/\/www.foretadrenaline.com\/vannes\/wp-content\/uploads\/sites\/6\/2026\/04\/Archery-Tag-2.png 1536w\" sizes=\"auto, (max-width: 1024px) 100vw, 1024px\" \/><\/figure>\n\n\n\n<figure class=\"wp-block-image size-large\"><img loading=\"lazy\" decoding=\"async\" width=\"1024\" height=\"819\" data-id=\"441\" src=\"https:\/\/www.foretadrenaline.com\/vannes\/wp-content\/uploads\/sites\/6\/2026\/04\/Archery-Tag-1-1024x819.png\" alt=\"\" class=\"wp-image-441\" srcset=\"https:\/\/www.foretadrenaline.com\/vannes\/wp-content\/uploads\/sites\/6\/2026\/04\/Archery-Tag-1-1024x819.png 1024w, https:\/\/www.foretadrenaline.com\/vannes\/wp-content\/uploads\/sites\/6\/2026\/04\/Archery-Tag-1-300x240.png 300w, https:\/\/www.foretadrenaline.com\/vannes\/wp-content\/uploads\/sites\/6\/2026\/04\/Archery-Tag-1-768x615.png 768w, https:\/\/www.foretadrenaline.com\/vannes\/wp-content\/uploads\/sites\/6\/2026\/04\/Archery-Tag-1-1200x960.png 1200w, https:\/\/www.foretadrenaline.com\/vannes\/wp-content\/uploads\/sites\/6\/2026\/04\/Archery-Tag-1.png 1402w\" sizes=\"auto, (max-width: 1024px) 100vw, 1024px\" \/><\/figure>\n\n\n\n<figure class=\"wp-block-image size-large\"><img loading=\"lazy\" decoding=\"async\" width=\"1024\" height=\"683\" data-id=\"165\" src=\"https:\/\/www.foretadrenaline.com\/vannes\/wp-content\/uploads\/sites\/6\/2026\/04\/Bataille-deau-au-coeur-de-la-foret-1024x683.png\" alt=\"\" class=\"wp-image-165\" srcset=\"https:\/\/www.foretadrenaline.com\/vannes\/wp-content\/uploads\/sites\/6\/2026\/04\/Bataille-deau-au-coeur-de-la-foret-1024x683.png 1024w, https:\/\/www.foretadrenaline.com\/vannes\/wp-content\/uploads\/sites\/6\/2026\/04\/Bataille-deau-au-coeur-de-la-foret-300x200.png 300w, https:\/\/www.foretadrenaline.com\/vannes\/wp-content\/uploads\/sites\/6\/2026\/04\/Bataille-deau-au-coeur-de-la-foret-768x512.png 768w, https:\/\/www.foretadrenaline.com\/vannes\/wp-content\/uploads\/sites\/6\/2026\/04\/Bataille-deau-au-coeur-de-la-foret-1200x800.png 1200w, https:\/\/www.foretadrenaline.com\/vannes\/wp-content\/uploads\/sites\/6\/2026\/04\/Bataille-deau-au-coeur-de-la-foret.png 1536w\" sizes=\"auto, (max-width: 1024px) 100vw, 1024px\" \/><\/figure>\n<\/figure>\n\n\n\n<hr class=\"wp-block-separator has-alpha-channel-opacity\" \/>\n\n\n\n<div class=\"wp-block-buttons is-content-justification-center is-layout-flex wp-container-core-buttons-is-layout-16018d1d wp-block-buttons-is-layout-flex\">\n<div class=\"wp-block-button\"><a class=\"wp-block-button__link has-main-color has-green-background-color has-text-color has-background has-link-color wp-element-button\" href=\"https:\/\/www.foretadrenaline.com\/vannes\/trampoforest-park-vannes-formules-tarifs\/\"><strong>Nos formules et tarifs<\/strong><\/a><\/div>\n<\/div>\n\n\n\n<p><\/p>\n","protected":false},"excerpt":{"rendered":"<p>Les Batailles de la For\u00eat : Archery &amp; Gel Ball Une activit\u00e9 originale pour s\u2019amuser en groupe \u00e0 Vannes. Au c\u0153ur de la for\u00eat de Kergrain, d\u00e9couvrez Les Batailles de la For\u00eat, deux activit\u00e9s incontournables pour partager un moment fun et dynamique : l\u2019Archery Battle et le Gel Ball. Sous l\u2019\u0153il bienveillant du Druide Elementis,&hellip;<\/p>\n","protected":false},"author":2,"featured_media":441,"parent":0,"menu_order":0,"comment_status":"closed","ping_status":"closed","template":"","meta":{"_acf_changed":false,"footnotes":""},"class_list":["post-170","page","type-page","status-publish","has-post-thumbnail","hentry"],"acf":[],"yoast_head":"<!-- This site is optimized with the Yoast SEO plugin v27.5 - https:\/\/yoast.com\/product\/yoast-seo-wordpress\/ -->\n<title>Les Batailles de la For\u00eat : Archery &amp; Gel Ball<\/title>\n<meta name=\"description\" content=\"Les Batailles de la For\u00eat : Archery &amp; Gel Ball Au coeur de la for\u00eat Myst\u00e9rieuse de Vannes, une bataille amusante et ludique se jour !\" \/>\n<meta name=\"robots\" content=\"index, follow, max-snippet:-1, max-image-preview:large, max-video-preview:-1\" \/>\n<link rel=\"canonical\" href=\"https:\/\/www.foretadrenaline.com\/vannes\/les-batailles-de-la-foret-archery-gel-ball\/\" \/>\n<meta property=\"og:locale\" content=\"fr_FR\" \/>\n<meta property=\"og:type\" content=\"article\" \/>\n<meta property=\"og:title\" content=\"Les Batailles de la For\u00eat : Archery &amp; Gel Ball\" \/>\n<meta property=\"og:description\" content=\"Les Batailles de la For\u00eat : Archery &amp; Gel Ball Au coeur de la for\u00eat Myst\u00e9rieuse de Vannes, une bataille amusante et ludique se jour !\" \/>\n<meta property=\"og:url\" content=\"https:\/\/www.foretadrenaline.com\/vannes\/les-batailles-de-la-foret-archery-gel-ball\/\" \/>\n<meta property=\"og:site_name\" content=\"For\u00eat Adr\u00e9naline - Vannes\" \/>\n<meta property=\"article:modified_time\" content=\"2026-04-29T14:58:09+00:00\" \/>\n<meta property=\"og:image\" content=\"https:\/\/www.foretadrenaline.com\/vannes\/wp-content\/uploads\/sites\/6\/2026\/04\/Archery-Tag-1-1024x819.png\" \/>\n\t<meta property=\"og:image:width\" content=\"1024\" \/>\n\t<meta property=\"og:image:height\" content=\"819\" \/>\n\t<meta property=\"og:image:type\" content=\"image\/png\" \/>\n<meta name=\"twitter:card\" content=\"summary_large_image\" \/>\n<meta name=\"twitter:label1\" content=\"Dur\u00e9e de lecture estim\u00e9e\" \/>\n\t<meta name=\"twitter:data1\" content=\"3 minutes\" \/>\n<script type=\"application\/ld+json\" class=\"yoast-schema-graph\">{\"@context\":\"https:\\\/\\\/schema.org\",\"@graph\":[{\"@type\":\"WebPage\",\"@id\":\"https:\\\/\\\/www.foretadrenaline.com\\\/vannes\\\/les-batailles-de-la-foret-archery-gel-ball\\\/\",\"url\":\"https:\\\/\\\/www.foretadrenaline.com\\\/vannes\\\/les-batailles-de-la-foret-archery-gel-ball\\\/\",\"name\":\"Les Batailles de la For\u00eat : Archery & Gel Ball\",\"isPartOf\":{\"@id\":\"https:\\\/\\\/www.foretadrenaline.com\\\/vannes\\\/#website\"},\"primaryImageOfPage\":{\"@id\":\"https:\\\/\\\/www.foretadrenaline.com\\\/vannes\\\/les-batailles-de-la-foret-archery-gel-ball\\\/#primaryimage\"},\"image\":{\"@id\":\"https:\\\/\\\/www.foretadrenaline.com\\\/vannes\\\/les-batailles-de-la-foret-archery-gel-ball\\\/#primaryimage\"},\"thumbnailUrl\":\"https:\\\/\\\/www.foretadrenaline.com\\\/vannes\\\/wp-content\\\/uploads\\\/sites\\\/6\\\/2026\\\/04\\\/Archery-Tag-1.png\",\"datePublished\":\"2026-04-09T15:07:15+00:00\",\"dateModified\":\"2026-04-29T14:58:09+00:00\",\"description\":\"Les Batailles de la For\u00eat : Archery & Gel Ball Au coeur de la for\u00eat Myst\u00e9rieuse de Vannes, une bataille amusante et ludique se jour !\",\"breadcrumb\":{\"@id\":\"https:\\\/\\\/www.foretadrenaline.com\\\/vannes\\\/les-batailles-de-la-foret-archery-gel-ball\\\/#breadcrumb\"},\"inLanguage\":\"fr-FR\",\"potentialAction\":[{\"@type\":\"ReadAction\",\"target\":[\"https:\\\/\\\/www.foretadrenaline.com\\\/vannes\\\/les-batailles-de-la-foret-archery-gel-ball\\\/\"]}]},{\"@type\":\"ImageObject\",\"inLanguage\":\"fr-FR\",\"@id\":\"https:\\\/\\\/www.foretadrenaline.com\\\/vannes\\\/les-batailles-de-la-foret-archery-gel-ball\\\/#primaryimage\",\"url\":\"https:\\\/\\\/www.foretadrenaline.com\\\/vannes\\\/wp-content\\\/uploads\\\/sites\\\/6\\\/2026\\\/04\\\/Archery-Tag-1.png\",\"contentUrl\":\"https:\\\/\\\/www.foretadrenaline.com\\\/vannes\\\/wp-content\\\/uploads\\\/sites\\\/6\\\/2026\\\/04\\\/Archery-Tag-1.png\",\"width\":1402,\"height\":1122},{\"@type\":\"BreadcrumbList\",\"@id\":\"https:\\\/\\\/www.foretadrenaline.com\\\/vannes\\\/les-batailles-de-la-foret-archery-gel-ball\\\/#breadcrumb\",\"itemListElement\":[{\"@type\":\"ListItem\",\"position\":1,\"name\":\"Accueil\",\"item\":\"https:\\\/\\\/www.foretadrenaline.com\\\/vannes\\\/\"},{\"@type\":\"ListItem\",\"position\":2,\"name\":\"Les batailles de la for\u00eat\"}]},{\"@type\":\"WebSite\",\"@id\":\"https:\\\/\\\/www.foretadrenaline.com\\\/vannes\\\/#website\",\"url\":\"https:\\\/\\\/www.foretadrenaline.com\\\/vannes\\\/\",\"name\":\"For\u00eat Adr\u00e9naline - Vannes\",\"description\":\"\",\"potentialAction\":[{\"@type\":\"SearchAction\",\"target\":{\"@type\":\"EntryPoint\",\"urlTemplate\":\"https:\\\/\\\/www.foretadrenaline.com\\\/vannes\\\/?s={search_term_string}\"},\"query-input\":{\"@type\":\"PropertyValueSpecification\",\"valueRequired\":true,\"valueName\":\"search_term_string\"}}],\"inLanguage\":\"fr-FR\"}]}<\/script>\n<!-- \/ Yoast SEO plugin. -->","yoast_head_json":{"title":"Les Batailles de la For\u00eat : Archery & Gel Ball","description":"Les Batailles de la For\u00eat : Archery & Gel Ball Au coeur de la for\u00eat Myst\u00e9rieuse de Vannes, une bataille amusante et ludique se jour !","robots":{"index":"index","follow":"follow","max-snippet":"max-snippet:-1","max-image-preview":"max-image-preview:large","max-video-preview":"max-video-preview:-1"},"canonical":"https:\/\/www.foretadrenaline.com\/vannes\/les-batailles-de-la-foret-archery-gel-ball\/","og_locale":"fr_FR","og_type":"article","og_title":"Les Batailles de la For\u00eat : Archery & Gel Ball","og_description":"Les Batailles de la For\u00eat : Archery & Gel Ball Au coeur de la for\u00eat Myst\u00e9rieuse de Vannes, une bataille amusante et ludique se jour !","og_url":"https:\/\/www.foretadrenaline.com\/vannes\/les-batailles-de-la-foret-archery-gel-ball\/","og_site_name":"For\u00eat Adr\u00e9naline - Vannes","article_modified_time":"2026-04-29T14:58:09+00:00","og_image":[{"width":1024,"height":819,"url":"https:\/\/www.foretadrenaline.com\/vannes\/wp-content\/uploads\/sites\/6\/2026\/04\/Archery-Tag-1-1024x819.png","type":"image\/png"}],"twitter_card":"summary_large_image","twitter_misc":{"Dur\u00e9e de lecture estim\u00e9e":"3 minutes"},"schema":{"@context":"https:\/\/schema.org","@graph":[{"@type":"WebPage","@id":"https:\/\/www.foretadrenaline.com\/vannes\/les-batailles-de-la-foret-archery-gel-ball\/","url":"https:\/\/www.foretadrenaline.com\/vannes\/les-batailles-de-la-foret-archery-gel-ball\/","name":"Les Batailles de la For\u00eat : Archery & Gel Ball","isPartOf":{"@id":"https:\/\/www.foretadrenaline.com\/vannes\/#website"},"primaryImageOfPage":{"@id":"https:\/\/www.foretadrenaline.com\/vannes\/les-batailles-de-la-foret-archery-gel-ball\/#primaryimage"},"image":{"@id":"https:\/\/www.foretadrenaline.com\/vannes\/les-batailles-de-la-foret-archery-gel-ball\/#primaryimage"},"thumbnailUrl":"https:\/\/www.foretadrenaline.com\/vannes\/wp-content\/uploads\/sites\/6\/2026\/04\/Archery-Tag-1.png","datePublished":"2026-04-09T15:07:15+00:00","dateModified":"2026-04-29T14:58:09+00:00","description":"Les Batailles de la For\u00eat : Archery & Gel Ball Au coeur de la for\u00eat Myst\u00e9rieuse de Vannes, une bataille amusante et ludique se jour !","breadcrumb":{"@id":"https:\/\/www.foretadrenaline.com\/vannes\/les-batailles-de-la-foret-archery-gel-ball\/#breadcrumb"},"inLanguage":"fr-FR","potentialAction":[{"@type":"ReadAction","target":["https:\/\/www.foretadrenaline.com\/vannes\/les-batailles-de-la-foret-archery-gel-ball\/"]}]},{"@type":"ImageObject","inLanguage":"fr-FR","@id":"https:\/\/www.foretadrenaline.com\/vannes\/les-batailles-de-la-foret-archery-gel-ball\/#primaryimage","url":"https:\/\/www.foretadrenaline.com\/vannes\/wp-content\/uploads\/sites\/6\/2026\/04\/Archery-Tag-1.png","contentUrl":"https:\/\/www.foretadrenaline.com\/vannes\/wp-content\/uploads\/sites\/6\/2026\/04\/Archery-Tag-1.png","width":1402,"height":1122},{"@type":"BreadcrumbList","@id":"https:\/\/www.foretadrenaline.com\/vannes\/les-batailles-de-la-foret-archery-gel-ball\/#breadcrumb","itemListElement":[{"@type":"ListItem","position":1,"name":"Accueil","item":"https:\/\/www.foretadrenaline.com\/vannes\/"},{"@type":"ListItem","position":2,"name":"Les batailles de la for\u00eat"}]},{"@type":"WebSite","@id":"https:\/\/www.foretadrenaline.com\/vannes\/#website","url":"https:\/\/www.foretadrenaline.com\/vannes\/","name":"For\u00eat Adr\u00e9naline - Vannes","description":"","potentialAction":[{"@type":"SearchAction","target":{"@type":"EntryPoint","urlTemplate":"https:\/\/www.foretadrenaline.com\/vannes\/?s={search_term_string}"},"query-input":{"@type":"PropertyValueSpecification","valueRequired":true,"valueName":"search_term_string"}}],"inLanguage":"fr-FR"}]}},"_links":{"self":[{"href":"https:\/\/www.foretadrenaline.com\/vannes\/wp-json\/wp\/v2\/pages\/170","targetHints":{"allow":["GET"]}}],"collection":[{"href":"https:\/\/www.foretadrenaline.com\/vannes\/wp-json\/wp\/v2\/pages"}],"about":[{"href":"https:\/\/www.foretadrenaline.com\/vannes\/wp-json\/wp\/v2\/types\/page"}],"author":[{"embeddable":true,"href":"https:\/\/www.foretadrenaline.com\/vannes\/wp-json\/wp\/v2\/users\/2"}],"replies":[{"embeddable":true,"href":"https:\/\/www.foretadrenaline.com\/vannes\/wp-json\/wp\/v2\/comments?post=170"}],"version-history":[{"count":4,"href":"https:\/\/www.foretadrenaline.com\/vannes\/wp-json\/wp\/v2\/pages\/170\/revisions"}],"predecessor-version":[{"id":503,"href":"https:\/\/www.foretadrenaline.com\/vannes\/wp-json\/wp\/v2\/pages\/170\/revisions\/503"}],"wp:featuredmedia":[{"embeddable":true,"href":"https:\/\/www.foretadrenaline.com\/vannes\/wp-json\/wp\/v2\/media\/441"}],"wp:attachment":[{"href":"https:\/\/www.foretadrenaline.com\/vannes\/wp-json\/wp\/v2\/media?parent=170"}],"curies":[{"name":"wp","href":"https:\/\/api.w.org\/{rel}","templated":true}]}}