{"id":172,"date":"2026-04-09T17:07:40","date_gmt":"2026-04-09T15:07:40","guid":{"rendered":"https:\/\/www.foretadrenaline.com\/vannes\/?page_id=172"},"modified":"2026-04-30T14:44:20","modified_gmt":"2026-04-30T12:44:20","slug":"trampoforest-park-disc-golf","status":"publish","type":"page","link":"https:\/\/www.foretadrenaline.com\/vannes\/trampoforest-park-disc-golf\/","title":{"rendered":"Disc Golf"},"content":{"rendered":"\n<h2 class=\"wp-block-heading\">Le Tour du Golfe : Domptez l\u2019Air avec Elementis<\/h2>\n\n\n\n<p><strong>Une qu\u00eate de pr\u00e9cision entre ciel et for\u00eat \u00e0 Vannes.<\/strong><\/p>\n\n\n\n<p>Le Druide <strong>Elementis<\/strong> vous met au d\u00e9fi de dompter les courants d&rsquo;air ! <br>Bienvenue au <strong>Tour du Golfe<\/strong>, notre parcours de <strong>Disc Golf<\/strong> nich\u00e9 au c\u0153ur de la for\u00eat<br>Ici, on ne joue pas seulement, on participe \u00e0 un rituel ancestral o\u00f9 l&rsquo;adresse et la s\u00e9r\u00e9nit\u00e9 sont les cl\u00e9s de la r\u00e9ussite.<\/p>\n\n\n\n<h3 class=\"wp-block-heading\">Tramp\u00d4forest Park : Disc Golf: Une \u00e9preuve de Ma\u00eetrise et d&rsquo;Agilit\u00e9<\/h3>\n\n\n\n<p>Inspir\u00e9 du golf mais pratiqu\u00e9 avec des disques volants, le <strong>Tour du Golfe<\/strong> est une activit\u00e9 de plein air originale. Id\u00e9ale pour partager un moment complice en famille ou entre amis dans le Morbihan.<\/p>\n\n\n\n<ul class=\"wp-block-list\">\n<li><strong>La Mission :<\/strong> Parvenez \u00e0 loger votre frisbee dans les corbeilles sacr\u00e9es diss\u00e9min\u00e9es sous la canop\u00e9e en un minimum de lancers.<\/li>\n\n\n\n<li><strong>L\u2019esprit de Morgwen :<\/strong> Soyez aussi agile et vif que notre hermine!<\/li>\n\n\n\n<li>Accessible <strong>d\u00e8s 8 ans<\/strong>, cette activit\u00e9 allie l&rsquo;effort physique doux \u00e0 la concentration extr\u00eame.<\/li>\n<\/ul>\n\n\n\n<h3 class=\"wp-block-heading\">Tramp\u00d4forest Park : Disc Golf : Une Exp\u00e9rience L\u00e9gendaire<\/h3>\n\n\n\n<p>Facile \u00e0 prendre en main mais demandant une touche de magie dans le poignet, le Tour du Golfe est l\u2019activit\u00e9 parfaite pour :<\/p>\n\n\n\n<ul class=\"wp-block-list\">\n<li><strong>Les explorateurs en herbe :<\/strong> Pour se challenger et s&rsquo;amuser<\/li>\n\n\n\n<li><strong>Les d\u00e9fis en famille ou entre amis :<\/strong> Qui sera sacr\u00e9 \u00ab\u00a0Ma\u00eetre des Vents\u00a0\u00bb par le Druide ?<\/li>\n\n\n\n<li><strong>Un moment hors du temps :<\/strong> Une activit\u00e9 rythm\u00e9e par les rires et la strat\u00e9gie, \u00e0 quelques minutes seulement du centre-ville de Vannes.<\/li>\n<\/ul>\n\n\n\n<p><strong>Pr\u00eats \u00e0 d\u00e9fier les \u00e9l\u00e9ments ? Saisissez votre disque, respirez l&rsquo;air mystique de cette de la for\u00eat et lancez-vous dans la l\u00e9gende du Tour du Golfe !<\/strong><br><strong>Attention : Elementis vous surveille&#8230; <\/strong><\/p>\n\n\n\n<figure class=\"wp-block-gallery has-nested-images columns-default is-cropped wp-block-gallery-1 is-layout-flex wp-block-gallery-is-layout-flex\">\n<figure class=\"wp-block-image size-large\"><img loading=\"lazy\" decoding=\"async\" width=\"1024\" height=\"683\" data-id=\"453\" src=\"https:\/\/www.foretadrenaline.com\/vannes\/wp-content\/uploads\/sites\/6\/2026\/04\/Discgolf4-1024x683.png\" alt=\"\" class=\"wp-image-453\" srcset=\"https:\/\/www.foretadrenaline.com\/vannes\/wp-content\/uploads\/sites\/6\/2026\/04\/Discgolf4-1024x683.png 1024w, https:\/\/www.foretadrenaline.com\/vannes\/wp-content\/uploads\/sites\/6\/2026\/04\/Discgolf4-300x200.png 300w, https:\/\/www.foretadrenaline.com\/vannes\/wp-content\/uploads\/sites\/6\/2026\/04\/Discgolf4-768x512.png 768w, https:\/\/www.foretadrenaline.com\/vannes\/wp-content\/uploads\/sites\/6\/2026\/04\/Discgolf4-1200x800.png 1200w, https:\/\/www.foretadrenaline.com\/vannes\/wp-content\/uploads\/sites\/6\/2026\/04\/Discgolf4.png 1536w\" sizes=\"auto, (max-width: 1024px) 100vw, 1024px\" \/><\/figure>\n\n\n\n<figure class=\"wp-block-image size-large\"><img loading=\"lazy\" decoding=\"async\" width=\"1024\" height=\"683\" data-id=\"449\" src=\"https:\/\/www.foretadrenaline.com\/vannes\/wp-content\/uploads\/sites\/6\/2026\/04\/Disc-Golf-3-1024x683.png\" alt=\"\" class=\"wp-image-449\" srcset=\"https:\/\/www.foretadrenaline.com\/vannes\/wp-content\/uploads\/sites\/6\/2026\/04\/Disc-Golf-3-1024x683.png 1024w, https:\/\/www.foretadrenaline.com\/vannes\/wp-content\/uploads\/sites\/6\/2026\/04\/Disc-Golf-3-300x200.png 300w, https:\/\/www.foretadrenaline.com\/vannes\/wp-content\/uploads\/sites\/6\/2026\/04\/Disc-Golf-3-768x512.png 768w, https:\/\/www.foretadrenaline.com\/vannes\/wp-content\/uploads\/sites\/6\/2026\/04\/Disc-Golf-3-1200x800.png 1200w, https:\/\/www.foretadrenaline.com\/vannes\/wp-content\/uploads\/sites\/6\/2026\/04\/Disc-Golf-3.png 1536w\" sizes=\"auto, (max-width: 1024px) 100vw, 1024px\" \/><\/figure>\n<\/figure>\n\n\n\n<p><\/p>\n\n\n\n<div class=\"wp-block-buttons is-content-justification-center is-layout-flex wp-container-core-buttons-is-layout-16018d1d wp-block-buttons-is-layout-flex\">\n<div class=\"wp-block-button\"><a class=\"wp-block-button__link has-green-background-color has-background wp-element-button\" href=\"https:\/\/www.foretadrenaline.com\/vannes\/trampoforest-park-vannes-formules-tarifs\/\"><strong>Nos formules et tarifs<\/strong><\/a><\/div>\n<\/div>\n","protected":false},"excerpt":{"rendered":"<p>Le Tour du Golfe : Domptez l\u2019Air avec Elementis Une qu\u00eate de pr\u00e9cision entre ciel et for\u00eat \u00e0 Vannes. Le Druide Elementis vous met au d\u00e9fi de dompter les courants d&rsquo;air ! Bienvenue au Tour du Golfe, notre parcours de Disc Golf nich\u00e9 au c\u0153ur de la for\u00eatIci, on ne joue pas seulement, on participe&hellip;<\/p>\n","protected":false},"author":2,"featured_media":449,"parent":0,"menu_order":0,"comment_status":"closed","ping_status":"closed","template":"","meta":{"_acf_changed":false,"footnotes":""},"class_list":["post-172","page","type-page","status-publish","has-post-thumbnail","hentry"],"acf":[],"yoast_head":"<!-- This site is optimized with the Yoast SEO plugin v27.5 - https:\/\/yoast.com\/product\/yoast-seo-wordpress\/ -->\n<title>Tramp\u00d4forest Park : Disc Golf<\/title>\n<meta name=\"description\" content=\"Tramp\u00d4forest Park : Disc Golf : Sous l&#039;oeil avis\u00e9 d&#039;Elementis, visez juste afin de percer les secrets de la l\u00e9gende...\" \/>\n<meta name=\"robots\" content=\"index, follow, max-snippet:-1, max-image-preview:large, max-video-preview:-1\" \/>\n<link rel=\"canonical\" href=\"https:\/\/www.foretadrenaline.com\/vannes\/trampoforest-park-disc-golf\/\" \/>\n<meta property=\"og:locale\" content=\"fr_FR\" \/>\n<meta property=\"og:type\" content=\"article\" \/>\n<meta property=\"og:title\" content=\"Tramp\u00d4forest Park : Disc Golf\" \/>\n<meta property=\"og:description\" content=\"Tramp\u00d4forest Park : Disc Golf : Sous l&#039;oeil avis\u00e9 d&#039;Elementis, visez juste afin de percer les secrets de la l\u00e9gende...\" \/>\n<meta property=\"og:url\" content=\"https:\/\/www.foretadrenaline.com\/vannes\/trampoforest-park-disc-golf\/\" \/>\n<meta property=\"og:site_name\" content=\"For\u00eat Adr\u00e9naline - Vannes\" \/>\n<meta property=\"article:modified_time\" content=\"2026-04-30T12:44:20+00:00\" \/>\n<meta property=\"og:image\" content=\"https:\/\/www.foretadrenaline.com\/vannes\/wp-content\/uploads\/sites\/6\/2026\/04\/Disc-Golf-3-1024x683.png\" \/>\n\t<meta property=\"og:image:width\" content=\"1024\" \/>\n\t<meta property=\"og:image:height\" content=\"683\" \/>\n\t<meta property=\"og:image:type\" content=\"image\/png\" \/>\n<meta name=\"twitter:card\" content=\"summary_large_image\" \/>\n<meta name=\"twitter:label1\" content=\"Dur\u00e9e de lecture estim\u00e9e\" \/>\n\t<meta name=\"twitter:data1\" content=\"2 minutes\" \/>\n<script type=\"application\/ld+json\" class=\"yoast-schema-graph\">{\"@context\":\"https:\\\/\\\/schema.org\",\"@graph\":[{\"@type\":\"WebPage\",\"@id\":\"https:\\\/\\\/www.foretadrenaline.com\\\/vannes\\\/trampoforest-park-disc-golf\\\/\",\"url\":\"https:\\\/\\\/www.foretadrenaline.com\\\/vannes\\\/trampoforest-park-disc-golf\\\/\",\"name\":\"Tramp\u00d4forest Park : Disc Golf\",\"isPartOf\":{\"@id\":\"https:\\\/\\\/www.foretadrenaline.com\\\/vannes\\\/#website\"},\"primaryImageOfPage\":{\"@id\":\"https:\\\/\\\/www.foretadrenaline.com\\\/vannes\\\/trampoforest-park-disc-golf\\\/#primaryimage\"},\"image\":{\"@id\":\"https:\\\/\\\/www.foretadrenaline.com\\\/vannes\\\/trampoforest-park-disc-golf\\\/#primaryimage\"},\"thumbnailUrl\":\"https:\\\/\\\/www.foretadrenaline.com\\\/vannes\\\/wp-content\\\/uploads\\\/sites\\\/6\\\/2026\\\/04\\\/Disc-Golf-3.png\",\"datePublished\":\"2026-04-09T15:07:40+00:00\",\"dateModified\":\"2026-04-30T12:44:20+00:00\",\"description\":\"Tramp\u00d4forest Park : Disc Golf : Sous l'oeil avis\u00e9 d'Elementis, visez juste afin de percer les secrets de la l\u00e9gende...\",\"breadcrumb\":{\"@id\":\"https:\\\/\\\/www.foretadrenaline.com\\\/vannes\\\/trampoforest-park-disc-golf\\\/#breadcrumb\"},\"inLanguage\":\"fr-FR\",\"potentialAction\":[{\"@type\":\"ReadAction\",\"target\":[\"https:\\\/\\\/www.foretadrenaline.com\\\/vannes\\\/trampoforest-park-disc-golf\\\/\"]}]},{\"@type\":\"ImageObject\",\"inLanguage\":\"fr-FR\",\"@id\":\"https:\\\/\\\/www.foretadrenaline.com\\\/vannes\\\/trampoforest-park-disc-golf\\\/#primaryimage\",\"url\":\"https:\\\/\\\/www.foretadrenaline.com\\\/vannes\\\/wp-content\\\/uploads\\\/sites\\\/6\\\/2026\\\/04\\\/Disc-Golf-3.png\",\"contentUrl\":\"https:\\\/\\\/www.foretadrenaline.com\\\/vannes\\\/wp-content\\\/uploads\\\/sites\\\/6\\\/2026\\\/04\\\/Disc-Golf-3.png\",\"width\":1536,\"height\":1024},{\"@type\":\"BreadcrumbList\",\"@id\":\"https:\\\/\\\/www.foretadrenaline.com\\\/vannes\\\/trampoforest-park-disc-golf\\\/#breadcrumb\",\"itemListElement\":[{\"@type\":\"ListItem\",\"position\":1,\"name\":\"Accueil\",\"item\":\"https:\\\/\\\/www.foretadrenaline.com\\\/vannes\\\/\"},{\"@type\":\"ListItem\",\"position\":2,\"name\":\"Disc Golf\"}]},{\"@type\":\"WebSite\",\"@id\":\"https:\\\/\\\/www.foretadrenaline.com\\\/vannes\\\/#website\",\"url\":\"https:\\\/\\\/www.foretadrenaline.com\\\/vannes\\\/\",\"name\":\"For\u00eat Adr\u00e9naline - Vannes\",\"description\":\"\",\"potentialAction\":[{\"@type\":\"SearchAction\",\"target\":{\"@type\":\"EntryPoint\",\"urlTemplate\":\"https:\\\/\\\/www.foretadrenaline.com\\\/vannes\\\/?s={search_term_string}\"},\"query-input\":{\"@type\":\"PropertyValueSpecification\",\"valueRequired\":true,\"valueName\":\"search_term_string\"}}],\"inLanguage\":\"fr-FR\"}]}<\/script>\n<!-- \/ Yoast SEO plugin. -->","yoast_head_json":{"title":"Tramp\u00d4forest Park : Disc Golf","description":"Tramp\u00d4forest Park : Disc Golf : Sous l'oeil avis\u00e9 d'Elementis, visez juste afin de percer les secrets de la l\u00e9gende...","robots":{"index":"index","follow":"follow","max-snippet":"max-snippet:-1","max-image-preview":"max-image-preview:large","max-video-preview":"max-video-preview:-1"},"canonical":"https:\/\/www.foretadrenaline.com\/vannes\/trampoforest-park-disc-golf\/","og_locale":"fr_FR","og_type":"article","og_title":"Tramp\u00d4forest Park : Disc Golf","og_description":"Tramp\u00d4forest Park : Disc Golf : Sous l'oeil avis\u00e9 d'Elementis, visez juste afin de percer les secrets de la l\u00e9gende...","og_url":"https:\/\/www.foretadrenaline.com\/vannes\/trampoforest-park-disc-golf\/","og_site_name":"For\u00eat Adr\u00e9naline - Vannes","article_modified_time":"2026-04-30T12:44:20+00:00","og_image":[{"width":1024,"height":683,"url":"https:\/\/www.foretadrenaline.com\/vannes\/wp-content\/uploads\/sites\/6\/2026\/04\/Disc-Golf-3-1024x683.png","type":"image\/png"}],"twitter_card":"summary_large_image","twitter_misc":{"Dur\u00e9e de lecture estim\u00e9e":"2 minutes"},"schema":{"@context":"https:\/\/schema.org","@graph":[{"@type":"WebPage","@id":"https:\/\/www.foretadrenaline.com\/vannes\/trampoforest-park-disc-golf\/","url":"https:\/\/www.foretadrenaline.com\/vannes\/trampoforest-park-disc-golf\/","name":"Tramp\u00d4forest Park : Disc Golf","isPartOf":{"@id":"https:\/\/www.foretadrenaline.com\/vannes\/#website"},"primaryImageOfPage":{"@id":"https:\/\/www.foretadrenaline.com\/vannes\/trampoforest-park-disc-golf\/#primaryimage"},"image":{"@id":"https:\/\/www.foretadrenaline.com\/vannes\/trampoforest-park-disc-golf\/#primaryimage"},"thumbnailUrl":"https:\/\/www.foretadrenaline.com\/vannes\/wp-content\/uploads\/sites\/6\/2026\/04\/Disc-Golf-3.png","datePublished":"2026-04-09T15:07:40+00:00","dateModified":"2026-04-30T12:44:20+00:00","description":"Tramp\u00d4forest Park : Disc Golf : Sous l'oeil avis\u00e9 d'Elementis, visez juste afin de percer les secrets de la l\u00e9gende...","breadcrumb":{"@id":"https:\/\/www.foretadrenaline.com\/vannes\/trampoforest-park-disc-golf\/#breadcrumb"},"inLanguage":"fr-FR","potentialAction":[{"@type":"ReadAction","target":["https:\/\/www.foretadrenaline.com\/vannes\/trampoforest-park-disc-golf\/"]}]},{"@type":"ImageObject","inLanguage":"fr-FR","@id":"https:\/\/www.foretadrenaline.com\/vannes\/trampoforest-park-disc-golf\/#primaryimage","url":"https:\/\/www.foretadrenaline.com\/vannes\/wp-content\/uploads\/sites\/6\/2026\/04\/Disc-Golf-3.png","contentUrl":"https:\/\/www.foretadrenaline.com\/vannes\/wp-content\/uploads\/sites\/6\/2026\/04\/Disc-Golf-3.png","width":1536,"height":1024},{"@type":"BreadcrumbList","@id":"https:\/\/www.foretadrenaline.com\/vannes\/trampoforest-park-disc-golf\/#breadcrumb","itemListElement":[{"@type":"ListItem","position":1,"name":"Accueil","item":"https:\/\/www.foretadrenaline.com\/vannes\/"},{"@type":"ListItem","position":2,"name":"Disc Golf"}]},{"@type":"WebSite","@id":"https:\/\/www.foretadrenaline.com\/vannes\/#website","url":"https:\/\/www.foretadrenaline.com\/vannes\/","name":"For\u00eat Adr\u00e9naline - Vannes","description":"","potentialAction":[{"@type":"SearchAction","target":{"@type":"EntryPoint","urlTemplate":"https:\/\/www.foretadrenaline.com\/vannes\/?s={search_term_string}"},"query-input":{"@type":"PropertyValueSpecification","valueRequired":true,"valueName":"search_term_string"}}],"inLanguage":"fr-FR"}]}},"_links":{"self":[{"href":"https:\/\/www.foretadrenaline.com\/vannes\/wp-json\/wp\/v2\/pages\/172","targetHints":{"allow":["GET"]}}],"collection":[{"href":"https:\/\/www.foretadrenaline.com\/vannes\/wp-json\/wp\/v2\/pages"}],"about":[{"href":"https:\/\/www.foretadrenaline.com\/vannes\/wp-json\/wp\/v2\/types\/page"}],"author":[{"embeddable":true,"href":"https:\/\/www.foretadrenaline.com\/vannes\/wp-json\/wp\/v2\/users\/2"}],"replies":[{"embeddable":true,"href":"https:\/\/www.foretadrenaline.com\/vannes\/wp-json\/wp\/v2\/comments?post=172"}],"version-history":[{"count":4,"href":"https:\/\/www.foretadrenaline.com\/vannes\/wp-json\/wp\/v2\/pages\/172\/revisions"}],"predecessor-version":[{"id":557,"href":"https:\/\/www.foretadrenaline.com\/vannes\/wp-json\/wp\/v2\/pages\/172\/revisions\/557"}],"wp:featuredmedia":[{"embeddable":true,"href":"https:\/\/www.foretadrenaline.com\/vannes\/wp-json\/wp\/v2\/media\/449"}],"wp:attachment":[{"href":"https:\/\/www.foretadrenaline.com\/vannes\/wp-json\/wp\/v2\/media?parent=172"}],"curies":[{"name":"wp","href":"https:\/\/api.w.org\/{rel}","templated":true}]}}