{"id":176,"date":"2026-04-09T17:08:28","date_gmt":"2026-04-09T15:08:28","guid":{"rendered":"https:\/\/www.foretadrenaline.com\/vannes\/?page_id=176"},"modified":"2026-05-01T10:00:51","modified_gmt":"2026-05-01T08:00:51","slug":"trampoforest-park-la-quete-du-druide","status":"publish","type":"page","link":"https:\/\/www.foretadrenaline.com\/vannes\/trampoforest-park-la-quete-du-druide\/","title":{"rendered":"Chasse au tr\u00e9sor: La qu\u00eate du druide"},"content":{"rendered":"\n<h1 class=\"wp-block-heading\">Tramp\u00d4forest Park La Qu\u00eate du druide<\/h1>\n\n\n\n<p><strong>Une qu\u00eate surprenante o\u00f9 le destin de la for\u00eat<\/strong><\/p>\n\n\n\n<p>La for\u00eat de Kergrain vit gr\u00e2ce \u00e0 un \u00e9quilibre fragile entre les <strong>4 \u00e9l\u00e9ments<\/strong> : l\u2019Eau, le Feu, la Terre et l\u2019Air. Mais aujourd\u2019hui, cet \u00e9quilibre est menac\u00e9&#8230; <br>Les \u00e9l\u00e9ments se sont dispers\u00e9s et le chaos guette les sous-bois. <br>Le Druide <strong>Elementis<\/strong> a besoin de votre clan pour r\u00e9unir ces forces et restaurer l&rsquo;harmonie.<\/p>\n\n\n\n<h2 class=\"wp-block-heading\">Votre Mission : L&rsquo;\u00c9preuve des \u00c9l\u00e9ments<\/h2>\n\n\n\n<p>Pour r\u00e9ussir \u00e0 r\u00e9tablir cet \u00e9quilibre, vous allez parcourir la for\u00eat et relever des d\u00e9fis myst\u00e9rieux&#8230;<br>Sous l&rsquo;\u0153il attentif de <strong>Morgwen<\/strong>, faites preuve de strat\u00e9gie et de coh\u00e9sion :<\/p>\n\n\n\n<ul class=\"wp-block-list\">\n<li><strong>Relevez les D\u00e9fis :<\/strong> Chaque \u00e9tape de l&rsquo;enqu\u00eate mettra \u00e0 l&rsquo;\u00e9preuve votre sens de l&rsquo;observation et votre logique.<\/li>\n\n\n\n<li><strong>R\u00e9cup\u00e9rez les Jetons :<\/strong> Une fois un d\u00e9fi surmont\u00e9, vous obtiendrez le <strong>jeton sacr\u00e9<\/strong> correspondant \u00e0 l\u2019\u00e9l\u00e9ment r\u00e9solu (Eau, Feu, Terre ou Air).<\/li>\n\n\n\n<li><strong>R\u00e9tablissez l&rsquo;\u00c9quilibre :<\/strong> Ce n&rsquo;est qu&rsquo;en r\u00e9unissant les 4 jetons que vous accomplirez la proph\u00e9tie d&rsquo;Elementis.<\/li>\n<\/ul>\n\n\n\n<h2 class=\"wp-block-heading\">Tramp\u00d4forest Park la qu\u00eate du druide Une chasse aux tr\u00e9sors immersive<\/h2>\n\n\n\n<ul class=\"wp-block-list\">\n<li><strong>D\u00e8s 2 ans :<\/strong> Une immersion totale dans la l\u00e9gende du parc et les \u00e9lements fondamentaux<\/li>\n\n\n\n<li><strong>Esprit d&rsquo;\u00e9quipe :<\/strong> Id\u00e9al pour les familles, les groupes d&rsquo;amis ou les anniversaires qui cherchent un d\u00e9fi <\/li>\n\n\n\n<li><strong>Allier l&rsquo;esprit et le corps :<\/strong> Une heure d&rsquo;aventure o\u00f9 la communication est la cl\u00e9 de la victoire! <\/li>\n<\/ul>\n\n\n\n<p><strong>Serez-vous les sauveurs de la for\u00eat ? Rassemblez votre \u00e9quipe de choc et lancez-vous dans la qu\u00eate du druite!<\/strong><\/p>\n\n\n\n<figure class=\"wp-block-gallery has-nested-images columns-default is-cropped wp-block-gallery-1 is-layout-flex wp-block-gallery-is-layout-flex\">\n<figure class=\"wp-block-image size-large\"><img loading=\"lazy\" decoding=\"async\" width=\"1024\" height=\"683\" data-id=\"264\" src=\"https:\/\/www.foretadrenaline.com\/vannes\/wp-content\/uploads\/sites\/6\/2026\/04\/IMG_9491-scaled-1-1024x683.jpg\" alt=\"\" class=\"wp-image-264\" srcset=\"https:\/\/www.foretadrenaline.com\/vannes\/wp-content\/uploads\/sites\/6\/2026\/04\/IMG_9491-scaled-1-1024x683.jpg 1024w, https:\/\/www.foretadrenaline.com\/vannes\/wp-content\/uploads\/sites\/6\/2026\/04\/IMG_9491-scaled-1-300x200.jpg 300w, https:\/\/www.foretadrenaline.com\/vannes\/wp-content\/uploads\/sites\/6\/2026\/04\/IMG_9491-scaled-1-768x512.jpg 768w, https:\/\/www.foretadrenaline.com\/vannes\/wp-content\/uploads\/sites\/6\/2026\/04\/IMG_9491-scaled-1-1536x1024.jpg 1536w, https:\/\/www.foretadrenaline.com\/vannes\/wp-content\/uploads\/sites\/6\/2026\/04\/IMG_9491-scaled-1-1200x800.jpg 1200w, https:\/\/www.foretadrenaline.com\/vannes\/wp-content\/uploads\/sites\/6\/2026\/04\/IMG_9491-scaled-1.jpg 2048w\" sizes=\"auto, (max-width: 1024px) 100vw, 1024px\" \/><\/figure>\n\n\n\n<figure class=\"wp-block-image size-large\"><img loading=\"lazy\" decoding=\"async\" width=\"681\" height=\"1024\" data-id=\"326\" src=\"https:\/\/www.foretadrenaline.com\/vannes\/wp-content\/uploads\/sites\/6\/2026\/04\/Hache-archery-1-681x1024.jpg\" alt=\"\" class=\"wp-image-326\" srcset=\"https:\/\/www.foretadrenaline.com\/vannes\/wp-content\/uploads\/sites\/6\/2026\/04\/Hache-archery-1-681x1024.jpg 681w, https:\/\/www.foretadrenaline.com\/vannes\/wp-content\/uploads\/sites\/6\/2026\/04\/Hache-archery-1-200x300.jpg 200w, https:\/\/www.foretadrenaline.com\/vannes\/wp-content\/uploads\/sites\/6\/2026\/04\/Hache-archery-1-768x1154.jpg 768w, https:\/\/www.foretadrenaline.com\/vannes\/wp-content\/uploads\/sites\/6\/2026\/04\/Hache-archery-1-1022x1536.jpg 1022w, https:\/\/www.foretadrenaline.com\/vannes\/wp-content\/uploads\/sites\/6\/2026\/04\/Hache-archery-1-scaled.jpg 1363w, https:\/\/www.foretadrenaline.com\/vannes\/wp-content\/uploads\/sites\/6\/2026\/04\/Hache-archery-1-1200x1804.jpg 1200w\" sizes=\"auto, (max-width: 681px) 100vw, 681px\" \/><\/figure>\n\n\n\n<figure class=\"wp-block-image size-large\"><img loading=\"lazy\" decoding=\"async\" width=\"1024\" height=\"683\" data-id=\"262\" src=\"https:\/\/www.foretadrenaline.com\/vannes\/wp-content\/uploads\/sites\/6\/2026\/04\/IMG_9531-scaled-1-1024x683.jpg\" alt=\"\" class=\"wp-image-262\" srcset=\"https:\/\/www.foretadrenaline.com\/vannes\/wp-content\/uploads\/sites\/6\/2026\/04\/IMG_9531-scaled-1-1024x683.jpg 1024w, https:\/\/www.foretadrenaline.com\/vannes\/wp-content\/uploads\/sites\/6\/2026\/04\/IMG_9531-scaled-1-300x200.jpg 300w, https:\/\/www.foretadrenaline.com\/vannes\/wp-content\/uploads\/sites\/6\/2026\/04\/IMG_9531-scaled-1-768x512.jpg 768w, https:\/\/www.foretadrenaline.com\/vannes\/wp-content\/uploads\/sites\/6\/2026\/04\/IMG_9531-scaled-1-1536x1024.jpg 1536w, https:\/\/www.foretadrenaline.com\/vannes\/wp-content\/uploads\/sites\/6\/2026\/04\/IMG_9531-scaled-1-1200x800.jpg 1200w, https:\/\/www.foretadrenaline.com\/vannes\/wp-content\/uploads\/sites\/6\/2026\/04\/IMG_9531-scaled-1.jpg 2048w\" sizes=\"auto, (max-width: 1024px) 100vw, 1024px\" \/><\/figure>\n<\/figure>\n\n\n\n<p><\/p>\n\n\n\n<div class=\"wp-block-buttons is-content-justification-center is-layout-flex wp-container-core-buttons-is-layout-16018d1d wp-block-buttons-is-layout-flex\">\n<div class=\"wp-block-button\"><a class=\"wp-block-button__link has-green-background-color has-background wp-element-button\" href=\"https:\/\/www.foretadrenaline.com\/vannes\/trampoforest-park-vannes-formules-tarifs\/\"><strong>Nos formules et tarifs <\/strong><\/a><\/div>\n<\/div>\n","protected":false},"excerpt":{"rendered":"<p>Tramp\u00d4forest Park La Qu\u00eate du druide Une qu\u00eate surprenante o\u00f9 le destin de la for\u00eat La for\u00eat de Kergrain vit gr\u00e2ce \u00e0 un \u00e9quilibre fragile entre les 4 \u00e9l\u00e9ments : l\u2019Eau, le Feu, la Terre et l\u2019Air. Mais aujourd\u2019hui, cet \u00e9quilibre est menac\u00e9&#8230; Les \u00e9l\u00e9ments se sont dispers\u00e9s et le chaos guette les sous-bois. Le&hellip;<\/p>\n","protected":false},"author":2,"featured_media":166,"parent":0,"menu_order":0,"comment_status":"closed","ping_status":"closed","template":"","meta":{"_acf_changed":false,"footnotes":""},"class_list":["post-176","page","type-page","status-publish","has-post-thumbnail","hentry"],"acf":[],"yoast_head":"<!-- This site is optimized with the Yoast SEO plugin v27.5 - https:\/\/yoast.com\/product\/yoast-seo-wordpress\/ -->\n<title>Tramp\u00d4forest Park La qu\u00eate du druide<\/title>\n<meta name=\"description\" content=\"Tramp\u00d4forest Park La qu\u00eate du druide Une qu\u00eate l\u00e9gendaire et surprenante, o\u00f9 la r\u00e9flexion et l&#039;imagination sont la cl\u00e9 de la r\u00e9ussite!\" \/>\n<meta name=\"robots\" content=\"index, follow, max-snippet:-1, max-image-preview:large, max-video-preview:-1\" \/>\n<link rel=\"canonical\" href=\"https:\/\/www.foretadrenaline.com\/vannes\/trampoforest-park-la-quete-du-druide\/\" \/>\n<meta property=\"og:locale\" content=\"fr_FR\" \/>\n<meta property=\"og:type\" content=\"article\" \/>\n<meta property=\"og:title\" content=\"Tramp\u00d4forest Park La qu\u00eate du druide\" \/>\n<meta property=\"og:description\" content=\"Tramp\u00d4forest Park La qu\u00eate du druide Une qu\u00eate l\u00e9gendaire et surprenante, o\u00f9 la r\u00e9flexion et l&#039;imagination sont la cl\u00e9 de la r\u00e9ussite!\" \/>\n<meta property=\"og:url\" content=\"https:\/\/www.foretadrenaline.com\/vannes\/trampoforest-park-la-quete-du-druide\/\" \/>\n<meta property=\"og:site_name\" content=\"For\u00eat Adr\u00e9naline - Vannes\" \/>\n<meta property=\"article:modified_time\" content=\"2026-05-01T08:00:51+00:00\" \/>\n<meta property=\"og:image\" content=\"https:\/\/www.foretadrenaline.com\/vannes\/wp-content\/uploads\/sites\/6\/2026\/04\/Zone-pique-nique-2-1024x724.png\" \/>\n\t<meta property=\"og:image:width\" content=\"1024\" \/>\n\t<meta property=\"og:image:height\" content=\"724\" \/>\n\t<meta property=\"og:image:type\" content=\"image\/png\" \/>\n<meta name=\"twitter:card\" content=\"summary_large_image\" \/>\n<meta name=\"twitter:label1\" content=\"Dur\u00e9e de lecture estim\u00e9e\" \/>\n\t<meta name=\"twitter:data1\" content=\"3 minutes\" \/>\n<script type=\"application\/ld+json\" class=\"yoast-schema-graph\">{\"@context\":\"https:\\\/\\\/schema.org\",\"@graph\":[{\"@type\":\"WebPage\",\"@id\":\"https:\\\/\\\/www.foretadrenaline.com\\\/vannes\\\/trampoforest-park-la-quete-du-druide\\\/\",\"url\":\"https:\\\/\\\/www.foretadrenaline.com\\\/vannes\\\/trampoforest-park-la-quete-du-druide\\\/\",\"name\":\"Tramp\u00d4forest Park La qu\u00eate du druide\",\"isPartOf\":{\"@id\":\"https:\\\/\\\/www.foretadrenaline.com\\\/vannes\\\/#website\"},\"primaryImageOfPage\":{\"@id\":\"https:\\\/\\\/www.foretadrenaline.com\\\/vannes\\\/trampoforest-park-la-quete-du-druide\\\/#primaryimage\"},\"image\":{\"@id\":\"https:\\\/\\\/www.foretadrenaline.com\\\/vannes\\\/trampoforest-park-la-quete-du-druide\\\/#primaryimage\"},\"thumbnailUrl\":\"https:\\\/\\\/www.foretadrenaline.com\\\/vannes\\\/wp-content\\\/uploads\\\/sites\\\/6\\\/2026\\\/04\\\/Zone-pique-nique-2.png\",\"datePublished\":\"2026-04-09T15:08:28+00:00\",\"dateModified\":\"2026-05-01T08:00:51+00:00\",\"description\":\"Tramp\u00d4forest Park La qu\u00eate du druide Une qu\u00eate l\u00e9gendaire et surprenante, o\u00f9 la r\u00e9flexion et l'imagination sont la cl\u00e9 de la r\u00e9ussite!\",\"breadcrumb\":{\"@id\":\"https:\\\/\\\/www.foretadrenaline.com\\\/vannes\\\/trampoforest-park-la-quete-du-druide\\\/#breadcrumb\"},\"inLanguage\":\"fr-FR\",\"potentialAction\":[{\"@type\":\"ReadAction\",\"target\":[\"https:\\\/\\\/www.foretadrenaline.com\\\/vannes\\\/trampoforest-park-la-quete-du-druide\\\/\"]}]},{\"@type\":\"ImageObject\",\"inLanguage\":\"fr-FR\",\"@id\":\"https:\\\/\\\/www.foretadrenaline.com\\\/vannes\\\/trampoforest-park-la-quete-du-druide\\\/#primaryimage\",\"url\":\"https:\\\/\\\/www.foretadrenaline.com\\\/vannes\\\/wp-content\\\/uploads\\\/sites\\\/6\\\/2026\\\/04\\\/Zone-pique-nique-2.png\",\"contentUrl\":\"https:\\\/\\\/www.foretadrenaline.com\\\/vannes\\\/wp-content\\\/uploads\\\/sites\\\/6\\\/2026\\\/04\\\/Zone-pique-nique-2.png\",\"width\":2000,\"height\":1414},{\"@type\":\"BreadcrumbList\",\"@id\":\"https:\\\/\\\/www.foretadrenaline.com\\\/vannes\\\/trampoforest-park-la-quete-du-druide\\\/#breadcrumb\",\"itemListElement\":[{\"@type\":\"ListItem\",\"position\":1,\"name\":\"Accueil\",\"item\":\"https:\\\/\\\/www.foretadrenaline.com\\\/vannes\\\/\"},{\"@type\":\"ListItem\",\"position\":2,\"name\":\"Chasse au tr\u00e9sor: La qu\u00eate du druide\"}]},{\"@type\":\"WebSite\",\"@id\":\"https:\\\/\\\/www.foretadrenaline.com\\\/vannes\\\/#website\",\"url\":\"https:\\\/\\\/www.foretadrenaline.com\\\/vannes\\\/\",\"name\":\"For\u00eat Adr\u00e9naline - Vannes\",\"description\":\"\",\"potentialAction\":[{\"@type\":\"SearchAction\",\"target\":{\"@type\":\"EntryPoint\",\"urlTemplate\":\"https:\\\/\\\/www.foretadrenaline.com\\\/vannes\\\/?s={search_term_string}\"},\"query-input\":{\"@type\":\"PropertyValueSpecification\",\"valueRequired\":true,\"valueName\":\"search_term_string\"}}],\"inLanguage\":\"fr-FR\"}]}<\/script>\n<!-- \/ Yoast SEO plugin. -->","yoast_head_json":{"title":"Tramp\u00d4forest Park La qu\u00eate du druide","description":"Tramp\u00d4forest Park La qu\u00eate du druide Une qu\u00eate l\u00e9gendaire et surprenante, o\u00f9 la r\u00e9flexion et l'imagination sont la cl\u00e9 de la r\u00e9ussite!","robots":{"index":"index","follow":"follow","max-snippet":"max-snippet:-1","max-image-preview":"max-image-preview:large","max-video-preview":"max-video-preview:-1"},"canonical":"https:\/\/www.foretadrenaline.com\/vannes\/trampoforest-park-la-quete-du-druide\/","og_locale":"fr_FR","og_type":"article","og_title":"Tramp\u00d4forest Park La qu\u00eate du druide","og_description":"Tramp\u00d4forest Park La qu\u00eate du druide Une qu\u00eate l\u00e9gendaire et surprenante, o\u00f9 la r\u00e9flexion et l'imagination sont la cl\u00e9 de la r\u00e9ussite!","og_url":"https:\/\/www.foretadrenaline.com\/vannes\/trampoforest-park-la-quete-du-druide\/","og_site_name":"For\u00eat Adr\u00e9naline - Vannes","article_modified_time":"2026-05-01T08:00:51+00:00","og_image":[{"width":1024,"height":724,"url":"https:\/\/www.foretadrenaline.com\/vannes\/wp-content\/uploads\/sites\/6\/2026\/04\/Zone-pique-nique-2-1024x724.png","type":"image\/png"}],"twitter_card":"summary_large_image","twitter_misc":{"Dur\u00e9e de lecture estim\u00e9e":"3 minutes"},"schema":{"@context":"https:\/\/schema.org","@graph":[{"@type":"WebPage","@id":"https:\/\/www.foretadrenaline.com\/vannes\/trampoforest-park-la-quete-du-druide\/","url":"https:\/\/www.foretadrenaline.com\/vannes\/trampoforest-park-la-quete-du-druide\/","name":"Tramp\u00d4forest Park La qu\u00eate du druide","isPartOf":{"@id":"https:\/\/www.foretadrenaline.com\/vannes\/#website"},"primaryImageOfPage":{"@id":"https:\/\/www.foretadrenaline.com\/vannes\/trampoforest-park-la-quete-du-druide\/#primaryimage"},"image":{"@id":"https:\/\/www.foretadrenaline.com\/vannes\/trampoforest-park-la-quete-du-druide\/#primaryimage"},"thumbnailUrl":"https:\/\/www.foretadrenaline.com\/vannes\/wp-content\/uploads\/sites\/6\/2026\/04\/Zone-pique-nique-2.png","datePublished":"2026-04-09T15:08:28+00:00","dateModified":"2026-05-01T08:00:51+00:00","description":"Tramp\u00d4forest Park La qu\u00eate du druide Une qu\u00eate l\u00e9gendaire et surprenante, o\u00f9 la r\u00e9flexion et l'imagination sont la cl\u00e9 de la r\u00e9ussite!","breadcrumb":{"@id":"https:\/\/www.foretadrenaline.com\/vannes\/trampoforest-park-la-quete-du-druide\/#breadcrumb"},"inLanguage":"fr-FR","potentialAction":[{"@type":"ReadAction","target":["https:\/\/www.foretadrenaline.com\/vannes\/trampoforest-park-la-quete-du-druide\/"]}]},{"@type":"ImageObject","inLanguage":"fr-FR","@id":"https:\/\/www.foretadrenaline.com\/vannes\/trampoforest-park-la-quete-du-druide\/#primaryimage","url":"https:\/\/www.foretadrenaline.com\/vannes\/wp-content\/uploads\/sites\/6\/2026\/04\/Zone-pique-nique-2.png","contentUrl":"https:\/\/www.foretadrenaline.com\/vannes\/wp-content\/uploads\/sites\/6\/2026\/04\/Zone-pique-nique-2.png","width":2000,"height":1414},{"@type":"BreadcrumbList","@id":"https:\/\/www.foretadrenaline.com\/vannes\/trampoforest-park-la-quete-du-druide\/#breadcrumb","itemListElement":[{"@type":"ListItem","position":1,"name":"Accueil","item":"https:\/\/www.foretadrenaline.com\/vannes\/"},{"@type":"ListItem","position":2,"name":"Chasse au tr\u00e9sor: La qu\u00eate du druide"}]},{"@type":"WebSite","@id":"https:\/\/www.foretadrenaline.com\/vannes\/#website","url":"https:\/\/www.foretadrenaline.com\/vannes\/","name":"For\u00eat Adr\u00e9naline - Vannes","description":"","potentialAction":[{"@type":"SearchAction","target":{"@type":"EntryPoint","urlTemplate":"https:\/\/www.foretadrenaline.com\/vannes\/?s={search_term_string}"},"query-input":{"@type":"PropertyValueSpecification","valueRequired":true,"valueName":"search_term_string"}}],"inLanguage":"fr-FR"}]}},"_links":{"self":[{"href":"https:\/\/www.foretadrenaline.com\/vannes\/wp-json\/wp\/v2\/pages\/176","targetHints":{"allow":["GET"]}}],"collection":[{"href":"https:\/\/www.foretadrenaline.com\/vannes\/wp-json\/wp\/v2\/pages"}],"about":[{"href":"https:\/\/www.foretadrenaline.com\/vannes\/wp-json\/wp\/v2\/types\/page"}],"author":[{"embeddable":true,"href":"https:\/\/www.foretadrenaline.com\/vannes\/wp-json\/wp\/v2\/users\/2"}],"replies":[{"embeddable":true,"href":"https:\/\/www.foretadrenaline.com\/vannes\/wp-json\/wp\/v2\/comments?post=176"}],"version-history":[{"count":7,"href":"https:\/\/www.foretadrenaline.com\/vannes\/wp-json\/wp\/v2\/pages\/176\/revisions"}],"predecessor-version":[{"id":558,"href":"https:\/\/www.foretadrenaline.com\/vannes\/wp-json\/wp\/v2\/pages\/176\/revisions\/558"}],"wp:featuredmedia":[{"embeddable":true,"href":"https:\/\/www.foretadrenaline.com\/vannes\/wp-json\/wp\/v2\/media\/166"}],"wp:attachment":[{"href":"https:\/\/www.foretadrenaline.com\/vannes\/wp-json\/wp\/v2\/media?parent=176"}],"curies":[{"name":"wp","href":"https:\/\/api.w.org\/{rel}","templated":true}]}}